{"id":335458,"date":"2024-06-18T11:45:58","date_gmt":"2024-06-18T09:45:58","guid":{"rendered":"https:\/\/klimavex.eu\/sk\/?page_id=335458"},"modified":"2025-03-17T08:58:41","modified_gmt":"2025-03-17T07:58:41","slug":"dopyt-vent","status":"publish","type":"page","link":"https:\/\/klimavex.eu\/sk\/dopyt-vent\/","title":{"rendered":"Porad\u00edme V\u00e1m s v\u00fdberom \u2013 Ventil\u00e1tor"},"content":{"rendered":"\t\t<div data-elementor-type=\"wp-page\" data-elementor-id=\"335458\" class=\"elementor elementor-335458\" data-elementor-post-type=\"page\">\n\t\t\t\t<div class=\"wd-negative-gap elementor-element elementor-element-f408b95 e-flex e-con-boxed e-con e-parent\" data-id=\"f408b95\" data-element_type=\"container\">\n\t\t\t\t\t<div class=\"e-con-inner\">\n\t\t<div class=\"elementor-element elementor-element-36f5d40 e-con-full e-flex e-con e-child\" data-id=\"36f5d40\" data-element_type=\"container\" data-settings=\"{&quot;background_background&quot;:&quot;classic&quot;}\">\n\t\t\t\t<div class=\"elementor-element elementor-element-e6b2f0b elementor-widget elementor-widget-heading\" data-id=\"e6b2f0b\" data-element_type=\"widget\" data-widget_type=\"heading.default\">\n\t\t\t\t<div class=\"elementor-widget-container\">\n\t\t\t<h4 class=\"elementor-heading-title elementor-size-default\">CENOV\u00c1 KALKUL\u00c1CIA<\/h4>\t\t<\/div>\n\t\t\t\t<\/div>\n\t\t\t\t<div class=\"elementor-element elementor-element-b806390 elementor-widget elementor-widget-heading\" data-id=\"b806390\" data-element_type=\"widget\" data-widget_type=\"heading.default\">\n\t\t\t\t<div class=\"elementor-widget-container\">\n\t\t\t<h5 class=\"elementor-heading-title elementor-size-default\">ktor\u00fa si prisp\u00f4sob\u00edte presne pod\u013ea svojich predst\u00e1v.<br><b>Pros\u00edm vypl\u0148te \u00fadaje uveden\u00e9 v sprievodcovi a n\u00e1sledne V\u00e1s budeme kontaktova\u0165.<\/h5>\t\t<\/div>\n\t\t\t\t<\/div>\n\t\t\t\t<div class=\"elementor-element elementor-element-b762450 elementor-widget-divider--separator-type-pattern elementor-widget-divider--view-line elementor-widget elementor-widget-divider\" data-id=\"b762450\" data-element_type=\"widget\" data-widget_type=\"divider.default\">\n\t\t\t\t<div class=\"elementor-widget-container\">\n\t\t\t\t\t<div class=\"elementor-divider\" style=\"--divider-pattern-url: url(&quot;data:image\/svg+xml,%3Csvg xmlns=&#039;http:\/\/www.w3.org\/2000\/svg&#039; preserveAspectRatio=&#039;none&#039; overflow=&#039;visible&#039; height=&#039;100%&#039; viewBox=&#039;0 0 24 24&#039; fill=&#039;black&#039; stroke=&#039;none&#039;%3E%3Cpolygon points=&#039;9.4,2 24,2 14.6,21.6 0,21.6&#039;\/%3E%3C\/svg%3E&quot;);\">\n\t\t\t<span class=\"elementor-divider-separator\">\n\t\t\t\t\t\t<\/span>\n\t\t<\/div>\n\t\t\t\t<\/div>\n\t\t\t\t<\/div>\n\t\t\t\t<div class=\"elementor-element elementor-element-7941d52 elementor-button-align-stretch elementor-widget elementor-widget-form\" data-id=\"7941d52\" data-element_type=\"widget\" data-settings=\"{&quot;step_next_label&quot;:&quot;\\u010eal\\u0161ie&quot;,&quot;step_previous_label&quot;:&quot;Predo\\u0161l\\u00e9&quot;,&quot;step_type&quot;:&quot;progress_bar&quot;,&quot;button_width&quot;:&quot;100&quot;}\" data-widget_type=\"form.default\">\n\t\t\t\t<div class=\"elementor-widget-container\">\n\t\t\t\t\t<form class=\"elementor-form\" method=\"post\" name=\"New Form\">\n\t\t\t<input type=\"hidden\" name=\"post_id\" value=\"335458\"\/>\n\t\t\t<input type=\"hidden\" name=\"form_id\" value=\"7941d52\"\/>\n\t\t\t<input type=\"hidden\" name=\"referer_title\" value=\"KLIMAVEX GROUP &#8211; Slovensko\" \/>\n\n\t\t\t\n\t\t\t<div class=\"elementor-form-fields-wrapper elementor-labels-above\">\n\t\t\t\t\t\t\t\t<div class=\"elementor-field-type-step elementor-field-group elementor-column elementor-field-group-field_6606735 elementor-col-100\">\n\t\t\t\t\t\t\t<div class=\"e-field-step elementor-hidden\" data-label=\"\" data-previousButton=\"\" data-nextButton=\"Pokra\u010dova\u0165\" data-iconUrl=\"\" data-iconLibrary=\"fas fa-star\" data-icon=\"&lt;svg class=&quot;e-font-icon-svg e-fas-star&quot; viewBox=&quot;0 0 576 512&quot; xmlns=&quot;http:\/\/www.w3.org\/2000\/svg&quot;&gt;&lt;path d=&quot;M259.3 17.8L194 150.2 47.9 171.5c-26.2 3.8-36.7 36.1-17.7 54.6l105.7 103-25 145.5c-4.5 26.3 23.2 46 46.4 33.7L288 439.6l130.7 68.7c23.2 12.2 50.9-7.4 46.4-33.7l-25-145.5 105.7-103c19-18.5 8.5-50.8-17.7-54.6L382 150.2 316.7 17.8c-11.7-23.6-45.6-23.9-57.4 0z&quot;&gt;&lt;\/path&gt;&lt;\/svg&gt;\" ><\/div>\n\n\t\t\t\t\t\t<\/div>\n\t\t\t\t\t\t\t\t<div class=\"elementor-field-type-html elementor-field-group elementor-column elementor-field-group-field_7249a39 elementor-col-50\">\n\t\t\t\t\t<h2><span style=\"color:#212121;\"><strong>Typ pou\u017eitia:<\/strong><\/span><\/h2>\n<figure class=\"image image_resized image-style-align-left\" style=\"width:50.21%;\"><img fetchpriority=\"high\" decoding=\"async\" style=\"aspect-ratio:648\/648;\" src=\"https:\/\/klimavex.eu\/sk\/wp-content\/uploads\/2024\/06\/VENT-1_13_11zon.png\" width=\"648\" height=\"648\"><\/figure>\t\t\t\t<\/div>\n\t\t\t\t\t\t\t\t<div class=\"elementor-field-type-radio elementor-field-group elementor-column elementor-field-group-field_de4a319 elementor-col-50 elementor-field-required elementor-mark-required\">\n\t\t\t\t\t<div class=\"elementor-field-subgroup  \"><span class=\"elementor-field-option\"><input type=\"radio\" value=\"Reziden\u010dn\u00e9\" id=\"form-field-field_de4a319-0\" name=\"form_fields[field_de4a319]\" required=\"required\" aria-required=\"true\"> <label for=\"form-field-field_de4a319-0\">Reziden\u010dn\u00e9<\/label><\/span><span class=\"elementor-field-option\"><input type=\"radio\" value=\"Komer\u010dn\u00e9\" id=\"form-field-field_de4a319-1\" name=\"form_fields[field_de4a319]\" required=\"required\" aria-required=\"true\"> <label for=\"form-field-field_de4a319-1\">Komer\u010dn\u00e9<\/label><\/span><span class=\"elementor-field-option\"><input type=\"radio\" value=\"Priemyseln\u00e9\" id=\"form-field-field_de4a319-2\" name=\"form_fields[field_de4a319]\" required=\"required\" aria-required=\"true\"> <label for=\"form-field-field_de4a319-2\">Priemyseln\u00e9<\/label><\/span><\/div>\t\t\t\t<\/div>\n\t\t\t\t\t\t\t\t<div class=\"elementor-field-type-step elementor-field-group elementor-column elementor-field-group-field_8bc98c9 elementor-col-100\">\n\t\t\t\t\t\t\t<div class=\"e-field-step elementor-hidden\" data-label=\"\" data-previousButton=\"\" data-nextButton=\"\" data-iconUrl=\"\" data-iconLibrary=\"fas fa-star\" data-icon=\"&lt;svg class=&quot;e-font-icon-svg e-fas-star&quot; viewBox=&quot;0 0 576 512&quot; xmlns=&quot;http:\/\/www.w3.org\/2000\/svg&quot;&gt;&lt;path d=&quot;M259.3 17.8L194 150.2 47.9 171.5c-26.2 3.8-36.7 36.1-17.7 54.6l105.7 103-25 145.5c-4.5 26.3 23.2 46 46.4 33.7L288 439.6l130.7 68.7c23.2 12.2 50.9-7.4 46.4-33.7l-25-145.5 105.7-103c19-18.5 8.5-50.8-17.7-54.6L382 150.2 316.7 17.8c-11.7-23.6-45.6-23.9-57.4 0z&quot;&gt;&lt;\/path&gt;&lt;\/svg&gt;\" ><\/div>\n\n\t\t\t\t\t\t<\/div>\n\t\t\t\t\t\t\t\t<div class=\"elementor-field-type-html elementor-field-group elementor-column elementor-field-group-field_e130fea elementor-col-50\">\n\t\t\t\t\t<h2><span style=\"color:#212121;\"><strong> Typ odvetr\u00e1van\u00e9ho priestoru:<\/strong><\/span><\/h2>\n<figure class=\"image image_resized image-style-align-left\" style=\"width:50.21%;\"><img decoding=\"async\" style=\"aspect-ratio:648\/648;\" src=\"https:\/\/klimavex.eu\/sk\/wp-content\/uploads\/2024\/06\/VENT-2_12_11zon.png\" width=\"648\" height=\"648\"><\/figure>\t\t\t\t<\/div>\n\t\t\t\t\t\t\t\t<div class=\"elementor-field-type-checkbox elementor-field-group elementor-column elementor-field-group-field_e6675cc elementor-col-20\">\n\t\t\t\t\t<div class=\"elementor-field-subgroup  \"><span class=\"elementor-field-option\"><input type=\"checkbox\" value=\"WC\" id=\"form-field-field_e6675cc-0\" name=\"form_fields[field_e6675cc][]\"> <label for=\"form-field-field_e6675cc-0\">WC<\/label><\/span><span class=\"elementor-field-option\"><input type=\"checkbox\" value=\"K\u00fape\u013e\u0148a\" id=\"form-field-field_e6675cc-1\" name=\"form_fields[field_e6675cc][]\"> <label for=\"form-field-field_e6675cc-1\">K\u00fape\u013e\u0148a<\/label><\/span><span class=\"elementor-field-option\"><input type=\"checkbox\" value=\"Kuchy\u0148a\" id=\"form-field-field_e6675cc-2\" name=\"form_fields[field_e6675cc][]\"> <label for=\"form-field-field_e6675cc-2\">Kuchy\u0148a<\/label><\/span><span class=\"elementor-field-option\"><input type=\"checkbox\" value=\"In\u00e9\" id=\"form-field-field_e6675cc-3\" name=\"form_fields[field_e6675cc][]\"> <label for=\"form-field-field_e6675cc-3\">In\u00e9<\/label><\/span><\/div>\t\t\t\t<\/div>\n\t\t\t\t\t\t\t\t<div class=\"elementor-field-type-text elementor-field-group elementor-column elementor-field-group-field_1865771 elementor-col-30\">\n\t\t\t\t\t\t\t\t\t\t\t\t\t<input size=\"1\" type=\"text\" name=\"form_fields[field_1865771]\" id=\"form-field-field_1865771\" class=\"elementor-field elementor-size-sm  elementor-field-textual\" placeholder=\"Pros\u00edm zadajte \u00fa\u010del vyu\u017eitia\">\n\t\t\t\t\t\t\t\t\t\t\t<\/div>\n\t\t\t\t\t\t\t\t<div class=\"elementor-field-type-step elementor-field-group elementor-column elementor-field-group-field_431cd5d elementor-col-100\">\n\t\t\t\t\t\t\t<div class=\"e-field-step elementor-hidden\" data-label=\"\" data-previousButton=\"\" data-nextButton=\"\" data-iconUrl=\"\" data-iconLibrary=\"fas fa-star\" data-icon=\"&lt;svg class=&quot;e-font-icon-svg e-fas-star&quot; viewBox=&quot;0 0 576 512&quot; xmlns=&quot;http:\/\/www.w3.org\/2000\/svg&quot;&gt;&lt;path d=&quot;M259.3 17.8L194 150.2 47.9 171.5c-26.2 3.8-36.7 36.1-17.7 54.6l105.7 103-25 145.5c-4.5 26.3 23.2 46 46.4 33.7L288 439.6l130.7 68.7c23.2 12.2 50.9-7.4 46.4-33.7l-25-145.5 105.7-103c19-18.5 8.5-50.8-17.7-54.6L382 150.2 316.7 17.8c-11.7-23.6-45.6-23.9-57.4 0z&quot;&gt;&lt;\/path&gt;&lt;\/svg&gt;\" ><\/div>\n\n\t\t\t\t\t\t<\/div>\n\t\t\t\t\t\t\t\t<div class=\"elementor-field-type-html elementor-field-group elementor-column elementor-field-group-field_0f26002 elementor-col-50\">\n\t\t\t\t\t<h2><span style=\"color:#212121;\"><strong>Chcem V\u00e1m slovne poskytn\u00fa\u0165 detailnej\u0161ie inform\u00e1cie:<\/strong><\/span><\/h2>\n<figure class=\"image image_resized image-style-align-left\" style=\"width:50.21%;\"><img decoding=\"async\" style=\"aspect-ratio:648\/648;\" src=\"https:\/\/klimavex.eu\/sk\/wp-content\/uploads\/2025\/03\/1741165549367000.png\" width=\"648\" height=\"648\"><\/figure>\t\t\t\t<\/div>\n\t\t\t\t\t\t\t\t<div class=\"elementor-field-type-text elementor-field-group elementor-column elementor-field-group-field_7ad78a5 elementor-col-50\">\n\t\t\t\t\t\t\t\t\t\t\t\t\t<input size=\"1\" type=\"text\" name=\"form_fields[field_7ad78a5]\" id=\"form-field-field_7ad78a5\" class=\"elementor-field elementor-size-sm  elementor-field-textual\" placeholder=\"Pridajte pozn\u00e1mku\">\n\t\t\t\t\t\t\t\t\t\t\t<\/div>\n\t\t\t\t\t\t\t\t<div class=\"elementor-field-type-step elementor-field-group elementor-column elementor-field-group-field_71ca63d elementor-col-100\">\n\t\t\t\t\t\t\t<div class=\"e-field-step elementor-hidden\" data-label=\"\" data-previousButton=\"\" data-nextButton=\"\" data-iconUrl=\"\" data-iconLibrary=\"fas fa-star\" data-icon=\"&lt;svg class=&quot;e-font-icon-svg e-fas-star&quot; viewBox=&quot;0 0 576 512&quot; xmlns=&quot;http:\/\/www.w3.org\/2000\/svg&quot;&gt;&lt;path d=&quot;M259.3 17.8L194 150.2 47.9 171.5c-26.2 3.8-36.7 36.1-17.7 54.6l105.7 103-25 145.5c-4.5 26.3 23.2 46 46.4 33.7L288 439.6l130.7 68.7c23.2 12.2 50.9-7.4 46.4-33.7l-25-145.5 105.7-103c19-18.5 8.5-50.8-17.7-54.6L382 150.2 316.7 17.8c-11.7-23.6-45.6-23.9-57.4 0z&quot;&gt;&lt;\/path&gt;&lt;\/svg&gt;\" ><\/div>\n\n\t\t\t\t\t\t<\/div>\n\t\t\t\t\t\t\t\t<div class=\"elementor-field-type-html elementor-field-group elementor-column elementor-field-group-field_b29b9aa elementor-col-100\">\n\t\t\t\t\t<h2><span style=\"color:#212121;\"><strong> Chcem z\u00edska\u0165 odborn\u00fd n\u00e1vrh ZADARMO a NEZ\u00c1V\u00c4ZNE, a preto vypln\u00edm svoje kontaktn\u00e9 \u00fadaje:<\/strong><\/span><\/h2>\t\t\t\t<\/div>\n\t\t\t\t\t\t\t\t<div class=\"elementor-field-type-text elementor-field-group elementor-column elementor-field-group-field_38e9505 elementor-col-100 elementor-field-required elementor-mark-required\">\n\t\t\t\t\t\t\t\t\t\t\t\t<label for=\"form-field-field_38e9505\" class=\"elementor-field-label\">\n\t\t\t\t\t\t\t\tMeno a priezvisko\t\t\t\t\t\t\t<\/label>\n\t\t\t\t\t\t\t\t\t\t\t\t\t\t<input size=\"1\" type=\"text\" name=\"form_fields[field_38e9505]\" id=\"form-field-field_38e9505\" class=\"elementor-field elementor-size-sm  elementor-field-textual\" required=\"required\" aria-required=\"true\">\n\t\t\t\t\t\t\t\t\t\t\t<\/div>\n\t\t\t\t\t\t\t\t<div class=\"elementor-field-type-email elementor-field-group elementor-column elementor-field-group-field_656313a elementor-col-100 elementor-field-required elementor-mark-required\">\n\t\t\t\t\t\t\t\t\t\t\t\t<label for=\"form-field-field_656313a\" class=\"elementor-field-label\">\n\t\t\t\t\t\t\t\tEmailov\u00e1 adresa\t\t\t\t\t\t\t<\/label>\n\t\t\t\t\t\t\t\t\t\t\t\t\t\t<input size=\"1\" type=\"email\" name=\"form_fields[field_656313a]\" id=\"form-field-field_656313a\" class=\"elementor-field elementor-size-sm  elementor-field-textual\" required=\"required\" aria-required=\"true\">\n\t\t\t\t\t\t\t\t\t\t\t<\/div>\n\t\t\t\t\t\t\t\t<div class=\"elementor-field-type-tel elementor-field-group elementor-column elementor-field-group-field_74ddbc2 elementor-col-100 elementor-field-required elementor-mark-required\">\n\t\t\t\t\t\t\t\t\t\t\t\t<label for=\"form-field-field_74ddbc2\" class=\"elementor-field-label\">\n\t\t\t\t\t\t\t\tTelef\u00f3n\t\t\t\t\t\t\t<\/label>\n\t\t\t\t\t\t\t\t<input size=\"1\" type=\"tel\" name=\"form_fields[field_74ddbc2]\" id=\"form-field-field_74ddbc2\" class=\"elementor-field elementor-size-sm  elementor-field-textual\" required=\"required\" aria-required=\"true\" pattern=\"[0-9()#&amp;+*-=.]+\" title=\"Pros\u00ed zad\u00e1vajte iba \u010d\u00edsla alebo tieto znaky #, -, *,\">\n\n\t\t\t\t\t\t<\/div>\n\t\t\t\t\t\t\t\t<div class=\"elementor-field-type-text elementor-field-group elementor-column elementor-field-group-field_6b26159 elementor-col-100 elementor-field-required elementor-mark-required\">\n\t\t\t\t\t\t\t\t\t\t\t\t<label for=\"form-field-field_6b26159\" class=\"elementor-field-label\">\n\t\t\t\t\t\t\t\tMesto\t\t\t\t\t\t\t<\/label>\n\t\t\t\t\t\t\t\t\t\t\t\t\t\t<input size=\"1\" type=\"text\" name=\"form_fields[field_6b26159]\" id=\"form-field-field_6b26159\" class=\"elementor-field elementor-size-sm  elementor-field-textual\" required=\"required\" aria-required=\"true\">\n\t\t\t\t\t\t\t\t\t\t\t<\/div>\n\t\t\t\t\t\t\t\t<div class=\"elementor-field-type-text elementor-field-group elementor-column elementor-field-group-field_1e8b9d3 elementor-col-100 elementor-field-required elementor-mark-required\">\n\t\t\t\t\t\t\t\t\t\t\t\t<label for=\"form-field-field_1e8b9d3\" class=\"elementor-field-label\">\n\t\t\t\t\t\t\t\tUlica\t\t\t\t\t\t\t<\/label>\n\t\t\t\t\t\t\t\t\t\t\t\t\t\t<input size=\"1\" type=\"text\" name=\"form_fields[field_1e8b9d3]\" id=\"form-field-field_1e8b9d3\" class=\"elementor-field elementor-size-sm  elementor-field-textual\" required=\"required\" aria-required=\"true\">\n\t\t\t\t\t\t\t\t\t\t\t<\/div>\n\t\t\t\t\t\t\t\t<div class=\"elementor-field-type-text elementor-field-group elementor-column elementor-field-group-field_7fdd6ce elementor-col-100 elementor-field-required elementor-mark-required\">\n\t\t\t\t\t\t\t\t\t\t\t\t<label for=\"form-field-field_7fdd6ce\" class=\"elementor-field-label\">\n\t\t\t\t\t\t\t\tPS\u010c\t\t\t\t\t\t\t<\/label>\n\t\t\t\t\t\t\t\t\t\t\t\t\t\t<input size=\"1\" type=\"text\" name=\"form_fields[field_7fdd6ce]\" id=\"form-field-field_7fdd6ce\" class=\"elementor-field elementor-size-sm  elementor-field-textual\" required=\"required\" aria-required=\"true\">\n\t\t\t\t\t\t\t\t\t\t\t<\/div>\n\t\t\t\t\t\t\t\t<div class=\"elementor-field-type-acceptance elementor-field-group elementor-column elementor-field-group-field_9f42407 elementor-col-100 elementor-field-required elementor-mark-required\">\n\t\t\t\t\t\t\t<div class=\"elementor-field-subgroup\">\n\t\t\t<span class=\"elementor-field-option\">\n\t\t\t\t<input type=\"checkbox\" name=\"form_fields[field_9f42407]\" id=\"form-field-field_9f42407\" class=\"elementor-field elementor-size-sm  elementor-acceptance-field\" required=\"required\" aria-required=\"true\">\n\t\t\t\t<label for=\"form-field-field_9f42407\">*S\u00fahlas so spracovan\u00edm osobn\u00fdch \u00fadajov za \u00fa\u010delom zasielania pon\u00fak obchodu tovaru a slu\u017eieb.<\/label>\t\t\t<\/span>\n\t\t<\/div>\n\t\t\t\t\t\t<\/div>\n\t\t\t\t\t\t\t\t<div class=\"elementor-field-group elementor-column elementor-field-type-submit elementor-col-100 e-form__buttons\">\n\t\t\t\t\t<button class=\"elementor-button elementor-size-sm\" type=\"submit\">\n\t\t\t\t\t\t<span class=\"elementor-button-content-wrapper\">\n\t\t\t\t\t\t\t\t\t\t\t\t\t\t\t\t\t\t\t\t\t\t<span class=\"elementor-button-text\">Posla\u0165<\/span>\n\t\t\t\t\t\t\t\t\t\t\t\t\t<\/span>\n\t\t\t\t\t<\/button>\n\t\t\t\t<\/div>\n\t\t\t<\/div>\n\t\t<\/form>\n\t\t\t\t<\/div>\n\t\t\t\t<\/div>\n\t\t\t\t<\/div>\n\t\t\t\t\t<\/div>\n\t\t\t\t<\/div>\n\t\t\t\t<\/div>\n\t\t","protected":false},"excerpt":{"rendered":"<p>CENOV\u00c1 KALKUL\u00c1CIA ktor\u00fa si prisp\u00f4sob\u00edte presne pod\u013ea svojich predst\u00e1v.Pros\u00edm vypl\u0148te \u00fadaje uveden\u00e9 v sprievodcovi a n\u00e1sledne V\u00e1s budeme kontaktova\u0165.<\/p>\n","protected":false},"author":1,"featured_media":0,"parent":0,"menu_order":0,"comment_status":"closed","ping_status":"closed","template":"","meta":{"footnotes":""},"class_list":["post-335458","page","type-page","status-publish","hentry"],"yoast_head":"<!-- This site is optimized with the Yoast SEO plugin v23.9 - https:\/\/yoast.com\/wordpress\/plugins\/seo\/ -->\n<title>Porad\u00edme V\u00e1m s v\u00fdberom \u2013 Ventil\u00e1tor - KLIMAVEX GROUP - Slovensko<\/title>\n<meta name=\"description\" content=\"Neviete, ako si vybra\u0165 ventil\u00e1tor? N\u00e1\u0161 sprievodca v\u00e1m to u\u013eah\u010d\u00ed. Sta\u010d\u00ed tu vyplni\u0165, \u010do od neho chcete, a n\u00e1\u0161 \u0161pecialista sa v\u00e1m ozve.\" \/>\n<meta name=\"robots\" content=\"index, follow, max-snippet:-1, max-image-preview:large, max-video-preview:-1\" \/>\n<link rel=\"canonical\" href=\"https:\/\/klimavex.eu\/sk\/dopyt-vent\/\" \/>\n<meta property=\"og:locale\" content=\"sk_SK\" \/>\n<meta property=\"og:type\" content=\"article\" \/>\n<meta property=\"og:title\" content=\"Porad\u00edme V\u00e1m s v\u00fdberom \u2013 Ventil\u00e1tor - KLIMAVEX GROUP - Slovensko\" \/>\n<meta property=\"og:description\" content=\"Neviete, ako si vybra\u0165 ventil\u00e1tor? N\u00e1\u0161 sprievodca v\u00e1m to u\u013eah\u010d\u00ed. Sta\u010d\u00ed tu vyplni\u0165, \u010do od neho chcete, a n\u00e1\u0161 \u0161pecialista sa v\u00e1m ozve.\" \/>\n<meta property=\"og:url\" content=\"https:\/\/klimavex.eu\/sk\/dopyt-vent\/\" \/>\n<meta property=\"og:site_name\" content=\"KLIMAVEX GROUP - Slovensko\" \/>\n<meta property=\"article:publisher\" content=\"https:\/\/www.facebook.com\/klimavex\" \/>\n<meta property=\"article:modified_time\" content=\"2025-03-17T07:58:41+00:00\" \/>\n<meta property=\"og:image\" content=\"https:\/\/klimavex.eu\/sk\/wp-content\/uploads\/2024\/02\/LOGO-KLIMAVEX-modra-kostka-1.png\" \/>\n\t<meta property=\"og:image:width\" content=\"9184\" \/>\n\t<meta property=\"og:image:height\" content=\"9184\" \/>\n\t<meta property=\"og:image:type\" content=\"image\/png\" \/>\n<meta name=\"twitter:card\" content=\"summary_large_image\" \/>\n<meta name=\"twitter:label1\" content=\"Predpokladan\u00fd \u010das \u010d\u00edtania\" \/>\n\t<meta name=\"twitter:data1\" content=\"1 min\u00fata\" \/>\n<script type=\"application\/ld+json\" class=\"yoast-schema-graph\">{\"@context\":\"https:\/\/schema.org\",\"@graph\":[{\"@type\":\"WebPage\",\"@id\":\"https:\/\/klimavex.eu\/sk\/dopyt-vent\/\",\"url\":\"https:\/\/klimavex.eu\/sk\/dopyt-vent\/\",\"name\":\"Porad\u00edme V\u00e1m s v\u00fdberom \u2013 Ventil\u00e1tor - KLIMAVEX GROUP - Slovensko\",\"isPartOf\":{\"@id\":\"https:\/\/klimavex.eu\/sk\/#website\"},\"datePublished\":\"2024-06-18T09:45:58+00:00\",\"dateModified\":\"2025-03-17T07:58:41+00:00\",\"description\":\"Neviete, ako si vybra\u0165 ventil\u00e1tor? N\u00e1\u0161 sprievodca v\u00e1m to u\u013eah\u010d\u00ed. Sta\u010d\u00ed tu vyplni\u0165, \u010do od neho chcete, a n\u00e1\u0161 \u0161pecialista sa v\u00e1m ozve.\",\"breadcrumb\":{\"@id\":\"https:\/\/klimavex.eu\/sk\/dopyt-vent\/#breadcrumb\"},\"inLanguage\":\"sk-SK\",\"potentialAction\":[{\"@type\":\"ReadAction\",\"target\":[\"https:\/\/klimavex.eu\/sk\/dopyt-vent\/\"]}]},{\"@type\":\"BreadcrumbList\",\"@id\":\"https:\/\/klimavex.eu\/sk\/dopyt-vent\/#breadcrumb\",\"itemListElement\":[{\"@type\":\"ListItem\",\"position\":1,\"name\":\"Domovsk\u00e1 str\u00e1nka\",\"item\":\"https:\/\/klimavex.eu\/sk\/\"},{\"@type\":\"ListItem\",\"position\":2,\"name\":\"Porad\u00edme V\u00e1m s v\u00fdberom \u2013 Ventil\u00e1tor\"}]},{\"@type\":\"WebSite\",\"@id\":\"https:\/\/klimavex.eu\/sk\/#website\",\"url\":\"https:\/\/klimavex.eu\/sk\/\",\"name\":\"KLIMAVEX GROUP - Slovensko\",\"description\":\"\",\"publisher\":{\"@id\":\"https:\/\/klimavex.eu\/sk\/#organization\"},\"alternateName\":\"KLIMAVEX a.s.\",\"potentialAction\":[{\"@type\":\"SearchAction\",\"target\":{\"@type\":\"EntryPoint\",\"urlTemplate\":\"https:\/\/klimavex.eu\/sk\/?s={search_term_string}\"},\"query-input\":{\"@type\":\"PropertyValueSpecification\",\"valueRequired\":true,\"valueName\":\"search_term_string\"}}],\"inLanguage\":\"sk-SK\"},{\"@type\":\"Organization\",\"@id\":\"https:\/\/klimavex.eu\/sk\/#organization\",\"name\":\"KLIMAVEX GROUP\",\"alternateName\":\"KLIMAVEX a.s.\",\"url\":\"https:\/\/klimavex.eu\/sk\/\",\"logo\":{\"@type\":\"ImageObject\",\"inLanguage\":\"sk-SK\",\"@id\":\"https:\/\/klimavex.eu\/sk\/#\/schema\/logo\/image\/\",\"url\":\"https:\/\/klimavex.eu\/sk\/wp-content\/uploads\/2024\/04\/Klimavex-Group-logo.png\",\"contentUrl\":\"https:\/\/klimavex.eu\/sk\/wp-content\/uploads\/2024\/04\/Klimavex-Group-logo.png\",\"width\":1681,\"height\":472,\"caption\":\"KLIMAVEX GROUP\"},\"image\":{\"@id\":\"https:\/\/klimavex.eu\/sk\/#\/schema\/logo\/image\/\"},\"sameAs\":[\"https:\/\/www.facebook.com\/klimavex\",\"https:\/\/www.instagram.com\/klimavex_sk\/\"]}]}<\/script>\n<!-- \/ Yoast SEO plugin. -->","yoast_head_json":{"title":"Porad\u00edme V\u00e1m s v\u00fdberom \u2013 Ventil\u00e1tor - KLIMAVEX GROUP - Slovensko","description":"Neviete, ako si vybra\u0165 ventil\u00e1tor? N\u00e1\u0161 sprievodca v\u00e1m to u\u013eah\u010d\u00ed. Sta\u010d\u00ed tu vyplni\u0165, \u010do od neho chcete, a n\u00e1\u0161 \u0161pecialista sa v\u00e1m ozve.","robots":{"index":"index","follow":"follow","max-snippet":"max-snippet:-1","max-image-preview":"max-image-preview:large","max-video-preview":"max-video-preview:-1"},"canonical":"https:\/\/klimavex.eu\/sk\/dopyt-vent\/","og_locale":"sk_SK","og_type":"article","og_title":"Porad\u00edme V\u00e1m s v\u00fdberom \u2013 Ventil\u00e1tor - KLIMAVEX GROUP - Slovensko","og_description":"Neviete, ako si vybra\u0165 ventil\u00e1tor? N\u00e1\u0161 sprievodca v\u00e1m to u\u013eah\u010d\u00ed. Sta\u010d\u00ed tu vyplni\u0165, \u010do od neho chcete, a n\u00e1\u0161 \u0161pecialista sa v\u00e1m ozve.","og_url":"https:\/\/klimavex.eu\/sk\/dopyt-vent\/","og_site_name":"KLIMAVEX GROUP - Slovensko","article_publisher":"https:\/\/www.facebook.com\/klimavex","article_modified_time":"2025-03-17T07:58:41+00:00","og_image":[{"width":9184,"height":9184,"url":"https:\/\/klimavex.eu\/sk\/wp-content\/uploads\/2024\/02\/LOGO-KLIMAVEX-modra-kostka-1.png","type":"image\/png"}],"twitter_card":"summary_large_image","twitter_misc":{"Predpokladan\u00fd \u010das \u010d\u00edtania":"1 min\u00fata"},"schema":{"@context":"https:\/\/schema.org","@graph":[{"@type":"WebPage","@id":"https:\/\/klimavex.eu\/sk\/dopyt-vent\/","url":"https:\/\/klimavex.eu\/sk\/dopyt-vent\/","name":"Porad\u00edme V\u00e1m s v\u00fdberom \u2013 Ventil\u00e1tor - KLIMAVEX GROUP - Slovensko","isPartOf":{"@id":"https:\/\/klimavex.eu\/sk\/#website"},"datePublished":"2024-06-18T09:45:58+00:00","dateModified":"2025-03-17T07:58:41+00:00","description":"Neviete, ako si vybra\u0165 ventil\u00e1tor? N\u00e1\u0161 sprievodca v\u00e1m to u\u013eah\u010d\u00ed. Sta\u010d\u00ed tu vyplni\u0165, \u010do od neho chcete, a n\u00e1\u0161 \u0161pecialista sa v\u00e1m ozve.","breadcrumb":{"@id":"https:\/\/klimavex.eu\/sk\/dopyt-vent\/#breadcrumb"},"inLanguage":"sk-SK","potentialAction":[{"@type":"ReadAction","target":["https:\/\/klimavex.eu\/sk\/dopyt-vent\/"]}]},{"@type":"BreadcrumbList","@id":"https:\/\/klimavex.eu\/sk\/dopyt-vent\/#breadcrumb","itemListElement":[{"@type":"ListItem","position":1,"name":"Domovsk\u00e1 str\u00e1nka","item":"https:\/\/klimavex.eu\/sk\/"},{"@type":"ListItem","position":2,"name":"Porad\u00edme V\u00e1m s v\u00fdberom \u2013 Ventil\u00e1tor"}]},{"@type":"WebSite","@id":"https:\/\/klimavex.eu\/sk\/#website","url":"https:\/\/klimavex.eu\/sk\/","name":"KLIMAVEX GROUP - Slovensko","description":"","publisher":{"@id":"https:\/\/klimavex.eu\/sk\/#organization"},"alternateName":"KLIMAVEX a.s.","potentialAction":[{"@type":"SearchAction","target":{"@type":"EntryPoint","urlTemplate":"https:\/\/klimavex.eu\/sk\/?s={search_term_string}"},"query-input":{"@type":"PropertyValueSpecification","valueRequired":true,"valueName":"search_term_string"}}],"inLanguage":"sk-SK"},{"@type":"Organization","@id":"https:\/\/klimavex.eu\/sk\/#organization","name":"KLIMAVEX GROUP","alternateName":"KLIMAVEX a.s.","url":"https:\/\/klimavex.eu\/sk\/","logo":{"@type":"ImageObject","inLanguage":"sk-SK","@id":"https:\/\/klimavex.eu\/sk\/#\/schema\/logo\/image\/","url":"https:\/\/klimavex.eu\/sk\/wp-content\/uploads\/2024\/04\/Klimavex-Group-logo.png","contentUrl":"https:\/\/klimavex.eu\/sk\/wp-content\/uploads\/2024\/04\/Klimavex-Group-logo.png","width":1681,"height":472,"caption":"KLIMAVEX GROUP"},"image":{"@id":"https:\/\/klimavex.eu\/sk\/#\/schema\/logo\/image\/"},"sameAs":["https:\/\/www.facebook.com\/klimavex","https:\/\/www.instagram.com\/klimavex_sk\/"]}]}},"_links":{"self":[{"href":"https:\/\/klimavex.eu\/sk\/wp-json\/wp\/v2\/pages\/335458","targetHints":{"allow":["GET"]}}],"collection":[{"href":"https:\/\/klimavex.eu\/sk\/wp-json\/wp\/v2\/pages"}],"about":[{"href":"https:\/\/klimavex.eu\/sk\/wp-json\/wp\/v2\/types\/page"}],"author":[{"embeddable":true,"href":"https:\/\/klimavex.eu\/sk\/wp-json\/wp\/v2\/users\/1"}],"replies":[{"embeddable":true,"href":"https:\/\/klimavex.eu\/sk\/wp-json\/wp\/v2\/comments?post=335458"}],"version-history":[{"count":0,"href":"https:\/\/klimavex.eu\/sk\/wp-json\/wp\/v2\/pages\/335458\/revisions"}],"wp:attachment":[{"href":"https:\/\/klimavex.eu\/sk\/wp-json\/wp\/v2\/media?parent=335458"}],"curies":[{"name":"wp","href":"https:\/\/api.w.org\/{rel}","templated":true}]}}