{"id":357607,"date":"2025-06-16T15:56:43","date_gmt":"2025-06-16T13:56:43","guid":{"rendered":"https:\/\/klimavex.eu\/sk\/?page_id=357607"},"modified":"2025-06-16T16:28:54","modified_gmt":"2025-06-16T14:28:54","slug":"tekno-point","status":"publish","type":"page","link":"https:\/\/klimavex.eu\/sk\/tekno-point\/","title":{"rendered":"TEKNO POINT"},"content":{"rendered":"\t\t<div data-elementor-type=\"wp-page\" data-elementor-id=\"357607\" class=\"elementor elementor-357607\" data-elementor-post-type=\"page\">\n\t\t\t\t\t\t<section class=\"wd-negative-gap elementor-section elementor-top-section elementor-element elementor-element-56d7dcd elementor-section-boxed elementor-section-height-default elementor-section-height-default\" data-id=\"56d7dcd\" data-element_type=\"section\">\n\t\t\t\t\t\t\t<div class=\"elementor-background-overlay\"><\/div>\n\t\t\t\t\t\t\t<div class=\"elementor-container elementor-column-gap-default\">\n\t\t\t\t\t<div class=\"elementor-column elementor-col-100 elementor-top-column elementor-element elementor-element-6e758abf\" data-id=\"6e758abf\" data-element_type=\"column\" data-settings=\"{&quot;background_background&quot;:&quot;classic&quot;}\">\n\t\t\t<div class=\"elementor-widget-wrap elementor-element-populated\">\n\t\t\t\t\t\t<div class=\"elementor-element elementor-element-3b9df86 wd-width-100 elementor-widget elementor-widget-wd_title\" data-id=\"3b9df86\" data-element_type=\"widget\" data-widget_type=\"wd_title.default\">\n\t\t\t\t<div class=\"elementor-widget-container\">\n\t\t\t\t\t<div class=\"title-wrapper wd-set-mb reset-last-child wd-title-color-default wd-title-style-default wd-title-size-default text-center\">\n\n\t\t\t\n\t\t\t<div class=\"liner-continer\">\n\t\t\t\t<h4 class=\"woodmart-title-container title wd-fontsize-l\">NA\u0160I V\u00ddROBCOVIA<\/h4> \n\t\t\t\t\t\t\t<\/div>\n\n\t\t\t\t\t<\/div>\n\t\t\t\t<\/div>\n\t\t\t\t<\/div>\n\t\t\t\t<div class=\"elementor-element elementor-element-b6999fd elementor-widget-divider--separator-type-pattern elementor-widget-divider--view-line elementor-widget elementor-widget-divider\" data-id=\"b6999fd\" data-element_type=\"widget\" data-widget_type=\"divider.default\">\n\t\t\t\t<div class=\"elementor-widget-container\">\n\t\t\t\t\t<div class=\"elementor-divider\" style=\"--divider-pattern-url: url(&quot;data:image\/svg+xml,%3Csvg xmlns=&#039;http:\/\/www.w3.org\/2000\/svg&#039; preserveAspectRatio=&#039;none&#039; overflow=&#039;visible&#039; height=&#039;100%&#039; viewBox=&#039;0 0 24 24&#039; fill=&#039;black&#039; stroke=&#039;none&#039;%3E%3Cpolygon points=&#039;9.4,2 24,2 14.6,21.6 0,21.6&#039;\/%3E%3C\/svg%3E&quot;);\">\n\t\t\t<span class=\"elementor-divider-separator\">\n\t\t\t\t\t\t<\/span>\n\t\t<\/div>\n\t\t\t\t<\/div>\n\t\t\t\t<\/div>\n\t\t\t\t<section class=\"wd-negative-gap elementor-section elementor-inner-section elementor-element elementor-element-52096447 elementor-section-full_width elementor-section-content-middle elementor-section-height-default elementor-section-height-default\" data-id=\"52096447\" data-element_type=\"section\">\n\t\t\t\t\t\t<div class=\"elementor-container elementor-column-gap-no\">\n\t\t\t\t\t<div class=\"elementor-column elementor-col-100 elementor-inner-column elementor-element elementor-element-66fe8ac7\" data-id=\"66fe8ac7\" data-element_type=\"column\">\n\t\t\t<div class=\"elementor-widget-wrap elementor-element-populated\">\n\t\t\t\t\t\t<div class=\"elementor-element elementor-element-52dd1344 elementor-widget elementor-widget-image\" data-id=\"52dd1344\" data-element_type=\"widget\" data-widget_type=\"image.default\">\n\t\t\t\t<div class=\"elementor-widget-container\">\n\t\t\t\t\t\t\t\t\t\t\t\t\t<img fetchpriority=\"high\" decoding=\"async\" width=\"1024\" height=\"523\" src=\"https:\/\/klimavex.eu\/sk\/wp-content\/uploads\/2025\/06\/LOGO-TEKNO-POINT-1024x523.png\" class=\"attachment-large size-large wp-image-357613\" alt=\"\" srcset=\"https:\/\/klimavex.eu\/sk\/wp-content\/uploads\/2025\/06\/LOGO-TEKNO-POINT-1024x523.png 1024w, https:\/\/klimavex.eu\/sk\/wp-content\/uploads\/2025\/06\/LOGO-TEKNO-POINT-300x153.png 300w, https:\/\/klimavex.eu\/sk\/wp-content\/uploads\/2025\/06\/LOGO-TEKNO-POINT-768x392.png 768w, https:\/\/klimavex.eu\/sk\/wp-content\/uploads\/2025\/06\/LOGO-TEKNO-POINT-1536x785.png 1536w, https:\/\/klimavex.eu\/sk\/wp-content\/uploads\/2025\/06\/LOGO-TEKNO-POINT-2048x1046.png 2048w, https:\/\/klimavex.eu\/sk\/wp-content\/uploads\/2025\/06\/LOGO-TEKNO-POINT-20x10.png 20w, https:\/\/klimavex.eu\/sk\/wp-content\/uploads\/2025\/06\/LOGO-TEKNO-POINT-600x307.png 600w, https:\/\/klimavex.eu\/sk\/wp-content\/uploads\/2025\/06\/LOGO-TEKNO-POINT-150x77.png 150w\" sizes=\"(max-width: 1024px) 100vw, 1024px\" \/>\t\t\t\t\t\t\t\t\t\t\t\t\t<\/div>\n\t\t\t\t<\/div>\n\t\t\t\t<div class=\"elementor-element elementor-element-2646cef8 elementor-widget elementor-widget-heading\" data-id=\"2646cef8\" data-element_type=\"widget\" data-widget_type=\"heading.default\">\n\t\t\t\t<div class=\"elementor-widget-container\">\n\t\t\t<h2 class=\"elementor-heading-title elementor-size-default\">KLIMATIZ\u00c1CIE BEZ VIDITE\u013dNEJ VONKAJ\u0160EJ JEDNOTKY<\/h2>\t\t<\/div>\n\t\t\t\t<\/div>\n\t\t\t\t<div class=\"elementor-element elementor-element-1735cd19 elementor-widget elementor-widget-heading\" data-id=\"1735cd19\" data-element_type=\"widget\" data-widget_type=\"heading.default\">\n\t\t\t\t<div class=\"elementor-widget-container\">\n\t\t\t<h2 class=\"elementor-heading-title elementor-size-default\"><a href=\"\/sk\/eshop\/?filter_znacka=tekno-point\">Sortiment<\/a><\/h2>\t\t<\/div>\n\t\t\t\t<\/div>\n\t\t\t\t<div class=\"elementor-element elementor-element-79b528c color-scheme-inherit text-left elementor-widget elementor-widget-text-editor\" data-id=\"79b528c\" data-element_type=\"widget\" data-widget_type=\"text-editor.default\">\n\t\t\t\t<div class=\"elementor-widget-container\">\n\t\t\t\t\t\t\t<p>\u00a0<\/p><p>Od roku 1992 spolo\u010dnos\u0165 <strong>TEKNO POINT<\/strong> vyr\u00e1ba a syst\u00e9my klimatiz\u00e1cie, vykurovania a vetrania. S cie\u013eom poskytova\u0165 komfort a zlep\u0161ova\u0165 kvalitu \u017eivota vo v\u0161etk\u00fdch typoch priestorov, TEKNO POINT vyv\u00edja inovat\u00edvne rie\u0161enia klimatiz\u00e1cie, ktor\u00e9 s\u00fa vhodn\u00e9 pre historick\u00e9 budovy aj modern\u00e9 stavby.<\/p><p>Vst\u00fapte do sveta <strong>nevidite\u013enej<\/strong> <strong>klimatiz\u00e1cie<\/strong>. Klimatiza\u010dn\u00e9 jednotky s\u00e9rie Invisibili split a multisplit, predstavuj\u00fa modern\u00e9 rie\u0161enie zabezpe\u010denia tepeln\u00e9ho komfortu, pri zachovan\u00ed architektonickej estetiky v historick\u00fdch centr\u00e1ch miest alebo na hodnotn\u00fdch miestach, kde je zak\u00e1zan\u00e9 alebo nevhodn\u00e9 in\u0161talova\u0165 vonkaj\u0161iu jednotku na fas\u00e1du budovy.<\/p><p>Ide o jedine\u010dn\u00e9 rie\u0161enie klimatizovania priestorov formou split alebo multisplit syst\u00e9mu, pri ktorom sa <strong>nemen\u00ed vonkaj\u0161\u00ed vzh\u013ead budovy<\/strong>.<\/p><p>V\u010faka in\u0161tal\u00e1cii vonkaj\u0161ej jednotky do interi\u00e9ru, zost\u00e1va estetika vonkaj\u0161\u00edch fas\u00e1d nezmenen\u00e1, s minim\u00e1lnym alebo \u017eiadnym vizu\u00e1lnym dopadom.<\/p><p><span style=\"text-decoration: underline;\">K dispoz\u00edcii s\u00fa dve rie\u0161enia odvodu kondenza\u010dn\u00e9ho tepla:<\/span><\/p><ul><li><strong>syst\u00e9m ELFO vzduch-vzduch<\/strong>, pri\u010dom sa vonkaj\u0161ia jednotka prip\u00e1ja na vzduchov\u00e9 potrubie veden\u00e9 do exteri\u00e9ru, kde s\u00fa vidite\u013en\u00e9 len mrie\u017eky, \u010d\u00edm je zabezpe\u010den\u00fd minim\u00e1lny dopad na vzh\u013ead exteri\u00e9ru<\/li><li><strong>syst\u00e9m IDRA voda-vzduch<\/strong>, pri\u010dom sa vonkaj\u0161ia jednotka prip\u00e1ja na pr\u00edvod mestskej vody (tzn. \u017ee m\u00f4\u017ee by\u0165 umiestnen\u00e1 kdeko\u013evek v r\u00e1mci interi\u00e9ru), \u010d\u00edm je zabezpe\u010den\u00fd nulov\u00fd dopad na vzh\u013ead exteri\u00e9ru<\/li><\/ul>\t\t\t\t\t\t<\/div>\n\t\t\t\t<\/div>\n\t\t\t\t\t<\/div>\n\t\t<\/div>\n\t\t\t\t\t<\/div>\n\t\t<\/section>\n\t\t\t\t\t<\/div>\n\t\t<\/div>\n\t\t\t\t\t<\/div>\n\t\t<\/section>\n\t\t\t\t<\/div>\n\t\t","protected":false},"excerpt":{"rendered":"<p>NA\u0160I V\u00ddROBCOVIA KLIMATIZ\u00c1CIE BEZ VIDITE\u013dNEJ VONKAJ\u0160EJ JEDNOTKY Sortiment \u00a0 Od roku 1992 spolo\u010dnos\u0165 TEKNO POINT vyr\u00e1ba a syst\u00e9my klimatiz\u00e1cie, vykurovania<\/p>\n","protected":false},"author":3,"featured_media":0,"parent":0,"menu_order":0,"comment_status":"closed","ping_status":"closed","template":"","meta":{"footnotes":""},"class_list":["post-357607","page","type-page","status-publish","hentry"],"yoast_head":"<!-- This site is optimized with the Yoast SEO plugin v23.9 - https:\/\/yoast.com\/wordpress\/plugins\/seo\/ -->\n<title>TEKNO POINT - KLIMAVEX GROUP - Slovensko<\/title>\n<meta name=\"description\" content=\"S cie\u013eom poskytova\u0165 komfort vyv\u00edja TEKNO POINT inovat\u00edvne klimatiz\u00e1cie, ktor\u00e9 s\u00fa vhodn\u00e9 ako pre historick\u00e9 budovy, tak aj pre modern\u00e9 stavby.\" \/>\n<meta name=\"robots\" content=\"index, follow, max-snippet:-1, max-image-preview:large, max-video-preview:-1\" \/>\n<link rel=\"canonical\" href=\"https:\/\/klimavex.eu\/sk\/tekno-point\/\" \/>\n<meta property=\"og:locale\" content=\"sk_SK\" \/>\n<meta property=\"og:type\" content=\"article\" \/>\n<meta property=\"og:title\" content=\"TEKNO POINT - KLIMAVEX GROUP - Slovensko\" \/>\n<meta property=\"og:description\" content=\"S cie\u013eom poskytova\u0165 komfort vyv\u00edja TEKNO POINT inovat\u00edvne klimatiz\u00e1cie, ktor\u00e9 s\u00fa vhodn\u00e9 ako pre historick\u00e9 budovy, tak aj pre modern\u00e9 stavby.\" \/>\n<meta property=\"og:url\" content=\"https:\/\/klimavex.eu\/sk\/tekno-point\/\" \/>\n<meta property=\"og:site_name\" content=\"KLIMAVEX GROUP - Slovensko\" \/>\n<meta property=\"article:publisher\" content=\"https:\/\/www.facebook.com\/klimavex\" \/>\n<meta property=\"article:modified_time\" content=\"2025-06-16T14:28:54+00:00\" \/>\n<meta property=\"og:image\" content=\"https:\/\/klimavex.eu\/sk\/wp-content\/uploads\/2025\/06\/LOGO-TEKNO-POINT-1024x523.png\" \/>\n<meta name=\"twitter:card\" content=\"summary_large_image\" \/>\n<meta name=\"twitter:label1\" content=\"Predpokladan\u00fd \u010das \u010d\u00edtania\" \/>\n\t<meta name=\"twitter:data1\" content=\"2 min\u00faty\" \/>\n<script type=\"application\/ld+json\" class=\"yoast-schema-graph\">{\"@context\":\"https:\/\/schema.org\",\"@graph\":[{\"@type\":\"WebPage\",\"@id\":\"https:\/\/klimavex.eu\/sk\/tekno-point\/\",\"url\":\"https:\/\/klimavex.eu\/sk\/tekno-point\/\",\"name\":\"TEKNO POINT - KLIMAVEX GROUP - Slovensko\",\"isPartOf\":{\"@id\":\"https:\/\/klimavex.eu\/sk\/#website\"},\"primaryImageOfPage\":{\"@id\":\"https:\/\/klimavex.eu\/sk\/tekno-point\/#primaryimage\"},\"image\":{\"@id\":\"https:\/\/klimavex.eu\/sk\/tekno-point\/#primaryimage\"},\"thumbnailUrl\":\"https:\/\/klimavex.eu\/sk\/wp-content\/uploads\/2025\/06\/LOGO-TEKNO-POINT-1024x523.png\",\"datePublished\":\"2025-06-16T13:56:43+00:00\",\"dateModified\":\"2025-06-16T14:28:54+00:00\",\"description\":\"S cie\u013eom poskytova\u0165 komfort vyv\u00edja TEKNO POINT inovat\u00edvne klimatiz\u00e1cie, ktor\u00e9 s\u00fa vhodn\u00e9 ako pre historick\u00e9 budovy, tak aj pre modern\u00e9 stavby.\",\"breadcrumb\":{\"@id\":\"https:\/\/klimavex.eu\/sk\/tekno-point\/#breadcrumb\"},\"inLanguage\":\"sk-SK\",\"potentialAction\":[{\"@type\":\"ReadAction\",\"target\":[\"https:\/\/klimavex.eu\/sk\/tekno-point\/\"]}]},{\"@type\":\"ImageObject\",\"inLanguage\":\"sk-SK\",\"@id\":\"https:\/\/klimavex.eu\/sk\/tekno-point\/#primaryimage\",\"url\":\"https:\/\/klimavex.eu\/sk\/wp-content\/uploads\/2025\/06\/LOGO-TEKNO-POINT.png\",\"contentUrl\":\"https:\/\/klimavex.eu\/sk\/wp-content\/uploads\/2025\/06\/LOGO-TEKNO-POINT.png\",\"width\":6442,\"height\":3291},{\"@type\":\"BreadcrumbList\",\"@id\":\"https:\/\/klimavex.eu\/sk\/tekno-point\/#breadcrumb\",\"itemListElement\":[{\"@type\":\"ListItem\",\"position\":1,\"name\":\"Domovsk\u00e1 str\u00e1nka\",\"item\":\"https:\/\/klimavex.eu\/sk\/\"},{\"@type\":\"ListItem\",\"position\":2,\"name\":\"TEKNO POINT\"}]},{\"@type\":\"WebSite\",\"@id\":\"https:\/\/klimavex.eu\/sk\/#website\",\"url\":\"https:\/\/klimavex.eu\/sk\/\",\"name\":\"KLIMAVEX GROUP - Slovensko\",\"description\":\"\",\"publisher\":{\"@id\":\"https:\/\/klimavex.eu\/sk\/#organization\"},\"alternateName\":\"KLIMAVEX a.s.\",\"potentialAction\":[{\"@type\":\"SearchAction\",\"target\":{\"@type\":\"EntryPoint\",\"urlTemplate\":\"https:\/\/klimavex.eu\/sk\/?s={search_term_string}\"},\"query-input\":{\"@type\":\"PropertyValueSpecification\",\"valueRequired\":true,\"valueName\":\"search_term_string\"}}],\"inLanguage\":\"sk-SK\"},{\"@type\":\"Organization\",\"@id\":\"https:\/\/klimavex.eu\/sk\/#organization\",\"name\":\"KLIMAVEX GROUP\",\"alternateName\":\"KLIMAVEX a.s.\",\"url\":\"https:\/\/klimavex.eu\/sk\/\",\"logo\":{\"@type\":\"ImageObject\",\"inLanguage\":\"sk-SK\",\"@id\":\"https:\/\/klimavex.eu\/sk\/#\/schema\/logo\/image\/\",\"url\":\"https:\/\/klimavex.eu\/sk\/wp-content\/uploads\/2024\/04\/Klimavex-Group-logo.png\",\"contentUrl\":\"https:\/\/klimavex.eu\/sk\/wp-content\/uploads\/2024\/04\/Klimavex-Group-logo.png\",\"width\":1681,\"height\":472,\"caption\":\"KLIMAVEX GROUP\"},\"image\":{\"@id\":\"https:\/\/klimavex.eu\/sk\/#\/schema\/logo\/image\/\"},\"sameAs\":[\"https:\/\/www.facebook.com\/klimavex\",\"https:\/\/www.instagram.com\/klimavex_sk\/\"]}]}<\/script>\n<!-- \/ Yoast SEO plugin. -->","yoast_head_json":{"title":"TEKNO POINT - KLIMAVEX GROUP - Slovensko","description":"S cie\u013eom poskytova\u0165 komfort vyv\u00edja TEKNO POINT inovat\u00edvne klimatiz\u00e1cie, ktor\u00e9 s\u00fa vhodn\u00e9 ako pre historick\u00e9 budovy, tak aj pre modern\u00e9 stavby.","robots":{"index":"index","follow":"follow","max-snippet":"max-snippet:-1","max-image-preview":"max-image-preview:large","max-video-preview":"max-video-preview:-1"},"canonical":"https:\/\/klimavex.eu\/sk\/tekno-point\/","og_locale":"sk_SK","og_type":"article","og_title":"TEKNO POINT - KLIMAVEX GROUP - Slovensko","og_description":"S cie\u013eom poskytova\u0165 komfort vyv\u00edja TEKNO POINT inovat\u00edvne klimatiz\u00e1cie, ktor\u00e9 s\u00fa vhodn\u00e9 ako pre historick\u00e9 budovy, tak aj pre modern\u00e9 stavby.","og_url":"https:\/\/klimavex.eu\/sk\/tekno-point\/","og_site_name":"KLIMAVEX GROUP - Slovensko","article_publisher":"https:\/\/www.facebook.com\/klimavex","article_modified_time":"2025-06-16T14:28:54+00:00","og_image":[{"url":"https:\/\/klimavex.eu\/sk\/wp-content\/uploads\/2025\/06\/LOGO-TEKNO-POINT-1024x523.png"}],"twitter_card":"summary_large_image","twitter_misc":{"Predpokladan\u00fd \u010das \u010d\u00edtania":"2 min\u00faty"},"schema":{"@context":"https:\/\/schema.org","@graph":[{"@type":"WebPage","@id":"https:\/\/klimavex.eu\/sk\/tekno-point\/","url":"https:\/\/klimavex.eu\/sk\/tekno-point\/","name":"TEKNO POINT - KLIMAVEX GROUP - Slovensko","isPartOf":{"@id":"https:\/\/klimavex.eu\/sk\/#website"},"primaryImageOfPage":{"@id":"https:\/\/klimavex.eu\/sk\/tekno-point\/#primaryimage"},"image":{"@id":"https:\/\/klimavex.eu\/sk\/tekno-point\/#primaryimage"},"thumbnailUrl":"https:\/\/klimavex.eu\/sk\/wp-content\/uploads\/2025\/06\/LOGO-TEKNO-POINT-1024x523.png","datePublished":"2025-06-16T13:56:43+00:00","dateModified":"2025-06-16T14:28:54+00:00","description":"S cie\u013eom poskytova\u0165 komfort vyv\u00edja TEKNO POINT inovat\u00edvne klimatiz\u00e1cie, ktor\u00e9 s\u00fa vhodn\u00e9 ako pre historick\u00e9 budovy, tak aj pre modern\u00e9 stavby.","breadcrumb":{"@id":"https:\/\/klimavex.eu\/sk\/tekno-point\/#breadcrumb"},"inLanguage":"sk-SK","potentialAction":[{"@type":"ReadAction","target":["https:\/\/klimavex.eu\/sk\/tekno-point\/"]}]},{"@type":"ImageObject","inLanguage":"sk-SK","@id":"https:\/\/klimavex.eu\/sk\/tekno-point\/#primaryimage","url":"https:\/\/klimavex.eu\/sk\/wp-content\/uploads\/2025\/06\/LOGO-TEKNO-POINT.png","contentUrl":"https:\/\/klimavex.eu\/sk\/wp-content\/uploads\/2025\/06\/LOGO-TEKNO-POINT.png","width":6442,"height":3291},{"@type":"BreadcrumbList","@id":"https:\/\/klimavex.eu\/sk\/tekno-point\/#breadcrumb","itemListElement":[{"@type":"ListItem","position":1,"name":"Domovsk\u00e1 str\u00e1nka","item":"https:\/\/klimavex.eu\/sk\/"},{"@type":"ListItem","position":2,"name":"TEKNO POINT"}]},{"@type":"WebSite","@id":"https:\/\/klimavex.eu\/sk\/#website","url":"https:\/\/klimavex.eu\/sk\/","name":"KLIMAVEX GROUP - Slovensko","description":"","publisher":{"@id":"https:\/\/klimavex.eu\/sk\/#organization"},"alternateName":"KLIMAVEX a.s.","potentialAction":[{"@type":"SearchAction","target":{"@type":"EntryPoint","urlTemplate":"https:\/\/klimavex.eu\/sk\/?s={search_term_string}"},"query-input":{"@type":"PropertyValueSpecification","valueRequired":true,"valueName":"search_term_string"}}],"inLanguage":"sk-SK"},{"@type":"Organization","@id":"https:\/\/klimavex.eu\/sk\/#organization","name":"KLIMAVEX GROUP","alternateName":"KLIMAVEX a.s.","url":"https:\/\/klimavex.eu\/sk\/","logo":{"@type":"ImageObject","inLanguage":"sk-SK","@id":"https:\/\/klimavex.eu\/sk\/#\/schema\/logo\/image\/","url":"https:\/\/klimavex.eu\/sk\/wp-content\/uploads\/2024\/04\/Klimavex-Group-logo.png","contentUrl":"https:\/\/klimavex.eu\/sk\/wp-content\/uploads\/2024\/04\/Klimavex-Group-logo.png","width":1681,"height":472,"caption":"KLIMAVEX GROUP"},"image":{"@id":"https:\/\/klimavex.eu\/sk\/#\/schema\/logo\/image\/"},"sameAs":["https:\/\/www.facebook.com\/klimavex","https:\/\/www.instagram.com\/klimavex_sk\/"]}]}},"_links":{"self":[{"href":"https:\/\/klimavex.eu\/sk\/wp-json\/wp\/v2\/pages\/357607","targetHints":{"allow":["GET"]}}],"collection":[{"href":"https:\/\/klimavex.eu\/sk\/wp-json\/wp\/v2\/pages"}],"about":[{"href":"https:\/\/klimavex.eu\/sk\/wp-json\/wp\/v2\/types\/page"}],"author":[{"embeddable":true,"href":"https:\/\/klimavex.eu\/sk\/wp-json\/wp\/v2\/users\/3"}],"replies":[{"embeddable":true,"href":"https:\/\/klimavex.eu\/sk\/wp-json\/wp\/v2\/comments?post=357607"}],"version-history":[{"count":0,"href":"https:\/\/klimavex.eu\/sk\/wp-json\/wp\/v2\/pages\/357607\/revisions"}],"wp:attachment":[{"href":"https:\/\/klimavex.eu\/sk\/wp-json\/wp\/v2\/media?parent=357607"}],"curies":[{"name":"wp","href":"https:\/\/api.w.org\/{rel}","templated":true}]}}