{"id":377201,"date":"2025-08-12T08:34:20","date_gmt":"2025-08-12T06:34:20","guid":{"rendered":"https:\/\/klimavex.eu\/sk\/?page_id=377201"},"modified":"2025-08-12T12:51:11","modified_gmt":"2025-08-12T10:51:11","slug":"blauberg","status":"publish","type":"page","link":"https:\/\/klimavex.eu\/sk\/blauberg\/","title":{"rendered":"Blauberg"},"content":{"rendered":"\t\t<div data-elementor-type=\"wp-page\" data-elementor-id=\"377201\" class=\"elementor elementor-377201\" data-elementor-post-type=\"page\">\n\t\t\t\t\t\t<section class=\"wd-negative-gap elementor-section elementor-top-section elementor-element elementor-element-5d698ed1 elementor-section-boxed elementor-section-height-default elementor-section-height-default\" data-id=\"5d698ed1\" data-element_type=\"section\">\n\t\t\t\t\t\t\t<div class=\"elementor-background-overlay\"><\/div>\n\t\t\t\t\t\t\t<div class=\"elementor-container elementor-column-gap-default\">\n\t\t\t\t\t<div class=\"elementor-column elementor-col-100 elementor-top-column elementor-element elementor-element-455a0808\" data-id=\"455a0808\" data-element_type=\"column\" data-settings=\"{&quot;background_background&quot;:&quot;classic&quot;}\">\n\t\t\t<div class=\"elementor-widget-wrap elementor-element-populated\">\n\t\t\t\t\t\t<div class=\"elementor-element elementor-element-48e9b71d wd-width-100 elementor-widget elementor-widget-wd_title\" data-id=\"48e9b71d\" data-element_type=\"widget\" data-widget_type=\"wd_title.default\">\n\t\t\t\t<div class=\"elementor-widget-container\">\n\t\t\t\t\t<div class=\"title-wrapper wd-set-mb reset-last-child wd-title-color-default wd-title-style-default wd-title-size-default text-center\">\n\n\t\t\t\n\t\t\t<div class=\"liner-continer\">\n\t\t\t\t<h4 class=\"woodmart-title-container title wd-fontsize-l\">NA\u0160I V\u00ddROBCOVIA<\/h4> \n\t\t\t\t\t\t\t<\/div>\n\n\t\t\t\t\t<\/div>\n\t\t\t\t<\/div>\n\t\t\t\t<\/div>\n\t\t\t\t<div class=\"elementor-element elementor-element-303e733f elementor-widget-divider--separator-type-pattern elementor-widget-divider--view-line elementor-widget elementor-widget-divider\" data-id=\"303e733f\" data-element_type=\"widget\" data-widget_type=\"divider.default\">\n\t\t\t\t<div class=\"elementor-widget-container\">\n\t\t\t\t\t<div class=\"elementor-divider\" style=\"--divider-pattern-url: url(&quot;data:image\/svg+xml,%3Csvg xmlns=&#039;http:\/\/www.w3.org\/2000\/svg&#039; preserveAspectRatio=&#039;none&#039; overflow=&#039;visible&#039; height=&#039;100%&#039; viewBox=&#039;0 0 24 24&#039; fill=&#039;black&#039; stroke=&#039;none&#039;%3E%3Cpolygon points=&#039;9.4,2 24,2 14.6,21.6 0,21.6&#039;\/%3E%3C\/svg%3E&quot;);\">\n\t\t\t<span class=\"elementor-divider-separator\">\n\t\t\t\t\t\t<\/span>\n\t\t<\/div>\n\t\t\t\t<\/div>\n\t\t\t\t<\/div>\n\t\t\t\t<section class=\"wd-negative-gap elementor-section elementor-inner-section elementor-element elementor-element-7d27c8ba elementor-section-full_width elementor-section-content-middle elementor-section-height-default elementor-section-height-default\" data-id=\"7d27c8ba\" data-element_type=\"section\">\n\t\t\t\t\t\t<div class=\"elementor-container elementor-column-gap-no\">\n\t\t\t\t\t<div class=\"elementor-column elementor-col-100 elementor-inner-column elementor-element elementor-element-593ed6a1\" data-id=\"593ed6a1\" data-element_type=\"column\">\n\t\t\t<div class=\"elementor-widget-wrap elementor-element-populated\">\n\t\t\t\t\t\t<div class=\"elementor-element elementor-element-21c2fab5 elementor-widget elementor-widget-image\" data-id=\"21c2fab5\" data-element_type=\"widget\" data-widget_type=\"image.default\">\n\t\t\t\t<div class=\"elementor-widget-container\">\n\t\t\t\t\t\t\t\t\t\t\t\t\t<img fetchpriority=\"high\" decoding=\"async\" width=\"1024\" height=\"433\" src=\"https:\/\/klimavex.eu\/sk\/wp-content\/uploads\/2025\/08\/BL_Ventilatoren_Logo-1-1024x433.png\" class=\"attachment-large size-large wp-image-377209\" alt=\"\" srcset=\"https:\/\/klimavex.eu\/sk\/wp-content\/uploads\/2025\/08\/BL_Ventilatoren_Logo-1-1024x433.png 1024w, https:\/\/klimavex.eu\/sk\/wp-content\/uploads\/2025\/08\/BL_Ventilatoren_Logo-1-300x127.png 300w, https:\/\/klimavex.eu\/sk\/wp-content\/uploads\/2025\/08\/BL_Ventilatoren_Logo-1-768x324.png 768w, https:\/\/klimavex.eu\/sk\/wp-content\/uploads\/2025\/08\/BL_Ventilatoren_Logo-1-20x8.png 20w, https:\/\/klimavex.eu\/sk\/wp-content\/uploads\/2025\/08\/BL_Ventilatoren_Logo-1-600x254.png 600w, https:\/\/klimavex.eu\/sk\/wp-content\/uploads\/2025\/08\/BL_Ventilatoren_Logo-1-150x63.png 150w, https:\/\/klimavex.eu\/sk\/wp-content\/uploads\/2025\/08\/BL_Ventilatoren_Logo-1.png 1200w\" sizes=\"(max-width: 1024px) 100vw, 1024px\" \/>\t\t\t\t\t\t\t\t\t\t\t\t\t<\/div>\n\t\t\t\t<\/div>\n\t\t\t\t<div class=\"elementor-element elementor-element-3fdfca50 elementor-widget elementor-widget-heading\" data-id=\"3fdfca50\" data-element_type=\"widget\" data-widget_type=\"heading.default\">\n\t\t\t\t<div class=\"elementor-widget-container\">\n\t\t\t<h2 class=\"elementor-heading-title elementor-size-default\">VZDUCHOTECHNIKA<\/h2>\t\t<\/div>\n\t\t\t\t<\/div>\n\t\t\t\t<div class=\"elementor-element elementor-element-ade492d elementor-widget elementor-widget-heading\" data-id=\"ade492d\" data-element_type=\"widget\" data-widget_type=\"heading.default\">\n\t\t\t\t<div class=\"elementor-widget-container\">\n\t\t\t<h2 class=\"elementor-heading-title elementor-size-default\"><a href=\"\/sk\/eshop\/?filter_znacka=blauberg\">Sortiment<\/a><\/h2>\t\t<\/div>\n\t\t\t\t<\/div>\n\t\t\t\t<div class=\"elementor-element elementor-element-f58a6b5 elementor-widget-divider--view-line elementor-widget elementor-widget-divider\" data-id=\"f58a6b5\" data-element_type=\"widget\" data-widget_type=\"divider.default\">\n\t\t\t\t<div class=\"elementor-widget-container\">\n\t\t\t\t\t<div class=\"elementor-divider\">\n\t\t\t<span class=\"elementor-divider-separator\">\n\t\t\t\t\t\t<\/span>\n\t\t<\/div>\n\t\t\t\t<\/div>\n\t\t\t\t<\/div>\n\t\t\t\t<div class=\"elementor-element elementor-element-d2b7807 color-scheme-inherit text-left elementor-widget elementor-widget-text-editor\" data-id=\"d2b7807\" data-element_type=\"widget\" data-widget_type=\"text-editor.default\">\n\t\t\t\t<div class=\"elementor-widget-container\">\n\t\t\t\t\t\t\t<p><strong>Blauberg Group<\/strong> je etablovan\u00fdm medzin\u00e1rodn\u00fdm hr\u00e1\u010dom v oblasti <strong>ventil\u00e1cie<\/strong> a klimatiza\u010dn\u00fdch rie\u0161en\u00ed, ktor\u00fd pon\u00faka inovat\u00edvne <strong>komplexn\u00e9 syst\u00e9my<\/strong> pre obytn\u00e9, komer\u010dn\u00e9 a priemyseln\u00e9 prostredie. P\u00f4sob\u00ed vo viac ako 120 krajin\u00e1ch sveta, m\u00e1 13 v\u00fdskumn\u00fdch centier a viac ako 300 kvalifikovan\u00fdch in\u017einierov.<\/p><p>Filozofiou skupiny je najm\u00e4 neust\u00e1la <strong>inov\u00e1cia,<\/strong> ktor\u00e1 zabezpe\u010duje <strong>modern\u00e9 portf\u00f3lio<\/strong> \u00fa\u010dinn\u00fdch v\u00fdrobkov. <strong>Kvalita<\/strong> v\u00fdrobkov je zabezpe\u010den\u00e1 maxim\u00e1lnou <strong>kontrolou<\/strong> v\u00fdrobn\u00e9ho procesu &#8211; skupina vyr\u00e1ba diely pre svoje zariadenia, montuje ich a kontroluje, \u010di sp\u013a\u0148aj\u00fa stanoven\u00e9 normy.<\/p><p>Spolo\u010dnos\u0165 Blauberg prin\u00e1\u0161a <strong>glob\u00e1lne<\/strong>\u00a0<strong>know-how<\/strong> v oblasti vetrania a klimatiz\u00e1cie &#8211; od komponentov a\u017e po kompletn\u00e9 rie\u0161enia. V\u010faka vlastn\u00fdm v\u00fdrobn\u00fdm kapacit\u00e1m, intenz\u00edvnemu v\u00fdskumu a d\u00f4kladn\u00e9mu <strong>zabezpe\u010deniu kvality<\/strong> vytv\u00e1ra spo\u013eahliv\u00e9 syst\u00e9my pre v\u0161etky typy budov. D\u00f4sledn\u00e9 inov\u00e1cie a technol\u00f3gie s\u00fa z\u00e1kladom jej \u010dinnosti. Zna\u010dka je postaven\u00e1 na my\u0161lienke, \u017ee modern\u00e9 vetranie u\u017e nie je luxus, ale <strong>nevyhnutnos\u0165<\/strong> &#8211; preto\u017ee <strong>\u201etogether, we create life.\u201c<\/strong><\/p>\t\t\t\t\t\t<\/div>\n\t\t\t\t<\/div>\n\t\t\t\t\t<\/div>\n\t\t<\/div>\n\t\t\t\t\t<\/div>\n\t\t<\/section>\n\t\t\t\t\t<\/div>\n\t\t<\/div>\n\t\t\t\t\t<\/div>\n\t\t<\/section>\n\t\t\t\t<\/div>\n\t\t","protected":false},"excerpt":{"rendered":"<p>NA\u0160I V\u00ddROBCOVIA VZDUCHOTECHNIKA Sortiment Blauberg Group je etablovan\u00fdm medzin\u00e1rodn\u00fdm hr\u00e1\u010dom v oblasti ventil\u00e1cie a klimatiza\u010dn\u00fdch rie\u0161en\u00ed, ktor\u00fd pon\u00faka inovat\u00edvne komplexn\u00e9<\/p>\n","protected":false},"author":3,"featured_media":0,"parent":0,"menu_order":0,"comment_status":"closed","ping_status":"closed","template":"","meta":{"footnotes":""},"class_list":["post-377201","page","type-page","status-publish","hentry"],"yoast_head":"<!-- This site is optimized with the Yoast SEO plugin v23.9 - https:\/\/yoast.com\/wordpress\/plugins\/seo\/ -->\n<title>Blauberg - KLIMAVEX GROUP - Slovensko<\/title>\n<meta name=\"description\" content=\"Blauberg je glob\u00e1lnym v\u00fdrobcom syst\u00e9mov HVAC pre obytn\u00e9, komer\u010dn\u00e9 a priemyseln\u00e9 prostredie. Jeho filozofia spo\u010d\u00edva v neust\u00e1lej inov\u00e1cii.\" \/>\n<meta name=\"robots\" content=\"index, follow, max-snippet:-1, max-image-preview:large, max-video-preview:-1\" \/>\n<link rel=\"canonical\" href=\"https:\/\/klimavex.eu\/sk\/blauberg\/\" \/>\n<meta property=\"og:locale\" content=\"sk_SK\" \/>\n<meta property=\"og:type\" content=\"article\" \/>\n<meta property=\"og:title\" content=\"Blauberg - KLIMAVEX GROUP - Slovensko\" \/>\n<meta property=\"og:description\" content=\"Blauberg je glob\u00e1lnym v\u00fdrobcom syst\u00e9mov HVAC pre obytn\u00e9, komer\u010dn\u00e9 a priemyseln\u00e9 prostredie. Jeho filozofia spo\u010d\u00edva v neust\u00e1lej inov\u00e1cii.\" \/>\n<meta property=\"og:url\" content=\"https:\/\/klimavex.eu\/sk\/blauberg\/\" \/>\n<meta property=\"og:site_name\" content=\"KLIMAVEX GROUP - Slovensko\" \/>\n<meta property=\"article:publisher\" content=\"https:\/\/www.facebook.com\/klimavex\" \/>\n<meta property=\"article:modified_time\" content=\"2025-08-12T10:51:11+00:00\" \/>\n<meta property=\"og:image\" content=\"https:\/\/klimavex.eu\/sk\/wp-content\/uploads\/2025\/08\/BL_Ventilatoren_Logo-1.png\" \/>\n\t<meta property=\"og:image:width\" content=\"1200\" \/>\n\t<meta property=\"og:image:height\" content=\"507\" \/>\n\t<meta property=\"og:image:type\" content=\"image\/png\" \/>\n<meta name=\"twitter:card\" content=\"summary_large_image\" \/>\n<meta name=\"twitter:label1\" content=\"Predpokladan\u00fd \u010das \u010d\u00edtania\" \/>\n\t<meta name=\"twitter:data1\" content=\"1 min\u00fata\" \/>\n<script type=\"application\/ld+json\" class=\"yoast-schema-graph\">{\"@context\":\"https:\/\/schema.org\",\"@graph\":[{\"@type\":\"WebPage\",\"@id\":\"https:\/\/klimavex.eu\/sk\/blauberg\/\",\"url\":\"https:\/\/klimavex.eu\/sk\/blauberg\/\",\"name\":\"Blauberg - KLIMAVEX GROUP - Slovensko\",\"isPartOf\":{\"@id\":\"https:\/\/klimavex.eu\/sk\/#website\"},\"primaryImageOfPage\":{\"@id\":\"https:\/\/klimavex.eu\/sk\/blauberg\/#primaryimage\"},\"image\":{\"@id\":\"https:\/\/klimavex.eu\/sk\/blauberg\/#primaryimage\"},\"thumbnailUrl\":\"https:\/\/klimavex.eu\/sk\/wp-content\/uploads\/2025\/08\/BL_Ventilatoren_Logo-1-1024x433.png\",\"datePublished\":\"2025-08-12T06:34:20+00:00\",\"dateModified\":\"2025-08-12T10:51:11+00:00\",\"description\":\"Blauberg je glob\u00e1lnym v\u00fdrobcom syst\u00e9mov HVAC pre obytn\u00e9, komer\u010dn\u00e9 a priemyseln\u00e9 prostredie. Jeho filozofia spo\u010d\u00edva v neust\u00e1lej inov\u00e1cii.\",\"breadcrumb\":{\"@id\":\"https:\/\/klimavex.eu\/sk\/blauberg\/#breadcrumb\"},\"inLanguage\":\"sk-SK\",\"potentialAction\":[{\"@type\":\"ReadAction\",\"target\":[\"https:\/\/klimavex.eu\/sk\/blauberg\/\"]}]},{\"@type\":\"ImageObject\",\"inLanguage\":\"sk-SK\",\"@id\":\"https:\/\/klimavex.eu\/sk\/blauberg\/#primaryimage\",\"url\":\"https:\/\/klimavex.eu\/sk\/wp-content\/uploads\/2025\/08\/BL_Ventilatoren_Logo-1.png\",\"contentUrl\":\"https:\/\/klimavex.eu\/sk\/wp-content\/uploads\/2025\/08\/BL_Ventilatoren_Logo-1.png\",\"width\":1200,\"height\":507},{\"@type\":\"BreadcrumbList\",\"@id\":\"https:\/\/klimavex.eu\/sk\/blauberg\/#breadcrumb\",\"itemListElement\":[{\"@type\":\"ListItem\",\"position\":1,\"name\":\"Domovsk\u00e1 str\u00e1nka\",\"item\":\"https:\/\/klimavex.eu\/sk\/\"},{\"@type\":\"ListItem\",\"position\":2,\"name\":\"Blauberg\"}]},{\"@type\":\"WebSite\",\"@id\":\"https:\/\/klimavex.eu\/sk\/#website\",\"url\":\"https:\/\/klimavex.eu\/sk\/\",\"name\":\"KLIMAVEX GROUP - Slovensko\",\"description\":\"\",\"publisher\":{\"@id\":\"https:\/\/klimavex.eu\/sk\/#organization\"},\"alternateName\":\"KLIMAVEX a.s.\",\"potentialAction\":[{\"@type\":\"SearchAction\",\"target\":{\"@type\":\"EntryPoint\",\"urlTemplate\":\"https:\/\/klimavex.eu\/sk\/?s={search_term_string}\"},\"query-input\":{\"@type\":\"PropertyValueSpecification\",\"valueRequired\":true,\"valueName\":\"search_term_string\"}}],\"inLanguage\":\"sk-SK\"},{\"@type\":\"Organization\",\"@id\":\"https:\/\/klimavex.eu\/sk\/#organization\",\"name\":\"KLIMAVEX GROUP\",\"alternateName\":\"KLIMAVEX a.s.\",\"url\":\"https:\/\/klimavex.eu\/sk\/\",\"logo\":{\"@type\":\"ImageObject\",\"inLanguage\":\"sk-SK\",\"@id\":\"https:\/\/klimavex.eu\/sk\/#\/schema\/logo\/image\/\",\"url\":\"https:\/\/klimavex.eu\/sk\/wp-content\/uploads\/2024\/04\/Klimavex-Group-logo.png\",\"contentUrl\":\"https:\/\/klimavex.eu\/sk\/wp-content\/uploads\/2024\/04\/Klimavex-Group-logo.png\",\"width\":1681,\"height\":472,\"caption\":\"KLIMAVEX GROUP\"},\"image\":{\"@id\":\"https:\/\/klimavex.eu\/sk\/#\/schema\/logo\/image\/\"},\"sameAs\":[\"https:\/\/www.facebook.com\/klimavex\",\"https:\/\/www.instagram.com\/klimavex_sk\/\"]}]}<\/script>\n<!-- \/ Yoast SEO plugin. -->","yoast_head_json":{"title":"Blauberg - KLIMAVEX GROUP - Slovensko","description":"Blauberg je glob\u00e1lnym v\u00fdrobcom syst\u00e9mov HVAC pre obytn\u00e9, komer\u010dn\u00e9 a priemyseln\u00e9 prostredie. Jeho filozofia spo\u010d\u00edva v neust\u00e1lej inov\u00e1cii.","robots":{"index":"index","follow":"follow","max-snippet":"max-snippet:-1","max-image-preview":"max-image-preview:large","max-video-preview":"max-video-preview:-1"},"canonical":"https:\/\/klimavex.eu\/sk\/blauberg\/","og_locale":"sk_SK","og_type":"article","og_title":"Blauberg - KLIMAVEX GROUP - Slovensko","og_description":"Blauberg je glob\u00e1lnym v\u00fdrobcom syst\u00e9mov HVAC pre obytn\u00e9, komer\u010dn\u00e9 a priemyseln\u00e9 prostredie. Jeho filozofia spo\u010d\u00edva v neust\u00e1lej inov\u00e1cii.","og_url":"https:\/\/klimavex.eu\/sk\/blauberg\/","og_site_name":"KLIMAVEX GROUP - Slovensko","article_publisher":"https:\/\/www.facebook.com\/klimavex","article_modified_time":"2025-08-12T10:51:11+00:00","og_image":[{"width":1200,"height":507,"url":"https:\/\/klimavex.eu\/sk\/wp-content\/uploads\/2025\/08\/BL_Ventilatoren_Logo-1.png","type":"image\/png"}],"twitter_card":"summary_large_image","twitter_misc":{"Predpokladan\u00fd \u010das \u010d\u00edtania":"1 min\u00fata"},"schema":{"@context":"https:\/\/schema.org","@graph":[{"@type":"WebPage","@id":"https:\/\/klimavex.eu\/sk\/blauberg\/","url":"https:\/\/klimavex.eu\/sk\/blauberg\/","name":"Blauberg - KLIMAVEX GROUP - Slovensko","isPartOf":{"@id":"https:\/\/klimavex.eu\/sk\/#website"},"primaryImageOfPage":{"@id":"https:\/\/klimavex.eu\/sk\/blauberg\/#primaryimage"},"image":{"@id":"https:\/\/klimavex.eu\/sk\/blauberg\/#primaryimage"},"thumbnailUrl":"https:\/\/klimavex.eu\/sk\/wp-content\/uploads\/2025\/08\/BL_Ventilatoren_Logo-1-1024x433.png","datePublished":"2025-08-12T06:34:20+00:00","dateModified":"2025-08-12T10:51:11+00:00","description":"Blauberg je glob\u00e1lnym v\u00fdrobcom syst\u00e9mov HVAC pre obytn\u00e9, komer\u010dn\u00e9 a priemyseln\u00e9 prostredie. Jeho filozofia spo\u010d\u00edva v neust\u00e1lej inov\u00e1cii.","breadcrumb":{"@id":"https:\/\/klimavex.eu\/sk\/blauberg\/#breadcrumb"},"inLanguage":"sk-SK","potentialAction":[{"@type":"ReadAction","target":["https:\/\/klimavex.eu\/sk\/blauberg\/"]}]},{"@type":"ImageObject","inLanguage":"sk-SK","@id":"https:\/\/klimavex.eu\/sk\/blauberg\/#primaryimage","url":"https:\/\/klimavex.eu\/sk\/wp-content\/uploads\/2025\/08\/BL_Ventilatoren_Logo-1.png","contentUrl":"https:\/\/klimavex.eu\/sk\/wp-content\/uploads\/2025\/08\/BL_Ventilatoren_Logo-1.png","width":1200,"height":507},{"@type":"BreadcrumbList","@id":"https:\/\/klimavex.eu\/sk\/blauberg\/#breadcrumb","itemListElement":[{"@type":"ListItem","position":1,"name":"Domovsk\u00e1 str\u00e1nka","item":"https:\/\/klimavex.eu\/sk\/"},{"@type":"ListItem","position":2,"name":"Blauberg"}]},{"@type":"WebSite","@id":"https:\/\/klimavex.eu\/sk\/#website","url":"https:\/\/klimavex.eu\/sk\/","name":"KLIMAVEX GROUP - Slovensko","description":"","publisher":{"@id":"https:\/\/klimavex.eu\/sk\/#organization"},"alternateName":"KLIMAVEX a.s.","potentialAction":[{"@type":"SearchAction","target":{"@type":"EntryPoint","urlTemplate":"https:\/\/klimavex.eu\/sk\/?s={search_term_string}"},"query-input":{"@type":"PropertyValueSpecification","valueRequired":true,"valueName":"search_term_string"}}],"inLanguage":"sk-SK"},{"@type":"Organization","@id":"https:\/\/klimavex.eu\/sk\/#organization","name":"KLIMAVEX GROUP","alternateName":"KLIMAVEX a.s.","url":"https:\/\/klimavex.eu\/sk\/","logo":{"@type":"ImageObject","inLanguage":"sk-SK","@id":"https:\/\/klimavex.eu\/sk\/#\/schema\/logo\/image\/","url":"https:\/\/klimavex.eu\/sk\/wp-content\/uploads\/2024\/04\/Klimavex-Group-logo.png","contentUrl":"https:\/\/klimavex.eu\/sk\/wp-content\/uploads\/2024\/04\/Klimavex-Group-logo.png","width":1681,"height":472,"caption":"KLIMAVEX GROUP"},"image":{"@id":"https:\/\/klimavex.eu\/sk\/#\/schema\/logo\/image\/"},"sameAs":["https:\/\/www.facebook.com\/klimavex","https:\/\/www.instagram.com\/klimavex_sk\/"]}]}},"_links":{"self":[{"href":"https:\/\/klimavex.eu\/sk\/wp-json\/wp\/v2\/pages\/377201","targetHints":{"allow":["GET"]}}],"collection":[{"href":"https:\/\/klimavex.eu\/sk\/wp-json\/wp\/v2\/pages"}],"about":[{"href":"https:\/\/klimavex.eu\/sk\/wp-json\/wp\/v2\/types\/page"}],"author":[{"embeddable":true,"href":"https:\/\/klimavex.eu\/sk\/wp-json\/wp\/v2\/users\/3"}],"replies":[{"embeddable":true,"href":"https:\/\/klimavex.eu\/sk\/wp-json\/wp\/v2\/comments?post=377201"}],"version-history":[{"count":0,"href":"https:\/\/klimavex.eu\/sk\/wp-json\/wp\/v2\/pages\/377201\/revisions"}],"wp:attachment":[{"href":"https:\/\/klimavex.eu\/sk\/wp-json\/wp\/v2\/media?parent=377201"}],"curies":[{"name":"wp","href":"https:\/\/api.w.org\/{rel}","templated":true}]}}