{"id":8641,"date":"2023-11-26T22:23:09","date_gmt":"2023-11-26T22:23:09","guid":{"rendered":"https:\/\/klimavex.eu\/sk\/?page_id=8641"},"modified":"2025-06-05T12:31:05","modified_gmt":"2025-06-05T10:31:05","slug":"hyundai","status":"publish","type":"page","link":"https:\/\/klimavex.eu\/sk\/hyundai\/","title":{"rendered":"Hyundai"},"content":{"rendered":"\t\t<div data-elementor-type=\"wp-page\" data-elementor-id=\"8641\" class=\"elementor elementor-8641\" data-elementor-post-type=\"page\">\n\t\t\t\t\t\t<section class=\"wd-negative-gap elementor-section elementor-top-section elementor-element elementor-element-c098549 elementor-section-boxed elementor-section-height-default elementor-section-height-default\" data-id=\"c098549\" data-element_type=\"section\">\n\t\t\t\t\t\t\t<div class=\"elementor-background-overlay\"><\/div>\n\t\t\t\t\t\t\t<div class=\"elementor-container elementor-column-gap-default\">\n\t\t\t\t\t<div class=\"elementor-column elementor-col-100 elementor-top-column elementor-element elementor-element-e51f820\" data-id=\"e51f820\" data-element_type=\"column\" data-settings=\"{&quot;background_background&quot;:&quot;classic&quot;}\">\n\t\t\t<div class=\"elementor-widget-wrap elementor-element-populated\">\n\t\t\t\t\t\t<div class=\"elementor-element elementor-element-0eda453 wd-width-100 elementor-widget elementor-widget-wd_title\" data-id=\"0eda453\" data-element_type=\"widget\" data-widget_type=\"wd_title.default\">\n\t\t\t\t<div class=\"elementor-widget-container\">\n\t\t\t\t\t<div class=\"title-wrapper wd-set-mb reset-last-child wd-title-color-default wd-title-style-default wd-title-size-default text-center\">\n\n\t\t\t\n\t\t\t<div class=\"liner-continer\">\n\t\t\t\t<h4 class=\"woodmart-title-container title wd-fontsize-l\">NA\u0160I V\u00ddROBCOVIA<\/h4> \n\t\t\t\t\t\t\t<\/div>\n\n\t\t\t\t\t<\/div>\n\t\t\t\t<\/div>\n\t\t\t\t<\/div>\n\t\t\t\t<div class=\"elementor-element elementor-element-459e7ab elementor-widget-divider--separator-type-pattern elementor-widget-divider--view-line elementor-widget elementor-widget-divider\" data-id=\"459e7ab\" data-element_type=\"widget\" data-widget_type=\"divider.default\">\n\t\t\t\t<div class=\"elementor-widget-container\">\n\t\t\t\t\t<div class=\"elementor-divider\" style=\"--divider-pattern-url: url(&quot;data:image\/svg+xml,%3Csvg xmlns=&#039;http:\/\/www.w3.org\/2000\/svg&#039; preserveAspectRatio=&#039;none&#039; overflow=&#039;visible&#039; height=&#039;100%&#039; viewBox=&#039;0 0 24 24&#039; fill=&#039;black&#039; stroke=&#039;none&#039;%3E%3Cpolygon points=&#039;9.4,2 24,2 14.6,21.6 0,21.6&#039;\/%3E%3C\/svg%3E&quot;);\">\n\t\t\t<span class=\"elementor-divider-separator\">\n\t\t\t\t\t\t<\/span>\n\t\t<\/div>\n\t\t\t\t<\/div>\n\t\t\t\t<\/div>\n\t\t\t\t<section class=\"wd-negative-gap elementor-section elementor-inner-section elementor-element elementor-element-cb1c4af elementor-section-full_width elementor-section-content-middle elementor-section-height-default elementor-section-height-default\" data-id=\"cb1c4af\" data-element_type=\"section\">\n\t\t\t\t\t\t<div class=\"elementor-container elementor-column-gap-no\">\n\t\t\t\t\t<div class=\"elementor-column elementor-col-100 elementor-inner-column elementor-element elementor-element-670827b\" data-id=\"670827b\" data-element_type=\"column\">\n\t\t\t<div class=\"elementor-widget-wrap elementor-element-populated\">\n\t\t\t\t\t\t<div class=\"elementor-element elementor-element-1dd1a66 elementor-widget elementor-widget-image\" data-id=\"1dd1a66\" data-element_type=\"widget\" data-widget_type=\"image.default\">\n\t\t\t\t<div class=\"elementor-widget-container\">\n\t\t\t\t\t\t\t\t\t\t\t\t\t<img fetchpriority=\"high\" decoding=\"async\" width=\"1024\" height=\"303\" src=\"https:\/\/klimavex.eu\/sk\/wp-content\/uploads\/2023\/11\/LOGO-HYUNDAI-HCV-1024x303.png\" class=\"attachment-large size-large wp-image-58\" alt=\"hyundai logo\" srcset=\"https:\/\/klimavex.eu\/sk\/wp-content\/uploads\/2023\/11\/LOGO-HYUNDAI-HCV-1024x303.png 1024w, https:\/\/klimavex.eu\/sk\/wp-content\/uploads\/2023\/11\/LOGO-HYUNDAI-HCV-300x89.png 300w, https:\/\/klimavex.eu\/sk\/wp-content\/uploads\/2023\/11\/LOGO-HYUNDAI-HCV-768x228.png 768w, https:\/\/klimavex.eu\/sk\/wp-content\/uploads\/2023\/11\/LOGO-HYUNDAI-HCV-1536x455.png 1536w, https:\/\/klimavex.eu\/sk\/wp-content\/uploads\/2023\/11\/LOGO-HYUNDAI-HCV-2048x607.png 2048w, https:\/\/klimavex.eu\/sk\/wp-content\/uploads\/2023\/11\/LOGO-HYUNDAI-HCV-600x178.png 600w, https:\/\/klimavex.eu\/sk\/wp-content\/uploads\/2023\/11\/LOGO-HYUNDAI-HCV-20x6.png 20w, https:\/\/klimavex.eu\/sk\/wp-content\/uploads\/2023\/11\/LOGO-HYUNDAI-HCV-150x44.png 150w\" sizes=\"(max-width: 1024px) 100vw, 1024px\" \/>\t\t\t\t\t\t\t\t\t\t\t\t\t<\/div>\n\t\t\t\t<\/div>\n\t\t\t\t<div class=\"elementor-element elementor-element-8f1e7ca elementor-widget elementor-widget-heading\" data-id=\"8f1e7ca\" data-element_type=\"widget\" data-widget_type=\"heading.default\">\n\t\t\t\t<div class=\"elementor-widget-container\">\n\t\t\t<h2 class=\"elementor-heading-title elementor-size-default\">TEPELN\u00c9 \u010cERPADL\u00c1 | REKUPERA\u010cN\u00c9 JEDNOTKY | REZIDEN\u010cN\u00c9 A KOMER\u010cN\u00c9 KLIMATIZ\u00c1CIE | VRF SYST\u00c9MY<br><\/h2>\t\t<\/div>\n\t\t\t\t<\/div>\n\t\t\t\t<div class=\"elementor-element elementor-element-b61c4c9 elementor-widget elementor-widget-heading\" data-id=\"b61c4c9\" data-element_type=\"widget\" data-widget_type=\"heading.default\">\n\t\t\t\t<div class=\"elementor-widget-container\">\n\t\t\t<h2 class=\"elementor-heading-title elementor-size-default\"><a href=\"\/sk\/eshop\/?filter_znacka=hyundai\">Sortiment<\/a><\/h2>\t\t<\/div>\n\t\t\t\t<\/div>\n\t\t\t\t<div class=\"elementor-element elementor-element-09df7a3 color-scheme-inherit text-left elementor-widget elementor-widget-text-editor\" data-id=\"09df7a3\" data-element_type=\"widget\" data-widget_type=\"text-editor.default\">\n\t\t\t\t<div class=\"elementor-widget-container\">\n\t\t\t\t\t\t\t<p><\/p>\n<p>Juhok\u00f3rejsk\u00fd koncern <b>HYUNDAI<\/b> je svetov\u00fdm l\u00eddrom v r\u00f4znych technologick\u00fdch segmentoch, ku ktor\u00fdm okrem automobilov\u00e9ho alebo technologick\u00e9ho priemyslu patr\u00ed aj priemysel obnovite\u013en\u00fdch zdrojov (tepeln\u00e9 \u010derpadl\u00e1, vzduchotechnika, fotovoltika a \u010fal\u0161ie pokro\u010dil\u00e9 zariadenia).<\/p>\n<p><b>Ofici\u00e1lnym distrib\u00fatorom<\/b> tepeln\u00fdch \u010derpadiel, rekupera\u010dn\u00fdch jednotiek, klimatiz\u00e1ci\u00ed a VRF syst\u00e9mov zna\u010dky Hyundai v \u010ceskej republike a na Slovensku je skupina <b>KLIMAVEX GROUP<\/b>. Jej spolupr\u00e1ca s touto spolo\u010dnos\u0165ou vznikla na z\u00e1klade rozsiahlych distribu\u010dn\u00fdch sk\u00fasenost\u00ed v odvetv\u00ed HVAC, teda v oblasti vykurovania, vetrania a chladenia, a po vzore v\u00fdznamnej spolupr\u00e1ce s \u010fal\u0161\u00edmi zahrani\u010dn\u00fdmi partnermi.<\/p>\n<p>Kreat\u00edvni, zap\u00e1len\u00ed a \u00fastretov\u00ed zamestnanci obchodn\u00e9ho a technick\u00e9ho oddelenia v\u017edy dok\u00e1\u017eu ochotne <b>poradi\u0165 klientom s v\u00fdberom najvhodnej\u0161ieho produktu<\/b> kore\u0161ponduj\u00faceho s ich potrebami. <a href=\"https:\/\/hyundai.eu.com\/\">Koncern HYUNDAI<\/a> prostredn\u00edctvom t\u00edmu KLIMAVEX pon\u00faka technologick\u00e9 rie\u0161enia ako pre individu\u00e1lnych z\u00e1kazn\u00edkov, tak aj pre komer\u010dn\u00e9 vyu\u017eitie. Jednoducho: ka\u017ed\u00fd klient si n\u00e1jde to, \u010do pr\u00e1ve h\u013ead\u00e1.<\/p>\t\t\t\t\t\t<\/div>\n\t\t\t\t<\/div>\n\t\t\t\t\t<\/div>\n\t\t<\/div>\n\t\t\t\t\t<\/div>\n\t\t<\/section>\n\t\t\t\t\t<\/div>\n\t\t<\/div>\n\t\t\t\t\t<\/div>\n\t\t<\/section>\n\t\t\t\t<\/div>\n\t\t","protected":false},"excerpt":{"rendered":"<p>NA\u0160I V\u00ddROBCOVIA TEPELN\u00c9 \u010cERPADL\u00c1 | REKUPERA\u010cN\u00c9 JEDNOTKY | REZIDEN\u010cN\u00c9 A KOMER\u010cN\u00c9 KLIMATIZ\u00c1CIE | VRF SYST\u00c9MY Sortiment Juhok\u00f3rejsk\u00fd koncern HYUNDAI je<\/p>\n","protected":false},"author":1,"featured_media":0,"parent":0,"menu_order":0,"comment_status":"closed","ping_status":"closed","template":"","meta":{"footnotes":""},"class_list":["post-8641","page","type-page","status-publish","hentry"],"yoast_head":"<!-- This site is optimized with the Yoast SEO plugin v23.9 - https:\/\/yoast.com\/wordpress\/plugins\/seo\/ -->\n<title>Hyundai - KLIMAVEX GROUP - Slovensko<\/title>\n<meta name=\"description\" content=\"Hyundai je l\u00eddrom v mnoh\u00fdch segmentoch vr\u00e1tane obnovite\u013en\u00fdch zdrojov. Sme hrd\u00ed na to, \u017ee sme jej v\u00fdhradn\u00fdm z\u00e1stupcom na \u010deskoslovenskom trhu.\" \/>\n<meta name=\"robots\" content=\"index, follow, max-snippet:-1, max-image-preview:large, max-video-preview:-1\" \/>\n<link rel=\"canonical\" href=\"https:\/\/klimavex.eu\/sk\/hyundai\/\" \/>\n<meta property=\"og:locale\" content=\"sk_SK\" \/>\n<meta property=\"og:type\" content=\"article\" \/>\n<meta property=\"og:title\" content=\"Hyundai - KLIMAVEX GROUP - Slovensko\" \/>\n<meta property=\"og:description\" content=\"Hyundai je l\u00eddrom v mnoh\u00fdch segmentoch vr\u00e1tane obnovite\u013en\u00fdch zdrojov. Sme hrd\u00ed na to, \u017ee sme jej v\u00fdhradn\u00fdm z\u00e1stupcom na \u010deskoslovenskom trhu.\" \/>\n<meta property=\"og:url\" content=\"https:\/\/klimavex.eu\/sk\/hyundai\/\" \/>\n<meta property=\"og:site_name\" content=\"KLIMAVEX GROUP - Slovensko\" \/>\n<meta property=\"article:publisher\" content=\"https:\/\/www.facebook.com\/klimavex\" \/>\n<meta property=\"article:modified_time\" content=\"2025-06-05T10:31:05+00:00\" \/>\n<meta property=\"og:image\" content=\"https:\/\/klimavex.eu\/sk\/wp-content\/uploads\/2023\/11\/LOGO-HYUNDAI-HCV.png\" \/>\n\t<meta property=\"og:image:width\" content=\"4687\" \/>\n\t<meta property=\"og:image:height\" content=\"1389\" \/>\n\t<meta property=\"og:image:type\" content=\"image\/png\" \/>\n<meta name=\"twitter:card\" content=\"summary_large_image\" \/>\n<meta name=\"twitter:label1\" content=\"Predpokladan\u00fd \u010das \u010d\u00edtania\" \/>\n\t<meta name=\"twitter:data1\" content=\"2 min\u00faty\" \/>\n<script type=\"application\/ld+json\" class=\"yoast-schema-graph\">{\"@context\":\"https:\/\/schema.org\",\"@graph\":[{\"@type\":\"WebPage\",\"@id\":\"https:\/\/klimavex.eu\/sk\/hyundai\/\",\"url\":\"https:\/\/klimavex.eu\/sk\/hyundai\/\",\"name\":\"Hyundai - KLIMAVEX GROUP - Slovensko\",\"isPartOf\":{\"@id\":\"https:\/\/klimavex.eu\/sk\/#website\"},\"primaryImageOfPage\":{\"@id\":\"https:\/\/klimavex.eu\/sk\/hyundai\/#primaryimage\"},\"image\":{\"@id\":\"https:\/\/klimavex.eu\/sk\/hyundai\/#primaryimage\"},\"thumbnailUrl\":\"https:\/\/klimavex.eu\/sk\/wp-content\/uploads\/2023\/11\/LOGO-HYUNDAI-HCV-1024x303.png\",\"datePublished\":\"2023-11-26T22:23:09+00:00\",\"dateModified\":\"2025-06-05T10:31:05+00:00\",\"description\":\"Hyundai je l\u00eddrom v mnoh\u00fdch segmentoch vr\u00e1tane obnovite\u013en\u00fdch zdrojov. Sme hrd\u00ed na to, \u017ee sme jej v\u00fdhradn\u00fdm z\u00e1stupcom na \u010deskoslovenskom trhu.\",\"breadcrumb\":{\"@id\":\"https:\/\/klimavex.eu\/sk\/hyundai\/#breadcrumb\"},\"inLanguage\":\"sk-SK\",\"potentialAction\":[{\"@type\":\"ReadAction\",\"target\":[\"https:\/\/klimavex.eu\/sk\/hyundai\/\"]}]},{\"@type\":\"ImageObject\",\"inLanguage\":\"sk-SK\",\"@id\":\"https:\/\/klimavex.eu\/sk\/hyundai\/#primaryimage\",\"url\":\"https:\/\/klimavex.eu\/sk\/wp-content\/uploads\/2023\/11\/LOGO-HYUNDAI-HCV.png\",\"contentUrl\":\"https:\/\/klimavex.eu\/sk\/wp-content\/uploads\/2023\/11\/LOGO-HYUNDAI-HCV.png\",\"width\":4687,\"height\":1389,\"caption\":\"hyundai logo\"},{\"@type\":\"BreadcrumbList\",\"@id\":\"https:\/\/klimavex.eu\/sk\/hyundai\/#breadcrumb\",\"itemListElement\":[{\"@type\":\"ListItem\",\"position\":1,\"name\":\"Domovsk\u00e1 str\u00e1nka\",\"item\":\"https:\/\/klimavex.eu\/sk\/\"},{\"@type\":\"ListItem\",\"position\":2,\"name\":\"Hyundai\"}]},{\"@type\":\"WebSite\",\"@id\":\"https:\/\/klimavex.eu\/sk\/#website\",\"url\":\"https:\/\/klimavex.eu\/sk\/\",\"name\":\"KLIMAVEX GROUP - Slovensko\",\"description\":\"\",\"publisher\":{\"@id\":\"https:\/\/klimavex.eu\/sk\/#organization\"},\"alternateName\":\"KLIMAVEX a.s.\",\"potentialAction\":[{\"@type\":\"SearchAction\",\"target\":{\"@type\":\"EntryPoint\",\"urlTemplate\":\"https:\/\/klimavex.eu\/sk\/?s={search_term_string}\"},\"query-input\":{\"@type\":\"PropertyValueSpecification\",\"valueRequired\":true,\"valueName\":\"search_term_string\"}}],\"inLanguage\":\"sk-SK\"},{\"@type\":\"Organization\",\"@id\":\"https:\/\/klimavex.eu\/sk\/#organization\",\"name\":\"KLIMAVEX GROUP\",\"alternateName\":\"KLIMAVEX a.s.\",\"url\":\"https:\/\/klimavex.eu\/sk\/\",\"logo\":{\"@type\":\"ImageObject\",\"inLanguage\":\"sk-SK\",\"@id\":\"https:\/\/klimavex.eu\/sk\/#\/schema\/logo\/image\/\",\"url\":\"https:\/\/klimavex.eu\/sk\/wp-content\/uploads\/2024\/04\/Klimavex-Group-logo.png\",\"contentUrl\":\"https:\/\/klimavex.eu\/sk\/wp-content\/uploads\/2024\/04\/Klimavex-Group-logo.png\",\"width\":1681,\"height\":472,\"caption\":\"KLIMAVEX GROUP\"},\"image\":{\"@id\":\"https:\/\/klimavex.eu\/sk\/#\/schema\/logo\/image\/\"},\"sameAs\":[\"https:\/\/www.facebook.com\/klimavex\",\"https:\/\/www.instagram.com\/klimavex_sk\/\"]}]}<\/script>\n<!-- \/ Yoast SEO plugin. -->","yoast_head_json":{"title":"Hyundai - KLIMAVEX GROUP - Slovensko","description":"Hyundai je l\u00eddrom v mnoh\u00fdch segmentoch vr\u00e1tane obnovite\u013en\u00fdch zdrojov. Sme hrd\u00ed na to, \u017ee sme jej v\u00fdhradn\u00fdm z\u00e1stupcom na \u010deskoslovenskom trhu.","robots":{"index":"index","follow":"follow","max-snippet":"max-snippet:-1","max-image-preview":"max-image-preview:large","max-video-preview":"max-video-preview:-1"},"canonical":"https:\/\/klimavex.eu\/sk\/hyundai\/","og_locale":"sk_SK","og_type":"article","og_title":"Hyundai - KLIMAVEX GROUP - Slovensko","og_description":"Hyundai je l\u00eddrom v mnoh\u00fdch segmentoch vr\u00e1tane obnovite\u013en\u00fdch zdrojov. Sme hrd\u00ed na to, \u017ee sme jej v\u00fdhradn\u00fdm z\u00e1stupcom na \u010deskoslovenskom trhu.","og_url":"https:\/\/klimavex.eu\/sk\/hyundai\/","og_site_name":"KLIMAVEX GROUP - Slovensko","article_publisher":"https:\/\/www.facebook.com\/klimavex","article_modified_time":"2025-06-05T10:31:05+00:00","og_image":[{"width":4687,"height":1389,"url":"https:\/\/klimavex.eu\/sk\/wp-content\/uploads\/2023\/11\/LOGO-HYUNDAI-HCV.png","type":"image\/png"}],"twitter_card":"summary_large_image","twitter_misc":{"Predpokladan\u00fd \u010das \u010d\u00edtania":"2 min\u00faty"},"schema":{"@context":"https:\/\/schema.org","@graph":[{"@type":"WebPage","@id":"https:\/\/klimavex.eu\/sk\/hyundai\/","url":"https:\/\/klimavex.eu\/sk\/hyundai\/","name":"Hyundai - KLIMAVEX GROUP - Slovensko","isPartOf":{"@id":"https:\/\/klimavex.eu\/sk\/#website"},"primaryImageOfPage":{"@id":"https:\/\/klimavex.eu\/sk\/hyundai\/#primaryimage"},"image":{"@id":"https:\/\/klimavex.eu\/sk\/hyundai\/#primaryimage"},"thumbnailUrl":"https:\/\/klimavex.eu\/sk\/wp-content\/uploads\/2023\/11\/LOGO-HYUNDAI-HCV-1024x303.png","datePublished":"2023-11-26T22:23:09+00:00","dateModified":"2025-06-05T10:31:05+00:00","description":"Hyundai je l\u00eddrom v mnoh\u00fdch segmentoch vr\u00e1tane obnovite\u013en\u00fdch zdrojov. Sme hrd\u00ed na to, \u017ee sme jej v\u00fdhradn\u00fdm z\u00e1stupcom na \u010deskoslovenskom trhu.","breadcrumb":{"@id":"https:\/\/klimavex.eu\/sk\/hyundai\/#breadcrumb"},"inLanguage":"sk-SK","potentialAction":[{"@type":"ReadAction","target":["https:\/\/klimavex.eu\/sk\/hyundai\/"]}]},{"@type":"ImageObject","inLanguage":"sk-SK","@id":"https:\/\/klimavex.eu\/sk\/hyundai\/#primaryimage","url":"https:\/\/klimavex.eu\/sk\/wp-content\/uploads\/2023\/11\/LOGO-HYUNDAI-HCV.png","contentUrl":"https:\/\/klimavex.eu\/sk\/wp-content\/uploads\/2023\/11\/LOGO-HYUNDAI-HCV.png","width":4687,"height":1389,"caption":"hyundai logo"},{"@type":"BreadcrumbList","@id":"https:\/\/klimavex.eu\/sk\/hyundai\/#breadcrumb","itemListElement":[{"@type":"ListItem","position":1,"name":"Domovsk\u00e1 str\u00e1nka","item":"https:\/\/klimavex.eu\/sk\/"},{"@type":"ListItem","position":2,"name":"Hyundai"}]},{"@type":"WebSite","@id":"https:\/\/klimavex.eu\/sk\/#website","url":"https:\/\/klimavex.eu\/sk\/","name":"KLIMAVEX GROUP - Slovensko","description":"","publisher":{"@id":"https:\/\/klimavex.eu\/sk\/#organization"},"alternateName":"KLIMAVEX a.s.","potentialAction":[{"@type":"SearchAction","target":{"@type":"EntryPoint","urlTemplate":"https:\/\/klimavex.eu\/sk\/?s={search_term_string}"},"query-input":{"@type":"PropertyValueSpecification","valueRequired":true,"valueName":"search_term_string"}}],"inLanguage":"sk-SK"},{"@type":"Organization","@id":"https:\/\/klimavex.eu\/sk\/#organization","name":"KLIMAVEX GROUP","alternateName":"KLIMAVEX a.s.","url":"https:\/\/klimavex.eu\/sk\/","logo":{"@type":"ImageObject","inLanguage":"sk-SK","@id":"https:\/\/klimavex.eu\/sk\/#\/schema\/logo\/image\/","url":"https:\/\/klimavex.eu\/sk\/wp-content\/uploads\/2024\/04\/Klimavex-Group-logo.png","contentUrl":"https:\/\/klimavex.eu\/sk\/wp-content\/uploads\/2024\/04\/Klimavex-Group-logo.png","width":1681,"height":472,"caption":"KLIMAVEX GROUP"},"image":{"@id":"https:\/\/klimavex.eu\/sk\/#\/schema\/logo\/image\/"},"sameAs":["https:\/\/www.facebook.com\/klimavex","https:\/\/www.instagram.com\/klimavex_sk\/"]}]}},"_links":{"self":[{"href":"https:\/\/klimavex.eu\/sk\/wp-json\/wp\/v2\/pages\/8641","targetHints":{"allow":["GET"]}}],"collection":[{"href":"https:\/\/klimavex.eu\/sk\/wp-json\/wp\/v2\/pages"}],"about":[{"href":"https:\/\/klimavex.eu\/sk\/wp-json\/wp\/v2\/types\/page"}],"author":[{"embeddable":true,"href":"https:\/\/klimavex.eu\/sk\/wp-json\/wp\/v2\/users\/1"}],"replies":[{"embeddable":true,"href":"https:\/\/klimavex.eu\/sk\/wp-json\/wp\/v2\/comments?post=8641"}],"version-history":[{"count":0,"href":"https:\/\/klimavex.eu\/sk\/wp-json\/wp\/v2\/pages\/8641\/revisions"}],"wp:attachment":[{"href":"https:\/\/klimavex.eu\/sk\/wp-json\/wp\/v2\/media?parent=8641"}],"curies":[{"name":"wp","href":"https:\/\/api.w.org\/{rel}","templated":true}]}}