{"id":8648,"date":"2023-11-26T22:26:38","date_gmt":"2023-11-26T22:26:38","guid":{"rendered":"https:\/\/klimavex.eu\/sk\/?page_id=8648"},"modified":"2024-05-22T11:03:54","modified_gmt":"2024-05-22T09:03:54","slug":"samsung","status":"publish","type":"page","link":"https:\/\/klimavex.eu\/sk\/samsung\/","title":{"rendered":"Samsung"},"content":{"rendered":"\t\t<div data-elementor-type=\"wp-page\" data-elementor-id=\"8648\" class=\"elementor elementor-8648\" data-elementor-post-type=\"page\">\n\t\t\t\t\t\t<section class=\"wd-negative-gap elementor-section elementor-top-section elementor-element elementor-element-4827568 elementor-section-boxed elementor-section-height-default elementor-section-height-default\" data-id=\"4827568\" data-element_type=\"section\">\n\t\t\t\t\t\t\t<div class=\"elementor-background-overlay\"><\/div>\n\t\t\t\t\t\t\t<div class=\"elementor-container elementor-column-gap-default\">\n\t\t\t\t\t<div class=\"elementor-column elementor-col-100 elementor-top-column elementor-element elementor-element-b3224a2\" data-id=\"b3224a2\" data-element_type=\"column\" data-settings=\"{&quot;background_background&quot;:&quot;classic&quot;}\">\n\t\t\t<div class=\"elementor-widget-wrap elementor-element-populated\">\n\t\t\t\t\t\t<div class=\"elementor-element elementor-element-27f3b4b wd-width-100 elementor-widget elementor-widget-wd_title\" data-id=\"27f3b4b\" data-element_type=\"widget\" data-widget_type=\"wd_title.default\">\n\t\t\t\t<div class=\"elementor-widget-container\">\n\t\t\t\t\t<div class=\"title-wrapper wd-set-mb reset-last-child wd-title-color-default wd-title-style-default wd-title-size-default text-center\">\n\n\t\t\t\n\t\t\t<div class=\"liner-continer\">\n\t\t\t\t<h4 class=\"woodmart-title-container title wd-fontsize-l\">NA\u0160I V\u00ddROBCOVIA<\/h4> \n\t\t\t\t\t\t\t<\/div>\n\n\t\t\t\t\t<\/div>\n\t\t\t\t<\/div>\n\t\t\t\t<\/div>\n\t\t\t\t<div class=\"elementor-element elementor-element-8516e7d elementor-widget-divider--separator-type-pattern elementor-widget-divider--view-line elementor-widget elementor-widget-divider\" data-id=\"8516e7d\" data-element_type=\"widget\" data-widget_type=\"divider.default\">\n\t\t\t\t<div class=\"elementor-widget-container\">\n\t\t\t\t\t<div class=\"elementor-divider\" style=\"--divider-pattern-url: url(&quot;data:image\/svg+xml,%3Csvg xmlns=&#039;http:\/\/www.w3.org\/2000\/svg&#039; preserveAspectRatio=&#039;none&#039; overflow=&#039;visible&#039; height=&#039;100%&#039; viewBox=&#039;0 0 24 24&#039; fill=&#039;black&#039; stroke=&#039;none&#039;%3E%3Cpolygon points=&#039;9.4,2 24,2 14.6,21.6 0,21.6&#039;\/%3E%3C\/svg%3E&quot;);\">\n\t\t\t<span class=\"elementor-divider-separator\">\n\t\t\t\t\t\t<\/span>\n\t\t<\/div>\n\t\t\t\t<\/div>\n\t\t\t\t<\/div>\n\t\t\t\t<section class=\"wd-negative-gap elementor-section elementor-inner-section elementor-element elementor-element-d9e0d8d elementor-section-full_width elementor-section-content-middle elementor-section-height-default elementor-section-height-default\" data-id=\"d9e0d8d\" data-element_type=\"section\">\n\t\t\t\t\t\t<div class=\"elementor-container elementor-column-gap-no\">\n\t\t\t\t\t<div class=\"elementor-column elementor-col-100 elementor-inner-column elementor-element elementor-element-5a4b672\" data-id=\"5a4b672\" data-element_type=\"column\">\n\t\t\t<div class=\"elementor-widget-wrap elementor-element-populated\">\n\t\t\t\t\t\t<div class=\"elementor-element elementor-element-bc88402 elementor-widget elementor-widget-image\" data-id=\"bc88402\" data-element_type=\"widget\" data-widget_type=\"image.default\">\n\t\t\t\t<div class=\"elementor-widget-container\">\n\t\t\t\t\t\t\t\t\t\t\t\t\t<img fetchpriority=\"high\" decoding=\"async\" width=\"1024\" height=\"201\" src=\"https:\/\/klimavex.eu\/sk\/wp-content\/uploads\/2023\/11\/samsung-logo-png-1300-kopie-1024x201.png\" class=\"attachment-large size-large wp-image-59\" alt=\"logo samsung\" srcset=\"https:\/\/klimavex.eu\/sk\/wp-content\/uploads\/2023\/11\/samsung-logo-png-1300-kopie-1024x201.png 1024w, https:\/\/klimavex.eu\/sk\/wp-content\/uploads\/2023\/11\/samsung-logo-png-1300-kopie-300x59.png 300w, https:\/\/klimavex.eu\/sk\/wp-content\/uploads\/2023\/11\/samsung-logo-png-1300-kopie-768x151.png 768w, https:\/\/klimavex.eu\/sk\/wp-content\/uploads\/2023\/11\/samsung-logo-png-1300-kopie-1536x301.png 1536w, https:\/\/klimavex.eu\/sk\/wp-content\/uploads\/2023\/11\/samsung-logo-png-1300-kopie-2048x402.png 2048w, https:\/\/klimavex.eu\/sk\/wp-content\/uploads\/2023\/11\/samsung-logo-png-1300-kopie-600x118.png 600w, https:\/\/klimavex.eu\/sk\/wp-content\/uploads\/2023\/11\/samsung-logo-png-1300-kopie-20x4.png 20w, https:\/\/klimavex.eu\/sk\/wp-content\/uploads\/2023\/11\/samsung-logo-png-1300-kopie-150x29.png 150w\" sizes=\"(max-width: 1024px) 100vw, 1024px\" \/>\t\t\t\t\t\t\t\t\t\t\t\t\t<\/div>\n\t\t\t\t<\/div>\n\t\t\t\t<div class=\"elementor-element elementor-element-f0cebf3 elementor-widget elementor-widget-heading\" data-id=\"f0cebf3\" data-element_type=\"widget\" data-widget_type=\"heading.default\">\n\t\t\t\t<div class=\"elementor-widget-container\">\n\t\t\t<h2 class=\"elementor-heading-title elementor-size-default\">REZIDEN\u010cN\u00c9 A KOMER\u010cN\u00c9 KLIMATIZ\u00c1CIE | TEPELN\u00c9 \u010cERPADL\u00c1 | VRF SYST\u00c9MY<\/h2>\t\t<\/div>\n\t\t\t\t<\/div>\n\t\t\t\t<div class=\"elementor-element elementor-element-0d7390f elementor-widget elementor-widget-heading\" data-id=\"0d7390f\" data-element_type=\"widget\" data-widget_type=\"heading.default\">\n\t\t\t\t<div class=\"elementor-widget-container\">\n\t\t\t<h2 class=\"elementor-heading-title elementor-size-default\"><a href=\"\/sk\/eshop\/?filter_znacka=samsung\">Sortiment<\/a><\/h2>\t\t<\/div>\n\t\t\t\t<\/div>\n\t\t\t\t<div class=\"elementor-element elementor-element-2613302 color-scheme-inherit text-left elementor-widget elementor-widget-text-editor\" data-id=\"2613302\" data-element_type=\"widget\" data-widget_type=\"text-editor.default\">\n\t\t\t\t<div class=\"elementor-widget-container\">\n\t\t\t\t\t\t\t<p>\u00a0<\/p><p>Najv\u00e4\u010d\u0161\u00ed juhok\u00f3rejsk\u00fd holding <b>Samsung<\/b> je medzin\u00e1rodn\u00e1 technologick\u00e1 spolo\u010dnos\u0165 so <a href=\"https:\/\/www.samsung.com\/us\/about-us\/leadership-and-mission\/heritage\/\">siln\u00fdm zameran\u00edm na v\u00fdskum a v\u00fdvoj nov\u00fdch technol\u00f3gi\u00ed<\/a>, v\u010faka \u010domu sa stala jednou z <b>popredn\u00fdch technologick\u00fdch spolo\u010dnost\u00ed<\/b> v glob\u00e1lnom meradle.<\/p><p>Obchodn\u00e1 zna\u010dka <b>Samsung HVAC<\/b> vyu\u017e\u00edva inovat\u00edvne technol\u00f3gie, aby v\u00e1m priniesla rozsiahly a spo\u013eahliv\u00fd rad <b>klimatiza\u010dn\u00fdch syst\u00e9mov<\/b>. \u010ci u\u017e h\u013ead\u00e1te optim\u00e1lne rie\u0161enie pre domov, alebo do komer\u010dn\u00fdch priestorov, pom\u00f4\u017eeme v\u00e1m vybra\u0165 vhodn\u00fd klimatiza\u010dn\u00fd syst\u00e9m od spolo\u010dnosti Samsung, ktor\u00fd bude \u0161it\u00fd na mieru va\u0161im potreb\u00e1m.<\/p><p>V\u010faka pokro\u010dilej technol\u00f3gii a \u0161irokej \u0161k\u00e1le v\u00fdkonov s\u00fa <b>syst\u00e9my VRF<\/b> spolo\u010dnosti Samsung vhodn\u00fdm rie\u0161en\u00edm pre kon\u0161trukcie, ktor\u00e9 vy\u017eaduj\u00fa efekt\u00edvnej\u0161iu, individualizovan\u00fa a flexibilnej\u0161iu in\u0161tal\u00e1ciu, ako s\u00fa nielen v\u00fd\u0161kov\u00e9 bytov\u00e9 domy alebo kancel\u00e1rske stavby, ale aj mal\u00e9 komer\u010dn\u00e9 budovy.<\/p><p>Rovnako<b> tepeln\u00e9 \u010derpadl\u00e1<\/b> vyu\u017e\u00edvaj\u00fa pokro\u010dil\u00e9 syst\u00e9my a mechanizmy, aby zabezpe\u010dili \u010do najvy\u0161\u0161iu \u00fa\u010dinnos\u0165 a z\u00e1rove\u0148 pohodlnos\u0165 pre ich u\u017e\u00edvate\u013eov.<\/p>\t\t\t\t\t\t<\/div>\n\t\t\t\t<\/div>\n\t\t\t\t\t<\/div>\n\t\t<\/div>\n\t\t\t\t\t<\/div>\n\t\t<\/section>\n\t\t\t\t\t<\/div>\n\t\t<\/div>\n\t\t\t\t\t<\/div>\n\t\t<\/section>\n\t\t\t\t<\/div>\n\t\t","protected":false},"excerpt":{"rendered":"<p>NA\u0160I V\u00ddROBCOVIA REZIDEN\u010cN\u00c9 A KOMER\u010cN\u00c9 KLIMATIZ\u00c1CIE | TEPELN\u00c9 \u010cERPADL\u00c1 | VRF SYST\u00c9MY Sortiment Najv\u00e4\u010d\u0161\u00ed juhok\u00f3rejsk\u00fd holding Samsung je medzin\u00e1rodn\u00e1 technologick\u00e1<\/p>\n","protected":false},"author":1,"featured_media":0,"parent":0,"menu_order":0,"comment_status":"closed","ping_status":"closed","template":"","meta":{"footnotes":""},"class_list":["post-8648","page","type-page","status-publish","hentry"],"yoast_head":"<!-- This site is optimized with the Yoast SEO plugin v23.9 - https:\/\/yoast.com\/wordpress\/plugins\/seo\/ -->\n<title>Samsung - KLIMAVEX GROUP - Slovensko<\/title>\n<meta name=\"description\" content=\"Samsung je technologick\u00e1 spolo\u010dnos\u0165 so zameran\u00edm na nov\u00e9 technol\u00f3gie, v\u010faka \u010domu sa stala jednou z popredn\u00fdch technologick\u00fdch spolo\u010dnost\u00ed\" \/>\n<meta name=\"robots\" content=\"index, follow, max-snippet:-1, max-image-preview:large, max-video-preview:-1\" \/>\n<link rel=\"canonical\" href=\"https:\/\/klimavex.eu\/sk\/samsung\/\" \/>\n<meta property=\"og:locale\" content=\"sk_SK\" \/>\n<meta property=\"og:type\" content=\"article\" \/>\n<meta property=\"og:title\" content=\"Samsung - KLIMAVEX GROUP - Slovensko\" \/>\n<meta property=\"og:description\" content=\"Samsung je technologick\u00e1 spolo\u010dnos\u0165 so zameran\u00edm na nov\u00e9 technol\u00f3gie, v\u010faka \u010domu sa stala jednou z popredn\u00fdch technologick\u00fdch spolo\u010dnost\u00ed\" \/>\n<meta property=\"og:url\" content=\"https:\/\/klimavex.eu\/sk\/samsung\/\" \/>\n<meta property=\"og:site_name\" content=\"KLIMAVEX GROUP - Slovensko\" \/>\n<meta property=\"article:publisher\" content=\"https:\/\/www.facebook.com\/klimavex\" \/>\n<meta property=\"article:modified_time\" content=\"2024-05-22T09:03:54+00:00\" \/>\n<meta property=\"og:image\" content=\"https:\/\/klimavex.eu\/sk\/wp-content\/uploads\/2023\/11\/samsung-logo-png-1300-kopie-1024x201.png\" \/>\n<meta name=\"twitter:card\" content=\"summary_large_image\" \/>\n<meta name=\"twitter:label1\" content=\"Predpokladan\u00fd \u010das \u010d\u00edtania\" \/>\n\t<meta name=\"twitter:data1\" content=\"1 min\u00fata\" \/>\n<script type=\"application\/ld+json\" class=\"yoast-schema-graph\">{\"@context\":\"https:\/\/schema.org\",\"@graph\":[{\"@type\":\"WebPage\",\"@id\":\"https:\/\/klimavex.eu\/sk\/samsung\/\",\"url\":\"https:\/\/klimavex.eu\/sk\/samsung\/\",\"name\":\"Samsung - KLIMAVEX GROUP - Slovensko\",\"isPartOf\":{\"@id\":\"https:\/\/klimavex.eu\/sk\/#website\"},\"primaryImageOfPage\":{\"@id\":\"https:\/\/klimavex.eu\/sk\/samsung\/#primaryimage\"},\"image\":{\"@id\":\"https:\/\/klimavex.eu\/sk\/samsung\/#primaryimage\"},\"thumbnailUrl\":\"https:\/\/klimavex.eu\/sk\/wp-content\/uploads\/2023\/11\/samsung-logo-png-1300-kopie-1024x201.png\",\"datePublished\":\"2023-11-26T22:26:38+00:00\",\"dateModified\":\"2024-05-22T09:03:54+00:00\",\"description\":\"Samsung je technologick\u00e1 spolo\u010dnos\u0165 so zameran\u00edm na nov\u00e9 technol\u00f3gie, v\u010faka \u010domu sa stala jednou z popredn\u00fdch technologick\u00fdch spolo\u010dnost\u00ed\",\"breadcrumb\":{\"@id\":\"https:\/\/klimavex.eu\/sk\/samsung\/#breadcrumb\"},\"inLanguage\":\"sk-SK\",\"potentialAction\":[{\"@type\":\"ReadAction\",\"target\":[\"https:\/\/klimavex.eu\/sk\/samsung\/\"]}]},{\"@type\":\"ImageObject\",\"inLanguage\":\"sk-SK\",\"@id\":\"https:\/\/klimavex.eu\/sk\/samsung\/#primaryimage\",\"url\":\"https:\/\/klimavex.eu\/sk\/wp-content\/uploads\/2023\/11\/samsung-logo-png-1300-kopie.png\",\"contentUrl\":\"https:\/\/klimavex.eu\/sk\/wp-content\/uploads\/2023\/11\/samsung-logo-png-1300-kopie.png\",\"width\":2611,\"height\":512,\"caption\":\"logo samsung\"},{\"@type\":\"BreadcrumbList\",\"@id\":\"https:\/\/klimavex.eu\/sk\/samsung\/#breadcrumb\",\"itemListElement\":[{\"@type\":\"ListItem\",\"position\":1,\"name\":\"Domovsk\u00e1 str\u00e1nka\",\"item\":\"https:\/\/klimavex.eu\/sk\/\"},{\"@type\":\"ListItem\",\"position\":2,\"name\":\"Samsung\"}]},{\"@type\":\"WebSite\",\"@id\":\"https:\/\/klimavex.eu\/sk\/#website\",\"url\":\"https:\/\/klimavex.eu\/sk\/\",\"name\":\"KLIMAVEX GROUP - Slovensko\",\"description\":\"\",\"publisher\":{\"@id\":\"https:\/\/klimavex.eu\/sk\/#organization\"},\"alternateName\":\"KLIMAVEX a.s.\",\"potentialAction\":[{\"@type\":\"SearchAction\",\"target\":{\"@type\":\"EntryPoint\",\"urlTemplate\":\"https:\/\/klimavex.eu\/sk\/?s={search_term_string}\"},\"query-input\":{\"@type\":\"PropertyValueSpecification\",\"valueRequired\":true,\"valueName\":\"search_term_string\"}}],\"inLanguage\":\"sk-SK\"},{\"@type\":\"Organization\",\"@id\":\"https:\/\/klimavex.eu\/sk\/#organization\",\"name\":\"KLIMAVEX GROUP\",\"alternateName\":\"KLIMAVEX a.s.\",\"url\":\"https:\/\/klimavex.eu\/sk\/\",\"logo\":{\"@type\":\"ImageObject\",\"inLanguage\":\"sk-SK\",\"@id\":\"https:\/\/klimavex.eu\/sk\/#\/schema\/logo\/image\/\",\"url\":\"https:\/\/klimavex.eu\/sk\/wp-content\/uploads\/2024\/04\/Klimavex-Group-logo.png\",\"contentUrl\":\"https:\/\/klimavex.eu\/sk\/wp-content\/uploads\/2024\/04\/Klimavex-Group-logo.png\",\"width\":1681,\"height\":472,\"caption\":\"KLIMAVEX GROUP\"},\"image\":{\"@id\":\"https:\/\/klimavex.eu\/sk\/#\/schema\/logo\/image\/\"},\"sameAs\":[\"https:\/\/www.facebook.com\/klimavex\",\"https:\/\/www.instagram.com\/klimavex_sk\/\"]}]}<\/script>\n<!-- \/ Yoast SEO plugin. -->","yoast_head_json":{"title":"Samsung - KLIMAVEX GROUP - Slovensko","description":"Samsung je technologick\u00e1 spolo\u010dnos\u0165 so zameran\u00edm na nov\u00e9 technol\u00f3gie, v\u010faka \u010domu sa stala jednou z popredn\u00fdch technologick\u00fdch spolo\u010dnost\u00ed","robots":{"index":"index","follow":"follow","max-snippet":"max-snippet:-1","max-image-preview":"max-image-preview:large","max-video-preview":"max-video-preview:-1"},"canonical":"https:\/\/klimavex.eu\/sk\/samsung\/","og_locale":"sk_SK","og_type":"article","og_title":"Samsung - KLIMAVEX GROUP - Slovensko","og_description":"Samsung je technologick\u00e1 spolo\u010dnos\u0165 so zameran\u00edm na nov\u00e9 technol\u00f3gie, v\u010faka \u010domu sa stala jednou z popredn\u00fdch technologick\u00fdch spolo\u010dnost\u00ed","og_url":"https:\/\/klimavex.eu\/sk\/samsung\/","og_site_name":"KLIMAVEX GROUP - Slovensko","article_publisher":"https:\/\/www.facebook.com\/klimavex","article_modified_time":"2024-05-22T09:03:54+00:00","og_image":[{"url":"https:\/\/klimavex.eu\/sk\/wp-content\/uploads\/2023\/11\/samsung-logo-png-1300-kopie-1024x201.png"}],"twitter_card":"summary_large_image","twitter_misc":{"Predpokladan\u00fd \u010das \u010d\u00edtania":"1 min\u00fata"},"schema":{"@context":"https:\/\/schema.org","@graph":[{"@type":"WebPage","@id":"https:\/\/klimavex.eu\/sk\/samsung\/","url":"https:\/\/klimavex.eu\/sk\/samsung\/","name":"Samsung - KLIMAVEX GROUP - Slovensko","isPartOf":{"@id":"https:\/\/klimavex.eu\/sk\/#website"},"primaryImageOfPage":{"@id":"https:\/\/klimavex.eu\/sk\/samsung\/#primaryimage"},"image":{"@id":"https:\/\/klimavex.eu\/sk\/samsung\/#primaryimage"},"thumbnailUrl":"https:\/\/klimavex.eu\/sk\/wp-content\/uploads\/2023\/11\/samsung-logo-png-1300-kopie-1024x201.png","datePublished":"2023-11-26T22:26:38+00:00","dateModified":"2024-05-22T09:03:54+00:00","description":"Samsung je technologick\u00e1 spolo\u010dnos\u0165 so zameran\u00edm na nov\u00e9 technol\u00f3gie, v\u010faka \u010domu sa stala jednou z popredn\u00fdch technologick\u00fdch spolo\u010dnost\u00ed","breadcrumb":{"@id":"https:\/\/klimavex.eu\/sk\/samsung\/#breadcrumb"},"inLanguage":"sk-SK","potentialAction":[{"@type":"ReadAction","target":["https:\/\/klimavex.eu\/sk\/samsung\/"]}]},{"@type":"ImageObject","inLanguage":"sk-SK","@id":"https:\/\/klimavex.eu\/sk\/samsung\/#primaryimage","url":"https:\/\/klimavex.eu\/sk\/wp-content\/uploads\/2023\/11\/samsung-logo-png-1300-kopie.png","contentUrl":"https:\/\/klimavex.eu\/sk\/wp-content\/uploads\/2023\/11\/samsung-logo-png-1300-kopie.png","width":2611,"height":512,"caption":"logo samsung"},{"@type":"BreadcrumbList","@id":"https:\/\/klimavex.eu\/sk\/samsung\/#breadcrumb","itemListElement":[{"@type":"ListItem","position":1,"name":"Domovsk\u00e1 str\u00e1nka","item":"https:\/\/klimavex.eu\/sk\/"},{"@type":"ListItem","position":2,"name":"Samsung"}]},{"@type":"WebSite","@id":"https:\/\/klimavex.eu\/sk\/#website","url":"https:\/\/klimavex.eu\/sk\/","name":"KLIMAVEX GROUP - Slovensko","description":"","publisher":{"@id":"https:\/\/klimavex.eu\/sk\/#organization"},"alternateName":"KLIMAVEX a.s.","potentialAction":[{"@type":"SearchAction","target":{"@type":"EntryPoint","urlTemplate":"https:\/\/klimavex.eu\/sk\/?s={search_term_string}"},"query-input":{"@type":"PropertyValueSpecification","valueRequired":true,"valueName":"search_term_string"}}],"inLanguage":"sk-SK"},{"@type":"Organization","@id":"https:\/\/klimavex.eu\/sk\/#organization","name":"KLIMAVEX GROUP","alternateName":"KLIMAVEX a.s.","url":"https:\/\/klimavex.eu\/sk\/","logo":{"@type":"ImageObject","inLanguage":"sk-SK","@id":"https:\/\/klimavex.eu\/sk\/#\/schema\/logo\/image\/","url":"https:\/\/klimavex.eu\/sk\/wp-content\/uploads\/2024\/04\/Klimavex-Group-logo.png","contentUrl":"https:\/\/klimavex.eu\/sk\/wp-content\/uploads\/2024\/04\/Klimavex-Group-logo.png","width":1681,"height":472,"caption":"KLIMAVEX GROUP"},"image":{"@id":"https:\/\/klimavex.eu\/sk\/#\/schema\/logo\/image\/"},"sameAs":["https:\/\/www.facebook.com\/klimavex","https:\/\/www.instagram.com\/klimavex_sk\/"]}]}},"_links":{"self":[{"href":"https:\/\/klimavex.eu\/sk\/wp-json\/wp\/v2\/pages\/8648","targetHints":{"allow":["GET"]}}],"collection":[{"href":"https:\/\/klimavex.eu\/sk\/wp-json\/wp\/v2\/pages"}],"about":[{"href":"https:\/\/klimavex.eu\/sk\/wp-json\/wp\/v2\/types\/page"}],"author":[{"embeddable":true,"href":"https:\/\/klimavex.eu\/sk\/wp-json\/wp\/v2\/users\/1"}],"replies":[{"embeddable":true,"href":"https:\/\/klimavex.eu\/sk\/wp-json\/wp\/v2\/comments?post=8648"}],"version-history":[{"count":0,"href":"https:\/\/klimavex.eu\/sk\/wp-json\/wp\/v2\/pages\/8648\/revisions"}],"wp:attachment":[{"href":"https:\/\/klimavex.eu\/sk\/wp-json\/wp\/v2\/media?parent=8648"}],"curies":[{"name":"wp","href":"https:\/\/api.w.org\/{rel}","templated":true}]}}