{"id":8652,"date":"2023-11-26T22:27:15","date_gmt":"2023-11-26T22:27:15","guid":{"rendered":"https:\/\/klimavex.eu\/sk\/?page_id=8652"},"modified":"2024-07-15T10:53:36","modified_gmt":"2024-07-15T08:53:36","slug":"dantherm","status":"publish","type":"page","link":"https:\/\/klimavex.eu\/sk\/dantherm\/","title":{"rendered":"Dantherm"},"content":{"rendered":"\t\t<div data-elementor-type=\"wp-page\" data-elementor-id=\"8652\" class=\"elementor elementor-8652\" data-elementor-post-type=\"page\">\n\t\t\t\t\t\t<section class=\"wd-negative-gap elementor-section elementor-top-section elementor-element elementor-element-b8c96a9 elementor-section-boxed elementor-section-height-default elementor-section-height-default\" data-id=\"b8c96a9\" data-element_type=\"section\">\n\t\t\t\t\t\t\t<div class=\"elementor-background-overlay\"><\/div>\n\t\t\t\t\t\t\t<div class=\"elementor-container elementor-column-gap-default\">\n\t\t\t\t\t<div class=\"elementor-column elementor-col-100 elementor-top-column elementor-element elementor-element-31948a7\" data-id=\"31948a7\" data-element_type=\"column\" data-settings=\"{&quot;background_background&quot;:&quot;classic&quot;}\">\n\t\t\t<div class=\"elementor-widget-wrap elementor-element-populated\">\n\t\t\t\t\t\t<div class=\"elementor-element elementor-element-2a46eb4 wd-width-100 elementor-widget elementor-widget-wd_title\" data-id=\"2a46eb4\" data-element_type=\"widget\" data-widget_type=\"wd_title.default\">\n\t\t\t\t<div class=\"elementor-widget-container\">\n\t\t\t\t\t<div class=\"title-wrapper wd-set-mb reset-last-child wd-title-color-default wd-title-style-default wd-title-size-default text-center\">\n\n\t\t\t\n\t\t\t<div class=\"liner-continer\">\n\t\t\t\t<h4 class=\"woodmart-title-container title wd-fontsize-l\">NA\u0160I V\u00ddROBCOVIA<\/h4> \n\t\t\t\t\t\t\t<\/div>\n\n\t\t\t\t\t<\/div>\n\t\t\t\t<\/div>\n\t\t\t\t<\/div>\n\t\t\t\t<div class=\"elementor-element elementor-element-f62dbc5 elementor-widget-divider--separator-type-pattern elementor-widget-divider--view-line elementor-widget elementor-widget-divider\" data-id=\"f62dbc5\" data-element_type=\"widget\" data-widget_type=\"divider.default\">\n\t\t\t\t<div class=\"elementor-widget-container\">\n\t\t\t\t\t<div class=\"elementor-divider\" style=\"--divider-pattern-url: url(&quot;data:image\/svg+xml,%3Csvg xmlns=&#039;http:\/\/www.w3.org\/2000\/svg&#039; preserveAspectRatio=&#039;none&#039; overflow=&#039;visible&#039; height=&#039;100%&#039; viewBox=&#039;0 0 24 24&#039; fill=&#039;black&#039; stroke=&#039;none&#039;%3E%3Cpolygon points=&#039;9.4,2 24,2 14.6,21.6 0,21.6&#039;\/%3E%3C\/svg%3E&quot;);\">\n\t\t\t<span class=\"elementor-divider-separator\">\n\t\t\t\t\t\t<\/span>\n\t\t<\/div>\n\t\t\t\t<\/div>\n\t\t\t\t<\/div>\n\t\t\t\t<section class=\"wd-negative-gap elementor-section elementor-inner-section elementor-element elementor-element-56fdbf7 elementor-section-full_width elementor-section-content-middle elementor-section-height-default elementor-section-height-default\" data-id=\"56fdbf7\" data-element_type=\"section\">\n\t\t\t\t\t\t<div class=\"elementor-container elementor-column-gap-no\">\n\t\t\t\t\t<div class=\"elementor-column elementor-col-100 elementor-inner-column elementor-element elementor-element-a05db5b\" data-id=\"a05db5b\" data-element_type=\"column\">\n\t\t\t<div class=\"elementor-widget-wrap elementor-element-populated\">\n\t\t\t\t\t\t<div class=\"elementor-element elementor-element-984cb49 elementor-widget elementor-widget-image\" data-id=\"984cb49\" data-element_type=\"widget\" data-widget_type=\"image.default\">\n\t\t\t\t<div class=\"elementor-widget-container\">\n\t\t\t\t\t\t\t\t\t\t\t\t\t<img fetchpriority=\"high\" decoding=\"async\" width=\"1024\" height=\"182\" src=\"https:\/\/klimavex.eu\/sk\/wp-content\/uploads\/2023\/11\/LOGO-DANTHERM-1024x182.png\" class=\"attachment-large size-large wp-image-65\" alt=\"dantherm logo\" srcset=\"https:\/\/klimavex.eu\/sk\/wp-content\/uploads\/2023\/11\/LOGO-DANTHERM-1024x182.png 1024w, https:\/\/klimavex.eu\/sk\/wp-content\/uploads\/2023\/11\/LOGO-DANTHERM-300x53.png 300w, https:\/\/klimavex.eu\/sk\/wp-content\/uploads\/2023\/11\/LOGO-DANTHERM-768x136.png 768w, https:\/\/klimavex.eu\/sk\/wp-content\/uploads\/2023\/11\/LOGO-DANTHERM-1536x272.png 1536w, https:\/\/klimavex.eu\/sk\/wp-content\/uploads\/2023\/11\/LOGO-DANTHERM-2048x363.png 2048w, https:\/\/klimavex.eu\/sk\/wp-content\/uploads\/2023\/11\/LOGO-DANTHERM-600x106.png 600w, https:\/\/klimavex.eu\/sk\/wp-content\/uploads\/2023\/11\/LOGO-DANTHERM-20x4.png 20w, https:\/\/klimavex.eu\/sk\/wp-content\/uploads\/2023\/11\/LOGO-DANTHERM-150x27.png 150w\" sizes=\"(max-width: 1024px) 100vw, 1024px\" \/>\t\t\t\t\t\t\t\t\t\t\t\t\t<\/div>\n\t\t\t\t<\/div>\n\t\t\t\t<div class=\"elementor-element elementor-element-861b1cd elementor-widget elementor-widget-heading\" data-id=\"861b1cd\" data-element_type=\"widget\" data-widget_type=\"heading.default\">\n\t\t\t\t<div class=\"elementor-widget-container\">\n\t\t\t<h2 class=\"elementor-heading-title elementor-size-default\">REKUPERA\u010cN\u00c9 JEDNOTKY | REZIDEN\u010cN\u00c9, KOMER\u010cN\u00c9 A PRIEMYSLOV\u00c9 ODVLH\u010cOVA\u010cE |\nBAZ\u00c9NOV\u00c9 JEDNOTKY<\/h2>\t\t<\/div>\n\t\t\t\t<\/div>\n\t\t\t\t<div class=\"elementor-element elementor-element-9de9cfb elementor-widget elementor-widget-heading\" data-id=\"9de9cfb\" data-element_type=\"widget\" data-widget_type=\"heading.default\">\n\t\t\t\t<div class=\"elementor-widget-container\">\n\t\t\t<h2 class=\"elementor-heading-title elementor-size-default\"><a href=\"\/sk\/eshop\/?filter_znacka=dantherm\">Sortiment<\/a><\/h2>\t\t<\/div>\n\t\t\t\t<\/div>\n\t\t\t\t<div class=\"elementor-element elementor-element-872a023 color-scheme-inherit text-left elementor-widget elementor-widget-text-editor\" data-id=\"872a023\" data-element_type=\"widget\" data-widget_type=\"text-editor.default\">\n\t\t\t\t<div class=\"elementor-widget-container\">\n\t\t\t\t\t\t\t<p>\u00a0<\/p><p>Spolo\u010dnos\u0165 <b>Dantherm Air Handling A\/S<\/b> bola zalo\u017een\u00e1 roku 1958 Ejlertom R. Olsenom. Z po\u010diatku sa v\u00fdroba zameriavala len na ohrieva\u010de vzduchu, odvlh\u010dova\u010de a vetracie vzduchotechnick\u00e9 jednotky. V roku 1998 bolo portf\u00f3lio roz\u0161\u00edren\u00e9 o jednotky na chladenie telekomunika\u010dn\u00fdch priestorov.<\/p><p>Inovat\u00edvne, spo\u013eahliv\u00e9 a energeticky efekt\u00edvne zariadenia zabezpe\u010duj\u00fa <a href=\"&quot;https:\/\/www.danthermgroup.com\/\">tomuto d\u00e1nskemu v\u00fdrobcovi<\/a> <b>poz\u00edciu l\u00eddra<\/b> medzi v\u00fdrobcami stacion\u00e1rnych a mobiln\u00fdch jednotiek.<\/p><p>Spolo\u010dnos\u0165 sa zameriava na oblas\u0165 <b>odvlh\u010dovania<\/b> u\u017e viac ako 60 rokov a pon\u00faka vhodn\u00e9 rie\u0161enia ako <b>pre reziden\u010dn\u00e9 budovy<\/b>, tak aj <b>pre komer\u010dn\u00e9 priestory<\/b> (baz\u00e9nov\u00e9 haly \u010di aquaparky).<\/p><p>V ponuke ich produktov m\u00f4\u017eete n\u00e1js\u0165 \u0161irok\u00fd v\u00fdber <b>rekupera\u010dn\u00fdch jednotiek<\/b>, dom\u00e1cich a komer\u010dn\u00fdch odvlh\u010dova\u010dov, priemyseln\u00fdch a adsorp\u010dn\u00fdch odvlh\u010dova\u010dov, baz\u00e9nov\u00fdch kompaktn\u00fdch a zostavn\u00fdch odvlh\u010dovac\u00edch jednotiek.<\/p><p>KLIMAVEX v spolupr\u00e1ci s Dantherm organizuje pre svojich partnerov pracovn\u00e9 cesty do v\u00fdrobn\u00e9ho z\u00e1vodu Dantherm v D\u00e1nsku.<\/p>\t\t\t\t\t\t<\/div>\n\t\t\t\t<\/div>\n\t\t\t\t\t<\/div>\n\t\t<\/div>\n\t\t\t\t\t<\/div>\n\t\t<\/section>\n\t\t\t\t\t<\/div>\n\t\t<\/div>\n\t\t\t\t\t<\/div>\n\t\t<\/section>\n\t\t\t\t<\/div>\n\t\t","protected":false},"excerpt":{"rendered":"<p>NA\u0160I V\u00ddROBCOVIA REKUPERA\u010cN\u00c9 JEDNOTKY | REZIDEN\u010cN\u00c9, KOMER\u010cN\u00c9 A PRIEMYSLOV\u00c9 ODVLH\u010cOVA\u010cE | BAZ\u00c9NOV\u00c9 JEDNOTKY Sortiment \u00a0 Spolo\u010dnos\u0165 Dantherm Air Handling A\/S<\/p>\n","protected":false},"author":1,"featured_media":0,"parent":0,"menu_order":0,"comment_status":"closed","ping_status":"closed","template":"","meta":{"footnotes":""},"class_list":["post-8652","page","type-page","status-publish","hentry"],"yoast_head":"<!-- This site is optimized with the Yoast SEO plugin v23.9 - https:\/\/yoast.com\/wordpress\/plugins\/seo\/ -->\n<title>Dantherm - KLIMAVEX GROUP - Slovensko<\/title>\n<meta name=\"description\" content=\"Spolo\u010dnos\u0165 Dantherm vyr\u00e1ba ohrieva\u010de vzduchu, odvlh\u010dova\u010de, vetracie a chladiace jednotky. Pozrite si ich portf\u00f3lio.\" \/>\n<meta name=\"robots\" content=\"index, follow, max-snippet:-1, max-image-preview:large, max-video-preview:-1\" \/>\n<link rel=\"canonical\" href=\"https:\/\/klimavex.eu\/sk\/dantherm\/\" \/>\n<meta property=\"og:locale\" content=\"sk_SK\" \/>\n<meta property=\"og:type\" content=\"article\" \/>\n<meta property=\"og:title\" content=\"Dantherm - KLIMAVEX GROUP - Slovensko\" \/>\n<meta property=\"og:description\" content=\"Spolo\u010dnos\u0165 Dantherm vyr\u00e1ba ohrieva\u010de vzduchu, odvlh\u010dova\u010de, vetracie a chladiace jednotky. Pozrite si ich portf\u00f3lio.\" \/>\n<meta property=\"og:url\" content=\"https:\/\/klimavex.eu\/sk\/dantherm\/\" \/>\n<meta property=\"og:site_name\" content=\"KLIMAVEX GROUP - Slovensko\" \/>\n<meta property=\"article:publisher\" content=\"https:\/\/www.facebook.com\/klimavex\" \/>\n<meta property=\"article:modified_time\" content=\"2024-07-15T08:53:36+00:00\" \/>\n<meta property=\"og:image\" content=\"https:\/\/klimavex.eu\/sk\/wp-content\/uploads\/2023\/11\/LOGO-DANTHERM-1024x182.png\" \/>\n<meta name=\"twitter:card\" content=\"summary_large_image\" \/>\n<meta name=\"twitter:label1\" content=\"Predpokladan\u00fd \u010das \u010d\u00edtania\" \/>\n\t<meta name=\"twitter:data1\" content=\"1 min\u00fata\" \/>\n<script type=\"application\/ld+json\" class=\"yoast-schema-graph\">{\"@context\":\"https:\/\/schema.org\",\"@graph\":[{\"@type\":\"WebPage\",\"@id\":\"https:\/\/klimavex.eu\/sk\/dantherm\/\",\"url\":\"https:\/\/klimavex.eu\/sk\/dantherm\/\",\"name\":\"Dantherm - KLIMAVEX GROUP - Slovensko\",\"isPartOf\":{\"@id\":\"https:\/\/klimavex.eu\/sk\/#website\"},\"primaryImageOfPage\":{\"@id\":\"https:\/\/klimavex.eu\/sk\/dantherm\/#primaryimage\"},\"image\":{\"@id\":\"https:\/\/klimavex.eu\/sk\/dantherm\/#primaryimage\"},\"thumbnailUrl\":\"https:\/\/klimavex.eu\/sk\/wp-content\/uploads\/2023\/11\/LOGO-DANTHERM-1024x182.png\",\"datePublished\":\"2023-11-26T22:27:15+00:00\",\"dateModified\":\"2024-07-15T08:53:36+00:00\",\"description\":\"Spolo\u010dnos\u0165 Dantherm vyr\u00e1ba ohrieva\u010de vzduchu, odvlh\u010dova\u010de, vetracie a chladiace jednotky. Pozrite si ich portf\u00f3lio.\",\"breadcrumb\":{\"@id\":\"https:\/\/klimavex.eu\/sk\/dantherm\/#breadcrumb\"},\"inLanguage\":\"sk-SK\",\"potentialAction\":[{\"@type\":\"ReadAction\",\"target\":[\"https:\/\/klimavex.eu\/sk\/dantherm\/\"]}]},{\"@type\":\"ImageObject\",\"inLanguage\":\"sk-SK\",\"@id\":\"https:\/\/klimavex.eu\/sk\/dantherm\/#primaryimage\",\"url\":\"https:\/\/klimavex.eu\/sk\/wp-content\/uploads\/2023\/11\/LOGO-DANTHERM.png\",\"contentUrl\":\"https:\/\/klimavex.eu\/sk\/wp-content\/uploads\/2023\/11\/LOGO-DANTHERM.png\",\"width\":4691,\"height\":832,\"caption\":\"dantherm logo\"},{\"@type\":\"BreadcrumbList\",\"@id\":\"https:\/\/klimavex.eu\/sk\/dantherm\/#breadcrumb\",\"itemListElement\":[{\"@type\":\"ListItem\",\"position\":1,\"name\":\"Domovsk\u00e1 str\u00e1nka\",\"item\":\"https:\/\/klimavex.eu\/sk\/\"},{\"@type\":\"ListItem\",\"position\":2,\"name\":\"Dantherm\"}]},{\"@type\":\"WebSite\",\"@id\":\"https:\/\/klimavex.eu\/sk\/#website\",\"url\":\"https:\/\/klimavex.eu\/sk\/\",\"name\":\"KLIMAVEX GROUP - Slovensko\",\"description\":\"\",\"publisher\":{\"@id\":\"https:\/\/klimavex.eu\/sk\/#organization\"},\"alternateName\":\"KLIMAVEX a.s.\",\"potentialAction\":[{\"@type\":\"SearchAction\",\"target\":{\"@type\":\"EntryPoint\",\"urlTemplate\":\"https:\/\/klimavex.eu\/sk\/?s={search_term_string}\"},\"query-input\":{\"@type\":\"PropertyValueSpecification\",\"valueRequired\":true,\"valueName\":\"search_term_string\"}}],\"inLanguage\":\"sk-SK\"},{\"@type\":\"Organization\",\"@id\":\"https:\/\/klimavex.eu\/sk\/#organization\",\"name\":\"KLIMAVEX GROUP\",\"alternateName\":\"KLIMAVEX a.s.\",\"url\":\"https:\/\/klimavex.eu\/sk\/\",\"logo\":{\"@type\":\"ImageObject\",\"inLanguage\":\"sk-SK\",\"@id\":\"https:\/\/klimavex.eu\/sk\/#\/schema\/logo\/image\/\",\"url\":\"https:\/\/klimavex.eu\/sk\/wp-content\/uploads\/2024\/04\/Klimavex-Group-logo.png\",\"contentUrl\":\"https:\/\/klimavex.eu\/sk\/wp-content\/uploads\/2024\/04\/Klimavex-Group-logo.png\",\"width\":1681,\"height\":472,\"caption\":\"KLIMAVEX GROUP\"},\"image\":{\"@id\":\"https:\/\/klimavex.eu\/sk\/#\/schema\/logo\/image\/\"},\"sameAs\":[\"https:\/\/www.facebook.com\/klimavex\",\"https:\/\/www.instagram.com\/klimavex_sk\/\"]}]}<\/script>\n<!-- \/ Yoast SEO plugin. -->","yoast_head_json":{"title":"Dantherm - KLIMAVEX GROUP - Slovensko","description":"Spolo\u010dnos\u0165 Dantherm vyr\u00e1ba ohrieva\u010de vzduchu, odvlh\u010dova\u010de, vetracie a chladiace jednotky. Pozrite si ich portf\u00f3lio.","robots":{"index":"index","follow":"follow","max-snippet":"max-snippet:-1","max-image-preview":"max-image-preview:large","max-video-preview":"max-video-preview:-1"},"canonical":"https:\/\/klimavex.eu\/sk\/dantherm\/","og_locale":"sk_SK","og_type":"article","og_title":"Dantherm - KLIMAVEX GROUP - Slovensko","og_description":"Spolo\u010dnos\u0165 Dantherm vyr\u00e1ba ohrieva\u010de vzduchu, odvlh\u010dova\u010de, vetracie a chladiace jednotky. Pozrite si ich portf\u00f3lio.","og_url":"https:\/\/klimavex.eu\/sk\/dantherm\/","og_site_name":"KLIMAVEX GROUP - Slovensko","article_publisher":"https:\/\/www.facebook.com\/klimavex","article_modified_time":"2024-07-15T08:53:36+00:00","og_image":[{"url":"https:\/\/klimavex.eu\/sk\/wp-content\/uploads\/2023\/11\/LOGO-DANTHERM-1024x182.png"}],"twitter_card":"summary_large_image","twitter_misc":{"Predpokladan\u00fd \u010das \u010d\u00edtania":"1 min\u00fata"},"schema":{"@context":"https:\/\/schema.org","@graph":[{"@type":"WebPage","@id":"https:\/\/klimavex.eu\/sk\/dantherm\/","url":"https:\/\/klimavex.eu\/sk\/dantherm\/","name":"Dantherm - KLIMAVEX GROUP - Slovensko","isPartOf":{"@id":"https:\/\/klimavex.eu\/sk\/#website"},"primaryImageOfPage":{"@id":"https:\/\/klimavex.eu\/sk\/dantherm\/#primaryimage"},"image":{"@id":"https:\/\/klimavex.eu\/sk\/dantherm\/#primaryimage"},"thumbnailUrl":"https:\/\/klimavex.eu\/sk\/wp-content\/uploads\/2023\/11\/LOGO-DANTHERM-1024x182.png","datePublished":"2023-11-26T22:27:15+00:00","dateModified":"2024-07-15T08:53:36+00:00","description":"Spolo\u010dnos\u0165 Dantherm vyr\u00e1ba ohrieva\u010de vzduchu, odvlh\u010dova\u010de, vetracie a chladiace jednotky. Pozrite si ich portf\u00f3lio.","breadcrumb":{"@id":"https:\/\/klimavex.eu\/sk\/dantherm\/#breadcrumb"},"inLanguage":"sk-SK","potentialAction":[{"@type":"ReadAction","target":["https:\/\/klimavex.eu\/sk\/dantherm\/"]}]},{"@type":"ImageObject","inLanguage":"sk-SK","@id":"https:\/\/klimavex.eu\/sk\/dantherm\/#primaryimage","url":"https:\/\/klimavex.eu\/sk\/wp-content\/uploads\/2023\/11\/LOGO-DANTHERM.png","contentUrl":"https:\/\/klimavex.eu\/sk\/wp-content\/uploads\/2023\/11\/LOGO-DANTHERM.png","width":4691,"height":832,"caption":"dantherm logo"},{"@type":"BreadcrumbList","@id":"https:\/\/klimavex.eu\/sk\/dantherm\/#breadcrumb","itemListElement":[{"@type":"ListItem","position":1,"name":"Domovsk\u00e1 str\u00e1nka","item":"https:\/\/klimavex.eu\/sk\/"},{"@type":"ListItem","position":2,"name":"Dantherm"}]},{"@type":"WebSite","@id":"https:\/\/klimavex.eu\/sk\/#website","url":"https:\/\/klimavex.eu\/sk\/","name":"KLIMAVEX GROUP - Slovensko","description":"","publisher":{"@id":"https:\/\/klimavex.eu\/sk\/#organization"},"alternateName":"KLIMAVEX a.s.","potentialAction":[{"@type":"SearchAction","target":{"@type":"EntryPoint","urlTemplate":"https:\/\/klimavex.eu\/sk\/?s={search_term_string}"},"query-input":{"@type":"PropertyValueSpecification","valueRequired":true,"valueName":"search_term_string"}}],"inLanguage":"sk-SK"},{"@type":"Organization","@id":"https:\/\/klimavex.eu\/sk\/#organization","name":"KLIMAVEX GROUP","alternateName":"KLIMAVEX a.s.","url":"https:\/\/klimavex.eu\/sk\/","logo":{"@type":"ImageObject","inLanguage":"sk-SK","@id":"https:\/\/klimavex.eu\/sk\/#\/schema\/logo\/image\/","url":"https:\/\/klimavex.eu\/sk\/wp-content\/uploads\/2024\/04\/Klimavex-Group-logo.png","contentUrl":"https:\/\/klimavex.eu\/sk\/wp-content\/uploads\/2024\/04\/Klimavex-Group-logo.png","width":1681,"height":472,"caption":"KLIMAVEX GROUP"},"image":{"@id":"https:\/\/klimavex.eu\/sk\/#\/schema\/logo\/image\/"},"sameAs":["https:\/\/www.facebook.com\/klimavex","https:\/\/www.instagram.com\/klimavex_sk\/"]}]}},"_links":{"self":[{"href":"https:\/\/klimavex.eu\/sk\/wp-json\/wp\/v2\/pages\/8652","targetHints":{"allow":["GET"]}}],"collection":[{"href":"https:\/\/klimavex.eu\/sk\/wp-json\/wp\/v2\/pages"}],"about":[{"href":"https:\/\/klimavex.eu\/sk\/wp-json\/wp\/v2\/types\/page"}],"author":[{"embeddable":true,"href":"https:\/\/klimavex.eu\/sk\/wp-json\/wp\/v2\/users\/1"}],"replies":[{"embeddable":true,"href":"https:\/\/klimavex.eu\/sk\/wp-json\/wp\/v2\/comments?post=8652"}],"version-history":[{"count":0,"href":"https:\/\/klimavex.eu\/sk\/wp-json\/wp\/v2\/pages\/8652\/revisions"}],"wp:attachment":[{"href":"https:\/\/klimavex.eu\/sk\/wp-json\/wp\/v2\/media?parent=8652"}],"curies":[{"name":"wp","href":"https:\/\/api.w.org\/{rel}","templated":true}]}}