{"id":8654,"date":"2023-11-26T22:27:42","date_gmt":"2023-11-26T22:27:42","guid":{"rendered":"https:\/\/klimavex.eu\/sk\/?page_id=8654"},"modified":"2024-07-15T10:54:23","modified_gmt":"2024-07-15T08:54:23","slug":"vortice","status":"publish","type":"page","link":"https:\/\/klimavex.eu\/sk\/vortice\/","title":{"rendered":"Vortice"},"content":{"rendered":"\t\t<div data-elementor-type=\"wp-page\" data-elementor-id=\"8654\" class=\"elementor elementor-8654\" data-elementor-post-type=\"page\">\n\t\t\t\t\t\t<section class=\"wd-negative-gap elementor-section elementor-top-section elementor-element elementor-element-57c5475 elementor-section-boxed elementor-section-height-default elementor-section-height-default\" data-id=\"57c5475\" data-element_type=\"section\">\n\t\t\t\t\t\t\t<div class=\"elementor-background-overlay\"><\/div>\n\t\t\t\t\t\t\t<div class=\"elementor-container elementor-column-gap-default\">\n\t\t\t\t\t<div class=\"elementor-column elementor-col-100 elementor-top-column elementor-element elementor-element-ae00329\" data-id=\"ae00329\" data-element_type=\"column\" data-settings=\"{&quot;background_background&quot;:&quot;classic&quot;}\">\n\t\t\t<div class=\"elementor-widget-wrap elementor-element-populated\">\n\t\t\t\t\t\t<div class=\"elementor-element elementor-element-061d331 wd-width-100 elementor-widget elementor-widget-wd_title\" data-id=\"061d331\" data-element_type=\"widget\" data-widget_type=\"wd_title.default\">\n\t\t\t\t<div class=\"elementor-widget-container\">\n\t\t\t\t\t<div class=\"title-wrapper wd-set-mb reset-last-child wd-title-color-default wd-title-style-default wd-title-size-default text-center\">\n\n\t\t\t\n\t\t\t<div class=\"liner-continer\">\n\t\t\t\t<h4 class=\"woodmart-title-container title wd-fontsize-l\">NA\u0160I V\u00ddROBCOVIA<\/h4> \n\t\t\t\t\t\t\t<\/div>\n\n\t\t\t\t\t<\/div>\n\t\t\t\t<\/div>\n\t\t\t\t<\/div>\n\t\t\t\t<div class=\"elementor-element elementor-element-bed5b9c elementor-widget-divider--separator-type-pattern elementor-widget-divider--view-line elementor-widget elementor-widget-divider\" data-id=\"bed5b9c\" data-element_type=\"widget\" data-widget_type=\"divider.default\">\n\t\t\t\t<div class=\"elementor-widget-container\">\n\t\t\t\t\t<div class=\"elementor-divider\" style=\"--divider-pattern-url: url(&quot;data:image\/svg+xml,%3Csvg xmlns=&#039;http:\/\/www.w3.org\/2000\/svg&#039; preserveAspectRatio=&#039;none&#039; overflow=&#039;visible&#039; height=&#039;100%&#039; viewBox=&#039;0 0 24 24&#039; fill=&#039;black&#039; stroke=&#039;none&#039;%3E%3Cpolygon points=&#039;9.4,2 24,2 14.6,21.6 0,21.6&#039;\/%3E%3C\/svg%3E&quot;);\">\n\t\t\t<span class=\"elementor-divider-separator\">\n\t\t\t\t\t\t<\/span>\n\t\t<\/div>\n\t\t\t\t<\/div>\n\t\t\t\t<\/div>\n\t\t\t\t<section class=\"wd-negative-gap elementor-section elementor-inner-section elementor-element elementor-element-227d191 elementor-section-full_width elementor-section-content-middle elementor-section-height-default elementor-section-height-default\" data-id=\"227d191\" data-element_type=\"section\">\n\t\t\t\t\t\t<div class=\"elementor-container elementor-column-gap-no\">\n\t\t\t\t\t<div class=\"elementor-column elementor-col-100 elementor-inner-column elementor-element elementor-element-09ea445\" data-id=\"09ea445\" data-element_type=\"column\">\n\t\t\t<div class=\"elementor-widget-wrap elementor-element-populated\">\n\t\t\t\t\t\t<div class=\"elementor-element elementor-element-0bba9dc elementor-widget elementor-widget-image\" data-id=\"0bba9dc\" data-element_type=\"widget\" data-widget_type=\"image.default\">\n\t\t\t\t<div class=\"elementor-widget-container\">\n\t\t\t\t\t\t\t\t\t\t\t\t\t<img fetchpriority=\"high\" decoding=\"async\" width=\"820\" height=\"839\" src=\"https:\/\/klimavex.eu\/sk\/wp-content\/uploads\/2023\/11\/LOGO_VORTICE.jpg\" class=\"attachment-large size-large wp-image-62\" alt=\"logo vortice\" srcset=\"https:\/\/klimavex.eu\/sk\/wp-content\/uploads\/2023\/11\/LOGO_VORTICE.jpg 820w, https:\/\/klimavex.eu\/sk\/wp-content\/uploads\/2023\/11\/LOGO_VORTICE-293x300.jpg 293w, https:\/\/klimavex.eu\/sk\/wp-content\/uploads\/2023\/11\/LOGO_VORTICE-768x786.jpg 768w, https:\/\/klimavex.eu\/sk\/wp-content\/uploads\/2023\/11\/LOGO_VORTICE-586x600.jpg 586w, https:\/\/klimavex.eu\/sk\/wp-content\/uploads\/2023\/11\/LOGO_VORTICE-20x20.jpg 20w, https:\/\/klimavex.eu\/sk\/wp-content\/uploads\/2023\/11\/LOGO_VORTICE-150x153.jpg 150w\" sizes=\"(max-width: 820px) 100vw, 820px\" \/>\t\t\t\t\t\t\t\t\t\t\t\t\t<\/div>\n\t\t\t\t<\/div>\n\t\t\t\t<div class=\"elementor-element elementor-element-c55f57b elementor-widget elementor-widget-heading\" data-id=\"c55f57b\" data-element_type=\"widget\" data-widget_type=\"heading.default\">\n\t\t\t\t<div class=\"elementor-widget-container\">\n\t\t\t<h2 class=\"elementor-heading-title elementor-size-default\">REZIDEN\u010cN\u00c9 A KOMER\u010cN\u00c9 VENTIL\u00c1TORY | ODVLH\u010cOVA\u010cE | VZDUCHOV\u00c9 CLONY<br><br>\nELEKTRICK\u00c9 OHRIEVA\u010cE | HYGIENICK\u00c9 POMOCN\u00c9 V\u00ddROBKY<\/h2>\t\t<\/div>\n\t\t\t\t<\/div>\n\t\t\t\t<div class=\"elementor-element elementor-element-b8987d3 elementor-widget elementor-widget-heading\" data-id=\"b8987d3\" data-element_type=\"widget\" data-widget_type=\"heading.default\">\n\t\t\t\t<div class=\"elementor-widget-container\">\n\t\t\t<h2 class=\"elementor-heading-title elementor-size-default\"><a href=\"\/sk\/eshop\/?filter_znacka=vortice\">Sortiment<\/a><\/h2>\t\t<\/div>\n\t\t\t\t<\/div>\n\t\t\t\t<div class=\"elementor-element elementor-element-d1dc5db color-scheme-inherit text-left elementor-widget elementor-widget-text-editor\" data-id=\"d1dc5db\" data-element_type=\"widget\" data-widget_type=\"text-editor.default\">\n\t\t\t\t<div class=\"elementor-widget-container\">\n\t\t\t\t\t\t\t<p><\/p>\n<p>Talianska spolo\u010dnos\u0165 <b>Vortice<\/b> bola <a href=\"https:\/\/www.vortice.com\/en\/\">zalo\u017een\u00e1 roku 1954<\/a> v Mil\u00e1ne. Jej zakladate\u013e Attilio Pagani skon\u0161truoval prv\u00fd plastov\u00fd ventil\u00e1tor na ods\u00e1vanie pary, ktor\u00fd nazval Vortice, a pod\u013ea ktor\u00e9ho nesk\u00f4r pomenoval cel\u00fa svoju firmu.<\/p>\n<p>V ich portf\u00f3liu n\u00e1jdeme axi\u00e1lne, radi\u00e1lne, potrubn\u00e9 a stre\u0161n\u00e9 ventil\u00e1tory, kuchynsk\u00e9 spotrebi\u010de, ventil\u00e1tory na leto, elektrick\u00e9 ohrieva\u010de, kuchynsk\u00e9 ods\u00e1va\u010de p\u00e1r, odvlh\u010dova\u010de, priemyseln\u00e9 vys\u00e1va\u010de, su\u0161i\u010de r\u00fak a vlasov, d\u00e1vkova\u010de mydla alebo vzduchov\u00e9 clony. V\u010faka <b>\u0161irok\u00e9mu portf\u00f3liu a vysokej kvalite<\/b>, spo\u013eahlivosti, bezpe\u010dnosti a modern\u00e9mu dizajnu v\u00fdrobkov sa rad\u00ed k <b>l\u00eddrom na trhu<\/b> vybavenia dom\u00e1cnost\u00ed aj komer\u010dn\u00fdch priestorov.<\/p>\n<p>U\u017e nieko\u013eko desiatok rokov pon\u00faka Vortice rie\u0161enie pre zdokonalenie kvality ovzdu\u0161ia. Je jednou z prv\u00fdch spolo\u010dnost\u00ed, ktor\u00fdch produkty boli certifikovan\u00e9 nez\u00e1vislou spolo\u010dnos\u0165ou &#8220;IMQ&#8221; (Italian Mark of Quality Institute), ktor\u00e1 je celosvetovo zn\u00e1ma a uzn\u00e1van\u00e1. V s\u00fa\u010dasnosti je spolo\u010dnos\u0165 celosvetov\u00fdm l\u00eddrom <b>s p\u00f4sobnos\u0165ou vo viac ako 82 krajin\u00e1ch<\/b> na 5 kontinentoch, s ro\u010dnou produkciou pre export <b>viac ako 500 000 v\u00fdrobkov<\/b>.<\/p>\n<p><b>KLIMAVEX je v\u00fdhradn\u00fdm distrib\u00fatorom<\/b> zna\u010dky Vortice v \u010ceskej republike a na Slovensku.<\/p>\t\t\t\t\t\t<\/div>\n\t\t\t\t<\/div>\n\t\t\t\t\t<\/div>\n\t\t<\/div>\n\t\t\t\t\t<\/div>\n\t\t<\/section>\n\t\t\t\t\t<\/div>\n\t\t<\/div>\n\t\t\t\t\t<\/div>\n\t\t<\/section>\n\t\t\t\t<\/div>\n\t\t","protected":false},"excerpt":{"rendered":"<p>NA\u0160I V\u00ddROBCOVIA REZIDEN\u010cN\u00c9 A KOMER\u010cN\u00c9 VENTIL\u00c1TORY | ODVLH\u010cOVA\u010cE | VZDUCHOV\u00c9 CLONY ELEKTRICK\u00c9 OHRIEVA\u010cE | HYGIENICK\u00c9 POMOCN\u00c9 V\u00ddROBKY Sortiment Talianska spolo\u010dnos\u0165<\/p>\n","protected":false},"author":1,"featured_media":0,"parent":0,"menu_order":0,"comment_status":"closed","ping_status":"closed","template":"","meta":{"footnotes":""},"class_list":["post-8654","page","type-page","status-publish","hentry"],"yoast_head":"<!-- This site is optimized with the Yoast SEO plugin v23.9 - https:\/\/yoast.com\/wordpress\/plugins\/seo\/ -->\n<title>Vortice - KLIMAVEX GROUP - Slovensko<\/title>\n<meta name=\"description\" content=\"Vortice sa rad\u00ed k l\u00eddrom na trhu vybavenia dom\u00e1cnost\u00ed aj komer\u010dn\u00fdch priestorov v\u010faka \u0161irok\u00e9mu portf\u00f3liu, vysokej kvalite a modern\u00e9mu dizajnu.\" \/>\n<meta name=\"robots\" content=\"index, follow, max-snippet:-1, max-image-preview:large, max-video-preview:-1\" \/>\n<link rel=\"canonical\" href=\"https:\/\/klimavex.eu\/sk\/vortice\/\" \/>\n<meta property=\"og:locale\" content=\"sk_SK\" \/>\n<meta property=\"og:type\" content=\"article\" \/>\n<meta property=\"og:title\" content=\"Vortice - KLIMAVEX GROUP - Slovensko\" \/>\n<meta property=\"og:description\" content=\"Vortice sa rad\u00ed k l\u00eddrom na trhu vybavenia dom\u00e1cnost\u00ed aj komer\u010dn\u00fdch priestorov v\u010faka \u0161irok\u00e9mu portf\u00f3liu, vysokej kvalite a modern\u00e9mu dizajnu.\" \/>\n<meta property=\"og:url\" content=\"https:\/\/klimavex.eu\/sk\/vortice\/\" \/>\n<meta property=\"og:site_name\" content=\"KLIMAVEX GROUP - Slovensko\" \/>\n<meta property=\"article:publisher\" content=\"https:\/\/www.facebook.com\/klimavex\" \/>\n<meta property=\"article:modified_time\" content=\"2024-07-15T08:54:23+00:00\" \/>\n<meta property=\"og:image\" content=\"https:\/\/klimavex.eu\/sk\/wp-content\/uploads\/2023\/11\/LOGO_VORTICE.jpg\" \/>\n<meta name=\"twitter:card\" content=\"summary_large_image\" \/>\n<meta name=\"twitter:label1\" content=\"Predpokladan\u00fd \u010das \u010d\u00edtania\" \/>\n\t<meta name=\"twitter:data1\" content=\"2 min\u00faty\" \/>\n<script type=\"application\/ld+json\" class=\"yoast-schema-graph\">{\"@context\":\"https:\/\/schema.org\",\"@graph\":[{\"@type\":\"WebPage\",\"@id\":\"https:\/\/klimavex.eu\/sk\/vortice\/\",\"url\":\"https:\/\/klimavex.eu\/sk\/vortice\/\",\"name\":\"Vortice - KLIMAVEX GROUP - Slovensko\",\"isPartOf\":{\"@id\":\"https:\/\/klimavex.eu\/sk\/#website\"},\"primaryImageOfPage\":{\"@id\":\"https:\/\/klimavex.eu\/sk\/vortice\/#primaryimage\"},\"image\":{\"@id\":\"https:\/\/klimavex.eu\/sk\/vortice\/#primaryimage\"},\"thumbnailUrl\":\"https:\/\/klimavex.eu\/sk\/wp-content\/uploads\/2023\/11\/LOGO_VORTICE.jpg\",\"datePublished\":\"2023-11-26T22:27:42+00:00\",\"dateModified\":\"2024-07-15T08:54:23+00:00\",\"description\":\"Vortice sa rad\u00ed k l\u00eddrom na trhu vybavenia dom\u00e1cnost\u00ed aj komer\u010dn\u00fdch priestorov v\u010faka \u0161irok\u00e9mu portf\u00f3liu, vysokej kvalite a modern\u00e9mu dizajnu.\",\"breadcrumb\":{\"@id\":\"https:\/\/klimavex.eu\/sk\/vortice\/#breadcrumb\"},\"inLanguage\":\"sk-SK\",\"potentialAction\":[{\"@type\":\"ReadAction\",\"target\":[\"https:\/\/klimavex.eu\/sk\/vortice\/\"]}]},{\"@type\":\"ImageObject\",\"inLanguage\":\"sk-SK\",\"@id\":\"https:\/\/klimavex.eu\/sk\/vortice\/#primaryimage\",\"url\":\"https:\/\/klimavex.eu\/sk\/wp-content\/uploads\/2023\/11\/LOGO_VORTICE.jpg\",\"contentUrl\":\"https:\/\/klimavex.eu\/sk\/wp-content\/uploads\/2023\/11\/LOGO_VORTICE.jpg\",\"width\":820,\"height\":839,\"caption\":\"logo vortice\"},{\"@type\":\"BreadcrumbList\",\"@id\":\"https:\/\/klimavex.eu\/sk\/vortice\/#breadcrumb\",\"itemListElement\":[{\"@type\":\"ListItem\",\"position\":1,\"name\":\"Domovsk\u00e1 str\u00e1nka\",\"item\":\"https:\/\/klimavex.eu\/sk\/\"},{\"@type\":\"ListItem\",\"position\":2,\"name\":\"Vortice\"}]},{\"@type\":\"WebSite\",\"@id\":\"https:\/\/klimavex.eu\/sk\/#website\",\"url\":\"https:\/\/klimavex.eu\/sk\/\",\"name\":\"KLIMAVEX GROUP - Slovensko\",\"description\":\"\",\"publisher\":{\"@id\":\"https:\/\/klimavex.eu\/sk\/#organization\"},\"alternateName\":\"KLIMAVEX a.s.\",\"potentialAction\":[{\"@type\":\"SearchAction\",\"target\":{\"@type\":\"EntryPoint\",\"urlTemplate\":\"https:\/\/klimavex.eu\/sk\/?s={search_term_string}\"},\"query-input\":{\"@type\":\"PropertyValueSpecification\",\"valueRequired\":true,\"valueName\":\"search_term_string\"}}],\"inLanguage\":\"sk-SK\"},{\"@type\":\"Organization\",\"@id\":\"https:\/\/klimavex.eu\/sk\/#organization\",\"name\":\"KLIMAVEX GROUP\",\"alternateName\":\"KLIMAVEX a.s.\",\"url\":\"https:\/\/klimavex.eu\/sk\/\",\"logo\":{\"@type\":\"ImageObject\",\"inLanguage\":\"sk-SK\",\"@id\":\"https:\/\/klimavex.eu\/sk\/#\/schema\/logo\/image\/\",\"url\":\"https:\/\/klimavex.eu\/sk\/wp-content\/uploads\/2024\/04\/Klimavex-Group-logo.png\",\"contentUrl\":\"https:\/\/klimavex.eu\/sk\/wp-content\/uploads\/2024\/04\/Klimavex-Group-logo.png\",\"width\":1681,\"height\":472,\"caption\":\"KLIMAVEX GROUP\"},\"image\":{\"@id\":\"https:\/\/klimavex.eu\/sk\/#\/schema\/logo\/image\/\"},\"sameAs\":[\"https:\/\/www.facebook.com\/klimavex\",\"https:\/\/www.instagram.com\/klimavex_sk\/\"]}]}<\/script>\n<!-- \/ Yoast SEO plugin. -->","yoast_head_json":{"title":"Vortice - KLIMAVEX GROUP - Slovensko","description":"Vortice sa rad\u00ed k l\u00eddrom na trhu vybavenia dom\u00e1cnost\u00ed aj komer\u010dn\u00fdch priestorov v\u010faka \u0161irok\u00e9mu portf\u00f3liu, vysokej kvalite a modern\u00e9mu dizajnu.","robots":{"index":"index","follow":"follow","max-snippet":"max-snippet:-1","max-image-preview":"max-image-preview:large","max-video-preview":"max-video-preview:-1"},"canonical":"https:\/\/klimavex.eu\/sk\/vortice\/","og_locale":"sk_SK","og_type":"article","og_title":"Vortice - KLIMAVEX GROUP - Slovensko","og_description":"Vortice sa rad\u00ed k l\u00eddrom na trhu vybavenia dom\u00e1cnost\u00ed aj komer\u010dn\u00fdch priestorov v\u010faka \u0161irok\u00e9mu portf\u00f3liu, vysokej kvalite a modern\u00e9mu dizajnu.","og_url":"https:\/\/klimavex.eu\/sk\/vortice\/","og_site_name":"KLIMAVEX GROUP - Slovensko","article_publisher":"https:\/\/www.facebook.com\/klimavex","article_modified_time":"2024-07-15T08:54:23+00:00","og_image":[{"url":"https:\/\/klimavex.eu\/sk\/wp-content\/uploads\/2023\/11\/LOGO_VORTICE.jpg"}],"twitter_card":"summary_large_image","twitter_misc":{"Predpokladan\u00fd \u010das \u010d\u00edtania":"2 min\u00faty"},"schema":{"@context":"https:\/\/schema.org","@graph":[{"@type":"WebPage","@id":"https:\/\/klimavex.eu\/sk\/vortice\/","url":"https:\/\/klimavex.eu\/sk\/vortice\/","name":"Vortice - KLIMAVEX GROUP - Slovensko","isPartOf":{"@id":"https:\/\/klimavex.eu\/sk\/#website"},"primaryImageOfPage":{"@id":"https:\/\/klimavex.eu\/sk\/vortice\/#primaryimage"},"image":{"@id":"https:\/\/klimavex.eu\/sk\/vortice\/#primaryimage"},"thumbnailUrl":"https:\/\/klimavex.eu\/sk\/wp-content\/uploads\/2023\/11\/LOGO_VORTICE.jpg","datePublished":"2023-11-26T22:27:42+00:00","dateModified":"2024-07-15T08:54:23+00:00","description":"Vortice sa rad\u00ed k l\u00eddrom na trhu vybavenia dom\u00e1cnost\u00ed aj komer\u010dn\u00fdch priestorov v\u010faka \u0161irok\u00e9mu portf\u00f3liu, vysokej kvalite a modern\u00e9mu dizajnu.","breadcrumb":{"@id":"https:\/\/klimavex.eu\/sk\/vortice\/#breadcrumb"},"inLanguage":"sk-SK","potentialAction":[{"@type":"ReadAction","target":["https:\/\/klimavex.eu\/sk\/vortice\/"]}]},{"@type":"ImageObject","inLanguage":"sk-SK","@id":"https:\/\/klimavex.eu\/sk\/vortice\/#primaryimage","url":"https:\/\/klimavex.eu\/sk\/wp-content\/uploads\/2023\/11\/LOGO_VORTICE.jpg","contentUrl":"https:\/\/klimavex.eu\/sk\/wp-content\/uploads\/2023\/11\/LOGO_VORTICE.jpg","width":820,"height":839,"caption":"logo vortice"},{"@type":"BreadcrumbList","@id":"https:\/\/klimavex.eu\/sk\/vortice\/#breadcrumb","itemListElement":[{"@type":"ListItem","position":1,"name":"Domovsk\u00e1 str\u00e1nka","item":"https:\/\/klimavex.eu\/sk\/"},{"@type":"ListItem","position":2,"name":"Vortice"}]},{"@type":"WebSite","@id":"https:\/\/klimavex.eu\/sk\/#website","url":"https:\/\/klimavex.eu\/sk\/","name":"KLIMAVEX GROUP - Slovensko","description":"","publisher":{"@id":"https:\/\/klimavex.eu\/sk\/#organization"},"alternateName":"KLIMAVEX a.s.","potentialAction":[{"@type":"SearchAction","target":{"@type":"EntryPoint","urlTemplate":"https:\/\/klimavex.eu\/sk\/?s={search_term_string}"},"query-input":{"@type":"PropertyValueSpecification","valueRequired":true,"valueName":"search_term_string"}}],"inLanguage":"sk-SK"},{"@type":"Organization","@id":"https:\/\/klimavex.eu\/sk\/#organization","name":"KLIMAVEX GROUP","alternateName":"KLIMAVEX a.s.","url":"https:\/\/klimavex.eu\/sk\/","logo":{"@type":"ImageObject","inLanguage":"sk-SK","@id":"https:\/\/klimavex.eu\/sk\/#\/schema\/logo\/image\/","url":"https:\/\/klimavex.eu\/sk\/wp-content\/uploads\/2024\/04\/Klimavex-Group-logo.png","contentUrl":"https:\/\/klimavex.eu\/sk\/wp-content\/uploads\/2024\/04\/Klimavex-Group-logo.png","width":1681,"height":472,"caption":"KLIMAVEX GROUP"},"image":{"@id":"https:\/\/klimavex.eu\/sk\/#\/schema\/logo\/image\/"},"sameAs":["https:\/\/www.facebook.com\/klimavex","https:\/\/www.instagram.com\/klimavex_sk\/"]}]}},"_links":{"self":[{"href":"https:\/\/klimavex.eu\/sk\/wp-json\/wp\/v2\/pages\/8654","targetHints":{"allow":["GET"]}}],"collection":[{"href":"https:\/\/klimavex.eu\/sk\/wp-json\/wp\/v2\/pages"}],"about":[{"href":"https:\/\/klimavex.eu\/sk\/wp-json\/wp\/v2\/types\/page"}],"author":[{"embeddable":true,"href":"https:\/\/klimavex.eu\/sk\/wp-json\/wp\/v2\/users\/1"}],"replies":[{"embeddable":true,"href":"https:\/\/klimavex.eu\/sk\/wp-json\/wp\/v2\/comments?post=8654"}],"version-history":[{"count":0,"href":"https:\/\/klimavex.eu\/sk\/wp-json\/wp\/v2\/pages\/8654\/revisions"}],"wp:attachment":[{"href":"https:\/\/klimavex.eu\/sk\/wp-json\/wp\/v2\/media?parent=8654"}],"curies":[{"name":"wp","href":"https:\/\/api.w.org\/{rel}","templated":true}]}}