{"id":8656,"date":"2023-11-26T22:28:00","date_gmt":"2023-11-26T22:28:00","guid":{"rendered":"https:\/\/klimavex.eu\/sk\/?page_id=8656"},"modified":"2024-07-15T10:55:06","modified_gmt":"2024-07-15T08:55:06","slug":"giwee","status":"publish","type":"page","link":"https:\/\/klimavex.eu\/sk\/giwee\/","title":{"rendered":"Giwee"},"content":{"rendered":"\t\t<div data-elementor-type=\"wp-page\" data-elementor-id=\"8656\" class=\"elementor elementor-8656\" data-elementor-post-type=\"page\">\n\t\t\t\t\t\t<section class=\"wd-negative-gap elementor-section elementor-top-section elementor-element elementor-element-48ca45e elementor-section-boxed elementor-section-height-default elementor-section-height-default\" data-id=\"48ca45e\" data-element_type=\"section\">\n\t\t\t\t\t\t\t<div class=\"elementor-background-overlay\"><\/div>\n\t\t\t\t\t\t\t<div class=\"elementor-container elementor-column-gap-default\">\n\t\t\t\t\t<div class=\"elementor-column elementor-col-100 elementor-top-column elementor-element elementor-element-66ca67b\" data-id=\"66ca67b\" data-element_type=\"column\" data-settings=\"{&quot;background_background&quot;:&quot;classic&quot;}\">\n\t\t\t<div class=\"elementor-widget-wrap elementor-element-populated\">\n\t\t\t\t\t\t<div class=\"elementor-element elementor-element-e252ea5 wd-width-100 elementor-widget elementor-widget-wd_title\" data-id=\"e252ea5\" data-element_type=\"widget\" data-widget_type=\"wd_title.default\">\n\t\t\t\t<div class=\"elementor-widget-container\">\n\t\t\t\t\t<div class=\"title-wrapper wd-set-mb reset-last-child wd-title-color-default wd-title-style-default wd-title-size-default text-center\">\n\n\t\t\t\n\t\t\t<div class=\"liner-continer\">\n\t\t\t\t<h4 class=\"woodmart-title-container title wd-fontsize-l\">NA\u0160I V\u00ddROBCOVIA<\/h4> \n\t\t\t\t\t\t\t<\/div>\n\n\t\t\t\t\t<\/div>\n\t\t\t\t<\/div>\n\t\t\t\t<\/div>\n\t\t\t\t<div class=\"elementor-element elementor-element-6110fde elementor-widget-divider--separator-type-pattern elementor-widget-divider--view-line elementor-widget elementor-widget-divider\" data-id=\"6110fde\" data-element_type=\"widget\" data-widget_type=\"divider.default\">\n\t\t\t\t<div class=\"elementor-widget-container\">\n\t\t\t\t\t<div class=\"elementor-divider\" style=\"--divider-pattern-url: url(&quot;data:image\/svg+xml,%3Csvg xmlns=&#039;http:\/\/www.w3.org\/2000\/svg&#039; preserveAspectRatio=&#039;none&#039; overflow=&#039;visible&#039; height=&#039;100%&#039; viewBox=&#039;0 0 24 24&#039; fill=&#039;black&#039; stroke=&#039;none&#039;%3E%3Cpolygon points=&#039;9.4,2 24,2 14.6,21.6 0,21.6&#039;\/%3E%3C\/svg%3E&quot;);\">\n\t\t\t<span class=\"elementor-divider-separator\">\n\t\t\t\t\t\t<\/span>\n\t\t<\/div>\n\t\t\t\t<\/div>\n\t\t\t\t<\/div>\n\t\t\t\t<section class=\"wd-negative-gap elementor-section elementor-inner-section elementor-element elementor-element-5781db8 elementor-section-full_width elementor-section-content-middle elementor-section-height-default elementor-section-height-default\" data-id=\"5781db8\" data-element_type=\"section\">\n\t\t\t\t\t\t<div class=\"elementor-container elementor-column-gap-no\">\n\t\t\t\t\t<div class=\"elementor-column elementor-col-100 elementor-inner-column elementor-element elementor-element-311aa0b\" data-id=\"311aa0b\" data-element_type=\"column\">\n\t\t\t<div class=\"elementor-widget-wrap elementor-element-populated\">\n\t\t\t\t\t\t<div class=\"elementor-element elementor-element-c0655d9 elementor-widget elementor-widget-image\" data-id=\"c0655d9\" data-element_type=\"widget\" data-widget_type=\"image.default\">\n\t\t\t\t<div class=\"elementor-widget-container\">\n\t\t\t\t\t\t\t\t\t\t\t\t\t<img fetchpriority=\"high\" decoding=\"async\" width=\"1024\" height=\"395\" src=\"https:\/\/klimavex.eu\/sk\/wp-content\/uploads\/2023\/11\/LOGO-GIWEE-1024x395.png\" class=\"attachment-large size-large wp-image-64\" alt=\"giwee logo\" srcset=\"https:\/\/klimavex.eu\/sk\/wp-content\/uploads\/2023\/11\/LOGO-GIWEE-1024x395.png 1024w, https:\/\/klimavex.eu\/sk\/wp-content\/uploads\/2023\/11\/LOGO-GIWEE-300x116.png 300w, https:\/\/klimavex.eu\/sk\/wp-content\/uploads\/2023\/11\/LOGO-GIWEE-768x296.png 768w, https:\/\/klimavex.eu\/sk\/wp-content\/uploads\/2023\/11\/LOGO-GIWEE-1536x593.png 1536w, https:\/\/klimavex.eu\/sk\/wp-content\/uploads\/2023\/11\/LOGO-GIWEE-2048x790.png 2048w, https:\/\/klimavex.eu\/sk\/wp-content\/uploads\/2023\/11\/LOGO-GIWEE-600x232.png 600w, https:\/\/klimavex.eu\/sk\/wp-content\/uploads\/2023\/11\/LOGO-GIWEE-20x8.png 20w, https:\/\/klimavex.eu\/sk\/wp-content\/uploads\/2023\/11\/LOGO-GIWEE-150x58.png 150w\" sizes=\"(max-width: 1024px) 100vw, 1024px\" \/>\t\t\t\t\t\t\t\t\t\t\t\t\t<\/div>\n\t\t\t\t<\/div>\n\t\t\t\t<div class=\"elementor-element elementor-element-b7ee2fa elementor-widget elementor-widget-heading\" data-id=\"b7ee2fa\" data-element_type=\"widget\" data-widget_type=\"heading.default\">\n\t\t\t\t<div class=\"elementor-widget-container\">\n\t\t\t<h2 class=\"elementor-heading-title elementor-size-default\">KOMER\u010cN\u00c9 KLIMATIZ\u00c1CIE | VRF SYST\u00c9MY | CHILLERY<\/h2>\t\t<\/div>\n\t\t\t\t<\/div>\n\t\t\t\t<div class=\"elementor-element elementor-element-ab837af elementor-widget elementor-widget-heading\" data-id=\"ab837af\" data-element_type=\"widget\" data-widget_type=\"heading.default\">\n\t\t\t\t<div class=\"elementor-widget-container\">\n\t\t\t<h2 class=\"elementor-heading-title elementor-size-default\"><a href=\"\/sk\/eshop\/?filter_znacka=giwee\">Sortiment<\/a><\/h2>\t\t<\/div>\n\t\t\t\t<\/div>\n\t\t\t\t<div class=\"elementor-element elementor-element-2125243 color-scheme-inherit text-left elementor-widget elementor-widget-text-editor\" data-id=\"2125243\" data-element_type=\"widget\" data-widget_type=\"text-editor.default\">\n\t\t\t\t<div class=\"elementor-widget-container\">\n\t\t\t\t\t\t\t<p><b>\u00a0<\/b><\/p><p><b>Giwee Group <\/b>je glob\u00e1lna <a href=\"https:\/\/www.giwee.com\/en\/show_list.php?id=8#f27\">technologick\u00e1 skupina<\/a>, ktor\u00e1 sa zaober\u00e1 v\u00fdrobou, v\u00fdskumom a predajom vzduchotechniky a spotrebn\u00fdch elektrick\u00fdch zariaden\u00ed. Kladie d\u00f4raz na nez\u00e1visl\u00e9 technologick\u00e9 inov\u00e1cie a sk\u00famanie potrieb svojich u\u017e\u00edvate\u013eov, aby pre nich mohla vytv\u00e1ra\u0165 pohodlnej\u0161\u00ed a harmonickej\u0161\u00ed \u017eivotn\u00fd priestor.<\/p><p>V\u010faka spolupr\u00e1ci so svetov\u00fdmi v\u00fdrobcami k\u013e\u00fa\u010dov\u00fdch komponentov (kompresory Capeland, Hitachi, Mitsubishi, GMCC, motory ventil\u00e1torov Panasonic, Nidec), zamestn\u00e1vanie 300 \u010dlenov vysoko kvalitn\u00e9ho technick\u00e9ho person\u00e1lu a dodr\u017eiavanie <b>prijate\u013en\u00e9ho pomeru cena-v\u00fdkon<\/b> sa v\u00fdrobky Giwee st\u00e1le dr\u017eia medzi \u0161pi\u010dkou vo svojom odbore.<\/p><p>Div\u00edzia komer\u010dn\u00fdch klimatiz\u00e1ci\u00ed, ktor\u00e1 bola zalo\u017een\u00e1 roku 2002, je r\u00fdchlo rast\u00facou \u010das\u0165ou spolo\u010dnosti, v s\u00fa\u010dasnej dobe sa produkty tejto div\u00edzie <b>distribuuj\u00fa do 140 kraj\u00edn sveta<\/b>.<\/p>\t\t\t\t\t\t<\/div>\n\t\t\t\t<\/div>\n\t\t\t\t\t<\/div>\n\t\t<\/div>\n\t\t\t\t\t<\/div>\n\t\t<\/section>\n\t\t\t\t\t<\/div>\n\t\t<\/div>\n\t\t\t\t\t<\/div>\n\t\t<\/section>\n\t\t\t\t<\/div>\n\t\t","protected":false},"excerpt":{"rendered":"<p>NA\u0160I V\u00ddROBCOVIA KOMER\u010cN\u00c9 KLIMATIZ\u00c1CIE | VRF SYST\u00c9MY | CHILLERY Sortiment \u00a0 Giwee Group je glob\u00e1lna technologick\u00e1 skupina, ktor\u00e1 sa zaober\u00e1<\/p>\n","protected":false},"author":1,"featured_media":0,"parent":0,"menu_order":0,"comment_status":"closed","ping_status":"closed","template":"","meta":{"footnotes":""},"class_list":["post-8656","page","type-page","status-publish","hentry"],"yoast_head":"<!-- This site is optimized with the Yoast SEO plugin v23.9 - https:\/\/yoast.com\/wordpress\/plugins\/seo\/ -->\n<title>Giwee - KLIMAVEX GROUP - Slovensko<\/title>\n<meta name=\"description\" content=\"Giwee Group je technologick\u00e1 skupina, ktor\u00e1 sa zaober\u00e1 v\u00fdrobou, v\u00fdskumom a predajom vzduchotechniky a spotrebn\u00fdch elektrick\u00fdch zariaden\u00ed.\" \/>\n<meta name=\"robots\" content=\"index, follow, max-snippet:-1, max-image-preview:large, max-video-preview:-1\" \/>\n<link rel=\"canonical\" href=\"https:\/\/klimavex.eu\/sk\/giwee\/\" \/>\n<meta property=\"og:locale\" content=\"sk_SK\" \/>\n<meta property=\"og:type\" content=\"article\" \/>\n<meta property=\"og:title\" content=\"Giwee - KLIMAVEX GROUP - Slovensko\" \/>\n<meta property=\"og:description\" content=\"Giwee Group je technologick\u00e1 skupina, ktor\u00e1 sa zaober\u00e1 v\u00fdrobou, v\u00fdskumom a predajom vzduchotechniky a spotrebn\u00fdch elektrick\u00fdch zariaden\u00ed.\" \/>\n<meta property=\"og:url\" content=\"https:\/\/klimavex.eu\/sk\/giwee\/\" \/>\n<meta property=\"og:site_name\" content=\"KLIMAVEX GROUP - Slovensko\" \/>\n<meta property=\"article:publisher\" content=\"https:\/\/www.facebook.com\/klimavex\" \/>\n<meta property=\"article:modified_time\" content=\"2024-07-15T08:55:06+00:00\" \/>\n<meta property=\"og:image\" content=\"https:\/\/klimavex.eu\/sk\/wp-content\/uploads\/2023\/11\/LOGO-GIWEE-1024x395.png\" \/>\n<meta name=\"twitter:card\" content=\"summary_large_image\" \/>\n<meta name=\"twitter:label1\" content=\"Predpokladan\u00fd \u010das \u010d\u00edtania\" \/>\n\t<meta name=\"twitter:data1\" content=\"1 min\u00fata\" \/>\n<script type=\"application\/ld+json\" class=\"yoast-schema-graph\">{\"@context\":\"https:\/\/schema.org\",\"@graph\":[{\"@type\":\"WebPage\",\"@id\":\"https:\/\/klimavex.eu\/sk\/giwee\/\",\"url\":\"https:\/\/klimavex.eu\/sk\/giwee\/\",\"name\":\"Giwee - KLIMAVEX GROUP - Slovensko\",\"isPartOf\":{\"@id\":\"https:\/\/klimavex.eu\/sk\/#website\"},\"primaryImageOfPage\":{\"@id\":\"https:\/\/klimavex.eu\/sk\/giwee\/#primaryimage\"},\"image\":{\"@id\":\"https:\/\/klimavex.eu\/sk\/giwee\/#primaryimage\"},\"thumbnailUrl\":\"https:\/\/klimavex.eu\/sk\/wp-content\/uploads\/2023\/11\/LOGO-GIWEE-1024x395.png\",\"datePublished\":\"2023-11-26T22:28:00+00:00\",\"dateModified\":\"2024-07-15T08:55:06+00:00\",\"description\":\"Giwee Group je technologick\u00e1 skupina, ktor\u00e1 sa zaober\u00e1 v\u00fdrobou, v\u00fdskumom a predajom vzduchotechniky a spotrebn\u00fdch elektrick\u00fdch zariaden\u00ed.\",\"breadcrumb\":{\"@id\":\"https:\/\/klimavex.eu\/sk\/giwee\/#breadcrumb\"},\"inLanguage\":\"sk-SK\",\"potentialAction\":[{\"@type\":\"ReadAction\",\"target\":[\"https:\/\/klimavex.eu\/sk\/giwee\/\"]}]},{\"@type\":\"ImageObject\",\"inLanguage\":\"sk-SK\",\"@id\":\"https:\/\/klimavex.eu\/sk\/giwee\/#primaryimage\",\"url\":\"https:\/\/klimavex.eu\/sk\/wp-content\/uploads\/2023\/11\/LOGO-GIWEE.png\",\"contentUrl\":\"https:\/\/klimavex.eu\/sk\/wp-content\/uploads\/2023\/11\/LOGO-GIWEE.png\",\"width\":5421,\"height\":2092,\"caption\":\"giwee logo\"},{\"@type\":\"BreadcrumbList\",\"@id\":\"https:\/\/klimavex.eu\/sk\/giwee\/#breadcrumb\",\"itemListElement\":[{\"@type\":\"ListItem\",\"position\":1,\"name\":\"Domovsk\u00e1 str\u00e1nka\",\"item\":\"https:\/\/klimavex.eu\/sk\/\"},{\"@type\":\"ListItem\",\"position\":2,\"name\":\"Giwee\"}]},{\"@type\":\"WebSite\",\"@id\":\"https:\/\/klimavex.eu\/sk\/#website\",\"url\":\"https:\/\/klimavex.eu\/sk\/\",\"name\":\"KLIMAVEX GROUP - Slovensko\",\"description\":\"\",\"publisher\":{\"@id\":\"https:\/\/klimavex.eu\/sk\/#organization\"},\"alternateName\":\"KLIMAVEX a.s.\",\"potentialAction\":[{\"@type\":\"SearchAction\",\"target\":{\"@type\":\"EntryPoint\",\"urlTemplate\":\"https:\/\/klimavex.eu\/sk\/?s={search_term_string}\"},\"query-input\":{\"@type\":\"PropertyValueSpecification\",\"valueRequired\":true,\"valueName\":\"search_term_string\"}}],\"inLanguage\":\"sk-SK\"},{\"@type\":\"Organization\",\"@id\":\"https:\/\/klimavex.eu\/sk\/#organization\",\"name\":\"KLIMAVEX GROUP\",\"alternateName\":\"KLIMAVEX a.s.\",\"url\":\"https:\/\/klimavex.eu\/sk\/\",\"logo\":{\"@type\":\"ImageObject\",\"inLanguage\":\"sk-SK\",\"@id\":\"https:\/\/klimavex.eu\/sk\/#\/schema\/logo\/image\/\",\"url\":\"https:\/\/klimavex.eu\/sk\/wp-content\/uploads\/2024\/04\/Klimavex-Group-logo.png\",\"contentUrl\":\"https:\/\/klimavex.eu\/sk\/wp-content\/uploads\/2024\/04\/Klimavex-Group-logo.png\",\"width\":1681,\"height\":472,\"caption\":\"KLIMAVEX GROUP\"},\"image\":{\"@id\":\"https:\/\/klimavex.eu\/sk\/#\/schema\/logo\/image\/\"},\"sameAs\":[\"https:\/\/www.facebook.com\/klimavex\",\"https:\/\/www.instagram.com\/klimavex_sk\/\"]}]}<\/script>\n<!-- \/ Yoast SEO plugin. -->","yoast_head_json":{"title":"Giwee - KLIMAVEX GROUP - Slovensko","description":"Giwee Group je technologick\u00e1 skupina, ktor\u00e1 sa zaober\u00e1 v\u00fdrobou, v\u00fdskumom a predajom vzduchotechniky a spotrebn\u00fdch elektrick\u00fdch zariaden\u00ed.","robots":{"index":"index","follow":"follow","max-snippet":"max-snippet:-1","max-image-preview":"max-image-preview:large","max-video-preview":"max-video-preview:-1"},"canonical":"https:\/\/klimavex.eu\/sk\/giwee\/","og_locale":"sk_SK","og_type":"article","og_title":"Giwee - KLIMAVEX GROUP - Slovensko","og_description":"Giwee Group je technologick\u00e1 skupina, ktor\u00e1 sa zaober\u00e1 v\u00fdrobou, v\u00fdskumom a predajom vzduchotechniky a spotrebn\u00fdch elektrick\u00fdch zariaden\u00ed.","og_url":"https:\/\/klimavex.eu\/sk\/giwee\/","og_site_name":"KLIMAVEX GROUP - Slovensko","article_publisher":"https:\/\/www.facebook.com\/klimavex","article_modified_time":"2024-07-15T08:55:06+00:00","og_image":[{"url":"https:\/\/klimavex.eu\/sk\/wp-content\/uploads\/2023\/11\/LOGO-GIWEE-1024x395.png"}],"twitter_card":"summary_large_image","twitter_misc":{"Predpokladan\u00fd \u010das \u010d\u00edtania":"1 min\u00fata"},"schema":{"@context":"https:\/\/schema.org","@graph":[{"@type":"WebPage","@id":"https:\/\/klimavex.eu\/sk\/giwee\/","url":"https:\/\/klimavex.eu\/sk\/giwee\/","name":"Giwee - KLIMAVEX GROUP - Slovensko","isPartOf":{"@id":"https:\/\/klimavex.eu\/sk\/#website"},"primaryImageOfPage":{"@id":"https:\/\/klimavex.eu\/sk\/giwee\/#primaryimage"},"image":{"@id":"https:\/\/klimavex.eu\/sk\/giwee\/#primaryimage"},"thumbnailUrl":"https:\/\/klimavex.eu\/sk\/wp-content\/uploads\/2023\/11\/LOGO-GIWEE-1024x395.png","datePublished":"2023-11-26T22:28:00+00:00","dateModified":"2024-07-15T08:55:06+00:00","description":"Giwee Group je technologick\u00e1 skupina, ktor\u00e1 sa zaober\u00e1 v\u00fdrobou, v\u00fdskumom a predajom vzduchotechniky a spotrebn\u00fdch elektrick\u00fdch zariaden\u00ed.","breadcrumb":{"@id":"https:\/\/klimavex.eu\/sk\/giwee\/#breadcrumb"},"inLanguage":"sk-SK","potentialAction":[{"@type":"ReadAction","target":["https:\/\/klimavex.eu\/sk\/giwee\/"]}]},{"@type":"ImageObject","inLanguage":"sk-SK","@id":"https:\/\/klimavex.eu\/sk\/giwee\/#primaryimage","url":"https:\/\/klimavex.eu\/sk\/wp-content\/uploads\/2023\/11\/LOGO-GIWEE.png","contentUrl":"https:\/\/klimavex.eu\/sk\/wp-content\/uploads\/2023\/11\/LOGO-GIWEE.png","width":5421,"height":2092,"caption":"giwee logo"},{"@type":"BreadcrumbList","@id":"https:\/\/klimavex.eu\/sk\/giwee\/#breadcrumb","itemListElement":[{"@type":"ListItem","position":1,"name":"Domovsk\u00e1 str\u00e1nka","item":"https:\/\/klimavex.eu\/sk\/"},{"@type":"ListItem","position":2,"name":"Giwee"}]},{"@type":"WebSite","@id":"https:\/\/klimavex.eu\/sk\/#website","url":"https:\/\/klimavex.eu\/sk\/","name":"KLIMAVEX GROUP - Slovensko","description":"","publisher":{"@id":"https:\/\/klimavex.eu\/sk\/#organization"},"alternateName":"KLIMAVEX a.s.","potentialAction":[{"@type":"SearchAction","target":{"@type":"EntryPoint","urlTemplate":"https:\/\/klimavex.eu\/sk\/?s={search_term_string}"},"query-input":{"@type":"PropertyValueSpecification","valueRequired":true,"valueName":"search_term_string"}}],"inLanguage":"sk-SK"},{"@type":"Organization","@id":"https:\/\/klimavex.eu\/sk\/#organization","name":"KLIMAVEX GROUP","alternateName":"KLIMAVEX a.s.","url":"https:\/\/klimavex.eu\/sk\/","logo":{"@type":"ImageObject","inLanguage":"sk-SK","@id":"https:\/\/klimavex.eu\/sk\/#\/schema\/logo\/image\/","url":"https:\/\/klimavex.eu\/sk\/wp-content\/uploads\/2024\/04\/Klimavex-Group-logo.png","contentUrl":"https:\/\/klimavex.eu\/sk\/wp-content\/uploads\/2024\/04\/Klimavex-Group-logo.png","width":1681,"height":472,"caption":"KLIMAVEX GROUP"},"image":{"@id":"https:\/\/klimavex.eu\/sk\/#\/schema\/logo\/image\/"},"sameAs":["https:\/\/www.facebook.com\/klimavex","https:\/\/www.instagram.com\/klimavex_sk\/"]}]}},"_links":{"self":[{"href":"https:\/\/klimavex.eu\/sk\/wp-json\/wp\/v2\/pages\/8656","targetHints":{"allow":["GET"]}}],"collection":[{"href":"https:\/\/klimavex.eu\/sk\/wp-json\/wp\/v2\/pages"}],"about":[{"href":"https:\/\/klimavex.eu\/sk\/wp-json\/wp\/v2\/types\/page"}],"author":[{"embeddable":true,"href":"https:\/\/klimavex.eu\/sk\/wp-json\/wp\/v2\/users\/1"}],"replies":[{"embeddable":true,"href":"https:\/\/klimavex.eu\/sk\/wp-json\/wp\/v2\/comments?post=8656"}],"version-history":[{"count":0,"href":"https:\/\/klimavex.eu\/sk\/wp-json\/wp\/v2\/pages\/8656\/revisions"}],"wp:attachment":[{"href":"https:\/\/klimavex.eu\/sk\/wp-json\/wp\/v2\/media?parent=8656"}],"curies":[{"name":"wp","href":"https:\/\/api.w.org\/{rel}","templated":true}]}}