{"id":8658,"date":"2023-11-26T22:28:20","date_gmt":"2023-11-26T22:28:20","guid":{"rendered":"https:\/\/klimavex.eu\/sk\/?page_id=8658"},"modified":"2024-07-15T10:55:51","modified_gmt":"2024-07-15T08:55:51","slug":"casals","status":"publish","type":"page","link":"https:\/\/klimavex.eu\/sk\/casals\/","title":{"rendered":"Casals"},"content":{"rendered":"\t\t<div data-elementor-type=\"wp-page\" data-elementor-id=\"8658\" class=\"elementor elementor-8658\" data-elementor-post-type=\"page\">\n\t\t\t\t\t\t<section class=\"wd-negative-gap elementor-section elementor-top-section elementor-element elementor-element-b130d3b elementor-section-boxed elementor-section-height-default elementor-section-height-default\" data-id=\"b130d3b\" data-element_type=\"section\">\n\t\t\t\t\t\t\t<div class=\"elementor-background-overlay\"><\/div>\n\t\t\t\t\t\t\t<div class=\"elementor-container elementor-column-gap-default\">\n\t\t\t\t\t<div class=\"elementor-column elementor-col-100 elementor-top-column elementor-element elementor-element-089a951\" data-id=\"089a951\" data-element_type=\"column\" data-settings=\"{&quot;background_background&quot;:&quot;classic&quot;}\">\n\t\t\t<div class=\"elementor-widget-wrap elementor-element-populated\">\n\t\t\t\t\t\t<div class=\"elementor-element elementor-element-3dfb09a wd-width-100 elementor-widget elementor-widget-wd_title\" data-id=\"3dfb09a\" data-element_type=\"widget\" data-widget_type=\"wd_title.default\">\n\t\t\t\t<div class=\"elementor-widget-container\">\n\t\t\t\t\t<div class=\"title-wrapper wd-set-mb reset-last-child wd-title-color-default wd-title-style-default wd-title-size-default text-center\">\n\n\t\t\t\n\t\t\t<div class=\"liner-continer\">\n\t\t\t\t<h4 class=\"woodmart-title-container title wd-fontsize-l\">NA\u0160I V\u00ddROBCOVIA<\/h4> \n\t\t\t\t\t\t\t<\/div>\n\n\t\t\t\t\t<\/div>\n\t\t\t\t<\/div>\n\t\t\t\t<\/div>\n\t\t\t\t<div class=\"elementor-element elementor-element-a4e08c2 elementor-widget-divider--separator-type-pattern elementor-widget-divider--view-line elementor-widget elementor-widget-divider\" data-id=\"a4e08c2\" data-element_type=\"widget\" data-widget_type=\"divider.default\">\n\t\t\t\t<div class=\"elementor-widget-container\">\n\t\t\t\t\t<div class=\"elementor-divider\" style=\"--divider-pattern-url: url(&quot;data:image\/svg+xml,%3Csvg xmlns=&#039;http:\/\/www.w3.org\/2000\/svg&#039; preserveAspectRatio=&#039;none&#039; overflow=&#039;visible&#039; height=&#039;100%&#039; viewBox=&#039;0 0 24 24&#039; fill=&#039;black&#039; stroke=&#039;none&#039;%3E%3Cpolygon points=&#039;9.4,2 24,2 14.6,21.6 0,21.6&#039;\/%3E%3C\/svg%3E&quot;);\">\n\t\t\t<span class=\"elementor-divider-separator\">\n\t\t\t\t\t\t<\/span>\n\t\t<\/div>\n\t\t\t\t<\/div>\n\t\t\t\t<\/div>\n\t\t\t\t<section class=\"wd-negative-gap elementor-section elementor-inner-section elementor-element elementor-element-fda8cd8 elementor-section-full_width elementor-section-content-middle elementor-section-height-default elementor-section-height-default\" data-id=\"fda8cd8\" data-element_type=\"section\">\n\t\t\t\t\t\t<div class=\"elementor-container elementor-column-gap-no\">\n\t\t\t\t\t<div class=\"elementor-column elementor-col-100 elementor-inner-column elementor-element elementor-element-fad8802\" data-id=\"fad8802\" data-element_type=\"column\">\n\t\t\t<div class=\"elementor-widget-wrap elementor-element-populated\">\n\t\t\t\t\t\t<div class=\"elementor-element elementor-element-be389ef elementor-widget elementor-widget-image\" data-id=\"be389ef\" data-element_type=\"widget\" data-widget_type=\"image.default\">\n\t\t\t\t<div class=\"elementor-widget-container\">\n\t\t\t\t\t\t\t\t\t\t\t\t\t<img fetchpriority=\"high\" decoding=\"async\" width=\"1024\" height=\"265\" src=\"https:\/\/klimavex.eu\/sk\/wp-content\/uploads\/2024\/02\/Casals-logo-12_2023_barevne-1024x265.png\" class=\"attachment-large size-large wp-image-253895\" alt=\"logo casals\" srcset=\"https:\/\/klimavex.eu\/sk\/wp-content\/uploads\/2024\/02\/Casals-logo-12_2023_barevne-1024x265.png 1024w, https:\/\/klimavex.eu\/sk\/wp-content\/uploads\/2024\/02\/Casals-logo-12_2023_barevne-300x78.png 300w, https:\/\/klimavex.eu\/sk\/wp-content\/uploads\/2024\/02\/Casals-logo-12_2023_barevne-768x199.png 768w, https:\/\/klimavex.eu\/sk\/wp-content\/uploads\/2024\/02\/Casals-logo-12_2023_barevne-1536x398.png 1536w, https:\/\/klimavex.eu\/sk\/wp-content\/uploads\/2024\/02\/Casals-logo-12_2023_barevne-600x155.png 600w, https:\/\/klimavex.eu\/sk\/wp-content\/uploads\/2024\/02\/Casals-logo-12_2023_barevne-20x5.png 20w, https:\/\/klimavex.eu\/sk\/wp-content\/uploads\/2024\/02\/Casals-logo-12_2023_barevne-150x39.png 150w, https:\/\/klimavex.eu\/sk\/wp-content\/uploads\/2024\/02\/Casals-logo-12_2023_barevne.png 1812w\" sizes=\"(max-width: 1024px) 100vw, 1024px\" \/>\t\t\t\t\t\t\t\t\t\t\t\t\t<\/div>\n\t\t\t\t<\/div>\n\t\t\t\t<div class=\"elementor-element elementor-element-4c1993b elementor-widget elementor-widget-heading\" data-id=\"4c1993b\" data-element_type=\"widget\" data-widget_type=\"heading.default\">\n\t\t\t\t<div class=\"elementor-widget-container\">\n\t\t\t<h2 class=\"elementor-heading-title elementor-size-default\">KOMER\u010cN\u00c9 A PRIEMYSLOV\u00c9 VENTIL\u00c1TORY<\/h2>\t\t<\/div>\n\t\t\t\t<\/div>\n\t\t\t\t<div class=\"elementor-element elementor-element-02a23d4 elementor-widget elementor-widget-heading\" data-id=\"02a23d4\" data-element_type=\"widget\" data-widget_type=\"heading.default\">\n\t\t\t\t<div class=\"elementor-widget-container\">\n\t\t\t<h2 class=\"elementor-heading-title elementor-size-default\"><a href=\"\/sk\/eshop\/?filter_znacka=casals\">Sortiment<\/a><\/h2>\t\t<\/div>\n\t\t\t\t<\/div>\n\t\t\t\t<div class=\"elementor-element elementor-element-ea631c2 color-scheme-inherit text-left elementor-widget elementor-widget-text-editor\" data-id=\"ea631c2\" data-element_type=\"widget\" data-widget_type=\"text-editor.default\">\n\t\t\t\t<div class=\"elementor-widget-container\">\n\t\t\t\t\t\t\t<p>\u00a0<\/p><p>\u0160panielska spolo\u010dnos\u0165 <b>Casals<\/b> bola zalo\u017een\u00e1 roku 1881 a vy\u0161e 140 rokov sa \u0161pecializuje na v\u00fdrobu komer\u010dn\u00fdch a priemyseln\u00fdch ventil\u00e1torov. V roku 2019 bola t\u00e1to spolo\u010dnos\u0165 akv\u00edrovan\u00e1 talianskou spolo\u010dnos\u0165ou\u00a0<a href=\"https:\/\/www.vortice.com\/en\/\" target=\"_blank\" rel=\"noopener\">V<\/a><a href=\"https:\/\/www.vortice.com\/en\/\">ortic<\/a><a href=\"https:\/\/www.vortice.com\/en\/\" target=\"_blank\" rel=\"noopener\">e<\/a>, ktor\u00fa dlhodobo v\u00fdhradne zastupujeme a distribuujeme na na\u0161om trhu.<\/p><p><br \/>Produktov\u00fd rad obsahuje <b>viac ako 100 druhov komer\u010dn\u00fdch a priemyseln\u00fdch ventil\u00e1torov<\/b>. V portf\u00f3liu n\u00e1jdeme axi\u00e1lne, radi\u00e1lne, vysokotlakov\u00e9, stredotlakov\u00e9, n\u00edzkotlakov\u00e9, stre\u0161n\u00e9, skri\u0148ov\u00e9 opl\u00e1\u0161ten\u00e9, potrubn\u00e9, posuvn\u00e9 JET ventil\u00e1tory a \u010fal\u0161ie.<\/p>\t\t\t\t\t\t<\/div>\n\t\t\t\t<\/div>\n\t\t\t\t\t<\/div>\n\t\t<\/div>\n\t\t\t\t\t<\/div>\n\t\t<\/section>\n\t\t\t\t\t<\/div>\n\t\t<\/div>\n\t\t\t\t\t<\/div>\n\t\t<\/section>\n\t\t\t\t<\/div>\n\t\t","protected":false},"excerpt":{"rendered":"<p>NA\u0160I V\u00ddROBCOVIA KOMER\u010cN\u00c9 A PRIEMYSLOV\u00c9 VENTIL\u00c1TORY Sortiment \u00a0 \u0160panielska spolo\u010dnos\u0165 Casals bola zalo\u017een\u00e1 roku 1881 a vy\u0161e 140 rokov sa<\/p>\n","protected":false},"author":1,"featured_media":0,"parent":0,"menu_order":0,"comment_status":"closed","ping_status":"closed","template":"","meta":{"footnotes":""},"class_list":["post-8658","page","type-page","status-publish","hentry"],"yoast_head":"<!-- This site is optimized with the Yoast SEO plugin v23.9 - https:\/\/yoast.com\/wordpress\/plugins\/seo\/ -->\n<title>Casals - KLIMAVEX GROUP - Slovensko<\/title>\n<meta name=\"description\" content=\"Casals je \u0161panielsky v\u00fdrobca komer\u010dn\u00fdch a priemyseln\u00fdch ventil\u00e1torov. Pozrite si ich sortiment, pravdepodobne maj\u00fa ventil\u00e1tor aj pre v\u00e1s.\" \/>\n<meta name=\"robots\" content=\"index, follow, max-snippet:-1, max-image-preview:large, max-video-preview:-1\" \/>\n<link rel=\"canonical\" href=\"https:\/\/klimavex.eu\/sk\/casals\/\" \/>\n<meta property=\"og:locale\" content=\"sk_SK\" \/>\n<meta property=\"og:type\" content=\"article\" \/>\n<meta property=\"og:title\" content=\"Casals - KLIMAVEX GROUP - Slovensko\" \/>\n<meta property=\"og:description\" content=\"Casals je \u0161panielsky v\u00fdrobca komer\u010dn\u00fdch a priemyseln\u00fdch ventil\u00e1torov. Pozrite si ich sortiment, pravdepodobne maj\u00fa ventil\u00e1tor aj pre v\u00e1s.\" \/>\n<meta property=\"og:url\" content=\"https:\/\/klimavex.eu\/sk\/casals\/\" \/>\n<meta property=\"og:site_name\" content=\"KLIMAVEX GROUP - Slovensko\" \/>\n<meta property=\"article:publisher\" content=\"https:\/\/www.facebook.com\/klimavex\" \/>\n<meta property=\"article:modified_time\" content=\"2024-07-15T08:55:51+00:00\" \/>\n<meta property=\"og:image\" content=\"https:\/\/klimavex.eu\/sk\/wp-content\/uploads\/2024\/02\/Casals-logo-12_2023_barevne-1024x265.png\" \/>\n<meta name=\"twitter:card\" content=\"summary_large_image\" \/>\n<meta name=\"twitter:label1\" content=\"Predpokladan\u00fd \u010das \u010d\u00edtania\" \/>\n\t<meta name=\"twitter:data1\" content=\"1 min\u00fata\" \/>\n<script type=\"application\/ld+json\" class=\"yoast-schema-graph\">{\"@context\":\"https:\/\/schema.org\",\"@graph\":[{\"@type\":\"WebPage\",\"@id\":\"https:\/\/klimavex.eu\/sk\/casals\/\",\"url\":\"https:\/\/klimavex.eu\/sk\/casals\/\",\"name\":\"Casals - KLIMAVEX GROUP - Slovensko\",\"isPartOf\":{\"@id\":\"https:\/\/klimavex.eu\/sk\/#website\"},\"primaryImageOfPage\":{\"@id\":\"https:\/\/klimavex.eu\/sk\/casals\/#primaryimage\"},\"image\":{\"@id\":\"https:\/\/klimavex.eu\/sk\/casals\/#primaryimage\"},\"thumbnailUrl\":\"https:\/\/klimavex.eu\/sk\/wp-content\/uploads\/2024\/02\/Casals-logo-12_2023_barevne-1024x265.png\",\"datePublished\":\"2023-11-26T22:28:20+00:00\",\"dateModified\":\"2024-07-15T08:55:51+00:00\",\"description\":\"Casals je \u0161panielsky v\u00fdrobca komer\u010dn\u00fdch a priemyseln\u00fdch ventil\u00e1torov. Pozrite si ich sortiment, pravdepodobne maj\u00fa ventil\u00e1tor aj pre v\u00e1s.\",\"breadcrumb\":{\"@id\":\"https:\/\/klimavex.eu\/sk\/casals\/#breadcrumb\"},\"inLanguage\":\"sk-SK\",\"potentialAction\":[{\"@type\":\"ReadAction\",\"target\":[\"https:\/\/klimavex.eu\/sk\/casals\/\"]}]},{\"@type\":\"ImageObject\",\"inLanguage\":\"sk-SK\",\"@id\":\"https:\/\/klimavex.eu\/sk\/casals\/#primaryimage\",\"url\":\"https:\/\/klimavex.eu\/sk\/wp-content\/uploads\/2024\/02\/Casals-logo-12_2023_barevne.png\",\"contentUrl\":\"https:\/\/klimavex.eu\/sk\/wp-content\/uploads\/2024\/02\/Casals-logo-12_2023_barevne.png\",\"width\":1812,\"height\":469,\"caption\":\"logo casals\"},{\"@type\":\"BreadcrumbList\",\"@id\":\"https:\/\/klimavex.eu\/sk\/casals\/#breadcrumb\",\"itemListElement\":[{\"@type\":\"ListItem\",\"position\":1,\"name\":\"Domovsk\u00e1 str\u00e1nka\",\"item\":\"https:\/\/klimavex.eu\/sk\/\"},{\"@type\":\"ListItem\",\"position\":2,\"name\":\"Casals\"}]},{\"@type\":\"WebSite\",\"@id\":\"https:\/\/klimavex.eu\/sk\/#website\",\"url\":\"https:\/\/klimavex.eu\/sk\/\",\"name\":\"KLIMAVEX GROUP - Slovensko\",\"description\":\"\",\"publisher\":{\"@id\":\"https:\/\/klimavex.eu\/sk\/#organization\"},\"alternateName\":\"KLIMAVEX a.s.\",\"potentialAction\":[{\"@type\":\"SearchAction\",\"target\":{\"@type\":\"EntryPoint\",\"urlTemplate\":\"https:\/\/klimavex.eu\/sk\/?s={search_term_string}\"},\"query-input\":{\"@type\":\"PropertyValueSpecification\",\"valueRequired\":true,\"valueName\":\"search_term_string\"}}],\"inLanguage\":\"sk-SK\"},{\"@type\":\"Organization\",\"@id\":\"https:\/\/klimavex.eu\/sk\/#organization\",\"name\":\"KLIMAVEX GROUP\",\"alternateName\":\"KLIMAVEX a.s.\",\"url\":\"https:\/\/klimavex.eu\/sk\/\",\"logo\":{\"@type\":\"ImageObject\",\"inLanguage\":\"sk-SK\",\"@id\":\"https:\/\/klimavex.eu\/sk\/#\/schema\/logo\/image\/\",\"url\":\"https:\/\/klimavex.eu\/sk\/wp-content\/uploads\/2024\/04\/Klimavex-Group-logo.png\",\"contentUrl\":\"https:\/\/klimavex.eu\/sk\/wp-content\/uploads\/2024\/04\/Klimavex-Group-logo.png\",\"width\":1681,\"height\":472,\"caption\":\"KLIMAVEX GROUP\"},\"image\":{\"@id\":\"https:\/\/klimavex.eu\/sk\/#\/schema\/logo\/image\/\"},\"sameAs\":[\"https:\/\/www.facebook.com\/klimavex\",\"https:\/\/www.instagram.com\/klimavex_sk\/\"]}]}<\/script>\n<!-- \/ Yoast SEO plugin. -->","yoast_head_json":{"title":"Casals - KLIMAVEX GROUP - Slovensko","description":"Casals je \u0161panielsky v\u00fdrobca komer\u010dn\u00fdch a priemyseln\u00fdch ventil\u00e1torov. Pozrite si ich sortiment, pravdepodobne maj\u00fa ventil\u00e1tor aj pre v\u00e1s.","robots":{"index":"index","follow":"follow","max-snippet":"max-snippet:-1","max-image-preview":"max-image-preview:large","max-video-preview":"max-video-preview:-1"},"canonical":"https:\/\/klimavex.eu\/sk\/casals\/","og_locale":"sk_SK","og_type":"article","og_title":"Casals - KLIMAVEX GROUP - Slovensko","og_description":"Casals je \u0161panielsky v\u00fdrobca komer\u010dn\u00fdch a priemyseln\u00fdch ventil\u00e1torov. Pozrite si ich sortiment, pravdepodobne maj\u00fa ventil\u00e1tor aj pre v\u00e1s.","og_url":"https:\/\/klimavex.eu\/sk\/casals\/","og_site_name":"KLIMAVEX GROUP - Slovensko","article_publisher":"https:\/\/www.facebook.com\/klimavex","article_modified_time":"2024-07-15T08:55:51+00:00","og_image":[{"url":"https:\/\/klimavex.eu\/sk\/wp-content\/uploads\/2024\/02\/Casals-logo-12_2023_barevne-1024x265.png"}],"twitter_card":"summary_large_image","twitter_misc":{"Predpokladan\u00fd \u010das \u010d\u00edtania":"1 min\u00fata"},"schema":{"@context":"https:\/\/schema.org","@graph":[{"@type":"WebPage","@id":"https:\/\/klimavex.eu\/sk\/casals\/","url":"https:\/\/klimavex.eu\/sk\/casals\/","name":"Casals - KLIMAVEX GROUP - Slovensko","isPartOf":{"@id":"https:\/\/klimavex.eu\/sk\/#website"},"primaryImageOfPage":{"@id":"https:\/\/klimavex.eu\/sk\/casals\/#primaryimage"},"image":{"@id":"https:\/\/klimavex.eu\/sk\/casals\/#primaryimage"},"thumbnailUrl":"https:\/\/klimavex.eu\/sk\/wp-content\/uploads\/2024\/02\/Casals-logo-12_2023_barevne-1024x265.png","datePublished":"2023-11-26T22:28:20+00:00","dateModified":"2024-07-15T08:55:51+00:00","description":"Casals je \u0161panielsky v\u00fdrobca komer\u010dn\u00fdch a priemyseln\u00fdch ventil\u00e1torov. Pozrite si ich sortiment, pravdepodobne maj\u00fa ventil\u00e1tor aj pre v\u00e1s.","breadcrumb":{"@id":"https:\/\/klimavex.eu\/sk\/casals\/#breadcrumb"},"inLanguage":"sk-SK","potentialAction":[{"@type":"ReadAction","target":["https:\/\/klimavex.eu\/sk\/casals\/"]}]},{"@type":"ImageObject","inLanguage":"sk-SK","@id":"https:\/\/klimavex.eu\/sk\/casals\/#primaryimage","url":"https:\/\/klimavex.eu\/sk\/wp-content\/uploads\/2024\/02\/Casals-logo-12_2023_barevne.png","contentUrl":"https:\/\/klimavex.eu\/sk\/wp-content\/uploads\/2024\/02\/Casals-logo-12_2023_barevne.png","width":1812,"height":469,"caption":"logo casals"},{"@type":"BreadcrumbList","@id":"https:\/\/klimavex.eu\/sk\/casals\/#breadcrumb","itemListElement":[{"@type":"ListItem","position":1,"name":"Domovsk\u00e1 str\u00e1nka","item":"https:\/\/klimavex.eu\/sk\/"},{"@type":"ListItem","position":2,"name":"Casals"}]},{"@type":"WebSite","@id":"https:\/\/klimavex.eu\/sk\/#website","url":"https:\/\/klimavex.eu\/sk\/","name":"KLIMAVEX GROUP - Slovensko","description":"","publisher":{"@id":"https:\/\/klimavex.eu\/sk\/#organization"},"alternateName":"KLIMAVEX a.s.","potentialAction":[{"@type":"SearchAction","target":{"@type":"EntryPoint","urlTemplate":"https:\/\/klimavex.eu\/sk\/?s={search_term_string}"},"query-input":{"@type":"PropertyValueSpecification","valueRequired":true,"valueName":"search_term_string"}}],"inLanguage":"sk-SK"},{"@type":"Organization","@id":"https:\/\/klimavex.eu\/sk\/#organization","name":"KLIMAVEX GROUP","alternateName":"KLIMAVEX a.s.","url":"https:\/\/klimavex.eu\/sk\/","logo":{"@type":"ImageObject","inLanguage":"sk-SK","@id":"https:\/\/klimavex.eu\/sk\/#\/schema\/logo\/image\/","url":"https:\/\/klimavex.eu\/sk\/wp-content\/uploads\/2024\/04\/Klimavex-Group-logo.png","contentUrl":"https:\/\/klimavex.eu\/sk\/wp-content\/uploads\/2024\/04\/Klimavex-Group-logo.png","width":1681,"height":472,"caption":"KLIMAVEX GROUP"},"image":{"@id":"https:\/\/klimavex.eu\/sk\/#\/schema\/logo\/image\/"},"sameAs":["https:\/\/www.facebook.com\/klimavex","https:\/\/www.instagram.com\/klimavex_sk\/"]}]}},"_links":{"self":[{"href":"https:\/\/klimavex.eu\/sk\/wp-json\/wp\/v2\/pages\/8658","targetHints":{"allow":["GET"]}}],"collection":[{"href":"https:\/\/klimavex.eu\/sk\/wp-json\/wp\/v2\/pages"}],"about":[{"href":"https:\/\/klimavex.eu\/sk\/wp-json\/wp\/v2\/types\/page"}],"author":[{"embeddable":true,"href":"https:\/\/klimavex.eu\/sk\/wp-json\/wp\/v2\/users\/1"}],"replies":[{"embeddable":true,"href":"https:\/\/klimavex.eu\/sk\/wp-json\/wp\/v2\/comments?post=8658"}],"version-history":[{"count":0,"href":"https:\/\/klimavex.eu\/sk\/wp-json\/wp\/v2\/pages\/8658\/revisions"}],"wp:attachment":[{"href":"https:\/\/klimavex.eu\/sk\/wp-json\/wp\/v2\/media?parent=8658"}],"curies":[{"name":"wp","href":"https:\/\/api.w.org\/{rel}","templated":true}]}}