{"id":8660,"date":"2023-11-26T22:28:38","date_gmt":"2023-11-26T22:28:38","guid":{"rendered":"https:\/\/klimavex.eu\/sk\/?page_id=8660"},"modified":"2024-07-15T10:57:28","modified_gmt":"2024-07-15T08:57:28","slug":"sabiana","status":"publish","type":"page","link":"https:\/\/klimavex.eu\/sk\/sabiana\/","title":{"rendered":"Sabiana"},"content":{"rendered":"\t\t<div data-elementor-type=\"wp-page\" data-elementor-id=\"8660\" class=\"elementor elementor-8660\" data-elementor-post-type=\"page\">\n\t\t\t\t\t\t<section class=\"wd-negative-gap elementor-section elementor-top-section elementor-element elementor-element-78ed339 elementor-section-boxed elementor-section-height-default elementor-section-height-default\" data-id=\"78ed339\" data-element_type=\"section\">\n\t\t\t\t\t\t\t<div class=\"elementor-background-overlay\"><\/div>\n\t\t\t\t\t\t\t<div class=\"elementor-container elementor-column-gap-default\">\n\t\t\t\t\t<div class=\"elementor-column elementor-col-100 elementor-top-column elementor-element elementor-element-8475021\" data-id=\"8475021\" data-element_type=\"column\" data-settings=\"{&quot;background_background&quot;:&quot;classic&quot;}\">\n\t\t\t<div class=\"elementor-widget-wrap elementor-element-populated\">\n\t\t\t\t\t\t<div class=\"elementor-element elementor-element-468b4df wd-width-100 elementor-widget elementor-widget-wd_title\" data-id=\"468b4df\" data-element_type=\"widget\" data-widget_type=\"wd_title.default\">\n\t\t\t\t<div class=\"elementor-widget-container\">\n\t\t\t\t\t<div class=\"title-wrapper wd-set-mb reset-last-child wd-title-color-default wd-title-style-default wd-title-size-default text-center\">\n\n\t\t\t\n\t\t\t<div class=\"liner-continer\">\n\t\t\t\t<h4 class=\"woodmart-title-container title wd-fontsize-l\">NA\u0160I V\u00ddROBCOVIA<\/h4> \n\t\t\t\t\t\t\t<\/div>\n\n\t\t\t\t\t<\/div>\n\t\t\t\t<\/div>\n\t\t\t\t<\/div>\n\t\t\t\t<div class=\"elementor-element elementor-element-c18b38e elementor-widget-divider--separator-type-pattern elementor-widget-divider--view-line elementor-widget elementor-widget-divider\" data-id=\"c18b38e\" data-element_type=\"widget\" data-widget_type=\"divider.default\">\n\t\t\t\t<div class=\"elementor-widget-container\">\n\t\t\t\t\t<div class=\"elementor-divider\" style=\"--divider-pattern-url: url(&quot;data:image\/svg+xml,%3Csvg xmlns=&#039;http:\/\/www.w3.org\/2000\/svg&#039; preserveAspectRatio=&#039;none&#039; overflow=&#039;visible&#039; height=&#039;100%&#039; viewBox=&#039;0 0 24 24&#039; fill=&#039;black&#039; stroke=&#039;none&#039;%3E%3Cpolygon points=&#039;9.4,2 24,2 14.6,21.6 0,21.6&#039;\/%3E%3C\/svg%3E&quot;);\">\n\t\t\t<span class=\"elementor-divider-separator\">\n\t\t\t\t\t\t<\/span>\n\t\t<\/div>\n\t\t\t\t<\/div>\n\t\t\t\t<\/div>\n\t\t\t\t<section class=\"wd-negative-gap elementor-section elementor-inner-section elementor-element elementor-element-a573eab elementor-section-full_width elementor-section-content-middle elementor-section-height-default elementor-section-height-default\" data-id=\"a573eab\" data-element_type=\"section\">\n\t\t\t\t\t\t<div class=\"elementor-container elementor-column-gap-no\">\n\t\t\t\t\t<div class=\"elementor-column elementor-col-100 elementor-inner-column elementor-element elementor-element-87a4b5e\" data-id=\"87a4b5e\" data-element_type=\"column\">\n\t\t\t<div class=\"elementor-widget-wrap elementor-element-populated\">\n\t\t\t\t\t\t<div class=\"elementor-element elementor-element-3780a3a elementor-widget elementor-widget-image\" data-id=\"3780a3a\" data-element_type=\"widget\" data-widget_type=\"image.default\">\n\t\t\t\t<div class=\"elementor-widget-container\">\n\t\t\t\t\t\t\t\t\t\t\t\t\t<img fetchpriority=\"high\" decoding=\"async\" width=\"777\" height=\"847\" src=\"https:\/\/klimavex.eu\/sk\/wp-content\/uploads\/2023\/11\/LOGO-SABIANA.jpg\" class=\"attachment-large size-large wp-image-61\" alt=\"\" srcset=\"https:\/\/klimavex.eu\/sk\/wp-content\/uploads\/2023\/11\/LOGO-SABIANA.jpg 777w, https:\/\/klimavex.eu\/sk\/wp-content\/uploads\/2023\/11\/LOGO-SABIANA-275x300.jpg 275w, https:\/\/klimavex.eu\/sk\/wp-content\/uploads\/2023\/11\/LOGO-SABIANA-768x837.jpg 768w, https:\/\/klimavex.eu\/sk\/wp-content\/uploads\/2023\/11\/LOGO-SABIANA-550x600.jpg 550w, https:\/\/klimavex.eu\/sk\/wp-content\/uploads\/2023\/11\/LOGO-SABIANA-18x20.jpg 18w, https:\/\/klimavex.eu\/sk\/wp-content\/uploads\/2023\/11\/LOGO-SABIANA-150x164.jpg 150w\" sizes=\"(max-width: 777px) 100vw, 777px\" \/>\t\t\t\t\t\t\t\t\t\t\t\t\t<\/div>\n\t\t\t\t<\/div>\n\t\t\t\t<div class=\"elementor-element elementor-element-59aecbc elementor-widget elementor-widget-heading\" data-id=\"59aecbc\" data-element_type=\"widget\" data-widget_type=\"heading.default\">\n\t\t\t\t<div class=\"elementor-widget-container\">\n\t\t\t<h2 class=\"elementor-heading-title elementor-size-default\">FANCOILY<\/h2>\t\t<\/div>\n\t\t\t\t<\/div>\n\t\t\t\t<div class=\"elementor-element elementor-element-35530eb elementor-widget elementor-widget-heading\" data-id=\"35530eb\" data-element_type=\"widget\" data-widget_type=\"heading.default\">\n\t\t\t\t<div class=\"elementor-widget-container\">\n\t\t\t<h2 class=\"elementor-heading-title elementor-size-default\"><a href=\"\/sk\/eshop\/?filter_znacka=sabiana\">Sortiment<\/a><\/h2>\t\t<\/div>\n\t\t\t\t<\/div>\n\t\t\t\t<div class=\"elementor-element elementor-element-3f01975 color-scheme-inherit text-left elementor-widget elementor-widget-text-editor\" data-id=\"3f01975\" data-element_type=\"widget\" data-widget_type=\"text-editor.default\">\n\t\t\t\t<div class=\"elementor-widget-container\">\n\t\t\t\t\t\t\t<p><span style=\"font-size: 14px;\"><br><\/span><\/p><p><span style=\"font-size: 14px;\">Spolo\u010dnos\u0165 <\/span><b style=\"font-size: 14px;\">SABIANA<\/b><span style=\"font-size: 14px;\"> bola zalo\u017een\u00e1 v roku 1929 Franc\u00fazom Binaghim a Benvenutom Antarellom. <\/span><a href=\"https:\/\/www.sabiana.cz\/\" style=\"font-size: 14px;\">Roku 1935 predstavila<\/a><span style=\"font-size: 14px;\"> prv\u00fd elektrick\u00fd ohrieva\u010d. Po \u00faspe\u0161nom prekonan\u00ed vojnov\u00e9ho obdobia sa zamerala na automatiz\u00e1ciu v\u00fdrobn\u00fdch procesov a za\u010dala s <\/span><b style=\"font-size: 14px;\">v\u00fdrobou vodn\u00fdch vykurovac\u00edch jednotiek<\/b><span style=\"font-size: 14px;\">, ktor\u00e9 s\u00fa v ponuke dodnes.<\/span><\/p>\n<p>Na konci sedemdesiatych rokov sa za\u010dal roz\u0161irova\u0165 dopyt po komer\u010dn\u00fdch klimatiz\u00e1ci\u00e1ch a vykurovacie konvektory tak za\u010dali by\u0165 nahradzovan\u00e9 jednotkami <b>fancoil<\/b>. Certifik\u00e1cia Eurovent a ISO9001 v kombin\u00e1cii s vysokou kvalitou produkcie zara\u010fuj\u00fa spolo\u010dnos\u0165 SABIANA k <b>l\u00eddrom na trhu v tomto segmente<\/b>.<\/p>\n<p>KLIMAVEX je distrib\u00fatorom zna\u010dky pre slovensk\u00fd a \u010desk\u00fd trh. Dlhodobo dod\u00e1vame vysoko kvalitn\u00e9 fancoily zna\u010dky SABIANA v r\u00f4znych prevedeniach: <b>parapetno-podstropn\u00e9, podlahov\u00e9, potrubn\u00e9 a kazetov\u00e9.<\/b><\/p>\t\t\t\t\t\t<\/div>\n\t\t\t\t<\/div>\n\t\t\t\t\t<\/div>\n\t\t<\/div>\n\t\t\t\t\t<\/div>\n\t\t<\/section>\n\t\t\t\t\t<\/div>\n\t\t<\/div>\n\t\t\t\t\t<\/div>\n\t\t<\/section>\n\t\t\t\t<\/div>\n\t\t","protected":false},"excerpt":{"rendered":"<p>NA\u0160I V\u00ddROBCOVIA FANCOILY Sortiment Spolo\u010dnos\u0165 SABIANA bola zalo\u017een\u00e1 v roku 1929 Franc\u00fazom Binaghim a Benvenutom Antarellom. Roku 1935 predstavila prv\u00fd<\/p>\n","protected":false},"author":1,"featured_media":0,"parent":0,"menu_order":0,"comment_status":"closed","ping_status":"closed","template":"","meta":{"footnotes":""},"class_list":["post-8660","page","type-page","status-publish","hentry"],"yoast_head":"<!-- This site is optimized with the Yoast SEO plugin v23.9 - https:\/\/yoast.com\/wordpress\/plugins\/seo\/ -->\n<title>Sabiana - KLIMAVEX GROUP - Slovensko<\/title>\n<meta name=\"description\" content=\"Sabiana je l\u00eddrom na trhu s fancoilmi. V na\u0161ej ponuke n\u00e1jdete parapetn\u00e9, podlahov\u00e9, kan\u00e1lov\u00e9 a kazetov\u00e9 fancoily SABIANA.\" \/>\n<meta name=\"robots\" content=\"index, follow, max-snippet:-1, max-image-preview:large, max-video-preview:-1\" \/>\n<link rel=\"canonical\" href=\"https:\/\/klimavex.eu\/sk\/sabiana\/\" \/>\n<meta property=\"og:locale\" content=\"sk_SK\" \/>\n<meta property=\"og:type\" content=\"article\" \/>\n<meta property=\"og:title\" content=\"Sabiana - KLIMAVEX GROUP - Slovensko\" \/>\n<meta property=\"og:description\" content=\"Sabiana je l\u00eddrom na trhu s fancoilmi. V na\u0161ej ponuke n\u00e1jdete parapetn\u00e9, podlahov\u00e9, kan\u00e1lov\u00e9 a kazetov\u00e9 fancoily SABIANA.\" \/>\n<meta property=\"og:url\" content=\"https:\/\/klimavex.eu\/sk\/sabiana\/\" \/>\n<meta property=\"og:site_name\" content=\"KLIMAVEX GROUP - Slovensko\" \/>\n<meta property=\"article:publisher\" content=\"https:\/\/www.facebook.com\/klimavex\" \/>\n<meta property=\"article:modified_time\" content=\"2024-07-15T08:57:28+00:00\" \/>\n<meta property=\"og:image\" content=\"https:\/\/klimavex.eu\/sk\/wp-content\/uploads\/2023\/11\/LOGO-SABIANA.jpg\" \/>\n<meta name=\"twitter:card\" content=\"summary_large_image\" \/>\n<meta name=\"twitter:label1\" content=\"Predpokladan\u00fd \u010das \u010d\u00edtania\" \/>\n\t<meta name=\"twitter:data1\" content=\"1 min\u00fata\" \/>\n<script type=\"application\/ld+json\" class=\"yoast-schema-graph\">{\"@context\":\"https:\/\/schema.org\",\"@graph\":[{\"@type\":\"WebPage\",\"@id\":\"https:\/\/klimavex.eu\/sk\/sabiana\/\",\"url\":\"https:\/\/klimavex.eu\/sk\/sabiana\/\",\"name\":\"Sabiana - KLIMAVEX GROUP - Slovensko\",\"isPartOf\":{\"@id\":\"https:\/\/klimavex.eu\/sk\/#website\"},\"primaryImageOfPage\":{\"@id\":\"https:\/\/klimavex.eu\/sk\/sabiana\/#primaryimage\"},\"image\":{\"@id\":\"https:\/\/klimavex.eu\/sk\/sabiana\/#primaryimage\"},\"thumbnailUrl\":\"https:\/\/klimavex.eu\/sk\/wp-content\/uploads\/2023\/11\/LOGO-SABIANA.jpg\",\"datePublished\":\"2023-11-26T22:28:38+00:00\",\"dateModified\":\"2024-07-15T08:57:28+00:00\",\"description\":\"Sabiana je l\u00eddrom na trhu s fancoilmi. V na\u0161ej ponuke n\u00e1jdete parapetn\u00e9, podlahov\u00e9, kan\u00e1lov\u00e9 a kazetov\u00e9 fancoily SABIANA.\",\"breadcrumb\":{\"@id\":\"https:\/\/klimavex.eu\/sk\/sabiana\/#breadcrumb\"},\"inLanguage\":\"sk-SK\",\"potentialAction\":[{\"@type\":\"ReadAction\",\"target\":[\"https:\/\/klimavex.eu\/sk\/sabiana\/\"]}]},{\"@type\":\"ImageObject\",\"inLanguage\":\"sk-SK\",\"@id\":\"https:\/\/klimavex.eu\/sk\/sabiana\/#primaryimage\",\"url\":\"https:\/\/klimavex.eu\/sk\/wp-content\/uploads\/2023\/11\/LOGO-SABIANA.jpg\",\"contentUrl\":\"https:\/\/klimavex.eu\/sk\/wp-content\/uploads\/2023\/11\/LOGO-SABIANA.jpg\",\"width\":777,\"height\":847},{\"@type\":\"BreadcrumbList\",\"@id\":\"https:\/\/klimavex.eu\/sk\/sabiana\/#breadcrumb\",\"itemListElement\":[{\"@type\":\"ListItem\",\"position\":1,\"name\":\"Domovsk\u00e1 str\u00e1nka\",\"item\":\"https:\/\/klimavex.eu\/sk\/\"},{\"@type\":\"ListItem\",\"position\":2,\"name\":\"Sabiana\"}]},{\"@type\":\"WebSite\",\"@id\":\"https:\/\/klimavex.eu\/sk\/#website\",\"url\":\"https:\/\/klimavex.eu\/sk\/\",\"name\":\"KLIMAVEX GROUP - Slovensko\",\"description\":\"\",\"publisher\":{\"@id\":\"https:\/\/klimavex.eu\/sk\/#organization\"},\"alternateName\":\"KLIMAVEX a.s.\",\"potentialAction\":[{\"@type\":\"SearchAction\",\"target\":{\"@type\":\"EntryPoint\",\"urlTemplate\":\"https:\/\/klimavex.eu\/sk\/?s={search_term_string}\"},\"query-input\":{\"@type\":\"PropertyValueSpecification\",\"valueRequired\":true,\"valueName\":\"search_term_string\"}}],\"inLanguage\":\"sk-SK\"},{\"@type\":\"Organization\",\"@id\":\"https:\/\/klimavex.eu\/sk\/#organization\",\"name\":\"KLIMAVEX GROUP\",\"alternateName\":\"KLIMAVEX a.s.\",\"url\":\"https:\/\/klimavex.eu\/sk\/\",\"logo\":{\"@type\":\"ImageObject\",\"inLanguage\":\"sk-SK\",\"@id\":\"https:\/\/klimavex.eu\/sk\/#\/schema\/logo\/image\/\",\"url\":\"https:\/\/klimavex.eu\/sk\/wp-content\/uploads\/2024\/04\/Klimavex-Group-logo.png\",\"contentUrl\":\"https:\/\/klimavex.eu\/sk\/wp-content\/uploads\/2024\/04\/Klimavex-Group-logo.png\",\"width\":1681,\"height\":472,\"caption\":\"KLIMAVEX GROUP\"},\"image\":{\"@id\":\"https:\/\/klimavex.eu\/sk\/#\/schema\/logo\/image\/\"},\"sameAs\":[\"https:\/\/www.facebook.com\/klimavex\",\"https:\/\/www.instagram.com\/klimavex_sk\/\"]}]}<\/script>\n<!-- \/ Yoast SEO plugin. -->","yoast_head_json":{"title":"Sabiana - KLIMAVEX GROUP - Slovensko","description":"Sabiana je l\u00eddrom na trhu s fancoilmi. V na\u0161ej ponuke n\u00e1jdete parapetn\u00e9, podlahov\u00e9, kan\u00e1lov\u00e9 a kazetov\u00e9 fancoily SABIANA.","robots":{"index":"index","follow":"follow","max-snippet":"max-snippet:-1","max-image-preview":"max-image-preview:large","max-video-preview":"max-video-preview:-1"},"canonical":"https:\/\/klimavex.eu\/sk\/sabiana\/","og_locale":"sk_SK","og_type":"article","og_title":"Sabiana - KLIMAVEX GROUP - Slovensko","og_description":"Sabiana je l\u00eddrom na trhu s fancoilmi. V na\u0161ej ponuke n\u00e1jdete parapetn\u00e9, podlahov\u00e9, kan\u00e1lov\u00e9 a kazetov\u00e9 fancoily SABIANA.","og_url":"https:\/\/klimavex.eu\/sk\/sabiana\/","og_site_name":"KLIMAVEX GROUP - Slovensko","article_publisher":"https:\/\/www.facebook.com\/klimavex","article_modified_time":"2024-07-15T08:57:28+00:00","og_image":[{"url":"https:\/\/klimavex.eu\/sk\/wp-content\/uploads\/2023\/11\/LOGO-SABIANA.jpg"}],"twitter_card":"summary_large_image","twitter_misc":{"Predpokladan\u00fd \u010das \u010d\u00edtania":"1 min\u00fata"},"schema":{"@context":"https:\/\/schema.org","@graph":[{"@type":"WebPage","@id":"https:\/\/klimavex.eu\/sk\/sabiana\/","url":"https:\/\/klimavex.eu\/sk\/sabiana\/","name":"Sabiana - KLIMAVEX GROUP - Slovensko","isPartOf":{"@id":"https:\/\/klimavex.eu\/sk\/#website"},"primaryImageOfPage":{"@id":"https:\/\/klimavex.eu\/sk\/sabiana\/#primaryimage"},"image":{"@id":"https:\/\/klimavex.eu\/sk\/sabiana\/#primaryimage"},"thumbnailUrl":"https:\/\/klimavex.eu\/sk\/wp-content\/uploads\/2023\/11\/LOGO-SABIANA.jpg","datePublished":"2023-11-26T22:28:38+00:00","dateModified":"2024-07-15T08:57:28+00:00","description":"Sabiana je l\u00eddrom na trhu s fancoilmi. V na\u0161ej ponuke n\u00e1jdete parapetn\u00e9, podlahov\u00e9, kan\u00e1lov\u00e9 a kazetov\u00e9 fancoily SABIANA.","breadcrumb":{"@id":"https:\/\/klimavex.eu\/sk\/sabiana\/#breadcrumb"},"inLanguage":"sk-SK","potentialAction":[{"@type":"ReadAction","target":["https:\/\/klimavex.eu\/sk\/sabiana\/"]}]},{"@type":"ImageObject","inLanguage":"sk-SK","@id":"https:\/\/klimavex.eu\/sk\/sabiana\/#primaryimage","url":"https:\/\/klimavex.eu\/sk\/wp-content\/uploads\/2023\/11\/LOGO-SABIANA.jpg","contentUrl":"https:\/\/klimavex.eu\/sk\/wp-content\/uploads\/2023\/11\/LOGO-SABIANA.jpg","width":777,"height":847},{"@type":"BreadcrumbList","@id":"https:\/\/klimavex.eu\/sk\/sabiana\/#breadcrumb","itemListElement":[{"@type":"ListItem","position":1,"name":"Domovsk\u00e1 str\u00e1nka","item":"https:\/\/klimavex.eu\/sk\/"},{"@type":"ListItem","position":2,"name":"Sabiana"}]},{"@type":"WebSite","@id":"https:\/\/klimavex.eu\/sk\/#website","url":"https:\/\/klimavex.eu\/sk\/","name":"KLIMAVEX GROUP - Slovensko","description":"","publisher":{"@id":"https:\/\/klimavex.eu\/sk\/#organization"},"alternateName":"KLIMAVEX a.s.","potentialAction":[{"@type":"SearchAction","target":{"@type":"EntryPoint","urlTemplate":"https:\/\/klimavex.eu\/sk\/?s={search_term_string}"},"query-input":{"@type":"PropertyValueSpecification","valueRequired":true,"valueName":"search_term_string"}}],"inLanguage":"sk-SK"},{"@type":"Organization","@id":"https:\/\/klimavex.eu\/sk\/#organization","name":"KLIMAVEX GROUP","alternateName":"KLIMAVEX a.s.","url":"https:\/\/klimavex.eu\/sk\/","logo":{"@type":"ImageObject","inLanguage":"sk-SK","@id":"https:\/\/klimavex.eu\/sk\/#\/schema\/logo\/image\/","url":"https:\/\/klimavex.eu\/sk\/wp-content\/uploads\/2024\/04\/Klimavex-Group-logo.png","contentUrl":"https:\/\/klimavex.eu\/sk\/wp-content\/uploads\/2024\/04\/Klimavex-Group-logo.png","width":1681,"height":472,"caption":"KLIMAVEX GROUP"},"image":{"@id":"https:\/\/klimavex.eu\/sk\/#\/schema\/logo\/image\/"},"sameAs":["https:\/\/www.facebook.com\/klimavex","https:\/\/www.instagram.com\/klimavex_sk\/"]}]}},"_links":{"self":[{"href":"https:\/\/klimavex.eu\/sk\/wp-json\/wp\/v2\/pages\/8660","targetHints":{"allow":["GET"]}}],"collection":[{"href":"https:\/\/klimavex.eu\/sk\/wp-json\/wp\/v2\/pages"}],"about":[{"href":"https:\/\/klimavex.eu\/sk\/wp-json\/wp\/v2\/types\/page"}],"author":[{"embeddable":true,"href":"https:\/\/klimavex.eu\/sk\/wp-json\/wp\/v2\/users\/1"}],"replies":[{"embeddable":true,"href":"https:\/\/klimavex.eu\/sk\/wp-json\/wp\/v2\/comments?post=8660"}],"version-history":[{"count":0,"href":"https:\/\/klimavex.eu\/sk\/wp-json\/wp\/v2\/pages\/8660\/revisions"}],"wp:attachment":[{"href":"https:\/\/klimavex.eu\/sk\/wp-json\/wp\/v2\/media?parent=8660"}],"curies":[{"name":"wp","href":"https:\/\/api.w.org\/{rel}","templated":true}]}}