{"id":473673,"date":"2026-04-02T16:03:06","date_gmt":"2026-04-02T14:03:06","guid":{"rendered":"https:\/\/klimavex.eu\/sk\/katalog\/tepelne-cerpadlo-panasonic-aquarea-l-gen-hydrosplit-spirala-3kw-sdc-wdg-r290-230v-230v-7kw\/"},"modified":"2026-04-02T16:03:24","modified_gmt":"2026-04-02T14:03:24","slug":"tepelne-cerpadlo-panasonic-aquarea-l-gen-hydrosplit-spirala-3kw-sdc-wdg-r290-230v-7kw","status":"publish","type":"product","link":"https:\/\/klimavex.eu\/sk\/katalog\/tepelne-cerpadlo-panasonic-aquarea-l-gen-hydrosplit-spirala-3kw-sdc-wdg-r290-230v-7kw\/","title":{"rendered":"Tepeln\u00e9 \u010derpadlo Panasonic Aquarea L-gen hydrosplit (\u0161pir\u00e1la 3kW) SDC\/WDG R290 230V 7kW"},"content":{"rendered":"<p style=\"text-align:justify\"><span style=\"font-size:11pt\"><span style=\"font-family:Calibri,sans-serif\"><strong>K\u013e&uacute;\u010dov&eacute; vlastnosti<\/strong><\/span><\/span><\/p>\n<ul>\n<li style=\"text-align: justify;\"><span style=\"font-size:11pt\"><span style=\"font-family:Calibri,sans-serif\">Pr&iacute;rodn&eacute; chladivo R290 s potenci&aacute;lom glob&aacute;lneho otep\u013eovania GWP = 3<\/span><\/span><\/li>\n<li style=\"text-align: justify;\"><span style=\"font-size:11pt\"><span style=\"font-family:Calibri,sans-serif\">Trieda energetickej &uacute;\u010dinnosti A+++ v re\u017eime vykurovania pri 35&deg;C<\/span><\/span><\/li>\n<li style=\"text-align: justify;\"><span style=\"font-size:11pt\"><span style=\"font-family:Calibri,sans-serif\">Vstavan&yacute; prietokomer<\/span><\/span><\/li>\n<li style=\"text-align: justify;\"><span style=\"font-size:11pt\"><span style=\"font-family:Calibri,sans-serif\">Hydraulick&eacute; spojenie medzi vn&uacute;tornou a vonkaj&scaron;ou jednotkou<\/span><\/span><\/li>\n<li style=\"text-align: justify;\"><span style=\"font-size:11pt\"><span style=\"font-family:Calibri,sans-serif\">Vstavan&yacute; magnetick&yacute; vodn&yacute; filter<\/span><\/span><\/li>\n<li style=\"text-align: justify;\"><span style=\"font-size:11pt\"><span style=\"font-family:Calibri,sans-serif\">Mo\u017enos\u0165 in&scaron;tal&aacute;cie v miestach so zhor&scaron;enou kvalitou vody<\/span><\/span><\/li>\n<li style=\"text-align: justify;\"><span style=\"font-size:11pt\"><span style=\"font-family:Calibri,sans-serif\">Prev&aacute;dzka bez z&aacute;lo\u017en&eacute;ho ohrieva\u010da pri vonkaj&scaron;ej teplote -25&deg;C<\/span><\/span><\/li>\n<li style=\"text-align: justify;\"><span style=\"font-size:11pt\"><span style=\"font-family:Calibri,sans-serif\">Maxim&aacute;lna v&yacute;stupn&aacute; teplota vody 75&deg;C pri vonkaj&scaron;ej teplote -10&deg;C<\/span><\/span><\/li>\n<li style=\"text-align: justify;\"><span style=\"font-size:11pt\"><span style=\"font-family:Calibri,sans-serif\">Tepl&aacute; voda s teplotou 55&deg;C aj pri vonkaj&scaron;ej teplote -25&deg;C<\/span><\/span><\/li>\n<li style=\"text-align: justify;\"><span style=\"font-size:11pt\"><span style=\"font-family:Calibri,sans-serif\">Optimalizovan&eacute; u\u017e&iacute;vate\u013esk&eacute; rozhranie a vylep&scaron;en&eacute; funkcie (ovl&aacute;danie 2 z&oacute;n, bivalentn&eacute; ovl&aacute;danie)<\/span><\/span><\/li>\n<li style=\"text-align: justify;\"><span style=\"font-size:11pt\"><span style=\"font-family:Calibri,sans-serif\">S&uacute;\u010das\u0165ou adapt&eacute;r siete Wi-Fi<\/span><\/span><\/li>\n<\/ul>\n","protected":false},"excerpt":{"rendered":"<p style=\"text-align:justify\"><span style=\"font-size:11pt\"><span style=\"font-family:Calibri,sans-serif\">Tepeln&eacute; \u010derpadlo <strong>Panasonic Aquarea L-gener&aacute;cie <\/strong>je &scaron;pi\u010dkov&yacute; syst&eacute;m s n&iacute;zkou spotrebou energie na vykurovanie, chladenie a pr&iacute;pravu teplej &uacute;\u017eitkovej vody, ktor&yacute; zaru\u010duje <strong>v&yacute;nimo\u010dn&yacute; v&yacute;kon aj pri extr&eacute;mnych vonkaj&scaron;&iacute;ch teplot&aacute;ch<\/strong>. Tieto jednotky v preveden&iacute; <strong>split <\/strong>pon&uacute;kaj&uacute; revol&uacute;ciu dizajnu, efektivity, konektivity a udr\u017eate\u013enosti. Antracitovo &scaron;ed&eacute; vonkaj&scaron;ie jednotky boli kompletne prepracovan&eacute; s inovat&iacute;vnym dizajnom, ktor&yacute; sa prisp&ocirc;sob&iacute; ka\u017ed&eacute;mu priestoru. Vn&uacute;torn&eacute; jednotky s <strong>integrovan&yacute;m ovl&aacute;dac&iacute;m panelom <\/strong>s&uacute; jemne biele s elegantn&yacute;m \u010diernym p&aacute;som. Gener&aacute;cia L je navrhnut&aacute; s pr&iacute;rodn&yacute;m <strong>chladivom R290 s GWP 3<\/strong>.<\/span><\/span><\/p>\n","protected":false},"featured_media":474831,"template":"","meta":[],"product_cat":[89,88,142,29],"product_tag":[],"class_list":{"0":"post-473673","1":"product","2":"type-product","3":"status-publish","4":"has-post-thumbnail","6":"product_cat-split-hydrosplit","7":"product_cat-panasonic","8":"product_cat-hydrosplit-l-generacia-r290","9":"product_cat-tepelne-cerpadla","10":"pa_extra-funkcia-sdc-l-gen","11":"pa_max-vystupna-voda-3264","12":"pa_napajanie-1f-230v","13":"pa_prevedenie-nastenny-hydrosplit","14":"pa_qch-pri-von-tep-35c-voda-7-3143","15":"pa_qvyk-pri-2c-vonk-35c-voda-3266","16":"pa_qvyk-pri-7c-vonk-35c-voda-3209","17":"pa_typ-chladiva-r290","18":"pa_ucinnost-cop-a-7-w35-3265","19":"pa_vyk-do-von-tepl-c-25-c","20":"pa_vykon-spiraly-kw-3133","21":"pa_vykonovy-model-kw-6-az-7kw","22":"pa_wifi-ovladanie-volitelne","23":"pa_znacka-panasonic","25":"first","26":"instock","27":"taxable","28":"shipping-taxable","29":"purchasable","30":"product-type-simple"},"yoast_head":"<!-- This site is optimized with the Yoast SEO plugin v23.9 - https:\/\/yoast.com\/wordpress\/plugins\/seo\/ -->\n<title>Tepeln\u00e9 \u010derpadlo Panasonic Aquarea L-gen hydrosplit (\u0161pir\u00e1la 3kW) SDC\/WDG R290 230V 7kW - KLIMAVEX GROUP - Slovensko<\/title>\n<meta name=\"robots\" content=\"index, follow, max-snippet:-1, max-image-preview:large, max-video-preview:-1\" \/>\n<link rel=\"canonical\" href=\"https:\/\/klimavex.eu\/sk\/katalog\/tepelne-cerpadlo-panasonic-aquarea-l-gen-hydrosplit-spirala-3kw-sdc-wdg-r290-230v-230v-7kw\/\" \/>\n<meta property=\"og:locale\" content=\"sk_SK\" \/>\n<meta property=\"og:type\" content=\"article\" \/>\n<meta property=\"og:title\" content=\"Tepeln\u00e9 \u010derpadlo Panasonic Aquarea L-gen hydrosplit (\u0161pir\u00e1la 3kW) SDC\/WDG R290 230V 7kW - KLIMAVEX GROUP - Slovensko\" \/>\n<meta property=\"og:description\" content=\"Tepeln&eacute; \u010derpadlo Panasonic Aquarea L-gener&aacute;cie je &scaron;pi\u010dkov&yacute; syst&eacute;m s n&iacute;zkou spotrebou energie na vykurovanie, chladenie a pr&iacute;pravu teplej &uacute;\u017eitkovej vody, ktor&yacute; zaru\u010duje v&yacute;nimo\u010dn&yacute; v&yacute;kon aj pri extr&eacute;mnych vonkaj&scaron;&iacute;ch teplot&aacute;ch. Tieto jednotky v preveden&iacute; split pon&uacute;kaj&uacute; revol&uacute;ciu dizajnu, efektivity, konektivity a udr\u017eate\u013enosti. Antracitovo &scaron;ed&eacute; vonkaj&scaron;ie jednotky boli kompletne prepracovan&eacute; s inovat&iacute;vnym dizajnom, ktor&yacute; sa prisp&ocirc;sob&iacute; ka\u017ed&eacute;mu priestoru. Vn&uacute;torn&eacute; jednotky s integrovan&yacute;m ovl&aacute;dac&iacute;m panelom s&uacute; jemne biele s elegantn&yacute;m \u010diernym p&aacute;som. Gener&aacute;cia L je navrhnut&aacute; s pr&iacute;rodn&yacute;m chladivom R290 s GWP 3.\" \/>\n<meta property=\"og:url\" content=\"https:\/\/klimavex.eu\/sk\/katalog\/tepelne-cerpadlo-panasonic-aquarea-l-gen-hydrosplit-spirala-3kw-sdc-wdg-r290-230v-230v-7kw\/\" \/>\n<meta property=\"og:site_name\" content=\"KLIMAVEX GROUP - Slovensko\" \/>\n<meta property=\"article:publisher\" content=\"https:\/\/www.facebook.com\/klimavex\" \/>\n<meta property=\"article:modified_time\" content=\"2026-04-02T14:03:24+00:00\" \/>\n<meta property=\"og:image\" content=\"https:\/\/klimavex.eu\/sk\/wp-content\/uploads\/2024\/02\/LOGO-KLIMAVEX-modra-kostka-1.png\" \/>\n\t<meta property=\"og:image:width\" content=\"9184\" \/>\n\t<meta property=\"og:image:height\" content=\"9184\" \/>\n\t<meta property=\"og:image:type\" content=\"image\/png\" \/>\n<meta name=\"twitter:card\" content=\"summary_large_image\" \/>\n<meta name=\"twitter:label1\" content=\"Predpokladan\u00fd \u010das \u010d\u00edtania\" \/>\n\t<meta name=\"twitter:data1\" content=\"1 min\u00fata\" \/>\n<script type=\"application\/ld+json\" class=\"yoast-schema-graph\">{\"@context\":\"https:\/\/schema.org\",\"@graph\":[{\"@type\":\"WebPage\",\"@id\":\"https:\/\/klimavex.eu\/sk\/katalog\/tepelne-cerpadlo-panasonic-aquarea-l-gen-hydrosplit-spirala-3kw-sdc-wdg-r290-230v-230v-7kw\/\",\"url\":\"https:\/\/klimavex.eu\/sk\/katalog\/tepelne-cerpadlo-panasonic-aquarea-l-gen-hydrosplit-spirala-3kw-sdc-wdg-r290-230v-230v-7kw\/\",\"name\":\"Tepeln\u00e9 \u010derpadlo Panasonic Aquarea L-gen hydrosplit (\u0161pir\u00e1la 3kW) SDC\/WDG R290 230V 7kW - KLIMAVEX GROUP - Slovensko\",\"isPartOf\":{\"@id\":\"https:\/\/klimavex.eu\/sk\/#website\"},\"primaryImageOfPage\":{\"@id\":\"https:\/\/klimavex.eu\/sk\/katalog\/tepelne-cerpadlo-panasonic-aquarea-l-gen-hydrosplit-spirala-3kw-sdc-wdg-r290-230v-230v-7kw\/#primaryimage\"},\"image\":{\"@id\":\"https:\/\/klimavex.eu\/sk\/katalog\/tepelne-cerpadlo-panasonic-aquarea-l-gen-hydrosplit-spirala-3kw-sdc-wdg-r290-230v-230v-7kw\/#primaryimage\"},\"thumbnailUrl\":\"https:\/\/klimavex.eu\/sk\/wp-content\/uploads\/2025\/09\/yXzZByLe919rjmT-NTHlo0-YwqFzA5lUW-YmhGHS1sk-1.jpeg\",\"datePublished\":\"2026-04-02T14:03:06+00:00\",\"dateModified\":\"2026-04-02T14:03:24+00:00\",\"breadcrumb\":{\"@id\":\"https:\/\/klimavex.eu\/sk\/katalog\/tepelne-cerpadlo-panasonic-aquarea-l-gen-hydrosplit-spirala-3kw-sdc-wdg-r290-230v-230v-7kw\/#breadcrumb\"},\"inLanguage\":\"sk-SK\",\"potentialAction\":[{\"@type\":\"ReadAction\",\"target\":[\"https:\/\/klimavex.eu\/sk\/katalog\/tepelne-cerpadlo-panasonic-aquarea-l-gen-hydrosplit-spirala-3kw-sdc-wdg-r290-230v-230v-7kw\/\"]}]},{\"@type\":\"ImageObject\",\"inLanguage\":\"sk-SK\",\"@id\":\"https:\/\/klimavex.eu\/sk\/katalog\/tepelne-cerpadlo-panasonic-aquarea-l-gen-hydrosplit-spirala-3kw-sdc-wdg-r290-230v-230v-7kw\/#primaryimage\",\"url\":\"https:\/\/klimavex.eu\/sk\/wp-content\/uploads\/2025\/09\/yXzZByLe919rjmT-NTHlo0-YwqFzA5lUW-YmhGHS1sk-1.jpeg\",\"contentUrl\":\"https:\/\/klimavex.eu\/sk\/wp-content\/uploads\/2025\/09\/yXzZByLe919rjmT-NTHlo0-YwqFzA5lUW-YmhGHS1sk-1.jpeg\",\"width\":500,\"height\":500},{\"@type\":\"BreadcrumbList\",\"@id\":\"https:\/\/klimavex.eu\/sk\/katalog\/tepelne-cerpadlo-panasonic-aquarea-l-gen-hydrosplit-spirala-3kw-sdc-wdg-r290-230v-230v-7kw\/#breadcrumb\",\"itemListElement\":[{\"@type\":\"ListItem\",\"position\":1,\"name\":\"Domovsk\u00e1 str\u00e1nka\",\"item\":\"https:\/\/klimavex.eu\/sk\/\"},{\"@type\":\"ListItem\",\"position\":2,\"name\":\"Eshop\",\"item\":\"https:\/\/klimavex.eu\/sk\/eshop\/\"},{\"@type\":\"ListItem\",\"position\":3,\"name\":\"Tepeln\u00e9 \u010derpadlo Panasonic Aquarea L-gen hydrosplit (\u0161pir\u00e1la 3kW) SDC\/WDG R290 230V\/230V 7kW\"}]},{\"@type\":\"WebSite\",\"@id\":\"https:\/\/klimavex.eu\/sk\/#website\",\"url\":\"https:\/\/klimavex.eu\/sk\/\",\"name\":\"KLIMAVEX GROUP - Slovensko\",\"description\":\"\",\"publisher\":{\"@id\":\"https:\/\/klimavex.eu\/sk\/#organization\"},\"alternateName\":\"KLIMAVEX a.s.\",\"potentialAction\":[{\"@type\":\"SearchAction\",\"target\":{\"@type\":\"EntryPoint\",\"urlTemplate\":\"https:\/\/klimavex.eu\/sk\/?s={search_term_string}\"},\"query-input\":{\"@type\":\"PropertyValueSpecification\",\"valueRequired\":true,\"valueName\":\"search_term_string\"}}],\"inLanguage\":\"sk-SK\"},{\"@type\":\"Organization\",\"@id\":\"https:\/\/klimavex.eu\/sk\/#organization\",\"name\":\"KLIMAVEX GROUP\",\"alternateName\":\"KLIMAVEX a.s.\",\"url\":\"https:\/\/klimavex.eu\/sk\/\",\"logo\":{\"@type\":\"ImageObject\",\"inLanguage\":\"sk-SK\",\"@id\":\"https:\/\/klimavex.eu\/sk\/#\/schema\/logo\/image\/\",\"url\":\"https:\/\/klimavex.eu\/sk\/wp-content\/uploads\/2024\/04\/Klimavex-Group-logo.png\",\"contentUrl\":\"https:\/\/klimavex.eu\/sk\/wp-content\/uploads\/2024\/04\/Klimavex-Group-logo.png\",\"width\":1681,\"height\":472,\"caption\":\"KLIMAVEX GROUP\"},\"image\":{\"@id\":\"https:\/\/klimavex.eu\/sk\/#\/schema\/logo\/image\/\"},\"sameAs\":[\"https:\/\/www.facebook.com\/klimavex\",\"https:\/\/www.instagram.com\/klimavex_sk\/\"]}]}<\/script>\n<!-- \/ Yoast SEO plugin. -->","yoast_head_json":{"title":"Tepeln\u00e9 \u010derpadlo Panasonic Aquarea L-gen hydrosplit (\u0161pir\u00e1la 3kW) SDC\/WDG R290 230V 7kW - KLIMAVEX GROUP - Slovensko","robots":{"index":"index","follow":"follow","max-snippet":"max-snippet:-1","max-image-preview":"max-image-preview:large","max-video-preview":"max-video-preview:-1"},"canonical":"https:\/\/klimavex.eu\/sk\/katalog\/tepelne-cerpadlo-panasonic-aquarea-l-gen-hydrosplit-spirala-3kw-sdc-wdg-r290-230v-230v-7kw\/","og_locale":"sk_SK","og_type":"article","og_title":"Tepeln\u00e9 \u010derpadlo Panasonic Aquarea L-gen hydrosplit (\u0161pir\u00e1la 3kW) SDC\/WDG R290 230V 7kW - KLIMAVEX GROUP - Slovensko","og_description":"Tepeln&eacute; \u010derpadlo Panasonic Aquarea L-gener&aacute;cie je &scaron;pi\u010dkov&yacute; syst&eacute;m s n&iacute;zkou spotrebou energie na vykurovanie, chladenie a pr&iacute;pravu teplej &uacute;\u017eitkovej vody, ktor&yacute; zaru\u010duje v&yacute;nimo\u010dn&yacute; v&yacute;kon aj pri extr&eacute;mnych vonkaj&scaron;&iacute;ch teplot&aacute;ch. Tieto jednotky v preveden&iacute; split pon&uacute;kaj&uacute; revol&uacute;ciu dizajnu, efektivity, konektivity a udr\u017eate\u013enosti. Antracitovo &scaron;ed&eacute; vonkaj&scaron;ie jednotky boli kompletne prepracovan&eacute; s inovat&iacute;vnym dizajnom, ktor&yacute; sa prisp&ocirc;sob&iacute; ka\u017ed&eacute;mu priestoru. Vn&uacute;torn&eacute; jednotky s integrovan&yacute;m ovl&aacute;dac&iacute;m panelom s&uacute; jemne biele s elegantn&yacute;m \u010diernym p&aacute;som. Gener&aacute;cia L je navrhnut&aacute; s pr&iacute;rodn&yacute;m chladivom R290 s GWP 3.","og_url":"https:\/\/klimavex.eu\/sk\/katalog\/tepelne-cerpadlo-panasonic-aquarea-l-gen-hydrosplit-spirala-3kw-sdc-wdg-r290-230v-230v-7kw\/","og_site_name":"KLIMAVEX GROUP - Slovensko","article_publisher":"https:\/\/www.facebook.com\/klimavex","article_modified_time":"2026-04-02T14:03:24+00:00","og_image":[{"width":9184,"height":9184,"url":"https:\/\/klimavex.eu\/sk\/wp-content\/uploads\/2024\/02\/LOGO-KLIMAVEX-modra-kostka-1.png","type":"image\/png"}],"twitter_card":"summary_large_image","twitter_misc":{"Predpokladan\u00fd \u010das \u010d\u00edtania":"1 min\u00fata"},"schema":{"@context":"https:\/\/schema.org","@graph":[{"@type":"WebPage","@id":"https:\/\/klimavex.eu\/sk\/katalog\/tepelne-cerpadlo-panasonic-aquarea-l-gen-hydrosplit-spirala-3kw-sdc-wdg-r290-230v-230v-7kw\/","url":"https:\/\/klimavex.eu\/sk\/katalog\/tepelne-cerpadlo-panasonic-aquarea-l-gen-hydrosplit-spirala-3kw-sdc-wdg-r290-230v-230v-7kw\/","name":"Tepeln\u00e9 \u010derpadlo Panasonic Aquarea L-gen hydrosplit (\u0161pir\u00e1la 3kW) SDC\/WDG R290 230V 7kW - KLIMAVEX GROUP - Slovensko","isPartOf":{"@id":"https:\/\/klimavex.eu\/sk\/#website"},"primaryImageOfPage":{"@id":"https:\/\/klimavex.eu\/sk\/katalog\/tepelne-cerpadlo-panasonic-aquarea-l-gen-hydrosplit-spirala-3kw-sdc-wdg-r290-230v-230v-7kw\/#primaryimage"},"image":{"@id":"https:\/\/klimavex.eu\/sk\/katalog\/tepelne-cerpadlo-panasonic-aquarea-l-gen-hydrosplit-spirala-3kw-sdc-wdg-r290-230v-230v-7kw\/#primaryimage"},"thumbnailUrl":"https:\/\/klimavex.eu\/sk\/wp-content\/uploads\/2025\/09\/yXzZByLe919rjmT-NTHlo0-YwqFzA5lUW-YmhGHS1sk-1.jpeg","datePublished":"2026-04-02T14:03:06+00:00","dateModified":"2026-04-02T14:03:24+00:00","breadcrumb":{"@id":"https:\/\/klimavex.eu\/sk\/katalog\/tepelne-cerpadlo-panasonic-aquarea-l-gen-hydrosplit-spirala-3kw-sdc-wdg-r290-230v-230v-7kw\/#breadcrumb"},"inLanguage":"sk-SK","potentialAction":[{"@type":"ReadAction","target":["https:\/\/klimavex.eu\/sk\/katalog\/tepelne-cerpadlo-panasonic-aquarea-l-gen-hydrosplit-spirala-3kw-sdc-wdg-r290-230v-230v-7kw\/"]}]},{"@type":"ImageObject","inLanguage":"sk-SK","@id":"https:\/\/klimavex.eu\/sk\/katalog\/tepelne-cerpadlo-panasonic-aquarea-l-gen-hydrosplit-spirala-3kw-sdc-wdg-r290-230v-230v-7kw\/#primaryimage","url":"https:\/\/klimavex.eu\/sk\/wp-content\/uploads\/2025\/09\/yXzZByLe919rjmT-NTHlo0-YwqFzA5lUW-YmhGHS1sk-1.jpeg","contentUrl":"https:\/\/klimavex.eu\/sk\/wp-content\/uploads\/2025\/09\/yXzZByLe919rjmT-NTHlo0-YwqFzA5lUW-YmhGHS1sk-1.jpeg","width":500,"height":500},{"@type":"BreadcrumbList","@id":"https:\/\/klimavex.eu\/sk\/katalog\/tepelne-cerpadlo-panasonic-aquarea-l-gen-hydrosplit-spirala-3kw-sdc-wdg-r290-230v-230v-7kw\/#breadcrumb","itemListElement":[{"@type":"ListItem","position":1,"name":"Domovsk\u00e1 str\u00e1nka","item":"https:\/\/klimavex.eu\/sk\/"},{"@type":"ListItem","position":2,"name":"Eshop","item":"https:\/\/klimavex.eu\/sk\/eshop\/"},{"@type":"ListItem","position":3,"name":"Tepeln\u00e9 \u010derpadlo Panasonic Aquarea L-gen hydrosplit (\u0161pir\u00e1la 3kW) SDC\/WDG R290 230V\/230V 7kW"}]},{"@type":"WebSite","@id":"https:\/\/klimavex.eu\/sk\/#website","url":"https:\/\/klimavex.eu\/sk\/","name":"KLIMAVEX GROUP - Slovensko","description":"","publisher":{"@id":"https:\/\/klimavex.eu\/sk\/#organization"},"alternateName":"KLIMAVEX a.s.","potentialAction":[{"@type":"SearchAction","target":{"@type":"EntryPoint","urlTemplate":"https:\/\/klimavex.eu\/sk\/?s={search_term_string}"},"query-input":{"@type":"PropertyValueSpecification","valueRequired":true,"valueName":"search_term_string"}}],"inLanguage":"sk-SK"},{"@type":"Organization","@id":"https:\/\/klimavex.eu\/sk\/#organization","name":"KLIMAVEX GROUP","alternateName":"KLIMAVEX a.s.","url":"https:\/\/klimavex.eu\/sk\/","logo":{"@type":"ImageObject","inLanguage":"sk-SK","@id":"https:\/\/klimavex.eu\/sk\/#\/schema\/logo\/image\/","url":"https:\/\/klimavex.eu\/sk\/wp-content\/uploads\/2024\/04\/Klimavex-Group-logo.png","contentUrl":"https:\/\/klimavex.eu\/sk\/wp-content\/uploads\/2024\/04\/Klimavex-Group-logo.png","width":1681,"height":472,"caption":"KLIMAVEX GROUP"},"image":{"@id":"https:\/\/klimavex.eu\/sk\/#\/schema\/logo\/image\/"},"sameAs":["https:\/\/www.facebook.com\/klimavex","https:\/\/www.instagram.com\/klimavex_sk\/"]}]}},"_links":{"self":[{"href":"https:\/\/klimavex.eu\/sk\/wp-json\/wp\/v2\/product\/473673","targetHints":{"allow":["GET"]}}],"collection":[{"href":"https:\/\/klimavex.eu\/sk\/wp-json\/wp\/v2\/product"}],"about":[{"href":"https:\/\/klimavex.eu\/sk\/wp-json\/wp\/v2\/types\/product"}],"version-history":[{"count":0,"href":"https:\/\/klimavex.eu\/sk\/wp-json\/wp\/v2\/product\/473673\/revisions"}],"wp:featuredmedia":[{"embeddable":true,"href":"https:\/\/klimavex.eu\/sk\/wp-json\/wp\/v2\/media\/474831"}],"wp:attachment":[{"href":"https:\/\/klimavex.eu\/sk\/wp-json\/wp\/v2\/media?parent=473673"}],"wp:term":[{"taxonomy":"product_cat","embeddable":true,"href":"https:\/\/klimavex.eu\/sk\/wp-json\/wp\/v2\/product_cat?post=473673"},{"taxonomy":"product_tag","embeddable":true,"href":"https:\/\/klimavex.eu\/sk\/wp-json\/wp\/v2\/product_tag?post=473673"}],"curies":[{"name":"wp","href":"https:\/\/api.w.org\/{rel}","templated":true}]}}