{"id":473684,"date":"2026-04-02T16:03:06","date_gmt":"2026-04-02T14:03:06","guid":{"rendered":"https:\/\/klimavex.eu\/sk\/katalog\/tepelne-cerpadlo-panasonic-aquarea-adc-aio-h-gen-185l-16kw-3f\/"},"modified":"2026-04-02T16:03:34","modified_gmt":"2026-04-02T14:03:34","slug":"tepelne-cerpadlo-panasonic-aquarea-adc-aio-h-gen-185l-16kw-3f","status":"publish","type":"product","link":"https:\/\/klimavex.eu\/sk\/katalog\/tepelne-cerpadlo-panasonic-aquarea-adc-aio-h-gen-185l-16kw-3f\/","title":{"rendered":"Tepeln\u00e9 \u010derpadlo Panasonic Aquarea ADC AiO H-gen (185l) 16kW (3f)"},"content":{"rendered":"<p style=\"text-align:justify\"><span style=\"font-size:11pt\"><span style=\"font-family:Calibri,sans-serif\"><strong>K\u013e&uacute;\u010dov&eacute; vlastnosti<\/strong><\/span><\/span><\/p>\n<ul>\n<li style=\"text-align: justify;\"><span style=\"font-size:11pt\"><span style=\"font-family:Calibri,sans-serif\">A+++ v re\u017eime vykurovania pri 35&deg;C a A+ v re\u017eime pr&iacute;pravy T&Uacute;V<\/span><\/span><\/li>\n<li style=\"text-align: justify;\"><span style=\"font-size:11pt\"><span style=\"font-family:Calibri,sans-serif\">Vodn&eacute; \u010derpadlo s premenn&yacute;mi ot&aacute;\u010dkami triedy &bdquo;A&ldquo;<\/span><\/span><\/li>\n<li style=\"text-align: justify;\"><span style=\"font-size:11pt\"><span style=\"font-family:Calibri,sans-serif\">Z&aacute;sobn&iacute;k teplej vody 185l z nerezovej ocele s izola\u010dn&yacute;m panelom U-Vacua&trade;<\/span><\/span><\/li>\n<li style=\"text-align: justify;\"><span style=\"font-size:11pt\"><span style=\"font-family:Calibri,sans-serif\">Vstavan&yacute; prietokomer<\/span><\/span><\/li>\n<li style=\"text-align: justify;\"><span style=\"font-size:11pt\"><span style=\"font-family:Calibri,sans-serif\">Volite\u013en&yacute; magnet pre vodn&yacute; filter<\/span><\/span><\/li>\n<li style=\"text-align: justify;\"><span style=\"font-size:11pt\"><span style=\"font-family:Calibri,sans-serif\">Prev&aacute;dzkov&yacute; rozsah a\u017e do &ndash;20&deg;C<\/span><\/span><\/li>\n<li style=\"text-align: justify;\"><span style=\"font-size:11pt\"><span style=\"font-family:Calibri,sans-serif\">\u010eal&scaron;ie funkcie s volite\u013enou obvodovou doskou (ovl&aacute;danie 2 z&oacute;n, bivalentn&eacute; ovl&aacute;danie, kontakt pre chytr&uacute; sie\u0165 a \u010fal&scaron;ie)<\/span><\/span><\/li>\n<li style=\"text-align: justify;\"><span style=\"font-size:11pt\"><span style=\"font-family:Calibri,sans-serif\">Volite\u013en&eacute; syst&eacute;my Aquarea Smart a Service Cloud a integr&aacute;cia do projektov so syst&eacute;mami spr&aacute;vy budov<\/span><\/span><\/li>\n<\/ul>\n","protected":false},"excerpt":{"rendered":"<p style=\"text-align:justify\"><span style=\"font-size:11pt\"><span style=\"font-family:Calibri,sans-serif\">Tepeln&eacute; \u010derpadlo <strong>Panasonic Aquarea H-gener&aacute;cie <\/strong>je inovat&iacute;vny n&iacute;zkoenergetick&yacute; syst&eacute;m zalo\u017een&yacute; na technol&oacute;gii <strong>vzduch-voda<\/strong>. Tieto jednotky v preveden&iacute; <strong>split ALL IN ONE (z&aacute;sobn&iacute;k na T&Uacute;V 185l) <\/strong>pon&uacute;kaj&uacute; efekt&iacute;vne a &uacute;\u010dinn&eacute; vykurovanie dom&aacute;cnost&iacute; aj <strong>pri extr&eacute;mnych vonkaj&scaron;&iacute;ch teplot&aacute;ch <\/strong>. Okrem toho m&ocirc;\u017eu jednotky taktie\u017e v lete chladi\u0165 priestory a celoro\u010dne vyr&aacute;ba\u0165 tepl&uacute; vodu. U\u017e&iacute;va sa chladivo R410A.<\/span><\/span><\/p>\n","protected":false},"featured_media":474871,"template":"","meta":[],"product_cat":[6081,88,6737,119,29,6082,6066],"product_tag":[],"class_list":{"0":"post-473684","1":"product","2":"type-product","3":"status-publish","4":"has-post-thumbnail","6":"product_cat-tepelne-cerpadla-dopredaj","7":"product_cat-panasonic","8":"product_cat-split-all-in-one-h-generacia-r410a","9":"product_cat-split-hydrosplit-all-in-one","10":"product_cat-tepelne-cerpadla","11":"product_cat-dopredaj-tepelne-cerpadla","12":"product_cat-dopredaj","13":"pa_extra-funkcia-aio-h-gen","14":"pa_max-vystupna-voda-3221","15":"pa_napajanie-3f-400v","16":"pa_objem-nadrze-tuv-3243","17":"pa_prevedenie-split-aio-s-tuv","18":"pa_qch-pri-von-tep-35c-voda-7-3245","19":"pa_qvyk-pri-2c-vonk-35c-voda-3228","20":"pa_qvyk-pri-7c-vonk-35c-voda-3163","21":"pa_typ-chladiva-r410a","22":"pa_ucinnost-cop-a-7-w35-3227","23":"pa_vyk-do-von-tepl-c-20-c","24":"pa_vykon-spiraly-kw-3150","25":"pa_vykonovy-model-kw-16kw","26":"pa_wifi-ovladanie-volitelne","27":"pa_znacka-panasonic","29":"first","30":"instock","31":"taxable","32":"shipping-taxable","33":"purchasable","34":"product-type-simple"},"yoast_head":"<!-- This site is optimized with the Yoast SEO plugin v23.9 - https:\/\/yoast.com\/wordpress\/plugins\/seo\/ -->\n<title>Tepeln\u00e9 \u010derpadlo Panasonic Aquarea ADC AiO H-gen (185l) 16kW (3f) - KLIMAVEX GROUP - Slovensko<\/title>\n<meta name=\"robots\" content=\"index, follow, max-snippet:-1, max-image-preview:large, max-video-preview:-1\" \/>\n<link rel=\"canonical\" href=\"https:\/\/klimavex.eu\/sk\/katalog\/tepelne-cerpadlo-panasonic-aquarea-adc-aio-h-gen-185l-16kw-3f\/\" \/>\n<meta property=\"og:locale\" content=\"sk_SK\" \/>\n<meta property=\"og:type\" content=\"article\" \/>\n<meta property=\"og:title\" content=\"Tepeln\u00e9 \u010derpadlo Panasonic Aquarea ADC AiO H-gen (185l) 16kW (3f) - KLIMAVEX GROUP - Slovensko\" \/>\n<meta property=\"og:description\" content=\"Tepeln&eacute; \u010derpadlo Panasonic Aquarea H-gener&aacute;cie je inovat&iacute;vny n&iacute;zkoenergetick&yacute; syst&eacute;m zalo\u017een&yacute; na technol&oacute;gii vzduch-voda. Tieto jednotky v preveden&iacute; split ALL IN ONE (z&aacute;sobn&iacute;k na T&Uacute;V 185l) pon&uacute;kaj&uacute; efekt&iacute;vne a &uacute;\u010dinn&eacute; vykurovanie dom&aacute;cnost&iacute; aj pri extr&eacute;mnych vonkaj&scaron;&iacute;ch teplot&aacute;ch . Okrem toho m&ocirc;\u017eu jednotky taktie\u017e v lete chladi\u0165 priestory a celoro\u010dne vyr&aacute;ba\u0165 tepl&uacute; vodu. U\u017e&iacute;va sa chladivo R410A.\" \/>\n<meta property=\"og:url\" content=\"https:\/\/klimavex.eu\/sk\/katalog\/tepelne-cerpadlo-panasonic-aquarea-adc-aio-h-gen-185l-16kw-3f\/\" \/>\n<meta property=\"og:site_name\" content=\"KLIMAVEX GROUP - Slovensko\" \/>\n<meta property=\"article:publisher\" content=\"https:\/\/www.facebook.com\/klimavex\" \/>\n<meta property=\"article:modified_time\" content=\"2026-04-02T14:03:34+00:00\" \/>\n<meta property=\"og:image\" content=\"https:\/\/klimavex.eu\/sk\/wp-content\/uploads\/2024\/02\/LOGO-KLIMAVEX-modra-kostka-1.png\" \/>\n\t<meta property=\"og:image:width\" content=\"9184\" \/>\n\t<meta property=\"og:image:height\" content=\"9184\" \/>\n\t<meta property=\"og:image:type\" content=\"image\/png\" \/>\n<meta name=\"twitter:card\" content=\"summary_large_image\" \/>\n<meta name=\"twitter:label1\" content=\"Predpokladan\u00fd \u010das \u010d\u00edtania\" \/>\n\t<meta name=\"twitter:data1\" content=\"1 min\u00fata\" \/>\n<script type=\"application\/ld+json\" class=\"yoast-schema-graph\">{\"@context\":\"https:\/\/schema.org\",\"@graph\":[{\"@type\":\"WebPage\",\"@id\":\"https:\/\/klimavex.eu\/sk\/katalog\/tepelne-cerpadlo-panasonic-aquarea-adc-aio-h-gen-185l-16kw-3f\/\",\"url\":\"https:\/\/klimavex.eu\/sk\/katalog\/tepelne-cerpadlo-panasonic-aquarea-adc-aio-h-gen-185l-16kw-3f\/\",\"name\":\"Tepeln\u00e9 \u010derpadlo Panasonic Aquarea ADC AiO H-gen (185l) 16kW (3f) - KLIMAVEX GROUP - Slovensko\",\"isPartOf\":{\"@id\":\"https:\/\/klimavex.eu\/sk\/#website\"},\"primaryImageOfPage\":{\"@id\":\"https:\/\/klimavex.eu\/sk\/katalog\/tepelne-cerpadlo-panasonic-aquarea-adc-aio-h-gen-185l-16kw-3f\/#primaryimage\"},\"image\":{\"@id\":\"https:\/\/klimavex.eu\/sk\/katalog\/tepelne-cerpadlo-panasonic-aquarea-adc-aio-h-gen-185l-16kw-3f\/#primaryimage\"},\"thumbnailUrl\":\"https:\/\/klimavex.eu\/sk\/wp-content\/uploads\/2025\/09\/kFb89vrpcu-okaU-J2wF84T2vKIHBp9NKhPpaSq9aMI.jpeg\",\"datePublished\":\"2026-04-02T14:03:06+00:00\",\"dateModified\":\"2026-04-02T14:03:34+00:00\",\"breadcrumb\":{\"@id\":\"https:\/\/klimavex.eu\/sk\/katalog\/tepelne-cerpadlo-panasonic-aquarea-adc-aio-h-gen-185l-16kw-3f\/#breadcrumb\"},\"inLanguage\":\"sk-SK\",\"potentialAction\":[{\"@type\":\"ReadAction\",\"target\":[\"https:\/\/klimavex.eu\/sk\/katalog\/tepelne-cerpadlo-panasonic-aquarea-adc-aio-h-gen-185l-16kw-3f\/\"]}]},{\"@type\":\"ImageObject\",\"inLanguage\":\"sk-SK\",\"@id\":\"https:\/\/klimavex.eu\/sk\/katalog\/tepelne-cerpadlo-panasonic-aquarea-adc-aio-h-gen-185l-16kw-3f\/#primaryimage\",\"url\":\"https:\/\/klimavex.eu\/sk\/wp-content\/uploads\/2025\/09\/kFb89vrpcu-okaU-J2wF84T2vKIHBp9NKhPpaSq9aMI.jpeg\",\"contentUrl\":\"https:\/\/klimavex.eu\/sk\/wp-content\/uploads\/2025\/09\/kFb89vrpcu-okaU-J2wF84T2vKIHBp9NKhPpaSq9aMI.jpeg\",\"width\":512,\"height\":724},{\"@type\":\"BreadcrumbList\",\"@id\":\"https:\/\/klimavex.eu\/sk\/katalog\/tepelne-cerpadlo-panasonic-aquarea-adc-aio-h-gen-185l-16kw-3f\/#breadcrumb\",\"itemListElement\":[{\"@type\":\"ListItem\",\"position\":1,\"name\":\"Domovsk\u00e1 str\u00e1nka\",\"item\":\"https:\/\/klimavex.eu\/sk\/\"},{\"@type\":\"ListItem\",\"position\":2,\"name\":\"Eshop\",\"item\":\"https:\/\/klimavex.eu\/sk\/eshop\/\"},{\"@type\":\"ListItem\",\"position\":3,\"name\":\"*Tepeln\u00e9 \u010derpadlo Panasonic Aquarea ADC AiO H-gen (185l) 16kW (3f)\"}]},{\"@type\":\"WebSite\",\"@id\":\"https:\/\/klimavex.eu\/sk\/#website\",\"url\":\"https:\/\/klimavex.eu\/sk\/\",\"name\":\"KLIMAVEX GROUP - Slovensko\",\"description\":\"\",\"publisher\":{\"@id\":\"https:\/\/klimavex.eu\/sk\/#organization\"},\"alternateName\":\"KLIMAVEX a.s.\",\"potentialAction\":[{\"@type\":\"SearchAction\",\"target\":{\"@type\":\"EntryPoint\",\"urlTemplate\":\"https:\/\/klimavex.eu\/sk\/?s={search_term_string}\"},\"query-input\":{\"@type\":\"PropertyValueSpecification\",\"valueRequired\":true,\"valueName\":\"search_term_string\"}}],\"inLanguage\":\"sk-SK\"},{\"@type\":\"Organization\",\"@id\":\"https:\/\/klimavex.eu\/sk\/#organization\",\"name\":\"KLIMAVEX GROUP\",\"alternateName\":\"KLIMAVEX a.s.\",\"url\":\"https:\/\/klimavex.eu\/sk\/\",\"logo\":{\"@type\":\"ImageObject\",\"inLanguage\":\"sk-SK\",\"@id\":\"https:\/\/klimavex.eu\/sk\/#\/schema\/logo\/image\/\",\"url\":\"https:\/\/klimavex.eu\/sk\/wp-content\/uploads\/2024\/04\/Klimavex-Group-logo.png\",\"contentUrl\":\"https:\/\/klimavex.eu\/sk\/wp-content\/uploads\/2024\/04\/Klimavex-Group-logo.png\",\"width\":1681,\"height\":472,\"caption\":\"KLIMAVEX GROUP\"},\"image\":{\"@id\":\"https:\/\/klimavex.eu\/sk\/#\/schema\/logo\/image\/\"},\"sameAs\":[\"https:\/\/www.facebook.com\/klimavex\",\"https:\/\/www.instagram.com\/klimavex_sk\/\"]}]}<\/script>\n<!-- \/ Yoast SEO plugin. -->","yoast_head_json":{"title":"Tepeln\u00e9 \u010derpadlo Panasonic Aquarea ADC AiO H-gen (185l) 16kW (3f) - KLIMAVEX GROUP - Slovensko","robots":{"index":"index","follow":"follow","max-snippet":"max-snippet:-1","max-image-preview":"max-image-preview:large","max-video-preview":"max-video-preview:-1"},"canonical":"https:\/\/klimavex.eu\/sk\/katalog\/tepelne-cerpadlo-panasonic-aquarea-adc-aio-h-gen-185l-16kw-3f\/","og_locale":"sk_SK","og_type":"article","og_title":"Tepeln\u00e9 \u010derpadlo Panasonic Aquarea ADC AiO H-gen (185l) 16kW (3f) - KLIMAVEX GROUP - Slovensko","og_description":"Tepeln&eacute; \u010derpadlo Panasonic Aquarea H-gener&aacute;cie je inovat&iacute;vny n&iacute;zkoenergetick&yacute; syst&eacute;m zalo\u017een&yacute; na technol&oacute;gii vzduch-voda. Tieto jednotky v preveden&iacute; split ALL IN ONE (z&aacute;sobn&iacute;k na T&Uacute;V 185l) pon&uacute;kaj&uacute; efekt&iacute;vne a &uacute;\u010dinn&eacute; vykurovanie dom&aacute;cnost&iacute; aj pri extr&eacute;mnych vonkaj&scaron;&iacute;ch teplot&aacute;ch . Okrem toho m&ocirc;\u017eu jednotky taktie\u017e v lete chladi\u0165 priestory a celoro\u010dne vyr&aacute;ba\u0165 tepl&uacute; vodu. U\u017e&iacute;va sa chladivo R410A.","og_url":"https:\/\/klimavex.eu\/sk\/katalog\/tepelne-cerpadlo-panasonic-aquarea-adc-aio-h-gen-185l-16kw-3f\/","og_site_name":"KLIMAVEX GROUP - Slovensko","article_publisher":"https:\/\/www.facebook.com\/klimavex","article_modified_time":"2026-04-02T14:03:34+00:00","og_image":[{"width":9184,"height":9184,"url":"https:\/\/klimavex.eu\/sk\/wp-content\/uploads\/2024\/02\/LOGO-KLIMAVEX-modra-kostka-1.png","type":"image\/png"}],"twitter_card":"summary_large_image","twitter_misc":{"Predpokladan\u00fd \u010das \u010d\u00edtania":"1 min\u00fata"},"schema":{"@context":"https:\/\/schema.org","@graph":[{"@type":"WebPage","@id":"https:\/\/klimavex.eu\/sk\/katalog\/tepelne-cerpadlo-panasonic-aquarea-adc-aio-h-gen-185l-16kw-3f\/","url":"https:\/\/klimavex.eu\/sk\/katalog\/tepelne-cerpadlo-panasonic-aquarea-adc-aio-h-gen-185l-16kw-3f\/","name":"Tepeln\u00e9 \u010derpadlo Panasonic Aquarea ADC AiO H-gen (185l) 16kW (3f) - KLIMAVEX GROUP - Slovensko","isPartOf":{"@id":"https:\/\/klimavex.eu\/sk\/#website"},"primaryImageOfPage":{"@id":"https:\/\/klimavex.eu\/sk\/katalog\/tepelne-cerpadlo-panasonic-aquarea-adc-aio-h-gen-185l-16kw-3f\/#primaryimage"},"image":{"@id":"https:\/\/klimavex.eu\/sk\/katalog\/tepelne-cerpadlo-panasonic-aquarea-adc-aio-h-gen-185l-16kw-3f\/#primaryimage"},"thumbnailUrl":"https:\/\/klimavex.eu\/sk\/wp-content\/uploads\/2025\/09\/kFb89vrpcu-okaU-J2wF84T2vKIHBp9NKhPpaSq9aMI.jpeg","datePublished":"2026-04-02T14:03:06+00:00","dateModified":"2026-04-02T14:03:34+00:00","breadcrumb":{"@id":"https:\/\/klimavex.eu\/sk\/katalog\/tepelne-cerpadlo-panasonic-aquarea-adc-aio-h-gen-185l-16kw-3f\/#breadcrumb"},"inLanguage":"sk-SK","potentialAction":[{"@type":"ReadAction","target":["https:\/\/klimavex.eu\/sk\/katalog\/tepelne-cerpadlo-panasonic-aquarea-adc-aio-h-gen-185l-16kw-3f\/"]}]},{"@type":"ImageObject","inLanguage":"sk-SK","@id":"https:\/\/klimavex.eu\/sk\/katalog\/tepelne-cerpadlo-panasonic-aquarea-adc-aio-h-gen-185l-16kw-3f\/#primaryimage","url":"https:\/\/klimavex.eu\/sk\/wp-content\/uploads\/2025\/09\/kFb89vrpcu-okaU-J2wF84T2vKIHBp9NKhPpaSq9aMI.jpeg","contentUrl":"https:\/\/klimavex.eu\/sk\/wp-content\/uploads\/2025\/09\/kFb89vrpcu-okaU-J2wF84T2vKIHBp9NKhPpaSq9aMI.jpeg","width":512,"height":724},{"@type":"BreadcrumbList","@id":"https:\/\/klimavex.eu\/sk\/katalog\/tepelne-cerpadlo-panasonic-aquarea-adc-aio-h-gen-185l-16kw-3f\/#breadcrumb","itemListElement":[{"@type":"ListItem","position":1,"name":"Domovsk\u00e1 str\u00e1nka","item":"https:\/\/klimavex.eu\/sk\/"},{"@type":"ListItem","position":2,"name":"Eshop","item":"https:\/\/klimavex.eu\/sk\/eshop\/"},{"@type":"ListItem","position":3,"name":"*Tepeln\u00e9 \u010derpadlo Panasonic Aquarea ADC AiO H-gen (185l) 16kW (3f)"}]},{"@type":"WebSite","@id":"https:\/\/klimavex.eu\/sk\/#website","url":"https:\/\/klimavex.eu\/sk\/","name":"KLIMAVEX GROUP - Slovensko","description":"","publisher":{"@id":"https:\/\/klimavex.eu\/sk\/#organization"},"alternateName":"KLIMAVEX a.s.","potentialAction":[{"@type":"SearchAction","target":{"@type":"EntryPoint","urlTemplate":"https:\/\/klimavex.eu\/sk\/?s={search_term_string}"},"query-input":{"@type":"PropertyValueSpecification","valueRequired":true,"valueName":"search_term_string"}}],"inLanguage":"sk-SK"},{"@type":"Organization","@id":"https:\/\/klimavex.eu\/sk\/#organization","name":"KLIMAVEX GROUP","alternateName":"KLIMAVEX a.s.","url":"https:\/\/klimavex.eu\/sk\/","logo":{"@type":"ImageObject","inLanguage":"sk-SK","@id":"https:\/\/klimavex.eu\/sk\/#\/schema\/logo\/image\/","url":"https:\/\/klimavex.eu\/sk\/wp-content\/uploads\/2024\/04\/Klimavex-Group-logo.png","contentUrl":"https:\/\/klimavex.eu\/sk\/wp-content\/uploads\/2024\/04\/Klimavex-Group-logo.png","width":1681,"height":472,"caption":"KLIMAVEX GROUP"},"image":{"@id":"https:\/\/klimavex.eu\/sk\/#\/schema\/logo\/image\/"},"sameAs":["https:\/\/www.facebook.com\/klimavex","https:\/\/www.instagram.com\/klimavex_sk\/"]}]}},"_links":{"self":[{"href":"https:\/\/klimavex.eu\/sk\/wp-json\/wp\/v2\/product\/473684","targetHints":{"allow":["GET"]}}],"collection":[{"href":"https:\/\/klimavex.eu\/sk\/wp-json\/wp\/v2\/product"}],"about":[{"href":"https:\/\/klimavex.eu\/sk\/wp-json\/wp\/v2\/types\/product"}],"version-history":[{"count":0,"href":"https:\/\/klimavex.eu\/sk\/wp-json\/wp\/v2\/product\/473684\/revisions"}],"wp:featuredmedia":[{"embeddable":true,"href":"https:\/\/klimavex.eu\/sk\/wp-json\/wp\/v2\/media\/474871"}],"wp:attachment":[{"href":"https:\/\/klimavex.eu\/sk\/wp-json\/wp\/v2\/media?parent=473684"}],"wp:term":[{"taxonomy":"product_cat","embeddable":true,"href":"https:\/\/klimavex.eu\/sk\/wp-json\/wp\/v2\/product_cat?post=473684"},{"taxonomy":"product_tag","embeddable":true,"href":"https:\/\/klimavex.eu\/sk\/wp-json\/wp\/v2\/product_tag?post=473684"}],"curies":[{"name":"wp","href":"https:\/\/api.w.org\/{rel}","templated":true}]}}