{"id":473716,"date":"2026-04-02T15:19:01","date_gmt":"2026-04-02T13:19:01","guid":{"rendered":"https:\/\/klimavex.eu\/sk\/katalog\/tepelne-cerpadlo-panasonic-aquarea-m-gen-monoblok-t-cap-s-riadiacim-modulom-cme-wxg-r290-400v-30kw\/"},"modified":"2026-04-02T15:19:30","modified_gmt":"2026-04-02T13:19:30","slug":"tepelne-cerpadlo-panasonic-aquarea-m-gen-monoblok-s-riadiacim-modulom-t-cap-cme-wxg-r290-400v-30kw","status":"publish","type":"product","link":"https:\/\/klimavex.eu\/sk\/katalog\/tepelne-cerpadlo-panasonic-aquarea-m-gen-monoblok-s-riadiacim-modulom-t-cap-cme-wxg-r290-400v-30kw\/","title":{"rendered":"Tepeln\u00e9 \u010derpadlo Panasonic Aquarea M-gen monoblok s riadiacim modulom T-CAP CME\/WXG R290 400V 30kW"},"content":{"rendered":"<p style=\"text-align: justify;\"><strong>K\u013e&uacute;\u010dov&eacute; vlastnosti:<\/strong><\/p>\n<ul>\n<li style=\"text-align: justify;\">Pr&iacute;rodn&eacute; chladivo R290 s potenci&aacute;lom glob&aacute;lneho otep\u013eovania GWP = 3<\/li>\n<li style=\"text-align: justify;\">A+++ v re\u017eime vykurovania pri 35&deg;C a A+ v re\u017eime pr&iacute;pravy teplej vody<\/li>\n<li style=\"text-align: justify;\">Tepl&aacute; voda a\u017e 75&deg;C pri vonkaj&scaron;ej teplote -15&deg;C<\/li>\n<li style=\"text-align: justify;\">Tepl&aacute; voda a\u017e 65&deg;C bez pou\u017eitia elektrick&eacute;ho ohrieva\u010da<\/li>\n<li style=\"text-align: justify;\">Stabiln&yacute; v&yacute;kon bez z&aacute;lo\u017en&eacute;ho ohrevu a\u017e do teploty -20&deg;C<\/li>\n<li style=\"text-align: justify;\">Prev&aacute;dzka a\u017e do vonkaj&scaron;ej teploty -28&deg;C<\/li>\n<li style=\"text-align: justify;\">Ide&aacute;lne pre moderniz&aacute;cie alebo projekty viacgenera\u010dn&yacute;ch domov<\/li>\n<li style=\"text-align: justify;\">Super tich&aacute; prev&aacute;dzka (29 dB(A) vo vzdialenosti 5m)<\/li>\n<li style=\"text-align: justify;\">Riadiaci modul<\/li>\n<li style=\"text-align: justify;\">Vr&aacute;tane adapt&eacute;ra siete Wi-Fi<\/li>\n<\/ul>\n","protected":false},"excerpt":{"rendered":"<p style=\"text-align: justify;\">Tepeln&eacute; \u010derpadlo <strong>Panasonic Aquarea M-gener&aacute;cie <\/strong>s <strong>chladivom R290 <\/strong>predstavuje prelomov&yacute; n&iacute;zkoenergetick&yacute; syst&eacute;m na vykurovanie, chladenie a pr&iacute;pravu teplej vody, ktor&yacute; sa vyzna\u010duje &scaron;pi\u010dkov&yacute;m v&yacute;konom v s&uacute;lade s v&iacute;ziou bezuhl&iacute;kovej spolo\u010dnosti. Tieto jednotky v preveden&iacute; <strong>monoblok<\/strong> <strong>s riadiacim modulom <\/strong>pon&uacute;kaj&uacute; revol&uacute;ciu designu, efektivity, konektivity a udr\u017eate\u013enosti. Antracitovo &scaron;ed&eacute; vonkaj&scaron;ie jednotky boli kompletne prepracovan&eacute; s inovat&iacute;vnym dizajnom, ktor&yacute; sa prisp&ocirc;sob&iacute; ka\u017ed&eacute;mu priestoru. Teplota v&yacute;stupnej vody dosahuje <strong>a\u017e 75&deg;C pri vonkaj&scaron;ej teplote a\u017e -15&deg;C<\/strong>. Tepeln&eacute; \u010derpadlo &uacute;\u010dinne pracuje <strong>a\u017e do teploty okolit&eacute;ho prostredia -28&deg;C<\/strong>.<\/p>\n","protected":false},"featured_media":505282,"template":"","meta":[],"product_cat":[125,6733,88,29],"product_tag":[],"class_list":{"0":"post-473716","1":"product","2":"type-product","3":"status-publish","4":"has-post-thumbnail","6":"product_cat-monoblok-panasonic","7":"product_cat-monoblok-m-generacia-r290","8":"product_cat-panasonic","9":"product_cat-tepelne-cerpadla","10":"pa_extra-funkcia-monoblok-m-gen","11":"pa_max-vystupna-voda-3264","12":"pa_napajanie-3f-400v","13":"pa_prevedenie-monoblok","14":"pa_qvyk-pri-7c-vonk-35c-voda-5432","15":"pa_typ-chladiva-r290","16":"pa_vyk-do-von-tepl-c-25-c","17":"pa_vykonovy-model-kw-30kw","18":"pa_wifi-ovladanie-zabudovane","19":"pa_znacka-panasonic","21":"first","22":"instock","23":"taxable","24":"shipping-taxable","25":"purchasable","26":"product-type-simple"},"yoast_head":"<!-- This site is optimized with the Yoast SEO plugin v23.9 - https:\/\/yoast.com\/wordpress\/plugins\/seo\/ -->\n<title>Tepeln\u00e9 \u010derpadlo Panasonic Aquarea M-gen monoblok s riadiacim modulom T-CAP CME\/WXG R290 400V 30kW - KLIMAVEX GROUP - Slovensko<\/title>\n<meta name=\"robots\" content=\"index, follow, max-snippet:-1, max-image-preview:large, max-video-preview:-1\" \/>\n<link rel=\"canonical\" href=\"https:\/\/klimavex.eu\/sk\/katalog\/tepelne-cerpadlo-panasonic-aquarea-m-gen-monoblok-t-cap-s-riadiacim-modulom-cme-wxg-r290-400v-30kw\/\" \/>\n<meta property=\"og:locale\" content=\"sk_SK\" \/>\n<meta property=\"og:type\" content=\"article\" \/>\n<meta property=\"og:title\" content=\"Tepeln\u00e9 \u010derpadlo Panasonic Aquarea M-gen monoblok s riadiacim modulom T-CAP CME\/WXG R290 400V 30kW - KLIMAVEX GROUP - Slovensko\" \/>\n<meta property=\"og:description\" content=\"Tepeln&eacute; \u010derpadlo Panasonic Aquarea M-gener&aacute;cie s chladivom R290 predstavuje prelomov&yacute; n&iacute;zkoenergetick&yacute; syst&eacute;m na vykurovanie, chladenie a pr&iacute;pravu teplej vody, ktor&yacute; sa vyzna\u010duje &scaron;pi\u010dkov&yacute;m v&yacute;konom v s&uacute;lade s v&iacute;ziou bezuhl&iacute;kovej spolo\u010dnosti. Tieto jednotky v preveden&iacute; monoblok s riadiacim modulom pon&uacute;kaj&uacute; revol&uacute;ciu designu, efektivity, konektivity a udr\u017eate\u013enosti. Antracitovo &scaron;ed&eacute; vonkaj&scaron;ie jednotky boli kompletne prepracovan&eacute; s inovat&iacute;vnym dizajnom, ktor&yacute; sa prisp&ocirc;sob&iacute; ka\u017ed&eacute;mu priestoru. Teplota v&yacute;stupnej vody dosahuje a\u017e 75&deg;C pri vonkaj&scaron;ej teplote a\u017e -15&deg;C. Tepeln&eacute; \u010derpadlo &uacute;\u010dinne pracuje a\u017e do teploty okolit&eacute;ho prostredia -28&deg;C.\" \/>\n<meta property=\"og:url\" content=\"https:\/\/klimavex.eu\/sk\/katalog\/tepelne-cerpadlo-panasonic-aquarea-m-gen-monoblok-t-cap-s-riadiacim-modulom-cme-wxg-r290-400v-30kw\/\" \/>\n<meta property=\"og:site_name\" content=\"KLIMAVEX GROUP - Slovensko\" \/>\n<meta property=\"article:publisher\" content=\"https:\/\/www.facebook.com\/klimavex\" \/>\n<meta property=\"article:modified_time\" content=\"2026-04-02T13:19:30+00:00\" \/>\n<meta property=\"og:image\" content=\"https:\/\/klimavex.eu\/sk\/wp-content\/uploads\/2024\/02\/LOGO-KLIMAVEX-modra-kostka-1.png\" \/>\n\t<meta property=\"og:image:width\" content=\"9184\" \/>\n\t<meta property=\"og:image:height\" content=\"9184\" \/>\n\t<meta property=\"og:image:type\" content=\"image\/png\" \/>\n<meta name=\"twitter:card\" content=\"summary_large_image\" \/>\n<meta name=\"twitter:label1\" content=\"Predpokladan\u00fd \u010das \u010d\u00edtania\" \/>\n\t<meta name=\"twitter:data1\" content=\"1 min\u00fata\" \/>\n<script type=\"application\/ld+json\" class=\"yoast-schema-graph\">{\"@context\":\"https:\/\/schema.org\",\"@graph\":[{\"@type\":\"WebPage\",\"@id\":\"https:\/\/klimavex.eu\/sk\/katalog\/tepelne-cerpadlo-panasonic-aquarea-m-gen-monoblok-t-cap-s-riadiacim-modulom-cme-wxg-r290-400v-30kw\/\",\"url\":\"https:\/\/klimavex.eu\/sk\/katalog\/tepelne-cerpadlo-panasonic-aquarea-m-gen-monoblok-t-cap-s-riadiacim-modulom-cme-wxg-r290-400v-30kw\/\",\"name\":\"Tepeln\u00e9 \u010derpadlo Panasonic Aquarea M-gen monoblok s riadiacim modulom T-CAP CME\/WXG R290 400V 30kW - KLIMAVEX GROUP - Slovensko\",\"isPartOf\":{\"@id\":\"https:\/\/klimavex.eu\/sk\/#website\"},\"primaryImageOfPage\":{\"@id\":\"https:\/\/klimavex.eu\/sk\/katalog\/tepelne-cerpadlo-panasonic-aquarea-m-gen-monoblok-t-cap-s-riadiacim-modulom-cme-wxg-r290-400v-30kw\/#primaryimage\"},\"image\":{\"@id\":\"https:\/\/klimavex.eu\/sk\/katalog\/tepelne-cerpadlo-panasonic-aquarea-m-gen-monoblok-t-cap-s-riadiacim-modulom-cme-wxg-r290-400v-30kw\/#primaryimage\"},\"thumbnailUrl\":\"https:\/\/klimavex.eu\/sk\/wp-content\/uploads\/2026\/02\/PI8g4Ec60EEZ8AExmB5-KyNshlfu3iVyxvy5AE7CCXg-1.png\",\"datePublished\":\"2026-04-02T13:19:01+00:00\",\"dateModified\":\"2026-04-02T13:19:30+00:00\",\"breadcrumb\":{\"@id\":\"https:\/\/klimavex.eu\/sk\/katalog\/tepelne-cerpadlo-panasonic-aquarea-m-gen-monoblok-t-cap-s-riadiacim-modulom-cme-wxg-r290-400v-30kw\/#breadcrumb\"},\"inLanguage\":\"sk-SK\",\"potentialAction\":[{\"@type\":\"ReadAction\",\"target\":[\"https:\/\/klimavex.eu\/sk\/katalog\/tepelne-cerpadlo-panasonic-aquarea-m-gen-monoblok-t-cap-s-riadiacim-modulom-cme-wxg-r290-400v-30kw\/\"]}]},{\"@type\":\"ImageObject\",\"inLanguage\":\"sk-SK\",\"@id\":\"https:\/\/klimavex.eu\/sk\/katalog\/tepelne-cerpadlo-panasonic-aquarea-m-gen-monoblok-t-cap-s-riadiacim-modulom-cme-wxg-r290-400v-30kw\/#primaryimage\",\"url\":\"https:\/\/klimavex.eu\/sk\/wp-content\/uploads\/2026\/02\/PI8g4Ec60EEZ8AExmB5-KyNshlfu3iVyxvy5AE7CCXg-1.png\",\"contentUrl\":\"https:\/\/klimavex.eu\/sk\/wp-content\/uploads\/2026\/02\/PI8g4Ec60EEZ8AExmB5-KyNshlfu3iVyxvy5AE7CCXg-1.png\",\"width\":512,\"height\":512},{\"@type\":\"BreadcrumbList\",\"@id\":\"https:\/\/klimavex.eu\/sk\/katalog\/tepelne-cerpadlo-panasonic-aquarea-m-gen-monoblok-t-cap-s-riadiacim-modulom-cme-wxg-r290-400v-30kw\/#breadcrumb\",\"itemListElement\":[{\"@type\":\"ListItem\",\"position\":1,\"name\":\"Domovsk\u00e1 str\u00e1nka\",\"item\":\"https:\/\/klimavex.eu\/sk\/\"},{\"@type\":\"ListItem\",\"position\":2,\"name\":\"Eshop\",\"item\":\"https:\/\/klimavex.eu\/sk\/eshop\/\"},{\"@type\":\"ListItem\",\"position\":3,\"name\":\"Tepeln\u00e9 \u010derpadlo Panasonic Aquarea M-gen monoblok T-CAP s riadiacim modulom CME\/WXG R290 400V 30kW\"}]},{\"@type\":\"WebSite\",\"@id\":\"https:\/\/klimavex.eu\/sk\/#website\",\"url\":\"https:\/\/klimavex.eu\/sk\/\",\"name\":\"KLIMAVEX GROUP - Slovensko\",\"description\":\"\",\"publisher\":{\"@id\":\"https:\/\/klimavex.eu\/sk\/#organization\"},\"alternateName\":\"KLIMAVEX a.s.\",\"potentialAction\":[{\"@type\":\"SearchAction\",\"target\":{\"@type\":\"EntryPoint\",\"urlTemplate\":\"https:\/\/klimavex.eu\/sk\/?s={search_term_string}\"},\"query-input\":{\"@type\":\"PropertyValueSpecification\",\"valueRequired\":true,\"valueName\":\"search_term_string\"}}],\"inLanguage\":\"sk-SK\"},{\"@type\":\"Organization\",\"@id\":\"https:\/\/klimavex.eu\/sk\/#organization\",\"name\":\"KLIMAVEX GROUP\",\"alternateName\":\"KLIMAVEX a.s.\",\"url\":\"https:\/\/klimavex.eu\/sk\/\",\"logo\":{\"@type\":\"ImageObject\",\"inLanguage\":\"sk-SK\",\"@id\":\"https:\/\/klimavex.eu\/sk\/#\/schema\/logo\/image\/\",\"url\":\"https:\/\/klimavex.eu\/sk\/wp-content\/uploads\/2024\/04\/Klimavex-Group-logo.png\",\"contentUrl\":\"https:\/\/klimavex.eu\/sk\/wp-content\/uploads\/2024\/04\/Klimavex-Group-logo.png\",\"width\":1681,\"height\":472,\"caption\":\"KLIMAVEX GROUP\"},\"image\":{\"@id\":\"https:\/\/klimavex.eu\/sk\/#\/schema\/logo\/image\/\"},\"sameAs\":[\"https:\/\/www.facebook.com\/klimavex\",\"https:\/\/www.instagram.com\/klimavex_sk\/\"]}]}<\/script>\n<!-- \/ Yoast SEO plugin. -->","yoast_head_json":{"title":"Tepeln\u00e9 \u010derpadlo Panasonic Aquarea M-gen monoblok s riadiacim modulom T-CAP CME\/WXG R290 400V 30kW - KLIMAVEX GROUP - Slovensko","robots":{"index":"index","follow":"follow","max-snippet":"max-snippet:-1","max-image-preview":"max-image-preview:large","max-video-preview":"max-video-preview:-1"},"canonical":"https:\/\/klimavex.eu\/sk\/katalog\/tepelne-cerpadlo-panasonic-aquarea-m-gen-monoblok-t-cap-s-riadiacim-modulom-cme-wxg-r290-400v-30kw\/","og_locale":"sk_SK","og_type":"article","og_title":"Tepeln\u00e9 \u010derpadlo Panasonic Aquarea M-gen monoblok s riadiacim modulom T-CAP CME\/WXG R290 400V 30kW - KLIMAVEX GROUP - Slovensko","og_description":"Tepeln&eacute; \u010derpadlo Panasonic Aquarea M-gener&aacute;cie s chladivom R290 predstavuje prelomov&yacute; n&iacute;zkoenergetick&yacute; syst&eacute;m na vykurovanie, chladenie a pr&iacute;pravu teplej vody, ktor&yacute; sa vyzna\u010duje &scaron;pi\u010dkov&yacute;m v&yacute;konom v s&uacute;lade s v&iacute;ziou bezuhl&iacute;kovej spolo\u010dnosti. Tieto jednotky v preveden&iacute; monoblok s riadiacim modulom pon&uacute;kaj&uacute; revol&uacute;ciu designu, efektivity, konektivity a udr\u017eate\u013enosti. Antracitovo &scaron;ed&eacute; vonkaj&scaron;ie jednotky boli kompletne prepracovan&eacute; s inovat&iacute;vnym dizajnom, ktor&yacute; sa prisp&ocirc;sob&iacute; ka\u017ed&eacute;mu priestoru. Teplota v&yacute;stupnej vody dosahuje a\u017e 75&deg;C pri vonkaj&scaron;ej teplote a\u017e -15&deg;C. Tepeln&eacute; \u010derpadlo &uacute;\u010dinne pracuje a\u017e do teploty okolit&eacute;ho prostredia -28&deg;C.","og_url":"https:\/\/klimavex.eu\/sk\/katalog\/tepelne-cerpadlo-panasonic-aquarea-m-gen-monoblok-t-cap-s-riadiacim-modulom-cme-wxg-r290-400v-30kw\/","og_site_name":"KLIMAVEX GROUP - Slovensko","article_publisher":"https:\/\/www.facebook.com\/klimavex","article_modified_time":"2026-04-02T13:19:30+00:00","og_image":[{"width":9184,"height":9184,"url":"https:\/\/klimavex.eu\/sk\/wp-content\/uploads\/2024\/02\/LOGO-KLIMAVEX-modra-kostka-1.png","type":"image\/png"}],"twitter_card":"summary_large_image","twitter_misc":{"Predpokladan\u00fd \u010das \u010d\u00edtania":"1 min\u00fata"},"schema":{"@context":"https:\/\/schema.org","@graph":[{"@type":"WebPage","@id":"https:\/\/klimavex.eu\/sk\/katalog\/tepelne-cerpadlo-panasonic-aquarea-m-gen-monoblok-t-cap-s-riadiacim-modulom-cme-wxg-r290-400v-30kw\/","url":"https:\/\/klimavex.eu\/sk\/katalog\/tepelne-cerpadlo-panasonic-aquarea-m-gen-monoblok-t-cap-s-riadiacim-modulom-cme-wxg-r290-400v-30kw\/","name":"Tepeln\u00e9 \u010derpadlo Panasonic Aquarea M-gen monoblok s riadiacim modulom T-CAP CME\/WXG R290 400V 30kW - KLIMAVEX GROUP - Slovensko","isPartOf":{"@id":"https:\/\/klimavex.eu\/sk\/#website"},"primaryImageOfPage":{"@id":"https:\/\/klimavex.eu\/sk\/katalog\/tepelne-cerpadlo-panasonic-aquarea-m-gen-monoblok-t-cap-s-riadiacim-modulom-cme-wxg-r290-400v-30kw\/#primaryimage"},"image":{"@id":"https:\/\/klimavex.eu\/sk\/katalog\/tepelne-cerpadlo-panasonic-aquarea-m-gen-monoblok-t-cap-s-riadiacim-modulom-cme-wxg-r290-400v-30kw\/#primaryimage"},"thumbnailUrl":"https:\/\/klimavex.eu\/sk\/wp-content\/uploads\/2026\/02\/PI8g4Ec60EEZ8AExmB5-KyNshlfu3iVyxvy5AE7CCXg-1.png","datePublished":"2026-04-02T13:19:01+00:00","dateModified":"2026-04-02T13:19:30+00:00","breadcrumb":{"@id":"https:\/\/klimavex.eu\/sk\/katalog\/tepelne-cerpadlo-panasonic-aquarea-m-gen-monoblok-t-cap-s-riadiacim-modulom-cme-wxg-r290-400v-30kw\/#breadcrumb"},"inLanguage":"sk-SK","potentialAction":[{"@type":"ReadAction","target":["https:\/\/klimavex.eu\/sk\/katalog\/tepelne-cerpadlo-panasonic-aquarea-m-gen-monoblok-t-cap-s-riadiacim-modulom-cme-wxg-r290-400v-30kw\/"]}]},{"@type":"ImageObject","inLanguage":"sk-SK","@id":"https:\/\/klimavex.eu\/sk\/katalog\/tepelne-cerpadlo-panasonic-aquarea-m-gen-monoblok-t-cap-s-riadiacim-modulom-cme-wxg-r290-400v-30kw\/#primaryimage","url":"https:\/\/klimavex.eu\/sk\/wp-content\/uploads\/2026\/02\/PI8g4Ec60EEZ8AExmB5-KyNshlfu3iVyxvy5AE7CCXg-1.png","contentUrl":"https:\/\/klimavex.eu\/sk\/wp-content\/uploads\/2026\/02\/PI8g4Ec60EEZ8AExmB5-KyNshlfu3iVyxvy5AE7CCXg-1.png","width":512,"height":512},{"@type":"BreadcrumbList","@id":"https:\/\/klimavex.eu\/sk\/katalog\/tepelne-cerpadlo-panasonic-aquarea-m-gen-monoblok-t-cap-s-riadiacim-modulom-cme-wxg-r290-400v-30kw\/#breadcrumb","itemListElement":[{"@type":"ListItem","position":1,"name":"Domovsk\u00e1 str\u00e1nka","item":"https:\/\/klimavex.eu\/sk\/"},{"@type":"ListItem","position":2,"name":"Eshop","item":"https:\/\/klimavex.eu\/sk\/eshop\/"},{"@type":"ListItem","position":3,"name":"Tepeln\u00e9 \u010derpadlo Panasonic Aquarea M-gen monoblok T-CAP s riadiacim modulom CME\/WXG R290 400V 30kW"}]},{"@type":"WebSite","@id":"https:\/\/klimavex.eu\/sk\/#website","url":"https:\/\/klimavex.eu\/sk\/","name":"KLIMAVEX GROUP - Slovensko","description":"","publisher":{"@id":"https:\/\/klimavex.eu\/sk\/#organization"},"alternateName":"KLIMAVEX a.s.","potentialAction":[{"@type":"SearchAction","target":{"@type":"EntryPoint","urlTemplate":"https:\/\/klimavex.eu\/sk\/?s={search_term_string}"},"query-input":{"@type":"PropertyValueSpecification","valueRequired":true,"valueName":"search_term_string"}}],"inLanguage":"sk-SK"},{"@type":"Organization","@id":"https:\/\/klimavex.eu\/sk\/#organization","name":"KLIMAVEX GROUP","alternateName":"KLIMAVEX a.s.","url":"https:\/\/klimavex.eu\/sk\/","logo":{"@type":"ImageObject","inLanguage":"sk-SK","@id":"https:\/\/klimavex.eu\/sk\/#\/schema\/logo\/image\/","url":"https:\/\/klimavex.eu\/sk\/wp-content\/uploads\/2024\/04\/Klimavex-Group-logo.png","contentUrl":"https:\/\/klimavex.eu\/sk\/wp-content\/uploads\/2024\/04\/Klimavex-Group-logo.png","width":1681,"height":472,"caption":"KLIMAVEX GROUP"},"image":{"@id":"https:\/\/klimavex.eu\/sk\/#\/schema\/logo\/image\/"},"sameAs":["https:\/\/www.facebook.com\/klimavex","https:\/\/www.instagram.com\/klimavex_sk\/"]}]}},"_links":{"self":[{"href":"https:\/\/klimavex.eu\/sk\/wp-json\/wp\/v2\/product\/473716","targetHints":{"allow":["GET"]}}],"collection":[{"href":"https:\/\/klimavex.eu\/sk\/wp-json\/wp\/v2\/product"}],"about":[{"href":"https:\/\/klimavex.eu\/sk\/wp-json\/wp\/v2\/types\/product"}],"version-history":[{"count":0,"href":"https:\/\/klimavex.eu\/sk\/wp-json\/wp\/v2\/product\/473716\/revisions"}],"wp:featuredmedia":[{"embeddable":true,"href":"https:\/\/klimavex.eu\/sk\/wp-json\/wp\/v2\/media\/505282"}],"wp:attachment":[{"href":"https:\/\/klimavex.eu\/sk\/wp-json\/wp\/v2\/media?parent=473716"}],"wp:term":[{"taxonomy":"product_cat","embeddable":true,"href":"https:\/\/klimavex.eu\/sk\/wp-json\/wp\/v2\/product_cat?post=473716"},{"taxonomy":"product_tag","embeddable":true,"href":"https:\/\/klimavex.eu\/sk\/wp-json\/wp\/v2\/product_tag?post=473716"}],"curies":[{"name":"wp","href":"https:\/\/api.w.org\/{rel}","templated":true}]}}