{"id":473719,"date":"2026-04-02T16:03:06","date_gmt":"2026-04-02T14:03:06","guid":{"rendered":"https:\/\/klimavex.eu\/sk\/katalog\/tepelne-cerpadlo-hyundai-extreme-monoblok-hpmo-r32-230v-6kw\/"},"modified":"2026-04-02T16:03:56","modified_gmt":"2026-04-02T14:03:56","slug":"tepelne-cerpadlo-hyundai-extreme-monoblok-hpmo-r32-230v-6kw","status":"publish","type":"product","link":"https:\/\/klimavex.eu\/sk\/katalog\/tepelne-cerpadlo-hyundai-extreme-monoblok-hpmo-r32-230v-6kw\/","title":{"rendered":"Tepeln\u00e9 \u010derpadlo Hyundai Extreme monoblok HPMO R32 230V 6kW"},"content":{"rendered":"<p style=\"text-align: justify;\"><strong>K\u013e&uacute;\u010dov&eacute; vlastnosti<\/strong><\/p>\n<ul>\n<li style=\"text-align: justify;\">Vysok&aacute; &uacute;\u010dinnos\u0165 &ndash; energetick&aacute; trieda A+++<\/li>\n<li style=\"text-align: justify;\">Ve\u013emi tich&aacute; prev&aacute;dzka<\/li>\n<li style=\"text-align: justify;\">Ovl&aacute;danie a\u017e 4 extern&yacute;ch obehov&yacute;ch \u010derpadiel<\/li>\n<li style=\"text-align: justify;\">Maxim&aacute;lna v&yacute;stupn&aacute; teplota vody a\u017e do 65 &deg;C<\/li>\n<li style=\"text-align: justify;\">&Uacute;\u010dinn&eacute; vykurovanie pri teplot&aacute;ch vonkaj&scaron;ieho vzduchu a\u017e do -25 &deg;C<\/li>\n<li style=\"text-align: justify;\">Ohrev vane vonkaj&scaron;ej jednotky<\/li>\n<li style=\"text-align: justify;\">Zabudovan&aacute; el. &scaron;pir&aacute;la (bez &scaron;pir&aacute;ly pri modeli 06; 3kW pri modeloch 08-10; 9kW pri modeloch 12-16)<\/li>\n<li style=\"text-align: justify;\">Mechanick&yacute; vodn&yacute; filter a sn&iacute;ma\u010d teploty pre n&aacute;dr\u017e na T&Uacute;V v dod&aacute;vke<\/li>\n<li style=\"text-align: justify;\">Ovl&aacute;danie pomocou dodan&eacute;ho k&aacute;blov&eacute;ho dia\u013ekov&eacute;ho ovl&aacute;da\u010da s menu v sloven\u010dine<\/li>\n<li style=\"text-align: justify;\">Ekvitermick&eacute; riadenie pod\u013ea vonkaj&scaron;ej teploty<\/li>\n<li style=\"text-align: justify;\">Riadenie prev&aacute;dzky pod\u013ea v&yacute;stupnej teploty vody alebo pod\u013ea teploty priestoru<\/li>\n<li style=\"text-align: justify;\">Dia\u013ekov&eacute; ovl&aacute;danie cez Wi-Fi alebo nadraden&yacute; syst&eacute;m (Modbus) odkia\u013eko\u013evek<\/li>\n<li style=\"text-align: justify;\">R&ocirc;zne funkcie &ndash; dezinfekcia, dovolenka, tich&yacute; re\u017eim, obmedzenie v&yacute;konu, kask&aacute;dov&eacute; riadenie<\/li>\n<li style=\"text-align: justify;\">Pripojenie na Smart Grid &ndash; prev&aacute;dzka zariadenia na z&aacute;klade vstupn&yacute;ch sign&aacute;lov z fotovoltaick&eacute;ho syst&eacute;mu (&uacute;spora energie)<\/li>\n<li style=\"text-align: justify;\">Mo\u017enos\u0165 ovl&aacute;dania 2 samostatn&yacute;ch vykurovac&iacute;ch z&oacute;n &ndash; napr&iacute;klad radi&aacute;tory a podlahov&eacute; vykurovanie<\/li>\n<li style=\"text-align: justify;\">Jednoduch&aacute; in&scaron;tal&aacute;cia a servis<\/li>\n<li style=\"text-align: justify;\">Z&aacute;ruka 5 rokov<\/li>\n<\/ul>\n","protected":false},"excerpt":{"rendered":"<p style=\"text-align: justify;\">Model <strong>Hyundai Extreme HPMO <\/strong>je reziden\u010dn&eacute; tepeln&eacute; \u010derpadlo <strong>vzduch-voda <\/strong>s vysokou &uacute;\u010dinnos\u0165ou, v preveden&iacute; <strong>monoblok <\/strong>(nevy\u017eaduje odborn&uacute; mont&aacute;\u017e chladiarom, chladivov&yacute; okruh je uzavret&yacute; a naplnen&yacute; z v&yacute;roby). Tento model je vhodn&yacute; pre rodinn&eacute; domy s nedostatkom priestoru v technickej miestnosti. Zariadenie a v&scaron;etky jeho funkcie je mo\u017en&eacute; ovl&aacute;da\u0165 prostredn&iacute;ctvom <strong>dotykov&eacute;ho<\/strong> <strong>k&aacute;blov&eacute;ho ovl&aacute;da\u010da <\/strong>\u010di prostredn&iacute;ctvom <strong>Wi-Fi<\/strong>, ktor&eacute; umo\u017e\u0148uje tepeln&eacute; \u010derpadlo Hyundai spravova\u0165 odkia\u013eko\u013evek.<\/p>\n","protected":false},"featured_media":474969,"template":"","meta":[],"product_cat":[6079,6080,6056],"product_tag":[],"class_list":{"0":"post-473719","1":"product","2":"type-product","3":"status-publish","4":"has-post-thumbnail","6":"product_cat-tepelne-cerpadla-archivovane-produkty","7":"product_cat-archivovane-produkty-tepelne-cerpadla","8":"product_cat-archivovane-produkty","9":"pa_extra-funkcia-hpmo-r32","10":"pa_max-vystupna-voda-3137","11":"pa_napajanie-1f-230v","12":"pa_prevedenie-monoblok","13":"pa_prikon-vykurovanie-3175","14":"pa_qch-pri-von-tep-35c-voda-7-3143","15":"pa_qvyk-pri-7c-vonk-35c-voda-3174","16":"pa_typ-chladiva-r32","17":"pa_vyk-do-von-tepl-c-25-c","18":"pa_vykon-spiraly-kw-nema","19":"pa_vykonovy-model-kw-6-az-7kw","20":"pa_wifi-ovladanie-zabudovane","21":"pa_znacka-hyundai","23":"first","24":"outofstock","25":"taxable","26":"shipping-taxable","27":"purchasable","28":"product-type-simple"},"yoast_head":"<!-- This site is optimized with the Yoast SEO plugin v23.9 - https:\/\/yoast.com\/wordpress\/plugins\/seo\/ -->\n<title>Tepeln\u00e9 \u010derpadlo Hyundai Extreme monoblok HPMO R32 230V 6kW - KLIMAVEX GROUP - Slovensko<\/title>\n<meta name=\"robots\" content=\"index, follow, max-snippet:-1, max-image-preview:large, max-video-preview:-1\" \/>\n<link rel=\"canonical\" href=\"https:\/\/klimavex.eu\/sk\/katalog\/tepelne-cerpadlo-hyundai-extreme-monoblok-hpmo-r32-230v-6kw\/\" \/>\n<meta property=\"og:locale\" content=\"sk_SK\" \/>\n<meta property=\"og:type\" content=\"article\" \/>\n<meta property=\"og:title\" content=\"Tepeln\u00e9 \u010derpadlo Hyundai Extreme monoblok HPMO R32 230V 6kW - KLIMAVEX GROUP - Slovensko\" \/>\n<meta property=\"og:description\" content=\"Model Hyundai Extreme HPMO je reziden\u010dn&eacute; tepeln&eacute; \u010derpadlo vzduch-voda s vysokou &uacute;\u010dinnos\u0165ou, v preveden&iacute; monoblok (nevy\u017eaduje odborn&uacute; mont&aacute;\u017e chladiarom, chladivov&yacute; okruh je uzavret&yacute; a naplnen&yacute; z v&yacute;roby). Tento model je vhodn&yacute; pre rodinn&eacute; domy s nedostatkom priestoru v technickej miestnosti. Zariadenie a v&scaron;etky jeho funkcie je mo\u017en&eacute; ovl&aacute;da\u0165 prostredn&iacute;ctvom dotykov&eacute;ho k&aacute;blov&eacute;ho ovl&aacute;da\u010da \u010di prostredn&iacute;ctvom Wi-Fi, ktor&eacute; umo\u017e\u0148uje tepeln&eacute; \u010derpadlo Hyundai spravova\u0165 odkia\u013eko\u013evek.\" \/>\n<meta property=\"og:url\" content=\"https:\/\/klimavex.eu\/sk\/katalog\/tepelne-cerpadlo-hyundai-extreme-monoblok-hpmo-r32-230v-6kw\/\" \/>\n<meta property=\"og:site_name\" content=\"KLIMAVEX GROUP - Slovensko\" \/>\n<meta property=\"article:publisher\" content=\"https:\/\/www.facebook.com\/klimavex\" \/>\n<meta property=\"article:modified_time\" content=\"2026-04-02T14:03:56+00:00\" \/>\n<meta property=\"og:image\" content=\"https:\/\/klimavex.eu\/sk\/wp-content\/uploads\/2024\/02\/LOGO-KLIMAVEX-modra-kostka-1.png\" \/>\n\t<meta property=\"og:image:width\" content=\"9184\" \/>\n\t<meta property=\"og:image:height\" content=\"9184\" \/>\n\t<meta property=\"og:image:type\" content=\"image\/png\" \/>\n<meta name=\"twitter:card\" content=\"summary_large_image\" \/>\n<meta name=\"twitter:label1\" content=\"Predpokladan\u00fd \u010das \u010d\u00edtania\" \/>\n\t<meta name=\"twitter:data1\" content=\"1 min\u00fata\" \/>\n<script type=\"application\/ld+json\" class=\"yoast-schema-graph\">{\"@context\":\"https:\/\/schema.org\",\"@graph\":[{\"@type\":\"WebPage\",\"@id\":\"https:\/\/klimavex.eu\/sk\/katalog\/tepelne-cerpadlo-hyundai-extreme-monoblok-hpmo-r32-230v-6kw\/\",\"url\":\"https:\/\/klimavex.eu\/sk\/katalog\/tepelne-cerpadlo-hyundai-extreme-monoblok-hpmo-r32-230v-6kw\/\",\"name\":\"Tepeln\u00e9 \u010derpadlo Hyundai Extreme monoblok HPMO R32 230V 6kW - KLIMAVEX GROUP - Slovensko\",\"isPartOf\":{\"@id\":\"https:\/\/klimavex.eu\/sk\/#website\"},\"primaryImageOfPage\":{\"@id\":\"https:\/\/klimavex.eu\/sk\/katalog\/tepelne-cerpadlo-hyundai-extreme-monoblok-hpmo-r32-230v-6kw\/#primaryimage\"},\"image\":{\"@id\":\"https:\/\/klimavex.eu\/sk\/katalog\/tepelne-cerpadlo-hyundai-extreme-monoblok-hpmo-r32-230v-6kw\/#primaryimage\"},\"thumbnailUrl\":\"https:\/\/klimavex.eu\/sk\/wp-content\/uploads\/2025\/09\/FoYeHfejI9ax-cp_uXHRx8sNxtROLMgFRd_S_LgnaTI.png\",\"datePublished\":\"2026-04-02T14:03:06+00:00\",\"dateModified\":\"2026-04-02T14:03:56+00:00\",\"breadcrumb\":{\"@id\":\"https:\/\/klimavex.eu\/sk\/katalog\/tepelne-cerpadlo-hyundai-extreme-monoblok-hpmo-r32-230v-6kw\/#breadcrumb\"},\"inLanguage\":\"sk-SK\",\"potentialAction\":[{\"@type\":\"ReadAction\",\"target\":[\"https:\/\/klimavex.eu\/sk\/katalog\/tepelne-cerpadlo-hyundai-extreme-monoblok-hpmo-r32-230v-6kw\/\"]}]},{\"@type\":\"ImageObject\",\"inLanguage\":\"sk-SK\",\"@id\":\"https:\/\/klimavex.eu\/sk\/katalog\/tepelne-cerpadlo-hyundai-extreme-monoblok-hpmo-r32-230v-6kw\/#primaryimage\",\"url\":\"https:\/\/klimavex.eu\/sk\/wp-content\/uploads\/2025\/09\/FoYeHfejI9ax-cp_uXHRx8sNxtROLMgFRd_S_LgnaTI.png\",\"contentUrl\":\"https:\/\/klimavex.eu\/sk\/wp-content\/uploads\/2025\/09\/FoYeHfejI9ax-cp_uXHRx8sNxtROLMgFRd_S_LgnaTI.png\",\"width\":512,\"height\":512},{\"@type\":\"BreadcrumbList\",\"@id\":\"https:\/\/klimavex.eu\/sk\/katalog\/tepelne-cerpadlo-hyundai-extreme-monoblok-hpmo-r32-230v-6kw\/#breadcrumb\",\"itemListElement\":[{\"@type\":\"ListItem\",\"position\":1,\"name\":\"Domovsk\u00e1 str\u00e1nka\",\"item\":\"https:\/\/klimavex.eu\/sk\/\"},{\"@type\":\"ListItem\",\"position\":2,\"name\":\"Eshop\",\"item\":\"https:\/\/klimavex.eu\/sk\/eshop\/\"},{\"@type\":\"ListItem\",\"position\":3,\"name\":\"Tepeln\u00e9 \u010derpadlo Hyundai Extreme monoblok HPMO R32 230V 6kW\"}]},{\"@type\":\"WebSite\",\"@id\":\"https:\/\/klimavex.eu\/sk\/#website\",\"url\":\"https:\/\/klimavex.eu\/sk\/\",\"name\":\"KLIMAVEX GROUP - Slovensko\",\"description\":\"\",\"publisher\":{\"@id\":\"https:\/\/klimavex.eu\/sk\/#organization\"},\"alternateName\":\"KLIMAVEX a.s.\",\"potentialAction\":[{\"@type\":\"SearchAction\",\"target\":{\"@type\":\"EntryPoint\",\"urlTemplate\":\"https:\/\/klimavex.eu\/sk\/?s={search_term_string}\"},\"query-input\":{\"@type\":\"PropertyValueSpecification\",\"valueRequired\":true,\"valueName\":\"search_term_string\"}}],\"inLanguage\":\"sk-SK\"},{\"@type\":\"Organization\",\"@id\":\"https:\/\/klimavex.eu\/sk\/#organization\",\"name\":\"KLIMAVEX GROUP\",\"alternateName\":\"KLIMAVEX a.s.\",\"url\":\"https:\/\/klimavex.eu\/sk\/\",\"logo\":{\"@type\":\"ImageObject\",\"inLanguage\":\"sk-SK\",\"@id\":\"https:\/\/klimavex.eu\/sk\/#\/schema\/logo\/image\/\",\"url\":\"https:\/\/klimavex.eu\/sk\/wp-content\/uploads\/2024\/04\/Klimavex-Group-logo.png\",\"contentUrl\":\"https:\/\/klimavex.eu\/sk\/wp-content\/uploads\/2024\/04\/Klimavex-Group-logo.png\",\"width\":1681,\"height\":472,\"caption\":\"KLIMAVEX GROUP\"},\"image\":{\"@id\":\"https:\/\/klimavex.eu\/sk\/#\/schema\/logo\/image\/\"},\"sameAs\":[\"https:\/\/www.facebook.com\/klimavex\",\"https:\/\/www.instagram.com\/klimavex_sk\/\"]}]}<\/script>\n<!-- \/ Yoast SEO plugin. -->","yoast_head_json":{"title":"Tepeln\u00e9 \u010derpadlo Hyundai Extreme monoblok HPMO R32 230V 6kW - KLIMAVEX GROUP - Slovensko","robots":{"index":"index","follow":"follow","max-snippet":"max-snippet:-1","max-image-preview":"max-image-preview:large","max-video-preview":"max-video-preview:-1"},"canonical":"https:\/\/klimavex.eu\/sk\/katalog\/tepelne-cerpadlo-hyundai-extreme-monoblok-hpmo-r32-230v-6kw\/","og_locale":"sk_SK","og_type":"article","og_title":"Tepeln\u00e9 \u010derpadlo Hyundai Extreme monoblok HPMO R32 230V 6kW - KLIMAVEX GROUP - Slovensko","og_description":"Model Hyundai Extreme HPMO je reziden\u010dn&eacute; tepeln&eacute; \u010derpadlo vzduch-voda s vysokou &uacute;\u010dinnos\u0165ou, v preveden&iacute; monoblok (nevy\u017eaduje odborn&uacute; mont&aacute;\u017e chladiarom, chladivov&yacute; okruh je uzavret&yacute; a naplnen&yacute; z v&yacute;roby). Tento model je vhodn&yacute; pre rodinn&eacute; domy s nedostatkom priestoru v technickej miestnosti. Zariadenie a v&scaron;etky jeho funkcie je mo\u017en&eacute; ovl&aacute;da\u0165 prostredn&iacute;ctvom dotykov&eacute;ho k&aacute;blov&eacute;ho ovl&aacute;da\u010da \u010di prostredn&iacute;ctvom Wi-Fi, ktor&eacute; umo\u017e\u0148uje tepeln&eacute; \u010derpadlo Hyundai spravova\u0165 odkia\u013eko\u013evek.","og_url":"https:\/\/klimavex.eu\/sk\/katalog\/tepelne-cerpadlo-hyundai-extreme-monoblok-hpmo-r32-230v-6kw\/","og_site_name":"KLIMAVEX GROUP - Slovensko","article_publisher":"https:\/\/www.facebook.com\/klimavex","article_modified_time":"2026-04-02T14:03:56+00:00","og_image":[{"width":9184,"height":9184,"url":"https:\/\/klimavex.eu\/sk\/wp-content\/uploads\/2024\/02\/LOGO-KLIMAVEX-modra-kostka-1.png","type":"image\/png"}],"twitter_card":"summary_large_image","twitter_misc":{"Predpokladan\u00fd \u010das \u010d\u00edtania":"1 min\u00fata"},"schema":{"@context":"https:\/\/schema.org","@graph":[{"@type":"WebPage","@id":"https:\/\/klimavex.eu\/sk\/katalog\/tepelne-cerpadlo-hyundai-extreme-monoblok-hpmo-r32-230v-6kw\/","url":"https:\/\/klimavex.eu\/sk\/katalog\/tepelne-cerpadlo-hyundai-extreme-monoblok-hpmo-r32-230v-6kw\/","name":"Tepeln\u00e9 \u010derpadlo Hyundai Extreme monoblok HPMO R32 230V 6kW - KLIMAVEX GROUP - Slovensko","isPartOf":{"@id":"https:\/\/klimavex.eu\/sk\/#website"},"primaryImageOfPage":{"@id":"https:\/\/klimavex.eu\/sk\/katalog\/tepelne-cerpadlo-hyundai-extreme-monoblok-hpmo-r32-230v-6kw\/#primaryimage"},"image":{"@id":"https:\/\/klimavex.eu\/sk\/katalog\/tepelne-cerpadlo-hyundai-extreme-monoblok-hpmo-r32-230v-6kw\/#primaryimage"},"thumbnailUrl":"https:\/\/klimavex.eu\/sk\/wp-content\/uploads\/2025\/09\/FoYeHfejI9ax-cp_uXHRx8sNxtROLMgFRd_S_LgnaTI.png","datePublished":"2026-04-02T14:03:06+00:00","dateModified":"2026-04-02T14:03:56+00:00","breadcrumb":{"@id":"https:\/\/klimavex.eu\/sk\/katalog\/tepelne-cerpadlo-hyundai-extreme-monoblok-hpmo-r32-230v-6kw\/#breadcrumb"},"inLanguage":"sk-SK","potentialAction":[{"@type":"ReadAction","target":["https:\/\/klimavex.eu\/sk\/katalog\/tepelne-cerpadlo-hyundai-extreme-monoblok-hpmo-r32-230v-6kw\/"]}]},{"@type":"ImageObject","inLanguage":"sk-SK","@id":"https:\/\/klimavex.eu\/sk\/katalog\/tepelne-cerpadlo-hyundai-extreme-monoblok-hpmo-r32-230v-6kw\/#primaryimage","url":"https:\/\/klimavex.eu\/sk\/wp-content\/uploads\/2025\/09\/FoYeHfejI9ax-cp_uXHRx8sNxtROLMgFRd_S_LgnaTI.png","contentUrl":"https:\/\/klimavex.eu\/sk\/wp-content\/uploads\/2025\/09\/FoYeHfejI9ax-cp_uXHRx8sNxtROLMgFRd_S_LgnaTI.png","width":512,"height":512},{"@type":"BreadcrumbList","@id":"https:\/\/klimavex.eu\/sk\/katalog\/tepelne-cerpadlo-hyundai-extreme-monoblok-hpmo-r32-230v-6kw\/#breadcrumb","itemListElement":[{"@type":"ListItem","position":1,"name":"Domovsk\u00e1 str\u00e1nka","item":"https:\/\/klimavex.eu\/sk\/"},{"@type":"ListItem","position":2,"name":"Eshop","item":"https:\/\/klimavex.eu\/sk\/eshop\/"},{"@type":"ListItem","position":3,"name":"Tepeln\u00e9 \u010derpadlo Hyundai Extreme monoblok HPMO R32 230V 6kW"}]},{"@type":"WebSite","@id":"https:\/\/klimavex.eu\/sk\/#website","url":"https:\/\/klimavex.eu\/sk\/","name":"KLIMAVEX GROUP - Slovensko","description":"","publisher":{"@id":"https:\/\/klimavex.eu\/sk\/#organization"},"alternateName":"KLIMAVEX a.s.","potentialAction":[{"@type":"SearchAction","target":{"@type":"EntryPoint","urlTemplate":"https:\/\/klimavex.eu\/sk\/?s={search_term_string}"},"query-input":{"@type":"PropertyValueSpecification","valueRequired":true,"valueName":"search_term_string"}}],"inLanguage":"sk-SK"},{"@type":"Organization","@id":"https:\/\/klimavex.eu\/sk\/#organization","name":"KLIMAVEX GROUP","alternateName":"KLIMAVEX a.s.","url":"https:\/\/klimavex.eu\/sk\/","logo":{"@type":"ImageObject","inLanguage":"sk-SK","@id":"https:\/\/klimavex.eu\/sk\/#\/schema\/logo\/image\/","url":"https:\/\/klimavex.eu\/sk\/wp-content\/uploads\/2024\/04\/Klimavex-Group-logo.png","contentUrl":"https:\/\/klimavex.eu\/sk\/wp-content\/uploads\/2024\/04\/Klimavex-Group-logo.png","width":1681,"height":472,"caption":"KLIMAVEX GROUP"},"image":{"@id":"https:\/\/klimavex.eu\/sk\/#\/schema\/logo\/image\/"},"sameAs":["https:\/\/www.facebook.com\/klimavex","https:\/\/www.instagram.com\/klimavex_sk\/"]}]}},"_links":{"self":[{"href":"https:\/\/klimavex.eu\/sk\/wp-json\/wp\/v2\/product\/473719","targetHints":{"allow":["GET"]}}],"collection":[{"href":"https:\/\/klimavex.eu\/sk\/wp-json\/wp\/v2\/product"}],"about":[{"href":"https:\/\/klimavex.eu\/sk\/wp-json\/wp\/v2\/types\/product"}],"version-history":[{"count":0,"href":"https:\/\/klimavex.eu\/sk\/wp-json\/wp\/v2\/product\/473719\/revisions"}],"wp:featuredmedia":[{"embeddable":true,"href":"https:\/\/klimavex.eu\/sk\/wp-json\/wp\/v2\/media\/474969"}],"wp:attachment":[{"href":"https:\/\/klimavex.eu\/sk\/wp-json\/wp\/v2\/media?parent=473719"}],"wp:term":[{"taxonomy":"product_cat","embeddable":true,"href":"https:\/\/klimavex.eu\/sk\/wp-json\/wp\/v2\/product_cat?post=473719"},{"taxonomy":"product_tag","embeddable":true,"href":"https:\/\/klimavex.eu\/sk\/wp-json\/wp\/v2\/product_tag?post=473719"}],"curies":[{"name":"wp","href":"https:\/\/api.w.org\/{rel}","templated":true}]}}