{"id":473739,"date":"2026-04-02T15:19:53","date_gmt":"2026-04-02T13:19:53","guid":{"rendered":"https:\/\/klimavex.eu\/sk\/katalog\/tepelne-cerpadlo-hyundai-extreme-monoblok-hpmo-r290-230v-4kw-cierne\/"},"modified":"2026-04-02T15:20:01","modified_gmt":"2026-04-02T13:20:01","slug":"tepelne-cerpadlo-hyundai-extreme-monoblok-hpmo-r290-230v-4kw-cierne","status":"publish","type":"product","link":"https:\/\/klimavex.eu\/sk\/katalog\/tepelne-cerpadlo-hyundai-extreme-monoblok-hpmo-r290-230v-4kw-cierne\/","title":{"rendered":"Tepeln\u00e9 \u010derpadlo Hyundai Extreme monoblok HPMO R290 230V 4kW \u010dierne"},"content":{"rendered":"<p style=\"text-align: justify;\"><strong>K\u013e&uacute;\u010dov&eacute; vlastnosti<\/strong><\/p>\n<ul>\n<li style=\"text-align: justify;\">Vysok&aacute; &uacute;\u010dinnos\u0165 &ndash; energetick&aacute; trieda a\u017e A+++<\/li>\n<li style=\"text-align: justify;\">Ve\u013emi tich&aacute; prev&aacute;dzka<\/li>\n<li style=\"text-align: justify;\">Ovl&aacute;danie a\u017e 4 extern&yacute;ch obehov&yacute;ch \u010derpadiel<\/li>\n<li style=\"text-align: justify;\">Maxim&aacute;lna v&yacute;stupn&aacute; teplota vody a\u017e do 75&deg;C<\/li>\n<li style=\"text-align: justify;\">&Uacute;\u010dinn&eacute; vykurovanie pri teplot&aacute;ch vonkaj&scaron;ieho vzduchu a\u017e do -25&deg;C<\/li>\n<li style=\"text-align: justify;\">Dvojit&yacute; rota\u010dn&yacute; kompresor s DC inverterom<\/li>\n<li style=\"text-align: justify;\">DC motor ventil&aacute;tora<\/li>\n<li style=\"text-align: justify;\">Ohrev vane vonkaj&scaron;ej jednotky<\/li>\n<li style=\"text-align: justify;\">Zabudovan&aacute; el. &scaron;pir&aacute;la 3kW (modely 04-10)<\/li>\n<li style=\"text-align: justify;\">Zabudovan&aacute; el. &scaron;pir&aacute;la 9kW (modely 12-16)<\/li>\n<li style=\"text-align: justify;\">Vodn&yacute; filter a sn&iacute;ma\u010d teploty pre n&aacute;dr\u017e na T&Uacute;V<\/li>\n<li style=\"text-align: justify;\">Menu ovl&aacute;da\u010de so sloven\u010dinou, t&yacute;\u017edenn&yacute; \u010dasova\u010d<\/li>\n<li style=\"text-align: justify;\">Ekvitermick&aacute; regul&aacute;cia pod\u013ea vonkaj&scaron;ej teploty<\/li>\n<li style=\"text-align: justify;\">Regul&aacute;cia pod\u013ea teploty priestoru alebo teploty vody<\/li>\n<li style=\"text-align: justify;\">Dvojz&oacute;nov&eacute; riadenie pomocou extern&yacute;ch termostatov<\/li>\n<li style=\"text-align: justify;\">Pripojenie na Smart Grid &ndash; prev&aacute;dzka zariadenia na z&aacute;klade vstupn&yacute;ch sign&aacute;lov z fotovoltick&eacute;ho syst&eacute;mu (&uacute;spora energie)<\/li>\n<li style=\"text-align: justify;\">R&ocirc;zne funkcie &ndash; dezinfekcia, dovolenka, tich&yacute; re\u017eim, obmedzenie spotreby, kask&aacute;dov&eacute; ovl&aacute;danie<\/li>\n<li style=\"text-align: justify;\">Jednoduch&aacute; in&scaron;tal&aacute;cia a servis<\/li>\n<li style=\"text-align: justify;\">Z&aacute;ruka 5 rokov<\/li>\n<\/ul>\n","protected":false},"excerpt":{"rendered":"<p style=\"text-align:justify\"><span style=\"font-size:11pt\"><span style=\"font-family:Calibri,sans-serif\"><span style=\"color:black\">Model <\/span><strong><span style=\"color:black\">Hyundai Extreme HPMO <\/span><\/strong><span style=\"color:black\">je reziden\u010dn&eacute; tepeln&eacute; \u010derpadlo <\/span><strong><span style=\"color:black\">vzduch-voda <\/span><\/strong><span style=\"color:black\">s vysokou &uacute;\u010dinnos\u0165ou a v&yacute;stupnou teplotou vody <\/span><strong><span style=\"color:black\">a\u017e 75&deg;C <\/span><\/strong><span style=\"color:black\">, v preveden&iacute; <\/span><strong><span style=\"color:black\">monoblok <\/span><\/strong><span style=\"color:black\">(nevy\u017eaduje odborn&uacute; mont&aacute;\u017e chladiarom, chladivov&yacute; okruh je uzavret&yacute; a naplnen&yacute; z v&yacute;roby). Jednotka vyu\u017e&iacute;va <\/span><strong><span style=\"color:black\">pr&iacute;rodn&eacute; chladivo R290 <\/span><\/strong><span style=\"color:black\">s n&iacute;zkym potenci&aacute;lom glob&aacute;lneho otep\u013eovania <\/span><strong><span style=\"color:black\">GWP=3<\/span><\/strong><span style=\"color:black\">. <\/span><strong><span style=\"color:black\">\u010cierne prevedenie <\/span><\/strong><span style=\"color:black\">monobloku taktie\u017e sp\u013a\u0148a najvy&scaron;&scaron;ie n&aacute;roky na modern&yacute; vzh\u013ead tepeln&yacute;ch \u010derpadiel.<\/span><\/span><\/span><\/p>\n","protected":false},"featured_media":475036,"template":"","meta":[],"product_cat":[6079,6080,6056],"product_tag":[],"class_list":{"0":"post-473739","1":"product","2":"type-product","3":"status-publish","4":"has-post-thumbnail","6":"product_cat-tepelne-cerpadla-archivovane-produkty","7":"product_cat-archivovane-produkty-tepelne-cerpadla","8":"product_cat-archivovane-produkty","9":"pa_extra-funkcia-hpmo","10":"pa_max-vystupna-voda-3264","11":"pa_napajanie-1f-230v","12":"pa_prevedenie-monoblok","13":"pa_prikon-vykurovanie-3300","14":"pa_qch-pri-von-tep-35c-voda-7-3139","15":"pa_qvyk-pri-2c-vonk-35c-voda-3299","16":"pa_qvyk-pri-7c-vonk-35c-voda-3297","17":"pa_typ-chladiva-r290","18":"pa_ucinnost-cop-a-7-w35-3298","19":"pa_vyk-do-von-tepl-c-25-c","20":"pa_vykon-spiraly-kw-3133","21":"pa_vykonovy-model-kw-4-az-5kw","22":"pa_wifi-ovladanie-zabudovane","23":"pa_znacka-hyundai","25":"first","26":"outofstock","27":"taxable","28":"shipping-taxable","29":"purchasable","30":"product-type-simple"},"yoast_head":"<!-- This site is optimized with the Yoast SEO plugin v23.9 - https:\/\/yoast.com\/wordpress\/plugins\/seo\/ -->\n<title>Tepeln\u00e9 \u010derpadlo Hyundai Extreme monoblok HPMO R290 230V 4kW \u010dierne - KLIMAVEX GROUP - Slovensko<\/title>\n<meta name=\"robots\" content=\"index, follow, max-snippet:-1, max-image-preview:large, max-video-preview:-1\" \/>\n<link rel=\"canonical\" href=\"https:\/\/klimavex.eu\/sk\/katalog\/tepelne-cerpadlo-hyundai-extreme-monoblok-hpmo-r290-230v-4kw-cierne\/\" \/>\n<meta property=\"og:locale\" content=\"sk_SK\" \/>\n<meta property=\"og:type\" content=\"article\" \/>\n<meta property=\"og:title\" content=\"Tepeln\u00e9 \u010derpadlo Hyundai Extreme monoblok HPMO R290 230V 4kW \u010dierne - KLIMAVEX GROUP - Slovensko\" \/>\n<meta property=\"og:description\" content=\"Model Hyundai Extreme HPMO je reziden\u010dn&eacute; tepeln&eacute; \u010derpadlo vzduch-voda s vysokou &uacute;\u010dinnos\u0165ou a v&yacute;stupnou teplotou vody a\u017e 75&deg;C , v preveden&iacute; monoblok (nevy\u017eaduje odborn&uacute; mont&aacute;\u017e chladiarom, chladivov&yacute; okruh je uzavret&yacute; a naplnen&yacute; z v&yacute;roby). Jednotka vyu\u017e&iacute;va pr&iacute;rodn&eacute; chladivo R290 s n&iacute;zkym potenci&aacute;lom glob&aacute;lneho otep\u013eovania GWP=3. \u010cierne prevedenie monobloku taktie\u017e sp\u013a\u0148a najvy&scaron;&scaron;ie n&aacute;roky na modern&yacute; vzh\u013ead tepeln&yacute;ch \u010derpadiel.\" \/>\n<meta property=\"og:url\" content=\"https:\/\/klimavex.eu\/sk\/katalog\/tepelne-cerpadlo-hyundai-extreme-monoblok-hpmo-r290-230v-4kw-cierne\/\" \/>\n<meta property=\"og:site_name\" content=\"KLIMAVEX GROUP - Slovensko\" \/>\n<meta property=\"article:publisher\" content=\"https:\/\/www.facebook.com\/klimavex\" \/>\n<meta property=\"article:modified_time\" content=\"2026-04-02T13:20:01+00:00\" \/>\n<meta property=\"og:image\" content=\"https:\/\/klimavex.eu\/sk\/wp-content\/uploads\/2024\/02\/LOGO-KLIMAVEX-modra-kostka-1.png\" \/>\n\t<meta property=\"og:image:width\" content=\"9184\" \/>\n\t<meta property=\"og:image:height\" content=\"9184\" \/>\n\t<meta property=\"og:image:type\" content=\"image\/png\" \/>\n<meta name=\"twitter:card\" content=\"summary_large_image\" \/>\n<meta name=\"twitter:label1\" content=\"Predpokladan\u00fd \u010das \u010d\u00edtania\" \/>\n\t<meta name=\"twitter:data1\" content=\"1 min\u00fata\" \/>\n<script type=\"application\/ld+json\" class=\"yoast-schema-graph\">{\"@context\":\"https:\/\/schema.org\",\"@graph\":[{\"@type\":\"WebPage\",\"@id\":\"https:\/\/klimavex.eu\/sk\/katalog\/tepelne-cerpadlo-hyundai-extreme-monoblok-hpmo-r290-230v-4kw-cierne\/\",\"url\":\"https:\/\/klimavex.eu\/sk\/katalog\/tepelne-cerpadlo-hyundai-extreme-monoblok-hpmo-r290-230v-4kw-cierne\/\",\"name\":\"Tepeln\u00e9 \u010derpadlo Hyundai Extreme monoblok HPMO R290 230V 4kW \u010dierne - KLIMAVEX GROUP - Slovensko\",\"isPartOf\":{\"@id\":\"https:\/\/klimavex.eu\/sk\/#website\"},\"primaryImageOfPage\":{\"@id\":\"https:\/\/klimavex.eu\/sk\/katalog\/tepelne-cerpadlo-hyundai-extreme-monoblok-hpmo-r290-230v-4kw-cierne\/#primaryimage\"},\"image\":{\"@id\":\"https:\/\/klimavex.eu\/sk\/katalog\/tepelne-cerpadlo-hyundai-extreme-monoblok-hpmo-r290-230v-4kw-cierne\/#primaryimage\"},\"thumbnailUrl\":\"https:\/\/klimavex.eu\/sk\/wp-content\/uploads\/2025\/09\/UrnEpLe_-2ce_C7nee8qwP_qkXy9bOFvxhQizJ7pgRI-2.png\",\"datePublished\":\"2026-04-02T13:19:53+00:00\",\"dateModified\":\"2026-04-02T13:20:01+00:00\",\"breadcrumb\":{\"@id\":\"https:\/\/klimavex.eu\/sk\/katalog\/tepelne-cerpadlo-hyundai-extreme-monoblok-hpmo-r290-230v-4kw-cierne\/#breadcrumb\"},\"inLanguage\":\"sk-SK\",\"potentialAction\":[{\"@type\":\"ReadAction\",\"target\":[\"https:\/\/klimavex.eu\/sk\/katalog\/tepelne-cerpadlo-hyundai-extreme-monoblok-hpmo-r290-230v-4kw-cierne\/\"]}]},{\"@type\":\"ImageObject\",\"inLanguage\":\"sk-SK\",\"@id\":\"https:\/\/klimavex.eu\/sk\/katalog\/tepelne-cerpadlo-hyundai-extreme-monoblok-hpmo-r290-230v-4kw-cierne\/#primaryimage\",\"url\":\"https:\/\/klimavex.eu\/sk\/wp-content\/uploads\/2025\/09\/UrnEpLe_-2ce_C7nee8qwP_qkXy9bOFvxhQizJ7pgRI-2.png\",\"contentUrl\":\"https:\/\/klimavex.eu\/sk\/wp-content\/uploads\/2025\/09\/UrnEpLe_-2ce_C7nee8qwP_qkXy9bOFvxhQizJ7pgRI-2.png\",\"width\":512,\"height\":512},{\"@type\":\"BreadcrumbList\",\"@id\":\"https:\/\/klimavex.eu\/sk\/katalog\/tepelne-cerpadlo-hyundai-extreme-monoblok-hpmo-r290-230v-4kw-cierne\/#breadcrumb\",\"itemListElement\":[{\"@type\":\"ListItem\",\"position\":1,\"name\":\"Domovsk\u00e1 str\u00e1nka\",\"item\":\"https:\/\/klimavex.eu\/sk\/\"},{\"@type\":\"ListItem\",\"position\":2,\"name\":\"Eshop\",\"item\":\"https:\/\/klimavex.eu\/sk\/eshop\/\"},{\"@type\":\"ListItem\",\"position\":3,\"name\":\"*Tepeln\u00e9 \u010derpadlo Hyundai Extreme monoblok HPMO R290 230V 4kW \u010dierne\"}]},{\"@type\":\"WebSite\",\"@id\":\"https:\/\/klimavex.eu\/sk\/#website\",\"url\":\"https:\/\/klimavex.eu\/sk\/\",\"name\":\"KLIMAVEX GROUP - Slovensko\",\"description\":\"\",\"publisher\":{\"@id\":\"https:\/\/klimavex.eu\/sk\/#organization\"},\"alternateName\":\"KLIMAVEX a.s.\",\"potentialAction\":[{\"@type\":\"SearchAction\",\"target\":{\"@type\":\"EntryPoint\",\"urlTemplate\":\"https:\/\/klimavex.eu\/sk\/?s={search_term_string}\"},\"query-input\":{\"@type\":\"PropertyValueSpecification\",\"valueRequired\":true,\"valueName\":\"search_term_string\"}}],\"inLanguage\":\"sk-SK\"},{\"@type\":\"Organization\",\"@id\":\"https:\/\/klimavex.eu\/sk\/#organization\",\"name\":\"KLIMAVEX GROUP\",\"alternateName\":\"KLIMAVEX a.s.\",\"url\":\"https:\/\/klimavex.eu\/sk\/\",\"logo\":{\"@type\":\"ImageObject\",\"inLanguage\":\"sk-SK\",\"@id\":\"https:\/\/klimavex.eu\/sk\/#\/schema\/logo\/image\/\",\"url\":\"https:\/\/klimavex.eu\/sk\/wp-content\/uploads\/2024\/04\/Klimavex-Group-logo.png\",\"contentUrl\":\"https:\/\/klimavex.eu\/sk\/wp-content\/uploads\/2024\/04\/Klimavex-Group-logo.png\",\"width\":1681,\"height\":472,\"caption\":\"KLIMAVEX GROUP\"},\"image\":{\"@id\":\"https:\/\/klimavex.eu\/sk\/#\/schema\/logo\/image\/\"},\"sameAs\":[\"https:\/\/www.facebook.com\/klimavex\",\"https:\/\/www.instagram.com\/klimavex_sk\/\"]}]}<\/script>\n<!-- \/ Yoast SEO plugin. -->","yoast_head_json":{"title":"Tepeln\u00e9 \u010derpadlo Hyundai Extreme monoblok HPMO R290 230V 4kW \u010dierne - KLIMAVEX GROUP - Slovensko","robots":{"index":"index","follow":"follow","max-snippet":"max-snippet:-1","max-image-preview":"max-image-preview:large","max-video-preview":"max-video-preview:-1"},"canonical":"https:\/\/klimavex.eu\/sk\/katalog\/tepelne-cerpadlo-hyundai-extreme-monoblok-hpmo-r290-230v-4kw-cierne\/","og_locale":"sk_SK","og_type":"article","og_title":"Tepeln\u00e9 \u010derpadlo Hyundai Extreme monoblok HPMO R290 230V 4kW \u010dierne - KLIMAVEX GROUP - Slovensko","og_description":"Model Hyundai Extreme HPMO je reziden\u010dn&eacute; tepeln&eacute; \u010derpadlo vzduch-voda s vysokou &uacute;\u010dinnos\u0165ou a v&yacute;stupnou teplotou vody a\u017e 75&deg;C , v preveden&iacute; monoblok (nevy\u017eaduje odborn&uacute; mont&aacute;\u017e chladiarom, chladivov&yacute; okruh je uzavret&yacute; a naplnen&yacute; z v&yacute;roby). Jednotka vyu\u017e&iacute;va pr&iacute;rodn&eacute; chladivo R290 s n&iacute;zkym potenci&aacute;lom glob&aacute;lneho otep\u013eovania GWP=3. \u010cierne prevedenie monobloku taktie\u017e sp\u013a\u0148a najvy&scaron;&scaron;ie n&aacute;roky na modern&yacute; vzh\u013ead tepeln&yacute;ch \u010derpadiel.","og_url":"https:\/\/klimavex.eu\/sk\/katalog\/tepelne-cerpadlo-hyundai-extreme-monoblok-hpmo-r290-230v-4kw-cierne\/","og_site_name":"KLIMAVEX GROUP - Slovensko","article_publisher":"https:\/\/www.facebook.com\/klimavex","article_modified_time":"2026-04-02T13:20:01+00:00","og_image":[{"width":9184,"height":9184,"url":"https:\/\/klimavex.eu\/sk\/wp-content\/uploads\/2024\/02\/LOGO-KLIMAVEX-modra-kostka-1.png","type":"image\/png"}],"twitter_card":"summary_large_image","twitter_misc":{"Predpokladan\u00fd \u010das \u010d\u00edtania":"1 min\u00fata"},"schema":{"@context":"https:\/\/schema.org","@graph":[{"@type":"WebPage","@id":"https:\/\/klimavex.eu\/sk\/katalog\/tepelne-cerpadlo-hyundai-extreme-monoblok-hpmo-r290-230v-4kw-cierne\/","url":"https:\/\/klimavex.eu\/sk\/katalog\/tepelne-cerpadlo-hyundai-extreme-monoblok-hpmo-r290-230v-4kw-cierne\/","name":"Tepeln\u00e9 \u010derpadlo Hyundai Extreme monoblok HPMO R290 230V 4kW \u010dierne - KLIMAVEX GROUP - Slovensko","isPartOf":{"@id":"https:\/\/klimavex.eu\/sk\/#website"},"primaryImageOfPage":{"@id":"https:\/\/klimavex.eu\/sk\/katalog\/tepelne-cerpadlo-hyundai-extreme-monoblok-hpmo-r290-230v-4kw-cierne\/#primaryimage"},"image":{"@id":"https:\/\/klimavex.eu\/sk\/katalog\/tepelne-cerpadlo-hyundai-extreme-monoblok-hpmo-r290-230v-4kw-cierne\/#primaryimage"},"thumbnailUrl":"https:\/\/klimavex.eu\/sk\/wp-content\/uploads\/2025\/09\/UrnEpLe_-2ce_C7nee8qwP_qkXy9bOFvxhQizJ7pgRI-2.png","datePublished":"2026-04-02T13:19:53+00:00","dateModified":"2026-04-02T13:20:01+00:00","breadcrumb":{"@id":"https:\/\/klimavex.eu\/sk\/katalog\/tepelne-cerpadlo-hyundai-extreme-monoblok-hpmo-r290-230v-4kw-cierne\/#breadcrumb"},"inLanguage":"sk-SK","potentialAction":[{"@type":"ReadAction","target":["https:\/\/klimavex.eu\/sk\/katalog\/tepelne-cerpadlo-hyundai-extreme-monoblok-hpmo-r290-230v-4kw-cierne\/"]}]},{"@type":"ImageObject","inLanguage":"sk-SK","@id":"https:\/\/klimavex.eu\/sk\/katalog\/tepelne-cerpadlo-hyundai-extreme-monoblok-hpmo-r290-230v-4kw-cierne\/#primaryimage","url":"https:\/\/klimavex.eu\/sk\/wp-content\/uploads\/2025\/09\/UrnEpLe_-2ce_C7nee8qwP_qkXy9bOFvxhQizJ7pgRI-2.png","contentUrl":"https:\/\/klimavex.eu\/sk\/wp-content\/uploads\/2025\/09\/UrnEpLe_-2ce_C7nee8qwP_qkXy9bOFvxhQizJ7pgRI-2.png","width":512,"height":512},{"@type":"BreadcrumbList","@id":"https:\/\/klimavex.eu\/sk\/katalog\/tepelne-cerpadlo-hyundai-extreme-monoblok-hpmo-r290-230v-4kw-cierne\/#breadcrumb","itemListElement":[{"@type":"ListItem","position":1,"name":"Domovsk\u00e1 str\u00e1nka","item":"https:\/\/klimavex.eu\/sk\/"},{"@type":"ListItem","position":2,"name":"Eshop","item":"https:\/\/klimavex.eu\/sk\/eshop\/"},{"@type":"ListItem","position":3,"name":"*Tepeln\u00e9 \u010derpadlo Hyundai Extreme monoblok HPMO R290 230V 4kW \u010dierne"}]},{"@type":"WebSite","@id":"https:\/\/klimavex.eu\/sk\/#website","url":"https:\/\/klimavex.eu\/sk\/","name":"KLIMAVEX GROUP - Slovensko","description":"","publisher":{"@id":"https:\/\/klimavex.eu\/sk\/#organization"},"alternateName":"KLIMAVEX a.s.","potentialAction":[{"@type":"SearchAction","target":{"@type":"EntryPoint","urlTemplate":"https:\/\/klimavex.eu\/sk\/?s={search_term_string}"},"query-input":{"@type":"PropertyValueSpecification","valueRequired":true,"valueName":"search_term_string"}}],"inLanguage":"sk-SK"},{"@type":"Organization","@id":"https:\/\/klimavex.eu\/sk\/#organization","name":"KLIMAVEX GROUP","alternateName":"KLIMAVEX a.s.","url":"https:\/\/klimavex.eu\/sk\/","logo":{"@type":"ImageObject","inLanguage":"sk-SK","@id":"https:\/\/klimavex.eu\/sk\/#\/schema\/logo\/image\/","url":"https:\/\/klimavex.eu\/sk\/wp-content\/uploads\/2024\/04\/Klimavex-Group-logo.png","contentUrl":"https:\/\/klimavex.eu\/sk\/wp-content\/uploads\/2024\/04\/Klimavex-Group-logo.png","width":1681,"height":472,"caption":"KLIMAVEX GROUP"},"image":{"@id":"https:\/\/klimavex.eu\/sk\/#\/schema\/logo\/image\/"},"sameAs":["https:\/\/www.facebook.com\/klimavex","https:\/\/www.instagram.com\/klimavex_sk\/"]}]}},"_links":{"self":[{"href":"https:\/\/klimavex.eu\/sk\/wp-json\/wp\/v2\/product\/473739","targetHints":{"allow":["GET"]}}],"collection":[{"href":"https:\/\/klimavex.eu\/sk\/wp-json\/wp\/v2\/product"}],"about":[{"href":"https:\/\/klimavex.eu\/sk\/wp-json\/wp\/v2\/types\/product"}],"version-history":[{"count":0,"href":"https:\/\/klimavex.eu\/sk\/wp-json\/wp\/v2\/product\/473739\/revisions"}],"wp:featuredmedia":[{"embeddable":true,"href":"https:\/\/klimavex.eu\/sk\/wp-json\/wp\/v2\/media\/475036"}],"wp:attachment":[{"href":"https:\/\/klimavex.eu\/sk\/wp-json\/wp\/v2\/media?parent=473739"}],"wp:term":[{"taxonomy":"product_cat","embeddable":true,"href":"https:\/\/klimavex.eu\/sk\/wp-json\/wp\/v2\/product_cat?post=473739"},{"taxonomy":"product_tag","embeddable":true,"href":"https:\/\/klimavex.eu\/sk\/wp-json\/wp\/v2\/product_tag?post=473739"}],"curies":[{"name":"wp","href":"https:\/\/api.w.org\/{rel}","templated":true}]}}