{"id":473768,"date":"2026-04-01T08:49:05","date_gmt":"2026-04-01T06:49:05","guid":{"rendered":"https:\/\/klimavex.eu\/sk\/katalog\/tepelne-cerpadlo-hyundai-extreme-pro-monoblok-hpmo-r290-evi-400v-35kw-sive\/"},"modified":"2026-04-01T08:49:36","modified_gmt":"2026-04-01T06:49:36","slug":"tepelne-cerpadlo-hyundai-extreme-pro-monoblok-hpmo-r290-evi-400v-35kw-sive","status":"publish","type":"product","link":"https:\/\/klimavex.eu\/sk\/katalog\/tepelne-cerpadlo-hyundai-extreme-pro-monoblok-hpmo-r290-evi-400v-35kw-sive\/","title":{"rendered":"Tepeln\u00e9 \u010derpadlo Hyundai Extreme PRO monoblok HPMO R290 EVI 400V 35kW siv\u00e9"},"content":{"rendered":"<p style=\"text-align: justify;\"><strong>K\u013e&uacute;\u010dov&eacute; vlastnosti<\/strong><\/p>\n<ul>\n<li style=\"text-align: justify;\">Vysok&aacute; &uacute;\u010dinnos\u0165 &ndash; energetick&aacute; trieda A+++<\/li>\n<li style=\"text-align: justify;\">Ovl&aacute;danie a\u017e 4 extern&yacute;ch obehov&yacute;ch \u010derpadiel<\/li>\n<li style=\"text-align: justify;\">Maxim&aacute;lna v&yacute;stupn&aacute; teplota vody a\u017e do 85 &deg;C<\/li>\n<li style=\"text-align: justify;\">&Uacute;\u010dinn&eacute; vykurovanie pri teplot&aacute;ch vonkaj&scaron;ieho vzduchu a\u017e do -25 &deg;C (technol&oacute;gia EVI)<\/li>\n<li style=\"text-align: justify;\">Ohrev vane vonkaj&scaron;ej jednotky<\/li>\n<li style=\"text-align: justify;\">Vodn&yacute; filter a sn&iacute;ma\u010d teploty pre n&aacute;dr\u017e na T&Uacute;V<\/li>\n<li style=\"text-align: justify;\">Menu ovl&aacute;da\u010de so sloven\u010dinou, t&yacute;\u017edenn&yacute; \u010dasova\u010d<\/li>\n<li style=\"text-align: justify;\">Ekvitermick&aacute; regul&aacute;cia pod\u013ea vonkaj&scaron;ej teploty<\/li>\n<li style=\"text-align: justify;\">Regul&aacute;cia pod\u013ea teploty priestoru alebo teploty vody<\/li>\n<li style=\"text-align: justify;\">Dvojz&oacute;nov&eacute; riadenie pomocou extern&yacute;ch termostatov<\/li>\n<li style=\"text-align: justify;\">Pripojenie na Smart Grid &ndash; prev&aacute;dzka zariadenia na z&aacute;klade vstupn&yacute;ch sign&aacute;lov z fotovoltaick&eacute;ho syst&eacute;mu (&uacute;spora energie)<\/li>\n<li style=\"text-align: justify;\">R&ocirc;zne funkcie &ndash; dezinfekcia, dovolenka, tich&yacute; re\u017eim, obmedzenie spotreby, kask&aacute;dov&eacute; ovl&aacute;danie<\/li>\n<li style=\"text-align: justify;\">Jednoduch&aacute; in&scaron;tal&aacute;cia a servis<\/li>\n<li style=\"text-align: justify;\">Z&aacute;ruka 5 rokov<\/li>\n<\/ul>\n","protected":false},"excerpt":{"rendered":"<p style=\"text-align: justify;\">Model <strong>Hyundai Extreme PRO HPMO <\/strong>je reziden\u010dne aj komer\u010dne vyu\u017eite\u013en&eacute; tepeln&eacute; \u010derpadlo vzduch-voda s extra vysokou &uacute;\u010dinnos\u0165ou a v&yacute;stupnou teplotou vody <strong>a\u017e 85 &deg;C<\/strong>, v preveden&iacute; <strong>monoblok <\/strong>(nevy\u017eaduje odborn&uacute; mont&aacute;\u017e chladiarom, chladivov&yacute; okruh je uzavret&yacute; a naplnen&yacute; z v&yacute;roby). Tento model je vhodn&yacute; pre v&auml;\u010d&scaron;ie budovy. Jednotka vyu\u017e&iacute;va <strong>pr&iacute;rodn&eacute; chladivo R290 <\/strong>s n&iacute;zkym potenci&aacute;lom glob&aacute;lneho otep\u013eovania GWP=3. <strong>Technol&oacute;gia EVI <\/strong>zvy&scaron;uje &uacute;\u010dinnos\u0165 \u010derpadla aj pri ve\u013emi n&iacute;zkych vonkaj&scaron;&iacute;ch teplot&aacute;ch. <strong>Siv&eacute; prevedenie <\/strong>monobloku taktie\u017e sp\u013a\u0148a najvy&scaron;&scaron;ie n&aacute;roky na modern&yacute; vzh\u013ead tepeln&yacute;ch \u010derpadiel. Zariadenie a v&scaron;etky jeho funkcie je mo\u017en&eacute; ovl&aacute;da\u0165 prostredn&iacute;ctvom <strong>dotykov&eacute;ho<\/strong>&nbsp;<strong>k&aacute;blov&eacute;ho ovl&aacute;da\u010da <\/strong>\u010di prostredn&iacute;ctvom <strong>Wi-Fi<\/strong>, ktor&eacute; umo\u017e\u0148uje tepeln&eacute; \u010derpadlo Hyundai spravova\u0165 odkia\u013eko\u013evek.<\/p>\n","protected":false},"featured_media":505364,"template":"","meta":[],"product_cat":[30,29,6581],"product_tag":[],"class_list":{"0":"post-473768","1":"product","2":"type-product","3":"status-publish","4":"has-post-thumbnail","6":"product_cat-hyundai","7":"product_cat-tepelne-cerpadla","8":"product_cat-r290-evi-monoblok-pro-hpmo-siva","9":"pa_extra-funkcia-hpmo-r290","10":"pa_max-vystupna-voda-6400","11":"pa_napajanie-3f-400v","12":"pa_prevedenie-monoblok","13":"pa_prikon-vykurovanie-6434","14":"pa_qch-pri-von-tep-35c-voda-7-3234","15":"pa_qvyk-pri-2c-vonk-35c-voda-6425","16":"pa_qvyk-pri-7c-vonk-35c-voda-6432","17":"pa_typ-chladiva-r290","18":"pa_ucinnost-cop-a-7-w35-6433","19":"pa_vyk-do-von-tepl-c-25-c","20":"pa_vykon-spiraly-kw-nema","21":"pa_vykonovy-model-kw-35kw","22":"pa_wifi-ovladanie-zabudovane","23":"pa_znacka-hyundai","25":"first","26":"instock","27":"taxable","28":"shipping-taxable","29":"purchasable","30":"product-type-simple"},"yoast_head":"<!-- This site is optimized with the Yoast SEO plugin v23.9 - https:\/\/yoast.com\/wordpress\/plugins\/seo\/ -->\n<title>Tepeln\u00e9 \u010derpadlo Hyundai Extreme PRO monoblok HPMO R290 EVI 400V 35kW siv\u00e9 - KLIMAVEX GROUP - Slovensko<\/title>\n<meta name=\"robots\" content=\"index, follow, max-snippet:-1, max-image-preview:large, max-video-preview:-1\" \/>\n<link rel=\"canonical\" href=\"https:\/\/klimavex.eu\/sk\/katalog\/tepelne-cerpadlo-hyundai-extreme-pro-monoblok-hpmo-r290-evi-400v-35kw-sive\/\" \/>\n<meta property=\"og:locale\" content=\"sk_SK\" \/>\n<meta property=\"og:type\" content=\"article\" \/>\n<meta property=\"og:title\" content=\"Tepeln\u00e9 \u010derpadlo Hyundai Extreme PRO monoblok HPMO R290 EVI 400V 35kW siv\u00e9 - KLIMAVEX GROUP - Slovensko\" \/>\n<meta property=\"og:description\" content=\"Model Hyundai Extreme PRO HPMO je reziden\u010dne aj komer\u010dne vyu\u017eite\u013en&eacute; tepeln&eacute; \u010derpadlo vzduch-voda s extra vysokou &uacute;\u010dinnos\u0165ou a v&yacute;stupnou teplotou vody a\u017e 85 &deg;C, v preveden&iacute; monoblok (nevy\u017eaduje odborn&uacute; mont&aacute;\u017e chladiarom, chladivov&yacute; okruh je uzavret&yacute; a naplnen&yacute; z v&yacute;roby). Tento model je vhodn&yacute; pre v&auml;\u010d&scaron;ie budovy. Jednotka vyu\u017e&iacute;va pr&iacute;rodn&eacute; chladivo R290 s n&iacute;zkym potenci&aacute;lom glob&aacute;lneho otep\u013eovania GWP=3. Technol&oacute;gia EVI zvy&scaron;uje &uacute;\u010dinnos\u0165 \u010derpadla aj pri ve\u013emi n&iacute;zkych vonkaj&scaron;&iacute;ch teplot&aacute;ch. Siv&eacute; prevedenie monobloku taktie\u017e sp\u013a\u0148a najvy&scaron;&scaron;ie n&aacute;roky na modern&yacute; vzh\u013ead tepeln&yacute;ch \u010derpadiel. Zariadenie a v&scaron;etky jeho funkcie je mo\u017en&eacute; ovl&aacute;da\u0165 prostredn&iacute;ctvom dotykov&eacute;ho&nbsp;k&aacute;blov&eacute;ho ovl&aacute;da\u010da \u010di prostredn&iacute;ctvom Wi-Fi, ktor&eacute; umo\u017e\u0148uje tepeln&eacute; \u010derpadlo Hyundai spravova\u0165 odkia\u013eko\u013evek.\" \/>\n<meta property=\"og:url\" content=\"https:\/\/klimavex.eu\/sk\/katalog\/tepelne-cerpadlo-hyundai-extreme-pro-monoblok-hpmo-r290-evi-400v-35kw-sive\/\" \/>\n<meta property=\"og:site_name\" content=\"KLIMAVEX GROUP - Slovensko\" \/>\n<meta property=\"article:publisher\" content=\"https:\/\/www.facebook.com\/klimavex\" \/>\n<meta property=\"article:modified_time\" content=\"2026-04-01T06:49:36+00:00\" \/>\n<meta property=\"og:image\" content=\"https:\/\/klimavex.eu\/sk\/wp-content\/uploads\/2024\/02\/LOGO-KLIMAVEX-modra-kostka-1.png\" \/>\n\t<meta property=\"og:image:width\" content=\"9184\" \/>\n\t<meta property=\"og:image:height\" content=\"9184\" \/>\n\t<meta property=\"og:image:type\" content=\"image\/png\" \/>\n<meta name=\"twitter:card\" content=\"summary_large_image\" \/>\n<meta name=\"twitter:label1\" content=\"Predpokladan\u00fd \u010das \u010d\u00edtania\" \/>\n\t<meta name=\"twitter:data1\" content=\"1 min\u00fata\" \/>\n<script type=\"application\/ld+json\" class=\"yoast-schema-graph\">{\"@context\":\"https:\/\/schema.org\",\"@graph\":[{\"@type\":\"WebPage\",\"@id\":\"https:\/\/klimavex.eu\/sk\/katalog\/tepelne-cerpadlo-hyundai-extreme-pro-monoblok-hpmo-r290-evi-400v-35kw-sive\/\",\"url\":\"https:\/\/klimavex.eu\/sk\/katalog\/tepelne-cerpadlo-hyundai-extreme-pro-monoblok-hpmo-r290-evi-400v-35kw-sive\/\",\"name\":\"Tepeln\u00e9 \u010derpadlo Hyundai Extreme PRO monoblok HPMO R290 EVI 400V 35kW siv\u00e9 - KLIMAVEX GROUP - Slovensko\",\"isPartOf\":{\"@id\":\"https:\/\/klimavex.eu\/sk\/#website\"},\"primaryImageOfPage\":{\"@id\":\"https:\/\/klimavex.eu\/sk\/katalog\/tepelne-cerpadlo-hyundai-extreme-pro-monoblok-hpmo-r290-evi-400v-35kw-sive\/#primaryimage\"},\"image\":{\"@id\":\"https:\/\/klimavex.eu\/sk\/katalog\/tepelne-cerpadlo-hyundai-extreme-pro-monoblok-hpmo-r290-evi-400v-35kw-sive\/#primaryimage\"},\"thumbnailUrl\":\"https:\/\/klimavex.eu\/sk\/wp-content\/uploads\/2026\/02\/UGSoPvfhBRhvqu4-LWcyb5Fd7AmIOHZnA4EO2LhYjL0-2.png\",\"datePublished\":\"2026-04-01T06:49:05+00:00\",\"dateModified\":\"2026-04-01T06:49:36+00:00\",\"breadcrumb\":{\"@id\":\"https:\/\/klimavex.eu\/sk\/katalog\/tepelne-cerpadlo-hyundai-extreme-pro-monoblok-hpmo-r290-evi-400v-35kw-sive\/#breadcrumb\"},\"inLanguage\":\"sk-SK\",\"potentialAction\":[{\"@type\":\"ReadAction\",\"target\":[\"https:\/\/klimavex.eu\/sk\/katalog\/tepelne-cerpadlo-hyundai-extreme-pro-monoblok-hpmo-r290-evi-400v-35kw-sive\/\"]}]},{\"@type\":\"ImageObject\",\"inLanguage\":\"sk-SK\",\"@id\":\"https:\/\/klimavex.eu\/sk\/katalog\/tepelne-cerpadlo-hyundai-extreme-pro-monoblok-hpmo-r290-evi-400v-35kw-sive\/#primaryimage\",\"url\":\"https:\/\/klimavex.eu\/sk\/wp-content\/uploads\/2026\/02\/UGSoPvfhBRhvqu4-LWcyb5Fd7AmIOHZnA4EO2LhYjL0-2.png\",\"contentUrl\":\"https:\/\/klimavex.eu\/sk\/wp-content\/uploads\/2026\/02\/UGSoPvfhBRhvqu4-LWcyb5Fd7AmIOHZnA4EO2LhYjL0-2.png\",\"width\":512,\"height\":670},{\"@type\":\"BreadcrumbList\",\"@id\":\"https:\/\/klimavex.eu\/sk\/katalog\/tepelne-cerpadlo-hyundai-extreme-pro-monoblok-hpmo-r290-evi-400v-35kw-sive\/#breadcrumb\",\"itemListElement\":[{\"@type\":\"ListItem\",\"position\":1,\"name\":\"Domovsk\u00e1 str\u00e1nka\",\"item\":\"https:\/\/klimavex.eu\/sk\/\"},{\"@type\":\"ListItem\",\"position\":2,\"name\":\"Eshop\",\"item\":\"https:\/\/klimavex.eu\/sk\/eshop\/\"},{\"@type\":\"ListItem\",\"position\":3,\"name\":\"Tepeln\u00e9 \u010derpadlo Hyundai Extreme PRO monoblok HPMO R290 EVI 400V 35kW siv\u00e9\"}]},{\"@type\":\"WebSite\",\"@id\":\"https:\/\/klimavex.eu\/sk\/#website\",\"url\":\"https:\/\/klimavex.eu\/sk\/\",\"name\":\"KLIMAVEX GROUP - Slovensko\",\"description\":\"\",\"publisher\":{\"@id\":\"https:\/\/klimavex.eu\/sk\/#organization\"},\"alternateName\":\"KLIMAVEX a.s.\",\"potentialAction\":[{\"@type\":\"SearchAction\",\"target\":{\"@type\":\"EntryPoint\",\"urlTemplate\":\"https:\/\/klimavex.eu\/sk\/?s={search_term_string}\"},\"query-input\":{\"@type\":\"PropertyValueSpecification\",\"valueRequired\":true,\"valueName\":\"search_term_string\"}}],\"inLanguage\":\"sk-SK\"},{\"@type\":\"Organization\",\"@id\":\"https:\/\/klimavex.eu\/sk\/#organization\",\"name\":\"KLIMAVEX GROUP\",\"alternateName\":\"KLIMAVEX a.s.\",\"url\":\"https:\/\/klimavex.eu\/sk\/\",\"logo\":{\"@type\":\"ImageObject\",\"inLanguage\":\"sk-SK\",\"@id\":\"https:\/\/klimavex.eu\/sk\/#\/schema\/logo\/image\/\",\"url\":\"https:\/\/klimavex.eu\/sk\/wp-content\/uploads\/2024\/04\/Klimavex-Group-logo.png\",\"contentUrl\":\"https:\/\/klimavex.eu\/sk\/wp-content\/uploads\/2024\/04\/Klimavex-Group-logo.png\",\"width\":1681,\"height\":472,\"caption\":\"KLIMAVEX GROUP\"},\"image\":{\"@id\":\"https:\/\/klimavex.eu\/sk\/#\/schema\/logo\/image\/\"},\"sameAs\":[\"https:\/\/www.facebook.com\/klimavex\",\"https:\/\/www.instagram.com\/klimavex_sk\/\"]}]}<\/script>\n<!-- \/ Yoast SEO plugin. -->","yoast_head_json":{"title":"Tepeln\u00e9 \u010derpadlo Hyundai Extreme PRO monoblok HPMO R290 EVI 400V 35kW siv\u00e9 - KLIMAVEX GROUP - Slovensko","robots":{"index":"index","follow":"follow","max-snippet":"max-snippet:-1","max-image-preview":"max-image-preview:large","max-video-preview":"max-video-preview:-1"},"canonical":"https:\/\/klimavex.eu\/sk\/katalog\/tepelne-cerpadlo-hyundai-extreme-pro-monoblok-hpmo-r290-evi-400v-35kw-sive\/","og_locale":"sk_SK","og_type":"article","og_title":"Tepeln\u00e9 \u010derpadlo Hyundai Extreme PRO monoblok HPMO R290 EVI 400V 35kW siv\u00e9 - KLIMAVEX GROUP - Slovensko","og_description":"Model Hyundai Extreme PRO HPMO je reziden\u010dne aj komer\u010dne vyu\u017eite\u013en&eacute; tepeln&eacute; \u010derpadlo vzduch-voda s extra vysokou &uacute;\u010dinnos\u0165ou a v&yacute;stupnou teplotou vody a\u017e 85 &deg;C, v preveden&iacute; monoblok (nevy\u017eaduje odborn&uacute; mont&aacute;\u017e chladiarom, chladivov&yacute; okruh je uzavret&yacute; a naplnen&yacute; z v&yacute;roby). Tento model je vhodn&yacute; pre v&auml;\u010d&scaron;ie budovy. Jednotka vyu\u017e&iacute;va pr&iacute;rodn&eacute; chladivo R290 s n&iacute;zkym potenci&aacute;lom glob&aacute;lneho otep\u013eovania GWP=3. Technol&oacute;gia EVI zvy&scaron;uje &uacute;\u010dinnos\u0165 \u010derpadla aj pri ve\u013emi n&iacute;zkych vonkaj&scaron;&iacute;ch teplot&aacute;ch. Siv&eacute; prevedenie monobloku taktie\u017e sp\u013a\u0148a najvy&scaron;&scaron;ie n&aacute;roky na modern&yacute; vzh\u013ead tepeln&yacute;ch \u010derpadiel. Zariadenie a v&scaron;etky jeho funkcie je mo\u017en&eacute; ovl&aacute;da\u0165 prostredn&iacute;ctvom dotykov&eacute;ho&nbsp;k&aacute;blov&eacute;ho ovl&aacute;da\u010da \u010di prostredn&iacute;ctvom Wi-Fi, ktor&eacute; umo\u017e\u0148uje tepeln&eacute; \u010derpadlo Hyundai spravova\u0165 odkia\u013eko\u013evek.","og_url":"https:\/\/klimavex.eu\/sk\/katalog\/tepelne-cerpadlo-hyundai-extreme-pro-monoblok-hpmo-r290-evi-400v-35kw-sive\/","og_site_name":"KLIMAVEX GROUP - Slovensko","article_publisher":"https:\/\/www.facebook.com\/klimavex","article_modified_time":"2026-04-01T06:49:36+00:00","og_image":[{"width":9184,"height":9184,"url":"https:\/\/klimavex.eu\/sk\/wp-content\/uploads\/2024\/02\/LOGO-KLIMAVEX-modra-kostka-1.png","type":"image\/png"}],"twitter_card":"summary_large_image","twitter_misc":{"Predpokladan\u00fd \u010das \u010d\u00edtania":"1 min\u00fata"},"schema":{"@context":"https:\/\/schema.org","@graph":[{"@type":"WebPage","@id":"https:\/\/klimavex.eu\/sk\/katalog\/tepelne-cerpadlo-hyundai-extreme-pro-monoblok-hpmo-r290-evi-400v-35kw-sive\/","url":"https:\/\/klimavex.eu\/sk\/katalog\/tepelne-cerpadlo-hyundai-extreme-pro-monoblok-hpmo-r290-evi-400v-35kw-sive\/","name":"Tepeln\u00e9 \u010derpadlo Hyundai Extreme PRO monoblok HPMO R290 EVI 400V 35kW siv\u00e9 - KLIMAVEX GROUP - Slovensko","isPartOf":{"@id":"https:\/\/klimavex.eu\/sk\/#website"},"primaryImageOfPage":{"@id":"https:\/\/klimavex.eu\/sk\/katalog\/tepelne-cerpadlo-hyundai-extreme-pro-monoblok-hpmo-r290-evi-400v-35kw-sive\/#primaryimage"},"image":{"@id":"https:\/\/klimavex.eu\/sk\/katalog\/tepelne-cerpadlo-hyundai-extreme-pro-monoblok-hpmo-r290-evi-400v-35kw-sive\/#primaryimage"},"thumbnailUrl":"https:\/\/klimavex.eu\/sk\/wp-content\/uploads\/2026\/02\/UGSoPvfhBRhvqu4-LWcyb5Fd7AmIOHZnA4EO2LhYjL0-2.png","datePublished":"2026-04-01T06:49:05+00:00","dateModified":"2026-04-01T06:49:36+00:00","breadcrumb":{"@id":"https:\/\/klimavex.eu\/sk\/katalog\/tepelne-cerpadlo-hyundai-extreme-pro-monoblok-hpmo-r290-evi-400v-35kw-sive\/#breadcrumb"},"inLanguage":"sk-SK","potentialAction":[{"@type":"ReadAction","target":["https:\/\/klimavex.eu\/sk\/katalog\/tepelne-cerpadlo-hyundai-extreme-pro-monoblok-hpmo-r290-evi-400v-35kw-sive\/"]}]},{"@type":"ImageObject","inLanguage":"sk-SK","@id":"https:\/\/klimavex.eu\/sk\/katalog\/tepelne-cerpadlo-hyundai-extreme-pro-monoblok-hpmo-r290-evi-400v-35kw-sive\/#primaryimage","url":"https:\/\/klimavex.eu\/sk\/wp-content\/uploads\/2026\/02\/UGSoPvfhBRhvqu4-LWcyb5Fd7AmIOHZnA4EO2LhYjL0-2.png","contentUrl":"https:\/\/klimavex.eu\/sk\/wp-content\/uploads\/2026\/02\/UGSoPvfhBRhvqu4-LWcyb5Fd7AmIOHZnA4EO2LhYjL0-2.png","width":512,"height":670},{"@type":"BreadcrumbList","@id":"https:\/\/klimavex.eu\/sk\/katalog\/tepelne-cerpadlo-hyundai-extreme-pro-monoblok-hpmo-r290-evi-400v-35kw-sive\/#breadcrumb","itemListElement":[{"@type":"ListItem","position":1,"name":"Domovsk\u00e1 str\u00e1nka","item":"https:\/\/klimavex.eu\/sk\/"},{"@type":"ListItem","position":2,"name":"Eshop","item":"https:\/\/klimavex.eu\/sk\/eshop\/"},{"@type":"ListItem","position":3,"name":"Tepeln\u00e9 \u010derpadlo Hyundai Extreme PRO monoblok HPMO R290 EVI 400V 35kW siv\u00e9"}]},{"@type":"WebSite","@id":"https:\/\/klimavex.eu\/sk\/#website","url":"https:\/\/klimavex.eu\/sk\/","name":"KLIMAVEX GROUP - Slovensko","description":"","publisher":{"@id":"https:\/\/klimavex.eu\/sk\/#organization"},"alternateName":"KLIMAVEX a.s.","potentialAction":[{"@type":"SearchAction","target":{"@type":"EntryPoint","urlTemplate":"https:\/\/klimavex.eu\/sk\/?s={search_term_string}"},"query-input":{"@type":"PropertyValueSpecification","valueRequired":true,"valueName":"search_term_string"}}],"inLanguage":"sk-SK"},{"@type":"Organization","@id":"https:\/\/klimavex.eu\/sk\/#organization","name":"KLIMAVEX GROUP","alternateName":"KLIMAVEX a.s.","url":"https:\/\/klimavex.eu\/sk\/","logo":{"@type":"ImageObject","inLanguage":"sk-SK","@id":"https:\/\/klimavex.eu\/sk\/#\/schema\/logo\/image\/","url":"https:\/\/klimavex.eu\/sk\/wp-content\/uploads\/2024\/04\/Klimavex-Group-logo.png","contentUrl":"https:\/\/klimavex.eu\/sk\/wp-content\/uploads\/2024\/04\/Klimavex-Group-logo.png","width":1681,"height":472,"caption":"KLIMAVEX GROUP"},"image":{"@id":"https:\/\/klimavex.eu\/sk\/#\/schema\/logo\/image\/"},"sameAs":["https:\/\/www.facebook.com\/klimavex","https:\/\/www.instagram.com\/klimavex_sk\/"]}]}},"_links":{"self":[{"href":"https:\/\/klimavex.eu\/sk\/wp-json\/wp\/v2\/product\/473768","targetHints":{"allow":["GET"]}}],"collection":[{"href":"https:\/\/klimavex.eu\/sk\/wp-json\/wp\/v2\/product"}],"about":[{"href":"https:\/\/klimavex.eu\/sk\/wp-json\/wp\/v2\/types\/product"}],"version-history":[{"count":0,"href":"https:\/\/klimavex.eu\/sk\/wp-json\/wp\/v2\/product\/473768\/revisions"}],"wp:featuredmedia":[{"embeddable":true,"href":"https:\/\/klimavex.eu\/sk\/wp-json\/wp\/v2\/media\/505364"}],"wp:attachment":[{"href":"https:\/\/klimavex.eu\/sk\/wp-json\/wp\/v2\/media?parent=473768"}],"wp:term":[{"taxonomy":"product_cat","embeddable":true,"href":"https:\/\/klimavex.eu\/sk\/wp-json\/wp\/v2\/product_cat?post=473768"},{"taxonomy":"product_tag","embeddable":true,"href":"https:\/\/klimavex.eu\/sk\/wp-json\/wp\/v2\/product_tag?post=473768"}],"curies":[{"name":"wp","href":"https:\/\/api.w.org\/{rel}","templated":true}]}}