{"id":473840,"date":"2026-04-01T08:49:05","date_gmt":"2026-04-01T06:49:05","guid":{"rendered":"https:\/\/klimavex.eu\/sk\/katalog\/tepelne-cerpadlo-hyundai-extreme-pro-xl-monoblok-modular-hcmo-r32-evi-400v-110kw\/"},"modified":"2026-04-01T08:49:56","modified_gmt":"2026-04-01T06:49:56","slug":"tepelne-cerpadlo-hyundai-extreme-pro-xl-monoblok-modular-hcmo-r32-evi-400v-110kw","status":"publish","type":"product","link":"https:\/\/klimavex.eu\/sk\/katalog\/tepelne-cerpadlo-hyundai-extreme-pro-xl-monoblok-modular-hcmo-r32-evi-400v-110kw\/","title":{"rendered":"Tepeln\u00e9 \u010derpadlo Hyundai Extreme PRO XL monoblok (modular) HCMO R32 EVI 400V 110kW"},"content":{"rendered":"<p style=\"text-align: justify;\"><strong>K\u013e&uacute;\u010dov&eacute; vlastnosti<\/strong><\/p>\n<ul>\n<li style=\"text-align: justify;\">Vysok&aacute; &uacute;\u010dinnos\u0165 &ndash; energetick&aacute; trieda A+++<\/li>\n<li style=\"text-align: justify;\">Maxim&aacute;lna v&yacute;stupn&aacute; teplota vody a\u017e do 65 &deg;C<\/li>\n<li style=\"text-align: justify;\">&Uacute;\u010dinn&eacute; vykurovanie pri teplot&aacute;ch vonkaj&scaron;ieho vzduchu a\u017e do -20 &deg;C (technol&oacute;gia EVI)<\/li>\n<li style=\"text-align: justify;\">1x\/2x kompresor scroll DC inverter EVI, 1 okruh<\/li>\n<li style=\"text-align: justify;\">&Uacute;sporn&eacute; ventil&aacute;tory s DC motormi<\/li>\n<li style=\"text-align: justify;\">Ovl&aacute;da\u010d s kask&aacute;dov&yacute;m riaden&iacute;m a\u017e 16 jednotiek<\/li>\n<li style=\"text-align: justify;\">3 &uacute;rovne pr&iacute;stupu ovl&aacute;dania &ndash; napr. u\u017e&iacute;vate\u013e, servis, spr&aacute;vca<\/li>\n<li style=\"text-align: justify;\">Sn&iacute;ma\u010d teploty vody na v&yacute;stupe (v balen&iacute;)<\/li>\n<li style=\"text-align: justify;\">Dvojit&aacute; po\u017eadovan&aacute; teplota s extern&yacute;m prep&iacute;nan&iacute;m<\/li>\n<li style=\"text-align: justify;\">Ekvitermick&aacute; regul&aacute;cia<\/li>\n<li style=\"text-align: justify;\">Dia\u013ekov&eacute; blokovanie ON\/OFF, prep&iacute;nanie re\u017eimov C\/H<\/li>\n<li style=\"text-align: justify;\">Zabudovan&yacute; prietokov&yacute; sp&iacute;na\u010d<\/li>\n<li style=\"text-align: justify;\">Ovl&aacute;danie pre extern&eacute; obehov&eacute; \u010derpadlo s fixn&yacute;mi alebo premenliv&yacute;mi ot&aacute;\u010dkami 0-10V<\/li>\n<li style=\"text-align: justify;\">Gener&aacute;lny alarm a signaliz&aacute;cia prev&aacute;dzky kompresorov<\/li>\n<li style=\"text-align: justify;\">Napojenie na BMS pomocou Modbus RTU<\/li>\n<li style=\"text-align: justify;\">T&yacute;\u017edenn&yacute; \u010dasova\u010d, tich&yacute; re\u017eim, obmedzenie spotreby<\/li>\n<li style=\"text-align: justify;\">Z&aacute;ruka 3 roky<\/li>\n<\/ul>\n","protected":false},"excerpt":{"rendered":"<p style=\"text-align: justify;\">Model <strong>Hyundai Extreme PRO XL HCMO <\/strong>je modul&aacute;rne komer\u010dn&eacute; tepeln&eacute; \u010derpadlo vzduch-voda s vysokou &uacute;\u010dinnos\u0165ou a v&yacute;stupnou teplotou vody <strong>a\u017e 65 &deg;C<\/strong>, v preveden&iacute; <strong>monoblok<\/strong>. Tento model je vhodn&yacute; do administrat&iacute;vnych budov, hotelov, &scaron;k&ocirc;l a \u010fal&scaron;&iacute;ch v&auml;\u010d&scaron;&iacute;ch budov. Jednotka vyu\u017e&iacute;va <strong>pr&iacute;rodn&eacute; chladivo R32 <\/strong>s potenci&aacute;lom glob&aacute;lneho otep\u013eovania GWP=675. <strong>Technol&oacute;gia EVI <\/strong>zvy&scaron;uje &uacute;\u010dinnos\u0165 \u010derpadla aj pri ve\u013emi n&iacute;zkych vonkaj&scaron;&iacute;ch teplot&aacute;ch. <strong>Siv&eacute; prevedenie <\/strong>monobloku taktie\u017e sp\u013a\u0148a najvy&scaron;&scaron;ie n&aacute;roky na modern&yacute; vzh\u013ead tepeln&yacute;ch \u010derpadiel. Umo\u017e\u0148uje kombinova\u0165 <strong>a\u017e 16 modulov s celkov&yacute;m v&yacute;konom 2080 kW<\/strong>. Zariadenie a v&scaron;etky jeho funkcie je mo\u017en&eacute; ovl&aacute;da\u0165 prostredn&iacute;ctvom dotykov&yacute;ch <strong>k&aacute;blov&yacute;ch ovl&aacute;da\u010dov<\/strong>.<\/p>\n","protected":false},"featured_media":475376,"template":"","meta":[],"product_cat":[30,29,6584],"product_tag":[],"class_list":{"0":"post-473840","1":"product","2":"type-product","3":"status-publish","4":"has-post-thumbnail","6":"product_cat-hyundai","7":"product_cat-tepelne-cerpadla","8":"product_cat-r32-evi-monoblok-pro-xl-hcmo-siva","9":"pa_extra-funkcia-hcmo-r32","10":"pa_max-vystupna-voda-3137","11":"pa_napajanie-3f-400v","12":"pa_prevedenie-monoblok","13":"pa_prikon-vykurovanie-6448","14":"pa_qch-pri-von-tep-35c-voda-7-6449","15":"pa_qvyk-pri-2c-vonk-35c-voda-6447","16":"pa_qvyk-pri-7c-vonk-35c-voda-6446","17":"pa_typ-chladiva-r32","18":"pa_ucinnost-cop-a-7-w35-6411","19":"pa_vyk-do-von-tepl-c-25-c","20":"pa_vykonovy-model-kw-110kw","21":"pa_wifi-ovladanie-nie","22":"pa_znacka-hyundai","24":"first","25":"instock","26":"taxable","27":"shipping-taxable","28":"purchasable","29":"product-type-simple"},"yoast_head":"<!-- This site is optimized with the Yoast SEO plugin v23.9 - https:\/\/yoast.com\/wordpress\/plugins\/seo\/ -->\n<title>Tepeln\u00e9 \u010derpadlo Hyundai Extreme PRO XL monoblok (modular) HCMO R32 EVI 400V 110kW - KLIMAVEX GROUP - Slovensko<\/title>\n<meta name=\"robots\" content=\"index, follow, max-snippet:-1, max-image-preview:large, max-video-preview:-1\" \/>\n<link rel=\"canonical\" href=\"https:\/\/klimavex.eu\/sk\/katalog\/tepelne-cerpadlo-hyundai-extreme-pro-xl-monoblok-modular-hcmo-r32-evi-400v-110kw\/\" \/>\n<meta property=\"og:locale\" content=\"sk_SK\" \/>\n<meta property=\"og:type\" content=\"article\" \/>\n<meta property=\"og:title\" content=\"Tepeln\u00e9 \u010derpadlo Hyundai Extreme PRO XL monoblok (modular) HCMO R32 EVI 400V 110kW - KLIMAVEX GROUP - Slovensko\" \/>\n<meta property=\"og:description\" content=\"Model Hyundai Extreme PRO XL HCMO je modul&aacute;rne komer\u010dn&eacute; tepeln&eacute; \u010derpadlo vzduch-voda s vysokou &uacute;\u010dinnos\u0165ou a v&yacute;stupnou teplotou vody a\u017e 65 &deg;C, v preveden&iacute; monoblok. Tento model je vhodn&yacute; do administrat&iacute;vnych budov, hotelov, &scaron;k&ocirc;l a \u010fal&scaron;&iacute;ch v&auml;\u010d&scaron;&iacute;ch budov. Jednotka vyu\u017e&iacute;va pr&iacute;rodn&eacute; chladivo R32 s potenci&aacute;lom glob&aacute;lneho otep\u013eovania GWP=675. Technol&oacute;gia EVI zvy&scaron;uje &uacute;\u010dinnos\u0165 \u010derpadla aj pri ve\u013emi n&iacute;zkych vonkaj&scaron;&iacute;ch teplot&aacute;ch. Siv&eacute; prevedenie monobloku taktie\u017e sp\u013a\u0148a najvy&scaron;&scaron;ie n&aacute;roky na modern&yacute; vzh\u013ead tepeln&yacute;ch \u010derpadiel. Umo\u017e\u0148uje kombinova\u0165 a\u017e 16 modulov s celkov&yacute;m v&yacute;konom 2080 kW. Zariadenie a v&scaron;etky jeho funkcie je mo\u017en&eacute; ovl&aacute;da\u0165 prostredn&iacute;ctvom dotykov&yacute;ch k&aacute;blov&yacute;ch ovl&aacute;da\u010dov.\" \/>\n<meta property=\"og:url\" content=\"https:\/\/klimavex.eu\/sk\/katalog\/tepelne-cerpadlo-hyundai-extreme-pro-xl-monoblok-modular-hcmo-r32-evi-400v-110kw\/\" \/>\n<meta property=\"og:site_name\" content=\"KLIMAVEX GROUP - Slovensko\" \/>\n<meta property=\"article:publisher\" content=\"https:\/\/www.facebook.com\/klimavex\" \/>\n<meta property=\"article:modified_time\" content=\"2026-04-01T06:49:56+00:00\" \/>\n<meta property=\"og:image\" content=\"https:\/\/klimavex.eu\/sk\/wp-content\/uploads\/2024\/02\/LOGO-KLIMAVEX-modra-kostka-1.png\" \/>\n\t<meta property=\"og:image:width\" content=\"9184\" \/>\n\t<meta property=\"og:image:height\" content=\"9184\" \/>\n\t<meta property=\"og:image:type\" content=\"image\/png\" \/>\n<meta name=\"twitter:card\" content=\"summary_large_image\" \/>\n<meta name=\"twitter:label1\" content=\"Predpokladan\u00fd \u010das \u010d\u00edtania\" \/>\n\t<meta name=\"twitter:data1\" content=\"1 min\u00fata\" \/>\n<script type=\"application\/ld+json\" class=\"yoast-schema-graph\">{\"@context\":\"https:\/\/schema.org\",\"@graph\":[{\"@type\":\"WebPage\",\"@id\":\"https:\/\/klimavex.eu\/sk\/katalog\/tepelne-cerpadlo-hyundai-extreme-pro-xl-monoblok-modular-hcmo-r32-evi-400v-110kw\/\",\"url\":\"https:\/\/klimavex.eu\/sk\/katalog\/tepelne-cerpadlo-hyundai-extreme-pro-xl-monoblok-modular-hcmo-r32-evi-400v-110kw\/\",\"name\":\"Tepeln\u00e9 \u010derpadlo Hyundai Extreme PRO XL monoblok (modular) HCMO R32 EVI 400V 110kW - KLIMAVEX GROUP - Slovensko\",\"isPartOf\":{\"@id\":\"https:\/\/klimavex.eu\/sk\/#website\"},\"primaryImageOfPage\":{\"@id\":\"https:\/\/klimavex.eu\/sk\/katalog\/tepelne-cerpadlo-hyundai-extreme-pro-xl-monoblok-modular-hcmo-r32-evi-400v-110kw\/#primaryimage\"},\"image\":{\"@id\":\"https:\/\/klimavex.eu\/sk\/katalog\/tepelne-cerpadlo-hyundai-extreme-pro-xl-monoblok-modular-hcmo-r32-evi-400v-110kw\/#primaryimage\"},\"thumbnailUrl\":\"https:\/\/klimavex.eu\/sk\/wp-content\/uploads\/2025\/09\/gCMW_3mu3mooFIh_6sTy5qqmYz8yma_n76h5PSjhIwQ-2.png\",\"datePublished\":\"2026-04-01T06:49:05+00:00\",\"dateModified\":\"2026-04-01T06:49:56+00:00\",\"breadcrumb\":{\"@id\":\"https:\/\/klimavex.eu\/sk\/katalog\/tepelne-cerpadlo-hyundai-extreme-pro-xl-monoblok-modular-hcmo-r32-evi-400v-110kw\/#breadcrumb\"},\"inLanguage\":\"sk-SK\",\"potentialAction\":[{\"@type\":\"ReadAction\",\"target\":[\"https:\/\/klimavex.eu\/sk\/katalog\/tepelne-cerpadlo-hyundai-extreme-pro-xl-monoblok-modular-hcmo-r32-evi-400v-110kw\/\"]}]},{\"@type\":\"ImageObject\",\"inLanguage\":\"sk-SK\",\"@id\":\"https:\/\/klimavex.eu\/sk\/katalog\/tepelne-cerpadlo-hyundai-extreme-pro-xl-monoblok-modular-hcmo-r32-evi-400v-110kw\/#primaryimage\",\"url\":\"https:\/\/klimavex.eu\/sk\/wp-content\/uploads\/2025\/09\/gCMW_3mu3mooFIh_6sTy5qqmYz8yma_n76h5PSjhIwQ-2.png\",\"contentUrl\":\"https:\/\/klimavex.eu\/sk\/wp-content\/uploads\/2025\/09\/gCMW_3mu3mooFIh_6sTy5qqmYz8yma_n76h5PSjhIwQ-2.png\",\"width\":691,\"height\":512},{\"@type\":\"BreadcrumbList\",\"@id\":\"https:\/\/klimavex.eu\/sk\/katalog\/tepelne-cerpadlo-hyundai-extreme-pro-xl-monoblok-modular-hcmo-r32-evi-400v-110kw\/#breadcrumb\",\"itemListElement\":[{\"@type\":\"ListItem\",\"position\":1,\"name\":\"Domovsk\u00e1 str\u00e1nka\",\"item\":\"https:\/\/klimavex.eu\/sk\/\"},{\"@type\":\"ListItem\",\"position\":2,\"name\":\"Eshop\",\"item\":\"https:\/\/klimavex.eu\/sk\/eshop\/\"},{\"@type\":\"ListItem\",\"position\":3,\"name\":\"Tepeln\u00e9 \u010derpadlo Hyundai Extreme PRO XL monoblok (modular) HCMO R32 EVI 400V 110kW\"}]},{\"@type\":\"WebSite\",\"@id\":\"https:\/\/klimavex.eu\/sk\/#website\",\"url\":\"https:\/\/klimavex.eu\/sk\/\",\"name\":\"KLIMAVEX GROUP - Slovensko\",\"description\":\"\",\"publisher\":{\"@id\":\"https:\/\/klimavex.eu\/sk\/#organization\"},\"alternateName\":\"KLIMAVEX a.s.\",\"potentialAction\":[{\"@type\":\"SearchAction\",\"target\":{\"@type\":\"EntryPoint\",\"urlTemplate\":\"https:\/\/klimavex.eu\/sk\/?s={search_term_string}\"},\"query-input\":{\"@type\":\"PropertyValueSpecification\",\"valueRequired\":true,\"valueName\":\"search_term_string\"}}],\"inLanguage\":\"sk-SK\"},{\"@type\":\"Organization\",\"@id\":\"https:\/\/klimavex.eu\/sk\/#organization\",\"name\":\"KLIMAVEX GROUP\",\"alternateName\":\"KLIMAVEX a.s.\",\"url\":\"https:\/\/klimavex.eu\/sk\/\",\"logo\":{\"@type\":\"ImageObject\",\"inLanguage\":\"sk-SK\",\"@id\":\"https:\/\/klimavex.eu\/sk\/#\/schema\/logo\/image\/\",\"url\":\"https:\/\/klimavex.eu\/sk\/wp-content\/uploads\/2024\/04\/Klimavex-Group-logo.png\",\"contentUrl\":\"https:\/\/klimavex.eu\/sk\/wp-content\/uploads\/2024\/04\/Klimavex-Group-logo.png\",\"width\":1681,\"height\":472,\"caption\":\"KLIMAVEX GROUP\"},\"image\":{\"@id\":\"https:\/\/klimavex.eu\/sk\/#\/schema\/logo\/image\/\"},\"sameAs\":[\"https:\/\/www.facebook.com\/klimavex\",\"https:\/\/www.instagram.com\/klimavex_sk\/\"]}]}<\/script>\n<!-- \/ Yoast SEO plugin. -->","yoast_head_json":{"title":"Tepeln\u00e9 \u010derpadlo Hyundai Extreme PRO XL monoblok (modular) HCMO R32 EVI 400V 110kW - KLIMAVEX GROUP - Slovensko","robots":{"index":"index","follow":"follow","max-snippet":"max-snippet:-1","max-image-preview":"max-image-preview:large","max-video-preview":"max-video-preview:-1"},"canonical":"https:\/\/klimavex.eu\/sk\/katalog\/tepelne-cerpadlo-hyundai-extreme-pro-xl-monoblok-modular-hcmo-r32-evi-400v-110kw\/","og_locale":"sk_SK","og_type":"article","og_title":"Tepeln\u00e9 \u010derpadlo Hyundai Extreme PRO XL monoblok (modular) HCMO R32 EVI 400V 110kW - KLIMAVEX GROUP - Slovensko","og_description":"Model Hyundai Extreme PRO XL HCMO je modul&aacute;rne komer\u010dn&eacute; tepeln&eacute; \u010derpadlo vzduch-voda s vysokou &uacute;\u010dinnos\u0165ou a v&yacute;stupnou teplotou vody a\u017e 65 &deg;C, v preveden&iacute; monoblok. Tento model je vhodn&yacute; do administrat&iacute;vnych budov, hotelov, &scaron;k&ocirc;l a \u010fal&scaron;&iacute;ch v&auml;\u010d&scaron;&iacute;ch budov. Jednotka vyu\u017e&iacute;va pr&iacute;rodn&eacute; chladivo R32 s potenci&aacute;lom glob&aacute;lneho otep\u013eovania GWP=675. Technol&oacute;gia EVI zvy&scaron;uje &uacute;\u010dinnos\u0165 \u010derpadla aj pri ve\u013emi n&iacute;zkych vonkaj&scaron;&iacute;ch teplot&aacute;ch. Siv&eacute; prevedenie monobloku taktie\u017e sp\u013a\u0148a najvy&scaron;&scaron;ie n&aacute;roky na modern&yacute; vzh\u013ead tepeln&yacute;ch \u010derpadiel. Umo\u017e\u0148uje kombinova\u0165 a\u017e 16 modulov s celkov&yacute;m v&yacute;konom 2080 kW. Zariadenie a v&scaron;etky jeho funkcie je mo\u017en&eacute; ovl&aacute;da\u0165 prostredn&iacute;ctvom dotykov&yacute;ch k&aacute;blov&yacute;ch ovl&aacute;da\u010dov.","og_url":"https:\/\/klimavex.eu\/sk\/katalog\/tepelne-cerpadlo-hyundai-extreme-pro-xl-monoblok-modular-hcmo-r32-evi-400v-110kw\/","og_site_name":"KLIMAVEX GROUP - Slovensko","article_publisher":"https:\/\/www.facebook.com\/klimavex","article_modified_time":"2026-04-01T06:49:56+00:00","og_image":[{"width":9184,"height":9184,"url":"https:\/\/klimavex.eu\/sk\/wp-content\/uploads\/2024\/02\/LOGO-KLIMAVEX-modra-kostka-1.png","type":"image\/png"}],"twitter_card":"summary_large_image","twitter_misc":{"Predpokladan\u00fd \u010das \u010d\u00edtania":"1 min\u00fata"},"schema":{"@context":"https:\/\/schema.org","@graph":[{"@type":"WebPage","@id":"https:\/\/klimavex.eu\/sk\/katalog\/tepelne-cerpadlo-hyundai-extreme-pro-xl-monoblok-modular-hcmo-r32-evi-400v-110kw\/","url":"https:\/\/klimavex.eu\/sk\/katalog\/tepelne-cerpadlo-hyundai-extreme-pro-xl-monoblok-modular-hcmo-r32-evi-400v-110kw\/","name":"Tepeln\u00e9 \u010derpadlo Hyundai Extreme PRO XL monoblok (modular) HCMO R32 EVI 400V 110kW - KLIMAVEX GROUP - Slovensko","isPartOf":{"@id":"https:\/\/klimavex.eu\/sk\/#website"},"primaryImageOfPage":{"@id":"https:\/\/klimavex.eu\/sk\/katalog\/tepelne-cerpadlo-hyundai-extreme-pro-xl-monoblok-modular-hcmo-r32-evi-400v-110kw\/#primaryimage"},"image":{"@id":"https:\/\/klimavex.eu\/sk\/katalog\/tepelne-cerpadlo-hyundai-extreme-pro-xl-monoblok-modular-hcmo-r32-evi-400v-110kw\/#primaryimage"},"thumbnailUrl":"https:\/\/klimavex.eu\/sk\/wp-content\/uploads\/2025\/09\/gCMW_3mu3mooFIh_6sTy5qqmYz8yma_n76h5PSjhIwQ-2.png","datePublished":"2026-04-01T06:49:05+00:00","dateModified":"2026-04-01T06:49:56+00:00","breadcrumb":{"@id":"https:\/\/klimavex.eu\/sk\/katalog\/tepelne-cerpadlo-hyundai-extreme-pro-xl-monoblok-modular-hcmo-r32-evi-400v-110kw\/#breadcrumb"},"inLanguage":"sk-SK","potentialAction":[{"@type":"ReadAction","target":["https:\/\/klimavex.eu\/sk\/katalog\/tepelne-cerpadlo-hyundai-extreme-pro-xl-monoblok-modular-hcmo-r32-evi-400v-110kw\/"]}]},{"@type":"ImageObject","inLanguage":"sk-SK","@id":"https:\/\/klimavex.eu\/sk\/katalog\/tepelne-cerpadlo-hyundai-extreme-pro-xl-monoblok-modular-hcmo-r32-evi-400v-110kw\/#primaryimage","url":"https:\/\/klimavex.eu\/sk\/wp-content\/uploads\/2025\/09\/gCMW_3mu3mooFIh_6sTy5qqmYz8yma_n76h5PSjhIwQ-2.png","contentUrl":"https:\/\/klimavex.eu\/sk\/wp-content\/uploads\/2025\/09\/gCMW_3mu3mooFIh_6sTy5qqmYz8yma_n76h5PSjhIwQ-2.png","width":691,"height":512},{"@type":"BreadcrumbList","@id":"https:\/\/klimavex.eu\/sk\/katalog\/tepelne-cerpadlo-hyundai-extreme-pro-xl-monoblok-modular-hcmo-r32-evi-400v-110kw\/#breadcrumb","itemListElement":[{"@type":"ListItem","position":1,"name":"Domovsk\u00e1 str\u00e1nka","item":"https:\/\/klimavex.eu\/sk\/"},{"@type":"ListItem","position":2,"name":"Eshop","item":"https:\/\/klimavex.eu\/sk\/eshop\/"},{"@type":"ListItem","position":3,"name":"Tepeln\u00e9 \u010derpadlo Hyundai Extreme PRO XL monoblok (modular) HCMO R32 EVI 400V 110kW"}]},{"@type":"WebSite","@id":"https:\/\/klimavex.eu\/sk\/#website","url":"https:\/\/klimavex.eu\/sk\/","name":"KLIMAVEX GROUP - Slovensko","description":"","publisher":{"@id":"https:\/\/klimavex.eu\/sk\/#organization"},"alternateName":"KLIMAVEX a.s.","potentialAction":[{"@type":"SearchAction","target":{"@type":"EntryPoint","urlTemplate":"https:\/\/klimavex.eu\/sk\/?s={search_term_string}"},"query-input":{"@type":"PropertyValueSpecification","valueRequired":true,"valueName":"search_term_string"}}],"inLanguage":"sk-SK"},{"@type":"Organization","@id":"https:\/\/klimavex.eu\/sk\/#organization","name":"KLIMAVEX GROUP","alternateName":"KLIMAVEX a.s.","url":"https:\/\/klimavex.eu\/sk\/","logo":{"@type":"ImageObject","inLanguage":"sk-SK","@id":"https:\/\/klimavex.eu\/sk\/#\/schema\/logo\/image\/","url":"https:\/\/klimavex.eu\/sk\/wp-content\/uploads\/2024\/04\/Klimavex-Group-logo.png","contentUrl":"https:\/\/klimavex.eu\/sk\/wp-content\/uploads\/2024\/04\/Klimavex-Group-logo.png","width":1681,"height":472,"caption":"KLIMAVEX GROUP"},"image":{"@id":"https:\/\/klimavex.eu\/sk\/#\/schema\/logo\/image\/"},"sameAs":["https:\/\/www.facebook.com\/klimavex","https:\/\/www.instagram.com\/klimavex_sk\/"]}]}},"_links":{"self":[{"href":"https:\/\/klimavex.eu\/sk\/wp-json\/wp\/v2\/product\/473840","targetHints":{"allow":["GET"]}}],"collection":[{"href":"https:\/\/klimavex.eu\/sk\/wp-json\/wp\/v2\/product"}],"about":[{"href":"https:\/\/klimavex.eu\/sk\/wp-json\/wp\/v2\/types\/product"}],"version-history":[{"count":0,"href":"https:\/\/klimavex.eu\/sk\/wp-json\/wp\/v2\/product\/473840\/revisions"}],"wp:featuredmedia":[{"embeddable":true,"href":"https:\/\/klimavex.eu\/sk\/wp-json\/wp\/v2\/media\/475376"}],"wp:attachment":[{"href":"https:\/\/klimavex.eu\/sk\/wp-json\/wp\/v2\/media?parent=473840"}],"wp:term":[{"taxonomy":"product_cat","embeddable":true,"href":"https:\/\/klimavex.eu\/sk\/wp-json\/wp\/v2\/product_cat?post=473840"},{"taxonomy":"product_tag","embeddable":true,"href":"https:\/\/klimavex.eu\/sk\/wp-json\/wp\/v2\/product_tag?post=473840"}],"curies":[{"name":"wp","href":"https:\/\/api.w.org\/{rel}","templated":true}]}}