{"id":473850,"date":"2026-04-02T16:04:56","date_gmt":"2026-04-02T14:04:56","guid":{"rendered":"https:\/\/klimavex.eu\/sk\/katalog\/tepelne-cerpadlo-samsung-ehs-mono-ht-quiet-aio-260l-8kw-1f\/"},"modified":"2026-04-02T16:05:19","modified_gmt":"2026-04-02T14:05:19","slug":"tepelne-cerpadlo-samsung-ehs-mono-ht-quiet-aio-260l-8kw-1f","status":"publish","type":"product","link":"https:\/\/klimavex.eu\/sk\/katalog\/tepelne-cerpadlo-samsung-ehs-mono-ht-quiet-aio-260l-8kw-1f\/","title":{"rendered":"Tepeln\u00e9 \u010derpadlo Samsung EHS Mono HT Quiet AiO (260l) 8kW (1f)"},"content":{"rendered":"<p style=\"text-align:justify\"><span style=\"font-size:11pt\"><span style=\"font-family:Calibri,sans-serif\"><strong>K\u013e&uacute;\u010dov&eacute; vlastnosti<\/strong><\/span><\/span><\/p>\n<ul>\n<li style=\"text-align: justify;\"><span style=\"font-size:11pt\"><span style=\"font-family:Calibri,sans-serif\">Integrovan&eacute; rie&scaron;enie pre vykurovanie a pr&iacute;pravu teplej vody<\/span><\/span><\/li>\n<li style=\"text-align: justify;\"><span style=\"font-size:11pt\"><span style=\"font-family:Calibri,sans-serif\">Kompaktn&aacute; ve\u013ekos\u0165 jednotky s ve\u013ek&yacute;m z&aacute;sobn&iacute;kom T&Uacute;V (260 l)<\/span><\/span><\/li>\n<li style=\"text-align: justify;\"><span style=\"font-size:11pt\"><span style=\"font-family:Calibri,sans-serif\">Intuit&iacute;vny farebn&yacute; dotykov&yacute; ovl&aacute;da\u010d vo viacer&yacute;ch jazykoch CZ, SK, EN<\/span><\/span><\/li>\n<li style=\"text-align: justify;\"><span style=\"font-size:11pt\"><span style=\"font-family:Calibri,sans-serif\">2-z&oacute;nov&eacute; ovl&aacute;danie, vhodn&eacute; pre podlahov&eacute; vykurovanie a radi&aacute;tory<\/span><\/span><\/li>\n<li style=\"text-align: justify;\"><span style=\"font-size:11pt\"><span style=\"font-family:Calibri,sans-serif\">SmartThings kompatibiln&yacute; s volite\u013enou sadou Wi-Fi<\/span><\/span><\/li>\n<li style=\"text-align: justify;\"><span style=\"font-size:11pt\"><span style=\"font-family:Calibri,sans-serif\">Integrovan&yacute; z&aacute;lo\u017en&yacute; ohrieva\u010d na zabezpe\u010denie nepretr\u017eit&eacute;ho vykurovania<\/span><\/span><\/li>\n<li style=\"text-align: justify;\"><span style=\"font-size:11pt\"><span style=\"font-family:Calibri,sans-serif\">Prev&aacute;dzkov&yacute; rozsah vykurovania od -30&deg;C do 43&deg;C<\/span><\/span><\/li>\n<li style=\"text-align: justify;\"><span style=\"font-size:11pt\"><span style=\"font-family:Calibri,sans-serif\">Prev&aacute;dzkov&yacute; rozsah chladenia od 10&deg;C do 46&deg;C<\/span><\/span><\/li>\n<li style=\"text-align: justify;\"><span style=\"font-size:11pt\"><span style=\"font-family:Calibri,sans-serif\">Prev&aacute;dzkov&yacute; rozsah ohrevu T&Uacute;V od -30&deg;C do 43&deg;C<\/span><\/span><\/li>\n<li style=\"text-align: justify;\"><span style=\"font-size:11pt\"><span style=\"font-family:Calibri,sans-serif\">Teplota v&yacute;stupnej vody (LWT) &ndash; vykurovanie 15-70&deg;C, chladenie 5-25&deg;C<\/span><\/span><\/li>\n<li style=\"text-align: justify;\"><span style=\"font-size:11pt\"><span style=\"font-family:Calibri,sans-serif\">Energetick&aacute; trieda A+++ (pri LWT 35&deg;C)<\/span><\/span><\/li>\n<li style=\"text-align: justify;\"><span style=\"font-size:11pt\"><span style=\"font-family:Calibri,sans-serif\">Hladina akustick&eacute;ho tlaku menovit&aacute; 42 dB(A), no\u010dn&yacute; re\u017eim 35 dB(A) (v 3m)<\/span><\/span><\/li>\n<li style=\"text-align: justify;\"><span style=\"font-size:11pt\"><span style=\"font-family:Calibri,sans-serif\">1-f&aacute;zov&eacute; el. nap&aacute;janie<\/span><\/span><\/li>\n<\/ul>\n","protected":false},"excerpt":{"rendered":"<p style=\"text-align:justify\"><span style=\"font-size:11pt\"><span style=\"font-family:Calibri,sans-serif\"><strong>Samsung EHS ClimateHub Mono HT Quiet <\/strong>je tepeln&eacute; \u010derpadlo <strong>vzduch-voda <\/strong>s <strong>vysokou teplotou vykurovacej vody <\/strong>(a\u017e 70&deg;C) a <strong>n&iacute;zkou hlu\u010dnos\u0165ou <\/strong>(od 35 dB(A)). Toto <strong>split ALL IN ONE <\/strong>prevedenie (so z&aacute;sobn&iacute;kom na T&Uacute;V <strong>260 l<\/strong>) je vhodn&eacute; ako <strong>pre renov&aacute;cie domov<\/strong>, tak aj <strong>pre nov&eacute; objekty<\/strong>. Ide o prvotriedny syst&eacute;m vykurovania, ktor&yacute; je mo\u017en&eacute; jednoducho a elegantne integrova\u0165 k r&ocirc;znym vonkaj&scaron;&iacute;m fas&aacute;dam. S oh\u013eadom na vyu\u017eitie mal&eacute;ho mno\u017estva <strong>chladiva R32 <\/strong>sa zmier\u0148uj&uacute; negat&iacute;vne dopady na glob&aacute;lne otep\u013eovanie. Tepeln&eacute; \u010derpadlo je mo\u017en&eacute; navy&scaron;e dia\u013ekovo ovl&aacute;da\u0165 <strong>aplik&aacute;ciou SmartThings<\/strong>.<\/span><\/span><\/p>\n","protected":false},"featured_media":475416,"template":"","meta":[],"product_cat":[6079,6080,6056],"product_tag":[],"class_list":{"0":"post-473850","1":"product","2":"type-product","3":"status-publish","4":"has-post-thumbnail","6":"product_cat-tepelne-cerpadla-archivovane-produkty","7":"product_cat-archivovane-produkty-tepelne-cerpadla","8":"product_cat-archivovane-produkty","9":"pa_extra-funkcia-mono-ht-quiet-aio-260l","10":"pa_max-vystupna-voda-3283","11":"pa_napajanie-1f-230v","12":"pa_objem-nadrze-tuv-3289","13":"pa_prevedenie-hydrosplit-aio-s-tuv","14":"pa_qvyk-pri-7c-vonk-35c-voda-3273","15":"pa_typ-chladiva-r32","16":"pa_ucinnost-cop-a-7-w35-3280","17":"pa_vyk-do-von-tepl-c-30-c","18":"pa_vykon-spiraly-kw-3281","19":"pa_vykonovy-model-kw-8-az-9kw","20":"pa_wifi-ovladanie-volitelne","21":"pa_znacka-samsung","23":"first","24":"outofstock","25":"taxable","26":"shipping-taxable","27":"purchasable","28":"product-type-simple"},"yoast_head":"<!-- This site is optimized with the Yoast SEO plugin v23.9 - https:\/\/yoast.com\/wordpress\/plugins\/seo\/ -->\n<title>Tepeln\u00e9 \u010derpadlo Samsung EHS Mono HT Quiet AiO (260l) 8kW (1f) - KLIMAVEX GROUP - Slovensko<\/title>\n<meta name=\"robots\" content=\"index, follow, max-snippet:-1, max-image-preview:large, max-video-preview:-1\" \/>\n<link rel=\"canonical\" href=\"https:\/\/klimavex.eu\/sk\/katalog\/tepelne-cerpadlo-samsung-ehs-mono-ht-quiet-aio-260l-8kw-1f\/\" \/>\n<meta property=\"og:locale\" content=\"sk_SK\" \/>\n<meta property=\"og:type\" content=\"article\" \/>\n<meta property=\"og:title\" content=\"Tepeln\u00e9 \u010derpadlo Samsung EHS Mono HT Quiet AiO (260l) 8kW (1f) - KLIMAVEX GROUP - Slovensko\" \/>\n<meta property=\"og:description\" content=\"Samsung EHS ClimateHub Mono HT Quiet je tepeln&eacute; \u010derpadlo vzduch-voda s vysokou teplotou vykurovacej vody (a\u017e 70&deg;C) a n&iacute;zkou hlu\u010dnos\u0165ou (od 35 dB(A)). Toto split ALL IN ONE prevedenie (so z&aacute;sobn&iacute;kom na T&Uacute;V 260 l) je vhodn&eacute; ako pre renov&aacute;cie domov, tak aj pre nov&eacute; objekty. Ide o prvotriedny syst&eacute;m vykurovania, ktor&yacute; je mo\u017en&eacute; jednoducho a elegantne integrova\u0165 k r&ocirc;znym vonkaj&scaron;&iacute;m fas&aacute;dam. S oh\u013eadom na vyu\u017eitie mal&eacute;ho mno\u017estva chladiva R32 sa zmier\u0148uj&uacute; negat&iacute;vne dopady na glob&aacute;lne otep\u013eovanie. Tepeln&eacute; \u010derpadlo je mo\u017en&eacute; navy&scaron;e dia\u013ekovo ovl&aacute;da\u0165 aplik&aacute;ciou SmartThings.\" \/>\n<meta property=\"og:url\" content=\"https:\/\/klimavex.eu\/sk\/katalog\/tepelne-cerpadlo-samsung-ehs-mono-ht-quiet-aio-260l-8kw-1f\/\" \/>\n<meta property=\"og:site_name\" content=\"KLIMAVEX GROUP - Slovensko\" \/>\n<meta property=\"article:publisher\" content=\"https:\/\/www.facebook.com\/klimavex\" \/>\n<meta property=\"article:modified_time\" content=\"2026-04-02T14:05:19+00:00\" \/>\n<meta property=\"og:image\" content=\"https:\/\/klimavex.eu\/sk\/wp-content\/uploads\/2024\/02\/LOGO-KLIMAVEX-modra-kostka-1.png\" \/>\n\t<meta property=\"og:image:width\" content=\"9184\" \/>\n\t<meta property=\"og:image:height\" content=\"9184\" \/>\n\t<meta property=\"og:image:type\" content=\"image\/png\" \/>\n<meta name=\"twitter:card\" content=\"summary_large_image\" \/>\n<meta name=\"twitter:label1\" content=\"Predpokladan\u00fd \u010das \u010d\u00edtania\" \/>\n\t<meta name=\"twitter:data1\" content=\"1 min\u00fata\" \/>\n<script type=\"application\/ld+json\" class=\"yoast-schema-graph\">{\"@context\":\"https:\/\/schema.org\",\"@graph\":[{\"@type\":\"WebPage\",\"@id\":\"https:\/\/klimavex.eu\/sk\/katalog\/tepelne-cerpadlo-samsung-ehs-mono-ht-quiet-aio-260l-8kw-1f\/\",\"url\":\"https:\/\/klimavex.eu\/sk\/katalog\/tepelne-cerpadlo-samsung-ehs-mono-ht-quiet-aio-260l-8kw-1f\/\",\"name\":\"Tepeln\u00e9 \u010derpadlo Samsung EHS Mono HT Quiet AiO (260l) 8kW (1f) - KLIMAVEX GROUP - Slovensko\",\"isPartOf\":{\"@id\":\"https:\/\/klimavex.eu\/sk\/#website\"},\"primaryImageOfPage\":{\"@id\":\"https:\/\/klimavex.eu\/sk\/katalog\/tepelne-cerpadlo-samsung-ehs-mono-ht-quiet-aio-260l-8kw-1f\/#primaryimage\"},\"image\":{\"@id\":\"https:\/\/klimavex.eu\/sk\/katalog\/tepelne-cerpadlo-samsung-ehs-mono-ht-quiet-aio-260l-8kw-1f\/#primaryimage\"},\"thumbnailUrl\":\"https:\/\/klimavex.eu\/sk\/wp-content\/uploads\/2025\/09\/M6va16wMb6zk3z22B3fesveq2KeFHH0e7lMv0jQB5kc-6.jpeg\",\"datePublished\":\"2026-04-02T14:04:56+00:00\",\"dateModified\":\"2026-04-02T14:05:19+00:00\",\"breadcrumb\":{\"@id\":\"https:\/\/klimavex.eu\/sk\/katalog\/tepelne-cerpadlo-samsung-ehs-mono-ht-quiet-aio-260l-8kw-1f\/#breadcrumb\"},\"inLanguage\":\"sk-SK\",\"potentialAction\":[{\"@type\":\"ReadAction\",\"target\":[\"https:\/\/klimavex.eu\/sk\/katalog\/tepelne-cerpadlo-samsung-ehs-mono-ht-quiet-aio-260l-8kw-1f\/\"]}]},{\"@type\":\"ImageObject\",\"inLanguage\":\"sk-SK\",\"@id\":\"https:\/\/klimavex.eu\/sk\/katalog\/tepelne-cerpadlo-samsung-ehs-mono-ht-quiet-aio-260l-8kw-1f\/#primaryimage\",\"url\":\"https:\/\/klimavex.eu\/sk\/wp-content\/uploads\/2025\/09\/M6va16wMb6zk3z22B3fesveq2KeFHH0e7lMv0jQB5kc-6.jpeg\",\"contentUrl\":\"https:\/\/klimavex.eu\/sk\/wp-content\/uploads\/2025\/09\/M6va16wMb6zk3z22B3fesveq2KeFHH0e7lMv0jQB5kc-6.jpeg\",\"width\":500,\"height\":500},{\"@type\":\"BreadcrumbList\",\"@id\":\"https:\/\/klimavex.eu\/sk\/katalog\/tepelne-cerpadlo-samsung-ehs-mono-ht-quiet-aio-260l-8kw-1f\/#breadcrumb\",\"itemListElement\":[{\"@type\":\"ListItem\",\"position\":1,\"name\":\"Domovsk\u00e1 str\u00e1nka\",\"item\":\"https:\/\/klimavex.eu\/sk\/\"},{\"@type\":\"ListItem\",\"position\":2,\"name\":\"Eshop\",\"item\":\"https:\/\/klimavex.eu\/sk\/eshop\/\"},{\"@type\":\"ListItem\",\"position\":3,\"name\":\"Tepeln\u00e9 \u010derpadlo Samsung EHS Mono HT Quiet AiO (260l) 8kW (1f)\"}]},{\"@type\":\"WebSite\",\"@id\":\"https:\/\/klimavex.eu\/sk\/#website\",\"url\":\"https:\/\/klimavex.eu\/sk\/\",\"name\":\"KLIMAVEX GROUP - Slovensko\",\"description\":\"\",\"publisher\":{\"@id\":\"https:\/\/klimavex.eu\/sk\/#organization\"},\"alternateName\":\"KLIMAVEX a.s.\",\"potentialAction\":[{\"@type\":\"SearchAction\",\"target\":{\"@type\":\"EntryPoint\",\"urlTemplate\":\"https:\/\/klimavex.eu\/sk\/?s={search_term_string}\"},\"query-input\":{\"@type\":\"PropertyValueSpecification\",\"valueRequired\":true,\"valueName\":\"search_term_string\"}}],\"inLanguage\":\"sk-SK\"},{\"@type\":\"Organization\",\"@id\":\"https:\/\/klimavex.eu\/sk\/#organization\",\"name\":\"KLIMAVEX GROUP\",\"alternateName\":\"KLIMAVEX a.s.\",\"url\":\"https:\/\/klimavex.eu\/sk\/\",\"logo\":{\"@type\":\"ImageObject\",\"inLanguage\":\"sk-SK\",\"@id\":\"https:\/\/klimavex.eu\/sk\/#\/schema\/logo\/image\/\",\"url\":\"https:\/\/klimavex.eu\/sk\/wp-content\/uploads\/2024\/04\/Klimavex-Group-logo.png\",\"contentUrl\":\"https:\/\/klimavex.eu\/sk\/wp-content\/uploads\/2024\/04\/Klimavex-Group-logo.png\",\"width\":1681,\"height\":472,\"caption\":\"KLIMAVEX GROUP\"},\"image\":{\"@id\":\"https:\/\/klimavex.eu\/sk\/#\/schema\/logo\/image\/\"},\"sameAs\":[\"https:\/\/www.facebook.com\/klimavex\",\"https:\/\/www.instagram.com\/klimavex_sk\/\"]}]}<\/script>\n<!-- \/ Yoast SEO plugin. -->","yoast_head_json":{"title":"Tepeln\u00e9 \u010derpadlo Samsung EHS Mono HT Quiet AiO (260l) 8kW (1f) - KLIMAVEX GROUP - Slovensko","robots":{"index":"index","follow":"follow","max-snippet":"max-snippet:-1","max-image-preview":"max-image-preview:large","max-video-preview":"max-video-preview:-1"},"canonical":"https:\/\/klimavex.eu\/sk\/katalog\/tepelne-cerpadlo-samsung-ehs-mono-ht-quiet-aio-260l-8kw-1f\/","og_locale":"sk_SK","og_type":"article","og_title":"Tepeln\u00e9 \u010derpadlo Samsung EHS Mono HT Quiet AiO (260l) 8kW (1f) - KLIMAVEX GROUP - Slovensko","og_description":"Samsung EHS ClimateHub Mono HT Quiet je tepeln&eacute; \u010derpadlo vzduch-voda s vysokou teplotou vykurovacej vody (a\u017e 70&deg;C) a n&iacute;zkou hlu\u010dnos\u0165ou (od 35 dB(A)). Toto split ALL IN ONE prevedenie (so z&aacute;sobn&iacute;kom na T&Uacute;V 260 l) je vhodn&eacute; ako pre renov&aacute;cie domov, tak aj pre nov&eacute; objekty. Ide o prvotriedny syst&eacute;m vykurovania, ktor&yacute; je mo\u017en&eacute; jednoducho a elegantne integrova\u0165 k r&ocirc;znym vonkaj&scaron;&iacute;m fas&aacute;dam. S oh\u013eadom na vyu\u017eitie mal&eacute;ho mno\u017estva chladiva R32 sa zmier\u0148uj&uacute; negat&iacute;vne dopady na glob&aacute;lne otep\u013eovanie. Tepeln&eacute; \u010derpadlo je mo\u017en&eacute; navy&scaron;e dia\u013ekovo ovl&aacute;da\u0165 aplik&aacute;ciou SmartThings.","og_url":"https:\/\/klimavex.eu\/sk\/katalog\/tepelne-cerpadlo-samsung-ehs-mono-ht-quiet-aio-260l-8kw-1f\/","og_site_name":"KLIMAVEX GROUP - Slovensko","article_publisher":"https:\/\/www.facebook.com\/klimavex","article_modified_time":"2026-04-02T14:05:19+00:00","og_image":[{"width":9184,"height":9184,"url":"https:\/\/klimavex.eu\/sk\/wp-content\/uploads\/2024\/02\/LOGO-KLIMAVEX-modra-kostka-1.png","type":"image\/png"}],"twitter_card":"summary_large_image","twitter_misc":{"Predpokladan\u00fd \u010das \u010d\u00edtania":"1 min\u00fata"},"schema":{"@context":"https:\/\/schema.org","@graph":[{"@type":"WebPage","@id":"https:\/\/klimavex.eu\/sk\/katalog\/tepelne-cerpadlo-samsung-ehs-mono-ht-quiet-aio-260l-8kw-1f\/","url":"https:\/\/klimavex.eu\/sk\/katalog\/tepelne-cerpadlo-samsung-ehs-mono-ht-quiet-aio-260l-8kw-1f\/","name":"Tepeln\u00e9 \u010derpadlo Samsung EHS Mono HT Quiet AiO (260l) 8kW (1f) - KLIMAVEX GROUP - Slovensko","isPartOf":{"@id":"https:\/\/klimavex.eu\/sk\/#website"},"primaryImageOfPage":{"@id":"https:\/\/klimavex.eu\/sk\/katalog\/tepelne-cerpadlo-samsung-ehs-mono-ht-quiet-aio-260l-8kw-1f\/#primaryimage"},"image":{"@id":"https:\/\/klimavex.eu\/sk\/katalog\/tepelne-cerpadlo-samsung-ehs-mono-ht-quiet-aio-260l-8kw-1f\/#primaryimage"},"thumbnailUrl":"https:\/\/klimavex.eu\/sk\/wp-content\/uploads\/2025\/09\/M6va16wMb6zk3z22B3fesveq2KeFHH0e7lMv0jQB5kc-6.jpeg","datePublished":"2026-04-02T14:04:56+00:00","dateModified":"2026-04-02T14:05:19+00:00","breadcrumb":{"@id":"https:\/\/klimavex.eu\/sk\/katalog\/tepelne-cerpadlo-samsung-ehs-mono-ht-quiet-aio-260l-8kw-1f\/#breadcrumb"},"inLanguage":"sk-SK","potentialAction":[{"@type":"ReadAction","target":["https:\/\/klimavex.eu\/sk\/katalog\/tepelne-cerpadlo-samsung-ehs-mono-ht-quiet-aio-260l-8kw-1f\/"]}]},{"@type":"ImageObject","inLanguage":"sk-SK","@id":"https:\/\/klimavex.eu\/sk\/katalog\/tepelne-cerpadlo-samsung-ehs-mono-ht-quiet-aio-260l-8kw-1f\/#primaryimage","url":"https:\/\/klimavex.eu\/sk\/wp-content\/uploads\/2025\/09\/M6va16wMb6zk3z22B3fesveq2KeFHH0e7lMv0jQB5kc-6.jpeg","contentUrl":"https:\/\/klimavex.eu\/sk\/wp-content\/uploads\/2025\/09\/M6va16wMb6zk3z22B3fesveq2KeFHH0e7lMv0jQB5kc-6.jpeg","width":500,"height":500},{"@type":"BreadcrumbList","@id":"https:\/\/klimavex.eu\/sk\/katalog\/tepelne-cerpadlo-samsung-ehs-mono-ht-quiet-aio-260l-8kw-1f\/#breadcrumb","itemListElement":[{"@type":"ListItem","position":1,"name":"Domovsk\u00e1 str\u00e1nka","item":"https:\/\/klimavex.eu\/sk\/"},{"@type":"ListItem","position":2,"name":"Eshop","item":"https:\/\/klimavex.eu\/sk\/eshop\/"},{"@type":"ListItem","position":3,"name":"Tepeln\u00e9 \u010derpadlo Samsung EHS Mono HT Quiet AiO (260l) 8kW (1f)"}]},{"@type":"WebSite","@id":"https:\/\/klimavex.eu\/sk\/#website","url":"https:\/\/klimavex.eu\/sk\/","name":"KLIMAVEX GROUP - Slovensko","description":"","publisher":{"@id":"https:\/\/klimavex.eu\/sk\/#organization"},"alternateName":"KLIMAVEX a.s.","potentialAction":[{"@type":"SearchAction","target":{"@type":"EntryPoint","urlTemplate":"https:\/\/klimavex.eu\/sk\/?s={search_term_string}"},"query-input":{"@type":"PropertyValueSpecification","valueRequired":true,"valueName":"search_term_string"}}],"inLanguage":"sk-SK"},{"@type":"Organization","@id":"https:\/\/klimavex.eu\/sk\/#organization","name":"KLIMAVEX GROUP","alternateName":"KLIMAVEX a.s.","url":"https:\/\/klimavex.eu\/sk\/","logo":{"@type":"ImageObject","inLanguage":"sk-SK","@id":"https:\/\/klimavex.eu\/sk\/#\/schema\/logo\/image\/","url":"https:\/\/klimavex.eu\/sk\/wp-content\/uploads\/2024\/04\/Klimavex-Group-logo.png","contentUrl":"https:\/\/klimavex.eu\/sk\/wp-content\/uploads\/2024\/04\/Klimavex-Group-logo.png","width":1681,"height":472,"caption":"KLIMAVEX GROUP"},"image":{"@id":"https:\/\/klimavex.eu\/sk\/#\/schema\/logo\/image\/"},"sameAs":["https:\/\/www.facebook.com\/klimavex","https:\/\/www.instagram.com\/klimavex_sk\/"]}]}},"_links":{"self":[{"href":"https:\/\/klimavex.eu\/sk\/wp-json\/wp\/v2\/product\/473850","targetHints":{"allow":["GET"]}}],"collection":[{"href":"https:\/\/klimavex.eu\/sk\/wp-json\/wp\/v2\/product"}],"about":[{"href":"https:\/\/klimavex.eu\/sk\/wp-json\/wp\/v2\/types\/product"}],"version-history":[{"count":0,"href":"https:\/\/klimavex.eu\/sk\/wp-json\/wp\/v2\/product\/473850\/revisions"}],"wp:featuredmedia":[{"embeddable":true,"href":"https:\/\/klimavex.eu\/sk\/wp-json\/wp\/v2\/media\/475416"}],"wp:attachment":[{"href":"https:\/\/klimavex.eu\/sk\/wp-json\/wp\/v2\/media?parent=473850"}],"wp:term":[{"taxonomy":"product_cat","embeddable":true,"href":"https:\/\/klimavex.eu\/sk\/wp-json\/wp\/v2\/product_cat?post=473850"},{"taxonomy":"product_tag","embeddable":true,"href":"https:\/\/klimavex.eu\/sk\/wp-json\/wp\/v2\/product_tag?post=473850"}],"curies":[{"name":"wp","href":"https:\/\/api.w.org\/{rel}","templated":true}]}}