{"id":473852,"date":"2026-04-02T15:21:43","date_gmt":"2026-04-02T13:21:43","guid":{"rendered":"https:\/\/klimavex.eu\/sk\/katalog\/tepelne-cerpadlo-panasonic-aquarea-sdc-h-gen-12kw-3f\/"},"modified":"2026-04-02T15:22:19","modified_gmt":"2026-04-02T13:22:19","slug":"tepelne-cerpadlo-panasonic-aquarea-sdc-h-gen-12kw-3f","status":"publish","type":"product","link":"https:\/\/klimavex.eu\/sk\/katalog\/tepelne-cerpadlo-panasonic-aquarea-sdc-h-gen-12kw-3f\/","title":{"rendered":"Tepeln\u00e9 \u010derpadlo Panasonic Aquarea SDC H-gen 12kW (3f)"},"content":{"rendered":"<p style=\"text-align:justify\"><span style=\"font-size:11pt\"><span style=\"font-family:Calibri,sans-serif\"><strong>K\u013e&uacute;\u010dov&eacute; vlastnosti<\/strong><\/span><\/span><\/p>\n<ul>\n<li style=\"text-align: justify;\"><span style=\"font-size:11pt\"><span style=\"font-family:Calibri,sans-serif\">Trieda energetickej &uacute;\u010dinnosti A+++ (priemern&eacute; klimatick&eacute; p&aacute;smo pri teplote vody na v&yacute;stupe 35&deg;C)<\/span><\/span><\/li>\n<li style=\"text-align: justify;\"><span style=\"font-size:11pt\"><span style=\"font-family:Calibri,sans-serif\">&Scaron;peci&aacute;lny softv&eacute;r pre n&iacute;zkoenergetick&eacute; domy s minim&aacute;lnou v&yacute;stupnou teplotou: 20&deg;C<\/span><\/span><\/li>\n<li style=\"text-align: justify;\"><span style=\"font-size:11pt\"><span style=\"font-family:Calibri,sans-serif\">Pracuje pri teplot&aacute;ch a\u017e &minus;20&deg;C<\/span><\/span><\/li>\n<li style=\"text-align: justify;\"><span style=\"font-size:11pt\"><span style=\"font-family:Calibri,sans-serif\">Cloudov&eacute; ovl&aacute;danie a servis v\u010faka volite\u013en&eacute;mu Wi-Fi adapt&eacute;ru CZ-TAW1B<\/span><\/span><\/li>\n<li style=\"text-align: justify;\"><span style=\"font-size:11pt\"><span style=\"font-family:Calibri,sans-serif\">\u013dahko pou\u017eite\u013en&yacute; dia\u013ekov&yacute; ovl&aacute;da\u010d<\/span><\/span><\/li>\n<li style=\"text-align: justify;\"><span style=\"font-size:11pt\"><span style=\"font-family:Calibri,sans-serif\">Tepl&aacute; &uacute;\u017eitkov&aacute; voda s extern&yacute;m z&aacute;sobn&iacute;kom<\/span><\/span><\/li>\n<li style=\"text-align: justify;\"><span style=\"font-size:11pt\"><span style=\"font-family:Calibri,sans-serif\">Jednoduch&aacute; in&scaron;tal&aacute;cia a &uacute;dr\u017eba<\/span><\/span><\/li>\n<li style=\"text-align: justify;\"><span style=\"font-size:11.0pt\"><span style=\"font-family:&quot;Calibri&quot;,sans-serif\">Vstavan&yacute; prietokomer a automatick&yacute; odvzdu&scaron;\u0148ovac&iacute; ventil<u> <\/u><\/span><\/span><\/li>\n<\/ul>\n","protected":false},"excerpt":{"rendered":"<p style=\"text-align:justify\"><span style=\"font-size:11pt\"><span style=\"font-family:Calibri,sans-serif\">Tepeln&eacute; \u010derpadlo <strong>Panasonic Aquarea H-gener&aacute;cie <\/strong>je inovat&iacute;vny n&iacute;zkoenergetick&yacute; syst&eacute;m zalo\u017een&yacute; na technol&oacute;gii <strong>vzduch-voda<\/strong>. Tieto jednotky v preveden&iacute; <strong>split <\/strong>pon&uacute;kaj&uacute; efekt&iacute;vne a &uacute;\u010dinn&eacute; vykurovanie dom&aacute;cnost&iacute; aj <strong>pri extr&eacute;mnych vonkaj&scaron;&iacute;ch teplot&aacute;ch<\/strong>. Okrem toho m&ocirc;\u017eu jednotky taktie\u017e v lete chladi\u0165 priestory a celoro\u010dne vyr&aacute;ba\u0165 tepl&uacute; vodu. U\u017e&iacute;va sa <strong>chladivo R410A<\/strong>.<\/span><\/span><\/p>\n","protected":false},"featured_media":475428,"template":"","meta":[],"product_cat":[6079,6080,6056],"product_tag":[],"class_list":{"0":"post-473852","1":"product","2":"type-product","3":"status-publish","4":"has-post-thumbnail","6":"product_cat-tepelne-cerpadla-archivovane-produkty","7":"product_cat-archivovane-produkty-tepelne-cerpadla","8":"product_cat-archivovane-produkty","9":"pa_extra-funkcia-sdc-h-gen","10":"pa_max-vystupna-voda-3221","11":"pa_napajanie-3f-400v","12":"pa_prevedenie-nastenny-split","13":"pa_qch-pri-von-tep-35c-voda-7-3226","14":"pa_qvyk-pri-2c-vonk-35c-voda-3224","15":"pa_qvyk-pri-7c-vonk-35c-voda-3222","16":"pa_typ-chladiva-r410a","17":"pa_ucinnost-cop-a-7-w35-3223","18":"pa_vyk-do-von-tepl-c-20-c","19":"pa_vykon-spiraly-kw-3150","20":"pa_vykonovy-model-kw-12kw","21":"pa_wifi-ovladanie-volitelne","22":"pa_znacka-panasonic","24":"first","25":"outofstock","26":"taxable","27":"shipping-taxable","28":"purchasable","29":"product-type-simple"},"yoast_head":"<!-- This site is optimized with the Yoast SEO plugin v23.9 - https:\/\/yoast.com\/wordpress\/plugins\/seo\/ -->\n<title>Tepeln\u00e9 \u010derpadlo Panasonic Aquarea SDC H-gen 12kW (3f) - KLIMAVEX GROUP - Slovensko<\/title>\n<meta name=\"robots\" content=\"index, follow, max-snippet:-1, max-image-preview:large, max-video-preview:-1\" \/>\n<link rel=\"canonical\" href=\"https:\/\/klimavex.eu\/sk\/katalog\/tepelne-cerpadlo-panasonic-aquarea-sdc-h-gen-12kw-3f\/\" \/>\n<meta property=\"og:locale\" content=\"sk_SK\" \/>\n<meta property=\"og:type\" content=\"article\" \/>\n<meta property=\"og:title\" content=\"Tepeln\u00e9 \u010derpadlo Panasonic Aquarea SDC H-gen 12kW (3f) - KLIMAVEX GROUP - Slovensko\" \/>\n<meta property=\"og:description\" content=\"Tepeln&eacute; \u010derpadlo Panasonic Aquarea H-gener&aacute;cie je inovat&iacute;vny n&iacute;zkoenergetick&yacute; syst&eacute;m zalo\u017een&yacute; na technol&oacute;gii vzduch-voda. Tieto jednotky v preveden&iacute; split pon&uacute;kaj&uacute; efekt&iacute;vne a &uacute;\u010dinn&eacute; vykurovanie dom&aacute;cnost&iacute; aj pri extr&eacute;mnych vonkaj&scaron;&iacute;ch teplot&aacute;ch. Okrem toho m&ocirc;\u017eu jednotky taktie\u017e v lete chladi\u0165 priestory a celoro\u010dne vyr&aacute;ba\u0165 tepl&uacute; vodu. U\u017e&iacute;va sa chladivo R410A.\" \/>\n<meta property=\"og:url\" content=\"https:\/\/klimavex.eu\/sk\/katalog\/tepelne-cerpadlo-panasonic-aquarea-sdc-h-gen-12kw-3f\/\" \/>\n<meta property=\"og:site_name\" content=\"KLIMAVEX GROUP - Slovensko\" \/>\n<meta property=\"article:publisher\" content=\"https:\/\/www.facebook.com\/klimavex\" \/>\n<meta property=\"article:modified_time\" content=\"2026-04-02T13:22:19+00:00\" \/>\n<meta property=\"og:image\" content=\"https:\/\/klimavex.eu\/sk\/wp-content\/uploads\/2024\/02\/LOGO-KLIMAVEX-modra-kostka-1.png\" \/>\n\t<meta property=\"og:image:width\" content=\"9184\" \/>\n\t<meta property=\"og:image:height\" content=\"9184\" \/>\n\t<meta property=\"og:image:type\" content=\"image\/png\" \/>\n<meta name=\"twitter:card\" content=\"summary_large_image\" \/>\n<meta name=\"twitter:label1\" content=\"Predpokladan\u00fd \u010das \u010d\u00edtania\" \/>\n\t<meta name=\"twitter:data1\" content=\"1 min\u00fata\" \/>\n<script type=\"application\/ld+json\" class=\"yoast-schema-graph\">{\"@context\":\"https:\/\/schema.org\",\"@graph\":[{\"@type\":\"WebPage\",\"@id\":\"https:\/\/klimavex.eu\/sk\/katalog\/tepelne-cerpadlo-panasonic-aquarea-sdc-h-gen-12kw-3f\/\",\"url\":\"https:\/\/klimavex.eu\/sk\/katalog\/tepelne-cerpadlo-panasonic-aquarea-sdc-h-gen-12kw-3f\/\",\"name\":\"Tepeln\u00e9 \u010derpadlo Panasonic Aquarea SDC H-gen 12kW (3f) - KLIMAVEX GROUP - Slovensko\",\"isPartOf\":{\"@id\":\"https:\/\/klimavex.eu\/sk\/#website\"},\"primaryImageOfPage\":{\"@id\":\"https:\/\/klimavex.eu\/sk\/katalog\/tepelne-cerpadlo-panasonic-aquarea-sdc-h-gen-12kw-3f\/#primaryimage\"},\"image\":{\"@id\":\"https:\/\/klimavex.eu\/sk\/katalog\/tepelne-cerpadlo-panasonic-aquarea-sdc-h-gen-12kw-3f\/#primaryimage\"},\"thumbnailUrl\":\"https:\/\/klimavex.eu\/sk\/wp-content\/uploads\/2025\/09\/E6k7u9GZdMbJdGUKEt1RN2joNNLH4JyJtmr_jEg1A6A-7.jpeg\",\"datePublished\":\"2026-04-02T13:21:43+00:00\",\"dateModified\":\"2026-04-02T13:22:19+00:00\",\"breadcrumb\":{\"@id\":\"https:\/\/klimavex.eu\/sk\/katalog\/tepelne-cerpadlo-panasonic-aquarea-sdc-h-gen-12kw-3f\/#breadcrumb\"},\"inLanguage\":\"sk-SK\",\"potentialAction\":[{\"@type\":\"ReadAction\",\"target\":[\"https:\/\/klimavex.eu\/sk\/katalog\/tepelne-cerpadlo-panasonic-aquarea-sdc-h-gen-12kw-3f\/\"]}]},{\"@type\":\"ImageObject\",\"inLanguage\":\"sk-SK\",\"@id\":\"https:\/\/klimavex.eu\/sk\/katalog\/tepelne-cerpadlo-panasonic-aquarea-sdc-h-gen-12kw-3f\/#primaryimage\",\"url\":\"https:\/\/klimavex.eu\/sk\/wp-content\/uploads\/2025\/09\/E6k7u9GZdMbJdGUKEt1RN2joNNLH4JyJtmr_jEg1A6A-7.jpeg\",\"contentUrl\":\"https:\/\/klimavex.eu\/sk\/wp-content\/uploads\/2025\/09\/E6k7u9GZdMbJdGUKEt1RN2joNNLH4JyJtmr_jEg1A6A-7.jpeg\",\"width\":512,\"height\":724},{\"@type\":\"BreadcrumbList\",\"@id\":\"https:\/\/klimavex.eu\/sk\/katalog\/tepelne-cerpadlo-panasonic-aquarea-sdc-h-gen-12kw-3f\/#breadcrumb\",\"itemListElement\":[{\"@type\":\"ListItem\",\"position\":1,\"name\":\"Domovsk\u00e1 str\u00e1nka\",\"item\":\"https:\/\/klimavex.eu\/sk\/\"},{\"@type\":\"ListItem\",\"position\":2,\"name\":\"Eshop\",\"item\":\"https:\/\/klimavex.eu\/sk\/eshop\/\"},{\"@type\":\"ListItem\",\"position\":3,\"name\":\"*Tepeln\u00e9 \u010derpadlo Panasonic Aquarea SDC H-gen 12kW (3f)\"}]},{\"@type\":\"WebSite\",\"@id\":\"https:\/\/klimavex.eu\/sk\/#website\",\"url\":\"https:\/\/klimavex.eu\/sk\/\",\"name\":\"KLIMAVEX GROUP - Slovensko\",\"description\":\"\",\"publisher\":{\"@id\":\"https:\/\/klimavex.eu\/sk\/#organization\"},\"alternateName\":\"KLIMAVEX a.s.\",\"potentialAction\":[{\"@type\":\"SearchAction\",\"target\":{\"@type\":\"EntryPoint\",\"urlTemplate\":\"https:\/\/klimavex.eu\/sk\/?s={search_term_string}\"},\"query-input\":{\"@type\":\"PropertyValueSpecification\",\"valueRequired\":true,\"valueName\":\"search_term_string\"}}],\"inLanguage\":\"sk-SK\"},{\"@type\":\"Organization\",\"@id\":\"https:\/\/klimavex.eu\/sk\/#organization\",\"name\":\"KLIMAVEX GROUP\",\"alternateName\":\"KLIMAVEX a.s.\",\"url\":\"https:\/\/klimavex.eu\/sk\/\",\"logo\":{\"@type\":\"ImageObject\",\"inLanguage\":\"sk-SK\",\"@id\":\"https:\/\/klimavex.eu\/sk\/#\/schema\/logo\/image\/\",\"url\":\"https:\/\/klimavex.eu\/sk\/wp-content\/uploads\/2024\/04\/Klimavex-Group-logo.png\",\"contentUrl\":\"https:\/\/klimavex.eu\/sk\/wp-content\/uploads\/2024\/04\/Klimavex-Group-logo.png\",\"width\":1681,\"height\":472,\"caption\":\"KLIMAVEX GROUP\"},\"image\":{\"@id\":\"https:\/\/klimavex.eu\/sk\/#\/schema\/logo\/image\/\"},\"sameAs\":[\"https:\/\/www.facebook.com\/klimavex\",\"https:\/\/www.instagram.com\/klimavex_sk\/\"]}]}<\/script>\n<!-- \/ Yoast SEO plugin. -->","yoast_head_json":{"title":"Tepeln\u00e9 \u010derpadlo Panasonic Aquarea SDC H-gen 12kW (3f) - KLIMAVEX GROUP - Slovensko","robots":{"index":"index","follow":"follow","max-snippet":"max-snippet:-1","max-image-preview":"max-image-preview:large","max-video-preview":"max-video-preview:-1"},"canonical":"https:\/\/klimavex.eu\/sk\/katalog\/tepelne-cerpadlo-panasonic-aquarea-sdc-h-gen-12kw-3f\/","og_locale":"sk_SK","og_type":"article","og_title":"Tepeln\u00e9 \u010derpadlo Panasonic Aquarea SDC H-gen 12kW (3f) - KLIMAVEX GROUP - Slovensko","og_description":"Tepeln&eacute; \u010derpadlo Panasonic Aquarea H-gener&aacute;cie je inovat&iacute;vny n&iacute;zkoenergetick&yacute; syst&eacute;m zalo\u017een&yacute; na technol&oacute;gii vzduch-voda. Tieto jednotky v preveden&iacute; split pon&uacute;kaj&uacute; efekt&iacute;vne a &uacute;\u010dinn&eacute; vykurovanie dom&aacute;cnost&iacute; aj pri extr&eacute;mnych vonkaj&scaron;&iacute;ch teplot&aacute;ch. Okrem toho m&ocirc;\u017eu jednotky taktie\u017e v lete chladi\u0165 priestory a celoro\u010dne vyr&aacute;ba\u0165 tepl&uacute; vodu. U\u017e&iacute;va sa chladivo R410A.","og_url":"https:\/\/klimavex.eu\/sk\/katalog\/tepelne-cerpadlo-panasonic-aquarea-sdc-h-gen-12kw-3f\/","og_site_name":"KLIMAVEX GROUP - Slovensko","article_publisher":"https:\/\/www.facebook.com\/klimavex","article_modified_time":"2026-04-02T13:22:19+00:00","og_image":[{"width":9184,"height":9184,"url":"https:\/\/klimavex.eu\/sk\/wp-content\/uploads\/2024\/02\/LOGO-KLIMAVEX-modra-kostka-1.png","type":"image\/png"}],"twitter_card":"summary_large_image","twitter_misc":{"Predpokladan\u00fd \u010das \u010d\u00edtania":"1 min\u00fata"},"schema":{"@context":"https:\/\/schema.org","@graph":[{"@type":"WebPage","@id":"https:\/\/klimavex.eu\/sk\/katalog\/tepelne-cerpadlo-panasonic-aquarea-sdc-h-gen-12kw-3f\/","url":"https:\/\/klimavex.eu\/sk\/katalog\/tepelne-cerpadlo-panasonic-aquarea-sdc-h-gen-12kw-3f\/","name":"Tepeln\u00e9 \u010derpadlo Panasonic Aquarea SDC H-gen 12kW (3f) - KLIMAVEX GROUP - Slovensko","isPartOf":{"@id":"https:\/\/klimavex.eu\/sk\/#website"},"primaryImageOfPage":{"@id":"https:\/\/klimavex.eu\/sk\/katalog\/tepelne-cerpadlo-panasonic-aquarea-sdc-h-gen-12kw-3f\/#primaryimage"},"image":{"@id":"https:\/\/klimavex.eu\/sk\/katalog\/tepelne-cerpadlo-panasonic-aquarea-sdc-h-gen-12kw-3f\/#primaryimage"},"thumbnailUrl":"https:\/\/klimavex.eu\/sk\/wp-content\/uploads\/2025\/09\/E6k7u9GZdMbJdGUKEt1RN2joNNLH4JyJtmr_jEg1A6A-7.jpeg","datePublished":"2026-04-02T13:21:43+00:00","dateModified":"2026-04-02T13:22:19+00:00","breadcrumb":{"@id":"https:\/\/klimavex.eu\/sk\/katalog\/tepelne-cerpadlo-panasonic-aquarea-sdc-h-gen-12kw-3f\/#breadcrumb"},"inLanguage":"sk-SK","potentialAction":[{"@type":"ReadAction","target":["https:\/\/klimavex.eu\/sk\/katalog\/tepelne-cerpadlo-panasonic-aquarea-sdc-h-gen-12kw-3f\/"]}]},{"@type":"ImageObject","inLanguage":"sk-SK","@id":"https:\/\/klimavex.eu\/sk\/katalog\/tepelne-cerpadlo-panasonic-aquarea-sdc-h-gen-12kw-3f\/#primaryimage","url":"https:\/\/klimavex.eu\/sk\/wp-content\/uploads\/2025\/09\/E6k7u9GZdMbJdGUKEt1RN2joNNLH4JyJtmr_jEg1A6A-7.jpeg","contentUrl":"https:\/\/klimavex.eu\/sk\/wp-content\/uploads\/2025\/09\/E6k7u9GZdMbJdGUKEt1RN2joNNLH4JyJtmr_jEg1A6A-7.jpeg","width":512,"height":724},{"@type":"BreadcrumbList","@id":"https:\/\/klimavex.eu\/sk\/katalog\/tepelne-cerpadlo-panasonic-aquarea-sdc-h-gen-12kw-3f\/#breadcrumb","itemListElement":[{"@type":"ListItem","position":1,"name":"Domovsk\u00e1 str\u00e1nka","item":"https:\/\/klimavex.eu\/sk\/"},{"@type":"ListItem","position":2,"name":"Eshop","item":"https:\/\/klimavex.eu\/sk\/eshop\/"},{"@type":"ListItem","position":3,"name":"*Tepeln\u00e9 \u010derpadlo Panasonic Aquarea SDC H-gen 12kW (3f)"}]},{"@type":"WebSite","@id":"https:\/\/klimavex.eu\/sk\/#website","url":"https:\/\/klimavex.eu\/sk\/","name":"KLIMAVEX GROUP - Slovensko","description":"","publisher":{"@id":"https:\/\/klimavex.eu\/sk\/#organization"},"alternateName":"KLIMAVEX a.s.","potentialAction":[{"@type":"SearchAction","target":{"@type":"EntryPoint","urlTemplate":"https:\/\/klimavex.eu\/sk\/?s={search_term_string}"},"query-input":{"@type":"PropertyValueSpecification","valueRequired":true,"valueName":"search_term_string"}}],"inLanguage":"sk-SK"},{"@type":"Organization","@id":"https:\/\/klimavex.eu\/sk\/#organization","name":"KLIMAVEX GROUP","alternateName":"KLIMAVEX a.s.","url":"https:\/\/klimavex.eu\/sk\/","logo":{"@type":"ImageObject","inLanguage":"sk-SK","@id":"https:\/\/klimavex.eu\/sk\/#\/schema\/logo\/image\/","url":"https:\/\/klimavex.eu\/sk\/wp-content\/uploads\/2024\/04\/Klimavex-Group-logo.png","contentUrl":"https:\/\/klimavex.eu\/sk\/wp-content\/uploads\/2024\/04\/Klimavex-Group-logo.png","width":1681,"height":472,"caption":"KLIMAVEX GROUP"},"image":{"@id":"https:\/\/klimavex.eu\/sk\/#\/schema\/logo\/image\/"},"sameAs":["https:\/\/www.facebook.com\/klimavex","https:\/\/www.instagram.com\/klimavex_sk\/"]}]}},"_links":{"self":[{"href":"https:\/\/klimavex.eu\/sk\/wp-json\/wp\/v2\/product\/473852","targetHints":{"allow":["GET"]}}],"collection":[{"href":"https:\/\/klimavex.eu\/sk\/wp-json\/wp\/v2\/product"}],"about":[{"href":"https:\/\/klimavex.eu\/sk\/wp-json\/wp\/v2\/types\/product"}],"version-history":[{"count":0,"href":"https:\/\/klimavex.eu\/sk\/wp-json\/wp\/v2\/product\/473852\/revisions"}],"wp:featuredmedia":[{"embeddable":true,"href":"https:\/\/klimavex.eu\/sk\/wp-json\/wp\/v2\/media\/475428"}],"wp:attachment":[{"href":"https:\/\/klimavex.eu\/sk\/wp-json\/wp\/v2\/media?parent=473852"}],"wp:term":[{"taxonomy":"product_cat","embeddable":true,"href":"https:\/\/klimavex.eu\/sk\/wp-json\/wp\/v2\/product_cat?post=473852"},{"taxonomy":"product_tag","embeddable":true,"href":"https:\/\/klimavex.eu\/sk\/wp-json\/wp\/v2\/product_tag?post=473852"}],"curies":[{"name":"wp","href":"https:\/\/api.w.org\/{rel}","templated":true}]}}