{"id":475719,"date":"2026-03-31T18:11:02","date_gmt":"2026-03-31T16:11:02","guid":{"rendered":"https:\/\/klimavex.eu\/sk\/katalog\/samsung-nastenna-klimatizacia-cebu-ar18-2\/"},"modified":"2026-03-31T18:11:42","modified_gmt":"2026-03-31T16:11:42","slug":"samsung-nastenna-klimatizacia-cebu-ar18-2","status":"publish","type":"product","link":"https:\/\/klimavex.eu\/sk\/katalog\/samsung-nastenna-klimatizacia-cebu-ar18-2\/","title":{"rendered":"Samsung n\u00e1stenn\u00e1 klimatiz\u00e1cia CEBU AR18"},"content":{"rendered":"<p style=\"text-align:justify\"><span style=\"font-size:11pt\"><span style=\"font-family:Calibri,sans-serif\"><strong>K\u013e&uacute;\u010dov&eacute; vlastnosti<\/strong><\/span><\/span><\/p>\n<ul>\n<li><span style=\"font-size:11pt\"><span style=\"font-family:Calibri,sans-serif\">Energetick&aacute; trieda A++ v re\u017eime chladenia, a\u017e A+ v re\u017eime vykurovania<\/span><\/span><\/li>\n<li><span style=\"font-size:11pt\"><span style=\"font-family:Calibri,sans-serif\">Tich&aacute; prev&aacute;dzka &ndash; od 19 dB(A)<\/span><\/span><\/li>\n<li><span style=\"font-size:11pt\"><span style=\"font-family:Calibri,sans-serif\">AI Auto Comfort &ndash; automatick&aacute; optimaliz&aacute;cia re\u017eimu na z&aacute;klade anal&yacute;zy okolit&eacute;ho prostredia<\/span><\/span><\/li>\n<li><span style=\"font-size:11pt\"><span style=\"font-family:Calibri,sans-serif\">R&yacute;chle chladenie &ndash; chlad&iacute; r&yacute;chlej&scaron;ie a do v&scaron;etk&yacute;ch smerov aj v&auml;\u010d&scaron;&iacute;ch priestorov<\/span><\/span><\/li>\n<li><span style=\"font-size:11pt\"><span style=\"font-family:Calibri,sans-serif\">SmartThings &ndash; Wi-Fi vzdialen&aacute; kontrola kedyko\u013evek a odkia\u013eko\u013evek<\/span><\/span><\/li>\n<li><span style=\"font-size:11pt\"><span style=\"font-family:Calibri,sans-serif\">Auto Clean &ndash; klimatiz&aacute;cia sa sama automaticky vy\u010dist&iacute;<\/span><\/span><\/li>\n<li><span style=\"font-size:11pt\"><span style=\"font-family:Calibri,sans-serif\">Easy Filter Plus &ndash; antibakteri&aacute;lny filter, ktor&yacute; sa \u013eahko \u010dist&iacute;<\/span><\/span><\/li>\n<li><span style=\"font-size:11pt\"><span style=\"font-family:Calibri,sans-serif\">DuraFin&trade; Plus &ndash; predch&aacute;dza kor&oacute;zii, pre klimatiz&aacute;ciu s dlhou \u017eivotnos\u0165ou<\/span><\/span><\/li>\n<li><span style=\"font-size:11pt\"><span style=\"font-family:Calibri,sans-serif\">Chladivo R32 &ndash; chladivo &scaron;etrn&eacute; k \u017eivotn&eacute;mu prostrediu<\/span><\/span><\/li>\n<li><span style=\"font-size:11pt\"><span style=\"font-family:Calibri,sans-serif\">ECO Mode &ndash; efekt&iacute;vne chladenie, zn&iacute;\u017een&aacute; spotreba energie, ni\u017e&scaron;ie n&aacute;klady<\/span><\/span><\/li>\n<li><span style=\"font-size:11pt\"><span style=\"font-family:Calibri,sans-serif\">Good Sleep &ndash; re\u017eim kontroluj&uacute;ci teplotu miestnosti na zaistenie dobr&eacute;ho sp&aacute;nku<\/span><\/span><\/li>\n<li><span style=\"font-size:11pt\"><span style=\"font-family:Calibri,sans-serif\">Dia\u013ekov&yacute; ovl&aacute;da\u010d v balen&iacute;<\/span><\/span><\/li>\n<\/ul>\n","protected":false},"excerpt":{"rendered":"<p style=\"text-align:justify\"><span style=\"font-size:11pt\"><span style=\"font-family:Calibri,sans-serif\"><strong>Samsung Cebu <\/strong>je n&aacute;stenn&aacute; split klimatiz&aacute;cia vhodn&aacute; predov&scaron;etk&yacute;m <strong>pre potreby dom&aacute;cnost&iacute; <\/strong>\u010di aj kancel&aacute;ri&iacute;. Dok&aacute;\u017ee nielen chladi\u0165, ale aj k&uacute;ri\u0165. Pokro\u010dil&eacute; technol&oacute;gie, ako s&uacute; <strong>AI Auto Comfort<\/strong>, <strong>R&yacute;chle chladenie <\/strong>\u010di <strong>Easy Filter Plus<\/strong>, rob&iacute; z klimatiz&aacute;cie Cebu skvel&uacute; vo\u013ebu dom&aacute;cnost&iacute; do tepl&yacute;ch, ale aj chladn&yacute;ch dn&iacute;. Jednotky s modern&yacute;m bielym dizajnom pon&uacute;kaj&uacute; energetick&uacute; &uacute;\u010dinnos\u0165 A++ v re\u017eime chladenia a a\u017e A+ v re\u017eime vykurovania. U\u017e&iacute;va sa ekologick&eacute; <strong>chladivo R32<\/strong>.<\/span><\/span><\/p>\n","protected":false},"featured_media":479545,"template":"","meta":[],"product_cat":[6069,6070,6056],"product_tag":[],"class_list":{"0":"post-475719","1":"product","2":"type-product","3":"status-publish","4":"has-post-thumbnail","6":"product_cat-klimatizacie-archivovane-produkty","7":"product_cat-archivovane-produkty-klimatizacie","8":"product_cat-archivovane-produkty","9":"pa_chlad-do-von-tep-c-do-10c","10":"pa_chladiaci-vykon-3468","11":"pa_energeticka-trieda-scop-a","12":"pa_energeticka-trieda-seer-aplusplus","13":"pa_farba-vnutornej-jednotky-biela","14":"pa_filtracia-vzduchu-easy-filter-plus","15":"pa_hlucnost-vnutornej-jednotky-3372","16":"pa_napajanie-1f-230v","17":"pa_prevedenie-nastenny-split","18":"pa_prikon-chladenie-3471","19":"pa_prikon-vykurovanie-3470","20":"pa_typ-chladiva-r32","21":"pa_vyk-do-von-tepl-c-do-15-c","22":"pa_vykonovy-model-3349","23":"pa_vykurovaci-vykon-3469","24":"pa_wifi-ovladanie-zabudovane","25":"pa_znacka-samsung","27":"first","28":"outofstock","29":"taxable","30":"shipping-taxable","31":"purchasable","32":"product-type-simple"},"yoast_head":"<!-- This site is optimized with the Yoast SEO plugin v23.9 - https:\/\/yoast.com\/wordpress\/plugins\/seo\/ -->\n<title>Samsung n\u00e1stenn\u00e1 klimatiz\u00e1cia CEBU AR18 - KLIMAVEX GROUP - Slovensko<\/title>\n<meta name=\"robots\" content=\"index, follow, max-snippet:-1, max-image-preview:large, max-video-preview:-1\" \/>\n<link rel=\"canonical\" href=\"https:\/\/klimavex.eu\/sk\/katalog\/samsung-nastenna-klimatizacia-cebu-ar18-2\/\" \/>\n<meta property=\"og:locale\" content=\"sk_SK\" \/>\n<meta property=\"og:type\" content=\"article\" \/>\n<meta property=\"og:title\" content=\"Samsung n\u00e1stenn\u00e1 klimatiz\u00e1cia CEBU AR18 - KLIMAVEX GROUP - Slovensko\" \/>\n<meta property=\"og:description\" content=\"Samsung Cebu je n&aacute;stenn&aacute; split klimatiz&aacute;cia vhodn&aacute; predov&scaron;etk&yacute;m pre potreby dom&aacute;cnost&iacute; \u010di aj kancel&aacute;ri&iacute;. Dok&aacute;\u017ee nielen chladi\u0165, ale aj k&uacute;ri\u0165. Pokro\u010dil&eacute; technol&oacute;gie, ako s&uacute; AI Auto Comfort, R&yacute;chle chladenie \u010di Easy Filter Plus, rob&iacute; z klimatiz&aacute;cie Cebu skvel&uacute; vo\u013ebu dom&aacute;cnost&iacute; do tepl&yacute;ch, ale aj chladn&yacute;ch dn&iacute;. Jednotky s modern&yacute;m bielym dizajnom pon&uacute;kaj&uacute; energetick&uacute; &uacute;\u010dinnos\u0165 A++ v re\u017eime chladenia a a\u017e A+ v re\u017eime vykurovania. U\u017e&iacute;va sa ekologick&eacute; chladivo R32.\" \/>\n<meta property=\"og:url\" content=\"https:\/\/klimavex.eu\/sk\/katalog\/samsung-nastenna-klimatizacia-cebu-ar18-2\/\" \/>\n<meta property=\"og:site_name\" content=\"KLIMAVEX GROUP - Slovensko\" \/>\n<meta property=\"article:publisher\" content=\"https:\/\/www.facebook.com\/klimavex\" \/>\n<meta property=\"article:modified_time\" content=\"2026-03-31T16:11:42+00:00\" \/>\n<meta property=\"og:image\" content=\"https:\/\/klimavex.eu\/sk\/wp-content\/uploads\/2024\/02\/LOGO-KLIMAVEX-modra-kostka-1.png\" \/>\n\t<meta property=\"og:image:width\" content=\"9184\" \/>\n\t<meta property=\"og:image:height\" content=\"9184\" \/>\n\t<meta property=\"og:image:type\" content=\"image\/png\" \/>\n<meta name=\"twitter:card\" content=\"summary_large_image\" \/>\n<meta name=\"twitter:label1\" content=\"Predpokladan\u00fd \u010das \u010d\u00edtania\" \/>\n\t<meta name=\"twitter:data1\" content=\"1 min\u00fata\" \/>\n<script type=\"application\/ld+json\" class=\"yoast-schema-graph\">{\"@context\":\"https:\/\/schema.org\",\"@graph\":[{\"@type\":\"WebPage\",\"@id\":\"https:\/\/klimavex.eu\/sk\/katalog\/samsung-nastenna-klimatizacia-cebu-ar18-2\/\",\"url\":\"https:\/\/klimavex.eu\/sk\/katalog\/samsung-nastenna-klimatizacia-cebu-ar18-2\/\",\"name\":\"Samsung n\u00e1stenn\u00e1 klimatiz\u00e1cia CEBU AR18 - KLIMAVEX GROUP - Slovensko\",\"isPartOf\":{\"@id\":\"https:\/\/klimavex.eu\/sk\/#website\"},\"primaryImageOfPage\":{\"@id\":\"https:\/\/klimavex.eu\/sk\/katalog\/samsung-nastenna-klimatizacia-cebu-ar18-2\/#primaryimage\"},\"image\":{\"@id\":\"https:\/\/klimavex.eu\/sk\/katalog\/samsung-nastenna-klimatizacia-cebu-ar18-2\/#primaryimage\"},\"thumbnailUrl\":\"https:\/\/klimavex.eu\/sk\/wp-content\/uploads\/2025\/09\/QrTPyqGdrYKSO2333PAyclYcREEXB8E1Df62qAuT5wY.jpeg\",\"datePublished\":\"2026-03-31T16:11:02+00:00\",\"dateModified\":\"2026-03-31T16:11:42+00:00\",\"breadcrumb\":{\"@id\":\"https:\/\/klimavex.eu\/sk\/katalog\/samsung-nastenna-klimatizacia-cebu-ar18-2\/#breadcrumb\"},\"inLanguage\":\"sk-SK\",\"potentialAction\":[{\"@type\":\"ReadAction\",\"target\":[\"https:\/\/klimavex.eu\/sk\/katalog\/samsung-nastenna-klimatizacia-cebu-ar18-2\/\"]}]},{\"@type\":\"ImageObject\",\"inLanguage\":\"sk-SK\",\"@id\":\"https:\/\/klimavex.eu\/sk\/katalog\/samsung-nastenna-klimatizacia-cebu-ar18-2\/#primaryimage\",\"url\":\"https:\/\/klimavex.eu\/sk\/wp-content\/uploads\/2025\/09\/QrTPyqGdrYKSO2333PAyclYcREEXB8E1Df62qAuT5wY.jpeg\",\"contentUrl\":\"https:\/\/klimavex.eu\/sk\/wp-content\/uploads\/2025\/09\/QrTPyqGdrYKSO2333PAyclYcREEXB8E1Df62qAuT5wY.jpeg\",\"width\":512,\"height\":512},{\"@type\":\"BreadcrumbList\",\"@id\":\"https:\/\/klimavex.eu\/sk\/katalog\/samsung-nastenna-klimatizacia-cebu-ar18-2\/#breadcrumb\",\"itemListElement\":[{\"@type\":\"ListItem\",\"position\":1,\"name\":\"Domovsk\u00e1 str\u00e1nka\",\"item\":\"https:\/\/klimavex.eu\/sk\/\"},{\"@type\":\"ListItem\",\"position\":2,\"name\":\"Eshop\",\"item\":\"https:\/\/klimavex.eu\/sk\/eshop\/\"},{\"@type\":\"ListItem\",\"position\":3,\"name\":\"Samsung n\u00e1stenn\u00e1 klimatiz\u00e1cia CEBU AR18\"}]},{\"@type\":\"WebSite\",\"@id\":\"https:\/\/klimavex.eu\/sk\/#website\",\"url\":\"https:\/\/klimavex.eu\/sk\/\",\"name\":\"KLIMAVEX GROUP - Slovensko\",\"description\":\"\",\"publisher\":{\"@id\":\"https:\/\/klimavex.eu\/sk\/#organization\"},\"alternateName\":\"KLIMAVEX a.s.\",\"potentialAction\":[{\"@type\":\"SearchAction\",\"target\":{\"@type\":\"EntryPoint\",\"urlTemplate\":\"https:\/\/klimavex.eu\/sk\/?s={search_term_string}\"},\"query-input\":{\"@type\":\"PropertyValueSpecification\",\"valueRequired\":true,\"valueName\":\"search_term_string\"}}],\"inLanguage\":\"sk-SK\"},{\"@type\":\"Organization\",\"@id\":\"https:\/\/klimavex.eu\/sk\/#organization\",\"name\":\"KLIMAVEX GROUP\",\"alternateName\":\"KLIMAVEX a.s.\",\"url\":\"https:\/\/klimavex.eu\/sk\/\",\"logo\":{\"@type\":\"ImageObject\",\"inLanguage\":\"sk-SK\",\"@id\":\"https:\/\/klimavex.eu\/sk\/#\/schema\/logo\/image\/\",\"url\":\"https:\/\/klimavex.eu\/sk\/wp-content\/uploads\/2024\/04\/Klimavex-Group-logo.png\",\"contentUrl\":\"https:\/\/klimavex.eu\/sk\/wp-content\/uploads\/2024\/04\/Klimavex-Group-logo.png\",\"width\":1681,\"height\":472,\"caption\":\"KLIMAVEX GROUP\"},\"image\":{\"@id\":\"https:\/\/klimavex.eu\/sk\/#\/schema\/logo\/image\/\"},\"sameAs\":[\"https:\/\/www.facebook.com\/klimavex\",\"https:\/\/www.instagram.com\/klimavex_sk\/\"]}]}<\/script>\n<!-- \/ Yoast SEO plugin. -->","yoast_head_json":{"title":"Samsung n\u00e1stenn\u00e1 klimatiz\u00e1cia CEBU AR18 - KLIMAVEX GROUP - Slovensko","robots":{"index":"index","follow":"follow","max-snippet":"max-snippet:-1","max-image-preview":"max-image-preview:large","max-video-preview":"max-video-preview:-1"},"canonical":"https:\/\/klimavex.eu\/sk\/katalog\/samsung-nastenna-klimatizacia-cebu-ar18-2\/","og_locale":"sk_SK","og_type":"article","og_title":"Samsung n\u00e1stenn\u00e1 klimatiz\u00e1cia CEBU AR18 - KLIMAVEX GROUP - Slovensko","og_description":"Samsung Cebu je n&aacute;stenn&aacute; split klimatiz&aacute;cia vhodn&aacute; predov&scaron;etk&yacute;m pre potreby dom&aacute;cnost&iacute; \u010di aj kancel&aacute;ri&iacute;. Dok&aacute;\u017ee nielen chladi\u0165, ale aj k&uacute;ri\u0165. Pokro\u010dil&eacute; technol&oacute;gie, ako s&uacute; AI Auto Comfort, R&yacute;chle chladenie \u010di Easy Filter Plus, rob&iacute; z klimatiz&aacute;cie Cebu skvel&uacute; vo\u013ebu dom&aacute;cnost&iacute; do tepl&yacute;ch, ale aj chladn&yacute;ch dn&iacute;. Jednotky s modern&yacute;m bielym dizajnom pon&uacute;kaj&uacute; energetick&uacute; &uacute;\u010dinnos\u0165 A++ v re\u017eime chladenia a a\u017e A+ v re\u017eime vykurovania. U\u017e&iacute;va sa ekologick&eacute; chladivo R32.","og_url":"https:\/\/klimavex.eu\/sk\/katalog\/samsung-nastenna-klimatizacia-cebu-ar18-2\/","og_site_name":"KLIMAVEX GROUP - Slovensko","article_publisher":"https:\/\/www.facebook.com\/klimavex","article_modified_time":"2026-03-31T16:11:42+00:00","og_image":[{"width":9184,"height":9184,"url":"https:\/\/klimavex.eu\/sk\/wp-content\/uploads\/2024\/02\/LOGO-KLIMAVEX-modra-kostka-1.png","type":"image\/png"}],"twitter_card":"summary_large_image","twitter_misc":{"Predpokladan\u00fd \u010das \u010d\u00edtania":"1 min\u00fata"},"schema":{"@context":"https:\/\/schema.org","@graph":[{"@type":"WebPage","@id":"https:\/\/klimavex.eu\/sk\/katalog\/samsung-nastenna-klimatizacia-cebu-ar18-2\/","url":"https:\/\/klimavex.eu\/sk\/katalog\/samsung-nastenna-klimatizacia-cebu-ar18-2\/","name":"Samsung n\u00e1stenn\u00e1 klimatiz\u00e1cia CEBU AR18 - KLIMAVEX GROUP - Slovensko","isPartOf":{"@id":"https:\/\/klimavex.eu\/sk\/#website"},"primaryImageOfPage":{"@id":"https:\/\/klimavex.eu\/sk\/katalog\/samsung-nastenna-klimatizacia-cebu-ar18-2\/#primaryimage"},"image":{"@id":"https:\/\/klimavex.eu\/sk\/katalog\/samsung-nastenna-klimatizacia-cebu-ar18-2\/#primaryimage"},"thumbnailUrl":"https:\/\/klimavex.eu\/sk\/wp-content\/uploads\/2025\/09\/QrTPyqGdrYKSO2333PAyclYcREEXB8E1Df62qAuT5wY.jpeg","datePublished":"2026-03-31T16:11:02+00:00","dateModified":"2026-03-31T16:11:42+00:00","breadcrumb":{"@id":"https:\/\/klimavex.eu\/sk\/katalog\/samsung-nastenna-klimatizacia-cebu-ar18-2\/#breadcrumb"},"inLanguage":"sk-SK","potentialAction":[{"@type":"ReadAction","target":["https:\/\/klimavex.eu\/sk\/katalog\/samsung-nastenna-klimatizacia-cebu-ar18-2\/"]}]},{"@type":"ImageObject","inLanguage":"sk-SK","@id":"https:\/\/klimavex.eu\/sk\/katalog\/samsung-nastenna-klimatizacia-cebu-ar18-2\/#primaryimage","url":"https:\/\/klimavex.eu\/sk\/wp-content\/uploads\/2025\/09\/QrTPyqGdrYKSO2333PAyclYcREEXB8E1Df62qAuT5wY.jpeg","contentUrl":"https:\/\/klimavex.eu\/sk\/wp-content\/uploads\/2025\/09\/QrTPyqGdrYKSO2333PAyclYcREEXB8E1Df62qAuT5wY.jpeg","width":512,"height":512},{"@type":"BreadcrumbList","@id":"https:\/\/klimavex.eu\/sk\/katalog\/samsung-nastenna-klimatizacia-cebu-ar18-2\/#breadcrumb","itemListElement":[{"@type":"ListItem","position":1,"name":"Domovsk\u00e1 str\u00e1nka","item":"https:\/\/klimavex.eu\/sk\/"},{"@type":"ListItem","position":2,"name":"Eshop","item":"https:\/\/klimavex.eu\/sk\/eshop\/"},{"@type":"ListItem","position":3,"name":"Samsung n\u00e1stenn\u00e1 klimatiz\u00e1cia CEBU AR18"}]},{"@type":"WebSite","@id":"https:\/\/klimavex.eu\/sk\/#website","url":"https:\/\/klimavex.eu\/sk\/","name":"KLIMAVEX GROUP - Slovensko","description":"","publisher":{"@id":"https:\/\/klimavex.eu\/sk\/#organization"},"alternateName":"KLIMAVEX a.s.","potentialAction":[{"@type":"SearchAction","target":{"@type":"EntryPoint","urlTemplate":"https:\/\/klimavex.eu\/sk\/?s={search_term_string}"},"query-input":{"@type":"PropertyValueSpecification","valueRequired":true,"valueName":"search_term_string"}}],"inLanguage":"sk-SK"},{"@type":"Organization","@id":"https:\/\/klimavex.eu\/sk\/#organization","name":"KLIMAVEX GROUP","alternateName":"KLIMAVEX a.s.","url":"https:\/\/klimavex.eu\/sk\/","logo":{"@type":"ImageObject","inLanguage":"sk-SK","@id":"https:\/\/klimavex.eu\/sk\/#\/schema\/logo\/image\/","url":"https:\/\/klimavex.eu\/sk\/wp-content\/uploads\/2024\/04\/Klimavex-Group-logo.png","contentUrl":"https:\/\/klimavex.eu\/sk\/wp-content\/uploads\/2024\/04\/Klimavex-Group-logo.png","width":1681,"height":472,"caption":"KLIMAVEX GROUP"},"image":{"@id":"https:\/\/klimavex.eu\/sk\/#\/schema\/logo\/image\/"},"sameAs":["https:\/\/www.facebook.com\/klimavex","https:\/\/www.instagram.com\/klimavex_sk\/"]}]}},"_links":{"self":[{"href":"https:\/\/klimavex.eu\/sk\/wp-json\/wp\/v2\/product\/475719","targetHints":{"allow":["GET"]}}],"collection":[{"href":"https:\/\/klimavex.eu\/sk\/wp-json\/wp\/v2\/product"}],"about":[{"href":"https:\/\/klimavex.eu\/sk\/wp-json\/wp\/v2\/types\/product"}],"version-history":[{"count":0,"href":"https:\/\/klimavex.eu\/sk\/wp-json\/wp\/v2\/product\/475719\/revisions"}],"wp:featuredmedia":[{"embeddable":true,"href":"https:\/\/klimavex.eu\/sk\/wp-json\/wp\/v2\/media\/479545"}],"wp:attachment":[{"href":"https:\/\/klimavex.eu\/sk\/wp-json\/wp\/v2\/media?parent=475719"}],"wp:term":[{"taxonomy":"product_cat","embeddable":true,"href":"https:\/\/klimavex.eu\/sk\/wp-json\/wp\/v2\/product_cat?post=475719"},{"taxonomy":"product_tag","embeddable":true,"href":"https:\/\/klimavex.eu\/sk\/wp-json\/wp\/v2\/product_tag?post=475719"}],"curies":[{"name":"wp","href":"https:\/\/api.w.org\/{rel}","templated":true}]}}