{"id":475752,"date":"2026-04-07T06:49:05","date_gmt":"2026-04-07T04:49:05","guid":{"rendered":"https:\/\/klimavex.eu\/sk\/katalog\/panasonic-potrubna-klimatizacia-kit-z35-ud3\/"},"modified":"2026-04-07T06:49:18","modified_gmt":"2026-04-07T04:49:18","slug":"klimatizacia-panasonic-split-potrubna-kit-z35-ud3-r32-230v-35kw","status":"publish","type":"product","link":"https:\/\/klimavex.eu\/sk\/katalog\/klimatizacia-panasonic-split-potrubna-kit-z35-ud3-r32-230v-35kw\/","title":{"rendered":"Klimatiz\u00e1cia Panasonic split potrubn\u00e1 KIT-Z35-UD3 R32 230V 3,5kW"},"content":{"rendered":"<p style=\"text-align:justify\"><span style=\"font-size:11pt\"><span style=\"font-family:Calibri,sans-serif\"><strong>K\u013e&uacute;\u010dov&eacute; vlastnosti<\/strong><\/span><\/span><\/p>\n<ul>\n<li style=\"text-align: justify;\"><span style=\"font-size:11pt\"><span style=\"font-family:Calibri,sans-serif\">Re\u017eim Eco pre &uacute;sporu energie 20 %<\/span><\/span><\/li>\n<li style=\"text-align: justify;\"><span style=\"font-size:11pt\"><span style=\"font-family:Calibri,sans-serif\">Mo\u017enos\u0165 ovl&aacute;dania potrubnej jednotky pomocou syst&eacute;mov KNX a Modbus<\/span><\/span><\/li>\n<li style=\"text-align: justify;\"><span style=\"font-size:11pt\"><span style=\"font-family:Calibri,sans-serif\">Mimoriadne kompaktn&eacute; vn&uacute;torn&eacute; jednotky bez straty statick&eacute;ho tlaku (vysok&eacute; iba 200 mm)<\/span><\/span><\/li>\n<li style=\"text-align: justify;\"><span style=\"font-size:11pt\"><span style=\"font-family:Calibri,sans-serif\">T&yacute;\u017edenn&yacute; \u010dasova\u010d, 42 nastaven&iacute; t&yacute;\u017edenne<\/span><\/span><\/li>\n<li style=\"text-align: justify;\"><span style=\"font-size:11pt\"><span style=\"font-family:Calibri,sans-serif\">Re\u017eim jednoduchej kontroly na zistenie chyby<\/span><\/span><\/li>\n<li style=\"text-align: justify;\"><span style=\"font-size:11pt\"><span style=\"font-family:Calibri,sans-serif\">\u010cerpadlo kondenz&aacute;tu s&uacute;\u010das\u0165ou dod&aacute;vky<\/span><\/span><\/li>\n<li style=\"text-align: justify;\"><span style=\"font-size:11pt\"><span style=\"font-family:Calibri,sans-serif\">Energetick&aacute; &uacute;\u010dinnos\u0165 a\u017e A+ pri vykurovan&iacute; aj chladen&iacute;<\/span><\/span><\/li>\n<li style=\"text-align: justify;\"><span style=\"font-size:11pt\"><span style=\"font-family:Calibri,sans-serif\">Volite\u013en&eacute; ovl&aacute;danie cez Wi-Fi prostredn&iacute;ctvom aplik&aacute;cie Panasonic Comfort Cloud (vy\u017eaduje CZ-TACG1)<\/span><\/span><\/li>\n<li style=\"text-align: justify;\"><span style=\"font-size:11pt\"><span style=\"font-family:Calibri,sans-serif\">Prev&aacute;dzkov&yacute; rozsah a\u017e do 43&deg;C pri chladen&iacute; a do &minus;15&deg;C pri vykurovan&iacute;<\/span><\/span><\/li>\n<li style=\"text-align: justify;\"><span style=\"font-size:11pt\"><span style=\"font-family:Calibri,sans-serif\">Ekologick&eacute; chladivo R32<\/span><\/span><\/li>\n<\/ul>\n","protected":false},"excerpt":{"rendered":"<p style=\"text-align:justify\"><span style=\"font-size:11pt\"><span style=\"font-family:Calibri,sans-serif\"><span style=\"color:black\">Potrubn&aacute; split klimatiz&aacute;cie <strong>Panasonic UD3 <\/strong>m&aacute; ide&aacute;lnu kon&scaron;trukciu <strong>pre domy, kancel&aacute;rie, obchody a re&scaron;taur&aacute;cie<\/strong>. Je vhodn&aacute; pre mal&eacute; miestnosti, kde je klimatiz&aacute;cia s vykurovac&iacute;m syst&eacute;mom spo\u013eahlivo integrovan&aacute; a kde je potrebn&aacute; vysok&aacute; &uacute;rove\u0148 komfortu a &uacute;\u010dinnosti. Jedn&aacute; sa o <strong>jednotku s n&iacute;zkym statick&yacute;m tlakom<\/strong>, ktor&aacute; pon&uacute;ka kompaktn&uacute; vn&uacute;torn&uacute; jednotku <strong>vysok&uacute; iba 200 mm<\/strong>. Jednotka m&ocirc;\u017ee by\u0165 tie\u017e pripojen&aacute; k rozhraniu KNX alebo Modbus pre jednoduch&uacute; integr&aacute;ciu do syst&eacute;mov spr&aacute;vy budov.<\/span><\/span><\/span><\/p>\n","protected":false},"featured_media":479617,"template":"","meta":[],"product_cat":[196,198,403,322,195,718],"product_tag":[],"class_list":{"0":"post-475752","1":"product","2":"type-product","3":"status-publish","4":"has-post-thumbnail","6":"product_cat-podla-znacky","7":"product_cat-podla-typu","8":"product_cat-panasonic-podla-znacky","9":"product_cat-potrubne","10":"product_cat-klimatizacie","11":"product_cat-potrubne-ud3","12":"pa_chlad-do-von-tep-c-do-10-c","13":"pa_chladiaci-vykon-3464","14":"pa_energeticka-trieda-scop-aplus","15":"pa_energeticka-trieda-seer-aplus","16":"pa_filtracia-vzduchu-standard","17":"pa_hlucnost-vnutornej-jednotky-3661","18":"pa_napajanie-1f-230v","19":"pa_prevedenie-potrubny-split","20":"pa_prikon-chladenie-3664","21":"pa_prikon-vykurovanie-3323","22":"pa_typ-chladiva-r32","23":"pa_vyk-do-von-tepl-c-do-15-c","24":"pa_vykonovy-model-3344","25":"pa_vykurovaci-vykon-3618","26":"pa_wifi-ovladanie-volitelne","27":"pa_znacka-panasonic","29":"first","30":"instock","31":"taxable","32":"shipping-taxable","33":"purchasable","34":"product-type-simple"},"yoast_head":"<!-- This site is optimized with the Yoast SEO plugin v23.9 - https:\/\/yoast.com\/wordpress\/plugins\/seo\/ -->\n<title>Klimatiz\u00e1cia Panasonic split potrubn\u00e1 KIT-Z35-UD3 R32 230V 3,5kW - KLIMAVEX GROUP - Slovensko<\/title>\n<meta name=\"robots\" content=\"index, follow, max-snippet:-1, max-image-preview:large, max-video-preview:-1\" \/>\n<link rel=\"canonical\" href=\"https:\/\/klimavex.eu\/sk\/katalog\/panasonic-potrubna-klimatizacia-kit-z35-ud3\/\" \/>\n<meta property=\"og:locale\" content=\"sk_SK\" \/>\n<meta property=\"og:type\" content=\"article\" \/>\n<meta property=\"og:title\" content=\"Klimatiz\u00e1cia Panasonic split potrubn\u00e1 KIT-Z35-UD3 R32 230V 3,5kW - KLIMAVEX GROUP - Slovensko\" \/>\n<meta property=\"og:description\" content=\"Potrubn&aacute; split klimatiz&aacute;cie Panasonic UD3 m&aacute; ide&aacute;lnu kon&scaron;trukciu pre domy, kancel&aacute;rie, obchody a re&scaron;taur&aacute;cie. Je vhodn&aacute; pre mal&eacute; miestnosti, kde je klimatiz&aacute;cia s vykurovac&iacute;m syst&eacute;mom spo\u013eahlivo integrovan&aacute; a kde je potrebn&aacute; vysok&aacute; &uacute;rove\u0148 komfortu a &uacute;\u010dinnosti. Jedn&aacute; sa o jednotku s n&iacute;zkym statick&yacute;m tlakom, ktor&aacute; pon&uacute;ka kompaktn&uacute; vn&uacute;torn&uacute; jednotku vysok&uacute; iba 200 mm. Jednotka m&ocirc;\u017ee by\u0165 tie\u017e pripojen&aacute; k rozhraniu KNX alebo Modbus pre jednoduch&uacute; integr&aacute;ciu do syst&eacute;mov spr&aacute;vy budov.\" \/>\n<meta property=\"og:url\" content=\"https:\/\/klimavex.eu\/sk\/katalog\/panasonic-potrubna-klimatizacia-kit-z35-ud3\/\" \/>\n<meta property=\"og:site_name\" content=\"KLIMAVEX GROUP - Slovensko\" \/>\n<meta property=\"article:publisher\" content=\"https:\/\/www.facebook.com\/klimavex\" \/>\n<meta property=\"article:modified_time\" content=\"2026-04-07T04:49:18+00:00\" \/>\n<meta property=\"og:image\" content=\"https:\/\/klimavex.eu\/sk\/wp-content\/uploads\/2024\/02\/LOGO-KLIMAVEX-modra-kostka-1.png\" \/>\n\t<meta property=\"og:image:width\" content=\"9184\" \/>\n\t<meta property=\"og:image:height\" content=\"9184\" \/>\n\t<meta property=\"og:image:type\" content=\"image\/png\" \/>\n<meta name=\"twitter:card\" content=\"summary_large_image\" \/>\n<meta name=\"twitter:label1\" content=\"Predpokladan\u00fd \u010das \u010d\u00edtania\" \/>\n\t<meta name=\"twitter:data1\" content=\"1 min\u00fata\" \/>\n<script type=\"application\/ld+json\" class=\"yoast-schema-graph\">{\"@context\":\"https:\/\/schema.org\",\"@graph\":[{\"@type\":\"WebPage\",\"@id\":\"https:\/\/klimavex.eu\/sk\/katalog\/panasonic-potrubna-klimatizacia-kit-z35-ud3\/\",\"url\":\"https:\/\/klimavex.eu\/sk\/katalog\/panasonic-potrubna-klimatizacia-kit-z35-ud3\/\",\"name\":\"Klimatiz\u00e1cia Panasonic split potrubn\u00e1 KIT-Z35-UD3 R32 230V 3,5kW - KLIMAVEX GROUP - Slovensko\",\"isPartOf\":{\"@id\":\"https:\/\/klimavex.eu\/sk\/#website\"},\"primaryImageOfPage\":{\"@id\":\"https:\/\/klimavex.eu\/sk\/katalog\/panasonic-potrubna-klimatizacia-kit-z35-ud3\/#primaryimage\"},\"image\":{\"@id\":\"https:\/\/klimavex.eu\/sk\/katalog\/panasonic-potrubna-klimatizacia-kit-z35-ud3\/#primaryimage\"},\"thumbnailUrl\":\"https:\/\/klimavex.eu\/sk\/wp-content\/uploads\/2025\/09\/z4oYsiMlXiXLFgFjYPGeqteZGBO5BF_8jS75YZAm9Ys.png\",\"datePublished\":\"2026-04-07T04:49:05+00:00\",\"dateModified\":\"2026-04-07T04:49:18+00:00\",\"breadcrumb\":{\"@id\":\"https:\/\/klimavex.eu\/sk\/katalog\/panasonic-potrubna-klimatizacia-kit-z35-ud3\/#breadcrumb\"},\"inLanguage\":\"sk-SK\",\"potentialAction\":[{\"@type\":\"ReadAction\",\"target\":[\"https:\/\/klimavex.eu\/sk\/katalog\/panasonic-potrubna-klimatizacia-kit-z35-ud3\/\"]}]},{\"@type\":\"ImageObject\",\"inLanguage\":\"sk-SK\",\"@id\":\"https:\/\/klimavex.eu\/sk\/katalog\/panasonic-potrubna-klimatizacia-kit-z35-ud3\/#primaryimage\",\"url\":\"https:\/\/klimavex.eu\/sk\/wp-content\/uploads\/2025\/09\/z4oYsiMlXiXLFgFjYPGeqteZGBO5BF_8jS75YZAm9Ys.png\",\"contentUrl\":\"https:\/\/klimavex.eu\/sk\/wp-content\/uploads\/2025\/09\/z4oYsiMlXiXLFgFjYPGeqteZGBO5BF_8jS75YZAm9Ys.png\",\"width\":500,\"height\":500},{\"@type\":\"BreadcrumbList\",\"@id\":\"https:\/\/klimavex.eu\/sk\/katalog\/panasonic-potrubna-klimatizacia-kit-z35-ud3\/#breadcrumb\",\"itemListElement\":[{\"@type\":\"ListItem\",\"position\":1,\"name\":\"Domovsk\u00e1 str\u00e1nka\",\"item\":\"https:\/\/klimavex.eu\/sk\/\"},{\"@type\":\"ListItem\",\"position\":2,\"name\":\"Eshop\",\"item\":\"https:\/\/klimavex.eu\/sk\/eshop\/\"},{\"@type\":\"ListItem\",\"position\":3,\"name\":\"Panasonic potrubn\u00e1 klimatiz\u00e1cia KIT-Z35-UD3\"}]},{\"@type\":\"WebSite\",\"@id\":\"https:\/\/klimavex.eu\/sk\/#website\",\"url\":\"https:\/\/klimavex.eu\/sk\/\",\"name\":\"KLIMAVEX GROUP - Slovensko\",\"description\":\"\",\"publisher\":{\"@id\":\"https:\/\/klimavex.eu\/sk\/#organization\"},\"alternateName\":\"KLIMAVEX a.s.\",\"potentialAction\":[{\"@type\":\"SearchAction\",\"target\":{\"@type\":\"EntryPoint\",\"urlTemplate\":\"https:\/\/klimavex.eu\/sk\/?s={search_term_string}\"},\"query-input\":{\"@type\":\"PropertyValueSpecification\",\"valueRequired\":true,\"valueName\":\"search_term_string\"}}],\"inLanguage\":\"sk-SK\"},{\"@type\":\"Organization\",\"@id\":\"https:\/\/klimavex.eu\/sk\/#organization\",\"name\":\"KLIMAVEX GROUP\",\"alternateName\":\"KLIMAVEX a.s.\",\"url\":\"https:\/\/klimavex.eu\/sk\/\",\"logo\":{\"@type\":\"ImageObject\",\"inLanguage\":\"sk-SK\",\"@id\":\"https:\/\/klimavex.eu\/sk\/#\/schema\/logo\/image\/\",\"url\":\"https:\/\/klimavex.eu\/sk\/wp-content\/uploads\/2024\/04\/Klimavex-Group-logo.png\",\"contentUrl\":\"https:\/\/klimavex.eu\/sk\/wp-content\/uploads\/2024\/04\/Klimavex-Group-logo.png\",\"width\":1681,\"height\":472,\"caption\":\"KLIMAVEX GROUP\"},\"image\":{\"@id\":\"https:\/\/klimavex.eu\/sk\/#\/schema\/logo\/image\/\"},\"sameAs\":[\"https:\/\/www.facebook.com\/klimavex\",\"https:\/\/www.instagram.com\/klimavex_sk\/\"]}]}<\/script>\n<!-- \/ Yoast SEO plugin. -->","yoast_head_json":{"title":"Klimatiz\u00e1cia Panasonic split potrubn\u00e1 KIT-Z35-UD3 R32 230V 3,5kW - KLIMAVEX GROUP - Slovensko","robots":{"index":"index","follow":"follow","max-snippet":"max-snippet:-1","max-image-preview":"max-image-preview:large","max-video-preview":"max-video-preview:-1"},"canonical":"https:\/\/klimavex.eu\/sk\/katalog\/panasonic-potrubna-klimatizacia-kit-z35-ud3\/","og_locale":"sk_SK","og_type":"article","og_title":"Klimatiz\u00e1cia Panasonic split potrubn\u00e1 KIT-Z35-UD3 R32 230V 3,5kW - KLIMAVEX GROUP - Slovensko","og_description":"Potrubn&aacute; split klimatiz&aacute;cie Panasonic UD3 m&aacute; ide&aacute;lnu kon&scaron;trukciu pre domy, kancel&aacute;rie, obchody a re&scaron;taur&aacute;cie. Je vhodn&aacute; pre mal&eacute; miestnosti, kde je klimatiz&aacute;cia s vykurovac&iacute;m syst&eacute;mom spo\u013eahlivo integrovan&aacute; a kde je potrebn&aacute; vysok&aacute; &uacute;rove\u0148 komfortu a &uacute;\u010dinnosti. Jedn&aacute; sa o jednotku s n&iacute;zkym statick&yacute;m tlakom, ktor&aacute; pon&uacute;ka kompaktn&uacute; vn&uacute;torn&uacute; jednotku vysok&uacute; iba 200 mm. Jednotka m&ocirc;\u017ee by\u0165 tie\u017e pripojen&aacute; k rozhraniu KNX alebo Modbus pre jednoduch&uacute; integr&aacute;ciu do syst&eacute;mov spr&aacute;vy budov.","og_url":"https:\/\/klimavex.eu\/sk\/katalog\/panasonic-potrubna-klimatizacia-kit-z35-ud3\/","og_site_name":"KLIMAVEX GROUP - Slovensko","article_publisher":"https:\/\/www.facebook.com\/klimavex","article_modified_time":"2026-04-07T04:49:18+00:00","og_image":[{"width":9184,"height":9184,"url":"https:\/\/klimavex.eu\/sk\/wp-content\/uploads\/2024\/02\/LOGO-KLIMAVEX-modra-kostka-1.png","type":"image\/png"}],"twitter_card":"summary_large_image","twitter_misc":{"Predpokladan\u00fd \u010das \u010d\u00edtania":"1 min\u00fata"},"schema":{"@context":"https:\/\/schema.org","@graph":[{"@type":"WebPage","@id":"https:\/\/klimavex.eu\/sk\/katalog\/panasonic-potrubna-klimatizacia-kit-z35-ud3\/","url":"https:\/\/klimavex.eu\/sk\/katalog\/panasonic-potrubna-klimatizacia-kit-z35-ud3\/","name":"Klimatiz\u00e1cia Panasonic split potrubn\u00e1 KIT-Z35-UD3 R32 230V 3,5kW - KLIMAVEX GROUP - Slovensko","isPartOf":{"@id":"https:\/\/klimavex.eu\/sk\/#website"},"primaryImageOfPage":{"@id":"https:\/\/klimavex.eu\/sk\/katalog\/panasonic-potrubna-klimatizacia-kit-z35-ud3\/#primaryimage"},"image":{"@id":"https:\/\/klimavex.eu\/sk\/katalog\/panasonic-potrubna-klimatizacia-kit-z35-ud3\/#primaryimage"},"thumbnailUrl":"https:\/\/klimavex.eu\/sk\/wp-content\/uploads\/2025\/09\/z4oYsiMlXiXLFgFjYPGeqteZGBO5BF_8jS75YZAm9Ys.png","datePublished":"2026-04-07T04:49:05+00:00","dateModified":"2026-04-07T04:49:18+00:00","breadcrumb":{"@id":"https:\/\/klimavex.eu\/sk\/katalog\/panasonic-potrubna-klimatizacia-kit-z35-ud3\/#breadcrumb"},"inLanguage":"sk-SK","potentialAction":[{"@type":"ReadAction","target":["https:\/\/klimavex.eu\/sk\/katalog\/panasonic-potrubna-klimatizacia-kit-z35-ud3\/"]}]},{"@type":"ImageObject","inLanguage":"sk-SK","@id":"https:\/\/klimavex.eu\/sk\/katalog\/panasonic-potrubna-klimatizacia-kit-z35-ud3\/#primaryimage","url":"https:\/\/klimavex.eu\/sk\/wp-content\/uploads\/2025\/09\/z4oYsiMlXiXLFgFjYPGeqteZGBO5BF_8jS75YZAm9Ys.png","contentUrl":"https:\/\/klimavex.eu\/sk\/wp-content\/uploads\/2025\/09\/z4oYsiMlXiXLFgFjYPGeqteZGBO5BF_8jS75YZAm9Ys.png","width":500,"height":500},{"@type":"BreadcrumbList","@id":"https:\/\/klimavex.eu\/sk\/katalog\/panasonic-potrubna-klimatizacia-kit-z35-ud3\/#breadcrumb","itemListElement":[{"@type":"ListItem","position":1,"name":"Domovsk\u00e1 str\u00e1nka","item":"https:\/\/klimavex.eu\/sk\/"},{"@type":"ListItem","position":2,"name":"Eshop","item":"https:\/\/klimavex.eu\/sk\/eshop\/"},{"@type":"ListItem","position":3,"name":"Panasonic potrubn\u00e1 klimatiz\u00e1cia KIT-Z35-UD3"}]},{"@type":"WebSite","@id":"https:\/\/klimavex.eu\/sk\/#website","url":"https:\/\/klimavex.eu\/sk\/","name":"KLIMAVEX GROUP - Slovensko","description":"","publisher":{"@id":"https:\/\/klimavex.eu\/sk\/#organization"},"alternateName":"KLIMAVEX a.s.","potentialAction":[{"@type":"SearchAction","target":{"@type":"EntryPoint","urlTemplate":"https:\/\/klimavex.eu\/sk\/?s={search_term_string}"},"query-input":{"@type":"PropertyValueSpecification","valueRequired":true,"valueName":"search_term_string"}}],"inLanguage":"sk-SK"},{"@type":"Organization","@id":"https:\/\/klimavex.eu\/sk\/#organization","name":"KLIMAVEX GROUP","alternateName":"KLIMAVEX a.s.","url":"https:\/\/klimavex.eu\/sk\/","logo":{"@type":"ImageObject","inLanguage":"sk-SK","@id":"https:\/\/klimavex.eu\/sk\/#\/schema\/logo\/image\/","url":"https:\/\/klimavex.eu\/sk\/wp-content\/uploads\/2024\/04\/Klimavex-Group-logo.png","contentUrl":"https:\/\/klimavex.eu\/sk\/wp-content\/uploads\/2024\/04\/Klimavex-Group-logo.png","width":1681,"height":472,"caption":"KLIMAVEX GROUP"},"image":{"@id":"https:\/\/klimavex.eu\/sk\/#\/schema\/logo\/image\/"},"sameAs":["https:\/\/www.facebook.com\/klimavex","https:\/\/www.instagram.com\/klimavex_sk\/"]}]}},"_links":{"self":[{"href":"https:\/\/klimavex.eu\/sk\/wp-json\/wp\/v2\/product\/475752","targetHints":{"allow":["GET"]}}],"collection":[{"href":"https:\/\/klimavex.eu\/sk\/wp-json\/wp\/v2\/product"}],"about":[{"href":"https:\/\/klimavex.eu\/sk\/wp-json\/wp\/v2\/types\/product"}],"version-history":[{"count":0,"href":"https:\/\/klimavex.eu\/sk\/wp-json\/wp\/v2\/product\/475752\/revisions"}],"wp:featuredmedia":[{"embeddable":true,"href":"https:\/\/klimavex.eu\/sk\/wp-json\/wp\/v2\/media\/479617"}],"wp:attachment":[{"href":"https:\/\/klimavex.eu\/sk\/wp-json\/wp\/v2\/media?parent=475752"}],"wp:term":[{"taxonomy":"product_cat","embeddable":true,"href":"https:\/\/klimavex.eu\/sk\/wp-json\/wp\/v2\/product_cat?post=475752"},{"taxonomy":"product_tag","embeddable":true,"href":"https:\/\/klimavex.eu\/sk\/wp-json\/wp\/v2\/product_tag?post=475752"}],"curies":[{"name":"wp","href":"https:\/\/api.w.org\/{rel}","templated":true}]}}