{"id":475757,"date":"2026-03-31T18:11:56","date_gmt":"2026-03-31T16:11:56","guid":{"rendered":"https:\/\/klimavex.eu\/sk\/katalog\/airwell-vnutorna-jednotka-hdmb-070\/"},"modified":"2026-03-31T18:12:23","modified_gmt":"2026-03-31T16:12:23","slug":"klimatizacia-airwell-vnutorna-nastenna-hdmb-070-7kw","status":"publish","type":"product","link":"https:\/\/klimavex.eu\/sk\/katalog\/klimatizacia-airwell-vnutorna-nastenna-hdmb-070-7kw\/","title":{"rendered":"Klimatiz\u00e1cia Airwell vn\u00fatorn\u00e1 n\u00e1stenn\u00e1 HDMB 070 7kW"},"content":{"rendered":"<p style=\"text-align:justify\"><span style=\"font-size:11pt\"><span style=\"font-family:Calibri,sans-serif\"><strong>K\u013e&uacute;\u010dov&eacute; vlastnosti<\/strong><\/span><\/span><\/p>\n<ul>\n<li style=\"text-align:justify\"><span style=\"font-size:11pt\"><span style=\"font-family:Calibri,sans-serif\">Infraovl&aacute;danie RC19<\/span><\/span><\/li>\n<li style=\"text-align:justify\"><span style=\"font-size:11pt\"><span style=\"font-family:Calibri,sans-serif\">Pr&eacute;miov&yacute; dizajn<\/span><\/span><\/li>\n<li style=\"text-align:justify\"><span style=\"font-size:11pt\"><span style=\"font-family:Calibri,sans-serif\">Vysoko &uacute;\u010dinn&aacute; filtr&aacute;cia a ioniz&aacute;tor<\/span><\/span><\/li>\n<li style=\"text-align:justify\"><span style=\"font-size:11pt\"><span style=\"font-family:Calibri,sans-serif\">Tich&aacute; prev&aacute;dzka<\/span><\/span><\/li>\n<li style=\"text-align:justify\"><span style=\"font-size:11pt\"><span style=\"font-family:Calibri,sans-serif\">Kompatibiln&eacute; pre split aj multisplit aplik&aacute;cie<\/span><\/span><\/li>\n<li style=\"text-align:justify\"><span style=\"font-size:11pt\"><span style=\"font-family:Calibri,sans-serif\">Golden Fin &ndash; pozl&aacute;ten&eacute; lamely v&yacute;menn&iacute;kov vn&uacute;tornej i vonkaj&scaron;ej jednotky pre zv&yacute;&scaron;en&uacute; odolnos\u0165 vo\u010di kor&oacute;zii a dlh&scaron;iu \u017eivotnos\u0165<\/span><\/span><\/li>\n<li style=\"text-align:justify\"><span style=\"font-size:11pt\"><span style=\"font-family:Calibri,sans-serif\">I FEEL &ndash; prec&iacute;zna regul&aacute;cia teploty pod\u013ea sn&iacute;ma\u010da umiestnen&eacute;ho v dia\u013ekovom ovl&aacute;da\u010di<\/span><\/span><\/li>\n<li style=\"text-align:justify\"><span style=\"font-size:11pt\"><span style=\"font-family:Calibri,sans-serif\">Vysok&aacute; energetick&aacute; &uacute;\u010dinnos\u0165<\/span><\/span><\/li>\n<li style=\"text-align:justify\"><span style=\"font-size:11pt\"><span style=\"font-family:Calibri,sans-serif\">Zabudovan&yacute; Wi-Fi modul<\/span><\/span><\/li>\n<li style=\"text-align:justify\"><span style=\"font-size:11pt\"><span style=\"font-family:Calibri,sans-serif\">Ovl&aacute;danie pomocou mobilnej aplik&aacute;cie<\/span><\/span><\/li>\n<li style=\"text-align:justify\"><span style=\"font-size:11pt\"><span style=\"font-family:Calibri,sans-serif\">Tich&yacute; re\u017eim<\/span><\/span><\/li>\n<li style=\"text-align:justify\"><span style=\"font-size:11pt\"><span style=\"font-family:Calibri,sans-serif\">\u010cistenie vzduchu<\/span><\/span><\/li>\n<li style=\"text-align:justify\"><span style=\"font-size:11pt\"><span style=\"font-family:Calibri,sans-serif\">Servisn&yacute; re\u017eim pre zobrazenie tepl&ocirc;t sn&iacute;ma\u010dov<\/span><\/span><\/li>\n<li style=\"text-align:justify\"><span style=\"font-size:11pt\"><span style=\"font-family:Calibri,sans-serif\">Technick&yacute; re\u017eim pre nastavenie prev&aacute;dzky<\/span><\/span><\/li>\n<li style=\"text-align:justify\"><span style=\"font-size:11pt\"><span style=\"font-family:Calibri,sans-serif\">Odvod kondenz&aacute;tu z pravej alebo \u013eavej strany<\/span><\/span><\/li>\n<\/ul>\n","protected":false},"excerpt":{"rendered":"<p style=\"text-align:justify\"><span style=\"font-size:11pt\"><span style=\"font-family:Calibri,sans-serif\">Vn&uacute;torn&aacute; jednotka <strong>Airwell Harmonia HDMB<\/strong> <strong>pre multisplit <\/strong>aplik&aacute;ciu je spo\u013eahliv&aacute; n&aacute;stenn&aacute; klimatiz&aacute;cia, ktor&aacute; sa vyzna\u010duje technol&oacute;giami <strong>Golden Fin <\/strong>a <strong>I FEEL<\/strong>. Z&aacute;rove\u0148 tie\u017e v&yacute;borne \u010dist&iacute; vzduch cez <strong>nieko\u013eko <\/strong>typov <strong>filtrov<\/strong>. Jednotka je energeticky ve\u013emi &uacute;\u010dinn&aacute; v re\u017eime chladenia aj vykurovania a dok&aacute;\u017ee <strong>vykurova\u0165 a\u017e do -15 &deg;C.<\/strong> <\/span><\/span><\/p>\n","protected":false},"featured_media":479626,"template":"","meta":[],"product_cat":[196,198,195,343,344],"product_tag":[],"class_list":{"0":"post-475757","1":"product","2":"type-product","3":"status-publish","4":"has-post-thumbnail","6":"product_cat-podla-znacky","7":"product_cat-podla-typu","8":"product_cat-klimatizacie","9":"product_cat-multisplity","10":"product_cat-multisplit-zdaa","11":"pa_chladiaci-vykon-3357","12":"pa_multisplit-vnutorna-nastenna-70","13":"pa_napajanie-1f-230v","14":"pa_prevedenie-multisplit-vnutorna","15":"pa_vykonovy-model-3355","16":"pa_vykurovaci-vykon-3358","17":"pa_wifi-ovladanie-zabudovane","18":"pa_znacka-airwell","20":"first","21":"instock","22":"taxable","23":"shipping-taxable","24":"purchasable","25":"product-type-simple"},"yoast_head":"<!-- This site is optimized with the Yoast SEO plugin v23.9 - https:\/\/yoast.com\/wordpress\/plugins\/seo\/ -->\n<title>Klimatiz\u00e1cia Airwell vn\u00fatorn\u00e1 n\u00e1stenn\u00e1 HDMB 070 7kW - KLIMAVEX GROUP - Slovensko<\/title>\n<meta name=\"robots\" content=\"index, follow, max-snippet:-1, max-image-preview:large, max-video-preview:-1\" \/>\n<link rel=\"canonical\" href=\"https:\/\/klimavex.eu\/sk\/katalog\/airwell-vnutorna-jednotka-hdmb-070\/\" \/>\n<meta property=\"og:locale\" content=\"sk_SK\" \/>\n<meta property=\"og:type\" content=\"article\" \/>\n<meta property=\"og:title\" content=\"Klimatiz\u00e1cia Airwell vn\u00fatorn\u00e1 n\u00e1stenn\u00e1 HDMB 070 7kW - KLIMAVEX GROUP - Slovensko\" \/>\n<meta property=\"og:description\" content=\"Vn&uacute;torn&aacute; jednotka Airwell Harmonia HDMB pre multisplit aplik&aacute;ciu je spo\u013eahliv&aacute; n&aacute;stenn&aacute; klimatiz&aacute;cia, ktor&aacute; sa vyzna\u010duje technol&oacute;giami Golden Fin a I FEEL. Z&aacute;rove\u0148 tie\u017e v&yacute;borne \u010dist&iacute; vzduch cez nieko\u013eko typov filtrov. Jednotka je energeticky ve\u013emi &uacute;\u010dinn&aacute; v re\u017eime chladenia aj vykurovania a dok&aacute;\u017ee vykurova\u0165 a\u017e do -15 &deg;C.\" \/>\n<meta property=\"og:url\" content=\"https:\/\/klimavex.eu\/sk\/katalog\/airwell-vnutorna-jednotka-hdmb-070\/\" \/>\n<meta property=\"og:site_name\" content=\"KLIMAVEX GROUP - Slovensko\" \/>\n<meta property=\"article:publisher\" content=\"https:\/\/www.facebook.com\/klimavex\" \/>\n<meta property=\"article:modified_time\" content=\"2026-03-31T16:12:23+00:00\" \/>\n<meta property=\"og:image\" content=\"https:\/\/klimavex.eu\/sk\/wp-content\/uploads\/2024\/02\/LOGO-KLIMAVEX-modra-kostka-1.png\" \/>\n\t<meta property=\"og:image:width\" content=\"9184\" \/>\n\t<meta property=\"og:image:height\" content=\"9184\" \/>\n\t<meta property=\"og:image:type\" content=\"image\/png\" \/>\n<meta name=\"twitter:card\" content=\"summary_large_image\" \/>\n<meta name=\"twitter:label1\" content=\"Predpokladan\u00fd \u010das \u010d\u00edtania\" \/>\n\t<meta name=\"twitter:data1\" content=\"1 min\u00fata\" \/>\n<script type=\"application\/ld+json\" class=\"yoast-schema-graph\">{\"@context\":\"https:\/\/schema.org\",\"@graph\":[{\"@type\":\"WebPage\",\"@id\":\"https:\/\/klimavex.eu\/sk\/katalog\/airwell-vnutorna-jednotka-hdmb-070\/\",\"url\":\"https:\/\/klimavex.eu\/sk\/katalog\/airwell-vnutorna-jednotka-hdmb-070\/\",\"name\":\"Klimatiz\u00e1cia Airwell vn\u00fatorn\u00e1 n\u00e1stenn\u00e1 HDMB 070 7kW - KLIMAVEX GROUP - Slovensko\",\"isPartOf\":{\"@id\":\"https:\/\/klimavex.eu\/sk\/#website\"},\"primaryImageOfPage\":{\"@id\":\"https:\/\/klimavex.eu\/sk\/katalog\/airwell-vnutorna-jednotka-hdmb-070\/#primaryimage\"},\"image\":{\"@id\":\"https:\/\/klimavex.eu\/sk\/katalog\/airwell-vnutorna-jednotka-hdmb-070\/#primaryimage\"},\"thumbnailUrl\":\"https:\/\/klimavex.eu\/sk\/wp-content\/uploads\/2025\/09\/ZGXTclWkBFKysQ4uyanlBllbZ07OZ6esqB7YGTdp67c-1.jpeg\",\"datePublished\":\"2026-03-31T16:11:56+00:00\",\"dateModified\":\"2026-03-31T16:12:23+00:00\",\"breadcrumb\":{\"@id\":\"https:\/\/klimavex.eu\/sk\/katalog\/airwell-vnutorna-jednotka-hdmb-070\/#breadcrumb\"},\"inLanguage\":\"sk-SK\",\"potentialAction\":[{\"@type\":\"ReadAction\",\"target\":[\"https:\/\/klimavex.eu\/sk\/katalog\/airwell-vnutorna-jednotka-hdmb-070\/\"]}]},{\"@type\":\"ImageObject\",\"inLanguage\":\"sk-SK\",\"@id\":\"https:\/\/klimavex.eu\/sk\/katalog\/airwell-vnutorna-jednotka-hdmb-070\/#primaryimage\",\"url\":\"https:\/\/klimavex.eu\/sk\/wp-content\/uploads\/2025\/09\/ZGXTclWkBFKysQ4uyanlBllbZ07OZ6esqB7YGTdp67c-1.jpeg\",\"contentUrl\":\"https:\/\/klimavex.eu\/sk\/wp-content\/uploads\/2025\/09\/ZGXTclWkBFKysQ4uyanlBllbZ07OZ6esqB7YGTdp67c-1.jpeg\",\"width\":1000,\"height\":335},{\"@type\":\"BreadcrumbList\",\"@id\":\"https:\/\/klimavex.eu\/sk\/katalog\/airwell-vnutorna-jednotka-hdmb-070\/#breadcrumb\",\"itemListElement\":[{\"@type\":\"ListItem\",\"position\":1,\"name\":\"Domovsk\u00e1 str\u00e1nka\",\"item\":\"https:\/\/klimavex.eu\/sk\/\"},{\"@type\":\"ListItem\",\"position\":2,\"name\":\"Eshop\",\"item\":\"https:\/\/klimavex.eu\/sk\/eshop\/\"},{\"@type\":\"ListItem\",\"position\":3,\"name\":\"Airwell vn\u00fatorn\u00e1 jednotka HDMB 070\"}]},{\"@type\":\"WebSite\",\"@id\":\"https:\/\/klimavex.eu\/sk\/#website\",\"url\":\"https:\/\/klimavex.eu\/sk\/\",\"name\":\"KLIMAVEX GROUP - Slovensko\",\"description\":\"\",\"publisher\":{\"@id\":\"https:\/\/klimavex.eu\/sk\/#organization\"},\"alternateName\":\"KLIMAVEX a.s.\",\"potentialAction\":[{\"@type\":\"SearchAction\",\"target\":{\"@type\":\"EntryPoint\",\"urlTemplate\":\"https:\/\/klimavex.eu\/sk\/?s={search_term_string}\"},\"query-input\":{\"@type\":\"PropertyValueSpecification\",\"valueRequired\":true,\"valueName\":\"search_term_string\"}}],\"inLanguage\":\"sk-SK\"},{\"@type\":\"Organization\",\"@id\":\"https:\/\/klimavex.eu\/sk\/#organization\",\"name\":\"KLIMAVEX GROUP\",\"alternateName\":\"KLIMAVEX a.s.\",\"url\":\"https:\/\/klimavex.eu\/sk\/\",\"logo\":{\"@type\":\"ImageObject\",\"inLanguage\":\"sk-SK\",\"@id\":\"https:\/\/klimavex.eu\/sk\/#\/schema\/logo\/image\/\",\"url\":\"https:\/\/klimavex.eu\/sk\/wp-content\/uploads\/2024\/04\/Klimavex-Group-logo.png\",\"contentUrl\":\"https:\/\/klimavex.eu\/sk\/wp-content\/uploads\/2024\/04\/Klimavex-Group-logo.png\",\"width\":1681,\"height\":472,\"caption\":\"KLIMAVEX GROUP\"},\"image\":{\"@id\":\"https:\/\/klimavex.eu\/sk\/#\/schema\/logo\/image\/\"},\"sameAs\":[\"https:\/\/www.facebook.com\/klimavex\",\"https:\/\/www.instagram.com\/klimavex_sk\/\"]}]}<\/script>\n<!-- \/ Yoast SEO plugin. -->","yoast_head_json":{"title":"Klimatiz\u00e1cia Airwell vn\u00fatorn\u00e1 n\u00e1stenn\u00e1 HDMB 070 7kW - KLIMAVEX GROUP - Slovensko","robots":{"index":"index","follow":"follow","max-snippet":"max-snippet:-1","max-image-preview":"max-image-preview:large","max-video-preview":"max-video-preview:-1"},"canonical":"https:\/\/klimavex.eu\/sk\/katalog\/airwell-vnutorna-jednotka-hdmb-070\/","og_locale":"sk_SK","og_type":"article","og_title":"Klimatiz\u00e1cia Airwell vn\u00fatorn\u00e1 n\u00e1stenn\u00e1 HDMB 070 7kW - KLIMAVEX GROUP - Slovensko","og_description":"Vn&uacute;torn&aacute; jednotka Airwell Harmonia HDMB pre multisplit aplik&aacute;ciu je spo\u013eahliv&aacute; n&aacute;stenn&aacute; klimatiz&aacute;cia, ktor&aacute; sa vyzna\u010duje technol&oacute;giami Golden Fin a I FEEL. Z&aacute;rove\u0148 tie\u017e v&yacute;borne \u010dist&iacute; vzduch cez nieko\u013eko typov filtrov. Jednotka je energeticky ve\u013emi &uacute;\u010dinn&aacute; v re\u017eime chladenia aj vykurovania a dok&aacute;\u017ee vykurova\u0165 a\u017e do -15 &deg;C.","og_url":"https:\/\/klimavex.eu\/sk\/katalog\/airwell-vnutorna-jednotka-hdmb-070\/","og_site_name":"KLIMAVEX GROUP - Slovensko","article_publisher":"https:\/\/www.facebook.com\/klimavex","article_modified_time":"2026-03-31T16:12:23+00:00","og_image":[{"width":9184,"height":9184,"url":"https:\/\/klimavex.eu\/sk\/wp-content\/uploads\/2024\/02\/LOGO-KLIMAVEX-modra-kostka-1.png","type":"image\/png"}],"twitter_card":"summary_large_image","twitter_misc":{"Predpokladan\u00fd \u010das \u010d\u00edtania":"1 min\u00fata"},"schema":{"@context":"https:\/\/schema.org","@graph":[{"@type":"WebPage","@id":"https:\/\/klimavex.eu\/sk\/katalog\/airwell-vnutorna-jednotka-hdmb-070\/","url":"https:\/\/klimavex.eu\/sk\/katalog\/airwell-vnutorna-jednotka-hdmb-070\/","name":"Klimatiz\u00e1cia Airwell vn\u00fatorn\u00e1 n\u00e1stenn\u00e1 HDMB 070 7kW - KLIMAVEX GROUP - Slovensko","isPartOf":{"@id":"https:\/\/klimavex.eu\/sk\/#website"},"primaryImageOfPage":{"@id":"https:\/\/klimavex.eu\/sk\/katalog\/airwell-vnutorna-jednotka-hdmb-070\/#primaryimage"},"image":{"@id":"https:\/\/klimavex.eu\/sk\/katalog\/airwell-vnutorna-jednotka-hdmb-070\/#primaryimage"},"thumbnailUrl":"https:\/\/klimavex.eu\/sk\/wp-content\/uploads\/2025\/09\/ZGXTclWkBFKysQ4uyanlBllbZ07OZ6esqB7YGTdp67c-1.jpeg","datePublished":"2026-03-31T16:11:56+00:00","dateModified":"2026-03-31T16:12:23+00:00","breadcrumb":{"@id":"https:\/\/klimavex.eu\/sk\/katalog\/airwell-vnutorna-jednotka-hdmb-070\/#breadcrumb"},"inLanguage":"sk-SK","potentialAction":[{"@type":"ReadAction","target":["https:\/\/klimavex.eu\/sk\/katalog\/airwell-vnutorna-jednotka-hdmb-070\/"]}]},{"@type":"ImageObject","inLanguage":"sk-SK","@id":"https:\/\/klimavex.eu\/sk\/katalog\/airwell-vnutorna-jednotka-hdmb-070\/#primaryimage","url":"https:\/\/klimavex.eu\/sk\/wp-content\/uploads\/2025\/09\/ZGXTclWkBFKysQ4uyanlBllbZ07OZ6esqB7YGTdp67c-1.jpeg","contentUrl":"https:\/\/klimavex.eu\/sk\/wp-content\/uploads\/2025\/09\/ZGXTclWkBFKysQ4uyanlBllbZ07OZ6esqB7YGTdp67c-1.jpeg","width":1000,"height":335},{"@type":"BreadcrumbList","@id":"https:\/\/klimavex.eu\/sk\/katalog\/airwell-vnutorna-jednotka-hdmb-070\/#breadcrumb","itemListElement":[{"@type":"ListItem","position":1,"name":"Domovsk\u00e1 str\u00e1nka","item":"https:\/\/klimavex.eu\/sk\/"},{"@type":"ListItem","position":2,"name":"Eshop","item":"https:\/\/klimavex.eu\/sk\/eshop\/"},{"@type":"ListItem","position":3,"name":"Airwell vn\u00fatorn\u00e1 jednotka HDMB 070"}]},{"@type":"WebSite","@id":"https:\/\/klimavex.eu\/sk\/#website","url":"https:\/\/klimavex.eu\/sk\/","name":"KLIMAVEX GROUP - Slovensko","description":"","publisher":{"@id":"https:\/\/klimavex.eu\/sk\/#organization"},"alternateName":"KLIMAVEX a.s.","potentialAction":[{"@type":"SearchAction","target":{"@type":"EntryPoint","urlTemplate":"https:\/\/klimavex.eu\/sk\/?s={search_term_string}"},"query-input":{"@type":"PropertyValueSpecification","valueRequired":true,"valueName":"search_term_string"}}],"inLanguage":"sk-SK"},{"@type":"Organization","@id":"https:\/\/klimavex.eu\/sk\/#organization","name":"KLIMAVEX GROUP","alternateName":"KLIMAVEX a.s.","url":"https:\/\/klimavex.eu\/sk\/","logo":{"@type":"ImageObject","inLanguage":"sk-SK","@id":"https:\/\/klimavex.eu\/sk\/#\/schema\/logo\/image\/","url":"https:\/\/klimavex.eu\/sk\/wp-content\/uploads\/2024\/04\/Klimavex-Group-logo.png","contentUrl":"https:\/\/klimavex.eu\/sk\/wp-content\/uploads\/2024\/04\/Klimavex-Group-logo.png","width":1681,"height":472,"caption":"KLIMAVEX GROUP"},"image":{"@id":"https:\/\/klimavex.eu\/sk\/#\/schema\/logo\/image\/"},"sameAs":["https:\/\/www.facebook.com\/klimavex","https:\/\/www.instagram.com\/klimavex_sk\/"]}]}},"_links":{"self":[{"href":"https:\/\/klimavex.eu\/sk\/wp-json\/wp\/v2\/product\/475757","targetHints":{"allow":["GET"]}}],"collection":[{"href":"https:\/\/klimavex.eu\/sk\/wp-json\/wp\/v2\/product"}],"about":[{"href":"https:\/\/klimavex.eu\/sk\/wp-json\/wp\/v2\/types\/product"}],"version-history":[{"count":0,"href":"https:\/\/klimavex.eu\/sk\/wp-json\/wp\/v2\/product\/475757\/revisions"}],"wp:featuredmedia":[{"embeddable":true,"href":"https:\/\/klimavex.eu\/sk\/wp-json\/wp\/v2\/media\/479626"}],"wp:attachment":[{"href":"https:\/\/klimavex.eu\/sk\/wp-json\/wp\/v2\/media?parent=475757"}],"wp:term":[{"taxonomy":"product_cat","embeddable":true,"href":"https:\/\/klimavex.eu\/sk\/wp-json\/wp\/v2\/product_cat?post=475757"},{"taxonomy":"product_tag","embeddable":true,"href":"https:\/\/klimavex.eu\/sk\/wp-json\/wp\/v2\/product_tag?post=475757"}],"curies":[{"name":"wp","href":"https:\/\/api.w.org\/{rel}","templated":true}]}}