{"id":475821,"date":"2026-04-08T22:49:05","date_gmt":"2026-04-08T20:49:05","guid":{"rendered":"https:\/\/klimavex.eu\/sk\/katalog\/hyundai-kazetova-klimatizacia-slim-hcc-24\/"},"modified":"2026-04-08T22:49:49","modified_gmt":"2026-04-08T20:49:49","slug":"hyundai-kazetova-klimatizacia-slim-hcc-24","status":"publish","type":"product","link":"https:\/\/klimavex.eu\/sk\/katalog\/hyundai-kazetova-klimatizacia-slim-hcc-24\/","title":{"rendered":"Hyundai kazetov\u00e1 klimatiz\u00e1cia SLIM HCC 24"},"content":{"rendered":"<p style=\"text-align: justify;\"><strong>K\u013e&uacute;\u010dov&eacute; vlastnosti<\/strong><\/p>\n<ul>\n<li style=\"text-align: justify;\">Chladiaci v&yacute;kon nom(min-max) 7,03 kW (3,30 kW &#8211; 7,91 kW)<\/li>\n<li style=\"text-align: justify;\">Vykurovac&iacute; v&yacute;kon nom(min-max) 7,62 kW (2,81kW &#8211; 8,94 kW)<\/li>\n<li style=\"text-align: justify;\">360&deg; distrib&uacute;cia vzduchu<\/li>\n<li style=\"text-align: justify;\">Motorizovan&eacute; lamely<\/li>\n<li style=\"text-align: justify;\">WiFi modul pre ovl&aacute;danie na dia\u013eku<\/li>\n<li style=\"text-align: justify;\">Zabudovan&eacute; \u010derpadlo kondenz&aacute;tu (750 mm)<\/li>\n<li style=\"text-align: justify;\">N&iacute;zky profil a &scaron;t&yacute;lov&yacute; dekora\u010dn&yacute; panel<\/li>\n<li style=\"text-align: justify;\">Energetick&aacute; trieda A++<\/li>\n<li style=\"text-align: justify;\">Vykurovanie -25&deg;C a\u017e + 24&deg;C vonkaj&scaron;ej teploty<\/li>\n<li style=\"text-align: justify;\">Chladenie -15&deg;C a\u017e + 50&deg;C vonkaj&scaron;ej teploty<\/li>\n<li style=\"text-align: justify;\">Zabudovan&yacute; ohrev kompresora a vane vonkaj&scaron;ej jednotky<\/li>\n<\/ul>\n","protected":false},"excerpt":{"rendered":"<p style=\"text-align: justify;\">Kazetov&aacute; klimatiz&aacute;cia <strong>Hyundai SLIM HCC-M24IU\/2<\/strong> je ur\u010den&aacute; pre kazetov&yacute; raster 900&#215;900 mm. <strong>V\u010faka n&iacute;zkemu profilu a &scaron;t&yacute;lov&eacute;mu dekora\u010dn&eacute;mu panelu<\/strong> sa harmonicky za\u010dlen&iacute; do ak&eacute;hoko\u013evek interi&eacute;ru. Klimatiz&aacute;cia je <strong>vybaven&aacute; WiFi modulom<\/strong> pre jednoduch&eacute; ovl&aacute;danie a <strong>360&deg; distrib&uacute;ciou vzduchu<\/strong> s motorizovan&yacute;mi lamelami pre optim&aacute;lne pr&uacute;denie vzduchu. <strong>Umo\u017enuje vykurovanie a\u017e do -25 &deg;C a chladenie a\u017e do +50 &deg;C vonkaj&scaron;ej teploty<\/strong>.<\/p>\n","protected":false},"featured_media":479769,"template":"","meta":[],"product_cat":[6069,6070,6056],"product_tag":[],"class_list":{"0":"post-475821","1":"product","2":"type-product","3":"status-publish","4":"has-post-thumbnail","6":"product_cat-klimatizacie-archivovane-produkty","7":"product_cat-archivovane-produkty-klimatizacie","8":"product_cat-archivovane-produkty","9":"pa_chlad-do-von-tep-c-15c","10":"pa_chladiaci-vykon-3357","11":"pa_energeticka-trieda-scop-40-a","12":"pa_energeticka-trieda-seer-62-a","13":"pa_extra-funkcia-cerpadlo-kondenzatu","14":"pa_farba-vnutornej-jednotky-biela","15":"pa_filtracia-vzduchu-standard","16":"pa_hlucnost-vnutornej-jednotky-3412","17":"pa_napajanie-1f-230v","18":"pa_prevedenie-kazetovy-split","19":"pa_prikon-chladenie-3414","20":"pa_prikon-vykurovanie-3413","21":"pa_typ-chladiva-r32","22":"pa_vyk-do-von-tepl-c-25c","23":"pa_vykonovy-model-3355","24":"pa_vykurovaci-vykon-3378","25":"pa_wifi-ovladanie-zabudovane","26":"pa_znacka-hyundai","28":"first","29":"outofstock","30":"taxable","31":"shipping-taxable","32":"purchasable","33":"product-type-simple"},"yoast_head":"<!-- This site is optimized with the Yoast SEO plugin v23.9 - https:\/\/yoast.com\/wordpress\/plugins\/seo\/ -->\n<title>Hyundai kazetov\u00e1 klimatiz\u00e1cia SLIM HCC 24 - KLIMAVEX GROUP - Slovensko<\/title>\n<meta name=\"robots\" content=\"index, follow, max-snippet:-1, max-image-preview:large, max-video-preview:-1\" \/>\n<link rel=\"canonical\" href=\"https:\/\/klimavex.eu\/sk\/katalog\/hyundai-kazetova-klimatizacia-slim-hcc-24\/\" \/>\n<meta property=\"og:locale\" content=\"sk_SK\" \/>\n<meta property=\"og:type\" content=\"article\" \/>\n<meta property=\"og:title\" content=\"Hyundai kazetov\u00e1 klimatiz\u00e1cia SLIM HCC 24 - KLIMAVEX GROUP - Slovensko\" \/>\n<meta property=\"og:description\" content=\"Kazetov&aacute; klimatiz&aacute;cia Hyundai SLIM HCC-M24IU\/2 je ur\u010den&aacute; pre kazetov&yacute; raster 900x900 mm. V\u010faka n&iacute;zkemu profilu a &scaron;t&yacute;lov&eacute;mu dekora\u010dn&eacute;mu panelu sa harmonicky za\u010dlen&iacute; do ak&eacute;hoko\u013evek interi&eacute;ru. Klimatiz&aacute;cia je vybaven&aacute; WiFi modulom pre jednoduch&eacute; ovl&aacute;danie a 360&deg; distrib&uacute;ciou vzduchu s motorizovan&yacute;mi lamelami pre optim&aacute;lne pr&uacute;denie vzduchu. Umo\u017enuje vykurovanie a\u017e do -25 &deg;C a chladenie a\u017e do +50 &deg;C vonkaj&scaron;ej teploty.\" \/>\n<meta property=\"og:url\" content=\"https:\/\/klimavex.eu\/sk\/katalog\/hyundai-kazetova-klimatizacia-slim-hcc-24\/\" \/>\n<meta property=\"og:site_name\" content=\"KLIMAVEX GROUP - Slovensko\" \/>\n<meta property=\"article:publisher\" content=\"https:\/\/www.facebook.com\/klimavex\" \/>\n<meta property=\"article:modified_time\" content=\"2026-04-08T20:49:49+00:00\" \/>\n<meta property=\"og:image\" content=\"https:\/\/klimavex.eu\/sk\/wp-content\/uploads\/2024\/02\/LOGO-KLIMAVEX-modra-kostka-1.png\" \/>\n\t<meta property=\"og:image:width\" content=\"9184\" \/>\n\t<meta property=\"og:image:height\" content=\"9184\" \/>\n\t<meta property=\"og:image:type\" content=\"image\/png\" \/>\n<meta name=\"twitter:card\" content=\"summary_large_image\" \/>\n<meta name=\"twitter:label1\" content=\"Predpokladan\u00fd \u010das \u010d\u00edtania\" \/>\n\t<meta name=\"twitter:data1\" content=\"1 min\u00fata\" \/>\n<script type=\"application\/ld+json\" class=\"yoast-schema-graph\">{\"@context\":\"https:\/\/schema.org\",\"@graph\":[{\"@type\":\"WebPage\",\"@id\":\"https:\/\/klimavex.eu\/sk\/katalog\/hyundai-kazetova-klimatizacia-slim-hcc-24\/\",\"url\":\"https:\/\/klimavex.eu\/sk\/katalog\/hyundai-kazetova-klimatizacia-slim-hcc-24\/\",\"name\":\"Hyundai kazetov\u00e1 klimatiz\u00e1cia SLIM HCC 24 - KLIMAVEX GROUP - Slovensko\",\"isPartOf\":{\"@id\":\"https:\/\/klimavex.eu\/sk\/#website\"},\"primaryImageOfPage\":{\"@id\":\"https:\/\/klimavex.eu\/sk\/katalog\/hyundai-kazetova-klimatizacia-slim-hcc-24\/#primaryimage\"},\"image\":{\"@id\":\"https:\/\/klimavex.eu\/sk\/katalog\/hyundai-kazetova-klimatizacia-slim-hcc-24\/#primaryimage\"},\"thumbnailUrl\":\"https:\/\/klimavex.eu\/sk\/wp-content\/uploads\/2025\/09\/LpMVZ95COShuUbOBWnUKspKg9ubn4mli0zVJZvsZlHg.png\",\"datePublished\":\"2026-04-08T20:49:05+00:00\",\"dateModified\":\"2026-04-08T20:49:49+00:00\",\"breadcrumb\":{\"@id\":\"https:\/\/klimavex.eu\/sk\/katalog\/hyundai-kazetova-klimatizacia-slim-hcc-24\/#breadcrumb\"},\"inLanguage\":\"sk-SK\",\"potentialAction\":[{\"@type\":\"ReadAction\",\"target\":[\"https:\/\/klimavex.eu\/sk\/katalog\/hyundai-kazetova-klimatizacia-slim-hcc-24\/\"]}]},{\"@type\":\"ImageObject\",\"inLanguage\":\"sk-SK\",\"@id\":\"https:\/\/klimavex.eu\/sk\/katalog\/hyundai-kazetova-klimatizacia-slim-hcc-24\/#primaryimage\",\"url\":\"https:\/\/klimavex.eu\/sk\/wp-content\/uploads\/2025\/09\/LpMVZ95COShuUbOBWnUKspKg9ubn4mli0zVJZvsZlHg.png\",\"contentUrl\":\"https:\/\/klimavex.eu\/sk\/wp-content\/uploads\/2025\/09\/LpMVZ95COShuUbOBWnUKspKg9ubn4mli0zVJZvsZlHg.png\",\"width\":512,\"height\":724},{\"@type\":\"BreadcrumbList\",\"@id\":\"https:\/\/klimavex.eu\/sk\/katalog\/hyundai-kazetova-klimatizacia-slim-hcc-24\/#breadcrumb\",\"itemListElement\":[{\"@type\":\"ListItem\",\"position\":1,\"name\":\"Domovsk\u00e1 str\u00e1nka\",\"item\":\"https:\/\/klimavex.eu\/sk\/\"},{\"@type\":\"ListItem\",\"position\":2,\"name\":\"Eshop\",\"item\":\"https:\/\/klimavex.eu\/sk\/eshop\/\"},{\"@type\":\"ListItem\",\"position\":3,\"name\":\"Hyundai kazetov\u00e1 klimatiz\u00e1cia SLIM HCC 24\"}]},{\"@type\":\"WebSite\",\"@id\":\"https:\/\/klimavex.eu\/sk\/#website\",\"url\":\"https:\/\/klimavex.eu\/sk\/\",\"name\":\"KLIMAVEX GROUP - Slovensko\",\"description\":\"\",\"publisher\":{\"@id\":\"https:\/\/klimavex.eu\/sk\/#organization\"},\"alternateName\":\"KLIMAVEX a.s.\",\"potentialAction\":[{\"@type\":\"SearchAction\",\"target\":{\"@type\":\"EntryPoint\",\"urlTemplate\":\"https:\/\/klimavex.eu\/sk\/?s={search_term_string}\"},\"query-input\":{\"@type\":\"PropertyValueSpecification\",\"valueRequired\":true,\"valueName\":\"search_term_string\"}}],\"inLanguage\":\"sk-SK\"},{\"@type\":\"Organization\",\"@id\":\"https:\/\/klimavex.eu\/sk\/#organization\",\"name\":\"KLIMAVEX GROUP\",\"alternateName\":\"KLIMAVEX a.s.\",\"url\":\"https:\/\/klimavex.eu\/sk\/\",\"logo\":{\"@type\":\"ImageObject\",\"inLanguage\":\"sk-SK\",\"@id\":\"https:\/\/klimavex.eu\/sk\/#\/schema\/logo\/image\/\",\"url\":\"https:\/\/klimavex.eu\/sk\/wp-content\/uploads\/2024\/04\/Klimavex-Group-logo.png\",\"contentUrl\":\"https:\/\/klimavex.eu\/sk\/wp-content\/uploads\/2024\/04\/Klimavex-Group-logo.png\",\"width\":1681,\"height\":472,\"caption\":\"KLIMAVEX GROUP\"},\"image\":{\"@id\":\"https:\/\/klimavex.eu\/sk\/#\/schema\/logo\/image\/\"},\"sameAs\":[\"https:\/\/www.facebook.com\/klimavex\",\"https:\/\/www.instagram.com\/klimavex_sk\/\"]}]}<\/script>\n<!-- \/ Yoast SEO plugin. -->","yoast_head_json":{"title":"Hyundai kazetov\u00e1 klimatiz\u00e1cia SLIM HCC 24 - KLIMAVEX GROUP - Slovensko","robots":{"index":"index","follow":"follow","max-snippet":"max-snippet:-1","max-image-preview":"max-image-preview:large","max-video-preview":"max-video-preview:-1"},"canonical":"https:\/\/klimavex.eu\/sk\/katalog\/hyundai-kazetova-klimatizacia-slim-hcc-24\/","og_locale":"sk_SK","og_type":"article","og_title":"Hyundai kazetov\u00e1 klimatiz\u00e1cia SLIM HCC 24 - KLIMAVEX GROUP - Slovensko","og_description":"Kazetov&aacute; klimatiz&aacute;cia Hyundai SLIM HCC-M24IU\/2 je ur\u010den&aacute; pre kazetov&yacute; raster 900x900 mm. V\u010faka n&iacute;zkemu profilu a &scaron;t&yacute;lov&eacute;mu dekora\u010dn&eacute;mu panelu sa harmonicky za\u010dlen&iacute; do ak&eacute;hoko\u013evek interi&eacute;ru. Klimatiz&aacute;cia je vybaven&aacute; WiFi modulom pre jednoduch&eacute; ovl&aacute;danie a 360&deg; distrib&uacute;ciou vzduchu s motorizovan&yacute;mi lamelami pre optim&aacute;lne pr&uacute;denie vzduchu. Umo\u017enuje vykurovanie a\u017e do -25 &deg;C a chladenie a\u017e do +50 &deg;C vonkaj&scaron;ej teploty.","og_url":"https:\/\/klimavex.eu\/sk\/katalog\/hyundai-kazetova-klimatizacia-slim-hcc-24\/","og_site_name":"KLIMAVEX GROUP - Slovensko","article_publisher":"https:\/\/www.facebook.com\/klimavex","article_modified_time":"2026-04-08T20:49:49+00:00","og_image":[{"width":9184,"height":9184,"url":"https:\/\/klimavex.eu\/sk\/wp-content\/uploads\/2024\/02\/LOGO-KLIMAVEX-modra-kostka-1.png","type":"image\/png"}],"twitter_card":"summary_large_image","twitter_misc":{"Predpokladan\u00fd \u010das \u010d\u00edtania":"1 min\u00fata"},"schema":{"@context":"https:\/\/schema.org","@graph":[{"@type":"WebPage","@id":"https:\/\/klimavex.eu\/sk\/katalog\/hyundai-kazetova-klimatizacia-slim-hcc-24\/","url":"https:\/\/klimavex.eu\/sk\/katalog\/hyundai-kazetova-klimatizacia-slim-hcc-24\/","name":"Hyundai kazetov\u00e1 klimatiz\u00e1cia SLIM HCC 24 - KLIMAVEX GROUP - Slovensko","isPartOf":{"@id":"https:\/\/klimavex.eu\/sk\/#website"},"primaryImageOfPage":{"@id":"https:\/\/klimavex.eu\/sk\/katalog\/hyundai-kazetova-klimatizacia-slim-hcc-24\/#primaryimage"},"image":{"@id":"https:\/\/klimavex.eu\/sk\/katalog\/hyundai-kazetova-klimatizacia-slim-hcc-24\/#primaryimage"},"thumbnailUrl":"https:\/\/klimavex.eu\/sk\/wp-content\/uploads\/2025\/09\/LpMVZ95COShuUbOBWnUKspKg9ubn4mli0zVJZvsZlHg.png","datePublished":"2026-04-08T20:49:05+00:00","dateModified":"2026-04-08T20:49:49+00:00","breadcrumb":{"@id":"https:\/\/klimavex.eu\/sk\/katalog\/hyundai-kazetova-klimatizacia-slim-hcc-24\/#breadcrumb"},"inLanguage":"sk-SK","potentialAction":[{"@type":"ReadAction","target":["https:\/\/klimavex.eu\/sk\/katalog\/hyundai-kazetova-klimatizacia-slim-hcc-24\/"]}]},{"@type":"ImageObject","inLanguage":"sk-SK","@id":"https:\/\/klimavex.eu\/sk\/katalog\/hyundai-kazetova-klimatizacia-slim-hcc-24\/#primaryimage","url":"https:\/\/klimavex.eu\/sk\/wp-content\/uploads\/2025\/09\/LpMVZ95COShuUbOBWnUKspKg9ubn4mli0zVJZvsZlHg.png","contentUrl":"https:\/\/klimavex.eu\/sk\/wp-content\/uploads\/2025\/09\/LpMVZ95COShuUbOBWnUKspKg9ubn4mli0zVJZvsZlHg.png","width":512,"height":724},{"@type":"BreadcrumbList","@id":"https:\/\/klimavex.eu\/sk\/katalog\/hyundai-kazetova-klimatizacia-slim-hcc-24\/#breadcrumb","itemListElement":[{"@type":"ListItem","position":1,"name":"Domovsk\u00e1 str\u00e1nka","item":"https:\/\/klimavex.eu\/sk\/"},{"@type":"ListItem","position":2,"name":"Eshop","item":"https:\/\/klimavex.eu\/sk\/eshop\/"},{"@type":"ListItem","position":3,"name":"Hyundai kazetov\u00e1 klimatiz\u00e1cia SLIM HCC 24"}]},{"@type":"WebSite","@id":"https:\/\/klimavex.eu\/sk\/#website","url":"https:\/\/klimavex.eu\/sk\/","name":"KLIMAVEX GROUP - Slovensko","description":"","publisher":{"@id":"https:\/\/klimavex.eu\/sk\/#organization"},"alternateName":"KLIMAVEX a.s.","potentialAction":[{"@type":"SearchAction","target":{"@type":"EntryPoint","urlTemplate":"https:\/\/klimavex.eu\/sk\/?s={search_term_string}"},"query-input":{"@type":"PropertyValueSpecification","valueRequired":true,"valueName":"search_term_string"}}],"inLanguage":"sk-SK"},{"@type":"Organization","@id":"https:\/\/klimavex.eu\/sk\/#organization","name":"KLIMAVEX GROUP","alternateName":"KLIMAVEX a.s.","url":"https:\/\/klimavex.eu\/sk\/","logo":{"@type":"ImageObject","inLanguage":"sk-SK","@id":"https:\/\/klimavex.eu\/sk\/#\/schema\/logo\/image\/","url":"https:\/\/klimavex.eu\/sk\/wp-content\/uploads\/2024\/04\/Klimavex-Group-logo.png","contentUrl":"https:\/\/klimavex.eu\/sk\/wp-content\/uploads\/2024\/04\/Klimavex-Group-logo.png","width":1681,"height":472,"caption":"KLIMAVEX GROUP"},"image":{"@id":"https:\/\/klimavex.eu\/sk\/#\/schema\/logo\/image\/"},"sameAs":["https:\/\/www.facebook.com\/klimavex","https:\/\/www.instagram.com\/klimavex_sk\/"]}]}},"_links":{"self":[{"href":"https:\/\/klimavex.eu\/sk\/wp-json\/wp\/v2\/product\/475821","targetHints":{"allow":["GET"]}}],"collection":[{"href":"https:\/\/klimavex.eu\/sk\/wp-json\/wp\/v2\/product"}],"about":[{"href":"https:\/\/klimavex.eu\/sk\/wp-json\/wp\/v2\/types\/product"}],"version-history":[{"count":0,"href":"https:\/\/klimavex.eu\/sk\/wp-json\/wp\/v2\/product\/475821\/revisions"}],"wp:featuredmedia":[{"embeddable":true,"href":"https:\/\/klimavex.eu\/sk\/wp-json\/wp\/v2\/media\/479769"}],"wp:attachment":[{"href":"https:\/\/klimavex.eu\/sk\/wp-json\/wp\/v2\/media?parent=475821"}],"wp:term":[{"taxonomy":"product_cat","embeddable":true,"href":"https:\/\/klimavex.eu\/sk\/wp-json\/wp\/v2\/product_cat?post=475821"},{"taxonomy":"product_tag","embeddable":true,"href":"https:\/\/klimavex.eu\/sk\/wp-json\/wp\/v2\/product_tag?post=475821"}],"curies":[{"name":"wp","href":"https:\/\/api.w.org\/{rel}","templated":true}]}}