{"id":475823,"date":"2026-04-24T22:49:05","date_gmt":"2026-04-24T20:49:05","guid":{"rendered":"https:\/\/klimavex.eu\/sk\/katalog\/hyundai-vnutorna-jednotka-eco-easy-pro-hrp-18\/"},"modified":"2026-04-24T22:49:58","modified_gmt":"2026-04-24T20:49:58","slug":"klimatizacia-hyundai-vnutorna-nastenna-eco-easy-pro-eepi-18-5kw","status":"publish","type":"product","link":"https:\/\/klimavex.eu\/sk\/katalog\/klimatizacia-hyundai-vnutorna-nastenna-eco-easy-pro-eepi-18-5kw\/","title":{"rendered":"Klimatiz\u00e1cia Hyundai vn\u00fatorn\u00e1 n\u00e1stenn\u00e1 ECO EASY PRO EEPI 18 5kW"},"content":{"rendered":"<p style=\"text-align: justify;\"><strong>K\u013e&uacute;\u010dov&eacute; vlastnosti<\/strong><\/p>\n<ul>\n<li style=\"text-align: justify;\">Zabudovan&yacute; ohrev kompresora a vane vonkaj&scaron;ej jednotky<\/li>\n<li style=\"text-align: justify;\">Tich&aacute; prev&aacute;dzka &ndash; od 20,5 dB(A)<\/li>\n<li style=\"text-align: justify;\">Tich&yacute; re\u017eim, re\u017eim sp&aacute;nku, pohotovostn&yacute; re\u017eim<\/li>\n<li style=\"text-align: justify;\">Extra vysok&aacute; energetick&aacute; &uacute;\u010dinnos\u0165 A+++<\/li>\n<li style=\"text-align: justify;\">Vybaven&eacute; ioniz&aacute;torom<\/li>\n<li style=\"text-align: justify;\">Vybaven&eacute; predfiltrami HD, filtrom s akt&iacute;vnym uhl&iacute;m, katalytick&yacute;m filtrom a strieborn&yacute;m i&oacute;nov&yacute;m filtrom<\/li>\n<li style=\"text-align: justify;\">Rozsah chladenia a\u017e do 50&deg;C vonkaj&scaron;ej teploty<\/li>\n<li style=\"text-align: justify;\">Rozsah vykurovania a\u017e do -30&deg;C vonkaj&scaron;ej teploty<\/li>\n<li style=\"text-align: justify;\">Temper&aacute;cia na +8&deg;C pri automatickom riaden&iacute; prev&aacute;dzky klimatiz&aacute;cie<\/li>\n<li style=\"text-align: justify;\">Dia\u013ekov&eacute; ovl&aacute;danie v\u010faka modulu Wi-Fi<\/li>\n<li style=\"text-align: justify;\">5 rokov z&aacute;ruka<\/li>\n<li style=\"text-align: justify;\">Kompatibiln&yacute; s multisplit<\/li>\n<\/ul>\n","protected":false},"excerpt":{"rendered":"<p style=\"text-align: justify;\"><strong>Hyundai ECO EASY PRO <\/strong>je vn&uacute;torn&aacute; n&aacute;stenn&aacute; jednotka <strong>pre multisplit <\/strong>zapojenie, ktor&aacute; predstavuje &scaron;t&yacute;lov&yacute; dizajn, <strong>tich&uacute; prev&aacute;dzku <\/strong>a pokro\u010dil&uacute; filtr&aacute;ciu (<strong>ioniz&aacute;tor <\/strong>a doplnkov&eacute; filtre). &Scaron;peci&aacute;lna intern&aacute; &scaron;trukt&uacute;ra jednotky (elektronika pr&iacute;stupn&aacute; spredu, odn&iacute;mate\u013en&aacute; spodn&aacute; \u010das\u0165 jednotky pre jednoduch&yacute; pr&iacute;stup k ventil&aacute;toru) umo\u017e\u0148uje <strong>ve\u013emi jednoduch&uacute; a r&yacute;chlu mont&aacute;\u017e aj &uacute;dr\u017ebu<\/strong>. Umo\u017e\u0148uje <strong>vykurova\u0165 a\u017e do -30&deg;C <\/strong>vonkaj&scaron;ej teploty v\u010faka zabudovan&eacute;mu <strong>ohrevu kompresora a vane vonkaj&scaron;ej jednotky<\/strong>.<\/p>\n","protected":false},"featured_media":479779,"template":"","meta":[],"product_cat":[196,526,198,195,343,581],"product_tag":[],"class_list":{"0":"post-475823","1":"product","2":"type-product","3":"status-publish","4":"has-post-thumbnail","6":"product_cat-podla-znacky","7":"product_cat-hyundai-podla-znacky","8":"product_cat-podla-typu","9":"product_cat-klimatizacie","10":"product_cat-multisplity","11":"product_cat-multisplit","12":"pa_chladiaci-vykon-3400","13":"pa_farba-vnutornej-jednotky-biela","14":"pa_filtracia-vzduchu-ionizator","15":"pa_hlucnost-vnutornej-jednotky-3369","16":"pa_multisplit-vnutorna-nastenna-50","17":"pa_napajanie-1f-230v","18":"pa_prevedenie-multisplit-vnutorna","19":"pa_typ-chladiva-r32","20":"pa_vykurovaci-vykon-3571","21":"pa_wifi-ovladanie-zabudovane","22":"pa_znacka-hyundai","24":"first","25":"instock","26":"taxable","27":"shipping-taxable","28":"purchasable","29":"product-type-simple"},"yoast_head":"<!-- This site is optimized with the Yoast SEO plugin v23.9 - https:\/\/yoast.com\/wordpress\/plugins\/seo\/ -->\n<title>Klimatiz\u00e1cia Hyundai vn\u00fatorn\u00e1 n\u00e1stenn\u00e1 ECO EASY PRO EEPI 18 5kW - KLIMAVEX GROUP - Slovensko<\/title>\n<meta name=\"robots\" content=\"index, follow, max-snippet:-1, max-image-preview:large, max-video-preview:-1\" \/>\n<link rel=\"canonical\" href=\"https:\/\/klimavex.eu\/sk\/katalog\/hyundai-vnutorna-jednotka-eco-easy-pro-hrp-18\/\" \/>\n<meta property=\"og:locale\" content=\"sk_SK\" \/>\n<meta property=\"og:type\" content=\"article\" \/>\n<meta property=\"og:title\" content=\"Klimatiz\u00e1cia Hyundai vn\u00fatorn\u00e1 n\u00e1stenn\u00e1 ECO EASY PRO EEPI 18 5kW - KLIMAVEX GROUP - Slovensko\" \/>\n<meta property=\"og:description\" content=\"Hyundai ECO EASY PRO je vn&uacute;torn&aacute; n&aacute;stenn&aacute; jednotka pre multisplit zapojenie, ktor&aacute; predstavuje &scaron;t&yacute;lov&yacute; dizajn, tich&uacute; prev&aacute;dzku a pokro\u010dil&uacute; filtr&aacute;ciu (ioniz&aacute;tor a doplnkov&eacute; filtre). &Scaron;peci&aacute;lna intern&aacute; &scaron;trukt&uacute;ra jednotky (elektronika pr&iacute;stupn&aacute; spredu, odn&iacute;mate\u013en&aacute; spodn&aacute; \u010das\u0165 jednotky pre jednoduch&yacute; pr&iacute;stup k ventil&aacute;toru) umo\u017e\u0148uje ve\u013emi jednoduch&uacute; a r&yacute;chlu mont&aacute;\u017e aj &uacute;dr\u017ebu. Umo\u017e\u0148uje vykurova\u0165 a\u017e do -30&deg;C vonkaj&scaron;ej teploty v\u010faka zabudovan&eacute;mu ohrevu kompresora a vane vonkaj&scaron;ej jednotky.\" \/>\n<meta property=\"og:url\" content=\"https:\/\/klimavex.eu\/sk\/katalog\/hyundai-vnutorna-jednotka-eco-easy-pro-hrp-18\/\" \/>\n<meta property=\"og:site_name\" content=\"KLIMAVEX GROUP - Slovensko\" \/>\n<meta property=\"article:publisher\" content=\"https:\/\/www.facebook.com\/klimavex\" \/>\n<meta property=\"article:modified_time\" content=\"2026-04-24T20:49:58+00:00\" \/>\n<meta property=\"og:image\" content=\"https:\/\/klimavex.eu\/sk\/wp-content\/uploads\/2024\/02\/LOGO-KLIMAVEX-modra-kostka-1.png\" \/>\n\t<meta property=\"og:image:width\" content=\"9184\" \/>\n\t<meta property=\"og:image:height\" content=\"9184\" \/>\n\t<meta property=\"og:image:type\" content=\"image\/png\" \/>\n<meta name=\"twitter:card\" content=\"summary_large_image\" \/>\n<meta name=\"twitter:label1\" content=\"Predpokladan\u00fd \u010das \u010d\u00edtania\" \/>\n\t<meta name=\"twitter:data1\" content=\"1 min\u00fata\" \/>\n<script type=\"application\/ld+json\" class=\"yoast-schema-graph\">{\"@context\":\"https:\/\/schema.org\",\"@graph\":[{\"@type\":\"WebPage\",\"@id\":\"https:\/\/klimavex.eu\/sk\/katalog\/hyundai-vnutorna-jednotka-eco-easy-pro-hrp-18\/\",\"url\":\"https:\/\/klimavex.eu\/sk\/katalog\/hyundai-vnutorna-jednotka-eco-easy-pro-hrp-18\/\",\"name\":\"Klimatiz\u00e1cia Hyundai vn\u00fatorn\u00e1 n\u00e1stenn\u00e1 ECO EASY PRO EEPI 18 5kW - KLIMAVEX GROUP - Slovensko\",\"isPartOf\":{\"@id\":\"https:\/\/klimavex.eu\/sk\/#website\"},\"primaryImageOfPage\":{\"@id\":\"https:\/\/klimavex.eu\/sk\/katalog\/hyundai-vnutorna-jednotka-eco-easy-pro-hrp-18\/#primaryimage\"},\"image\":{\"@id\":\"https:\/\/klimavex.eu\/sk\/katalog\/hyundai-vnutorna-jednotka-eco-easy-pro-hrp-18\/#primaryimage\"},\"thumbnailUrl\":\"https:\/\/klimavex.eu\/sk\/wp-content\/uploads\/2025\/09\/Wu5nOZ91vuWnOlN2I1u6e-7VtbmLEyxBeO_jMFXN8h4.png\",\"datePublished\":\"2026-04-24T20:49:05+00:00\",\"dateModified\":\"2026-04-24T20:49:58+00:00\",\"breadcrumb\":{\"@id\":\"https:\/\/klimavex.eu\/sk\/katalog\/hyundai-vnutorna-jednotka-eco-easy-pro-hrp-18\/#breadcrumb\"},\"inLanguage\":\"sk-SK\",\"potentialAction\":[{\"@type\":\"ReadAction\",\"target\":[\"https:\/\/klimavex.eu\/sk\/katalog\/hyundai-vnutorna-jednotka-eco-easy-pro-hrp-18\/\"]}]},{\"@type\":\"ImageObject\",\"inLanguage\":\"sk-SK\",\"@id\":\"https:\/\/klimavex.eu\/sk\/katalog\/hyundai-vnutorna-jednotka-eco-easy-pro-hrp-18\/#primaryimage\",\"url\":\"https:\/\/klimavex.eu\/sk\/wp-content\/uploads\/2025\/09\/Wu5nOZ91vuWnOlN2I1u6e-7VtbmLEyxBeO_jMFXN8h4.png\",\"contentUrl\":\"https:\/\/klimavex.eu\/sk\/wp-content\/uploads\/2025\/09\/Wu5nOZ91vuWnOlN2I1u6e-7VtbmLEyxBeO_jMFXN8h4.png\",\"width\":609,\"height\":512},{\"@type\":\"BreadcrumbList\",\"@id\":\"https:\/\/klimavex.eu\/sk\/katalog\/hyundai-vnutorna-jednotka-eco-easy-pro-hrp-18\/#breadcrumb\",\"itemListElement\":[{\"@type\":\"ListItem\",\"position\":1,\"name\":\"Domovsk\u00e1 str\u00e1nka\",\"item\":\"https:\/\/klimavex.eu\/sk\/\"},{\"@type\":\"ListItem\",\"position\":2,\"name\":\"Eshop\",\"item\":\"https:\/\/klimavex.eu\/sk\/eshop\/\"},{\"@type\":\"ListItem\",\"position\":3,\"name\":\"Hyundai vn\u00fatorn\u00e1 jednotka ECO EASY PRO HRP 18\"}]},{\"@type\":\"WebSite\",\"@id\":\"https:\/\/klimavex.eu\/sk\/#website\",\"url\":\"https:\/\/klimavex.eu\/sk\/\",\"name\":\"KLIMAVEX GROUP - Slovensko\",\"description\":\"\",\"publisher\":{\"@id\":\"https:\/\/klimavex.eu\/sk\/#organization\"},\"alternateName\":\"KLIMAVEX a.s.\",\"potentialAction\":[{\"@type\":\"SearchAction\",\"target\":{\"@type\":\"EntryPoint\",\"urlTemplate\":\"https:\/\/klimavex.eu\/sk\/?s={search_term_string}\"},\"query-input\":{\"@type\":\"PropertyValueSpecification\",\"valueRequired\":true,\"valueName\":\"search_term_string\"}}],\"inLanguage\":\"sk-SK\"},{\"@type\":\"Organization\",\"@id\":\"https:\/\/klimavex.eu\/sk\/#organization\",\"name\":\"KLIMAVEX GROUP\",\"alternateName\":\"KLIMAVEX a.s.\",\"url\":\"https:\/\/klimavex.eu\/sk\/\",\"logo\":{\"@type\":\"ImageObject\",\"inLanguage\":\"sk-SK\",\"@id\":\"https:\/\/klimavex.eu\/sk\/#\/schema\/logo\/image\/\",\"url\":\"https:\/\/klimavex.eu\/sk\/wp-content\/uploads\/2024\/04\/Klimavex-Group-logo.png\",\"contentUrl\":\"https:\/\/klimavex.eu\/sk\/wp-content\/uploads\/2024\/04\/Klimavex-Group-logo.png\",\"width\":1681,\"height\":472,\"caption\":\"KLIMAVEX GROUP\"},\"image\":{\"@id\":\"https:\/\/klimavex.eu\/sk\/#\/schema\/logo\/image\/\"},\"sameAs\":[\"https:\/\/www.facebook.com\/klimavex\",\"https:\/\/www.instagram.com\/klimavex_sk\/\"]}]}<\/script>\n<!-- \/ Yoast SEO plugin. -->","yoast_head_json":{"title":"Klimatiz\u00e1cia Hyundai vn\u00fatorn\u00e1 n\u00e1stenn\u00e1 ECO EASY PRO EEPI 18 5kW - KLIMAVEX GROUP - Slovensko","robots":{"index":"index","follow":"follow","max-snippet":"max-snippet:-1","max-image-preview":"max-image-preview:large","max-video-preview":"max-video-preview:-1"},"canonical":"https:\/\/klimavex.eu\/sk\/katalog\/hyundai-vnutorna-jednotka-eco-easy-pro-hrp-18\/","og_locale":"sk_SK","og_type":"article","og_title":"Klimatiz\u00e1cia Hyundai vn\u00fatorn\u00e1 n\u00e1stenn\u00e1 ECO EASY PRO EEPI 18 5kW - KLIMAVEX GROUP - Slovensko","og_description":"Hyundai ECO EASY PRO je vn&uacute;torn&aacute; n&aacute;stenn&aacute; jednotka pre multisplit zapojenie, ktor&aacute; predstavuje &scaron;t&yacute;lov&yacute; dizajn, tich&uacute; prev&aacute;dzku a pokro\u010dil&uacute; filtr&aacute;ciu (ioniz&aacute;tor a doplnkov&eacute; filtre). &Scaron;peci&aacute;lna intern&aacute; &scaron;trukt&uacute;ra jednotky (elektronika pr&iacute;stupn&aacute; spredu, odn&iacute;mate\u013en&aacute; spodn&aacute; \u010das\u0165 jednotky pre jednoduch&yacute; pr&iacute;stup k ventil&aacute;toru) umo\u017e\u0148uje ve\u013emi jednoduch&uacute; a r&yacute;chlu mont&aacute;\u017e aj &uacute;dr\u017ebu. Umo\u017e\u0148uje vykurova\u0165 a\u017e do -30&deg;C vonkaj&scaron;ej teploty v\u010faka zabudovan&eacute;mu ohrevu kompresora a vane vonkaj&scaron;ej jednotky.","og_url":"https:\/\/klimavex.eu\/sk\/katalog\/hyundai-vnutorna-jednotka-eco-easy-pro-hrp-18\/","og_site_name":"KLIMAVEX GROUP - Slovensko","article_publisher":"https:\/\/www.facebook.com\/klimavex","article_modified_time":"2026-04-24T20:49:58+00:00","og_image":[{"width":9184,"height":9184,"url":"https:\/\/klimavex.eu\/sk\/wp-content\/uploads\/2024\/02\/LOGO-KLIMAVEX-modra-kostka-1.png","type":"image\/png"}],"twitter_card":"summary_large_image","twitter_misc":{"Predpokladan\u00fd \u010das \u010d\u00edtania":"1 min\u00fata"},"schema":{"@context":"https:\/\/schema.org","@graph":[{"@type":"WebPage","@id":"https:\/\/klimavex.eu\/sk\/katalog\/hyundai-vnutorna-jednotka-eco-easy-pro-hrp-18\/","url":"https:\/\/klimavex.eu\/sk\/katalog\/hyundai-vnutorna-jednotka-eco-easy-pro-hrp-18\/","name":"Klimatiz\u00e1cia Hyundai vn\u00fatorn\u00e1 n\u00e1stenn\u00e1 ECO EASY PRO EEPI 18 5kW - KLIMAVEX GROUP - Slovensko","isPartOf":{"@id":"https:\/\/klimavex.eu\/sk\/#website"},"primaryImageOfPage":{"@id":"https:\/\/klimavex.eu\/sk\/katalog\/hyundai-vnutorna-jednotka-eco-easy-pro-hrp-18\/#primaryimage"},"image":{"@id":"https:\/\/klimavex.eu\/sk\/katalog\/hyundai-vnutorna-jednotka-eco-easy-pro-hrp-18\/#primaryimage"},"thumbnailUrl":"https:\/\/klimavex.eu\/sk\/wp-content\/uploads\/2025\/09\/Wu5nOZ91vuWnOlN2I1u6e-7VtbmLEyxBeO_jMFXN8h4.png","datePublished":"2026-04-24T20:49:05+00:00","dateModified":"2026-04-24T20:49:58+00:00","breadcrumb":{"@id":"https:\/\/klimavex.eu\/sk\/katalog\/hyundai-vnutorna-jednotka-eco-easy-pro-hrp-18\/#breadcrumb"},"inLanguage":"sk-SK","potentialAction":[{"@type":"ReadAction","target":["https:\/\/klimavex.eu\/sk\/katalog\/hyundai-vnutorna-jednotka-eco-easy-pro-hrp-18\/"]}]},{"@type":"ImageObject","inLanguage":"sk-SK","@id":"https:\/\/klimavex.eu\/sk\/katalog\/hyundai-vnutorna-jednotka-eco-easy-pro-hrp-18\/#primaryimage","url":"https:\/\/klimavex.eu\/sk\/wp-content\/uploads\/2025\/09\/Wu5nOZ91vuWnOlN2I1u6e-7VtbmLEyxBeO_jMFXN8h4.png","contentUrl":"https:\/\/klimavex.eu\/sk\/wp-content\/uploads\/2025\/09\/Wu5nOZ91vuWnOlN2I1u6e-7VtbmLEyxBeO_jMFXN8h4.png","width":609,"height":512},{"@type":"BreadcrumbList","@id":"https:\/\/klimavex.eu\/sk\/katalog\/hyundai-vnutorna-jednotka-eco-easy-pro-hrp-18\/#breadcrumb","itemListElement":[{"@type":"ListItem","position":1,"name":"Domovsk\u00e1 str\u00e1nka","item":"https:\/\/klimavex.eu\/sk\/"},{"@type":"ListItem","position":2,"name":"Eshop","item":"https:\/\/klimavex.eu\/sk\/eshop\/"},{"@type":"ListItem","position":3,"name":"Hyundai vn\u00fatorn\u00e1 jednotka ECO EASY PRO HRP 18"}]},{"@type":"WebSite","@id":"https:\/\/klimavex.eu\/sk\/#website","url":"https:\/\/klimavex.eu\/sk\/","name":"KLIMAVEX GROUP - Slovensko","description":"","publisher":{"@id":"https:\/\/klimavex.eu\/sk\/#organization"},"alternateName":"KLIMAVEX a.s.","potentialAction":[{"@type":"SearchAction","target":{"@type":"EntryPoint","urlTemplate":"https:\/\/klimavex.eu\/sk\/?s={search_term_string}"},"query-input":{"@type":"PropertyValueSpecification","valueRequired":true,"valueName":"search_term_string"}}],"inLanguage":"sk-SK"},{"@type":"Organization","@id":"https:\/\/klimavex.eu\/sk\/#organization","name":"KLIMAVEX GROUP","alternateName":"KLIMAVEX a.s.","url":"https:\/\/klimavex.eu\/sk\/","logo":{"@type":"ImageObject","inLanguage":"sk-SK","@id":"https:\/\/klimavex.eu\/sk\/#\/schema\/logo\/image\/","url":"https:\/\/klimavex.eu\/sk\/wp-content\/uploads\/2024\/04\/Klimavex-Group-logo.png","contentUrl":"https:\/\/klimavex.eu\/sk\/wp-content\/uploads\/2024\/04\/Klimavex-Group-logo.png","width":1681,"height":472,"caption":"KLIMAVEX GROUP"},"image":{"@id":"https:\/\/klimavex.eu\/sk\/#\/schema\/logo\/image\/"},"sameAs":["https:\/\/www.facebook.com\/klimavex","https:\/\/www.instagram.com\/klimavex_sk\/"]}]}},"_links":{"self":[{"href":"https:\/\/klimavex.eu\/sk\/wp-json\/wp\/v2\/product\/475823","targetHints":{"allow":["GET"]}}],"collection":[{"href":"https:\/\/klimavex.eu\/sk\/wp-json\/wp\/v2\/product"}],"about":[{"href":"https:\/\/klimavex.eu\/sk\/wp-json\/wp\/v2\/types\/product"}],"version-history":[{"count":0,"href":"https:\/\/klimavex.eu\/sk\/wp-json\/wp\/v2\/product\/475823\/revisions"}],"wp:featuredmedia":[{"embeddable":true,"href":"https:\/\/klimavex.eu\/sk\/wp-json\/wp\/v2\/media\/479779"}],"wp:attachment":[{"href":"https:\/\/klimavex.eu\/sk\/wp-json\/wp\/v2\/media?parent=475823"}],"wp:term":[{"taxonomy":"product_cat","embeddable":true,"href":"https:\/\/klimavex.eu\/sk\/wp-json\/wp\/v2\/product_cat?post=475823"},{"taxonomy":"product_tag","embeddable":true,"href":"https:\/\/klimavex.eu\/sk\/wp-json\/wp\/v2\/product_tag?post=475823"}],"curies":[{"name":"wp","href":"https:\/\/api.w.org\/{rel}","templated":true}]}}