{"id":475875,"date":"2026-03-31T18:14:40","date_gmt":"2026-03-31T16:14:40","guid":{"rendered":"https:\/\/klimavex.eu\/sk\/katalog\/samsung-potrubna-klimatizacia-msp-duct-highee-ac120\/"},"modified":"2026-03-31T18:14:50","modified_gmt":"2026-03-31T16:14:50","slug":"samsung-potrubna-klimatizacia-msp-duct-highee-ac120","status":"publish","type":"product","link":"https:\/\/klimavex.eu\/sk\/katalog\/samsung-potrubna-klimatizacia-msp-duct-highee-ac120\/","title":{"rendered":"Samsung\n  potrubn\u00e1 klimatiz\u00e1cia MSP Duct HighEE AC120"},"content":{"rendered":"<p style=\"text-align:justify\"><span style=\"font-size:11pt\"><span style=\"font-family:Calibri,sans-serif\"><strong>K\u013e&uacute;\u010dov&eacute; vlastnosti<\/strong><\/span><\/span><\/p>\n<ul>\n<li style=\"text-align:justify\"><span style=\"font-size:11pt\"><span style=\"font-family:Calibri,sans-serif\">Um&yacute;vate\u013en&yacute; filter s dlhou \u017eivotnos\u0165ou<\/span><\/span><\/li>\n<li style=\"text-align:justify\"><span style=\"font-size:11pt\"><span style=\"font-family:Calibri,sans-serif\">Extern&yacute; statick&yacute; tlak motora ventil&aacute;tora do 147 Pa<\/span><\/span><\/li>\n<li style=\"text-align:justify\"><span style=\"font-size:11pt\"><span style=\"font-family:Calibri,sans-serif\">Funkcia Auto Restart<\/span><\/span><\/li>\n<li style=\"text-align:justify\"><span style=\"font-size:11pt\"><span style=\"font-family:Calibri,sans-serif\">Volite\u013en&eacute; \u010derpadlo kondenz&aacute;tu s v&yacute;tla\u010dnou v&yacute;&scaron;kou 750mm<\/span><\/span><\/li>\n<li style=\"text-align:justify\"><span style=\"font-size:11pt\"><span style=\"font-family:Calibri,sans-serif\">Prev&aacute;dzkov&yacute; rozsah chladenia -20 &#8211; 52&deg;C<\/span><\/span><\/li>\n<li style=\"text-align:justify\"><span style=\"font-size:11pt\"><span style=\"font-family:Calibri,sans-serif\">Prev&aacute;dzkov&yacute; rozsah vykurovania -25 &#8211; 24&deg;C<\/span><\/span><\/li>\n<li style=\"text-align:justify\"><span style=\"font-size:11pt\"><span style=\"font-family:Calibri,sans-serif\">100% vykurovac&iacute; v&yacute;kon pri teplote -15&deg;C<\/span><\/span><\/li>\n<li style=\"text-align:justify\"><span style=\"font-size:11pt\"><span style=\"font-family:Calibri,sans-serif\">Prev&aacute;dzkov&yacute; rozsah vn&uacute;tornej teploty vykurovania od 8&deg;C (s infra\u010derven&yacute;m ovl&aacute;da\u010dom)<\/span><\/span><\/li>\n<li style=\"text-align:justify\"><span style=\"font-size:11pt\"><span style=\"font-family:Calibri,sans-serif\">Volite\u013en&eacute; \u010derpadlo kondenz&aacute;tu s v&yacute;tla\u010dnou v&yacute;&scaron;kou 750mm<\/span><\/span><\/li>\n<li style=\"text-align:justify\"><span style=\"font-size:11pt\"><span style=\"font-family:Calibri,sans-serif\">3f&aacute;zov&eacute; el. nap&aacute;janie<\/span><\/span><\/li>\n<\/ul>\n","protected":false},"excerpt":{"rendered":"<p style=\"text-align:justify\"><span style=\"font-size:11pt\"><span style=\"font-family:Calibri,sans-serif\"><strong>Samsung MSP Duct <\/strong>je potrubn&aacute; klimatiza\u010dn&aacute; jednotka na <strong>komer\u010dn&eacute; &uacute;\u010dely<\/strong>. Verzia jednotky <strong>HighEE <\/strong>pon&uacute;ka e&scaron;te vy&scaron;&scaron;iu prev&aacute;dzkov&uacute; &uacute;\u010dinnos\u0165. T&aacute;to klimatiz&aacute;cia, ktor&aacute; dok&aacute;\u017ee chladi\u0165 aj k&uacute;ri\u0165, disponuje \u013eahko <strong>um&yacute;vate\u013en&yacute;m filtrom <\/strong>s dlhou \u017eivotnos\u0165ou. Extern&yacute; statick&yacute; tlak motora ventil&aacute;tora dosahuje &uacute;rove\u0148 a\u017e do <strong>147 Pa<\/strong>. U\u017e&iacute;va sa ekologick&eacute; <strong>chladivo<\/strong> <strong>R32.<\/strong><\/span><\/span><\/p>\n","protected":false},"featured_media":479896,"template":"","meta":[],"product_cat":[6069,6070,6056],"product_tag":[],"class_list":{"0":"post-475875","1":"product","2":"type-product","3":"status-publish","4":"has-post-thumbnail","6":"product_cat-klimatizacie-archivovane-produkty","7":"product_cat-archivovane-produkty-klimatizacie","8":"product_cat-archivovane-produkty","9":"pa_chlad-do-von-tep-c-do-20c","10":"pa_chladiaci-vykon-3773","11":"pa_energeticka-trieda-scop-aplus","12":"pa_energeticka-trieda-seer-aplus","13":"pa_extra-funkcia-highee","14":"pa_napajanie-3f-400v","15":"pa_prevedenie-potrubny-split","16":"pa_prikon-chladenie-3451","17":"pa_prikon-vykurovanie-3601","18":"pa_typ-chladiva-r32","19":"pa_vyk-do-von-tepl-c-do-25c","20":"pa_vykonovy-model-3745","21":"pa_vykurovaci-vykon-3921","22":"pa_wifi-ovladanie-volitelne","23":"pa_znacka-samsung","25":"first","26":"outofstock","27":"taxable","28":"shipping-taxable","29":"purchasable","30":"product-type-simple"},"yoast_head":"<!-- This site is optimized with the Yoast SEO plugin v23.9 - https:\/\/yoast.com\/wordpress\/plugins\/seo\/ -->\n<title>Samsung  potrubn\u00e1 klimatiz\u00e1cia MSP Duct HighEE AC120 - KLIMAVEX GROUP - Slovensko<\/title>\n<meta name=\"robots\" content=\"index, follow, max-snippet:-1, max-image-preview:large, max-video-preview:-1\" \/>\n<link rel=\"canonical\" href=\"https:\/\/klimavex.eu\/sk\/katalog\/samsung-potrubna-klimatizacia-msp-duct-highee-ac120\/\" \/>\n<meta property=\"og:locale\" content=\"sk_SK\" \/>\n<meta property=\"og:type\" content=\"article\" \/>\n<meta property=\"og:title\" content=\"Samsung  potrubn\u00e1 klimatiz\u00e1cia MSP Duct HighEE AC120 - KLIMAVEX GROUP - Slovensko\" \/>\n<meta property=\"og:description\" content=\"Samsung MSP Duct je potrubn&aacute; klimatiza\u010dn&aacute; jednotka na komer\u010dn&eacute; &uacute;\u010dely. Verzia jednotky HighEE pon&uacute;ka e&scaron;te vy&scaron;&scaron;iu prev&aacute;dzkov&uacute; &uacute;\u010dinnos\u0165. T&aacute;to klimatiz&aacute;cia, ktor&aacute; dok&aacute;\u017ee chladi\u0165 aj k&uacute;ri\u0165, disponuje \u013eahko um&yacute;vate\u013en&yacute;m filtrom s dlhou \u017eivotnos\u0165ou. Extern&yacute; statick&yacute; tlak motora ventil&aacute;tora dosahuje &uacute;rove\u0148 a\u017e do 147 Pa. U\u017e&iacute;va sa ekologick&eacute; chladivo R32.\" \/>\n<meta property=\"og:url\" content=\"https:\/\/klimavex.eu\/sk\/katalog\/samsung-potrubna-klimatizacia-msp-duct-highee-ac120\/\" \/>\n<meta property=\"og:site_name\" content=\"KLIMAVEX GROUP - Slovensko\" \/>\n<meta property=\"article:publisher\" content=\"https:\/\/www.facebook.com\/klimavex\" \/>\n<meta property=\"article:modified_time\" content=\"2026-03-31T16:14:50+00:00\" \/>\n<meta property=\"og:image\" content=\"https:\/\/klimavex.eu\/sk\/wp-content\/uploads\/2024\/02\/LOGO-KLIMAVEX-modra-kostka-1.png\" \/>\n\t<meta property=\"og:image:width\" content=\"9184\" \/>\n\t<meta property=\"og:image:height\" content=\"9184\" \/>\n\t<meta property=\"og:image:type\" content=\"image\/png\" \/>\n<meta name=\"twitter:card\" content=\"summary_large_image\" \/>\n<meta name=\"twitter:label1\" content=\"Predpokladan\u00fd \u010das \u010d\u00edtania\" \/>\n\t<meta name=\"twitter:data1\" content=\"1 min\u00fata\" \/>\n<script type=\"application\/ld+json\" class=\"yoast-schema-graph\">{\"@context\":\"https:\/\/schema.org\",\"@graph\":[{\"@type\":\"WebPage\",\"@id\":\"https:\/\/klimavex.eu\/sk\/katalog\/samsung-potrubna-klimatizacia-msp-duct-highee-ac120\/\",\"url\":\"https:\/\/klimavex.eu\/sk\/katalog\/samsung-potrubna-klimatizacia-msp-duct-highee-ac120\/\",\"name\":\"Samsung potrubn\u00e1 klimatiz\u00e1cia MSP Duct HighEE AC120 - KLIMAVEX GROUP - Slovensko\",\"isPartOf\":{\"@id\":\"https:\/\/klimavex.eu\/sk\/#website\"},\"primaryImageOfPage\":{\"@id\":\"https:\/\/klimavex.eu\/sk\/katalog\/samsung-potrubna-klimatizacia-msp-duct-highee-ac120\/#primaryimage\"},\"image\":{\"@id\":\"https:\/\/klimavex.eu\/sk\/katalog\/samsung-potrubna-klimatizacia-msp-duct-highee-ac120\/#primaryimage\"},\"thumbnailUrl\":\"https:\/\/klimavex.eu\/sk\/wp-content\/uploads\/2025\/09\/qe6B8RB69isJ_s5adWPjaO-pcckq4H9-EAzDMPsTQQY-4.png\",\"datePublished\":\"2026-03-31T16:14:40+00:00\",\"dateModified\":\"2026-03-31T16:14:50+00:00\",\"breadcrumb\":{\"@id\":\"https:\/\/klimavex.eu\/sk\/katalog\/samsung-potrubna-klimatizacia-msp-duct-highee-ac120\/#breadcrumb\"},\"inLanguage\":\"sk-SK\",\"potentialAction\":[{\"@type\":\"ReadAction\",\"target\":[\"https:\/\/klimavex.eu\/sk\/katalog\/samsung-potrubna-klimatizacia-msp-duct-highee-ac120\/\"]}]},{\"@type\":\"ImageObject\",\"inLanguage\":\"sk-SK\",\"@id\":\"https:\/\/klimavex.eu\/sk\/katalog\/samsung-potrubna-klimatizacia-msp-duct-highee-ac120\/#primaryimage\",\"url\":\"https:\/\/klimavex.eu\/sk\/wp-content\/uploads\/2025\/09\/qe6B8RB69isJ_s5adWPjaO-pcckq4H9-EAzDMPsTQQY-4.png\",\"contentUrl\":\"https:\/\/klimavex.eu\/sk\/wp-content\/uploads\/2025\/09\/qe6B8RB69isJ_s5adWPjaO-pcckq4H9-EAzDMPsTQQY-4.png\",\"width\":676,\"height\":362},{\"@type\":\"BreadcrumbList\",\"@id\":\"https:\/\/klimavex.eu\/sk\/katalog\/samsung-potrubna-klimatizacia-msp-duct-highee-ac120\/#breadcrumb\",\"itemListElement\":[{\"@type\":\"ListItem\",\"position\":1,\"name\":\"Domovsk\u00e1 str\u00e1nka\",\"item\":\"https:\/\/klimavex.eu\/sk\/\"},{\"@type\":\"ListItem\",\"position\":2,\"name\":\"Eshop\",\"item\":\"https:\/\/klimavex.eu\/sk\/eshop\/\"},{\"@type\":\"ListItem\",\"position\":3,\"name\":\"Samsung potrubn\u00e1 klimatiz\u00e1cia MSP Duct HighEE AC120\"}]},{\"@type\":\"WebSite\",\"@id\":\"https:\/\/klimavex.eu\/sk\/#website\",\"url\":\"https:\/\/klimavex.eu\/sk\/\",\"name\":\"KLIMAVEX GROUP - Slovensko\",\"description\":\"\",\"publisher\":{\"@id\":\"https:\/\/klimavex.eu\/sk\/#organization\"},\"alternateName\":\"KLIMAVEX a.s.\",\"potentialAction\":[{\"@type\":\"SearchAction\",\"target\":{\"@type\":\"EntryPoint\",\"urlTemplate\":\"https:\/\/klimavex.eu\/sk\/?s={search_term_string}\"},\"query-input\":{\"@type\":\"PropertyValueSpecification\",\"valueRequired\":true,\"valueName\":\"search_term_string\"}}],\"inLanguage\":\"sk-SK\"},{\"@type\":\"Organization\",\"@id\":\"https:\/\/klimavex.eu\/sk\/#organization\",\"name\":\"KLIMAVEX GROUP\",\"alternateName\":\"KLIMAVEX a.s.\",\"url\":\"https:\/\/klimavex.eu\/sk\/\",\"logo\":{\"@type\":\"ImageObject\",\"inLanguage\":\"sk-SK\",\"@id\":\"https:\/\/klimavex.eu\/sk\/#\/schema\/logo\/image\/\",\"url\":\"https:\/\/klimavex.eu\/sk\/wp-content\/uploads\/2024\/04\/Klimavex-Group-logo.png\",\"contentUrl\":\"https:\/\/klimavex.eu\/sk\/wp-content\/uploads\/2024\/04\/Klimavex-Group-logo.png\",\"width\":1681,\"height\":472,\"caption\":\"KLIMAVEX GROUP\"},\"image\":{\"@id\":\"https:\/\/klimavex.eu\/sk\/#\/schema\/logo\/image\/\"},\"sameAs\":[\"https:\/\/www.facebook.com\/klimavex\",\"https:\/\/www.instagram.com\/klimavex_sk\/\"]}]}<\/script>\n<!-- \/ Yoast SEO plugin. -->","yoast_head_json":{"title":"Samsung  potrubn\u00e1 klimatiz\u00e1cia MSP Duct HighEE AC120 - KLIMAVEX GROUP - Slovensko","robots":{"index":"index","follow":"follow","max-snippet":"max-snippet:-1","max-image-preview":"max-image-preview:large","max-video-preview":"max-video-preview:-1"},"canonical":"https:\/\/klimavex.eu\/sk\/katalog\/samsung-potrubna-klimatizacia-msp-duct-highee-ac120\/","og_locale":"sk_SK","og_type":"article","og_title":"Samsung  potrubn\u00e1 klimatiz\u00e1cia MSP Duct HighEE AC120 - KLIMAVEX GROUP - Slovensko","og_description":"Samsung MSP Duct je potrubn&aacute; klimatiza\u010dn&aacute; jednotka na komer\u010dn&eacute; &uacute;\u010dely. Verzia jednotky HighEE pon&uacute;ka e&scaron;te vy&scaron;&scaron;iu prev&aacute;dzkov&uacute; &uacute;\u010dinnos\u0165. T&aacute;to klimatiz&aacute;cia, ktor&aacute; dok&aacute;\u017ee chladi\u0165 aj k&uacute;ri\u0165, disponuje \u013eahko um&yacute;vate\u013en&yacute;m filtrom s dlhou \u017eivotnos\u0165ou. Extern&yacute; statick&yacute; tlak motora ventil&aacute;tora dosahuje &uacute;rove\u0148 a\u017e do 147 Pa. U\u017e&iacute;va sa ekologick&eacute; chladivo R32.","og_url":"https:\/\/klimavex.eu\/sk\/katalog\/samsung-potrubna-klimatizacia-msp-duct-highee-ac120\/","og_site_name":"KLIMAVEX GROUP - Slovensko","article_publisher":"https:\/\/www.facebook.com\/klimavex","article_modified_time":"2026-03-31T16:14:50+00:00","og_image":[{"width":9184,"height":9184,"url":"https:\/\/klimavex.eu\/sk\/wp-content\/uploads\/2024\/02\/LOGO-KLIMAVEX-modra-kostka-1.png","type":"image\/png"}],"twitter_card":"summary_large_image","twitter_misc":{"Predpokladan\u00fd \u010das \u010d\u00edtania":"1 min\u00fata"},"schema":{"@context":"https:\/\/schema.org","@graph":[{"@type":"WebPage","@id":"https:\/\/klimavex.eu\/sk\/katalog\/samsung-potrubna-klimatizacia-msp-duct-highee-ac120\/","url":"https:\/\/klimavex.eu\/sk\/katalog\/samsung-potrubna-klimatizacia-msp-duct-highee-ac120\/","name":"Samsung potrubn\u00e1 klimatiz\u00e1cia MSP Duct HighEE AC120 - KLIMAVEX GROUP - Slovensko","isPartOf":{"@id":"https:\/\/klimavex.eu\/sk\/#website"},"primaryImageOfPage":{"@id":"https:\/\/klimavex.eu\/sk\/katalog\/samsung-potrubna-klimatizacia-msp-duct-highee-ac120\/#primaryimage"},"image":{"@id":"https:\/\/klimavex.eu\/sk\/katalog\/samsung-potrubna-klimatizacia-msp-duct-highee-ac120\/#primaryimage"},"thumbnailUrl":"https:\/\/klimavex.eu\/sk\/wp-content\/uploads\/2025\/09\/qe6B8RB69isJ_s5adWPjaO-pcckq4H9-EAzDMPsTQQY-4.png","datePublished":"2026-03-31T16:14:40+00:00","dateModified":"2026-03-31T16:14:50+00:00","breadcrumb":{"@id":"https:\/\/klimavex.eu\/sk\/katalog\/samsung-potrubna-klimatizacia-msp-duct-highee-ac120\/#breadcrumb"},"inLanguage":"sk-SK","potentialAction":[{"@type":"ReadAction","target":["https:\/\/klimavex.eu\/sk\/katalog\/samsung-potrubna-klimatizacia-msp-duct-highee-ac120\/"]}]},{"@type":"ImageObject","inLanguage":"sk-SK","@id":"https:\/\/klimavex.eu\/sk\/katalog\/samsung-potrubna-klimatizacia-msp-duct-highee-ac120\/#primaryimage","url":"https:\/\/klimavex.eu\/sk\/wp-content\/uploads\/2025\/09\/qe6B8RB69isJ_s5adWPjaO-pcckq4H9-EAzDMPsTQQY-4.png","contentUrl":"https:\/\/klimavex.eu\/sk\/wp-content\/uploads\/2025\/09\/qe6B8RB69isJ_s5adWPjaO-pcckq4H9-EAzDMPsTQQY-4.png","width":676,"height":362},{"@type":"BreadcrumbList","@id":"https:\/\/klimavex.eu\/sk\/katalog\/samsung-potrubna-klimatizacia-msp-duct-highee-ac120\/#breadcrumb","itemListElement":[{"@type":"ListItem","position":1,"name":"Domovsk\u00e1 str\u00e1nka","item":"https:\/\/klimavex.eu\/sk\/"},{"@type":"ListItem","position":2,"name":"Eshop","item":"https:\/\/klimavex.eu\/sk\/eshop\/"},{"@type":"ListItem","position":3,"name":"Samsung potrubn\u00e1 klimatiz\u00e1cia MSP Duct HighEE AC120"}]},{"@type":"WebSite","@id":"https:\/\/klimavex.eu\/sk\/#website","url":"https:\/\/klimavex.eu\/sk\/","name":"KLIMAVEX GROUP - Slovensko","description":"","publisher":{"@id":"https:\/\/klimavex.eu\/sk\/#organization"},"alternateName":"KLIMAVEX a.s.","potentialAction":[{"@type":"SearchAction","target":{"@type":"EntryPoint","urlTemplate":"https:\/\/klimavex.eu\/sk\/?s={search_term_string}"},"query-input":{"@type":"PropertyValueSpecification","valueRequired":true,"valueName":"search_term_string"}}],"inLanguage":"sk-SK"},{"@type":"Organization","@id":"https:\/\/klimavex.eu\/sk\/#organization","name":"KLIMAVEX GROUP","alternateName":"KLIMAVEX a.s.","url":"https:\/\/klimavex.eu\/sk\/","logo":{"@type":"ImageObject","inLanguage":"sk-SK","@id":"https:\/\/klimavex.eu\/sk\/#\/schema\/logo\/image\/","url":"https:\/\/klimavex.eu\/sk\/wp-content\/uploads\/2024\/04\/Klimavex-Group-logo.png","contentUrl":"https:\/\/klimavex.eu\/sk\/wp-content\/uploads\/2024\/04\/Klimavex-Group-logo.png","width":1681,"height":472,"caption":"KLIMAVEX GROUP"},"image":{"@id":"https:\/\/klimavex.eu\/sk\/#\/schema\/logo\/image\/"},"sameAs":["https:\/\/www.facebook.com\/klimavex","https:\/\/www.instagram.com\/klimavex_sk\/"]}]}},"_links":{"self":[{"href":"https:\/\/klimavex.eu\/sk\/wp-json\/wp\/v2\/product\/475875","targetHints":{"allow":["GET"]}}],"collection":[{"href":"https:\/\/klimavex.eu\/sk\/wp-json\/wp\/v2\/product"}],"about":[{"href":"https:\/\/klimavex.eu\/sk\/wp-json\/wp\/v2\/types\/product"}],"version-history":[{"count":0,"href":"https:\/\/klimavex.eu\/sk\/wp-json\/wp\/v2\/product\/475875\/revisions"}],"wp:featuredmedia":[{"embeddable":true,"href":"https:\/\/klimavex.eu\/sk\/wp-json\/wp\/v2\/media\/479896"}],"wp:attachment":[{"href":"https:\/\/klimavex.eu\/sk\/wp-json\/wp\/v2\/media?parent=475875"}],"wp:term":[{"taxonomy":"product_cat","embeddable":true,"href":"https:\/\/klimavex.eu\/sk\/wp-json\/wp\/v2\/product_cat?post=475875"},{"taxonomy":"product_tag","embeddable":true,"href":"https:\/\/klimavex.eu\/sk\/wp-json\/wp\/v2\/product_tag?post=475875"}],"curies":[{"name":"wp","href":"https:\/\/api.w.org\/{rel}","templated":true}]}}