{"id":475911,"date":"2026-04-28T22:50:01","date_gmt":"2026-04-28T20:50:01","guid":{"rendered":"https:\/\/klimavex.eu\/sk\/katalog\/samsung-ac071rxadkg-eu-kondenzacna-jednotka-pre-vzt-s-ahu-kitom\/"},"modified":"2026-04-28T22:50:33","modified_gmt":"2026-04-28T20:50:33","slug":"klimatizacia-samsung-kondenzacna-jednotka-pre-vzt-s-ahu-kitom-0-10v-riadenie-vykonu-ac071-100xn1-r32-230v-71kw","status":"publish","type":"product","link":"https:\/\/klimavex.eu\/sk\/katalog\/klimatizacia-samsung-kondenzacna-jednotka-pre-vzt-s-ahu-kitom-0-10v-riadenie-vykonu-ac071-100xn1-r32-230v-71kw\/","title":{"rendered":"Klimatiz\u00e1cia Samsung kondenza\u010dn\u00e1 jednotka pre VZT s AHU kitom 0-10V riadenie v\u00fdkonu AC071\/100XN1 R32 230V 7,1kW"},"content":{"rendered":"<p style=\"text-align:justify\"><span style=\"font-size:11pt\"><span style=\"font-family:Calibri,sans-serif\"><strong>K\u013e&uacute;\u010dov&eacute; vlastnosti<\/strong><\/span><\/span><\/p>\n<ul>\n<li style=\"text-align: justify;\"><span style=\"font-size:11pt\"><span style=\"font-family:Calibri,sans-serif\">AHU Kit obsahuje 3 senzory &ndash; v&yacute;parn&iacute;k IN\/OUT, sn&iacute;ma\u010de teploty vzduchu (na odvode a pr&iacute;vode)<\/span><\/span><\/li>\n<li style=\"text-align: justify;\"><span style=\"font-size:11pt\"><span style=\"font-family:Calibri,sans-serif\">Regul&aacute;cia 0-10V na z&aacute;klade teploty v priestore \/ teploty ods&aacute;van&eacute;ho vzduchu \/ teploty za v&yacute;parn&iacute;kom<\/span><\/span><\/li>\n<li style=\"text-align: justify;\"><span style=\"font-size:11pt\"><span style=\"font-family:Calibri,sans-serif\">Regul&aacute;cia v&yacute;konu 0-10V<\/span><\/span><\/li>\n<li style=\"text-align: justify;\"><span style=\"font-size:11pt\"><span style=\"font-family:Calibri,sans-serif\">1f&aacute;zov&eacute; el. nap&aacute;janie<\/span><\/span><\/li>\n<\/ul>\n","protected":false},"excerpt":{"rendered":"<p style=\"text-align:justify\"><span style=\"font-size:11pt\"><span style=\"font-family:Calibri,sans-serif\"><strong>Samsung kondenza\u010dn&aacute; jednotka pre VZT <\/strong>je jednotka pre rie&scaron;enie chladenia alebo k&uacute;renia pomocou VZT jednotky umo\u017e\u0148uj&uacute;cej udr\u017eiava\u0165 teplotu v klimatizovanom priestore. Vyu\u017e&iacute;va sa ekologick&eacute; <strong>chladivo R32<\/strong>.<\/span><\/span><\/p>\n","protected":false},"featured_media":479983,"template":"","meta":[],"product_cat":[1161],"product_tag":[],"class_list":{"0":"post-475911","1":"product","2":"type-product","3":"status-publish","4":"has-post-thumbnail","6":"product_cat-kondenzacky-pre-vzt","7":"pa_chlad-do-von-tep-c-do-15-c","8":"pa_chladiaci-vykon-3403","9":"pa_napajanie-1f-230v","10":"pa_prikon-chladenie-3380","11":"pa_prikon-vykurovanie-3474","12":"pa_typ-chladiva-r32","13":"pa_vyk-do-von-tepl-c-do-20-c","14":"pa_vykonovy-model-3355","15":"pa_vykurovaci-vykon-3708","16":"pa_znacka-samsung","18":"first","19":"instock","20":"taxable","21":"shipping-taxable","22":"purchasable","23":"product-type-simple"},"yoast_head":"<!-- This site is optimized with the Yoast SEO plugin v23.9 - https:\/\/yoast.com\/wordpress\/plugins\/seo\/ -->\n<title>Klimatiz\u00e1cia Samsung kondenza\u010dn\u00e1 jednotka pre VZT s AHU kitom 0-10V riadenie v\u00fdkonu AC071\/100XN1 R32 230V 7,1kW - KLIMAVEX GROUP - Slovensko<\/title>\n<meta name=\"robots\" content=\"index, follow, max-snippet:-1, max-image-preview:large, max-video-preview:-1\" \/>\n<link rel=\"canonical\" href=\"https:\/\/klimavex.eu\/sk\/katalog\/samsung-ac071rxadkg-eu-kondenzacna-jednotka-pre-vzt-s-ahu-kitom\/\" \/>\n<meta property=\"og:locale\" content=\"sk_SK\" \/>\n<meta property=\"og:type\" content=\"article\" \/>\n<meta property=\"og:title\" content=\"Klimatiz\u00e1cia Samsung kondenza\u010dn\u00e1 jednotka pre VZT s AHU kitom 0-10V riadenie v\u00fdkonu AC071\/100XN1 R32 230V 7,1kW - KLIMAVEX GROUP - Slovensko\" \/>\n<meta property=\"og:description\" content=\"Samsung kondenza\u010dn&aacute; jednotka pre VZT je jednotka pre rie&scaron;enie chladenia alebo k&uacute;renia pomocou VZT jednotky umo\u017e\u0148uj&uacute;cej udr\u017eiava\u0165 teplotu v klimatizovanom priestore. Vyu\u017e&iacute;va sa ekologick&eacute; chladivo R32.\" \/>\n<meta property=\"og:url\" content=\"https:\/\/klimavex.eu\/sk\/katalog\/samsung-ac071rxadkg-eu-kondenzacna-jednotka-pre-vzt-s-ahu-kitom\/\" \/>\n<meta property=\"og:site_name\" content=\"KLIMAVEX GROUP - Slovensko\" \/>\n<meta property=\"article:publisher\" content=\"https:\/\/www.facebook.com\/klimavex\" \/>\n<meta property=\"article:modified_time\" content=\"2026-04-28T20:50:33+00:00\" \/>\n<meta property=\"og:image\" content=\"https:\/\/klimavex.eu\/sk\/wp-content\/uploads\/2024\/02\/LOGO-KLIMAVEX-modra-kostka-1.png\" \/>\n\t<meta property=\"og:image:width\" content=\"9184\" \/>\n\t<meta property=\"og:image:height\" content=\"9184\" \/>\n\t<meta property=\"og:image:type\" content=\"image\/png\" \/>\n<meta name=\"twitter:card\" content=\"summary_large_image\" \/>\n<script type=\"application\/ld+json\" class=\"yoast-schema-graph\">{\"@context\":\"https:\/\/schema.org\",\"@graph\":[{\"@type\":\"WebPage\",\"@id\":\"https:\/\/klimavex.eu\/sk\/katalog\/samsung-ac071rxadkg-eu-kondenzacna-jednotka-pre-vzt-s-ahu-kitom\/\",\"url\":\"https:\/\/klimavex.eu\/sk\/katalog\/samsung-ac071rxadkg-eu-kondenzacna-jednotka-pre-vzt-s-ahu-kitom\/\",\"name\":\"Klimatiz\u00e1cia Samsung kondenza\u010dn\u00e1 jednotka pre VZT s AHU kitom 0-10V riadenie v\u00fdkonu AC071\/100XN1 R32 230V 7,1kW - KLIMAVEX GROUP - Slovensko\",\"isPartOf\":{\"@id\":\"https:\/\/klimavex.eu\/sk\/#website\"},\"primaryImageOfPage\":{\"@id\":\"https:\/\/klimavex.eu\/sk\/katalog\/samsung-ac071rxadkg-eu-kondenzacna-jednotka-pre-vzt-s-ahu-kitom\/#primaryimage\"},\"image\":{\"@id\":\"https:\/\/klimavex.eu\/sk\/katalog\/samsung-ac071rxadkg-eu-kondenzacna-jednotka-pre-vzt-s-ahu-kitom\/#primaryimage\"},\"thumbnailUrl\":\"https:\/\/klimavex.eu\/sk\/wp-content\/uploads\/2025\/09\/feLlU9xLpnvTI2movt4XFWkXJiLNzs5u_lInNWn_W1Q-1.jpeg\",\"datePublished\":\"2026-04-28T20:50:01+00:00\",\"dateModified\":\"2026-04-28T20:50:33+00:00\",\"breadcrumb\":{\"@id\":\"https:\/\/klimavex.eu\/sk\/katalog\/samsung-ac071rxadkg-eu-kondenzacna-jednotka-pre-vzt-s-ahu-kitom\/#breadcrumb\"},\"inLanguage\":\"sk-SK\",\"potentialAction\":[{\"@type\":\"ReadAction\",\"target\":[\"https:\/\/klimavex.eu\/sk\/katalog\/samsung-ac071rxadkg-eu-kondenzacna-jednotka-pre-vzt-s-ahu-kitom\/\"]}]},{\"@type\":\"ImageObject\",\"inLanguage\":\"sk-SK\",\"@id\":\"https:\/\/klimavex.eu\/sk\/katalog\/samsung-ac071rxadkg-eu-kondenzacna-jednotka-pre-vzt-s-ahu-kitom\/#primaryimage\",\"url\":\"https:\/\/klimavex.eu\/sk\/wp-content\/uploads\/2025\/09\/feLlU9xLpnvTI2movt4XFWkXJiLNzs5u_lInNWn_W1Q-1.jpeg\",\"contentUrl\":\"https:\/\/klimavex.eu\/sk\/wp-content\/uploads\/2025\/09\/feLlU9xLpnvTI2movt4XFWkXJiLNzs5u_lInNWn_W1Q-1.jpeg\",\"width\":492,\"height\":474},{\"@type\":\"BreadcrumbList\",\"@id\":\"https:\/\/klimavex.eu\/sk\/katalog\/samsung-ac071rxadkg-eu-kondenzacna-jednotka-pre-vzt-s-ahu-kitom\/#breadcrumb\",\"itemListElement\":[{\"@type\":\"ListItem\",\"position\":1,\"name\":\"Domovsk\u00e1 str\u00e1nka\",\"item\":\"https:\/\/klimavex.eu\/sk\/\"},{\"@type\":\"ListItem\",\"position\":2,\"name\":\"Eshop\",\"item\":\"https:\/\/klimavex.eu\/sk\/eshop\/\"},{\"@type\":\"ListItem\",\"position\":3,\"name\":\"Samsung AC071RXADKG\/EU kondenza\u010dn\u00e1 jednotka pre VZT s AHU-kitom\"}]},{\"@type\":\"WebSite\",\"@id\":\"https:\/\/klimavex.eu\/sk\/#website\",\"url\":\"https:\/\/klimavex.eu\/sk\/\",\"name\":\"KLIMAVEX GROUP - Slovensko\",\"description\":\"\",\"publisher\":{\"@id\":\"https:\/\/klimavex.eu\/sk\/#organization\"},\"alternateName\":\"KLIMAVEX a.s.\",\"potentialAction\":[{\"@type\":\"SearchAction\",\"target\":{\"@type\":\"EntryPoint\",\"urlTemplate\":\"https:\/\/klimavex.eu\/sk\/?s={search_term_string}\"},\"query-input\":{\"@type\":\"PropertyValueSpecification\",\"valueRequired\":true,\"valueName\":\"search_term_string\"}}],\"inLanguage\":\"sk-SK\"},{\"@type\":\"Organization\",\"@id\":\"https:\/\/klimavex.eu\/sk\/#organization\",\"name\":\"KLIMAVEX GROUP\",\"alternateName\":\"KLIMAVEX a.s.\",\"url\":\"https:\/\/klimavex.eu\/sk\/\",\"logo\":{\"@type\":\"ImageObject\",\"inLanguage\":\"sk-SK\",\"@id\":\"https:\/\/klimavex.eu\/sk\/#\/schema\/logo\/image\/\",\"url\":\"https:\/\/klimavex.eu\/sk\/wp-content\/uploads\/2024\/04\/Klimavex-Group-logo.png\",\"contentUrl\":\"https:\/\/klimavex.eu\/sk\/wp-content\/uploads\/2024\/04\/Klimavex-Group-logo.png\",\"width\":1681,\"height\":472,\"caption\":\"KLIMAVEX GROUP\"},\"image\":{\"@id\":\"https:\/\/klimavex.eu\/sk\/#\/schema\/logo\/image\/\"},\"sameAs\":[\"https:\/\/www.facebook.com\/klimavex\",\"https:\/\/www.instagram.com\/klimavex_sk\/\"]}]}<\/script>\n<!-- \/ Yoast SEO plugin. -->","yoast_head_json":{"title":"Klimatiz\u00e1cia Samsung kondenza\u010dn\u00e1 jednotka pre VZT s AHU kitom 0-10V riadenie v\u00fdkonu AC071\/100XN1 R32 230V 7,1kW - KLIMAVEX GROUP - Slovensko","robots":{"index":"index","follow":"follow","max-snippet":"max-snippet:-1","max-image-preview":"max-image-preview:large","max-video-preview":"max-video-preview:-1"},"canonical":"https:\/\/klimavex.eu\/sk\/katalog\/samsung-ac071rxadkg-eu-kondenzacna-jednotka-pre-vzt-s-ahu-kitom\/","og_locale":"sk_SK","og_type":"article","og_title":"Klimatiz\u00e1cia Samsung kondenza\u010dn\u00e1 jednotka pre VZT s AHU kitom 0-10V riadenie v\u00fdkonu AC071\/100XN1 R32 230V 7,1kW - KLIMAVEX GROUP - Slovensko","og_description":"Samsung kondenza\u010dn&aacute; jednotka pre VZT je jednotka pre rie&scaron;enie chladenia alebo k&uacute;renia pomocou VZT jednotky umo\u017e\u0148uj&uacute;cej udr\u017eiava\u0165 teplotu v klimatizovanom priestore. Vyu\u017e&iacute;va sa ekologick&eacute; chladivo R32.","og_url":"https:\/\/klimavex.eu\/sk\/katalog\/samsung-ac071rxadkg-eu-kondenzacna-jednotka-pre-vzt-s-ahu-kitom\/","og_site_name":"KLIMAVEX GROUP - Slovensko","article_publisher":"https:\/\/www.facebook.com\/klimavex","article_modified_time":"2026-04-28T20:50:33+00:00","og_image":[{"width":9184,"height":9184,"url":"https:\/\/klimavex.eu\/sk\/wp-content\/uploads\/2024\/02\/LOGO-KLIMAVEX-modra-kostka-1.png","type":"image\/png"}],"twitter_card":"summary_large_image","schema":{"@context":"https:\/\/schema.org","@graph":[{"@type":"WebPage","@id":"https:\/\/klimavex.eu\/sk\/katalog\/samsung-ac071rxadkg-eu-kondenzacna-jednotka-pre-vzt-s-ahu-kitom\/","url":"https:\/\/klimavex.eu\/sk\/katalog\/samsung-ac071rxadkg-eu-kondenzacna-jednotka-pre-vzt-s-ahu-kitom\/","name":"Klimatiz\u00e1cia Samsung kondenza\u010dn\u00e1 jednotka pre VZT s AHU kitom 0-10V riadenie v\u00fdkonu AC071\/100XN1 R32 230V 7,1kW - KLIMAVEX GROUP - Slovensko","isPartOf":{"@id":"https:\/\/klimavex.eu\/sk\/#website"},"primaryImageOfPage":{"@id":"https:\/\/klimavex.eu\/sk\/katalog\/samsung-ac071rxadkg-eu-kondenzacna-jednotka-pre-vzt-s-ahu-kitom\/#primaryimage"},"image":{"@id":"https:\/\/klimavex.eu\/sk\/katalog\/samsung-ac071rxadkg-eu-kondenzacna-jednotka-pre-vzt-s-ahu-kitom\/#primaryimage"},"thumbnailUrl":"https:\/\/klimavex.eu\/sk\/wp-content\/uploads\/2025\/09\/feLlU9xLpnvTI2movt4XFWkXJiLNzs5u_lInNWn_W1Q-1.jpeg","datePublished":"2026-04-28T20:50:01+00:00","dateModified":"2026-04-28T20:50:33+00:00","breadcrumb":{"@id":"https:\/\/klimavex.eu\/sk\/katalog\/samsung-ac071rxadkg-eu-kondenzacna-jednotka-pre-vzt-s-ahu-kitom\/#breadcrumb"},"inLanguage":"sk-SK","potentialAction":[{"@type":"ReadAction","target":["https:\/\/klimavex.eu\/sk\/katalog\/samsung-ac071rxadkg-eu-kondenzacna-jednotka-pre-vzt-s-ahu-kitom\/"]}]},{"@type":"ImageObject","inLanguage":"sk-SK","@id":"https:\/\/klimavex.eu\/sk\/katalog\/samsung-ac071rxadkg-eu-kondenzacna-jednotka-pre-vzt-s-ahu-kitom\/#primaryimage","url":"https:\/\/klimavex.eu\/sk\/wp-content\/uploads\/2025\/09\/feLlU9xLpnvTI2movt4XFWkXJiLNzs5u_lInNWn_W1Q-1.jpeg","contentUrl":"https:\/\/klimavex.eu\/sk\/wp-content\/uploads\/2025\/09\/feLlU9xLpnvTI2movt4XFWkXJiLNzs5u_lInNWn_W1Q-1.jpeg","width":492,"height":474},{"@type":"BreadcrumbList","@id":"https:\/\/klimavex.eu\/sk\/katalog\/samsung-ac071rxadkg-eu-kondenzacna-jednotka-pre-vzt-s-ahu-kitom\/#breadcrumb","itemListElement":[{"@type":"ListItem","position":1,"name":"Domovsk\u00e1 str\u00e1nka","item":"https:\/\/klimavex.eu\/sk\/"},{"@type":"ListItem","position":2,"name":"Eshop","item":"https:\/\/klimavex.eu\/sk\/eshop\/"},{"@type":"ListItem","position":3,"name":"Samsung AC071RXADKG\/EU kondenza\u010dn\u00e1 jednotka pre VZT s AHU-kitom"}]},{"@type":"WebSite","@id":"https:\/\/klimavex.eu\/sk\/#website","url":"https:\/\/klimavex.eu\/sk\/","name":"KLIMAVEX GROUP - Slovensko","description":"","publisher":{"@id":"https:\/\/klimavex.eu\/sk\/#organization"},"alternateName":"KLIMAVEX a.s.","potentialAction":[{"@type":"SearchAction","target":{"@type":"EntryPoint","urlTemplate":"https:\/\/klimavex.eu\/sk\/?s={search_term_string}"},"query-input":{"@type":"PropertyValueSpecification","valueRequired":true,"valueName":"search_term_string"}}],"inLanguage":"sk-SK"},{"@type":"Organization","@id":"https:\/\/klimavex.eu\/sk\/#organization","name":"KLIMAVEX GROUP","alternateName":"KLIMAVEX a.s.","url":"https:\/\/klimavex.eu\/sk\/","logo":{"@type":"ImageObject","inLanguage":"sk-SK","@id":"https:\/\/klimavex.eu\/sk\/#\/schema\/logo\/image\/","url":"https:\/\/klimavex.eu\/sk\/wp-content\/uploads\/2024\/04\/Klimavex-Group-logo.png","contentUrl":"https:\/\/klimavex.eu\/sk\/wp-content\/uploads\/2024\/04\/Klimavex-Group-logo.png","width":1681,"height":472,"caption":"KLIMAVEX GROUP"},"image":{"@id":"https:\/\/klimavex.eu\/sk\/#\/schema\/logo\/image\/"},"sameAs":["https:\/\/www.facebook.com\/klimavex","https:\/\/www.instagram.com\/klimavex_sk\/"]}]}},"_links":{"self":[{"href":"https:\/\/klimavex.eu\/sk\/wp-json\/wp\/v2\/product\/475911","targetHints":{"allow":["GET"]}}],"collection":[{"href":"https:\/\/klimavex.eu\/sk\/wp-json\/wp\/v2\/product"}],"about":[{"href":"https:\/\/klimavex.eu\/sk\/wp-json\/wp\/v2\/types\/product"}],"version-history":[{"count":0,"href":"https:\/\/klimavex.eu\/sk\/wp-json\/wp\/v2\/product\/475911\/revisions"}],"wp:featuredmedia":[{"embeddable":true,"href":"https:\/\/klimavex.eu\/sk\/wp-json\/wp\/v2\/media\/479983"}],"wp:attachment":[{"href":"https:\/\/klimavex.eu\/sk\/wp-json\/wp\/v2\/media?parent=475911"}],"wp:term":[{"taxonomy":"product_cat","embeddable":true,"href":"https:\/\/klimavex.eu\/sk\/wp-json\/wp\/v2\/product_cat?post=475911"},{"taxonomy":"product_tag","embeddable":true,"href":"https:\/\/klimavex.eu\/sk\/wp-json\/wp\/v2\/product_tag?post=475911"}],"curies":[{"name":"wp","href":"https:\/\/api.w.org\/{rel}","templated":true}]}}