{"id":475976,"date":"2026-04-07T06:49:05","date_gmt":"2026-04-07T04:49:05","guid":{"rendered":"https:\/\/klimavex.eu\/sk\/katalog\/panasonic-nastenna-klimatizacia-kit-bz60-zke\/"},"modified":"2026-04-07T06:49:32","modified_gmt":"2026-04-07T04:49:32","slug":"klimatizacia-panasonic-split-nastenna-kit-bz60-zke-r32-230v-6kw","status":"publish","type":"product","link":"https:\/\/klimavex.eu\/sk\/katalog\/klimatizacia-panasonic-split-nastenna-kit-bz60-zke-r32-230v-6kw\/","title":{"rendered":"Klimatiz\u00e1cia Panasonic split n\u00e1stenn\u00e1 KIT-BZ60-ZKE R32 230V 6kW"},"content":{"rendered":"<p style=\"text-align:justify\"><span style=\"font-size:11pt\"><span style=\"font-family:Calibri,sans-serif\"><strong>K\u013e&uacute;\u010dov&eacute; vlastnosti<\/strong><\/span><\/span><\/p>\n<ul>\n<li style=\"text-align: justify;\"><span style=\"font-size:11pt\"><span style=\"font-family:Calibri,sans-serif\">Mimoriadne kompaktn&yacute; dizajn so &scaron;&iacute;rkou iba 779 mm<\/span><\/span><\/li>\n<li style=\"text-align: justify;\"><span style=\"font-size:11pt\"><span style=\"font-family:Calibri,sans-serif\">\u010cistej&scaron;&iacute; vzduch v interi&eacute;ri v\u010faka filtru PM2,5<\/span><\/span><\/li>\n<li style=\"text-align: justify;\"><span style=\"font-size:11pt\"><span style=\"font-family:Calibri,sans-serif\"><span style=\"color:black\">Technol&oacute;gia Aerowings sl&uacute;\u017ei na riadenie smeru pr&uacute;denia vzduchu<\/span><\/span><\/span><\/li>\n<li style=\"text-align: justify;\"><span style=\"font-size:11pt\"><span style=\"font-family:Calibri,sans-serif\">Prev&aacute;dzkov&yacute; rozsah a\u017e do 43&deg;C pri chladen&iacute;<\/span><\/span><\/li>\n<li style=\"text-align: justify;\"><span style=\"font-size:11pt\"><span style=\"font-family:Calibri,sans-serif\">Prev&aacute;dzkov&yacute; rozsah a\u017e do -15&deg;C pri vykurovan&iacute;<\/span><\/span><\/li>\n<li style=\"text-align: justify;\"><span style=\"font-size:11pt\"><span style=\"font-family:Calibri,sans-serif\">Energetick&aacute; trieda A++ pri chladen&iacute; a A+ pri vykurovan&iacute;<\/span><\/span><\/li>\n<li style=\"text-align: justify;\"><span style=\"font-size:11pt\"><span style=\"font-family:Calibri,sans-serif\">Mimoriadne tich&yacute; chod &ndash; iba 20 dB(A)<\/span><\/span><\/li>\n<li style=\"text-align: justify;\"><span style=\"font-size:11pt\"><span style=\"font-family:Calibri,sans-serif\">Volite\u013en&eacute; ovl&aacute;danie cez internet prostredn&iacute;ctvom aplik&aacute;cie Panasonic Comfort Cloud (vy\u017eaduje CZ-TACG1) a hlasov&eacute; ovl&aacute;danie<\/span><\/span><\/li>\n<li style=\"text-align: justify;\"><span style=\"font-size:11pt\"><span style=\"font-family:Calibri,sans-serif\">Ekologick&eacute; chladivo R32<\/span><\/span><\/li>\n<\/ul>\n","protected":false},"excerpt":{"rendered":"<p style=\"text-align:justify\"><span style=\"font-size:11pt\"><span style=\"font-family:Calibri,sans-serif\"><strong><span style=\"color:black\">Panasonic BZ <\/span><\/strong><span style=\"color:black\">je n&aacute;stenn&aacute; split klimatiz&aacute;cia pre in&scaron;tal&aacute;ciu <strong>do bytu alebo domu<\/strong>. Jedn&aacute; sa o mimoriadne kompaktn&uacute; jednotku s <strong>filtrom PM2,5<\/strong>. Vn&uacute;torn&aacute; jednotka sa p&yacute;&scaron;i <strong>&scaron;&iacute;rkou iba 779 mm<\/strong>. Jej vkusn&aacute; biela farba sa hod&iacute; do v&auml;\u010d&scaron;iny dom&aacute;cnost&iacute;, ktor&eacute; navy&scaron;e nie s&uacute; ru&scaron;en&eacute; prev&aacute;dzkou jednotky v d&ocirc;sledku jej mimoriadne <strong>tich&eacute;ho chodu o 20 dB(A)<\/strong>. <\/span><\/span><\/span><\/p>\n","protected":false},"featured_media":480133,"template":"","meta":[],"product_cat":[196,198,199,669,403,195],"product_tag":[],"class_list":{"0":"post-475976","1":"product","2":"type-product","3":"status-publish","4":"has-post-thumbnail","6":"product_cat-podla-znacky","7":"product_cat-podla-typu","8":"product_cat-nastenne","9":"product_cat-nastenne-bz","10":"product_cat-panasonic-podla-znacky","11":"product_cat-klimatizacie","12":"pa_chlad-do-von-tep-c-do-10-c","13":"pa_chladiaci-vykon-3633","14":"pa_energeticka-trieda-scop-aplus","15":"pa_energeticka-trieda-seer-aplusplus","16":"pa_farba-vnutornej-jednotky-biela","17":"pa_filtracia-vzduchu-pm-25","18":"pa_hlucnost-vnutornej-jednotky-3406","19":"pa_napajanie-1f-230v","20":"pa_prevedenie-nastenny-split","21":"pa_prikon-chladenie-3649","22":"pa_prikon-vykurovanie-3648","23":"pa_typ-chladiva-r32","24":"pa_vyk-do-von-tepl-c-do-15-c","25":"pa_vykonovy-model-3632","26":"pa_vykurovaci-vykon-3647","27":"pa_wifi-ovladanie-volitelne","28":"pa_znacka-panasonic","30":"first","31":"instock","32":"taxable","33":"shipping-taxable","34":"purchasable","35":"product-type-simple"},"yoast_head":"<!-- This site is optimized with the Yoast SEO plugin v23.9 - https:\/\/yoast.com\/wordpress\/plugins\/seo\/ -->\n<title>Klimatiz\u00e1cia Panasonic split n\u00e1stenn\u00e1 KIT-BZ60-ZKE R32 230V 6kW - KLIMAVEX GROUP - Slovensko<\/title>\n<meta name=\"robots\" content=\"index, follow, max-snippet:-1, max-image-preview:large, max-video-preview:-1\" \/>\n<link rel=\"canonical\" href=\"https:\/\/klimavex.eu\/sk\/katalog\/panasonic-nastenna-klimatizacia-kit-bz60-zke\/\" \/>\n<meta property=\"og:locale\" content=\"sk_SK\" \/>\n<meta property=\"og:type\" content=\"article\" \/>\n<meta property=\"og:title\" content=\"Klimatiz\u00e1cia Panasonic split n\u00e1stenn\u00e1 KIT-BZ60-ZKE R32 230V 6kW - KLIMAVEX GROUP - Slovensko\" \/>\n<meta property=\"og:description\" content=\"Panasonic BZ je n&aacute;stenn&aacute; split klimatiz&aacute;cia pre in&scaron;tal&aacute;ciu do bytu alebo domu. Jedn&aacute; sa o mimoriadne kompaktn&uacute; jednotku s filtrom PM2,5. Vn&uacute;torn&aacute; jednotka sa p&yacute;&scaron;i &scaron;&iacute;rkou iba 779 mm. Jej vkusn&aacute; biela farba sa hod&iacute; do v&auml;\u010d&scaron;iny dom&aacute;cnost&iacute;, ktor&eacute; navy&scaron;e nie s&uacute; ru&scaron;en&eacute; prev&aacute;dzkou jednotky v d&ocirc;sledku jej mimoriadne tich&eacute;ho chodu o 20 dB(A).\" \/>\n<meta property=\"og:url\" content=\"https:\/\/klimavex.eu\/sk\/katalog\/panasonic-nastenna-klimatizacia-kit-bz60-zke\/\" \/>\n<meta property=\"og:site_name\" content=\"KLIMAVEX GROUP - Slovensko\" \/>\n<meta property=\"article:publisher\" content=\"https:\/\/www.facebook.com\/klimavex\" \/>\n<meta property=\"article:modified_time\" content=\"2026-04-07T04:49:32+00:00\" \/>\n<meta property=\"og:image\" content=\"https:\/\/klimavex.eu\/sk\/wp-content\/uploads\/2024\/02\/LOGO-KLIMAVEX-modra-kostka-1.png\" \/>\n\t<meta property=\"og:image:width\" content=\"9184\" \/>\n\t<meta property=\"og:image:height\" content=\"9184\" \/>\n\t<meta property=\"og:image:type\" content=\"image\/png\" \/>\n<meta name=\"twitter:card\" content=\"summary_large_image\" \/>\n<meta name=\"twitter:label1\" content=\"Predpokladan\u00fd \u010das \u010d\u00edtania\" \/>\n\t<meta name=\"twitter:data1\" content=\"1 min\u00fata\" \/>\n<script type=\"application\/ld+json\" class=\"yoast-schema-graph\">{\"@context\":\"https:\/\/schema.org\",\"@graph\":[{\"@type\":\"WebPage\",\"@id\":\"https:\/\/klimavex.eu\/sk\/katalog\/panasonic-nastenna-klimatizacia-kit-bz60-zke\/\",\"url\":\"https:\/\/klimavex.eu\/sk\/katalog\/panasonic-nastenna-klimatizacia-kit-bz60-zke\/\",\"name\":\"Klimatiz\u00e1cia Panasonic split n\u00e1stenn\u00e1 KIT-BZ60-ZKE R32 230V 6kW - KLIMAVEX GROUP - Slovensko\",\"isPartOf\":{\"@id\":\"https:\/\/klimavex.eu\/sk\/#website\"},\"primaryImageOfPage\":{\"@id\":\"https:\/\/klimavex.eu\/sk\/katalog\/panasonic-nastenna-klimatizacia-kit-bz60-zke\/#primaryimage\"},\"image\":{\"@id\":\"https:\/\/klimavex.eu\/sk\/katalog\/panasonic-nastenna-klimatizacia-kit-bz60-zke\/#primaryimage\"},\"thumbnailUrl\":\"https:\/\/klimavex.eu\/sk\/wp-content\/uploads\/2025\/09\/RS4HExod-MIDwbvQFPz6TebStbB51W24h4-OD-hrTY.png\",\"datePublished\":\"2026-04-07T04:49:05+00:00\",\"dateModified\":\"2026-04-07T04:49:32+00:00\",\"breadcrumb\":{\"@id\":\"https:\/\/klimavex.eu\/sk\/katalog\/panasonic-nastenna-klimatizacia-kit-bz60-zke\/#breadcrumb\"},\"inLanguage\":\"sk-SK\",\"potentialAction\":[{\"@type\":\"ReadAction\",\"target\":[\"https:\/\/klimavex.eu\/sk\/katalog\/panasonic-nastenna-klimatizacia-kit-bz60-zke\/\"]}]},{\"@type\":\"ImageObject\",\"inLanguage\":\"sk-SK\",\"@id\":\"https:\/\/klimavex.eu\/sk\/katalog\/panasonic-nastenna-klimatizacia-kit-bz60-zke\/#primaryimage\",\"url\":\"https:\/\/klimavex.eu\/sk\/wp-content\/uploads\/2025\/09\/RS4HExod-MIDwbvQFPz6TebStbB51W24h4-OD-hrTY.png\",\"contentUrl\":\"https:\/\/klimavex.eu\/sk\/wp-content\/uploads\/2025\/09\/RS4HExod-MIDwbvQFPz6TebStbB51W24h4-OD-hrTY.png\",\"width\":500,\"height\":500},{\"@type\":\"BreadcrumbList\",\"@id\":\"https:\/\/klimavex.eu\/sk\/katalog\/panasonic-nastenna-klimatizacia-kit-bz60-zke\/#breadcrumb\",\"itemListElement\":[{\"@type\":\"ListItem\",\"position\":1,\"name\":\"Domovsk\u00e1 str\u00e1nka\",\"item\":\"https:\/\/klimavex.eu\/sk\/\"},{\"@type\":\"ListItem\",\"position\":2,\"name\":\"Eshop\",\"item\":\"https:\/\/klimavex.eu\/sk\/eshop\/\"},{\"@type\":\"ListItem\",\"position\":3,\"name\":\"Panasonic n\u00e1stenn\u00e1 klimatiz\u00e1cia KIT-BZ60-ZKE\"}]},{\"@type\":\"WebSite\",\"@id\":\"https:\/\/klimavex.eu\/sk\/#website\",\"url\":\"https:\/\/klimavex.eu\/sk\/\",\"name\":\"KLIMAVEX GROUP - Slovensko\",\"description\":\"\",\"publisher\":{\"@id\":\"https:\/\/klimavex.eu\/sk\/#organization\"},\"alternateName\":\"KLIMAVEX a.s.\",\"potentialAction\":[{\"@type\":\"SearchAction\",\"target\":{\"@type\":\"EntryPoint\",\"urlTemplate\":\"https:\/\/klimavex.eu\/sk\/?s={search_term_string}\"},\"query-input\":{\"@type\":\"PropertyValueSpecification\",\"valueRequired\":true,\"valueName\":\"search_term_string\"}}],\"inLanguage\":\"sk-SK\"},{\"@type\":\"Organization\",\"@id\":\"https:\/\/klimavex.eu\/sk\/#organization\",\"name\":\"KLIMAVEX GROUP\",\"alternateName\":\"KLIMAVEX a.s.\",\"url\":\"https:\/\/klimavex.eu\/sk\/\",\"logo\":{\"@type\":\"ImageObject\",\"inLanguage\":\"sk-SK\",\"@id\":\"https:\/\/klimavex.eu\/sk\/#\/schema\/logo\/image\/\",\"url\":\"https:\/\/klimavex.eu\/sk\/wp-content\/uploads\/2024\/04\/Klimavex-Group-logo.png\",\"contentUrl\":\"https:\/\/klimavex.eu\/sk\/wp-content\/uploads\/2024\/04\/Klimavex-Group-logo.png\",\"width\":1681,\"height\":472,\"caption\":\"KLIMAVEX GROUP\"},\"image\":{\"@id\":\"https:\/\/klimavex.eu\/sk\/#\/schema\/logo\/image\/\"},\"sameAs\":[\"https:\/\/www.facebook.com\/klimavex\",\"https:\/\/www.instagram.com\/klimavex_sk\/\"]}]}<\/script>\n<!-- \/ Yoast SEO plugin. -->","yoast_head_json":{"title":"Klimatiz\u00e1cia Panasonic split n\u00e1stenn\u00e1 KIT-BZ60-ZKE R32 230V 6kW - KLIMAVEX GROUP - Slovensko","robots":{"index":"index","follow":"follow","max-snippet":"max-snippet:-1","max-image-preview":"max-image-preview:large","max-video-preview":"max-video-preview:-1"},"canonical":"https:\/\/klimavex.eu\/sk\/katalog\/panasonic-nastenna-klimatizacia-kit-bz60-zke\/","og_locale":"sk_SK","og_type":"article","og_title":"Klimatiz\u00e1cia Panasonic split n\u00e1stenn\u00e1 KIT-BZ60-ZKE R32 230V 6kW - KLIMAVEX GROUP - Slovensko","og_description":"Panasonic BZ je n&aacute;stenn&aacute; split klimatiz&aacute;cia pre in&scaron;tal&aacute;ciu do bytu alebo domu. Jedn&aacute; sa o mimoriadne kompaktn&uacute; jednotku s filtrom PM2,5. Vn&uacute;torn&aacute; jednotka sa p&yacute;&scaron;i &scaron;&iacute;rkou iba 779 mm. Jej vkusn&aacute; biela farba sa hod&iacute; do v&auml;\u010d&scaron;iny dom&aacute;cnost&iacute;, ktor&eacute; navy&scaron;e nie s&uacute; ru&scaron;en&eacute; prev&aacute;dzkou jednotky v d&ocirc;sledku jej mimoriadne tich&eacute;ho chodu o 20 dB(A).","og_url":"https:\/\/klimavex.eu\/sk\/katalog\/panasonic-nastenna-klimatizacia-kit-bz60-zke\/","og_site_name":"KLIMAVEX GROUP - Slovensko","article_publisher":"https:\/\/www.facebook.com\/klimavex","article_modified_time":"2026-04-07T04:49:32+00:00","og_image":[{"width":9184,"height":9184,"url":"https:\/\/klimavex.eu\/sk\/wp-content\/uploads\/2024\/02\/LOGO-KLIMAVEX-modra-kostka-1.png","type":"image\/png"}],"twitter_card":"summary_large_image","twitter_misc":{"Predpokladan\u00fd \u010das \u010d\u00edtania":"1 min\u00fata"},"schema":{"@context":"https:\/\/schema.org","@graph":[{"@type":"WebPage","@id":"https:\/\/klimavex.eu\/sk\/katalog\/panasonic-nastenna-klimatizacia-kit-bz60-zke\/","url":"https:\/\/klimavex.eu\/sk\/katalog\/panasonic-nastenna-klimatizacia-kit-bz60-zke\/","name":"Klimatiz\u00e1cia Panasonic split n\u00e1stenn\u00e1 KIT-BZ60-ZKE R32 230V 6kW - KLIMAVEX GROUP - Slovensko","isPartOf":{"@id":"https:\/\/klimavex.eu\/sk\/#website"},"primaryImageOfPage":{"@id":"https:\/\/klimavex.eu\/sk\/katalog\/panasonic-nastenna-klimatizacia-kit-bz60-zke\/#primaryimage"},"image":{"@id":"https:\/\/klimavex.eu\/sk\/katalog\/panasonic-nastenna-klimatizacia-kit-bz60-zke\/#primaryimage"},"thumbnailUrl":"https:\/\/klimavex.eu\/sk\/wp-content\/uploads\/2025\/09\/RS4HExod-MIDwbvQFPz6TebStbB51W24h4-OD-hrTY.png","datePublished":"2026-04-07T04:49:05+00:00","dateModified":"2026-04-07T04:49:32+00:00","breadcrumb":{"@id":"https:\/\/klimavex.eu\/sk\/katalog\/panasonic-nastenna-klimatizacia-kit-bz60-zke\/#breadcrumb"},"inLanguage":"sk-SK","potentialAction":[{"@type":"ReadAction","target":["https:\/\/klimavex.eu\/sk\/katalog\/panasonic-nastenna-klimatizacia-kit-bz60-zke\/"]}]},{"@type":"ImageObject","inLanguage":"sk-SK","@id":"https:\/\/klimavex.eu\/sk\/katalog\/panasonic-nastenna-klimatizacia-kit-bz60-zke\/#primaryimage","url":"https:\/\/klimavex.eu\/sk\/wp-content\/uploads\/2025\/09\/RS4HExod-MIDwbvQFPz6TebStbB51W24h4-OD-hrTY.png","contentUrl":"https:\/\/klimavex.eu\/sk\/wp-content\/uploads\/2025\/09\/RS4HExod-MIDwbvQFPz6TebStbB51W24h4-OD-hrTY.png","width":500,"height":500},{"@type":"BreadcrumbList","@id":"https:\/\/klimavex.eu\/sk\/katalog\/panasonic-nastenna-klimatizacia-kit-bz60-zke\/#breadcrumb","itemListElement":[{"@type":"ListItem","position":1,"name":"Domovsk\u00e1 str\u00e1nka","item":"https:\/\/klimavex.eu\/sk\/"},{"@type":"ListItem","position":2,"name":"Eshop","item":"https:\/\/klimavex.eu\/sk\/eshop\/"},{"@type":"ListItem","position":3,"name":"Panasonic n\u00e1stenn\u00e1 klimatiz\u00e1cia KIT-BZ60-ZKE"}]},{"@type":"WebSite","@id":"https:\/\/klimavex.eu\/sk\/#website","url":"https:\/\/klimavex.eu\/sk\/","name":"KLIMAVEX GROUP - Slovensko","description":"","publisher":{"@id":"https:\/\/klimavex.eu\/sk\/#organization"},"alternateName":"KLIMAVEX a.s.","potentialAction":[{"@type":"SearchAction","target":{"@type":"EntryPoint","urlTemplate":"https:\/\/klimavex.eu\/sk\/?s={search_term_string}"},"query-input":{"@type":"PropertyValueSpecification","valueRequired":true,"valueName":"search_term_string"}}],"inLanguage":"sk-SK"},{"@type":"Organization","@id":"https:\/\/klimavex.eu\/sk\/#organization","name":"KLIMAVEX GROUP","alternateName":"KLIMAVEX a.s.","url":"https:\/\/klimavex.eu\/sk\/","logo":{"@type":"ImageObject","inLanguage":"sk-SK","@id":"https:\/\/klimavex.eu\/sk\/#\/schema\/logo\/image\/","url":"https:\/\/klimavex.eu\/sk\/wp-content\/uploads\/2024\/04\/Klimavex-Group-logo.png","contentUrl":"https:\/\/klimavex.eu\/sk\/wp-content\/uploads\/2024\/04\/Klimavex-Group-logo.png","width":1681,"height":472,"caption":"KLIMAVEX GROUP"},"image":{"@id":"https:\/\/klimavex.eu\/sk\/#\/schema\/logo\/image\/"},"sameAs":["https:\/\/www.facebook.com\/klimavex","https:\/\/www.instagram.com\/klimavex_sk\/"]}]}},"_links":{"self":[{"href":"https:\/\/klimavex.eu\/sk\/wp-json\/wp\/v2\/product\/475976","targetHints":{"allow":["GET"]}}],"collection":[{"href":"https:\/\/klimavex.eu\/sk\/wp-json\/wp\/v2\/product"}],"about":[{"href":"https:\/\/klimavex.eu\/sk\/wp-json\/wp\/v2\/types\/product"}],"version-history":[{"count":0,"href":"https:\/\/klimavex.eu\/sk\/wp-json\/wp\/v2\/product\/475976\/revisions"}],"wp:featuredmedia":[{"embeddable":true,"href":"https:\/\/klimavex.eu\/sk\/wp-json\/wp\/v2\/media\/480133"}],"wp:attachment":[{"href":"https:\/\/klimavex.eu\/sk\/wp-json\/wp\/v2\/media?parent=475976"}],"wp:term":[{"taxonomy":"product_cat","embeddable":true,"href":"https:\/\/klimavex.eu\/sk\/wp-json\/wp\/v2\/product_cat?post=475976"},{"taxonomy":"product_tag","embeddable":true,"href":"https:\/\/klimavex.eu\/sk\/wp-json\/wp\/v2\/product_tag?post=475976"}],"curies":[{"name":"wp","href":"https:\/\/api.w.org\/{rel}","templated":true}]}}