{"id":476011,"date":"2026-04-23T22:50:01","date_gmt":"2026-04-23T20:50:01","guid":{"rendered":"https:\/\/klimavex.eu\/sk\/katalog\/hyundai-parapetno-podstropna-klimatizacia-hcfc-36\/"},"modified":"2026-04-23T22:50:49","modified_gmt":"2026-04-23T20:50:49","slug":"klimatizacia-hyundai-split-parapetno-podstropna-hcfc-36-r32-400v-10kw","status":"publish","type":"product","link":"https:\/\/klimavex.eu\/sk\/katalog\/klimatizacia-hyundai-split-parapetno-podstropna-hcfc-36-r32-400v-10kw\/","title":{"rendered":"Klimatiz\u00e1cia Hyundai split parapetno-podstropn\u00e1 HCFC 36 R32 400V 10kW"},"content":{"rendered":"<p style=\"text-align: justify;\"><strong>K\u013e&uacute;\u010dov&eacute; vlastnosti<\/strong><\/p>\n<ul>\n<li style=\"text-align: justify;\">3D distrib&uacute;cia vzduchu (motorizovan&eacute; horizont&aacute;lne a vertik&aacute;lne lamely)<\/li>\n<li style=\"text-align: justify;\">Infraovl&aacute;da\u010d (&scaron;tandard), n&aacute;stenn&yacute; ovl&aacute;da\u010d s&nbsp;WiFi (&scaron;tandard)<\/li>\n<li style=\"text-align: justify;\">Zabudovan&eacute; \u010derpadlo kondenz&aacute;tu (750 mm) vyu\u017eite\u013en&eacute; pre podstropn&uacute; in&scaron;tal&aacute;ciu<\/li>\n<li style=\"text-align: justify;\">Flexibiln&aacute; in&scaron;tal&aacute;cia (na parapet aj pod strop)<\/li>\n<li style=\"text-align: justify;\">Energetick&aacute; trieda A++<\/li>\n<li style=\"text-align: justify;\">Vykurovanie -25&deg;C a\u017e +24&deg;C vonkaj&scaron;ej teploty<\/li>\n<li style=\"text-align: justify;\">Chladenie -15&deg;C a\u017e +50&deg;C vonkaj&scaron;ej teploty<\/li>\n<li style=\"text-align: justify;\">Zabudovan&yacute; ohrev kompresora a vane vonkaj&scaron;ej jednotky<\/li>\n<\/ul>\n","protected":false},"excerpt":{"rendered":"<p style=\"text-align: justify;\">Parapetno-podstropn&aacute; klimatiz&aacute;cia <strong>Hyundai HCFC<\/strong> je v&scaron;estrann&aacute; umo\u017e\u0148uje in&scaron;tal&aacute;ciu na <strong>parapet alebo pod strop<\/strong>. V\u010faka <strong>3D distrib&uacute;cii<\/strong> vzduchu zabezpe\u010duje optim&aacute;lny tepeln&yacute; komfort v miestnosti. Disponuje <strong>zabudovan&yacute;m \u010derpadlom kondenz&aacute;tu (750 mm) <\/strong>a <strong>umo\u017e\u0148uje vykurovanie a\u017e do -25 &deg;C a chladenie a\u017e do +50 &deg;C vonkaj&scaron;ej teploty<\/strong>.<\/p>\n","protected":false},"featured_media":480214,"template":"","meta":[],"product_cat":[526,196,198,251,195,5960],"product_tag":[],"class_list":{"0":"post-476011","1":"product","2":"type-product","3":"status-publish","4":"has-post-thumbnail","6":"product_cat-hyundai-podla-znacky","7":"product_cat-podla-znacky","8":"product_cat-podla-typu","9":"product_cat-podstropne-parapetne","10":"product_cat-klimatizacie","11":"product_cat-parapetno-podstropne-hcfc","12":"pa_chlad-do-von-tep-c-15c","13":"pa_chladiaci-vykon-3383","14":"pa_energeticka-trieda-scop-40-a","15":"pa_energeticka-trieda-seer-62-a","16":"pa_extra-funkcia-cerpadlo-kondenzatu","17":"pa_farba-vnutornej-jednotky-biela","18":"pa_filtracia-vzduchu-standard","19":"pa_hlucnost-vnutornej-jednotky-3382","20":"pa_napajanie-3f-400v","21":"pa_prevedenie-parapetno-podstropny-split","22":"pa_prikon-chladenie-3387","23":"pa_prikon-vykurovanie-3385","24":"pa_typ-chladiva-r32","25":"pa_vyk-do-von-tepl-c-25c","26":"pa_vykonovy-model-3381","27":"pa_vykurovaci-vykon-3384","28":"pa_wifi-ovladanie-v-ovladaci","29":"pa_znacka-hyundai","31":"first","32":"instock","33":"taxable","34":"shipping-taxable","35":"purchasable","36":"product-type-simple"},"yoast_head":"<!-- This site is optimized with the Yoast SEO plugin v23.9 - https:\/\/yoast.com\/wordpress\/plugins\/seo\/ -->\n<title>Klimatiz\u00e1cia Hyundai split parapetno-podstropn\u00e1 HCFC 36 R32 400V 10kW - KLIMAVEX GROUP - Slovensko<\/title>\n<meta name=\"robots\" content=\"index, follow, max-snippet:-1, max-image-preview:large, max-video-preview:-1\" \/>\n<link rel=\"canonical\" href=\"https:\/\/klimavex.eu\/sk\/katalog\/hyundai-parapetno-podstropna-klimatizacia-hcfc-36\/\" \/>\n<meta property=\"og:locale\" content=\"sk_SK\" \/>\n<meta property=\"og:type\" content=\"article\" \/>\n<meta property=\"og:title\" content=\"Klimatiz\u00e1cia Hyundai split parapetno-podstropn\u00e1 HCFC 36 R32 400V 10kW - KLIMAVEX GROUP - Slovensko\" \/>\n<meta property=\"og:description\" content=\"Parapetno-podstropn&aacute; klimatiz&aacute;cia Hyundai HCFC je v&scaron;estrann&aacute; umo\u017e\u0148uje in&scaron;tal&aacute;ciu na parapet alebo pod strop. V\u010faka 3D distrib&uacute;cii vzduchu zabezpe\u010duje optim&aacute;lny tepeln&yacute; komfort v miestnosti. Disponuje zabudovan&yacute;m \u010derpadlom kondenz&aacute;tu (750 mm) a umo\u017e\u0148uje vykurovanie a\u017e do -25 &deg;C a chladenie a\u017e do +50 &deg;C vonkaj&scaron;ej teploty.\" \/>\n<meta property=\"og:url\" content=\"https:\/\/klimavex.eu\/sk\/katalog\/hyundai-parapetno-podstropna-klimatizacia-hcfc-36\/\" \/>\n<meta property=\"og:site_name\" content=\"KLIMAVEX GROUP - Slovensko\" \/>\n<meta property=\"article:publisher\" content=\"https:\/\/www.facebook.com\/klimavex\" \/>\n<meta property=\"article:modified_time\" content=\"2026-04-23T20:50:49+00:00\" \/>\n<meta property=\"og:image\" content=\"https:\/\/klimavex.eu\/sk\/wp-content\/uploads\/2024\/02\/LOGO-KLIMAVEX-modra-kostka-1.png\" \/>\n\t<meta property=\"og:image:width\" content=\"9184\" \/>\n\t<meta property=\"og:image:height\" content=\"9184\" \/>\n\t<meta property=\"og:image:type\" content=\"image\/png\" \/>\n<meta name=\"twitter:card\" content=\"summary_large_image\" \/>\n<meta name=\"twitter:label1\" content=\"Predpokladan\u00fd \u010das \u010d\u00edtania\" \/>\n\t<meta name=\"twitter:data1\" content=\"1 min\u00fata\" \/>\n<script type=\"application\/ld+json\" class=\"yoast-schema-graph\">{\"@context\":\"https:\/\/schema.org\",\"@graph\":[{\"@type\":\"WebPage\",\"@id\":\"https:\/\/klimavex.eu\/sk\/katalog\/hyundai-parapetno-podstropna-klimatizacia-hcfc-36\/\",\"url\":\"https:\/\/klimavex.eu\/sk\/katalog\/hyundai-parapetno-podstropna-klimatizacia-hcfc-36\/\",\"name\":\"Klimatiz\u00e1cia Hyundai split parapetno-podstropn\u00e1 HCFC 36 R32 400V 10kW - KLIMAVEX GROUP - Slovensko\",\"isPartOf\":{\"@id\":\"https:\/\/klimavex.eu\/sk\/#website\"},\"primaryImageOfPage\":{\"@id\":\"https:\/\/klimavex.eu\/sk\/katalog\/hyundai-parapetno-podstropna-klimatizacia-hcfc-36\/#primaryimage\"},\"image\":{\"@id\":\"https:\/\/klimavex.eu\/sk\/katalog\/hyundai-parapetno-podstropna-klimatizacia-hcfc-36\/#primaryimage\"},\"thumbnailUrl\":\"https:\/\/klimavex.eu\/sk\/wp-content\/uploads\/2025\/09\/gEsdxNPJZqBn6aq6fnQqdjFYIDBktQigB5tu4N7rOOM.png\",\"datePublished\":\"2026-04-23T20:50:01+00:00\",\"dateModified\":\"2026-04-23T20:50:49+00:00\",\"breadcrumb\":{\"@id\":\"https:\/\/klimavex.eu\/sk\/katalog\/hyundai-parapetno-podstropna-klimatizacia-hcfc-36\/#breadcrumb\"},\"inLanguage\":\"sk-SK\",\"potentialAction\":[{\"@type\":\"ReadAction\",\"target\":[\"https:\/\/klimavex.eu\/sk\/katalog\/hyundai-parapetno-podstropna-klimatizacia-hcfc-36\/\"]}]},{\"@type\":\"ImageObject\",\"inLanguage\":\"sk-SK\",\"@id\":\"https:\/\/klimavex.eu\/sk\/katalog\/hyundai-parapetno-podstropna-klimatizacia-hcfc-36\/#primaryimage\",\"url\":\"https:\/\/klimavex.eu\/sk\/wp-content\/uploads\/2025\/09\/gEsdxNPJZqBn6aq6fnQqdjFYIDBktQigB5tu4N7rOOM.png\",\"contentUrl\":\"https:\/\/klimavex.eu\/sk\/wp-content\/uploads\/2025\/09\/gEsdxNPJZqBn6aq6fnQqdjFYIDBktQigB5tu4N7rOOM.png\",\"width\":512,\"height\":724},{\"@type\":\"BreadcrumbList\",\"@id\":\"https:\/\/klimavex.eu\/sk\/katalog\/hyundai-parapetno-podstropna-klimatizacia-hcfc-36\/#breadcrumb\",\"itemListElement\":[{\"@type\":\"ListItem\",\"position\":1,\"name\":\"Domovsk\u00e1 str\u00e1nka\",\"item\":\"https:\/\/klimavex.eu\/sk\/\"},{\"@type\":\"ListItem\",\"position\":2,\"name\":\"Eshop\",\"item\":\"https:\/\/klimavex.eu\/sk\/eshop\/\"},{\"@type\":\"ListItem\",\"position\":3,\"name\":\"Hyundai parapetno-podstropn\u00e1 klimatiz\u00e1cia HCFC 36\"}]},{\"@type\":\"WebSite\",\"@id\":\"https:\/\/klimavex.eu\/sk\/#website\",\"url\":\"https:\/\/klimavex.eu\/sk\/\",\"name\":\"KLIMAVEX GROUP - Slovensko\",\"description\":\"\",\"publisher\":{\"@id\":\"https:\/\/klimavex.eu\/sk\/#organization\"},\"alternateName\":\"KLIMAVEX a.s.\",\"potentialAction\":[{\"@type\":\"SearchAction\",\"target\":{\"@type\":\"EntryPoint\",\"urlTemplate\":\"https:\/\/klimavex.eu\/sk\/?s={search_term_string}\"},\"query-input\":{\"@type\":\"PropertyValueSpecification\",\"valueRequired\":true,\"valueName\":\"search_term_string\"}}],\"inLanguage\":\"sk-SK\"},{\"@type\":\"Organization\",\"@id\":\"https:\/\/klimavex.eu\/sk\/#organization\",\"name\":\"KLIMAVEX GROUP\",\"alternateName\":\"KLIMAVEX a.s.\",\"url\":\"https:\/\/klimavex.eu\/sk\/\",\"logo\":{\"@type\":\"ImageObject\",\"inLanguage\":\"sk-SK\",\"@id\":\"https:\/\/klimavex.eu\/sk\/#\/schema\/logo\/image\/\",\"url\":\"https:\/\/klimavex.eu\/sk\/wp-content\/uploads\/2024\/04\/Klimavex-Group-logo.png\",\"contentUrl\":\"https:\/\/klimavex.eu\/sk\/wp-content\/uploads\/2024\/04\/Klimavex-Group-logo.png\",\"width\":1681,\"height\":472,\"caption\":\"KLIMAVEX GROUP\"},\"image\":{\"@id\":\"https:\/\/klimavex.eu\/sk\/#\/schema\/logo\/image\/\"},\"sameAs\":[\"https:\/\/www.facebook.com\/klimavex\",\"https:\/\/www.instagram.com\/klimavex_sk\/\"]}]}<\/script>\n<!-- \/ Yoast SEO plugin. -->","yoast_head_json":{"title":"Klimatiz\u00e1cia Hyundai split parapetno-podstropn\u00e1 HCFC 36 R32 400V 10kW - KLIMAVEX GROUP - Slovensko","robots":{"index":"index","follow":"follow","max-snippet":"max-snippet:-1","max-image-preview":"max-image-preview:large","max-video-preview":"max-video-preview:-1"},"canonical":"https:\/\/klimavex.eu\/sk\/katalog\/hyundai-parapetno-podstropna-klimatizacia-hcfc-36\/","og_locale":"sk_SK","og_type":"article","og_title":"Klimatiz\u00e1cia Hyundai split parapetno-podstropn\u00e1 HCFC 36 R32 400V 10kW - KLIMAVEX GROUP - Slovensko","og_description":"Parapetno-podstropn&aacute; klimatiz&aacute;cia Hyundai HCFC je v&scaron;estrann&aacute; umo\u017e\u0148uje in&scaron;tal&aacute;ciu na parapet alebo pod strop. V\u010faka 3D distrib&uacute;cii vzduchu zabezpe\u010duje optim&aacute;lny tepeln&yacute; komfort v miestnosti. Disponuje zabudovan&yacute;m \u010derpadlom kondenz&aacute;tu (750 mm) a umo\u017e\u0148uje vykurovanie a\u017e do -25 &deg;C a chladenie a\u017e do +50 &deg;C vonkaj&scaron;ej teploty.","og_url":"https:\/\/klimavex.eu\/sk\/katalog\/hyundai-parapetno-podstropna-klimatizacia-hcfc-36\/","og_site_name":"KLIMAVEX GROUP - Slovensko","article_publisher":"https:\/\/www.facebook.com\/klimavex","article_modified_time":"2026-04-23T20:50:49+00:00","og_image":[{"width":9184,"height":9184,"url":"https:\/\/klimavex.eu\/sk\/wp-content\/uploads\/2024\/02\/LOGO-KLIMAVEX-modra-kostka-1.png","type":"image\/png"}],"twitter_card":"summary_large_image","twitter_misc":{"Predpokladan\u00fd \u010das \u010d\u00edtania":"1 min\u00fata"},"schema":{"@context":"https:\/\/schema.org","@graph":[{"@type":"WebPage","@id":"https:\/\/klimavex.eu\/sk\/katalog\/hyundai-parapetno-podstropna-klimatizacia-hcfc-36\/","url":"https:\/\/klimavex.eu\/sk\/katalog\/hyundai-parapetno-podstropna-klimatizacia-hcfc-36\/","name":"Klimatiz\u00e1cia Hyundai split parapetno-podstropn\u00e1 HCFC 36 R32 400V 10kW - KLIMAVEX GROUP - Slovensko","isPartOf":{"@id":"https:\/\/klimavex.eu\/sk\/#website"},"primaryImageOfPage":{"@id":"https:\/\/klimavex.eu\/sk\/katalog\/hyundai-parapetno-podstropna-klimatizacia-hcfc-36\/#primaryimage"},"image":{"@id":"https:\/\/klimavex.eu\/sk\/katalog\/hyundai-parapetno-podstropna-klimatizacia-hcfc-36\/#primaryimage"},"thumbnailUrl":"https:\/\/klimavex.eu\/sk\/wp-content\/uploads\/2025\/09\/gEsdxNPJZqBn6aq6fnQqdjFYIDBktQigB5tu4N7rOOM.png","datePublished":"2026-04-23T20:50:01+00:00","dateModified":"2026-04-23T20:50:49+00:00","breadcrumb":{"@id":"https:\/\/klimavex.eu\/sk\/katalog\/hyundai-parapetno-podstropna-klimatizacia-hcfc-36\/#breadcrumb"},"inLanguage":"sk-SK","potentialAction":[{"@type":"ReadAction","target":["https:\/\/klimavex.eu\/sk\/katalog\/hyundai-parapetno-podstropna-klimatizacia-hcfc-36\/"]}]},{"@type":"ImageObject","inLanguage":"sk-SK","@id":"https:\/\/klimavex.eu\/sk\/katalog\/hyundai-parapetno-podstropna-klimatizacia-hcfc-36\/#primaryimage","url":"https:\/\/klimavex.eu\/sk\/wp-content\/uploads\/2025\/09\/gEsdxNPJZqBn6aq6fnQqdjFYIDBktQigB5tu4N7rOOM.png","contentUrl":"https:\/\/klimavex.eu\/sk\/wp-content\/uploads\/2025\/09\/gEsdxNPJZqBn6aq6fnQqdjFYIDBktQigB5tu4N7rOOM.png","width":512,"height":724},{"@type":"BreadcrumbList","@id":"https:\/\/klimavex.eu\/sk\/katalog\/hyundai-parapetno-podstropna-klimatizacia-hcfc-36\/#breadcrumb","itemListElement":[{"@type":"ListItem","position":1,"name":"Domovsk\u00e1 str\u00e1nka","item":"https:\/\/klimavex.eu\/sk\/"},{"@type":"ListItem","position":2,"name":"Eshop","item":"https:\/\/klimavex.eu\/sk\/eshop\/"},{"@type":"ListItem","position":3,"name":"Hyundai parapetno-podstropn\u00e1 klimatiz\u00e1cia HCFC 36"}]},{"@type":"WebSite","@id":"https:\/\/klimavex.eu\/sk\/#website","url":"https:\/\/klimavex.eu\/sk\/","name":"KLIMAVEX GROUP - Slovensko","description":"","publisher":{"@id":"https:\/\/klimavex.eu\/sk\/#organization"},"alternateName":"KLIMAVEX a.s.","potentialAction":[{"@type":"SearchAction","target":{"@type":"EntryPoint","urlTemplate":"https:\/\/klimavex.eu\/sk\/?s={search_term_string}"},"query-input":{"@type":"PropertyValueSpecification","valueRequired":true,"valueName":"search_term_string"}}],"inLanguage":"sk-SK"},{"@type":"Organization","@id":"https:\/\/klimavex.eu\/sk\/#organization","name":"KLIMAVEX GROUP","alternateName":"KLIMAVEX a.s.","url":"https:\/\/klimavex.eu\/sk\/","logo":{"@type":"ImageObject","inLanguage":"sk-SK","@id":"https:\/\/klimavex.eu\/sk\/#\/schema\/logo\/image\/","url":"https:\/\/klimavex.eu\/sk\/wp-content\/uploads\/2024\/04\/Klimavex-Group-logo.png","contentUrl":"https:\/\/klimavex.eu\/sk\/wp-content\/uploads\/2024\/04\/Klimavex-Group-logo.png","width":1681,"height":472,"caption":"KLIMAVEX GROUP"},"image":{"@id":"https:\/\/klimavex.eu\/sk\/#\/schema\/logo\/image\/"},"sameAs":["https:\/\/www.facebook.com\/klimavex","https:\/\/www.instagram.com\/klimavex_sk\/"]}]}},"_links":{"self":[{"href":"https:\/\/klimavex.eu\/sk\/wp-json\/wp\/v2\/product\/476011","targetHints":{"allow":["GET"]}}],"collection":[{"href":"https:\/\/klimavex.eu\/sk\/wp-json\/wp\/v2\/product"}],"about":[{"href":"https:\/\/klimavex.eu\/sk\/wp-json\/wp\/v2\/types\/product"}],"version-history":[{"count":0,"href":"https:\/\/klimavex.eu\/sk\/wp-json\/wp\/v2\/product\/476011\/revisions"}],"wp:featuredmedia":[{"embeddable":true,"href":"https:\/\/klimavex.eu\/sk\/wp-json\/wp\/v2\/media\/480214"}],"wp:attachment":[{"href":"https:\/\/klimavex.eu\/sk\/wp-json\/wp\/v2\/media?parent=476011"}],"wp:term":[{"taxonomy":"product_cat","embeddable":true,"href":"https:\/\/klimavex.eu\/sk\/wp-json\/wp\/v2\/product_cat?post=476011"},{"taxonomy":"product_tag","embeddable":true,"href":"https:\/\/klimavex.eu\/sk\/wp-json\/wp\/v2\/product_tag?post=476011"}],"curies":[{"name":"wp","href":"https:\/\/api.w.org\/{rel}","templated":true}]}}