{"id":476044,"date":"2026-03-31T18:17:45","date_gmt":"2026-03-31T16:17:45","guid":{"rendered":"https:\/\/klimavex.eu\/sk\/katalog\/samsung-potrubna-klimatizacia-lsp-slim-duct-aj026\/"},"modified":"2026-03-31T18:18:22","modified_gmt":"2026-03-31T16:18:22","slug":"klimatizacia-samsung-multisplit-vnutorna-potrubna-lsp-slim-duct-aj026-26kw","status":"publish","type":"product","link":"https:\/\/klimavex.eu\/sk\/katalog\/klimatizacia-samsung-multisplit-vnutorna-potrubna-lsp-slim-duct-aj026-26kw\/","title":{"rendered":"Klimatiz\u00e1cia Samsung multisplit vn\u00fatorn\u00e1 potrubn\u00e1 LSP Slim Duct AJ026 2,6kW"},"content":{"rendered":"<p style=\"text-align:justify\"><span style=\"font-size:11pt\"><span style=\"font-family:Calibri,sans-serif\"><strong>K\u013e&uacute;\u010dov&eacute; vlastnosti<\/strong><\/span><\/span><\/p>\n<ul>\n<li style=\"text-align:justify\"><span style=\"font-size:11pt\"><span style=\"font-family:Calibri,sans-serif\">Long-life filter<\/span><\/span><\/li>\n<li style=\"text-align:justify\"><span style=\"font-size:11pt\"><span style=\"font-family:Calibri,sans-serif\">Vstavan&eacute; \u010derpadlo kondenz&aacute;tu &ndash; v&yacute;tla\u010dn&aacute; v&yacute;&scaron;ka 1200mm<\/span><\/span><\/li>\n<li style=\"text-align:justify\"><span style=\"font-size:11pt\"><span style=\"font-family:Calibri,sans-serif\">Extern&yacute; statick&yacute; tlak motora ventil&aacute;tora do 39Pa<\/span><\/span><\/li>\n<li style=\"text-align:justify\"><span style=\"font-size:11pt\"><span style=\"font-family:Calibri,sans-serif\">N&iacute;zka hlu\u010dnos\u0165 &ndash; od 25 dB(A)<\/span><\/span><\/li>\n<li style=\"text-align:justify\"><span style=\"font-size:11pt\"><span style=\"font-family:Calibri,sans-serif\">Rozmery vn&uacute;tornej jednotky &ndash; 700x199x440 mm<\/span><\/span><\/li>\n<li style=\"text-align:justify\"><span style=\"font-size:11pt\"><span style=\"font-family:Calibri,sans-serif\">Re\u017eim Good Sleep &ndash; nastav&iacute; sa teplota, r&yacute;chlos\u0165 ventil&aacute;tora a smer pr&uacute;denia vzduchu<\/span><\/span><\/li>\n<li style=\"text-align:justify\"><span style=\"font-size:11pt\"><span style=\"font-family:Calibri,sans-serif\">Automatick&yacute; re&scaron;tart<\/span><\/span><\/li>\n<li style=\"text-align:justify\"><span style=\"font-size:11pt\"><span style=\"font-family:Calibri,sans-serif\">Kompatibiln&yacute; s multisplit<\/span><\/span><\/li>\n<\/ul>\n","protected":false},"excerpt":{"rendered":"<p style=\"text-align:justify\"><span style=\"font-size:11pt\"><span style=\"font-family:Calibri,sans-serif\"><strong>Samsung LSP Slim Duct <\/strong>je <strong>potrubn&aacute; <\/strong>klimatiza\u010dn&aacute; jednotka <strong>pre multisplit <\/strong>zapojenie. S oh\u013eadom na n&iacute;zku kon&scaron;truk\u010dn&uacute; <strong>v&yacute;&scaron;ku jednotky 199 mm <\/strong>je vhodn&aacute; pre aplik&aacute;cie <strong>do medzistropov s limitovan&yacute;m priestorom<\/strong>. V z&aacute;vislosti na tvare miestnosti je mo\u017en&eacute; chladen&yacute; vzduch vyfukova\u0165 aj cez viac vzduchov&yacute;ch otvorov, \u010d&iacute;m je mo\u017en&eacute; dosiahnu\u0165 rovnomern&uacute; teplotu vzduchu naprie\u010d celou miestnos\u0165ou.<\/span><\/span><\/p>\n","protected":false},"featured_media":480300,"template":"","meta":[],"product_cat":[196,198,373,195,343,785],"product_tag":[],"class_list":{"0":"post-476044","1":"product","2":"type-product","3":"status-publish","4":"has-post-thumbnail","6":"product_cat-podla-znacky","7":"product_cat-podla-typu","8":"product_cat-samsung-podla-znacky","9":"product_cat-klimatizacie","10":"product_cat-multisplity","11":"product_cat-multisplit-samsung-podla-znacky","12":"pa_chladiaci-vykon-3525","13":"pa_multisplit-vnutorna-potrubna-25","14":"pa_napajanie-1f-230v","15":"pa_prevedenie-multisplit-vnutorna","16":"pa_typ-chladiva-r32","17":"pa_vykurovaci-vykon-3526","18":"pa_znacka-samsung","20":"first","21":"instock","22":"taxable","23":"shipping-taxable","24":"purchasable","25":"product-type-simple"},"yoast_head":"<!-- This site is optimized with the Yoast SEO plugin v23.9 - https:\/\/yoast.com\/wordpress\/plugins\/seo\/ -->\n<title>Klimatiz\u00e1cia Samsung multisplit vn\u00fatorn\u00e1 potrubn\u00e1 LSP Slim Duct AJ026 2,6kW - KLIMAVEX GROUP - Slovensko<\/title>\n<meta name=\"robots\" content=\"index, follow, max-snippet:-1, max-image-preview:large, max-video-preview:-1\" \/>\n<link rel=\"canonical\" href=\"https:\/\/klimavex.eu\/sk\/katalog\/samsung-potrubna-klimatizacia-lsp-slim-duct-aj026\/\" \/>\n<meta property=\"og:locale\" content=\"sk_SK\" \/>\n<meta property=\"og:type\" content=\"article\" \/>\n<meta property=\"og:title\" content=\"Klimatiz\u00e1cia Samsung multisplit vn\u00fatorn\u00e1 potrubn\u00e1 LSP Slim Duct AJ026 2,6kW - KLIMAVEX GROUP - Slovensko\" \/>\n<meta property=\"og:description\" content=\"Samsung LSP Slim Duct je potrubn&aacute; klimatiza\u010dn&aacute; jednotka pre multisplit zapojenie. S oh\u013eadom na n&iacute;zku kon&scaron;truk\u010dn&uacute; v&yacute;&scaron;ku jednotky 199 mm je vhodn&aacute; pre aplik&aacute;cie do medzistropov s limitovan&yacute;m priestorom. V z&aacute;vislosti na tvare miestnosti je mo\u017en&eacute; chladen&yacute; vzduch vyfukova\u0165 aj cez viac vzduchov&yacute;ch otvorov, \u010d&iacute;m je mo\u017en&eacute; dosiahnu\u0165 rovnomern&uacute; teplotu vzduchu naprie\u010d celou miestnos\u0165ou.\" \/>\n<meta property=\"og:url\" content=\"https:\/\/klimavex.eu\/sk\/katalog\/samsung-potrubna-klimatizacia-lsp-slim-duct-aj026\/\" \/>\n<meta property=\"og:site_name\" content=\"KLIMAVEX GROUP - Slovensko\" \/>\n<meta property=\"article:publisher\" content=\"https:\/\/www.facebook.com\/klimavex\" \/>\n<meta property=\"article:modified_time\" content=\"2026-03-31T16:18:22+00:00\" \/>\n<meta property=\"og:image\" content=\"https:\/\/klimavex.eu\/sk\/wp-content\/uploads\/2024\/02\/LOGO-KLIMAVEX-modra-kostka-1.png\" \/>\n\t<meta property=\"og:image:width\" content=\"9184\" \/>\n\t<meta property=\"og:image:height\" content=\"9184\" \/>\n\t<meta property=\"og:image:type\" content=\"image\/png\" \/>\n<meta name=\"twitter:card\" content=\"summary_large_image\" \/>\n<script type=\"application\/ld+json\" class=\"yoast-schema-graph\">{\"@context\":\"https:\/\/schema.org\",\"@graph\":[{\"@type\":\"WebPage\",\"@id\":\"https:\/\/klimavex.eu\/sk\/katalog\/samsung-potrubna-klimatizacia-lsp-slim-duct-aj026\/\",\"url\":\"https:\/\/klimavex.eu\/sk\/katalog\/samsung-potrubna-klimatizacia-lsp-slim-duct-aj026\/\",\"name\":\"Klimatiz\u00e1cia Samsung multisplit vn\u00fatorn\u00e1 potrubn\u00e1 LSP Slim Duct AJ026 2,6kW - KLIMAVEX GROUP - Slovensko\",\"isPartOf\":{\"@id\":\"https:\/\/klimavex.eu\/sk\/#website\"},\"primaryImageOfPage\":{\"@id\":\"https:\/\/klimavex.eu\/sk\/katalog\/samsung-potrubna-klimatizacia-lsp-slim-duct-aj026\/#primaryimage\"},\"image\":{\"@id\":\"https:\/\/klimavex.eu\/sk\/katalog\/samsung-potrubna-klimatizacia-lsp-slim-duct-aj026\/#primaryimage\"},\"thumbnailUrl\":\"https:\/\/klimavex.eu\/sk\/wp-content\/uploads\/2025\/09\/2_AHIzlyw_QVW1Q1j3DZoYsY7loVHRqHE1CwjVzlVvo.jpeg\",\"datePublished\":\"2026-03-31T16:17:45+00:00\",\"dateModified\":\"2026-03-31T16:18:22+00:00\",\"breadcrumb\":{\"@id\":\"https:\/\/klimavex.eu\/sk\/katalog\/samsung-potrubna-klimatizacia-lsp-slim-duct-aj026\/#breadcrumb\"},\"inLanguage\":\"sk-SK\",\"potentialAction\":[{\"@type\":\"ReadAction\",\"target\":[\"https:\/\/klimavex.eu\/sk\/katalog\/samsung-potrubna-klimatizacia-lsp-slim-duct-aj026\/\"]}]},{\"@type\":\"ImageObject\",\"inLanguage\":\"sk-SK\",\"@id\":\"https:\/\/klimavex.eu\/sk\/katalog\/samsung-potrubna-klimatizacia-lsp-slim-duct-aj026\/#primaryimage\",\"url\":\"https:\/\/klimavex.eu\/sk\/wp-content\/uploads\/2025\/09\/2_AHIzlyw_QVW1Q1j3DZoYsY7loVHRqHE1CwjVzlVvo.jpeg\",\"contentUrl\":\"https:\/\/klimavex.eu\/sk\/wp-content\/uploads\/2025\/09\/2_AHIzlyw_QVW1Q1j3DZoYsY7loVHRqHE1CwjVzlVvo.jpeg\",\"width\":512,\"height\":512},{\"@type\":\"BreadcrumbList\",\"@id\":\"https:\/\/klimavex.eu\/sk\/katalog\/samsung-potrubna-klimatizacia-lsp-slim-duct-aj026\/#breadcrumb\",\"itemListElement\":[{\"@type\":\"ListItem\",\"position\":1,\"name\":\"Domovsk\u00e1 str\u00e1nka\",\"item\":\"https:\/\/klimavex.eu\/sk\/\"},{\"@type\":\"ListItem\",\"position\":2,\"name\":\"Eshop\",\"item\":\"https:\/\/klimavex.eu\/sk\/eshop\/\"},{\"@type\":\"ListItem\",\"position\":3,\"name\":\"Samsung potrubn\u00e1 klimatiz\u00e1cia LSP Slim Duct AJ026\"}]},{\"@type\":\"WebSite\",\"@id\":\"https:\/\/klimavex.eu\/sk\/#website\",\"url\":\"https:\/\/klimavex.eu\/sk\/\",\"name\":\"KLIMAVEX GROUP - Slovensko\",\"description\":\"\",\"publisher\":{\"@id\":\"https:\/\/klimavex.eu\/sk\/#organization\"},\"alternateName\":\"KLIMAVEX a.s.\",\"potentialAction\":[{\"@type\":\"SearchAction\",\"target\":{\"@type\":\"EntryPoint\",\"urlTemplate\":\"https:\/\/klimavex.eu\/sk\/?s={search_term_string}\"},\"query-input\":{\"@type\":\"PropertyValueSpecification\",\"valueRequired\":true,\"valueName\":\"search_term_string\"}}],\"inLanguage\":\"sk-SK\"},{\"@type\":\"Organization\",\"@id\":\"https:\/\/klimavex.eu\/sk\/#organization\",\"name\":\"KLIMAVEX GROUP\",\"alternateName\":\"KLIMAVEX a.s.\",\"url\":\"https:\/\/klimavex.eu\/sk\/\",\"logo\":{\"@type\":\"ImageObject\",\"inLanguage\":\"sk-SK\",\"@id\":\"https:\/\/klimavex.eu\/sk\/#\/schema\/logo\/image\/\",\"url\":\"https:\/\/klimavex.eu\/sk\/wp-content\/uploads\/2024\/04\/Klimavex-Group-logo.png\",\"contentUrl\":\"https:\/\/klimavex.eu\/sk\/wp-content\/uploads\/2024\/04\/Klimavex-Group-logo.png\",\"width\":1681,\"height\":472,\"caption\":\"KLIMAVEX GROUP\"},\"image\":{\"@id\":\"https:\/\/klimavex.eu\/sk\/#\/schema\/logo\/image\/\"},\"sameAs\":[\"https:\/\/www.facebook.com\/klimavex\",\"https:\/\/www.instagram.com\/klimavex_sk\/\"]}]}<\/script>\n<!-- \/ Yoast SEO plugin. -->","yoast_head_json":{"title":"Klimatiz\u00e1cia Samsung multisplit vn\u00fatorn\u00e1 potrubn\u00e1 LSP Slim Duct AJ026 2,6kW - KLIMAVEX GROUP - Slovensko","robots":{"index":"index","follow":"follow","max-snippet":"max-snippet:-1","max-image-preview":"max-image-preview:large","max-video-preview":"max-video-preview:-1"},"canonical":"https:\/\/klimavex.eu\/sk\/katalog\/samsung-potrubna-klimatizacia-lsp-slim-duct-aj026\/","og_locale":"sk_SK","og_type":"article","og_title":"Klimatiz\u00e1cia Samsung multisplit vn\u00fatorn\u00e1 potrubn\u00e1 LSP Slim Duct AJ026 2,6kW - KLIMAVEX GROUP - Slovensko","og_description":"Samsung LSP Slim Duct je potrubn&aacute; klimatiza\u010dn&aacute; jednotka pre multisplit zapojenie. S oh\u013eadom na n&iacute;zku kon&scaron;truk\u010dn&uacute; v&yacute;&scaron;ku jednotky 199 mm je vhodn&aacute; pre aplik&aacute;cie do medzistropov s limitovan&yacute;m priestorom. V z&aacute;vislosti na tvare miestnosti je mo\u017en&eacute; chladen&yacute; vzduch vyfukova\u0165 aj cez viac vzduchov&yacute;ch otvorov, \u010d&iacute;m je mo\u017en&eacute; dosiahnu\u0165 rovnomern&uacute; teplotu vzduchu naprie\u010d celou miestnos\u0165ou.","og_url":"https:\/\/klimavex.eu\/sk\/katalog\/samsung-potrubna-klimatizacia-lsp-slim-duct-aj026\/","og_site_name":"KLIMAVEX GROUP - Slovensko","article_publisher":"https:\/\/www.facebook.com\/klimavex","article_modified_time":"2026-03-31T16:18:22+00:00","og_image":[{"width":9184,"height":9184,"url":"https:\/\/klimavex.eu\/sk\/wp-content\/uploads\/2024\/02\/LOGO-KLIMAVEX-modra-kostka-1.png","type":"image\/png"}],"twitter_card":"summary_large_image","schema":{"@context":"https:\/\/schema.org","@graph":[{"@type":"WebPage","@id":"https:\/\/klimavex.eu\/sk\/katalog\/samsung-potrubna-klimatizacia-lsp-slim-duct-aj026\/","url":"https:\/\/klimavex.eu\/sk\/katalog\/samsung-potrubna-klimatizacia-lsp-slim-duct-aj026\/","name":"Klimatiz\u00e1cia Samsung multisplit vn\u00fatorn\u00e1 potrubn\u00e1 LSP Slim Duct AJ026 2,6kW - KLIMAVEX GROUP - Slovensko","isPartOf":{"@id":"https:\/\/klimavex.eu\/sk\/#website"},"primaryImageOfPage":{"@id":"https:\/\/klimavex.eu\/sk\/katalog\/samsung-potrubna-klimatizacia-lsp-slim-duct-aj026\/#primaryimage"},"image":{"@id":"https:\/\/klimavex.eu\/sk\/katalog\/samsung-potrubna-klimatizacia-lsp-slim-duct-aj026\/#primaryimage"},"thumbnailUrl":"https:\/\/klimavex.eu\/sk\/wp-content\/uploads\/2025\/09\/2_AHIzlyw_QVW1Q1j3DZoYsY7loVHRqHE1CwjVzlVvo.jpeg","datePublished":"2026-03-31T16:17:45+00:00","dateModified":"2026-03-31T16:18:22+00:00","breadcrumb":{"@id":"https:\/\/klimavex.eu\/sk\/katalog\/samsung-potrubna-klimatizacia-lsp-slim-duct-aj026\/#breadcrumb"},"inLanguage":"sk-SK","potentialAction":[{"@type":"ReadAction","target":["https:\/\/klimavex.eu\/sk\/katalog\/samsung-potrubna-klimatizacia-lsp-slim-duct-aj026\/"]}]},{"@type":"ImageObject","inLanguage":"sk-SK","@id":"https:\/\/klimavex.eu\/sk\/katalog\/samsung-potrubna-klimatizacia-lsp-slim-duct-aj026\/#primaryimage","url":"https:\/\/klimavex.eu\/sk\/wp-content\/uploads\/2025\/09\/2_AHIzlyw_QVW1Q1j3DZoYsY7loVHRqHE1CwjVzlVvo.jpeg","contentUrl":"https:\/\/klimavex.eu\/sk\/wp-content\/uploads\/2025\/09\/2_AHIzlyw_QVW1Q1j3DZoYsY7loVHRqHE1CwjVzlVvo.jpeg","width":512,"height":512},{"@type":"BreadcrumbList","@id":"https:\/\/klimavex.eu\/sk\/katalog\/samsung-potrubna-klimatizacia-lsp-slim-duct-aj026\/#breadcrumb","itemListElement":[{"@type":"ListItem","position":1,"name":"Domovsk\u00e1 str\u00e1nka","item":"https:\/\/klimavex.eu\/sk\/"},{"@type":"ListItem","position":2,"name":"Eshop","item":"https:\/\/klimavex.eu\/sk\/eshop\/"},{"@type":"ListItem","position":3,"name":"Samsung potrubn\u00e1 klimatiz\u00e1cia LSP Slim Duct AJ026"}]},{"@type":"WebSite","@id":"https:\/\/klimavex.eu\/sk\/#website","url":"https:\/\/klimavex.eu\/sk\/","name":"KLIMAVEX GROUP - Slovensko","description":"","publisher":{"@id":"https:\/\/klimavex.eu\/sk\/#organization"},"alternateName":"KLIMAVEX a.s.","potentialAction":[{"@type":"SearchAction","target":{"@type":"EntryPoint","urlTemplate":"https:\/\/klimavex.eu\/sk\/?s={search_term_string}"},"query-input":{"@type":"PropertyValueSpecification","valueRequired":true,"valueName":"search_term_string"}}],"inLanguage":"sk-SK"},{"@type":"Organization","@id":"https:\/\/klimavex.eu\/sk\/#organization","name":"KLIMAVEX GROUP","alternateName":"KLIMAVEX a.s.","url":"https:\/\/klimavex.eu\/sk\/","logo":{"@type":"ImageObject","inLanguage":"sk-SK","@id":"https:\/\/klimavex.eu\/sk\/#\/schema\/logo\/image\/","url":"https:\/\/klimavex.eu\/sk\/wp-content\/uploads\/2024\/04\/Klimavex-Group-logo.png","contentUrl":"https:\/\/klimavex.eu\/sk\/wp-content\/uploads\/2024\/04\/Klimavex-Group-logo.png","width":1681,"height":472,"caption":"KLIMAVEX GROUP"},"image":{"@id":"https:\/\/klimavex.eu\/sk\/#\/schema\/logo\/image\/"},"sameAs":["https:\/\/www.facebook.com\/klimavex","https:\/\/www.instagram.com\/klimavex_sk\/"]}]}},"_links":{"self":[{"href":"https:\/\/klimavex.eu\/sk\/wp-json\/wp\/v2\/product\/476044","targetHints":{"allow":["GET"]}}],"collection":[{"href":"https:\/\/klimavex.eu\/sk\/wp-json\/wp\/v2\/product"}],"about":[{"href":"https:\/\/klimavex.eu\/sk\/wp-json\/wp\/v2\/types\/product"}],"version-history":[{"count":0,"href":"https:\/\/klimavex.eu\/sk\/wp-json\/wp\/v2\/product\/476044\/revisions"}],"wp:featuredmedia":[{"embeddable":true,"href":"https:\/\/klimavex.eu\/sk\/wp-json\/wp\/v2\/media\/480300"}],"wp:attachment":[{"href":"https:\/\/klimavex.eu\/sk\/wp-json\/wp\/v2\/media?parent=476044"}],"wp:term":[{"taxonomy":"product_cat","embeddable":true,"href":"https:\/\/klimavex.eu\/sk\/wp-json\/wp\/v2\/product_cat?post=476044"},{"taxonomy":"product_tag","embeddable":true,"href":"https:\/\/klimavex.eu\/sk\/wp-json\/wp\/v2\/product_tag?post=476044"}],"curies":[{"name":"wp","href":"https:\/\/api.w.org\/{rel}","templated":true}]}}