{"id":476045,"date":"2026-04-07T12:03:05","date_gmt":"2026-04-07T10:03:05","guid":{"rendered":"https:\/\/klimavex.eu\/sk\/katalog\/hyundai-multisplit-vonkajsia-h3cm-m27ou-2\/"},"modified":"2026-04-07T12:03:09","modified_gmt":"2026-04-07T10:03:09","slug":"klimatizacia-hyundai-multisplit-vonkajsia-h3cm-m27-3-vnutorne-r32-230v-8kw","status":"publish","type":"product","link":"https:\/\/klimavex.eu\/sk\/katalog\/klimatizacia-hyundai-multisplit-vonkajsia-h3cm-m27-3-vnutorne-r32-230v-8kw\/","title":{"rendered":"Klimatiz\u00e1cia Hyundai multisplit vonkaj\u0161ia H3CM-M27 (3 vn\u00fatorn\u00e9) R32 230V 8kW"},"content":{"rendered":"<p style=\"text-align:justify\"><span style=\"font-size:11pt\"><span style=\"background-color:white\"><span style=\"font-family:Calibri,sans-serif\"><strong><span style=\"color:black\">K\u013e&uacute;\u010dov&eacute; vlastnosti<\/span><\/strong><\/span><\/span><\/span><\/p>\n<ul>\n<li style=\"text-align:justify\"><span style=\"font-size:11pt\"><span style=\"background-color:white\"><span style=\"font-family:Calibri,sans-serif\"><span style=\"color:black\">Kompresor s DC meni\u010dom<\/span><\/span><\/span><\/span><\/li>\n<li style=\"text-align:justify\"><span style=\"font-size:11pt\"><span style=\"background-color:white\"><span style=\"font-family:Calibri,sans-serif\"><span style=\"color:black\">Ekologick&eacute; chladivo R32<\/span><\/span><\/span><\/span><\/li>\n<li style=\"text-align:justify\"><span style=\"font-size:11pt\"><span style=\"background-color:white\"><span style=\"font-family:Calibri,sans-serif\"><span style=\"color:black\">Prev&aacute;dzkov&yacute; rozsah v re\u017eime chladenia &ndash; od -15&deg;C do 50&deg;C<\/span><\/span><\/span><\/span><\/li>\n<li style=\"text-align:justify\"><span style=\"font-size:11pt\"><span style=\"background-color:white\"><span style=\"font-family:Calibri,sans-serif\"><span style=\"color:black\">Prev&aacute;dzkov&yacute; rozsah v re\u017eime vykurovania &ndash; od -25&deg;C do 24&deg;C<\/span><\/span><\/span><\/span><\/li>\n<li style=\"text-align:justify\"><span style=\"font-size:11pt\"><span style=\"background-color:white\"><span style=\"font-family:Calibri,sans-serif\"><span style=\"color:black\">Zabudovan&yacute; ohrev kompresora a vane<\/span><\/span><\/span><\/span><\/li>\n<li style=\"text-align:justify\"><span style=\"font-size:11pt\"><span style=\"background-color:white\"><span style=\"font-family:Calibri,sans-serif\"><span style=\"color:black\">Energetick&aacute; trieda A++ v re\u017eime chladenia<\/span><\/span><\/span><\/span><\/li>\n<li style=\"text-align:justify\"><span style=\"font-size:11pt\"><span style=\"background-color:white\"><span style=\"font-family:Calibri,sans-serif\"><span style=\"color:black\">5 prev&aacute;dzkov&yacute;ch re\u017eimov ventil&aacute;tora jednotky<\/span><\/span><\/span><\/span><\/li>\n<li style=\"text-align:justify\"><span style=\"font-size:11pt\"><span style=\"background-color:white\"><span style=\"font-family:Calibri,sans-serif\"><span style=\"color:black\">Univerz&aacute;lna kombin&aacute;cia s n&aacute;stenn&yacute;mi, kazetov&yacute;mi, potrubn&yacute;mi a parapetn&yacute;mi vn&uacute;torn&yacute;mi jednotkami<\/span><\/span><\/span><\/span><\/li>\n<li style=\"text-align:justify\"><span style=\"font-size:11pt\"><span style=\"background-color:white\"><span style=\"font-family:Calibri,sans-serif\"><span style=\"color:black\">Pripojenie skupinov&yacute;ch regul&aacute;torov<\/span><\/span><\/span><\/span><\/li>\n<li style=\"text-align:justify\"><span style=\"font-size:11pt\"><span style=\"background-color:white\"><span style=\"font-family:Calibri,sans-serif\"><span style=\"color:black\">Vonkaj&scaron;ia jednotka s jedn&yacute;m ventil&aacute;torom<\/span><\/span><\/span><\/span><\/li>\n<\/ul>\n","protected":false},"excerpt":{"rendered":"<p style=\"text-align:justify\"><span style=\"font-size:11pt\"><span style=\"background-color:white\"><span style=\"font-family:Calibri,sans-serif\"><span style=\"color:black\">Vonkaj&scaron;ia jednotka <strong>Hyundai MULTI <\/strong>pon&uacute;ka &uacute;\u010dinn&eacute; a spo\u013eahliv&eacute; chladenie aj vykurovanie. Dok&aacute;\u017ee v tomto pr&iacute;pade naraz <strong>obsluhova\u0165 a\u017e 3 vn&uacute;torn&eacute; jednotky <\/strong>Hyundai \u013eubovo\u013en&eacute;ho typu, s&uacute; mo\u017en&eacute; aj ich kombin&aacute;cie. Zais\u0165uje vysok&yacute; prietok vzduchu, v\u010faka ktor&eacute;mu vytv&aacute;ra ide&aacute;lne prostredie v ka\u017edej z miestnost&iacute;. V&scaron;etky jednotky tohto radu maj&uacute; triedu energetickej &uacute;\u010dinnosti minim&aacute;lne A.<\/span><\/span><\/span><\/span><\/p>\n","protected":false},"featured_media":480301,"template":"","meta":[],"product_cat":[196,526,198,195,343,581],"product_tag":[],"class_list":{"0":"post-476045","1":"product","2":"type-product","3":"status-publish","4":"has-post-thumbnail","6":"product_cat-podla-znacky","7":"product_cat-hyundai-podla-znacky","8":"product_cat-podla-typu","9":"product_cat-klimatizacie","10":"product_cat-multisplity","11":"product_cat-multisplit","12":"pa_chlad-do-von-tep-c-15c","13":"pa_chladiaci-vykon-5366","14":"pa_energeticka-trieda-scop-38-a","15":"pa_energeticka-trieda-seer-59-a","16":"pa_multisplit-vonkajsia-multi-3","17":"pa_napajanie-1f-230v","18":"pa_prevedenie-multisplit-vonkajsia","19":"pa_prikon-chladenie-3917","20":"pa_prikon-vykurovanie-3310","21":"pa_typ-chladiva-r32","22":"pa_vyk-do-von-tepl-c-25c","23":"pa_vykurovaci-vykon-6108","24":"pa_znacka-hyundai","26":"first","27":"instock","28":"taxable","29":"shipping-taxable","30":"purchasable","31":"product-type-simple"},"yoast_head":"<!-- This site is optimized with the Yoast SEO plugin v23.9 - https:\/\/yoast.com\/wordpress\/plugins\/seo\/ -->\n<title>Klimatiz\u00e1cia Hyundai multisplit vonkaj\u0161ia H3CM-M27 (3 vn\u00fatorn\u00e9) R32 230V 8kW - KLIMAVEX GROUP - Slovensko<\/title>\n<meta name=\"robots\" content=\"index, follow, max-snippet:-1, max-image-preview:large, max-video-preview:-1\" \/>\n<link rel=\"canonical\" href=\"https:\/\/klimavex.eu\/sk\/katalog\/hyundai-multisplit-vonkajsia-h3cm-m27ou-2\/\" \/>\n<meta property=\"og:locale\" content=\"sk_SK\" \/>\n<meta property=\"og:type\" content=\"article\" \/>\n<meta property=\"og:title\" content=\"Klimatiz\u00e1cia Hyundai multisplit vonkaj\u0161ia H3CM-M27 (3 vn\u00fatorn\u00e9) R32 230V 8kW - KLIMAVEX GROUP - Slovensko\" \/>\n<meta property=\"og:description\" content=\"Vonkaj&scaron;ia jednotka Hyundai MULTI pon&uacute;ka &uacute;\u010dinn&eacute; a spo\u013eahliv&eacute; chladenie aj vykurovanie. Dok&aacute;\u017ee v tomto pr&iacute;pade naraz obsluhova\u0165 a\u017e 3 vn&uacute;torn&eacute; jednotky Hyundai \u013eubovo\u013en&eacute;ho typu, s&uacute; mo\u017en&eacute; aj ich kombin&aacute;cie. Zais\u0165uje vysok&yacute; prietok vzduchu, v\u010faka ktor&eacute;mu vytv&aacute;ra ide&aacute;lne prostredie v ka\u017edej z miestnost&iacute;. V&scaron;etky jednotky tohto radu maj&uacute; triedu energetickej &uacute;\u010dinnosti minim&aacute;lne A.\" \/>\n<meta property=\"og:url\" content=\"https:\/\/klimavex.eu\/sk\/katalog\/hyundai-multisplit-vonkajsia-h3cm-m27ou-2\/\" \/>\n<meta property=\"og:site_name\" content=\"KLIMAVEX GROUP - Slovensko\" \/>\n<meta property=\"article:publisher\" content=\"https:\/\/www.facebook.com\/klimavex\" \/>\n<meta property=\"article:modified_time\" content=\"2026-04-07T10:03:09+00:00\" \/>\n<meta property=\"og:image\" content=\"https:\/\/klimavex.eu\/sk\/wp-content\/uploads\/2024\/02\/LOGO-KLIMAVEX-modra-kostka-1.png\" \/>\n\t<meta property=\"og:image:width\" content=\"9184\" \/>\n\t<meta property=\"og:image:height\" content=\"9184\" \/>\n\t<meta property=\"og:image:type\" content=\"image\/png\" \/>\n<meta name=\"twitter:card\" content=\"summary_large_image\" \/>\n<meta name=\"twitter:label1\" content=\"Predpokladan\u00fd \u010das \u010d\u00edtania\" \/>\n\t<meta name=\"twitter:data1\" content=\"1 min\u00fata\" \/>\n<script type=\"application\/ld+json\" class=\"yoast-schema-graph\">{\"@context\":\"https:\/\/schema.org\",\"@graph\":[{\"@type\":\"WebPage\",\"@id\":\"https:\/\/klimavex.eu\/sk\/katalog\/hyundai-multisplit-vonkajsia-h3cm-m27ou-2\/\",\"url\":\"https:\/\/klimavex.eu\/sk\/katalog\/hyundai-multisplit-vonkajsia-h3cm-m27ou-2\/\",\"name\":\"Klimatiz\u00e1cia Hyundai multisplit vonkaj\u0161ia H3CM-M27 (3 vn\u00fatorn\u00e9) R32 230V 8kW - KLIMAVEX GROUP - Slovensko\",\"isPartOf\":{\"@id\":\"https:\/\/klimavex.eu\/sk\/#website\"},\"primaryImageOfPage\":{\"@id\":\"https:\/\/klimavex.eu\/sk\/katalog\/hyundai-multisplit-vonkajsia-h3cm-m27ou-2\/#primaryimage\"},\"image\":{\"@id\":\"https:\/\/klimavex.eu\/sk\/katalog\/hyundai-multisplit-vonkajsia-h3cm-m27ou-2\/#primaryimage\"},\"thumbnailUrl\":\"https:\/\/klimavex.eu\/sk\/wp-content\/uploads\/2025\/09\/QJ_akZsQHJYYfRs4HFBJNU_aI6SoT13BTwvCkOmQbFU-1.png\",\"datePublished\":\"2026-04-07T10:03:05+00:00\",\"dateModified\":\"2026-04-07T10:03:09+00:00\",\"breadcrumb\":{\"@id\":\"https:\/\/klimavex.eu\/sk\/katalog\/hyundai-multisplit-vonkajsia-h3cm-m27ou-2\/#breadcrumb\"},\"inLanguage\":\"sk-SK\",\"potentialAction\":[{\"@type\":\"ReadAction\",\"target\":[\"https:\/\/klimavex.eu\/sk\/katalog\/hyundai-multisplit-vonkajsia-h3cm-m27ou-2\/\"]}]},{\"@type\":\"ImageObject\",\"inLanguage\":\"sk-SK\",\"@id\":\"https:\/\/klimavex.eu\/sk\/katalog\/hyundai-multisplit-vonkajsia-h3cm-m27ou-2\/#primaryimage\",\"url\":\"https:\/\/klimavex.eu\/sk\/wp-content\/uploads\/2025\/09\/QJ_akZsQHJYYfRs4HFBJNU_aI6SoT13BTwvCkOmQbFU-1.png\",\"contentUrl\":\"https:\/\/klimavex.eu\/sk\/wp-content\/uploads\/2025\/09\/QJ_akZsQHJYYfRs4HFBJNU_aI6SoT13BTwvCkOmQbFU-1.png\",\"width\":722,\"height\":512},{\"@type\":\"BreadcrumbList\",\"@id\":\"https:\/\/klimavex.eu\/sk\/katalog\/hyundai-multisplit-vonkajsia-h3cm-m27ou-2\/#breadcrumb\",\"itemListElement\":[{\"@type\":\"ListItem\",\"position\":1,\"name\":\"Domovsk\u00e1 str\u00e1nka\",\"item\":\"https:\/\/klimavex.eu\/sk\/\"},{\"@type\":\"ListItem\",\"position\":2,\"name\":\"Eshop\",\"item\":\"https:\/\/klimavex.eu\/sk\/eshop\/\"},{\"@type\":\"ListItem\",\"position\":3,\"name\":\"Hyundai MULTISPLIT vonkaj\u0161ia H3CM-M27OU\/2\"}]},{\"@type\":\"WebSite\",\"@id\":\"https:\/\/klimavex.eu\/sk\/#website\",\"url\":\"https:\/\/klimavex.eu\/sk\/\",\"name\":\"KLIMAVEX GROUP - Slovensko\",\"description\":\"\",\"publisher\":{\"@id\":\"https:\/\/klimavex.eu\/sk\/#organization\"},\"alternateName\":\"KLIMAVEX a.s.\",\"potentialAction\":[{\"@type\":\"SearchAction\",\"target\":{\"@type\":\"EntryPoint\",\"urlTemplate\":\"https:\/\/klimavex.eu\/sk\/?s={search_term_string}\"},\"query-input\":{\"@type\":\"PropertyValueSpecification\",\"valueRequired\":true,\"valueName\":\"search_term_string\"}}],\"inLanguage\":\"sk-SK\"},{\"@type\":\"Organization\",\"@id\":\"https:\/\/klimavex.eu\/sk\/#organization\",\"name\":\"KLIMAVEX GROUP\",\"alternateName\":\"KLIMAVEX a.s.\",\"url\":\"https:\/\/klimavex.eu\/sk\/\",\"logo\":{\"@type\":\"ImageObject\",\"inLanguage\":\"sk-SK\",\"@id\":\"https:\/\/klimavex.eu\/sk\/#\/schema\/logo\/image\/\",\"url\":\"https:\/\/klimavex.eu\/sk\/wp-content\/uploads\/2024\/04\/Klimavex-Group-logo.png\",\"contentUrl\":\"https:\/\/klimavex.eu\/sk\/wp-content\/uploads\/2024\/04\/Klimavex-Group-logo.png\",\"width\":1681,\"height\":472,\"caption\":\"KLIMAVEX GROUP\"},\"image\":{\"@id\":\"https:\/\/klimavex.eu\/sk\/#\/schema\/logo\/image\/\"},\"sameAs\":[\"https:\/\/www.facebook.com\/klimavex\",\"https:\/\/www.instagram.com\/klimavex_sk\/\"]}]}<\/script>\n<!-- \/ Yoast SEO plugin. -->","yoast_head_json":{"title":"Klimatiz\u00e1cia Hyundai multisplit vonkaj\u0161ia H3CM-M27 (3 vn\u00fatorn\u00e9) R32 230V 8kW - KLIMAVEX GROUP - Slovensko","robots":{"index":"index","follow":"follow","max-snippet":"max-snippet:-1","max-image-preview":"max-image-preview:large","max-video-preview":"max-video-preview:-1"},"canonical":"https:\/\/klimavex.eu\/sk\/katalog\/hyundai-multisplit-vonkajsia-h3cm-m27ou-2\/","og_locale":"sk_SK","og_type":"article","og_title":"Klimatiz\u00e1cia Hyundai multisplit vonkaj\u0161ia H3CM-M27 (3 vn\u00fatorn\u00e9) R32 230V 8kW - KLIMAVEX GROUP - Slovensko","og_description":"Vonkaj&scaron;ia jednotka Hyundai MULTI pon&uacute;ka &uacute;\u010dinn&eacute; a spo\u013eahliv&eacute; chladenie aj vykurovanie. Dok&aacute;\u017ee v tomto pr&iacute;pade naraz obsluhova\u0165 a\u017e 3 vn&uacute;torn&eacute; jednotky Hyundai \u013eubovo\u013en&eacute;ho typu, s&uacute; mo\u017en&eacute; aj ich kombin&aacute;cie. Zais\u0165uje vysok&yacute; prietok vzduchu, v\u010faka ktor&eacute;mu vytv&aacute;ra ide&aacute;lne prostredie v ka\u017edej z miestnost&iacute;. V&scaron;etky jednotky tohto radu maj&uacute; triedu energetickej &uacute;\u010dinnosti minim&aacute;lne A.","og_url":"https:\/\/klimavex.eu\/sk\/katalog\/hyundai-multisplit-vonkajsia-h3cm-m27ou-2\/","og_site_name":"KLIMAVEX GROUP - Slovensko","article_publisher":"https:\/\/www.facebook.com\/klimavex","article_modified_time":"2026-04-07T10:03:09+00:00","og_image":[{"width":9184,"height":9184,"url":"https:\/\/klimavex.eu\/sk\/wp-content\/uploads\/2024\/02\/LOGO-KLIMAVEX-modra-kostka-1.png","type":"image\/png"}],"twitter_card":"summary_large_image","twitter_misc":{"Predpokladan\u00fd \u010das \u010d\u00edtania":"1 min\u00fata"},"schema":{"@context":"https:\/\/schema.org","@graph":[{"@type":"WebPage","@id":"https:\/\/klimavex.eu\/sk\/katalog\/hyundai-multisplit-vonkajsia-h3cm-m27ou-2\/","url":"https:\/\/klimavex.eu\/sk\/katalog\/hyundai-multisplit-vonkajsia-h3cm-m27ou-2\/","name":"Klimatiz\u00e1cia Hyundai multisplit vonkaj\u0161ia H3CM-M27 (3 vn\u00fatorn\u00e9) R32 230V 8kW - KLIMAVEX GROUP - Slovensko","isPartOf":{"@id":"https:\/\/klimavex.eu\/sk\/#website"},"primaryImageOfPage":{"@id":"https:\/\/klimavex.eu\/sk\/katalog\/hyundai-multisplit-vonkajsia-h3cm-m27ou-2\/#primaryimage"},"image":{"@id":"https:\/\/klimavex.eu\/sk\/katalog\/hyundai-multisplit-vonkajsia-h3cm-m27ou-2\/#primaryimage"},"thumbnailUrl":"https:\/\/klimavex.eu\/sk\/wp-content\/uploads\/2025\/09\/QJ_akZsQHJYYfRs4HFBJNU_aI6SoT13BTwvCkOmQbFU-1.png","datePublished":"2026-04-07T10:03:05+00:00","dateModified":"2026-04-07T10:03:09+00:00","breadcrumb":{"@id":"https:\/\/klimavex.eu\/sk\/katalog\/hyundai-multisplit-vonkajsia-h3cm-m27ou-2\/#breadcrumb"},"inLanguage":"sk-SK","potentialAction":[{"@type":"ReadAction","target":["https:\/\/klimavex.eu\/sk\/katalog\/hyundai-multisplit-vonkajsia-h3cm-m27ou-2\/"]}]},{"@type":"ImageObject","inLanguage":"sk-SK","@id":"https:\/\/klimavex.eu\/sk\/katalog\/hyundai-multisplit-vonkajsia-h3cm-m27ou-2\/#primaryimage","url":"https:\/\/klimavex.eu\/sk\/wp-content\/uploads\/2025\/09\/QJ_akZsQHJYYfRs4HFBJNU_aI6SoT13BTwvCkOmQbFU-1.png","contentUrl":"https:\/\/klimavex.eu\/sk\/wp-content\/uploads\/2025\/09\/QJ_akZsQHJYYfRs4HFBJNU_aI6SoT13BTwvCkOmQbFU-1.png","width":722,"height":512},{"@type":"BreadcrumbList","@id":"https:\/\/klimavex.eu\/sk\/katalog\/hyundai-multisplit-vonkajsia-h3cm-m27ou-2\/#breadcrumb","itemListElement":[{"@type":"ListItem","position":1,"name":"Domovsk\u00e1 str\u00e1nka","item":"https:\/\/klimavex.eu\/sk\/"},{"@type":"ListItem","position":2,"name":"Eshop","item":"https:\/\/klimavex.eu\/sk\/eshop\/"},{"@type":"ListItem","position":3,"name":"Hyundai MULTISPLIT vonkaj\u0161ia H3CM-M27OU\/2"}]},{"@type":"WebSite","@id":"https:\/\/klimavex.eu\/sk\/#website","url":"https:\/\/klimavex.eu\/sk\/","name":"KLIMAVEX GROUP - Slovensko","description":"","publisher":{"@id":"https:\/\/klimavex.eu\/sk\/#organization"},"alternateName":"KLIMAVEX a.s.","potentialAction":[{"@type":"SearchAction","target":{"@type":"EntryPoint","urlTemplate":"https:\/\/klimavex.eu\/sk\/?s={search_term_string}"},"query-input":{"@type":"PropertyValueSpecification","valueRequired":true,"valueName":"search_term_string"}}],"inLanguage":"sk-SK"},{"@type":"Organization","@id":"https:\/\/klimavex.eu\/sk\/#organization","name":"KLIMAVEX GROUP","alternateName":"KLIMAVEX a.s.","url":"https:\/\/klimavex.eu\/sk\/","logo":{"@type":"ImageObject","inLanguage":"sk-SK","@id":"https:\/\/klimavex.eu\/sk\/#\/schema\/logo\/image\/","url":"https:\/\/klimavex.eu\/sk\/wp-content\/uploads\/2024\/04\/Klimavex-Group-logo.png","contentUrl":"https:\/\/klimavex.eu\/sk\/wp-content\/uploads\/2024\/04\/Klimavex-Group-logo.png","width":1681,"height":472,"caption":"KLIMAVEX GROUP"},"image":{"@id":"https:\/\/klimavex.eu\/sk\/#\/schema\/logo\/image\/"},"sameAs":["https:\/\/www.facebook.com\/klimavex","https:\/\/www.instagram.com\/klimavex_sk\/"]}]}},"_links":{"self":[{"href":"https:\/\/klimavex.eu\/sk\/wp-json\/wp\/v2\/product\/476045","targetHints":{"allow":["GET"]}}],"collection":[{"href":"https:\/\/klimavex.eu\/sk\/wp-json\/wp\/v2\/product"}],"about":[{"href":"https:\/\/klimavex.eu\/sk\/wp-json\/wp\/v2\/types\/product"}],"version-history":[{"count":0,"href":"https:\/\/klimavex.eu\/sk\/wp-json\/wp\/v2\/product\/476045\/revisions"}],"wp:featuredmedia":[{"embeddable":true,"href":"https:\/\/klimavex.eu\/sk\/wp-json\/wp\/v2\/media\/480301"}],"wp:attachment":[{"href":"https:\/\/klimavex.eu\/sk\/wp-json\/wp\/v2\/media?parent=476045"}],"wp:term":[{"taxonomy":"product_cat","embeddable":true,"href":"https:\/\/klimavex.eu\/sk\/wp-json\/wp\/v2\/product_cat?post=476045"},{"taxonomy":"product_tag","embeddable":true,"href":"https:\/\/klimavex.eu\/sk\/wp-json\/wp\/v2\/product_tag?post=476045"}],"curies":[{"name":"wp","href":"https:\/\/api.w.org\/{rel}","templated":true}]}}