{"id":476071,"date":"2026-04-03T22:50:07","date_gmt":"2026-04-03T20:50:07","guid":{"rendered":"https:\/\/klimavex.eu\/sk\/katalog\/hyundai-vrf-vonkajsia-jednotka-r410a-hv8so-m252vh\/"},"modified":"2026-04-03T22:51:16","modified_gmt":"2026-04-03T20:51:16","slug":"klimatizacia-hyundai-vrf-vonkajsia-hv8so-m252vh-r410a-400v-252kw","status":"publish","type":"product","link":"https:\/\/klimavex.eu\/sk\/katalog\/klimatizacia-hyundai-vrf-vonkajsia-hv8so-m252vh-r410a-400v-252kw\/","title":{"rendered":"Klimatiz\u00e1cia Hyundai VRF vonkaj\u0161ia HV8SO M252VH R410A 400V 25,2kW"},"content":{"rendered":"<p style=\"text-align: justify;\"><strong>K\u013e&uacute;\u010dov&eacute; vlastnosti<\/strong><\/p>\n<ul>\n<li style=\"text-align: justify;\">Extr&eacute;mne vysok&aacute; &uacute;\u010dinnos\u0165 (DC inverter kompresor EVI a DC motory)<\/li>\n<li style=\"text-align: justify;\">Chladenie a\u017e do +55 &deg;C vonkaj&scaron;ej teploty<\/li>\n<li style=\"text-align: justify;\">Vykurovanie a\u017e do -30 &deg;C vonkaj&scaron;ej teploty<\/li>\n<li style=\"text-align: justify;\">Technol&oacute;gia EVI<\/li>\n<li style=\"text-align: justify;\">Chladivo R410A<\/li>\n<li style=\"text-align: justify;\">Riadenie hladiny oleja<\/li>\n<li style=\"text-align: justify;\">Automatick&eacute; monitorovanie chladiva<\/li>\n<li style=\"text-align: justify;\">Dynamick&yacute; teplotn&yacute; mana\u017ement<\/li>\n<li style=\"text-align: justify;\">Inteligentn&eacute; odmrazovanie<\/li>\n<li style=\"text-align: justify;\">A\u017e 18 zabudovan&yacute;ch sn&iacute;ma\u010dov vonkaj&scaron;ej jednotky<\/li>\n<li style=\"text-align: justify;\">Tich&yacute; re\u017eim<\/li>\n<li style=\"text-align: justify;\">Jednoduch&aacute; a r&yacute;chla in&scaron;tal&aacute;cia<\/li>\n<li style=\"text-align: justify;\">Dlh&eacute; prepojovacie potrubie<\/li>\n<li style=\"text-align: justify;\">Automatick&eacute; adresovanie vn&uacute;torn&yacute;ch jednotiek<\/li>\n<li style=\"text-align: justify;\">Z&aacute;ruka 3 roky<\/li>\n<\/ul>\n","protected":false},"excerpt":{"rendered":"<p style=\"text-align: justify;\">Model <strong>VRF Hyundai HV8SO-VH <\/strong>je VRF vonkaj&scaron;ia jednotka s horizont&aacute;lnym v&yacute;fukom vzduchu, ktor&aacute; je &scaron;pi\u010dkov&yacute;m rie&scaron;en&iacute;m na <strong>chladenie\/vykurovanie <\/strong>v&auml;\u010d&scaron;&iacute;ch priestorov. Je ur\u010den&aacute; pre <strong>komer\u010dn&eacute; budovy, priemyseln&eacute; haly a \u010fal&scaron;ie priestory<\/strong>, kde je potrebn&eacute; zaisti\u0165 efekt&iacute;vne a spo\u013eahliv&eacute; chladenie \u010di vykurovanie aj za extr&eacute;mnych podmienok, kde sa na jednu vonkaj&scaron;iu jednotku m&ocirc;\u017ee <strong>pripoji\u0165 a\u017e 36 vn&uacute;torn&yacute;ch jednotiek<\/strong>. Syst&eacute;m pracuje s <strong>chladivom R410A<\/strong>. Obsahuje inteligentn&eacute; riadenie s&nbsp;dynamick&yacute;m teplotn&yacute;m mana\u017ementom, ktor&yacute; automaticky upravuje teplotu chladiva pod\u013ea aktu&aacute;lnej potreby a zais\u0165uje tak optim&aacute;lnu teplotn&uacute; pohodu. V\u010faka DC inverter kompresora s <strong>technol&oacute;giou EVI <\/strong>dosahuje <strong>vysok&uacute; energetick&uacute; &uacute;\u010dinnos\u0165<\/strong> <strong>a spo\u013eahlivosti aj v extr&eacute;mnych teplot&aacute;ch <\/strong>(-30 &deg;C a\u017e +55 &deg;C). <strong>In&scaron;tal&aacute;cia <\/strong>syst&eacute;mu je <strong>jednoduch&aacute; a r&yacute;chla <\/strong>v\u010faka automatick&eacute;mu adresovaniu vn&uacute;torn&yacute;ch jednotiek.<\/p>\n","protected":false},"featured_media":480365,"template":"","meta":[],"product_cat":[6290,6291,6292,6462,6463,6289],"product_tag":[],"class_list":{"0":"post-476071","1":"product","2":"type-product","3":"status-publish","4":"has-post-thumbnail","6":"product_cat-vonkajsie-jednotky-vrf","7":"product_cat-hyundai-vrf-systemy","8":"product_cat-vonkajsie-jednotky-hyundai-vrf-systemy","9":"product_cat-hv8so-vh-hor-vyfuk","10":"product_cat-hv8so-vh-hor-vyfuk-vonkajsie-jednotky-hyundai-vrf-systemy","11":"product_cat-vrf","12":"pa_chlad-do-von-tep-c-do-15-c","13":"pa_chladiaci-vykon-6313","14":"pa_napajanie-3f-400v","15":"pa_prevedenie-vrf-vonkajsia-horizontal","16":"pa_prikon-chladenie-6526","17":"pa_prikon-vykurovanie-6312","18":"pa_typ-chladiva-r410a","19":"pa_vyk-do-von-tepl-c-do-30-c","20":"pa_vykonovy-model-3827","21":"pa_vykurovaci-vykon-6525","22":"pa_znacka-hyundai","24":"first","25":"instock","26":"taxable","27":"shipping-taxable","28":"purchasable","29":"product-type-simple"},"yoast_head":"<!-- This site is optimized with the Yoast SEO plugin v23.9 - https:\/\/yoast.com\/wordpress\/plugins\/seo\/ -->\n<title>Klimatiz\u00e1cia Hyundai VRF vonkaj\u0161ia HV8SO M252VH R410A 400V 25,2kW - KLIMAVEX GROUP - Slovensko<\/title>\n<meta name=\"robots\" content=\"index, follow, max-snippet:-1, max-image-preview:large, max-video-preview:-1\" \/>\n<link rel=\"canonical\" href=\"https:\/\/klimavex.eu\/sk\/katalog\/hyundai-vrf-vonkajsia-jednotka-r410a-hv8so-m252vh\/\" \/>\n<meta property=\"og:locale\" content=\"sk_SK\" \/>\n<meta property=\"og:type\" content=\"article\" \/>\n<meta property=\"og:title\" content=\"Klimatiz\u00e1cia Hyundai VRF vonkaj\u0161ia HV8SO M252VH R410A 400V 25,2kW - KLIMAVEX GROUP - Slovensko\" \/>\n<meta property=\"og:description\" content=\"Model VRF Hyundai HV8SO-VH je VRF vonkaj&scaron;ia jednotka s horizont&aacute;lnym v&yacute;fukom vzduchu, ktor&aacute; je &scaron;pi\u010dkov&yacute;m rie&scaron;en&iacute;m na chladenie\/vykurovanie v&auml;\u010d&scaron;&iacute;ch priestorov. Je ur\u010den&aacute; pre komer\u010dn&eacute; budovy, priemyseln&eacute; haly a \u010fal&scaron;ie priestory, kde je potrebn&eacute; zaisti\u0165 efekt&iacute;vne a spo\u013eahliv&eacute; chladenie \u010di vykurovanie aj za extr&eacute;mnych podmienok, kde sa na jednu vonkaj&scaron;iu jednotku m&ocirc;\u017ee pripoji\u0165 a\u017e 36 vn&uacute;torn&yacute;ch jednotiek. Syst&eacute;m pracuje s chladivom R410A. Obsahuje inteligentn&eacute; riadenie s&nbsp;dynamick&yacute;m teplotn&yacute;m mana\u017ementom, ktor&yacute; automaticky upravuje teplotu chladiva pod\u013ea aktu&aacute;lnej potreby a zais\u0165uje tak optim&aacute;lnu teplotn&uacute; pohodu. V\u010faka DC inverter kompresora s technol&oacute;giou EVI dosahuje vysok&uacute; energetick&uacute; &uacute;\u010dinnos\u0165 a spo\u013eahlivosti aj v extr&eacute;mnych teplot&aacute;ch (-30 &deg;C a\u017e +55 &deg;C). In&scaron;tal&aacute;cia syst&eacute;mu je jednoduch&aacute; a r&yacute;chla v\u010faka automatick&eacute;mu adresovaniu vn&uacute;torn&yacute;ch jednotiek.\" \/>\n<meta property=\"og:url\" content=\"https:\/\/klimavex.eu\/sk\/katalog\/hyundai-vrf-vonkajsia-jednotka-r410a-hv8so-m252vh\/\" \/>\n<meta property=\"og:site_name\" content=\"KLIMAVEX GROUP - Slovensko\" \/>\n<meta property=\"article:publisher\" content=\"https:\/\/www.facebook.com\/klimavex\" \/>\n<meta property=\"article:modified_time\" content=\"2026-04-03T20:51:16+00:00\" \/>\n<meta property=\"og:image\" content=\"https:\/\/klimavex.eu\/sk\/wp-content\/uploads\/2024\/02\/LOGO-KLIMAVEX-modra-kostka-1.png\" \/>\n\t<meta property=\"og:image:width\" content=\"9184\" \/>\n\t<meta property=\"og:image:height\" content=\"9184\" \/>\n\t<meta property=\"og:image:type\" content=\"image\/png\" \/>\n<meta name=\"twitter:card\" content=\"summary_large_image\" \/>\n<meta name=\"twitter:label1\" content=\"Predpokladan\u00fd \u010das \u010d\u00edtania\" \/>\n\t<meta name=\"twitter:data1\" content=\"1 min\u00fata\" \/>\n<script type=\"application\/ld+json\" class=\"yoast-schema-graph\">{\"@context\":\"https:\/\/schema.org\",\"@graph\":[{\"@type\":\"WebPage\",\"@id\":\"https:\/\/klimavex.eu\/sk\/katalog\/hyundai-vrf-vonkajsia-jednotka-r410a-hv8so-m252vh\/\",\"url\":\"https:\/\/klimavex.eu\/sk\/katalog\/hyundai-vrf-vonkajsia-jednotka-r410a-hv8so-m252vh\/\",\"name\":\"Klimatiz\u00e1cia Hyundai VRF vonkaj\u0161ia HV8SO M252VH R410A 400V 25,2kW - KLIMAVEX GROUP - Slovensko\",\"isPartOf\":{\"@id\":\"https:\/\/klimavex.eu\/sk\/#website\"},\"primaryImageOfPage\":{\"@id\":\"https:\/\/klimavex.eu\/sk\/katalog\/hyundai-vrf-vonkajsia-jednotka-r410a-hv8so-m252vh\/#primaryimage\"},\"image\":{\"@id\":\"https:\/\/klimavex.eu\/sk\/katalog\/hyundai-vrf-vonkajsia-jednotka-r410a-hv8so-m252vh\/#primaryimage\"},\"thumbnailUrl\":\"https:\/\/klimavex.eu\/sk\/wp-content\/uploads\/2025\/09\/xI2ikRts5fkXcEPWljp5IEQHybQczshorL4QI42Wekk-1.png\",\"datePublished\":\"2026-04-03T20:50:07+00:00\",\"dateModified\":\"2026-04-03T20:51:16+00:00\",\"breadcrumb\":{\"@id\":\"https:\/\/klimavex.eu\/sk\/katalog\/hyundai-vrf-vonkajsia-jednotka-r410a-hv8so-m252vh\/#breadcrumb\"},\"inLanguage\":\"sk-SK\",\"potentialAction\":[{\"@type\":\"ReadAction\",\"target\":[\"https:\/\/klimavex.eu\/sk\/katalog\/hyundai-vrf-vonkajsia-jednotka-r410a-hv8so-m252vh\/\"]}]},{\"@type\":\"ImageObject\",\"inLanguage\":\"sk-SK\",\"@id\":\"https:\/\/klimavex.eu\/sk\/katalog\/hyundai-vrf-vonkajsia-jednotka-r410a-hv8so-m252vh\/#primaryimage\",\"url\":\"https:\/\/klimavex.eu\/sk\/wp-content\/uploads\/2025\/09\/xI2ikRts5fkXcEPWljp5IEQHybQczshorL4QI42Wekk-1.png\",\"contentUrl\":\"https:\/\/klimavex.eu\/sk\/wp-content\/uploads\/2025\/09\/xI2ikRts5fkXcEPWljp5IEQHybQczshorL4QI42Wekk-1.png\",\"width\":512,\"height\":808},{\"@type\":\"BreadcrumbList\",\"@id\":\"https:\/\/klimavex.eu\/sk\/katalog\/hyundai-vrf-vonkajsia-jednotka-r410a-hv8so-m252vh\/#breadcrumb\",\"itemListElement\":[{\"@type\":\"ListItem\",\"position\":1,\"name\":\"Domovsk\u00e1 str\u00e1nka\",\"item\":\"https:\/\/klimavex.eu\/sk\/\"},{\"@type\":\"ListItem\",\"position\":2,\"name\":\"Eshop\",\"item\":\"https:\/\/klimavex.eu\/sk\/eshop\/\"},{\"@type\":\"ListItem\",\"position\":3,\"name\":\"Hyundai VRF vonkaj\u0161ia jednotka R410A HV8SO-M252VH\"}]},{\"@type\":\"WebSite\",\"@id\":\"https:\/\/klimavex.eu\/sk\/#website\",\"url\":\"https:\/\/klimavex.eu\/sk\/\",\"name\":\"KLIMAVEX GROUP - Slovensko\",\"description\":\"\",\"publisher\":{\"@id\":\"https:\/\/klimavex.eu\/sk\/#organization\"},\"alternateName\":\"KLIMAVEX a.s.\",\"potentialAction\":[{\"@type\":\"SearchAction\",\"target\":{\"@type\":\"EntryPoint\",\"urlTemplate\":\"https:\/\/klimavex.eu\/sk\/?s={search_term_string}\"},\"query-input\":{\"@type\":\"PropertyValueSpecification\",\"valueRequired\":true,\"valueName\":\"search_term_string\"}}],\"inLanguage\":\"sk-SK\"},{\"@type\":\"Organization\",\"@id\":\"https:\/\/klimavex.eu\/sk\/#organization\",\"name\":\"KLIMAVEX GROUP\",\"alternateName\":\"KLIMAVEX a.s.\",\"url\":\"https:\/\/klimavex.eu\/sk\/\",\"logo\":{\"@type\":\"ImageObject\",\"inLanguage\":\"sk-SK\",\"@id\":\"https:\/\/klimavex.eu\/sk\/#\/schema\/logo\/image\/\",\"url\":\"https:\/\/klimavex.eu\/sk\/wp-content\/uploads\/2024\/04\/Klimavex-Group-logo.png\",\"contentUrl\":\"https:\/\/klimavex.eu\/sk\/wp-content\/uploads\/2024\/04\/Klimavex-Group-logo.png\",\"width\":1681,\"height\":472,\"caption\":\"KLIMAVEX GROUP\"},\"image\":{\"@id\":\"https:\/\/klimavex.eu\/sk\/#\/schema\/logo\/image\/\"},\"sameAs\":[\"https:\/\/www.facebook.com\/klimavex\",\"https:\/\/www.instagram.com\/klimavex_sk\/\"]}]}<\/script>\n<!-- \/ Yoast SEO plugin. -->","yoast_head_json":{"title":"Klimatiz\u00e1cia Hyundai VRF vonkaj\u0161ia HV8SO M252VH R410A 400V 25,2kW - KLIMAVEX GROUP - Slovensko","robots":{"index":"index","follow":"follow","max-snippet":"max-snippet:-1","max-image-preview":"max-image-preview:large","max-video-preview":"max-video-preview:-1"},"canonical":"https:\/\/klimavex.eu\/sk\/katalog\/hyundai-vrf-vonkajsia-jednotka-r410a-hv8so-m252vh\/","og_locale":"sk_SK","og_type":"article","og_title":"Klimatiz\u00e1cia Hyundai VRF vonkaj\u0161ia HV8SO M252VH R410A 400V 25,2kW - KLIMAVEX GROUP - Slovensko","og_description":"Model VRF Hyundai HV8SO-VH je VRF vonkaj&scaron;ia jednotka s horizont&aacute;lnym v&yacute;fukom vzduchu, ktor&aacute; je &scaron;pi\u010dkov&yacute;m rie&scaron;en&iacute;m na chladenie\/vykurovanie v&auml;\u010d&scaron;&iacute;ch priestorov. Je ur\u010den&aacute; pre komer\u010dn&eacute; budovy, priemyseln&eacute; haly a \u010fal&scaron;ie priestory, kde je potrebn&eacute; zaisti\u0165 efekt&iacute;vne a spo\u013eahliv&eacute; chladenie \u010di vykurovanie aj za extr&eacute;mnych podmienok, kde sa na jednu vonkaj&scaron;iu jednotku m&ocirc;\u017ee pripoji\u0165 a\u017e 36 vn&uacute;torn&yacute;ch jednotiek. Syst&eacute;m pracuje s chladivom R410A. Obsahuje inteligentn&eacute; riadenie s&nbsp;dynamick&yacute;m teplotn&yacute;m mana\u017ementom, ktor&yacute; automaticky upravuje teplotu chladiva pod\u013ea aktu&aacute;lnej potreby a zais\u0165uje tak optim&aacute;lnu teplotn&uacute; pohodu. V\u010faka DC inverter kompresora s technol&oacute;giou EVI dosahuje vysok&uacute; energetick&uacute; &uacute;\u010dinnos\u0165 a spo\u013eahlivosti aj v extr&eacute;mnych teplot&aacute;ch (-30 &deg;C a\u017e +55 &deg;C). In&scaron;tal&aacute;cia syst&eacute;mu je jednoduch&aacute; a r&yacute;chla v\u010faka automatick&eacute;mu adresovaniu vn&uacute;torn&yacute;ch jednotiek.","og_url":"https:\/\/klimavex.eu\/sk\/katalog\/hyundai-vrf-vonkajsia-jednotka-r410a-hv8so-m252vh\/","og_site_name":"KLIMAVEX GROUP - Slovensko","article_publisher":"https:\/\/www.facebook.com\/klimavex","article_modified_time":"2026-04-03T20:51:16+00:00","og_image":[{"width":9184,"height":9184,"url":"https:\/\/klimavex.eu\/sk\/wp-content\/uploads\/2024\/02\/LOGO-KLIMAVEX-modra-kostka-1.png","type":"image\/png"}],"twitter_card":"summary_large_image","twitter_misc":{"Predpokladan\u00fd \u010das \u010d\u00edtania":"1 min\u00fata"},"schema":{"@context":"https:\/\/schema.org","@graph":[{"@type":"WebPage","@id":"https:\/\/klimavex.eu\/sk\/katalog\/hyundai-vrf-vonkajsia-jednotka-r410a-hv8so-m252vh\/","url":"https:\/\/klimavex.eu\/sk\/katalog\/hyundai-vrf-vonkajsia-jednotka-r410a-hv8so-m252vh\/","name":"Klimatiz\u00e1cia Hyundai VRF vonkaj\u0161ia HV8SO M252VH R410A 400V 25,2kW - KLIMAVEX GROUP - Slovensko","isPartOf":{"@id":"https:\/\/klimavex.eu\/sk\/#website"},"primaryImageOfPage":{"@id":"https:\/\/klimavex.eu\/sk\/katalog\/hyundai-vrf-vonkajsia-jednotka-r410a-hv8so-m252vh\/#primaryimage"},"image":{"@id":"https:\/\/klimavex.eu\/sk\/katalog\/hyundai-vrf-vonkajsia-jednotka-r410a-hv8so-m252vh\/#primaryimage"},"thumbnailUrl":"https:\/\/klimavex.eu\/sk\/wp-content\/uploads\/2025\/09\/xI2ikRts5fkXcEPWljp5IEQHybQczshorL4QI42Wekk-1.png","datePublished":"2026-04-03T20:50:07+00:00","dateModified":"2026-04-03T20:51:16+00:00","breadcrumb":{"@id":"https:\/\/klimavex.eu\/sk\/katalog\/hyundai-vrf-vonkajsia-jednotka-r410a-hv8so-m252vh\/#breadcrumb"},"inLanguage":"sk-SK","potentialAction":[{"@type":"ReadAction","target":["https:\/\/klimavex.eu\/sk\/katalog\/hyundai-vrf-vonkajsia-jednotka-r410a-hv8so-m252vh\/"]}]},{"@type":"ImageObject","inLanguage":"sk-SK","@id":"https:\/\/klimavex.eu\/sk\/katalog\/hyundai-vrf-vonkajsia-jednotka-r410a-hv8so-m252vh\/#primaryimage","url":"https:\/\/klimavex.eu\/sk\/wp-content\/uploads\/2025\/09\/xI2ikRts5fkXcEPWljp5IEQHybQczshorL4QI42Wekk-1.png","contentUrl":"https:\/\/klimavex.eu\/sk\/wp-content\/uploads\/2025\/09\/xI2ikRts5fkXcEPWljp5IEQHybQczshorL4QI42Wekk-1.png","width":512,"height":808},{"@type":"BreadcrumbList","@id":"https:\/\/klimavex.eu\/sk\/katalog\/hyundai-vrf-vonkajsia-jednotka-r410a-hv8so-m252vh\/#breadcrumb","itemListElement":[{"@type":"ListItem","position":1,"name":"Domovsk\u00e1 str\u00e1nka","item":"https:\/\/klimavex.eu\/sk\/"},{"@type":"ListItem","position":2,"name":"Eshop","item":"https:\/\/klimavex.eu\/sk\/eshop\/"},{"@type":"ListItem","position":3,"name":"Hyundai VRF vonkaj\u0161ia jednotka R410A HV8SO-M252VH"}]},{"@type":"WebSite","@id":"https:\/\/klimavex.eu\/sk\/#website","url":"https:\/\/klimavex.eu\/sk\/","name":"KLIMAVEX GROUP - Slovensko","description":"","publisher":{"@id":"https:\/\/klimavex.eu\/sk\/#organization"},"alternateName":"KLIMAVEX a.s.","potentialAction":[{"@type":"SearchAction","target":{"@type":"EntryPoint","urlTemplate":"https:\/\/klimavex.eu\/sk\/?s={search_term_string}"},"query-input":{"@type":"PropertyValueSpecification","valueRequired":true,"valueName":"search_term_string"}}],"inLanguage":"sk-SK"},{"@type":"Organization","@id":"https:\/\/klimavex.eu\/sk\/#organization","name":"KLIMAVEX GROUP","alternateName":"KLIMAVEX a.s.","url":"https:\/\/klimavex.eu\/sk\/","logo":{"@type":"ImageObject","inLanguage":"sk-SK","@id":"https:\/\/klimavex.eu\/sk\/#\/schema\/logo\/image\/","url":"https:\/\/klimavex.eu\/sk\/wp-content\/uploads\/2024\/04\/Klimavex-Group-logo.png","contentUrl":"https:\/\/klimavex.eu\/sk\/wp-content\/uploads\/2024\/04\/Klimavex-Group-logo.png","width":1681,"height":472,"caption":"KLIMAVEX GROUP"},"image":{"@id":"https:\/\/klimavex.eu\/sk\/#\/schema\/logo\/image\/"},"sameAs":["https:\/\/www.facebook.com\/klimavex","https:\/\/www.instagram.com\/klimavex_sk\/"]}]}},"_links":{"self":[{"href":"https:\/\/klimavex.eu\/sk\/wp-json\/wp\/v2\/product\/476071","targetHints":{"allow":["GET"]}}],"collection":[{"href":"https:\/\/klimavex.eu\/sk\/wp-json\/wp\/v2\/product"}],"about":[{"href":"https:\/\/klimavex.eu\/sk\/wp-json\/wp\/v2\/types\/product"}],"version-history":[{"count":0,"href":"https:\/\/klimavex.eu\/sk\/wp-json\/wp\/v2\/product\/476071\/revisions"}],"wp:featuredmedia":[{"embeddable":true,"href":"https:\/\/klimavex.eu\/sk\/wp-json\/wp\/v2\/media\/480365"}],"wp:attachment":[{"href":"https:\/\/klimavex.eu\/sk\/wp-json\/wp\/v2\/media?parent=476071"}],"wp:term":[{"taxonomy":"product_cat","embeddable":true,"href":"https:\/\/klimavex.eu\/sk\/wp-json\/wp\/v2\/product_cat?post=476071"},{"taxonomy":"product_tag","embeddable":true,"href":"https:\/\/klimavex.eu\/sk\/wp-json\/wp\/v2\/product_tag?post=476071"}],"curies":[{"name":"wp","href":"https:\/\/api.w.org\/{rel}","templated":true}]}}