{"id":476101,"date":"2026-04-25T23:04:55","date_gmt":"2026-04-25T21:04:55","guid":{"rendered":"https:\/\/klimavex.eu\/sk\/katalog\/panasonic-multisplit-cu-2z41tbe\/"},"modified":"2026-04-25T23:05:12","modified_gmt":"2026-04-25T21:05:12","slug":"klimatizacia-panasonic-multisplit-vonkajsia-cu-2z41-2-vnutorne-r32-230v-42kw","status":"publish","type":"product","link":"https:\/\/klimavex.eu\/sk\/katalog\/klimatizacia-panasonic-multisplit-vonkajsia-cu-2z41-2-vnutorne-r32-230v-42kw\/","title":{"rendered":"Klimatiz\u00e1cia Panasonic multisplit vonkaj\u0161ia CU-2Z41 (2 vn\u00fatorn\u00e9) R32 230V 4,2kW"},"content":{"rendered":"<p style=\"text-align:justify\"><span style=\"font-size:11pt\"><span style=\"font-family:Calibri,sans-serif\"><strong>K\u013e&uacute;\u010dov&eacute; vlastnosti<\/strong><\/span><\/span><\/p>\n<ul>\n<li style=\"text-align: justify;\"><span style=\"font-size:11pt\"><span style=\"font-family:Calibri,sans-serif\">Napojenie na 2 vn&uacute;torn&eacute; jednotky s jedinou vonkaj&scaron;ou jednotkou (in&eacute; varianty a\u017e pre 5 vn&uacute;torn&yacute;ch jednotiek)<\/span><\/span><\/li>\n<li style=\"text-align: justify;\"><span style=\"font-size:11pt\"><span style=\"font-family:Calibri,sans-serif\">2 miestnosti so samostatn&yacute;m ovl&aacute;dan&iacute;m (in&eacute; varianty a\u017e pre 5 miestnost&iacute;)<\/span><\/span><\/li>\n<li style=\"text-align: justify;\"><span style=\"font-size:11pt\"><span style=\"font-family:Calibri,sans-serif\">&Scaron;irok&aacute; ponuka vn&uacute;torn&yacute;ch jednotiek sa prisp&ocirc;sob&iacute; ka\u017edej miestnosti<\/span><\/span><\/li>\n<li style=\"text-align: justify;\"><span style=\"font-size:11pt\"><span style=\"font-family:Calibri,sans-serif\">Kompatibiln&yacute; s n&aacute;stenn&yacute;mi jednotkami Etherea a TZ, parapetnou jednotkou, 4-cestnou kazetovou jednotkou 60 &times; 60 a kan&aacute;lovou jednotkou s n&iacute;zkym statick&yacute;m tlakom<\/span><\/span><\/li>\n<li style=\"text-align: justify;\"><span style=\"font-size:11pt\"><span style=\"font-family:Calibri,sans-serif\">Vysok&aacute; trieda energetickej &uacute;\u010dinnosti SEER A+++<\/span><\/span><\/li>\n<li style=\"text-align: justify;\"><span style=\"font-size:11pt\"><span style=\"font-family:Calibri,sans-serif\">Flexibiln&aacute; in&scaron;tal&aacute;cia, kompaktn&eacute; jednotky a ve\u013ek&aacute; pripojovacia vzdialenos\u0165<\/span><\/span><\/li>\n<li style=\"text-align: justify;\"><span style=\"font-size:11pt\"><span style=\"font-family:Calibri,sans-serif\">Vn&uacute;torn&eacute; jednotky kompatibiln&eacute; s internetom a ovl&aacute;dan&iacute;m hlasom<\/span><\/span><\/li>\n<\/ul>\n","protected":false},"excerpt":{"rendered":"<p style=\"text-align:justify\"><span style=\"font-size:11pt\"><span style=\"font-family:Calibri,sans-serif\"><strong><span style=\"color:black\">Panasonic Free Multi Z <\/span><\/strong><span style=\"color:black\">je <strong>vonkaj&scaron;ia klimatiza\u010dn&aacute; jednotka<\/strong> <strong>pre multisplit <\/strong>aplik&aacute;cie, ktor&aacute; je schopn&aacute; efekt&iacute;vne chladi\u0165 aj vykurova\u0165. Dok&aacute;\u017ee v tomto konkr&eacute;tnom pr&iacute;pade naraz <strong>obsluhova\u0165 2 vn&uacute;torn&eacute; jednotky <\/strong>Panasonic r&ocirc;znych typov, s&uacute; mo\u017en&eacute; aj ich kombin&aacute;cie. Pon&uacute;ka energetick&uacute; &uacute;\u010dinnos\u0165 a\u017e A+++ pri chladen&iacute; a A++ pri vykurovan&iacute;. Multisplit rie&scaron;enie je vhodnou alternat&iacute;vou najm&auml; <strong>pre rodinn&eacute; domy, ale aj v&auml;\u010d&scaron;ie byty \u010di men&scaron;ie kancel&aacute;rie.<\/strong><\/span><\/span><\/span><\/p>\n","protected":false},"featured_media":480439,"template":"","meta":[],"product_cat":[196,198,403,195,343,734],"product_tag":[],"class_list":{"0":"post-476101","1":"product","2":"type-product","3":"status-publish","4":"has-post-thumbnail","6":"product_cat-podla-znacky","7":"product_cat-podla-typu","8":"product_cat-panasonic-podla-znacky","9":"product_cat-klimatizacie","10":"product_cat-multisplity","11":"product_cat-multisplit-panasonic-podla-znacky","12":"pa_chlad-do-von-tep-c-do-10-c","13":"pa_chladiaci-vykon-3494","14":"pa_energeticka-trieda-scop-aplusplus","15":"pa_energeticka-trieda-seer-aplusplusplus","16":"pa_multisplit-vonkajsia-multi-2","17":"pa_napajanie-1f-230v","18":"pa_prevedenie-multisplit-vonkajsia","19":"pa_prikon-chladenie-3675","20":"pa_prikon-vykurovanie-3674","21":"pa_typ-chladiva-r32","22":"pa_vyk-do-von-tepl-c-do-15-c","23":"pa_vykurovaci-vykon-3673","24":"pa_znacka-panasonic","26":"first","27":"instock","28":"taxable","29":"shipping-taxable","30":"purchasable","31":"product-type-simple"},"yoast_head":"<!-- This site is optimized with the Yoast SEO plugin v23.9 - https:\/\/yoast.com\/wordpress\/plugins\/seo\/ -->\n<title>Klimatiz\u00e1cia Panasonic multisplit vonkaj\u0161ia CU-2Z41 (2 vn\u00fatorn\u00e9) R32 230V 4,2kW - KLIMAVEX GROUP - Slovensko<\/title>\n<meta name=\"robots\" content=\"index, follow, max-snippet:-1, max-image-preview:large, max-video-preview:-1\" \/>\n<link rel=\"canonical\" href=\"https:\/\/klimavex.eu\/sk\/katalog\/panasonic-multisplit-cu-2z41tbe\/\" \/>\n<meta property=\"og:locale\" content=\"sk_SK\" \/>\n<meta property=\"og:type\" content=\"article\" \/>\n<meta property=\"og:title\" content=\"Klimatiz\u00e1cia Panasonic multisplit vonkaj\u0161ia CU-2Z41 (2 vn\u00fatorn\u00e9) R32 230V 4,2kW - KLIMAVEX GROUP - Slovensko\" \/>\n<meta property=\"og:description\" content=\"Panasonic Free Multi Z je vonkaj&scaron;ia klimatiza\u010dn&aacute; jednotka pre multisplit aplik&aacute;cie, ktor&aacute; je schopn&aacute; efekt&iacute;vne chladi\u0165 aj vykurova\u0165. Dok&aacute;\u017ee v tomto konkr&eacute;tnom pr&iacute;pade naraz obsluhova\u0165 2 vn&uacute;torn&eacute; jednotky Panasonic r&ocirc;znych typov, s&uacute; mo\u017en&eacute; aj ich kombin&aacute;cie. Pon&uacute;ka energetick&uacute; &uacute;\u010dinnos\u0165 a\u017e A+++ pri chladen&iacute; a A++ pri vykurovan&iacute;. Multisplit rie&scaron;enie je vhodnou alternat&iacute;vou najm&auml; pre rodinn&eacute; domy, ale aj v&auml;\u010d&scaron;ie byty \u010di men&scaron;ie kancel&aacute;rie.\" \/>\n<meta property=\"og:url\" content=\"https:\/\/klimavex.eu\/sk\/katalog\/panasonic-multisplit-cu-2z41tbe\/\" \/>\n<meta property=\"og:site_name\" content=\"KLIMAVEX GROUP - Slovensko\" \/>\n<meta property=\"article:publisher\" content=\"https:\/\/www.facebook.com\/klimavex\" \/>\n<meta property=\"article:modified_time\" content=\"2026-04-25T21:05:12+00:00\" \/>\n<meta property=\"og:image\" content=\"https:\/\/klimavex.eu\/sk\/wp-content\/uploads\/2024\/02\/LOGO-KLIMAVEX-modra-kostka-1.png\" \/>\n\t<meta property=\"og:image:width\" content=\"9184\" \/>\n\t<meta property=\"og:image:height\" content=\"9184\" \/>\n\t<meta property=\"og:image:type\" content=\"image\/png\" \/>\n<meta name=\"twitter:card\" content=\"summary_large_image\" \/>\n<meta name=\"twitter:label1\" content=\"Predpokladan\u00fd \u010das \u010d\u00edtania\" \/>\n\t<meta name=\"twitter:data1\" content=\"1 min\u00fata\" \/>\n<script type=\"application\/ld+json\" class=\"yoast-schema-graph\">{\"@context\":\"https:\/\/schema.org\",\"@graph\":[{\"@type\":\"WebPage\",\"@id\":\"https:\/\/klimavex.eu\/sk\/katalog\/panasonic-multisplit-cu-2z41tbe\/\",\"url\":\"https:\/\/klimavex.eu\/sk\/katalog\/panasonic-multisplit-cu-2z41tbe\/\",\"name\":\"Klimatiz\u00e1cia Panasonic multisplit vonkaj\u0161ia CU-2Z41 (2 vn\u00fatorn\u00e9) R32 230V 4,2kW - KLIMAVEX GROUP - Slovensko\",\"isPartOf\":{\"@id\":\"https:\/\/klimavex.eu\/sk\/#website\"},\"primaryImageOfPage\":{\"@id\":\"https:\/\/klimavex.eu\/sk\/katalog\/panasonic-multisplit-cu-2z41tbe\/#primaryimage\"},\"image\":{\"@id\":\"https:\/\/klimavex.eu\/sk\/katalog\/panasonic-multisplit-cu-2z41tbe\/#primaryimage\"},\"thumbnailUrl\":\"https:\/\/klimavex.eu\/sk\/wp-content\/uploads\/2025\/09\/0Uyy4mWM-U2Skm9UAtsiZpvbY6A7QVBiWxSwe47S77w.png\",\"datePublished\":\"2026-04-25T21:04:55+00:00\",\"dateModified\":\"2026-04-25T21:05:12+00:00\",\"breadcrumb\":{\"@id\":\"https:\/\/klimavex.eu\/sk\/katalog\/panasonic-multisplit-cu-2z41tbe\/#breadcrumb\"},\"inLanguage\":\"sk-SK\",\"potentialAction\":[{\"@type\":\"ReadAction\",\"target\":[\"https:\/\/klimavex.eu\/sk\/katalog\/panasonic-multisplit-cu-2z41tbe\/\"]}]},{\"@type\":\"ImageObject\",\"inLanguage\":\"sk-SK\",\"@id\":\"https:\/\/klimavex.eu\/sk\/katalog\/panasonic-multisplit-cu-2z41tbe\/#primaryimage\",\"url\":\"https:\/\/klimavex.eu\/sk\/wp-content\/uploads\/2025\/09\/0Uyy4mWM-U2Skm9UAtsiZpvbY6A7QVBiWxSwe47S77w.png\",\"contentUrl\":\"https:\/\/klimavex.eu\/sk\/wp-content\/uploads\/2025\/09\/0Uyy4mWM-U2Skm9UAtsiZpvbY6A7QVBiWxSwe47S77w.png\",\"width\":755,\"height\":512},{\"@type\":\"BreadcrumbList\",\"@id\":\"https:\/\/klimavex.eu\/sk\/katalog\/panasonic-multisplit-cu-2z41tbe\/#breadcrumb\",\"itemListElement\":[{\"@type\":\"ListItem\",\"position\":1,\"name\":\"Domovsk\u00e1 str\u00e1nka\",\"item\":\"https:\/\/klimavex.eu\/sk\/\"},{\"@type\":\"ListItem\",\"position\":2,\"name\":\"Eshop\",\"item\":\"https:\/\/klimavex.eu\/sk\/eshop\/\"},{\"@type\":\"ListItem\",\"position\":3,\"name\":\"Panasonic multisplit CU-2Z41TBE\"}]},{\"@type\":\"WebSite\",\"@id\":\"https:\/\/klimavex.eu\/sk\/#website\",\"url\":\"https:\/\/klimavex.eu\/sk\/\",\"name\":\"KLIMAVEX GROUP - Slovensko\",\"description\":\"\",\"publisher\":{\"@id\":\"https:\/\/klimavex.eu\/sk\/#organization\"},\"alternateName\":\"KLIMAVEX a.s.\",\"potentialAction\":[{\"@type\":\"SearchAction\",\"target\":{\"@type\":\"EntryPoint\",\"urlTemplate\":\"https:\/\/klimavex.eu\/sk\/?s={search_term_string}\"},\"query-input\":{\"@type\":\"PropertyValueSpecification\",\"valueRequired\":true,\"valueName\":\"search_term_string\"}}],\"inLanguage\":\"sk-SK\"},{\"@type\":\"Organization\",\"@id\":\"https:\/\/klimavex.eu\/sk\/#organization\",\"name\":\"KLIMAVEX GROUP\",\"alternateName\":\"KLIMAVEX a.s.\",\"url\":\"https:\/\/klimavex.eu\/sk\/\",\"logo\":{\"@type\":\"ImageObject\",\"inLanguage\":\"sk-SK\",\"@id\":\"https:\/\/klimavex.eu\/sk\/#\/schema\/logo\/image\/\",\"url\":\"https:\/\/klimavex.eu\/sk\/wp-content\/uploads\/2024\/04\/Klimavex-Group-logo.png\",\"contentUrl\":\"https:\/\/klimavex.eu\/sk\/wp-content\/uploads\/2024\/04\/Klimavex-Group-logo.png\",\"width\":1681,\"height\":472,\"caption\":\"KLIMAVEX GROUP\"},\"image\":{\"@id\":\"https:\/\/klimavex.eu\/sk\/#\/schema\/logo\/image\/\"},\"sameAs\":[\"https:\/\/www.facebook.com\/klimavex\",\"https:\/\/www.instagram.com\/klimavex_sk\/\"]}]}<\/script>\n<!-- \/ Yoast SEO plugin. -->","yoast_head_json":{"title":"Klimatiz\u00e1cia Panasonic multisplit vonkaj\u0161ia CU-2Z41 (2 vn\u00fatorn\u00e9) R32 230V 4,2kW - KLIMAVEX GROUP - Slovensko","robots":{"index":"index","follow":"follow","max-snippet":"max-snippet:-1","max-image-preview":"max-image-preview:large","max-video-preview":"max-video-preview:-1"},"canonical":"https:\/\/klimavex.eu\/sk\/katalog\/panasonic-multisplit-cu-2z41tbe\/","og_locale":"sk_SK","og_type":"article","og_title":"Klimatiz\u00e1cia Panasonic multisplit vonkaj\u0161ia CU-2Z41 (2 vn\u00fatorn\u00e9) R32 230V 4,2kW - KLIMAVEX GROUP - Slovensko","og_description":"Panasonic Free Multi Z je vonkaj&scaron;ia klimatiza\u010dn&aacute; jednotka pre multisplit aplik&aacute;cie, ktor&aacute; je schopn&aacute; efekt&iacute;vne chladi\u0165 aj vykurova\u0165. Dok&aacute;\u017ee v tomto konkr&eacute;tnom pr&iacute;pade naraz obsluhova\u0165 2 vn&uacute;torn&eacute; jednotky Panasonic r&ocirc;znych typov, s&uacute; mo\u017en&eacute; aj ich kombin&aacute;cie. Pon&uacute;ka energetick&uacute; &uacute;\u010dinnos\u0165 a\u017e A+++ pri chladen&iacute; a A++ pri vykurovan&iacute;. Multisplit rie&scaron;enie je vhodnou alternat&iacute;vou najm&auml; pre rodinn&eacute; domy, ale aj v&auml;\u010d&scaron;ie byty \u010di men&scaron;ie kancel&aacute;rie.","og_url":"https:\/\/klimavex.eu\/sk\/katalog\/panasonic-multisplit-cu-2z41tbe\/","og_site_name":"KLIMAVEX GROUP - Slovensko","article_publisher":"https:\/\/www.facebook.com\/klimavex","article_modified_time":"2026-04-25T21:05:12+00:00","og_image":[{"width":9184,"height":9184,"url":"https:\/\/klimavex.eu\/sk\/wp-content\/uploads\/2024\/02\/LOGO-KLIMAVEX-modra-kostka-1.png","type":"image\/png"}],"twitter_card":"summary_large_image","twitter_misc":{"Predpokladan\u00fd \u010das \u010d\u00edtania":"1 min\u00fata"},"schema":{"@context":"https:\/\/schema.org","@graph":[{"@type":"WebPage","@id":"https:\/\/klimavex.eu\/sk\/katalog\/panasonic-multisplit-cu-2z41tbe\/","url":"https:\/\/klimavex.eu\/sk\/katalog\/panasonic-multisplit-cu-2z41tbe\/","name":"Klimatiz\u00e1cia Panasonic multisplit vonkaj\u0161ia CU-2Z41 (2 vn\u00fatorn\u00e9) R32 230V 4,2kW - KLIMAVEX GROUP - Slovensko","isPartOf":{"@id":"https:\/\/klimavex.eu\/sk\/#website"},"primaryImageOfPage":{"@id":"https:\/\/klimavex.eu\/sk\/katalog\/panasonic-multisplit-cu-2z41tbe\/#primaryimage"},"image":{"@id":"https:\/\/klimavex.eu\/sk\/katalog\/panasonic-multisplit-cu-2z41tbe\/#primaryimage"},"thumbnailUrl":"https:\/\/klimavex.eu\/sk\/wp-content\/uploads\/2025\/09\/0Uyy4mWM-U2Skm9UAtsiZpvbY6A7QVBiWxSwe47S77w.png","datePublished":"2026-04-25T21:04:55+00:00","dateModified":"2026-04-25T21:05:12+00:00","breadcrumb":{"@id":"https:\/\/klimavex.eu\/sk\/katalog\/panasonic-multisplit-cu-2z41tbe\/#breadcrumb"},"inLanguage":"sk-SK","potentialAction":[{"@type":"ReadAction","target":["https:\/\/klimavex.eu\/sk\/katalog\/panasonic-multisplit-cu-2z41tbe\/"]}]},{"@type":"ImageObject","inLanguage":"sk-SK","@id":"https:\/\/klimavex.eu\/sk\/katalog\/panasonic-multisplit-cu-2z41tbe\/#primaryimage","url":"https:\/\/klimavex.eu\/sk\/wp-content\/uploads\/2025\/09\/0Uyy4mWM-U2Skm9UAtsiZpvbY6A7QVBiWxSwe47S77w.png","contentUrl":"https:\/\/klimavex.eu\/sk\/wp-content\/uploads\/2025\/09\/0Uyy4mWM-U2Skm9UAtsiZpvbY6A7QVBiWxSwe47S77w.png","width":755,"height":512},{"@type":"BreadcrumbList","@id":"https:\/\/klimavex.eu\/sk\/katalog\/panasonic-multisplit-cu-2z41tbe\/#breadcrumb","itemListElement":[{"@type":"ListItem","position":1,"name":"Domovsk\u00e1 str\u00e1nka","item":"https:\/\/klimavex.eu\/sk\/"},{"@type":"ListItem","position":2,"name":"Eshop","item":"https:\/\/klimavex.eu\/sk\/eshop\/"},{"@type":"ListItem","position":3,"name":"Panasonic multisplit CU-2Z41TBE"}]},{"@type":"WebSite","@id":"https:\/\/klimavex.eu\/sk\/#website","url":"https:\/\/klimavex.eu\/sk\/","name":"KLIMAVEX GROUP - Slovensko","description":"","publisher":{"@id":"https:\/\/klimavex.eu\/sk\/#organization"},"alternateName":"KLIMAVEX a.s.","potentialAction":[{"@type":"SearchAction","target":{"@type":"EntryPoint","urlTemplate":"https:\/\/klimavex.eu\/sk\/?s={search_term_string}"},"query-input":{"@type":"PropertyValueSpecification","valueRequired":true,"valueName":"search_term_string"}}],"inLanguage":"sk-SK"},{"@type":"Organization","@id":"https:\/\/klimavex.eu\/sk\/#organization","name":"KLIMAVEX GROUP","alternateName":"KLIMAVEX a.s.","url":"https:\/\/klimavex.eu\/sk\/","logo":{"@type":"ImageObject","inLanguage":"sk-SK","@id":"https:\/\/klimavex.eu\/sk\/#\/schema\/logo\/image\/","url":"https:\/\/klimavex.eu\/sk\/wp-content\/uploads\/2024\/04\/Klimavex-Group-logo.png","contentUrl":"https:\/\/klimavex.eu\/sk\/wp-content\/uploads\/2024\/04\/Klimavex-Group-logo.png","width":1681,"height":472,"caption":"KLIMAVEX GROUP"},"image":{"@id":"https:\/\/klimavex.eu\/sk\/#\/schema\/logo\/image\/"},"sameAs":["https:\/\/www.facebook.com\/klimavex","https:\/\/www.instagram.com\/klimavex_sk\/"]}]}},"_links":{"self":[{"href":"https:\/\/klimavex.eu\/sk\/wp-json\/wp\/v2\/product\/476101","targetHints":{"allow":["GET"]}}],"collection":[{"href":"https:\/\/klimavex.eu\/sk\/wp-json\/wp\/v2\/product"}],"about":[{"href":"https:\/\/klimavex.eu\/sk\/wp-json\/wp\/v2\/types\/product"}],"version-history":[{"count":0,"href":"https:\/\/klimavex.eu\/sk\/wp-json\/wp\/v2\/product\/476101\/revisions"}],"wp:featuredmedia":[{"embeddable":true,"href":"https:\/\/klimavex.eu\/sk\/wp-json\/wp\/v2\/media\/480439"}],"wp:attachment":[{"href":"https:\/\/klimavex.eu\/sk\/wp-json\/wp\/v2\/media?parent=476101"}],"wp:term":[{"taxonomy":"product_cat","embeddable":true,"href":"https:\/\/klimavex.eu\/sk\/wp-json\/wp\/v2\/product_cat?post=476101"},{"taxonomy":"product_tag","embeddable":true,"href":"https:\/\/klimavex.eu\/sk\/wp-json\/wp\/v2\/product_tag?post=476101"}],"curies":[{"name":"wp","href":"https:\/\/api.w.org\/{rel}","templated":true}]}}