{"id":476145,"date":"2026-03-31T18:19:36","date_gmt":"2026-03-31T16:19:36","guid":{"rendered":"https:\/\/klimavex.eu\/sk\/katalog\/panasonic-potrubna-klimatizacia-paci-nx-standard-kit-50pf3z5\/"},"modified":"2026-03-31T18:20:28","modified_gmt":"2026-03-31T16:20:28","slug":"klimatizacia-panasonic-paci-nx-standard-split-potrubna-kit-50pf3z5-r32-230v-5kw","status":"publish","type":"product","link":"https:\/\/klimavex.eu\/sk\/katalog\/klimatizacia-panasonic-paci-nx-standard-split-potrubna-kit-50pf3z5-r32-230v-5kw\/","title":{"rendered":"Klimatiz\u00e1cia Panasonic PACi NX Standard split potrubn\u00e1 KIT-50PF3Z5 R32 230V 5kW"},"content":{"rendered":"<p style=\"text-align: justify;\"><strong>K\u013e&uacute;\u010dov&eacute; vlastnosti:<\/strong><\/p>\n<ul>\n<li style=\"text-align: justify;\">Vn&uacute;torn&aacute; a vonkaj&scaron;ia jednotka<\/li>\n<li style=\"text-align: justify;\">2 mo\u017enosti in&scaron;tal&aacute;cie (horizont&aacute;lne\/vertik&aacute;lne) s vysok&yacute;m extern&yacute;m statick&yacute;m tlakom 150 Pa<\/li>\n<li style=\"text-align: justify;\">Gener&aacute;tor nanoe&trade; X Mark 2<\/li>\n<li style=\"text-align: justify;\">Prev&aacute;dzkov&yacute; rozsah do 43&deg;C pri chladen&iacute; a -15&deg;C pri vykurovan&iacute;<\/li>\n<li style=\"text-align: justify;\">Chladivo R32<\/li>\n<\/ul>\n","protected":false},"excerpt":{"rendered":"<p style=\"text-align: justify;\">Komer\u010dn&eacute; klimatiza\u010dn&eacute; syst&eacute;my <strong>Panasonic PACi NX Standard v potrubnom preveden&iacute; <\/strong>s chladivom R32 boli vyvinut&eacute; s cie\u013eom uspokoji\u0165 dopyt po mo\u017enostiach jednoduchej rekon&scaron;trukcie v\u010faka 3-vodi\u010dov&eacute;mu pripojeniu. Umo\u017e\u0148uj&uacute; tie\u017e integr&aacute;ciu do rie&scaron;enia internetu vec&iacute; a &scaron;tandardne pon&uacute;kaj&uacute; funkciu nanoe&trade; X.<\/p>\n<p style=\"text-align: justify;\"><strong>Adapt&iacute;vna potrubn&aacute; jednotka PACi NX Standard &#8211; PF3 <\/strong>pon&uacute;ka 2 mo\u017enosti in&scaron;tal&aacute;cie (horizont&aacute;lne\/vertik&aacute;lne) s vysok&yacute;m extern&yacute;m <strong>statick&yacute;m tlakom 150 Pa<\/strong>. &Scaron;tandardne dod&aacute;van&aacute; <strong>technol&oacute;gia nanoe&trade; X <\/strong>poskytuje v&yacute;nimo\u010dn&uacute; &uacute;rove\u0148 kvality vzduchu v interi&eacute;ri.<\/p>\n","protected":false},"featured_media":480534,"template":"","meta":[],"product_cat":[830,829],"product_tag":[],"class_list":{"0":"post-476145","1":"product","2":"type-product","3":"status-publish","4":"has-post-thumbnail","6":"product_cat-paci-standard","7":"product_cat-paci","8":"pa_chlad-do-von-tep-c-do-10-c","9":"pa_chladiaci-vykon-3468","10":"pa_energeticka-trieda-scop-aplus","11":"pa_energeticka-trieda-seer-aplusplus","12":"pa_filtracia-vzduchu-nanoex","13":"pa_hlucnost-vnutornej-jednotky-3372","14":"pa_napajanie-1f-230v","15":"pa_prevedenie-potrubny-split","16":"pa_prikon-chladenie-3710","17":"pa_prikon-vykurovanie-3764","18":"pa_typ-chladiva-r32","19":"pa_vyk-do-von-tepl-c-do-15-c","20":"pa_vykonovy-model-3349","21":"pa_vykurovaci-vykon-3628","22":"pa_wifi-ovladanie-volitelne","23":"pa_znacka-panasonic","25":"first","26":"instock","27":"taxable","28":"shipping-taxable","29":"purchasable","30":"product-type-simple"},"yoast_head":"<!-- This site is optimized with the Yoast SEO plugin v23.9 - https:\/\/yoast.com\/wordpress\/plugins\/seo\/ -->\n<title>Klimatiz\u00e1cia Panasonic PACi NX Standard split potrubn\u00e1 KIT-50PF3Z5 R32 230V 5kW - KLIMAVEX GROUP - Slovensko<\/title>\n<meta name=\"robots\" content=\"index, follow, max-snippet:-1, max-image-preview:large, max-video-preview:-1\" \/>\n<link rel=\"canonical\" href=\"https:\/\/klimavex.eu\/sk\/katalog\/panasonic-potrubna-klimatizacia-paci-nx-standard-kit-50pf3z5\/\" \/>\n<meta property=\"og:locale\" content=\"sk_SK\" \/>\n<meta property=\"og:type\" content=\"article\" \/>\n<meta property=\"og:title\" content=\"Klimatiz\u00e1cia Panasonic PACi NX Standard split potrubn\u00e1 KIT-50PF3Z5 R32 230V 5kW - KLIMAVEX GROUP - Slovensko\" \/>\n<meta property=\"og:description\" content=\"Komer\u010dn&eacute; klimatiza\u010dn&eacute; syst&eacute;my Panasonic PACi NX Standard v potrubnom preveden&iacute; s chladivom R32 boli vyvinut&eacute; s cie\u013eom uspokoji\u0165 dopyt po mo\u017enostiach jednoduchej rekon&scaron;trukcie v\u010faka 3-vodi\u010dov&eacute;mu pripojeniu. Umo\u017e\u0148uj&uacute; tie\u017e integr&aacute;ciu do rie&scaron;enia internetu vec&iacute; a &scaron;tandardne pon&uacute;kaj&uacute; funkciu nanoe&trade; X. Adapt&iacute;vna potrubn&aacute; jednotka PACi NX Standard - PF3 pon&uacute;ka 2 mo\u017enosti in&scaron;tal&aacute;cie (horizont&aacute;lne\/vertik&aacute;lne) s vysok&yacute;m extern&yacute;m statick&yacute;m tlakom 150 Pa. &Scaron;tandardne dod&aacute;van&aacute; technol&oacute;gia nanoe&trade; X poskytuje v&yacute;nimo\u010dn&uacute; &uacute;rove\u0148 kvality vzduchu v interi&eacute;ri.\" \/>\n<meta property=\"og:url\" content=\"https:\/\/klimavex.eu\/sk\/katalog\/panasonic-potrubna-klimatizacia-paci-nx-standard-kit-50pf3z5\/\" \/>\n<meta property=\"og:site_name\" content=\"KLIMAVEX GROUP - Slovensko\" \/>\n<meta property=\"article:publisher\" content=\"https:\/\/www.facebook.com\/klimavex\" \/>\n<meta property=\"article:modified_time\" content=\"2026-03-31T16:20:28+00:00\" \/>\n<meta property=\"og:image\" content=\"https:\/\/klimavex.eu\/sk\/wp-content\/uploads\/2024\/02\/LOGO-KLIMAVEX-modra-kostka-1.png\" \/>\n\t<meta property=\"og:image:width\" content=\"9184\" \/>\n\t<meta property=\"og:image:height\" content=\"9184\" \/>\n\t<meta property=\"og:image:type\" content=\"image\/png\" \/>\n<meta name=\"twitter:card\" content=\"summary_large_image\" \/>\n<script type=\"application\/ld+json\" class=\"yoast-schema-graph\">{\"@context\":\"https:\/\/schema.org\",\"@graph\":[{\"@type\":\"WebPage\",\"@id\":\"https:\/\/klimavex.eu\/sk\/katalog\/panasonic-potrubna-klimatizacia-paci-nx-standard-kit-50pf3z5\/\",\"url\":\"https:\/\/klimavex.eu\/sk\/katalog\/panasonic-potrubna-klimatizacia-paci-nx-standard-kit-50pf3z5\/\",\"name\":\"Klimatiz\u00e1cia Panasonic PACi NX Standard split potrubn\u00e1 KIT-50PF3Z5 R32 230V 5kW - KLIMAVEX GROUP - Slovensko\",\"isPartOf\":{\"@id\":\"https:\/\/klimavex.eu\/sk\/#website\"},\"primaryImageOfPage\":{\"@id\":\"https:\/\/klimavex.eu\/sk\/katalog\/panasonic-potrubna-klimatizacia-paci-nx-standard-kit-50pf3z5\/#primaryimage\"},\"image\":{\"@id\":\"https:\/\/klimavex.eu\/sk\/katalog\/panasonic-potrubna-klimatizacia-paci-nx-standard-kit-50pf3z5\/#primaryimage\"},\"thumbnailUrl\":\"https:\/\/klimavex.eu\/sk\/wp-content\/uploads\/2025\/09\/A9DwsKYHtzxhh42_jUW6pHROgDYG9b8P-sj0yJvr1I4-3.png\",\"datePublished\":\"2026-03-31T16:19:36+00:00\",\"dateModified\":\"2026-03-31T16:20:28+00:00\",\"breadcrumb\":{\"@id\":\"https:\/\/klimavex.eu\/sk\/katalog\/panasonic-potrubna-klimatizacia-paci-nx-standard-kit-50pf3z5\/#breadcrumb\"},\"inLanguage\":\"sk-SK\",\"potentialAction\":[{\"@type\":\"ReadAction\",\"target\":[\"https:\/\/klimavex.eu\/sk\/katalog\/panasonic-potrubna-klimatizacia-paci-nx-standard-kit-50pf3z5\/\"]}]},{\"@type\":\"ImageObject\",\"inLanguage\":\"sk-SK\",\"@id\":\"https:\/\/klimavex.eu\/sk\/katalog\/panasonic-potrubna-klimatizacia-paci-nx-standard-kit-50pf3z5\/#primaryimage\",\"url\":\"https:\/\/klimavex.eu\/sk\/wp-content\/uploads\/2025\/09\/A9DwsKYHtzxhh42_jUW6pHROgDYG9b8P-sj0yJvr1I4-3.png\",\"contentUrl\":\"https:\/\/klimavex.eu\/sk\/wp-content\/uploads\/2025\/09\/A9DwsKYHtzxhh42_jUW6pHROgDYG9b8P-sj0yJvr1I4-3.png\",\"width\":500,\"height\":500},{\"@type\":\"BreadcrumbList\",\"@id\":\"https:\/\/klimavex.eu\/sk\/katalog\/panasonic-potrubna-klimatizacia-paci-nx-standard-kit-50pf3z5\/#breadcrumb\",\"itemListElement\":[{\"@type\":\"ListItem\",\"position\":1,\"name\":\"Domovsk\u00e1 str\u00e1nka\",\"item\":\"https:\/\/klimavex.eu\/sk\/\"},{\"@type\":\"ListItem\",\"position\":2,\"name\":\"Eshop\",\"item\":\"https:\/\/klimavex.eu\/sk\/eshop\/\"},{\"@type\":\"ListItem\",\"position\":3,\"name\":\"Panasonic potrubn\u00e1 klimatiz\u00e1cia PACi NX Standard KIT-50PF3Z5\"}]},{\"@type\":\"WebSite\",\"@id\":\"https:\/\/klimavex.eu\/sk\/#website\",\"url\":\"https:\/\/klimavex.eu\/sk\/\",\"name\":\"KLIMAVEX GROUP - Slovensko\",\"description\":\"\",\"publisher\":{\"@id\":\"https:\/\/klimavex.eu\/sk\/#organization\"},\"alternateName\":\"KLIMAVEX a.s.\",\"potentialAction\":[{\"@type\":\"SearchAction\",\"target\":{\"@type\":\"EntryPoint\",\"urlTemplate\":\"https:\/\/klimavex.eu\/sk\/?s={search_term_string}\"},\"query-input\":{\"@type\":\"PropertyValueSpecification\",\"valueRequired\":true,\"valueName\":\"search_term_string\"}}],\"inLanguage\":\"sk-SK\"},{\"@type\":\"Organization\",\"@id\":\"https:\/\/klimavex.eu\/sk\/#organization\",\"name\":\"KLIMAVEX GROUP\",\"alternateName\":\"KLIMAVEX a.s.\",\"url\":\"https:\/\/klimavex.eu\/sk\/\",\"logo\":{\"@type\":\"ImageObject\",\"inLanguage\":\"sk-SK\",\"@id\":\"https:\/\/klimavex.eu\/sk\/#\/schema\/logo\/image\/\",\"url\":\"https:\/\/klimavex.eu\/sk\/wp-content\/uploads\/2024\/04\/Klimavex-Group-logo.png\",\"contentUrl\":\"https:\/\/klimavex.eu\/sk\/wp-content\/uploads\/2024\/04\/Klimavex-Group-logo.png\",\"width\":1681,\"height\":472,\"caption\":\"KLIMAVEX GROUP\"},\"image\":{\"@id\":\"https:\/\/klimavex.eu\/sk\/#\/schema\/logo\/image\/\"},\"sameAs\":[\"https:\/\/www.facebook.com\/klimavex\",\"https:\/\/www.instagram.com\/klimavex_sk\/\"]}]}<\/script>\n<!-- \/ Yoast SEO plugin. -->","yoast_head_json":{"title":"Klimatiz\u00e1cia Panasonic PACi NX Standard split potrubn\u00e1 KIT-50PF3Z5 R32 230V 5kW - KLIMAVEX GROUP - Slovensko","robots":{"index":"index","follow":"follow","max-snippet":"max-snippet:-1","max-image-preview":"max-image-preview:large","max-video-preview":"max-video-preview:-1"},"canonical":"https:\/\/klimavex.eu\/sk\/katalog\/panasonic-potrubna-klimatizacia-paci-nx-standard-kit-50pf3z5\/","og_locale":"sk_SK","og_type":"article","og_title":"Klimatiz\u00e1cia Panasonic PACi NX Standard split potrubn\u00e1 KIT-50PF3Z5 R32 230V 5kW - KLIMAVEX GROUP - Slovensko","og_description":"Komer\u010dn&eacute; klimatiza\u010dn&eacute; syst&eacute;my Panasonic PACi NX Standard v potrubnom preveden&iacute; s chladivom R32 boli vyvinut&eacute; s cie\u013eom uspokoji\u0165 dopyt po mo\u017enostiach jednoduchej rekon&scaron;trukcie v\u010faka 3-vodi\u010dov&eacute;mu pripojeniu. Umo\u017e\u0148uj&uacute; tie\u017e integr&aacute;ciu do rie&scaron;enia internetu vec&iacute; a &scaron;tandardne pon&uacute;kaj&uacute; funkciu nanoe&trade; X. Adapt&iacute;vna potrubn&aacute; jednotka PACi NX Standard - PF3 pon&uacute;ka 2 mo\u017enosti in&scaron;tal&aacute;cie (horizont&aacute;lne\/vertik&aacute;lne) s vysok&yacute;m extern&yacute;m statick&yacute;m tlakom 150 Pa. &Scaron;tandardne dod&aacute;van&aacute; technol&oacute;gia nanoe&trade; X poskytuje v&yacute;nimo\u010dn&uacute; &uacute;rove\u0148 kvality vzduchu v interi&eacute;ri.","og_url":"https:\/\/klimavex.eu\/sk\/katalog\/panasonic-potrubna-klimatizacia-paci-nx-standard-kit-50pf3z5\/","og_site_name":"KLIMAVEX GROUP - Slovensko","article_publisher":"https:\/\/www.facebook.com\/klimavex","article_modified_time":"2026-03-31T16:20:28+00:00","og_image":[{"width":9184,"height":9184,"url":"https:\/\/klimavex.eu\/sk\/wp-content\/uploads\/2024\/02\/LOGO-KLIMAVEX-modra-kostka-1.png","type":"image\/png"}],"twitter_card":"summary_large_image","schema":{"@context":"https:\/\/schema.org","@graph":[{"@type":"WebPage","@id":"https:\/\/klimavex.eu\/sk\/katalog\/panasonic-potrubna-klimatizacia-paci-nx-standard-kit-50pf3z5\/","url":"https:\/\/klimavex.eu\/sk\/katalog\/panasonic-potrubna-klimatizacia-paci-nx-standard-kit-50pf3z5\/","name":"Klimatiz\u00e1cia Panasonic PACi NX Standard split potrubn\u00e1 KIT-50PF3Z5 R32 230V 5kW - KLIMAVEX GROUP - Slovensko","isPartOf":{"@id":"https:\/\/klimavex.eu\/sk\/#website"},"primaryImageOfPage":{"@id":"https:\/\/klimavex.eu\/sk\/katalog\/panasonic-potrubna-klimatizacia-paci-nx-standard-kit-50pf3z5\/#primaryimage"},"image":{"@id":"https:\/\/klimavex.eu\/sk\/katalog\/panasonic-potrubna-klimatizacia-paci-nx-standard-kit-50pf3z5\/#primaryimage"},"thumbnailUrl":"https:\/\/klimavex.eu\/sk\/wp-content\/uploads\/2025\/09\/A9DwsKYHtzxhh42_jUW6pHROgDYG9b8P-sj0yJvr1I4-3.png","datePublished":"2026-03-31T16:19:36+00:00","dateModified":"2026-03-31T16:20:28+00:00","breadcrumb":{"@id":"https:\/\/klimavex.eu\/sk\/katalog\/panasonic-potrubna-klimatizacia-paci-nx-standard-kit-50pf3z5\/#breadcrumb"},"inLanguage":"sk-SK","potentialAction":[{"@type":"ReadAction","target":["https:\/\/klimavex.eu\/sk\/katalog\/panasonic-potrubna-klimatizacia-paci-nx-standard-kit-50pf3z5\/"]}]},{"@type":"ImageObject","inLanguage":"sk-SK","@id":"https:\/\/klimavex.eu\/sk\/katalog\/panasonic-potrubna-klimatizacia-paci-nx-standard-kit-50pf3z5\/#primaryimage","url":"https:\/\/klimavex.eu\/sk\/wp-content\/uploads\/2025\/09\/A9DwsKYHtzxhh42_jUW6pHROgDYG9b8P-sj0yJvr1I4-3.png","contentUrl":"https:\/\/klimavex.eu\/sk\/wp-content\/uploads\/2025\/09\/A9DwsKYHtzxhh42_jUW6pHROgDYG9b8P-sj0yJvr1I4-3.png","width":500,"height":500},{"@type":"BreadcrumbList","@id":"https:\/\/klimavex.eu\/sk\/katalog\/panasonic-potrubna-klimatizacia-paci-nx-standard-kit-50pf3z5\/#breadcrumb","itemListElement":[{"@type":"ListItem","position":1,"name":"Domovsk\u00e1 str\u00e1nka","item":"https:\/\/klimavex.eu\/sk\/"},{"@type":"ListItem","position":2,"name":"Eshop","item":"https:\/\/klimavex.eu\/sk\/eshop\/"},{"@type":"ListItem","position":3,"name":"Panasonic potrubn\u00e1 klimatiz\u00e1cia PACi NX Standard KIT-50PF3Z5"}]},{"@type":"WebSite","@id":"https:\/\/klimavex.eu\/sk\/#website","url":"https:\/\/klimavex.eu\/sk\/","name":"KLIMAVEX GROUP - Slovensko","description":"","publisher":{"@id":"https:\/\/klimavex.eu\/sk\/#organization"},"alternateName":"KLIMAVEX a.s.","potentialAction":[{"@type":"SearchAction","target":{"@type":"EntryPoint","urlTemplate":"https:\/\/klimavex.eu\/sk\/?s={search_term_string}"},"query-input":{"@type":"PropertyValueSpecification","valueRequired":true,"valueName":"search_term_string"}}],"inLanguage":"sk-SK"},{"@type":"Organization","@id":"https:\/\/klimavex.eu\/sk\/#organization","name":"KLIMAVEX GROUP","alternateName":"KLIMAVEX a.s.","url":"https:\/\/klimavex.eu\/sk\/","logo":{"@type":"ImageObject","inLanguage":"sk-SK","@id":"https:\/\/klimavex.eu\/sk\/#\/schema\/logo\/image\/","url":"https:\/\/klimavex.eu\/sk\/wp-content\/uploads\/2024\/04\/Klimavex-Group-logo.png","contentUrl":"https:\/\/klimavex.eu\/sk\/wp-content\/uploads\/2024\/04\/Klimavex-Group-logo.png","width":1681,"height":472,"caption":"KLIMAVEX GROUP"},"image":{"@id":"https:\/\/klimavex.eu\/sk\/#\/schema\/logo\/image\/"},"sameAs":["https:\/\/www.facebook.com\/klimavex","https:\/\/www.instagram.com\/klimavex_sk\/"]}]}},"_links":{"self":[{"href":"https:\/\/klimavex.eu\/sk\/wp-json\/wp\/v2\/product\/476145","targetHints":{"allow":["GET"]}}],"collection":[{"href":"https:\/\/klimavex.eu\/sk\/wp-json\/wp\/v2\/product"}],"about":[{"href":"https:\/\/klimavex.eu\/sk\/wp-json\/wp\/v2\/types\/product"}],"version-history":[{"count":0,"href":"https:\/\/klimavex.eu\/sk\/wp-json\/wp\/v2\/product\/476145\/revisions"}],"wp:featuredmedia":[{"embeddable":true,"href":"https:\/\/klimavex.eu\/sk\/wp-json\/wp\/v2\/media\/480534"}],"wp:attachment":[{"href":"https:\/\/klimavex.eu\/sk\/wp-json\/wp\/v2\/media?parent=476145"}],"wp:term":[{"taxonomy":"product_cat","embeddable":true,"href":"https:\/\/klimavex.eu\/sk\/wp-json\/wp\/v2\/product_cat?post=476145"},{"taxonomy":"product_tag","embeddable":true,"href":"https:\/\/klimavex.eu\/sk\/wp-json\/wp\/v2\/product_tag?post=476145"}],"curies":[{"name":"wp","href":"https:\/\/api.w.org\/{rel}","templated":true}]}}