{"id":476169,"date":"2026-03-31T18:20:39","date_gmt":"2026-03-31T16:20:39","guid":{"rendered":"https:\/\/klimavex.eu\/sk\/katalog\/hyundai-vrf-parapetno-podstropna-jednotka-hvsi-m90fc-2\/"},"modified":"2026-03-31T18:21:03","modified_gmt":"2026-03-31T16:21:03","slug":"klimatizacia-hyundai-vrf-vnutorna-parapetno-podstropna-90fc-9kw","status":"publish","type":"product","link":"https:\/\/klimavex.eu\/sk\/katalog\/klimatizacia-hyundai-vrf-vnutorna-parapetno-podstropna-90fc-9kw\/","title":{"rendered":"Klimatiz\u00e1cia Hyundai VRF vn\u00fatorn\u00e1 parapetno-podstropn\u00e1 90FC 9kW"},"content":{"rendered":"<p style=\"text-align: justify;\"><strong>K\u013e&uacute;\u010dov&eacute; vlastnosti<\/strong><\/p>\n<ul>\n<li style=\"text-align: justify;\">DC motory<\/li>\n<li style=\"text-align: justify;\">Kompatibiln&yacute; s chladivom R410A a R32<\/li>\n<li style=\"text-align: justify;\">Integrovan&yacute; expanzn&yacute; ventil (EVV)<\/li>\n<li style=\"text-align: justify;\">4 sn&iacute;ma\u010de teploty<\/li>\n<li style=\"text-align: justify;\">Vzduchov&yacute; filter<\/li>\n<li style=\"text-align: justify;\">Motorizovan&eacute; lamely<\/li>\n<li style=\"text-align: justify;\">Jednoduch&aacute; in&scaron;tal&aacute;cia<\/li>\n<li style=\"text-align: justify;\">Kontakt pre gener&aacute;lny alarm<\/li>\n<li style=\"text-align: justify;\">Kontakt pre dia\u013ekov&eacute; zap&iacute;nanie a vyp&iacute;nanie<\/li>\n<li style=\"text-align: justify;\">Tich&aacute; prev&aacute;dzka od 25 dB(A)<\/li>\n<li style=\"text-align: justify;\">Z&aacute;ruka 3 roky<\/li>\n<\/ul>\n","protected":false},"excerpt":{"rendered":"<p style=\"text-align: justify;\">Model <strong>VRF Hyundai FC <\/strong>je VRF vn&uacute;torn&aacute; <strong>parapetno-podstropn&aacute; <\/strong>jednotka, ktor&aacute; umo\u017e\u0148uje flexibiln&uacute; <strong>mont&aacute;\u017e na stenu alebo pod strop<\/strong>, pon&uacute;ka <strong>tich&uacute; prev&aacute;dzku <\/strong>od 25 dB(A), <strong>jednoduch&uacute; in&scaron;tal&aacute;ciu <\/strong>a&nbsp;&scaron;irok&uacute; &scaron;k&aacute;lu jednotiek s r&ocirc;znym v&yacute;konom. Aplik&aacute;cia je v z&aacute;vislosti od zvolenej vonkaj&scaron;ej jednotky mo\u017en&aacute; do <strong>bytov&yacute;ch domov, kancel&aacute;ri&iacute;, v&auml;\u010d&scaron;&iacute;ch komer\u010dn&yacute;ch budov \u010di priemyseln&yacute;ch h&aacute;l.<\/strong><\/p>\n","protected":false},"featured_media":480593,"template":"","meta":[],"product_cat":[6291,6339,6340,6464,6465,6289],"product_tag":[],"class_list":{"0":"post-476169","1":"product","2":"type-product","3":"status-publish","4":"has-post-thumbnail","6":"product_cat-hyundai-vrf-systemy","7":"product_cat-vnutorne-jednotky-vrf","8":"product_cat-vnutorne-jednotky-hyundai-vrf-systemy","9":"product_cat-parapetno-podstropne-fc","10":"product_cat-parapetno-podstropne-fc-vnutorne-jednotky-hyundai-vrf-systemy","11":"product_cat-vrf","12":"pa_chladiaci-vykon-3684","13":"pa_hlucnost-vnutornej-jednotky-3375","14":"pa_napajanie-1f-230v","15":"pa_prevedenie-vrf-parapetno-podstropna","16":"pa_vykonovy-model-5451","17":"pa_vykurovaci-vykon-3743","18":"pa_znacka-hyundai","20":"first","21":"instock","22":"taxable","23":"shipping-taxable","24":"purchasable","25":"product-type-simple"},"yoast_head":"<!-- This site is optimized with the Yoast SEO plugin v23.9 - https:\/\/yoast.com\/wordpress\/plugins\/seo\/ -->\n<title>Klimatiz\u00e1cia Hyundai VRF vn\u00fatorn\u00e1 parapetno-podstropn\u00e1 90FC 9kW - KLIMAVEX GROUP - Slovensko<\/title>\n<meta name=\"robots\" content=\"index, follow, max-snippet:-1, max-image-preview:large, max-video-preview:-1\" \/>\n<link rel=\"canonical\" href=\"https:\/\/klimavex.eu\/sk\/katalog\/hyundai-vrf-parapetno-podstropna-jednotka-hvsi-m90fc-2\/\" \/>\n<meta property=\"og:locale\" content=\"sk_SK\" \/>\n<meta property=\"og:type\" content=\"article\" \/>\n<meta property=\"og:title\" content=\"Klimatiz\u00e1cia Hyundai VRF vn\u00fatorn\u00e1 parapetno-podstropn\u00e1 90FC 9kW - KLIMAVEX GROUP - Slovensko\" \/>\n<meta property=\"og:description\" content=\"Model VRF Hyundai FC je VRF vn&uacute;torn&aacute; parapetno-podstropn&aacute; jednotka, ktor&aacute; umo\u017e\u0148uje flexibiln&uacute; mont&aacute;\u017e na stenu alebo pod strop, pon&uacute;ka tich&uacute; prev&aacute;dzku od 25 dB(A), jednoduch&uacute; in&scaron;tal&aacute;ciu a&nbsp;&scaron;irok&uacute; &scaron;k&aacute;lu jednotiek s r&ocirc;znym v&yacute;konom. Aplik&aacute;cia je v z&aacute;vislosti od zvolenej vonkaj&scaron;ej jednotky mo\u017en&aacute; do bytov&yacute;ch domov, kancel&aacute;ri&iacute;, v&auml;\u010d&scaron;&iacute;ch komer\u010dn&yacute;ch budov \u010di priemyseln&yacute;ch h&aacute;l.\" \/>\n<meta property=\"og:url\" content=\"https:\/\/klimavex.eu\/sk\/katalog\/hyundai-vrf-parapetno-podstropna-jednotka-hvsi-m90fc-2\/\" \/>\n<meta property=\"og:site_name\" content=\"KLIMAVEX GROUP - Slovensko\" \/>\n<meta property=\"article:publisher\" content=\"https:\/\/www.facebook.com\/klimavex\" \/>\n<meta property=\"article:modified_time\" content=\"2026-03-31T16:21:03+00:00\" \/>\n<meta property=\"og:image\" content=\"https:\/\/klimavex.eu\/sk\/wp-content\/uploads\/2024\/02\/LOGO-KLIMAVEX-modra-kostka-1.png\" \/>\n\t<meta property=\"og:image:width\" content=\"9184\" \/>\n\t<meta property=\"og:image:height\" content=\"9184\" \/>\n\t<meta property=\"og:image:type\" content=\"image\/png\" \/>\n<meta name=\"twitter:card\" content=\"summary_large_image\" \/>\n<script type=\"application\/ld+json\" class=\"yoast-schema-graph\">{\"@context\":\"https:\/\/schema.org\",\"@graph\":[{\"@type\":\"WebPage\",\"@id\":\"https:\/\/klimavex.eu\/sk\/katalog\/hyundai-vrf-parapetno-podstropna-jednotka-hvsi-m90fc-2\/\",\"url\":\"https:\/\/klimavex.eu\/sk\/katalog\/hyundai-vrf-parapetno-podstropna-jednotka-hvsi-m90fc-2\/\",\"name\":\"Klimatiz\u00e1cia Hyundai VRF vn\u00fatorn\u00e1 parapetno-podstropn\u00e1 90FC 9kW - KLIMAVEX GROUP - Slovensko\",\"isPartOf\":{\"@id\":\"https:\/\/klimavex.eu\/sk\/#website\"},\"primaryImageOfPage\":{\"@id\":\"https:\/\/klimavex.eu\/sk\/katalog\/hyundai-vrf-parapetno-podstropna-jednotka-hvsi-m90fc-2\/#primaryimage\"},\"image\":{\"@id\":\"https:\/\/klimavex.eu\/sk\/katalog\/hyundai-vrf-parapetno-podstropna-jednotka-hvsi-m90fc-2\/#primaryimage\"},\"thumbnailUrl\":\"https:\/\/klimavex.eu\/sk\/wp-content\/uploads\/2025\/09\/7AGGP35Sgpespz9mOupFA8cRIpVrLp7XnvB_EJvCLXk-5.jpeg\",\"datePublished\":\"2026-03-31T16:20:39+00:00\",\"dateModified\":\"2026-03-31T16:21:03+00:00\",\"breadcrumb\":{\"@id\":\"https:\/\/klimavex.eu\/sk\/katalog\/hyundai-vrf-parapetno-podstropna-jednotka-hvsi-m90fc-2\/#breadcrumb\"},\"inLanguage\":\"sk-SK\",\"potentialAction\":[{\"@type\":\"ReadAction\",\"target\":[\"https:\/\/klimavex.eu\/sk\/katalog\/hyundai-vrf-parapetno-podstropna-jednotka-hvsi-m90fc-2\/\"]}]},{\"@type\":\"ImageObject\",\"inLanguage\":\"sk-SK\",\"@id\":\"https:\/\/klimavex.eu\/sk\/katalog\/hyundai-vrf-parapetno-podstropna-jednotka-hvsi-m90fc-2\/#primaryimage\",\"url\":\"https:\/\/klimavex.eu\/sk\/wp-content\/uploads\/2025\/09\/7AGGP35Sgpespz9mOupFA8cRIpVrLp7XnvB_EJvCLXk-5.jpeg\",\"contentUrl\":\"https:\/\/klimavex.eu\/sk\/wp-content\/uploads\/2025\/09\/7AGGP35Sgpespz9mOupFA8cRIpVrLp7XnvB_EJvCLXk-5.jpeg\",\"width\":928,\"height\":497},{\"@type\":\"BreadcrumbList\",\"@id\":\"https:\/\/klimavex.eu\/sk\/katalog\/hyundai-vrf-parapetno-podstropna-jednotka-hvsi-m90fc-2\/#breadcrumb\",\"itemListElement\":[{\"@type\":\"ListItem\",\"position\":1,\"name\":\"Domovsk\u00e1 str\u00e1nka\",\"item\":\"https:\/\/klimavex.eu\/sk\/\"},{\"@type\":\"ListItem\",\"position\":2,\"name\":\"Eshop\",\"item\":\"https:\/\/klimavex.eu\/sk\/eshop\/\"},{\"@type\":\"ListItem\",\"position\":3,\"name\":\"Hyundai VRF parapetno-podstropn\u00e1 jednotka HVSI-M90FC\/2\"}]},{\"@type\":\"WebSite\",\"@id\":\"https:\/\/klimavex.eu\/sk\/#website\",\"url\":\"https:\/\/klimavex.eu\/sk\/\",\"name\":\"KLIMAVEX GROUP - Slovensko\",\"description\":\"\",\"publisher\":{\"@id\":\"https:\/\/klimavex.eu\/sk\/#organization\"},\"alternateName\":\"KLIMAVEX a.s.\",\"potentialAction\":[{\"@type\":\"SearchAction\",\"target\":{\"@type\":\"EntryPoint\",\"urlTemplate\":\"https:\/\/klimavex.eu\/sk\/?s={search_term_string}\"},\"query-input\":{\"@type\":\"PropertyValueSpecification\",\"valueRequired\":true,\"valueName\":\"search_term_string\"}}],\"inLanguage\":\"sk-SK\"},{\"@type\":\"Organization\",\"@id\":\"https:\/\/klimavex.eu\/sk\/#organization\",\"name\":\"KLIMAVEX GROUP\",\"alternateName\":\"KLIMAVEX a.s.\",\"url\":\"https:\/\/klimavex.eu\/sk\/\",\"logo\":{\"@type\":\"ImageObject\",\"inLanguage\":\"sk-SK\",\"@id\":\"https:\/\/klimavex.eu\/sk\/#\/schema\/logo\/image\/\",\"url\":\"https:\/\/klimavex.eu\/sk\/wp-content\/uploads\/2024\/04\/Klimavex-Group-logo.png\",\"contentUrl\":\"https:\/\/klimavex.eu\/sk\/wp-content\/uploads\/2024\/04\/Klimavex-Group-logo.png\",\"width\":1681,\"height\":472,\"caption\":\"KLIMAVEX GROUP\"},\"image\":{\"@id\":\"https:\/\/klimavex.eu\/sk\/#\/schema\/logo\/image\/\"},\"sameAs\":[\"https:\/\/www.facebook.com\/klimavex\",\"https:\/\/www.instagram.com\/klimavex_sk\/\"]}]}<\/script>\n<!-- \/ Yoast SEO plugin. -->","yoast_head_json":{"title":"Klimatiz\u00e1cia Hyundai VRF vn\u00fatorn\u00e1 parapetno-podstropn\u00e1 90FC 9kW - KLIMAVEX GROUP - Slovensko","robots":{"index":"index","follow":"follow","max-snippet":"max-snippet:-1","max-image-preview":"max-image-preview:large","max-video-preview":"max-video-preview:-1"},"canonical":"https:\/\/klimavex.eu\/sk\/katalog\/hyundai-vrf-parapetno-podstropna-jednotka-hvsi-m90fc-2\/","og_locale":"sk_SK","og_type":"article","og_title":"Klimatiz\u00e1cia Hyundai VRF vn\u00fatorn\u00e1 parapetno-podstropn\u00e1 90FC 9kW - KLIMAVEX GROUP - Slovensko","og_description":"Model VRF Hyundai FC je VRF vn&uacute;torn&aacute; parapetno-podstropn&aacute; jednotka, ktor&aacute; umo\u017e\u0148uje flexibiln&uacute; mont&aacute;\u017e na stenu alebo pod strop, pon&uacute;ka tich&uacute; prev&aacute;dzku od 25 dB(A), jednoduch&uacute; in&scaron;tal&aacute;ciu a&nbsp;&scaron;irok&uacute; &scaron;k&aacute;lu jednotiek s r&ocirc;znym v&yacute;konom. Aplik&aacute;cia je v z&aacute;vislosti od zvolenej vonkaj&scaron;ej jednotky mo\u017en&aacute; do bytov&yacute;ch domov, kancel&aacute;ri&iacute;, v&auml;\u010d&scaron;&iacute;ch komer\u010dn&yacute;ch budov \u010di priemyseln&yacute;ch h&aacute;l.","og_url":"https:\/\/klimavex.eu\/sk\/katalog\/hyundai-vrf-parapetno-podstropna-jednotka-hvsi-m90fc-2\/","og_site_name":"KLIMAVEX GROUP - Slovensko","article_publisher":"https:\/\/www.facebook.com\/klimavex","article_modified_time":"2026-03-31T16:21:03+00:00","og_image":[{"width":9184,"height":9184,"url":"https:\/\/klimavex.eu\/sk\/wp-content\/uploads\/2024\/02\/LOGO-KLIMAVEX-modra-kostka-1.png","type":"image\/png"}],"twitter_card":"summary_large_image","schema":{"@context":"https:\/\/schema.org","@graph":[{"@type":"WebPage","@id":"https:\/\/klimavex.eu\/sk\/katalog\/hyundai-vrf-parapetno-podstropna-jednotka-hvsi-m90fc-2\/","url":"https:\/\/klimavex.eu\/sk\/katalog\/hyundai-vrf-parapetno-podstropna-jednotka-hvsi-m90fc-2\/","name":"Klimatiz\u00e1cia Hyundai VRF vn\u00fatorn\u00e1 parapetno-podstropn\u00e1 90FC 9kW - KLIMAVEX GROUP - Slovensko","isPartOf":{"@id":"https:\/\/klimavex.eu\/sk\/#website"},"primaryImageOfPage":{"@id":"https:\/\/klimavex.eu\/sk\/katalog\/hyundai-vrf-parapetno-podstropna-jednotka-hvsi-m90fc-2\/#primaryimage"},"image":{"@id":"https:\/\/klimavex.eu\/sk\/katalog\/hyundai-vrf-parapetno-podstropna-jednotka-hvsi-m90fc-2\/#primaryimage"},"thumbnailUrl":"https:\/\/klimavex.eu\/sk\/wp-content\/uploads\/2025\/09\/7AGGP35Sgpespz9mOupFA8cRIpVrLp7XnvB_EJvCLXk-5.jpeg","datePublished":"2026-03-31T16:20:39+00:00","dateModified":"2026-03-31T16:21:03+00:00","breadcrumb":{"@id":"https:\/\/klimavex.eu\/sk\/katalog\/hyundai-vrf-parapetno-podstropna-jednotka-hvsi-m90fc-2\/#breadcrumb"},"inLanguage":"sk-SK","potentialAction":[{"@type":"ReadAction","target":["https:\/\/klimavex.eu\/sk\/katalog\/hyundai-vrf-parapetno-podstropna-jednotka-hvsi-m90fc-2\/"]}]},{"@type":"ImageObject","inLanguage":"sk-SK","@id":"https:\/\/klimavex.eu\/sk\/katalog\/hyundai-vrf-parapetno-podstropna-jednotka-hvsi-m90fc-2\/#primaryimage","url":"https:\/\/klimavex.eu\/sk\/wp-content\/uploads\/2025\/09\/7AGGP35Sgpespz9mOupFA8cRIpVrLp7XnvB_EJvCLXk-5.jpeg","contentUrl":"https:\/\/klimavex.eu\/sk\/wp-content\/uploads\/2025\/09\/7AGGP35Sgpespz9mOupFA8cRIpVrLp7XnvB_EJvCLXk-5.jpeg","width":928,"height":497},{"@type":"BreadcrumbList","@id":"https:\/\/klimavex.eu\/sk\/katalog\/hyundai-vrf-parapetno-podstropna-jednotka-hvsi-m90fc-2\/#breadcrumb","itemListElement":[{"@type":"ListItem","position":1,"name":"Domovsk\u00e1 str\u00e1nka","item":"https:\/\/klimavex.eu\/sk\/"},{"@type":"ListItem","position":2,"name":"Eshop","item":"https:\/\/klimavex.eu\/sk\/eshop\/"},{"@type":"ListItem","position":3,"name":"Hyundai VRF parapetno-podstropn\u00e1 jednotka HVSI-M90FC\/2"}]},{"@type":"WebSite","@id":"https:\/\/klimavex.eu\/sk\/#website","url":"https:\/\/klimavex.eu\/sk\/","name":"KLIMAVEX GROUP - Slovensko","description":"","publisher":{"@id":"https:\/\/klimavex.eu\/sk\/#organization"},"alternateName":"KLIMAVEX a.s.","potentialAction":[{"@type":"SearchAction","target":{"@type":"EntryPoint","urlTemplate":"https:\/\/klimavex.eu\/sk\/?s={search_term_string}"},"query-input":{"@type":"PropertyValueSpecification","valueRequired":true,"valueName":"search_term_string"}}],"inLanguage":"sk-SK"},{"@type":"Organization","@id":"https:\/\/klimavex.eu\/sk\/#organization","name":"KLIMAVEX GROUP","alternateName":"KLIMAVEX a.s.","url":"https:\/\/klimavex.eu\/sk\/","logo":{"@type":"ImageObject","inLanguage":"sk-SK","@id":"https:\/\/klimavex.eu\/sk\/#\/schema\/logo\/image\/","url":"https:\/\/klimavex.eu\/sk\/wp-content\/uploads\/2024\/04\/Klimavex-Group-logo.png","contentUrl":"https:\/\/klimavex.eu\/sk\/wp-content\/uploads\/2024\/04\/Klimavex-Group-logo.png","width":1681,"height":472,"caption":"KLIMAVEX GROUP"},"image":{"@id":"https:\/\/klimavex.eu\/sk\/#\/schema\/logo\/image\/"},"sameAs":["https:\/\/www.facebook.com\/klimavex","https:\/\/www.instagram.com\/klimavex_sk\/"]}]}},"_links":{"self":[{"href":"https:\/\/klimavex.eu\/sk\/wp-json\/wp\/v2\/product\/476169","targetHints":{"allow":["GET"]}}],"collection":[{"href":"https:\/\/klimavex.eu\/sk\/wp-json\/wp\/v2\/product"}],"about":[{"href":"https:\/\/klimavex.eu\/sk\/wp-json\/wp\/v2\/types\/product"}],"version-history":[{"count":0,"href":"https:\/\/klimavex.eu\/sk\/wp-json\/wp\/v2\/product\/476169\/revisions"}],"wp:featuredmedia":[{"embeddable":true,"href":"https:\/\/klimavex.eu\/sk\/wp-json\/wp\/v2\/media\/480593"}],"wp:attachment":[{"href":"https:\/\/klimavex.eu\/sk\/wp-json\/wp\/v2\/media?parent=476169"}],"wp:term":[{"taxonomy":"product_cat","embeddable":true,"href":"https:\/\/klimavex.eu\/sk\/wp-json\/wp\/v2\/product_cat?post=476169"},{"taxonomy":"product_tag","embeddable":true,"href":"https:\/\/klimavex.eu\/sk\/wp-json\/wp\/v2\/product_tag?post=476169"}],"curies":[{"name":"wp","href":"https:\/\/api.w.org\/{rel}","templated":true}]}}