{"id":476213,"date":"2026-04-24T22:50:57","date_gmt":"2026-04-24T20:50:57","guid":{"rendered":"https:\/\/klimavex.eu\/sk\/katalog\/panasonic-nastenna-klimatizacia-tz-compact-kit-tz20-zke\/"},"modified":"2026-04-24T22:51:49","modified_gmt":"2026-04-24T20:51:49","slug":"klimatizacia-panasonic-split-nastenna-kit-tz20-zke-r32-230v-2kw","status":"publish","type":"product","link":"https:\/\/klimavex.eu\/sk\/katalog\/klimatizacia-panasonic-split-nastenna-kit-tz20-zke-r32-230v-2kw\/","title":{"rendered":"Klimatiz\u00e1cia Panasonic split n\u00e1stenn\u00e1 KIT-TZ20-ZKE R32 230V 2kW"},"content":{"rendered":"<p style=\"text-align:justify\"><span style=\"font-size:11pt\"><span style=\"font-family:Calibri,sans-serif\"><strong><span style=\"color:black\">K\u013e&uacute;\u010dov&eacute; vlastnosti<\/span><\/strong><\/span><\/span><\/p>\n<ul>\n<li style=\"text-align:justify\"><span style=\"font-size:11pt\"><span style=\"background-color:white\"><span style=\"font-family:Calibri,sans-serif\">Technol&oacute;gia nanoe&trade; X pre neust&aacute;le zlep&scaron;ovanie ochrany zdravia v interi&eacute;ri, a to v\u010faka gener&aacute;toru nanoe&trade; X Mark 1, ktor&yacute; produkuje a\u017e 4,8 bili&oacute;nov hydroxylov&yacute;ch radik&aacute;lov za sekundu, ktor&eacute; ni\u010dia &scaron;kodliv&eacute; l&aacute;tky<\/span><\/span><\/span><\/li>\n<li><span style=\"font-size:11pt\"><span style=\"font-family:Calibri,sans-serif\"><span style=\"color:black\">Technol&oacute;gia Aerowings sl&uacute;\u017ei na riadenie smeru pr&uacute;denia vzduchu<\/span><\/span><\/span><\/li>\n<li><span style=\"font-size:11pt\"><span style=\"font-family:Calibri,sans-serif\"><span style=\"color:black\">Vstavan&yacute; modul Wi-Fi sl&uacute;\u017ei na pokro\u010dil&eacute; ovl&aacute;danie cez internet<\/span><\/span><\/span><\/li>\n<li><span style=\"font-size:11pt\"><span style=\"font-family:Calibri,sans-serif\"><span style=\"color:black\">Sofistikovan&eacute; ovl&aacute;danie smartf&oacute;nom<\/span><\/span><\/span><\/li>\n<li><span style=\"font-size:11pt\"><span style=\"font-family:Calibri,sans-serif\"><span style=\"color:black\">Kompatibiln&yacute; s hlasov&yacute;mi asistentmi Google Assistant a Amazon Alexa<\/span><\/span><\/span><\/li>\n<li><span style=\"font-size:11pt\"><span style=\"font-family:Calibri,sans-serif\"><span style=\"color:black\">Mimoriadne kompaktn&yacute; dizajn so &scaron;&iacute;rkou iba 779 mm<\/span><\/span><\/span><\/li>\n<li><span style=\"font-size:11pt\"><span style=\"font-family:Calibri,sans-serif\"><span style=\"color:black\">Mimoriadne tich&yacute; chod &ndash; iba 20 dB(A) <\/span><\/span><\/span><\/li>\n<li><span style=\"font-size:11pt\"><span style=\"font-family:Calibri,sans-serif\"><span style=\"color:black\">Ekologick&eacute; chladivo R32<\/span><\/span><\/span><\/li>\n<\/ul>\n","protected":false},"excerpt":{"rendered":"<p style=\"text-align:justify\"><span style=\"font-size:11pt\"><span style=\"font-family:Calibri,sans-serif\"><strong><span style=\"color:black\">Panasonic TZ <\/span><\/strong><span style=\"color:black\">je n&aacute;stenn&aacute; split klimatiz&aacute;cia vhodn&aacute; pre in&scaron;tal&aacute;ciu <strong>do bytu alebo domu<\/strong>. Ide o dokonal&uacute; klimatiz&aacute;ciu <strong>pre najmen&scaron;ie priestory <\/strong>dom&aacute;cnost&iacute;. Syst&eacute;m sa m&ocirc;\u017ee pochv&aacute;li\u0165 elegantnou a kompaktnou vn&uacute;tornou jednotkou <strong>o &scaron;&iacute;rke iba 779 mm<\/strong>. Jednotka s bielym dizajnom pon&uacute;ka skvel&uacute; energetick&uacute; &uacute;\u010dinnos\u0165 a\u017e A++ pri chladen&iacute; a vykurovan&iacute;, ale aj <strong>technol&oacute;giu nanoe<\/strong><\/span><strong>&trade;<span style=\"color:black\"> X <\/span><\/strong><span style=\"color:black\">pre boj proti &scaron;kodliv&yacute;m l&aacute;tkam v interi&eacute;ri.<\/span><\/span><\/span><\/p>\n","protected":false},"featured_media":480701,"template":"","meta":[],"product_cat":[196,199,638,198,403,195],"product_tag":[],"class_list":{"0":"post-476213","1":"product","2":"type-product","3":"status-publish","4":"has-post-thumbnail","6":"product_cat-podla-znacky","7":"product_cat-nastenne","8":"product_cat-nastenne-tz","9":"product_cat-podla-typu","10":"product_cat-panasonic-podla-znacky","11":"product_cat-klimatizacie","12":"pa_chlad-do-von-tep-c-do-10-c","13":"pa_chladiaci-vykon-3622","14":"pa_energeticka-trieda-scop-aplusplus","15":"pa_energeticka-trieda-seer-aplusplus","16":"pa_farba-vnutornej-jednotky-biela","17":"pa_filtracia-vzduchu-pm-25","18":"pa_hlucnost-vnutornej-jednotky-3350","19":"pa_napajanie-1f-230v","20":"pa_prevedenie-nastenny-split","21":"pa_prikon-chladenie-3624","22":"pa_prikon-vykurovanie-3563","23":"pa_typ-chladiva-r32","24":"pa_vyk-do-von-tepl-c-do-15-c","25":"pa_vykonovy-model-3476","26":"pa_vykurovaci-vykon-3623","27":"pa_wifi-ovladanie-zabudovane","28":"pa_znacka-panasonic","30":"first","31":"instock","32":"taxable","33":"shipping-taxable","34":"purchasable","35":"product-type-simple"},"yoast_head":"<!-- This site is optimized with the Yoast SEO plugin v23.9 - https:\/\/yoast.com\/wordpress\/plugins\/seo\/ -->\n<title>Klimatiz\u00e1cia Panasonic split n\u00e1stenn\u00e1 KIT-TZ20-ZKE R32 230V 2kW - KLIMAVEX GROUP - Slovensko<\/title>\n<meta name=\"robots\" content=\"index, follow, max-snippet:-1, max-image-preview:large, max-video-preview:-1\" \/>\n<link rel=\"canonical\" href=\"https:\/\/klimavex.eu\/sk\/katalog\/panasonic-nastenna-klimatizacia-tz-compact-kit-tz20-zke\/\" \/>\n<meta property=\"og:locale\" content=\"sk_SK\" \/>\n<meta property=\"og:type\" content=\"article\" \/>\n<meta property=\"og:title\" content=\"Klimatiz\u00e1cia Panasonic split n\u00e1stenn\u00e1 KIT-TZ20-ZKE R32 230V 2kW - KLIMAVEX GROUP - Slovensko\" \/>\n<meta property=\"og:description\" content=\"Panasonic TZ je n&aacute;stenn&aacute; split klimatiz&aacute;cia vhodn&aacute; pre in&scaron;tal&aacute;ciu do bytu alebo domu. Ide o dokonal&uacute; klimatiz&aacute;ciu pre najmen&scaron;ie priestory dom&aacute;cnost&iacute;. Syst&eacute;m sa m&ocirc;\u017ee pochv&aacute;li\u0165 elegantnou a kompaktnou vn&uacute;tornou jednotkou o &scaron;&iacute;rke iba 779 mm. Jednotka s bielym dizajnom pon&uacute;ka skvel&uacute; energetick&uacute; &uacute;\u010dinnos\u0165 a\u017e A++ pri chladen&iacute; a vykurovan&iacute;, ale aj technol&oacute;giu nanoe&trade; X pre boj proti &scaron;kodliv&yacute;m l&aacute;tkam v interi&eacute;ri.\" \/>\n<meta property=\"og:url\" content=\"https:\/\/klimavex.eu\/sk\/katalog\/panasonic-nastenna-klimatizacia-tz-compact-kit-tz20-zke\/\" \/>\n<meta property=\"og:site_name\" content=\"KLIMAVEX GROUP - Slovensko\" \/>\n<meta property=\"article:publisher\" content=\"https:\/\/www.facebook.com\/klimavex\" \/>\n<meta property=\"article:modified_time\" content=\"2026-04-24T20:51:49+00:00\" \/>\n<meta property=\"og:image\" content=\"https:\/\/klimavex.eu\/sk\/wp-content\/uploads\/2025\/09\/hw5qULcnRwpEvvpTcUqYKrqZoZ0wntS5MY9siHxt-mg-2.jpeg\" \/>\n\t<meta property=\"og:image:width\" content=\"512\" \/>\n\t<meta property=\"og:image:height\" content=\"512\" \/>\n\t<meta property=\"og:image:type\" content=\"image\/jpeg\" \/>\n<meta name=\"twitter:card\" content=\"summary_large_image\" \/>\n<meta name=\"twitter:label1\" content=\"Predpokladan\u00fd \u010das \u010d\u00edtania\" \/>\n\t<meta name=\"twitter:data1\" content=\"1 min\u00fata\" \/>\n<script type=\"application\/ld+json\" class=\"yoast-schema-graph\">{\"@context\":\"https:\/\/schema.org\",\"@graph\":[{\"@type\":\"WebPage\",\"@id\":\"https:\/\/klimavex.eu\/sk\/katalog\/panasonic-nastenna-klimatizacia-tz-compact-kit-tz20-zke\/\",\"url\":\"https:\/\/klimavex.eu\/sk\/katalog\/panasonic-nastenna-klimatizacia-tz-compact-kit-tz20-zke\/\",\"name\":\"Klimatiz\u00e1cia Panasonic split n\u00e1stenn\u00e1 KIT-TZ20-ZKE R32 230V 2kW - KLIMAVEX GROUP - Slovensko\",\"isPartOf\":{\"@id\":\"https:\/\/klimavex.eu\/sk\/#website\"},\"primaryImageOfPage\":{\"@id\":\"https:\/\/klimavex.eu\/sk\/katalog\/panasonic-nastenna-klimatizacia-tz-compact-kit-tz20-zke\/#primaryimage\"},\"image\":{\"@id\":\"https:\/\/klimavex.eu\/sk\/katalog\/panasonic-nastenna-klimatizacia-tz-compact-kit-tz20-zke\/#primaryimage\"},\"thumbnailUrl\":\"https:\/\/klimavex.eu\/sk\/wp-content\/uploads\/2025\/09\/hw5qULcnRwpEvvpTcUqYKrqZoZ0wntS5MY9siHxt-mg-2.jpeg\",\"datePublished\":\"2026-04-24T20:50:57+00:00\",\"dateModified\":\"2026-04-24T20:51:49+00:00\",\"breadcrumb\":{\"@id\":\"https:\/\/klimavex.eu\/sk\/katalog\/panasonic-nastenna-klimatizacia-tz-compact-kit-tz20-zke\/#breadcrumb\"},\"inLanguage\":\"sk-SK\",\"potentialAction\":[{\"@type\":\"ReadAction\",\"target\":[\"https:\/\/klimavex.eu\/sk\/katalog\/panasonic-nastenna-klimatizacia-tz-compact-kit-tz20-zke\/\"]}]},{\"@type\":\"ImageObject\",\"inLanguage\":\"sk-SK\",\"@id\":\"https:\/\/klimavex.eu\/sk\/katalog\/panasonic-nastenna-klimatizacia-tz-compact-kit-tz20-zke\/#primaryimage\",\"url\":\"https:\/\/klimavex.eu\/sk\/wp-content\/uploads\/2025\/09\/hw5qULcnRwpEvvpTcUqYKrqZoZ0wntS5MY9siHxt-mg-2.jpeg\",\"contentUrl\":\"https:\/\/klimavex.eu\/sk\/wp-content\/uploads\/2025\/09\/hw5qULcnRwpEvvpTcUqYKrqZoZ0wntS5MY9siHxt-mg-2.jpeg\",\"width\":512,\"height\":512},{\"@type\":\"BreadcrumbList\",\"@id\":\"https:\/\/klimavex.eu\/sk\/katalog\/panasonic-nastenna-klimatizacia-tz-compact-kit-tz20-zke\/#breadcrumb\",\"itemListElement\":[{\"@type\":\"ListItem\",\"position\":1,\"name\":\"Domovsk\u00e1 str\u00e1nka\",\"item\":\"https:\/\/klimavex.eu\/sk\/\"},{\"@type\":\"ListItem\",\"position\":2,\"name\":\"Eshop\",\"item\":\"https:\/\/klimavex.eu\/sk\/eshop\/\"},{\"@type\":\"ListItem\",\"position\":3,\"name\":\"Panasonic n\u00e1stenn\u00e1 klimatiz\u00e1cia TZ Compact KIT-TZ20-ZKE\"}]},{\"@type\":\"WebSite\",\"@id\":\"https:\/\/klimavex.eu\/sk\/#website\",\"url\":\"https:\/\/klimavex.eu\/sk\/\",\"name\":\"KLIMAVEX GROUP - Slovensko\",\"description\":\"\",\"publisher\":{\"@id\":\"https:\/\/klimavex.eu\/sk\/#organization\"},\"alternateName\":\"KLIMAVEX a.s.\",\"potentialAction\":[{\"@type\":\"SearchAction\",\"target\":{\"@type\":\"EntryPoint\",\"urlTemplate\":\"https:\/\/klimavex.eu\/sk\/?s={search_term_string}\"},\"query-input\":{\"@type\":\"PropertyValueSpecification\",\"valueRequired\":true,\"valueName\":\"search_term_string\"}}],\"inLanguage\":\"sk-SK\"},{\"@type\":\"Organization\",\"@id\":\"https:\/\/klimavex.eu\/sk\/#organization\",\"name\":\"KLIMAVEX GROUP\",\"alternateName\":\"KLIMAVEX a.s.\",\"url\":\"https:\/\/klimavex.eu\/sk\/\",\"logo\":{\"@type\":\"ImageObject\",\"inLanguage\":\"sk-SK\",\"@id\":\"https:\/\/klimavex.eu\/sk\/#\/schema\/logo\/image\/\",\"url\":\"https:\/\/klimavex.eu\/sk\/wp-content\/uploads\/2024\/04\/Klimavex-Group-logo.png\",\"contentUrl\":\"https:\/\/klimavex.eu\/sk\/wp-content\/uploads\/2024\/04\/Klimavex-Group-logo.png\",\"width\":1681,\"height\":472,\"caption\":\"KLIMAVEX GROUP\"},\"image\":{\"@id\":\"https:\/\/klimavex.eu\/sk\/#\/schema\/logo\/image\/\"},\"sameAs\":[\"https:\/\/www.facebook.com\/klimavex\",\"https:\/\/www.instagram.com\/klimavex_sk\/\"]}]}<\/script>\n<!-- \/ Yoast SEO plugin. -->","yoast_head_json":{"title":"Klimatiz\u00e1cia Panasonic split n\u00e1stenn\u00e1 KIT-TZ20-ZKE R32 230V 2kW - KLIMAVEX GROUP - Slovensko","robots":{"index":"index","follow":"follow","max-snippet":"max-snippet:-1","max-image-preview":"max-image-preview:large","max-video-preview":"max-video-preview:-1"},"canonical":"https:\/\/klimavex.eu\/sk\/katalog\/panasonic-nastenna-klimatizacia-tz-compact-kit-tz20-zke\/","og_locale":"sk_SK","og_type":"article","og_title":"Klimatiz\u00e1cia Panasonic split n\u00e1stenn\u00e1 KIT-TZ20-ZKE R32 230V 2kW - KLIMAVEX GROUP - Slovensko","og_description":"Panasonic TZ je n&aacute;stenn&aacute; split klimatiz&aacute;cia vhodn&aacute; pre in&scaron;tal&aacute;ciu do bytu alebo domu. Ide o dokonal&uacute; klimatiz&aacute;ciu pre najmen&scaron;ie priestory dom&aacute;cnost&iacute;. Syst&eacute;m sa m&ocirc;\u017ee pochv&aacute;li\u0165 elegantnou a kompaktnou vn&uacute;tornou jednotkou o &scaron;&iacute;rke iba 779 mm. Jednotka s bielym dizajnom pon&uacute;ka skvel&uacute; energetick&uacute; &uacute;\u010dinnos\u0165 a\u017e A++ pri chladen&iacute; a vykurovan&iacute;, ale aj technol&oacute;giu nanoe&trade; X pre boj proti &scaron;kodliv&yacute;m l&aacute;tkam v interi&eacute;ri.","og_url":"https:\/\/klimavex.eu\/sk\/katalog\/panasonic-nastenna-klimatizacia-tz-compact-kit-tz20-zke\/","og_site_name":"KLIMAVEX GROUP - Slovensko","article_publisher":"https:\/\/www.facebook.com\/klimavex","article_modified_time":"2026-04-24T20:51:49+00:00","og_image":[{"width":512,"height":512,"url":"https:\/\/klimavex.eu\/sk\/wp-content\/uploads\/2025\/09\/hw5qULcnRwpEvvpTcUqYKrqZoZ0wntS5MY9siHxt-mg-2.jpeg","type":"image\/jpeg"}],"twitter_card":"summary_large_image","twitter_misc":{"Predpokladan\u00fd \u010das \u010d\u00edtania":"1 min\u00fata"},"schema":{"@context":"https:\/\/schema.org","@graph":[{"@type":"WebPage","@id":"https:\/\/klimavex.eu\/sk\/katalog\/panasonic-nastenna-klimatizacia-tz-compact-kit-tz20-zke\/","url":"https:\/\/klimavex.eu\/sk\/katalog\/panasonic-nastenna-klimatizacia-tz-compact-kit-tz20-zke\/","name":"Klimatiz\u00e1cia Panasonic split n\u00e1stenn\u00e1 KIT-TZ20-ZKE R32 230V 2kW - KLIMAVEX GROUP - Slovensko","isPartOf":{"@id":"https:\/\/klimavex.eu\/sk\/#website"},"primaryImageOfPage":{"@id":"https:\/\/klimavex.eu\/sk\/katalog\/panasonic-nastenna-klimatizacia-tz-compact-kit-tz20-zke\/#primaryimage"},"image":{"@id":"https:\/\/klimavex.eu\/sk\/katalog\/panasonic-nastenna-klimatizacia-tz-compact-kit-tz20-zke\/#primaryimage"},"thumbnailUrl":"https:\/\/klimavex.eu\/sk\/wp-content\/uploads\/2025\/09\/hw5qULcnRwpEvvpTcUqYKrqZoZ0wntS5MY9siHxt-mg-2.jpeg","datePublished":"2026-04-24T20:50:57+00:00","dateModified":"2026-04-24T20:51:49+00:00","breadcrumb":{"@id":"https:\/\/klimavex.eu\/sk\/katalog\/panasonic-nastenna-klimatizacia-tz-compact-kit-tz20-zke\/#breadcrumb"},"inLanguage":"sk-SK","potentialAction":[{"@type":"ReadAction","target":["https:\/\/klimavex.eu\/sk\/katalog\/panasonic-nastenna-klimatizacia-tz-compact-kit-tz20-zke\/"]}]},{"@type":"ImageObject","inLanguage":"sk-SK","@id":"https:\/\/klimavex.eu\/sk\/katalog\/panasonic-nastenna-klimatizacia-tz-compact-kit-tz20-zke\/#primaryimage","url":"https:\/\/klimavex.eu\/sk\/wp-content\/uploads\/2025\/09\/hw5qULcnRwpEvvpTcUqYKrqZoZ0wntS5MY9siHxt-mg-2.jpeg","contentUrl":"https:\/\/klimavex.eu\/sk\/wp-content\/uploads\/2025\/09\/hw5qULcnRwpEvvpTcUqYKrqZoZ0wntS5MY9siHxt-mg-2.jpeg","width":512,"height":512},{"@type":"BreadcrumbList","@id":"https:\/\/klimavex.eu\/sk\/katalog\/panasonic-nastenna-klimatizacia-tz-compact-kit-tz20-zke\/#breadcrumb","itemListElement":[{"@type":"ListItem","position":1,"name":"Domovsk\u00e1 str\u00e1nka","item":"https:\/\/klimavex.eu\/sk\/"},{"@type":"ListItem","position":2,"name":"Eshop","item":"https:\/\/klimavex.eu\/sk\/eshop\/"},{"@type":"ListItem","position":3,"name":"Panasonic n\u00e1stenn\u00e1 klimatiz\u00e1cia TZ Compact KIT-TZ20-ZKE"}]},{"@type":"WebSite","@id":"https:\/\/klimavex.eu\/sk\/#website","url":"https:\/\/klimavex.eu\/sk\/","name":"KLIMAVEX GROUP - Slovensko","description":"","publisher":{"@id":"https:\/\/klimavex.eu\/sk\/#organization"},"alternateName":"KLIMAVEX a.s.","potentialAction":[{"@type":"SearchAction","target":{"@type":"EntryPoint","urlTemplate":"https:\/\/klimavex.eu\/sk\/?s={search_term_string}"},"query-input":{"@type":"PropertyValueSpecification","valueRequired":true,"valueName":"search_term_string"}}],"inLanguage":"sk-SK"},{"@type":"Organization","@id":"https:\/\/klimavex.eu\/sk\/#organization","name":"KLIMAVEX GROUP","alternateName":"KLIMAVEX a.s.","url":"https:\/\/klimavex.eu\/sk\/","logo":{"@type":"ImageObject","inLanguage":"sk-SK","@id":"https:\/\/klimavex.eu\/sk\/#\/schema\/logo\/image\/","url":"https:\/\/klimavex.eu\/sk\/wp-content\/uploads\/2024\/04\/Klimavex-Group-logo.png","contentUrl":"https:\/\/klimavex.eu\/sk\/wp-content\/uploads\/2024\/04\/Klimavex-Group-logo.png","width":1681,"height":472,"caption":"KLIMAVEX GROUP"},"image":{"@id":"https:\/\/klimavex.eu\/sk\/#\/schema\/logo\/image\/"},"sameAs":["https:\/\/www.facebook.com\/klimavex","https:\/\/www.instagram.com\/klimavex_sk\/"]}]}},"_links":{"self":[{"href":"https:\/\/klimavex.eu\/sk\/wp-json\/wp\/v2\/product\/476213","targetHints":{"allow":["GET"]}}],"collection":[{"href":"https:\/\/klimavex.eu\/sk\/wp-json\/wp\/v2\/product"}],"about":[{"href":"https:\/\/klimavex.eu\/sk\/wp-json\/wp\/v2\/types\/product"}],"version-history":[{"count":0,"href":"https:\/\/klimavex.eu\/sk\/wp-json\/wp\/v2\/product\/476213\/revisions"}],"wp:featuredmedia":[{"embeddable":true,"href":"https:\/\/klimavex.eu\/sk\/wp-json\/wp\/v2\/media\/480701"}],"wp:attachment":[{"href":"https:\/\/klimavex.eu\/sk\/wp-json\/wp\/v2\/media?parent=476213"}],"wp:term":[{"taxonomy":"product_cat","embeddable":true,"href":"https:\/\/klimavex.eu\/sk\/wp-json\/wp\/v2\/product_cat?post=476213"},{"taxonomy":"product_tag","embeddable":true,"href":"https:\/\/klimavex.eu\/sk\/wp-json\/wp\/v2\/product_tag?post=476213"}],"curies":[{"name":"wp","href":"https:\/\/api.w.org\/{rel}","templated":true}]}}