{"id":476259,"date":"2026-04-08T22:50:49","date_gmt":"2026-04-08T20:50:49","guid":{"rendered":"https:\/\/klimavex.eu\/sk\/katalog\/hyundai-vnutorna-jednotka-smart-easy-pro-hrp-09\/"},"modified":"2026-04-08T22:51:43","modified_gmt":"2026-04-08T20:51:43","slug":"hyundai-vnutorna-jednotka-smart-easy-pro-hrp-09","status":"publish","type":"product","link":"https:\/\/klimavex.eu\/sk\/katalog\/hyundai-vnutorna-jednotka-smart-easy-pro-hrp-09\/","title":{"rendered":"Hyundai vn\u00fatorn\u00e1 jednotka SMART EASY PRO HRP 09"},"content":{"rendered":"<p style=\"text-align: justify;\"><strong>K\u013e&uacute;\u010dov&eacute; vlastnosti<\/strong><\/p>\n<ul>\n<li style=\"text-align: justify;\">Zabudovan&yacute; ohrev kompresora a vane vonkaj&scaron;ej jednotky<\/li>\n<li style=\"text-align: justify;\">Tich&aacute; prev&aacute;dzka &ndash; od 21 dB(A)<\/li>\n<li style=\"text-align: justify;\">Tich&yacute; re\u017eim, re\u017eim sp&aacute;nku, pohotovostn&yacute; re\u017eim<\/li>\n<li style=\"text-align: justify;\">Extra vysok&aacute; energetick&aacute; &uacute;\u010dinnos\u0165 A+++<\/li>\n<li style=\"text-align: justify;\">Vybaven&eacute; katalytick&yacute;m filtrom a bio filtrom HEPA<\/li>\n<li style=\"text-align: justify;\">Funkcia Inteligentn&eacute; oko, ktor&aacute; sleduje pohyb po miestnosti pre zv&yacute;&scaron;enie &uacute;spory energie<\/li>\n<li style=\"text-align: justify;\">Rozsah chladenia a\u017e do 50&deg;C vonkaj&scaron;ej teploty<\/li>\n<li style=\"text-align: justify;\">Rozsah vykurovania a\u017e do -30&deg;C vonkaj&scaron;ej teploty<\/li>\n<li style=\"text-align: justify;\">Temper&aacute;cia na +8&deg;C pri automatickom riaden&iacute; prev&aacute;dzky klimatiz&aacute;cie<\/li>\n<li style=\"text-align: justify;\">Dia\u013ekov&eacute; ovl&aacute;danie v\u010faka modulu Wi-Fi<\/li>\n<li style=\"text-align: justify;\">Kompatibiln&yacute; s multisplit<\/li>\n<\/ul>\n","protected":false},"excerpt":{"rendered":"<p style=\"text-align: justify;\"><strong>Hyundai SMART EASY PRO <\/strong>je vn&uacute;torn&aacute; n&aacute;stenn&aacute; jednotka <strong>pre multisplit <\/strong>zapojenie, ktor&aacute; zah\u0155\u0148a najnov&scaron;ie kon&scaron;truk\u010dn&eacute; rie&scaron;enie a najpokro\u010dilej&scaron;ie funkcie z cel&eacute;ho radu n&aacute;stenn&yacute;ch klimatiz&aacute;ci&iacute; Hyundai. Pon&uacute;ka <strong>tich&uacute; prev&aacute;dzku<\/strong>, pokro\u010dil&eacute; filtre, mimoriadne <strong>jednoduch&uacute; in&scaron;tal&aacute;ciu a &uacute;dr\u017ebu <\/strong>\u010di &scaron;peci&aacute;lnu <strong>funkciu Inteligentn&eacute; oko<\/strong>. Umo\u017e\u0148uje <strong>vykurova\u0165 a\u017e do -30&deg;C <\/strong>vonkaj&scaron;ej teploty v\u010faka <strong>zabudovan&eacute;mu ohrevu kompresora a vane vonkaj&scaron;ej jednotky<\/strong>.<\/p>\n","protected":false},"featured_media":480808,"template":"","meta":[],"product_cat":[196,526,198,6071,195,343,6072,581,6066],"product_tag":[],"class_list":{"0":"post-476259","1":"product","2":"type-product","3":"status-publish","4":"has-post-thumbnail","6":"product_cat-podla-znacky","7":"product_cat-hyundai-podla-znacky","8":"product_cat-podla-typu","9":"product_cat-klimatizacie-dopredaj","10":"product_cat-klimatizacie","11":"product_cat-multisplity","12":"product_cat-dopredaj-klimatizacie","13":"product_cat-multisplit","14":"product_cat-dopredaj","15":"pa_chladiaci-vykon-3576","16":"pa_hlucnost-vnutornej-jednotky-3575","17":"pa_multisplit-vnutorna-nastenna-25","18":"pa_napajanie-1f-230v","19":"pa_prevedenie-multisplit-vnutorna","20":"pa_typ-chladiva-r32","21":"pa_vykurovaci-vykon-3577","22":"pa_wifi-ovladanie-zabudovane","23":"pa_znacka-hyundai","25":"first","26":"instock","27":"taxable","28":"shipping-taxable","29":"purchasable","30":"product-type-simple"},"yoast_head":"<!-- This site is optimized with the Yoast SEO plugin v23.9 - https:\/\/yoast.com\/wordpress\/plugins\/seo\/ -->\n<title>Hyundai vn\u00fatorn\u00e1 jednotka SMART EASY PRO HRP 09 - KLIMAVEX GROUP - Slovensko<\/title>\n<meta name=\"robots\" content=\"index, follow, max-snippet:-1, max-image-preview:large, max-video-preview:-1\" \/>\n<link rel=\"canonical\" href=\"https:\/\/klimavex.eu\/sk\/katalog\/hyundai-vnutorna-jednotka-smart-easy-pro-hrp-09\/\" \/>\n<meta property=\"og:locale\" content=\"sk_SK\" \/>\n<meta property=\"og:type\" content=\"article\" \/>\n<meta property=\"og:title\" content=\"Hyundai vn\u00fatorn\u00e1 jednotka SMART EASY PRO HRP 09 - KLIMAVEX GROUP - Slovensko\" \/>\n<meta property=\"og:description\" content=\"Hyundai SMART EASY PRO je vn&uacute;torn&aacute; n&aacute;stenn&aacute; jednotka pre multisplit zapojenie, ktor&aacute; zah\u0155\u0148a najnov&scaron;ie kon&scaron;truk\u010dn&eacute; rie&scaron;enie a najpokro\u010dilej&scaron;ie funkcie z cel&eacute;ho radu n&aacute;stenn&yacute;ch klimatiz&aacute;ci&iacute; Hyundai. Pon&uacute;ka tich&uacute; prev&aacute;dzku, pokro\u010dil&eacute; filtre, mimoriadne jednoduch&uacute; in&scaron;tal&aacute;ciu a &uacute;dr\u017ebu \u010di &scaron;peci&aacute;lnu funkciu Inteligentn&eacute; oko. Umo\u017e\u0148uje vykurova\u0165 a\u017e do -30&deg;C vonkaj&scaron;ej teploty v\u010faka zabudovan&eacute;mu ohrevu kompresora a vane vonkaj&scaron;ej jednotky.\" \/>\n<meta property=\"og:url\" content=\"https:\/\/klimavex.eu\/sk\/katalog\/hyundai-vnutorna-jednotka-smart-easy-pro-hrp-09\/\" \/>\n<meta property=\"og:site_name\" content=\"KLIMAVEX GROUP - Slovensko\" \/>\n<meta property=\"article:publisher\" content=\"https:\/\/www.facebook.com\/klimavex\" \/>\n<meta property=\"article:modified_time\" content=\"2026-04-08T20:51:43+00:00\" \/>\n<meta property=\"og:image\" content=\"https:\/\/klimavex.eu\/sk\/wp-content\/uploads\/2025\/09\/mcgKJkL2mxfUFFIUzdppoMWmLbOMwKay-RexEzRpxYg-2.png\" \/>\n\t<meta property=\"og:image:width\" content=\"619\" \/>\n\t<meta property=\"og:image:height\" content=\"512\" \/>\n\t<meta property=\"og:image:type\" content=\"image\/png\" \/>\n<meta name=\"twitter:card\" content=\"summary_large_image\" \/>\n<meta name=\"twitter:label1\" content=\"Predpokladan\u00fd \u010das \u010d\u00edtania\" \/>\n\t<meta name=\"twitter:data1\" content=\"1 min\u00fata\" \/>\n<script type=\"application\/ld+json\" class=\"yoast-schema-graph\">{\"@context\":\"https:\/\/schema.org\",\"@graph\":[{\"@type\":\"WebPage\",\"@id\":\"https:\/\/klimavex.eu\/sk\/katalog\/hyundai-vnutorna-jednotka-smart-easy-pro-hrp-09\/\",\"url\":\"https:\/\/klimavex.eu\/sk\/katalog\/hyundai-vnutorna-jednotka-smart-easy-pro-hrp-09\/\",\"name\":\"Hyundai vn\u00fatorn\u00e1 jednotka SMART EASY PRO HRP 09 - KLIMAVEX GROUP - Slovensko\",\"isPartOf\":{\"@id\":\"https:\/\/klimavex.eu\/sk\/#website\"},\"primaryImageOfPage\":{\"@id\":\"https:\/\/klimavex.eu\/sk\/katalog\/hyundai-vnutorna-jednotka-smart-easy-pro-hrp-09\/#primaryimage\"},\"image\":{\"@id\":\"https:\/\/klimavex.eu\/sk\/katalog\/hyundai-vnutorna-jednotka-smart-easy-pro-hrp-09\/#primaryimage\"},\"thumbnailUrl\":\"https:\/\/klimavex.eu\/sk\/wp-content\/uploads\/2025\/09\/mcgKJkL2mxfUFFIUzdppoMWmLbOMwKay-RexEzRpxYg-2.png\",\"datePublished\":\"2026-04-08T20:50:49+00:00\",\"dateModified\":\"2026-04-08T20:51:43+00:00\",\"breadcrumb\":{\"@id\":\"https:\/\/klimavex.eu\/sk\/katalog\/hyundai-vnutorna-jednotka-smart-easy-pro-hrp-09\/#breadcrumb\"},\"inLanguage\":\"sk-SK\",\"potentialAction\":[{\"@type\":\"ReadAction\",\"target\":[\"https:\/\/klimavex.eu\/sk\/katalog\/hyundai-vnutorna-jednotka-smart-easy-pro-hrp-09\/\"]}]},{\"@type\":\"ImageObject\",\"inLanguage\":\"sk-SK\",\"@id\":\"https:\/\/klimavex.eu\/sk\/katalog\/hyundai-vnutorna-jednotka-smart-easy-pro-hrp-09\/#primaryimage\",\"url\":\"https:\/\/klimavex.eu\/sk\/wp-content\/uploads\/2025\/09\/mcgKJkL2mxfUFFIUzdppoMWmLbOMwKay-RexEzRpxYg-2.png\",\"contentUrl\":\"https:\/\/klimavex.eu\/sk\/wp-content\/uploads\/2025\/09\/mcgKJkL2mxfUFFIUzdppoMWmLbOMwKay-RexEzRpxYg-2.png\",\"width\":619,\"height\":512},{\"@type\":\"BreadcrumbList\",\"@id\":\"https:\/\/klimavex.eu\/sk\/katalog\/hyundai-vnutorna-jednotka-smart-easy-pro-hrp-09\/#breadcrumb\",\"itemListElement\":[{\"@type\":\"ListItem\",\"position\":1,\"name\":\"Domovsk\u00e1 str\u00e1nka\",\"item\":\"https:\/\/klimavex.eu\/sk\/\"},{\"@type\":\"ListItem\",\"position\":2,\"name\":\"Eshop\",\"item\":\"https:\/\/klimavex.eu\/sk\/eshop\/\"},{\"@type\":\"ListItem\",\"position\":3,\"name\":\"Hyundai vn\u00fatorn\u00e1 jednotka SMART EASY PRO HRP 09\"}]},{\"@type\":\"WebSite\",\"@id\":\"https:\/\/klimavex.eu\/sk\/#website\",\"url\":\"https:\/\/klimavex.eu\/sk\/\",\"name\":\"KLIMAVEX GROUP - Slovensko\",\"description\":\"\",\"publisher\":{\"@id\":\"https:\/\/klimavex.eu\/sk\/#organization\"},\"alternateName\":\"KLIMAVEX a.s.\",\"potentialAction\":[{\"@type\":\"SearchAction\",\"target\":{\"@type\":\"EntryPoint\",\"urlTemplate\":\"https:\/\/klimavex.eu\/sk\/?s={search_term_string}\"},\"query-input\":{\"@type\":\"PropertyValueSpecification\",\"valueRequired\":true,\"valueName\":\"search_term_string\"}}],\"inLanguage\":\"sk-SK\"},{\"@type\":\"Organization\",\"@id\":\"https:\/\/klimavex.eu\/sk\/#organization\",\"name\":\"KLIMAVEX GROUP\",\"alternateName\":\"KLIMAVEX a.s.\",\"url\":\"https:\/\/klimavex.eu\/sk\/\",\"logo\":{\"@type\":\"ImageObject\",\"inLanguage\":\"sk-SK\",\"@id\":\"https:\/\/klimavex.eu\/sk\/#\/schema\/logo\/image\/\",\"url\":\"https:\/\/klimavex.eu\/sk\/wp-content\/uploads\/2024\/04\/Klimavex-Group-logo.png\",\"contentUrl\":\"https:\/\/klimavex.eu\/sk\/wp-content\/uploads\/2024\/04\/Klimavex-Group-logo.png\",\"width\":1681,\"height\":472,\"caption\":\"KLIMAVEX GROUP\"},\"image\":{\"@id\":\"https:\/\/klimavex.eu\/sk\/#\/schema\/logo\/image\/\"},\"sameAs\":[\"https:\/\/www.facebook.com\/klimavex\",\"https:\/\/www.instagram.com\/klimavex_sk\/\"]}]}<\/script>\n<!-- \/ Yoast SEO plugin. -->","yoast_head_json":{"title":"Hyundai vn\u00fatorn\u00e1 jednotka SMART EASY PRO HRP 09 - KLIMAVEX GROUP - Slovensko","robots":{"index":"index","follow":"follow","max-snippet":"max-snippet:-1","max-image-preview":"max-image-preview:large","max-video-preview":"max-video-preview:-1"},"canonical":"https:\/\/klimavex.eu\/sk\/katalog\/hyundai-vnutorna-jednotka-smart-easy-pro-hrp-09\/","og_locale":"sk_SK","og_type":"article","og_title":"Hyundai vn\u00fatorn\u00e1 jednotka SMART EASY PRO HRP 09 - KLIMAVEX GROUP - Slovensko","og_description":"Hyundai SMART EASY PRO je vn&uacute;torn&aacute; n&aacute;stenn&aacute; jednotka pre multisplit zapojenie, ktor&aacute; zah\u0155\u0148a najnov&scaron;ie kon&scaron;truk\u010dn&eacute; rie&scaron;enie a najpokro\u010dilej&scaron;ie funkcie z cel&eacute;ho radu n&aacute;stenn&yacute;ch klimatiz&aacute;ci&iacute; Hyundai. Pon&uacute;ka tich&uacute; prev&aacute;dzku, pokro\u010dil&eacute; filtre, mimoriadne jednoduch&uacute; in&scaron;tal&aacute;ciu a &uacute;dr\u017ebu \u010di &scaron;peci&aacute;lnu funkciu Inteligentn&eacute; oko. Umo\u017e\u0148uje vykurova\u0165 a\u017e do -30&deg;C vonkaj&scaron;ej teploty v\u010faka zabudovan&eacute;mu ohrevu kompresora a vane vonkaj&scaron;ej jednotky.","og_url":"https:\/\/klimavex.eu\/sk\/katalog\/hyundai-vnutorna-jednotka-smart-easy-pro-hrp-09\/","og_site_name":"KLIMAVEX GROUP - Slovensko","article_publisher":"https:\/\/www.facebook.com\/klimavex","article_modified_time":"2026-04-08T20:51:43+00:00","og_image":[{"width":619,"height":512,"url":"https:\/\/klimavex.eu\/sk\/wp-content\/uploads\/2025\/09\/mcgKJkL2mxfUFFIUzdppoMWmLbOMwKay-RexEzRpxYg-2.png","type":"image\/png"}],"twitter_card":"summary_large_image","twitter_misc":{"Predpokladan\u00fd \u010das \u010d\u00edtania":"1 min\u00fata"},"schema":{"@context":"https:\/\/schema.org","@graph":[{"@type":"WebPage","@id":"https:\/\/klimavex.eu\/sk\/katalog\/hyundai-vnutorna-jednotka-smart-easy-pro-hrp-09\/","url":"https:\/\/klimavex.eu\/sk\/katalog\/hyundai-vnutorna-jednotka-smart-easy-pro-hrp-09\/","name":"Hyundai vn\u00fatorn\u00e1 jednotka SMART EASY PRO HRP 09 - KLIMAVEX GROUP - Slovensko","isPartOf":{"@id":"https:\/\/klimavex.eu\/sk\/#website"},"primaryImageOfPage":{"@id":"https:\/\/klimavex.eu\/sk\/katalog\/hyundai-vnutorna-jednotka-smart-easy-pro-hrp-09\/#primaryimage"},"image":{"@id":"https:\/\/klimavex.eu\/sk\/katalog\/hyundai-vnutorna-jednotka-smart-easy-pro-hrp-09\/#primaryimage"},"thumbnailUrl":"https:\/\/klimavex.eu\/sk\/wp-content\/uploads\/2025\/09\/mcgKJkL2mxfUFFIUzdppoMWmLbOMwKay-RexEzRpxYg-2.png","datePublished":"2026-04-08T20:50:49+00:00","dateModified":"2026-04-08T20:51:43+00:00","breadcrumb":{"@id":"https:\/\/klimavex.eu\/sk\/katalog\/hyundai-vnutorna-jednotka-smart-easy-pro-hrp-09\/#breadcrumb"},"inLanguage":"sk-SK","potentialAction":[{"@type":"ReadAction","target":["https:\/\/klimavex.eu\/sk\/katalog\/hyundai-vnutorna-jednotka-smart-easy-pro-hrp-09\/"]}]},{"@type":"ImageObject","inLanguage":"sk-SK","@id":"https:\/\/klimavex.eu\/sk\/katalog\/hyundai-vnutorna-jednotka-smart-easy-pro-hrp-09\/#primaryimage","url":"https:\/\/klimavex.eu\/sk\/wp-content\/uploads\/2025\/09\/mcgKJkL2mxfUFFIUzdppoMWmLbOMwKay-RexEzRpxYg-2.png","contentUrl":"https:\/\/klimavex.eu\/sk\/wp-content\/uploads\/2025\/09\/mcgKJkL2mxfUFFIUzdppoMWmLbOMwKay-RexEzRpxYg-2.png","width":619,"height":512},{"@type":"BreadcrumbList","@id":"https:\/\/klimavex.eu\/sk\/katalog\/hyundai-vnutorna-jednotka-smart-easy-pro-hrp-09\/#breadcrumb","itemListElement":[{"@type":"ListItem","position":1,"name":"Domovsk\u00e1 str\u00e1nka","item":"https:\/\/klimavex.eu\/sk\/"},{"@type":"ListItem","position":2,"name":"Eshop","item":"https:\/\/klimavex.eu\/sk\/eshop\/"},{"@type":"ListItem","position":3,"name":"Hyundai vn\u00fatorn\u00e1 jednotka SMART EASY PRO HRP 09"}]},{"@type":"WebSite","@id":"https:\/\/klimavex.eu\/sk\/#website","url":"https:\/\/klimavex.eu\/sk\/","name":"KLIMAVEX GROUP - Slovensko","description":"","publisher":{"@id":"https:\/\/klimavex.eu\/sk\/#organization"},"alternateName":"KLIMAVEX a.s.","potentialAction":[{"@type":"SearchAction","target":{"@type":"EntryPoint","urlTemplate":"https:\/\/klimavex.eu\/sk\/?s={search_term_string}"},"query-input":{"@type":"PropertyValueSpecification","valueRequired":true,"valueName":"search_term_string"}}],"inLanguage":"sk-SK"},{"@type":"Organization","@id":"https:\/\/klimavex.eu\/sk\/#organization","name":"KLIMAVEX GROUP","alternateName":"KLIMAVEX a.s.","url":"https:\/\/klimavex.eu\/sk\/","logo":{"@type":"ImageObject","inLanguage":"sk-SK","@id":"https:\/\/klimavex.eu\/sk\/#\/schema\/logo\/image\/","url":"https:\/\/klimavex.eu\/sk\/wp-content\/uploads\/2024\/04\/Klimavex-Group-logo.png","contentUrl":"https:\/\/klimavex.eu\/sk\/wp-content\/uploads\/2024\/04\/Klimavex-Group-logo.png","width":1681,"height":472,"caption":"KLIMAVEX GROUP"},"image":{"@id":"https:\/\/klimavex.eu\/sk\/#\/schema\/logo\/image\/"},"sameAs":["https:\/\/www.facebook.com\/klimavex","https:\/\/www.instagram.com\/klimavex_sk\/"]}]}},"_links":{"self":[{"href":"https:\/\/klimavex.eu\/sk\/wp-json\/wp\/v2\/product\/476259","targetHints":{"allow":["GET"]}}],"collection":[{"href":"https:\/\/klimavex.eu\/sk\/wp-json\/wp\/v2\/product"}],"about":[{"href":"https:\/\/klimavex.eu\/sk\/wp-json\/wp\/v2\/types\/product"}],"version-history":[{"count":0,"href":"https:\/\/klimavex.eu\/sk\/wp-json\/wp\/v2\/product\/476259\/revisions"}],"wp:featuredmedia":[{"embeddable":true,"href":"https:\/\/klimavex.eu\/sk\/wp-json\/wp\/v2\/media\/480808"}],"wp:attachment":[{"href":"https:\/\/klimavex.eu\/sk\/wp-json\/wp\/v2\/media?parent=476259"}],"wp:term":[{"taxonomy":"product_cat","embeddable":true,"href":"https:\/\/klimavex.eu\/sk\/wp-json\/wp\/v2\/product_cat?post=476259"},{"taxonomy":"product_tag","embeddable":true,"href":"https:\/\/klimavex.eu\/sk\/wp-json\/wp\/v2\/product_tag?post=476259"}],"curies":[{"name":"wp","href":"https:\/\/api.w.org\/{rel}","templated":true}]}}