{"id":476270,"date":"2026-03-31T18:22:38","date_gmt":"2026-03-31T16:22:38","guid":{"rendered":"https:\/\/klimavex.eu\/sk\/katalog\/samsung-kruhova-kazeta-360-highee-ac120\/"},"modified":"2026-03-31T18:23:09","modified_gmt":"2026-03-31T16:23:09","slug":"samsung-kruhova-kazeta-360-highee-ac120","status":"publish","type":"product","link":"https:\/\/klimavex.eu\/sk\/katalog\/samsung-kruhova-kazeta-360-highee-ac120\/","title":{"rendered":"Samsung kruhov\u00e1 kazeta 360\u00a0 HighEE\u00a0\n  AC120"},"content":{"rendered":"<p style=\"text-align:justify\"><span style=\"font-size:11pt\"><span style=\"font-family:Calibri,sans-serif\"><strong>K\u013e&uacute;\u010dov&eacute; vlastnosti<\/strong><\/span><\/span><\/p>\n<ul>\n<li style=\"text-align: justify;\"><span style=\"font-size:11pt\"><span style=\"font-family:Calibri,sans-serif\">Kruhov&yacute; dizajn jednotky s mo\u017enos\u0165ou kruhov&eacute;ho alebo &scaron;tvorcov&eacute;ho dekora\u010dn&eacute;ho panelu<\/span><\/span><\/li>\n<li style=\"text-align: justify;\"><span style=\"font-size:11pt\"><span style=\"font-family:Calibri,sans-serif\">360&deg; distrib&uacute;cia vzduchu po celej miestnosti<\/span><\/span><\/li>\n<li style=\"text-align: justify;\"><span style=\"font-size:11pt\"><span style=\"font-family:Calibri,sans-serif\">Bezlamelov&yacute; v&yacute;dych pomocou 3 booster ventil&aacute;torov<\/span><\/span><\/li>\n<li style=\"text-align: justify;\"><span style=\"font-size:11pt\"><span style=\"font-family:Calibri,sans-serif\">LED displej so zobrazen&iacute;m prev&aacute;dzkov&yacute;ch re\u017eimov<\/span><\/span><\/li>\n<li style=\"text-align: justify;\"><span style=\"font-size:11pt\"><span style=\"font-family:Calibri,sans-serif\">Vstavan&eacute; \u010derpadlo kondenz&aacute;tu &#8211; v&yacute;tla\u010dn&aacute; v&yacute;&scaron;ka 750mm<\/span><\/span><\/li>\n<li style=\"text-align: justify;\"><span style=\"font-size:11pt\"><span style=\"font-family:Calibri,sans-serif\">Prev&aacute;dzkov&yacute; rozsah chladenia -20 &#8211; 50&deg;C<\/span><\/span><\/li>\n<li style=\"text-align: justify;\"><span style=\"font-size:11pt\"><span style=\"font-family:Calibri,sans-serif\">Prev&aacute;dzkov&yacute; rozsah vykurovania -25 &#8211; 24&deg;C<\/span><\/span><\/li>\n<li style=\"text-align: justify;\"><span style=\"font-size:11pt\"><span style=\"font-family:Calibri,sans-serif\">100% vykurovac&iacute; v&yacute;kon pri teplote -15&deg;C<\/span><\/span><\/li>\n<li style=\"text-align: justify;\"><span style=\"font-size:11pt\"><span style=\"font-family:Calibri,sans-serif\">Prev&aacute;dzkov&yacute; rozsah vn&uacute;tornej teploty vykurovania od 8&deg;C (s infra\u010derven&yacute;m ovl&aacute;da\u010dom)<\/span><\/span><\/li>\n<li style=\"text-align: justify;\"><span style=\"font-size:11pt\"><span style=\"font-family:Calibri,sans-serif\">3f&aacute;zov&eacute; el. nap&aacute;janie<\/span><\/span><\/li>\n<\/ul>\n","protected":false},"excerpt":{"rendered":"<p style=\"text-align:justify\"><span style=\"font-size:11pt\"><span style=\"font-family:Calibri,sans-serif\"><strong>Samsung 360 Cassette <\/strong>je kruhov&aacute; kazetov&aacute; klimatiza\u010dn&aacute; jednotka s <strong>360&deg; distrib&uacute;ciou vzduchu<\/strong>, \u010d&iacute;m dok&aacute;\u017ee cel&uacute; miestnos\u0165 schladi\u0165 a\u017e o tretinu r&yacute;chlej&scaron;ie ako klasick&eacute; 4-cestn&eacute; kazetov&eacute; jednotky. Verzia jednotky <strong>HighEE <\/strong>pon&uacute;ka e&scaron;te vy&scaron;&scaron;iu prev&aacute;dzkov&uacute; &uacute;\u010dinnos\u0165. Jednotka je s oh\u013eadom na svoj <strong>modern&yacute; design <\/strong>ide&aacute;lnym rie&scaron;en&iacute;m pre r&ocirc;zne komer\u010dn&eacute; priestory, ktor&eacute; vy\u017eaduj&uacute; estetick&uacute; decentnos\u0165. U\u017e&iacute;va sa ekologick&eacute; <strong>chladivo R32<\/strong>.<\/span><\/span><\/p>\n","protected":false},"featured_media":480840,"template":"","meta":[],"product_cat":[6069,6070,6056],"product_tag":[],"class_list":{"0":"post-476270","1":"product","2":"type-product","3":"status-publish","4":"has-post-thumbnail","6":"product_cat-klimatizacie-archivovane-produkty","7":"product_cat-archivovane-produkty-klimatizacie","8":"product_cat-archivovane-produkty","9":"pa_chlad-do-von-tep-c-do-20c","10":"pa_chladiaci-vykon-3773","11":"pa_extra-funkcia-360-distribucia-vzduchu","12":"pa_napajanie-3f-400v","13":"pa_prevedenie-kazetovy-split-360","14":"pa_prikon-chladenie-3935","15":"pa_prikon-vykurovanie-3918","16":"pa_typ-chladiva-r32","17":"pa_vyk-do-von-tepl-c-do-25c","18":"pa_vykonovy-model-3745","19":"pa_vykurovaci-vykon-3921","20":"pa_wifi-ovladanie-volitelne","21":"pa_znacka-samsung","23":"first","24":"outofstock","25":"taxable","26":"shipping-taxable","27":"purchasable","28":"product-type-simple"},"yoast_head":"<!-- This site is optimized with the Yoast SEO plugin v23.9 - https:\/\/yoast.com\/wordpress\/plugins\/seo\/ -->\n<title>Samsung kruhov\u00e1 kazeta 360\u00a0 HighEE\u00a0  AC120 - KLIMAVEX GROUP - Slovensko<\/title>\n<meta name=\"robots\" content=\"index, follow, max-snippet:-1, max-image-preview:large, max-video-preview:-1\" \/>\n<link rel=\"canonical\" href=\"https:\/\/klimavex.eu\/sk\/katalog\/samsung-kruhova-kazeta-360-highee-ac120\/\" \/>\n<meta property=\"og:locale\" content=\"sk_SK\" \/>\n<meta property=\"og:type\" content=\"article\" \/>\n<meta property=\"og:title\" content=\"Samsung kruhov\u00e1 kazeta 360\u00a0 HighEE\u00a0  AC120 - KLIMAVEX GROUP - Slovensko\" \/>\n<meta property=\"og:description\" content=\"Samsung 360 Cassette je kruhov&aacute; kazetov&aacute; klimatiza\u010dn&aacute; jednotka s 360&deg; distrib&uacute;ciou vzduchu, \u010d&iacute;m dok&aacute;\u017ee cel&uacute; miestnos\u0165 schladi\u0165 a\u017e o tretinu r&yacute;chlej&scaron;ie ako klasick&eacute; 4-cestn&eacute; kazetov&eacute; jednotky. Verzia jednotky HighEE pon&uacute;ka e&scaron;te vy&scaron;&scaron;iu prev&aacute;dzkov&uacute; &uacute;\u010dinnos\u0165. Jednotka je s oh\u013eadom na svoj modern&yacute; design ide&aacute;lnym rie&scaron;en&iacute;m pre r&ocirc;zne komer\u010dn&eacute; priestory, ktor&eacute; vy\u017eaduj&uacute; estetick&uacute; decentnos\u0165. U\u017e&iacute;va sa ekologick&eacute; chladivo R32.\" \/>\n<meta property=\"og:url\" content=\"https:\/\/klimavex.eu\/sk\/katalog\/samsung-kruhova-kazeta-360-highee-ac120\/\" \/>\n<meta property=\"og:site_name\" content=\"KLIMAVEX GROUP - Slovensko\" \/>\n<meta property=\"article:publisher\" content=\"https:\/\/www.facebook.com\/klimavex\" \/>\n<meta property=\"article:modified_time\" content=\"2026-03-31T16:23:09+00:00\" \/>\n<meta property=\"og:image\" content=\"https:\/\/klimavex.eu\/sk\/wp-content\/uploads\/2025\/09\/Wl8sMGVD394-r0gFp_CttlB_LwFjN9odcYt851fOHsQ-7.jpeg\" \/>\n\t<meta property=\"og:image:width\" content=\"470\" \/>\n\t<meta property=\"og:image:height\" content=\"470\" \/>\n\t<meta property=\"og:image:type\" content=\"image\/jpeg\" \/>\n<meta name=\"twitter:card\" content=\"summary_large_image\" \/>\n<meta name=\"twitter:label1\" content=\"Predpokladan\u00fd \u010das \u010d\u00edtania\" \/>\n\t<meta name=\"twitter:data1\" content=\"1 min\u00fata\" \/>\n<script type=\"application\/ld+json\" class=\"yoast-schema-graph\">{\"@context\":\"https:\/\/schema.org\",\"@graph\":[{\"@type\":\"WebPage\",\"@id\":\"https:\/\/klimavex.eu\/sk\/katalog\/samsung-kruhova-kazeta-360-highee-ac120\/\",\"url\":\"https:\/\/klimavex.eu\/sk\/katalog\/samsung-kruhova-kazeta-360-highee-ac120\/\",\"name\":\"Samsung kruhov\u00e1 kazeta 360\u00a0 HighEE\u00a0 AC120 - KLIMAVEX GROUP - Slovensko\",\"isPartOf\":{\"@id\":\"https:\/\/klimavex.eu\/sk\/#website\"},\"primaryImageOfPage\":{\"@id\":\"https:\/\/klimavex.eu\/sk\/katalog\/samsung-kruhova-kazeta-360-highee-ac120\/#primaryimage\"},\"image\":{\"@id\":\"https:\/\/klimavex.eu\/sk\/katalog\/samsung-kruhova-kazeta-360-highee-ac120\/#primaryimage\"},\"thumbnailUrl\":\"https:\/\/klimavex.eu\/sk\/wp-content\/uploads\/2025\/09\/Wl8sMGVD394-r0gFp_CttlB_LwFjN9odcYt851fOHsQ-7.jpeg\",\"datePublished\":\"2026-03-31T16:22:38+00:00\",\"dateModified\":\"2026-03-31T16:23:09+00:00\",\"breadcrumb\":{\"@id\":\"https:\/\/klimavex.eu\/sk\/katalog\/samsung-kruhova-kazeta-360-highee-ac120\/#breadcrumb\"},\"inLanguage\":\"sk-SK\",\"potentialAction\":[{\"@type\":\"ReadAction\",\"target\":[\"https:\/\/klimavex.eu\/sk\/katalog\/samsung-kruhova-kazeta-360-highee-ac120\/\"]}]},{\"@type\":\"ImageObject\",\"inLanguage\":\"sk-SK\",\"@id\":\"https:\/\/klimavex.eu\/sk\/katalog\/samsung-kruhova-kazeta-360-highee-ac120\/#primaryimage\",\"url\":\"https:\/\/klimavex.eu\/sk\/wp-content\/uploads\/2025\/09\/Wl8sMGVD394-r0gFp_CttlB_LwFjN9odcYt851fOHsQ-7.jpeg\",\"contentUrl\":\"https:\/\/klimavex.eu\/sk\/wp-content\/uploads\/2025\/09\/Wl8sMGVD394-r0gFp_CttlB_LwFjN9odcYt851fOHsQ-7.jpeg\",\"width\":470,\"height\":470},{\"@type\":\"BreadcrumbList\",\"@id\":\"https:\/\/klimavex.eu\/sk\/katalog\/samsung-kruhova-kazeta-360-highee-ac120\/#breadcrumb\",\"itemListElement\":[{\"@type\":\"ListItem\",\"position\":1,\"name\":\"Domovsk\u00e1 str\u00e1nka\",\"item\":\"https:\/\/klimavex.eu\/sk\/\"},{\"@type\":\"ListItem\",\"position\":2,\"name\":\"Eshop\",\"item\":\"https:\/\/klimavex.eu\/sk\/eshop\/\"},{\"@type\":\"ListItem\",\"position\":3,\"name\":\"Samsung kruhov\u00e1 kazeta 360\u00a0 HighEE\u00a0 AC120\"}]},{\"@type\":\"WebSite\",\"@id\":\"https:\/\/klimavex.eu\/sk\/#website\",\"url\":\"https:\/\/klimavex.eu\/sk\/\",\"name\":\"KLIMAVEX GROUP - Slovensko\",\"description\":\"\",\"publisher\":{\"@id\":\"https:\/\/klimavex.eu\/sk\/#organization\"},\"alternateName\":\"KLIMAVEX a.s.\",\"potentialAction\":[{\"@type\":\"SearchAction\",\"target\":{\"@type\":\"EntryPoint\",\"urlTemplate\":\"https:\/\/klimavex.eu\/sk\/?s={search_term_string}\"},\"query-input\":{\"@type\":\"PropertyValueSpecification\",\"valueRequired\":true,\"valueName\":\"search_term_string\"}}],\"inLanguage\":\"sk-SK\"},{\"@type\":\"Organization\",\"@id\":\"https:\/\/klimavex.eu\/sk\/#organization\",\"name\":\"KLIMAVEX GROUP\",\"alternateName\":\"KLIMAVEX a.s.\",\"url\":\"https:\/\/klimavex.eu\/sk\/\",\"logo\":{\"@type\":\"ImageObject\",\"inLanguage\":\"sk-SK\",\"@id\":\"https:\/\/klimavex.eu\/sk\/#\/schema\/logo\/image\/\",\"url\":\"https:\/\/klimavex.eu\/sk\/wp-content\/uploads\/2024\/04\/Klimavex-Group-logo.png\",\"contentUrl\":\"https:\/\/klimavex.eu\/sk\/wp-content\/uploads\/2024\/04\/Klimavex-Group-logo.png\",\"width\":1681,\"height\":472,\"caption\":\"KLIMAVEX GROUP\"},\"image\":{\"@id\":\"https:\/\/klimavex.eu\/sk\/#\/schema\/logo\/image\/\"},\"sameAs\":[\"https:\/\/www.facebook.com\/klimavex\",\"https:\/\/www.instagram.com\/klimavex_sk\/\"]}]}<\/script>\n<!-- \/ Yoast SEO plugin. -->","yoast_head_json":{"title":"Samsung kruhov\u00e1 kazeta 360\u00a0 HighEE\u00a0  AC120 - KLIMAVEX GROUP - Slovensko","robots":{"index":"index","follow":"follow","max-snippet":"max-snippet:-1","max-image-preview":"max-image-preview:large","max-video-preview":"max-video-preview:-1"},"canonical":"https:\/\/klimavex.eu\/sk\/katalog\/samsung-kruhova-kazeta-360-highee-ac120\/","og_locale":"sk_SK","og_type":"article","og_title":"Samsung kruhov\u00e1 kazeta 360\u00a0 HighEE\u00a0  AC120 - KLIMAVEX GROUP - Slovensko","og_description":"Samsung 360 Cassette je kruhov&aacute; kazetov&aacute; klimatiza\u010dn&aacute; jednotka s 360&deg; distrib&uacute;ciou vzduchu, \u010d&iacute;m dok&aacute;\u017ee cel&uacute; miestnos\u0165 schladi\u0165 a\u017e o tretinu r&yacute;chlej&scaron;ie ako klasick&eacute; 4-cestn&eacute; kazetov&eacute; jednotky. Verzia jednotky HighEE pon&uacute;ka e&scaron;te vy&scaron;&scaron;iu prev&aacute;dzkov&uacute; &uacute;\u010dinnos\u0165. Jednotka je s oh\u013eadom na svoj modern&yacute; design ide&aacute;lnym rie&scaron;en&iacute;m pre r&ocirc;zne komer\u010dn&eacute; priestory, ktor&eacute; vy\u017eaduj&uacute; estetick&uacute; decentnos\u0165. U\u017e&iacute;va sa ekologick&eacute; chladivo R32.","og_url":"https:\/\/klimavex.eu\/sk\/katalog\/samsung-kruhova-kazeta-360-highee-ac120\/","og_site_name":"KLIMAVEX GROUP - Slovensko","article_publisher":"https:\/\/www.facebook.com\/klimavex","article_modified_time":"2026-03-31T16:23:09+00:00","og_image":[{"width":470,"height":470,"url":"https:\/\/klimavex.eu\/sk\/wp-content\/uploads\/2025\/09\/Wl8sMGVD394-r0gFp_CttlB_LwFjN9odcYt851fOHsQ-7.jpeg","type":"image\/jpeg"}],"twitter_card":"summary_large_image","twitter_misc":{"Predpokladan\u00fd \u010das \u010d\u00edtania":"1 min\u00fata"},"schema":{"@context":"https:\/\/schema.org","@graph":[{"@type":"WebPage","@id":"https:\/\/klimavex.eu\/sk\/katalog\/samsung-kruhova-kazeta-360-highee-ac120\/","url":"https:\/\/klimavex.eu\/sk\/katalog\/samsung-kruhova-kazeta-360-highee-ac120\/","name":"Samsung kruhov\u00e1 kazeta 360\u00a0 HighEE\u00a0 AC120 - KLIMAVEX GROUP - Slovensko","isPartOf":{"@id":"https:\/\/klimavex.eu\/sk\/#website"},"primaryImageOfPage":{"@id":"https:\/\/klimavex.eu\/sk\/katalog\/samsung-kruhova-kazeta-360-highee-ac120\/#primaryimage"},"image":{"@id":"https:\/\/klimavex.eu\/sk\/katalog\/samsung-kruhova-kazeta-360-highee-ac120\/#primaryimage"},"thumbnailUrl":"https:\/\/klimavex.eu\/sk\/wp-content\/uploads\/2025\/09\/Wl8sMGVD394-r0gFp_CttlB_LwFjN9odcYt851fOHsQ-7.jpeg","datePublished":"2026-03-31T16:22:38+00:00","dateModified":"2026-03-31T16:23:09+00:00","breadcrumb":{"@id":"https:\/\/klimavex.eu\/sk\/katalog\/samsung-kruhova-kazeta-360-highee-ac120\/#breadcrumb"},"inLanguage":"sk-SK","potentialAction":[{"@type":"ReadAction","target":["https:\/\/klimavex.eu\/sk\/katalog\/samsung-kruhova-kazeta-360-highee-ac120\/"]}]},{"@type":"ImageObject","inLanguage":"sk-SK","@id":"https:\/\/klimavex.eu\/sk\/katalog\/samsung-kruhova-kazeta-360-highee-ac120\/#primaryimage","url":"https:\/\/klimavex.eu\/sk\/wp-content\/uploads\/2025\/09\/Wl8sMGVD394-r0gFp_CttlB_LwFjN9odcYt851fOHsQ-7.jpeg","contentUrl":"https:\/\/klimavex.eu\/sk\/wp-content\/uploads\/2025\/09\/Wl8sMGVD394-r0gFp_CttlB_LwFjN9odcYt851fOHsQ-7.jpeg","width":470,"height":470},{"@type":"BreadcrumbList","@id":"https:\/\/klimavex.eu\/sk\/katalog\/samsung-kruhova-kazeta-360-highee-ac120\/#breadcrumb","itemListElement":[{"@type":"ListItem","position":1,"name":"Domovsk\u00e1 str\u00e1nka","item":"https:\/\/klimavex.eu\/sk\/"},{"@type":"ListItem","position":2,"name":"Eshop","item":"https:\/\/klimavex.eu\/sk\/eshop\/"},{"@type":"ListItem","position":3,"name":"Samsung kruhov\u00e1 kazeta 360\u00a0 HighEE\u00a0 AC120"}]},{"@type":"WebSite","@id":"https:\/\/klimavex.eu\/sk\/#website","url":"https:\/\/klimavex.eu\/sk\/","name":"KLIMAVEX GROUP - Slovensko","description":"","publisher":{"@id":"https:\/\/klimavex.eu\/sk\/#organization"},"alternateName":"KLIMAVEX a.s.","potentialAction":[{"@type":"SearchAction","target":{"@type":"EntryPoint","urlTemplate":"https:\/\/klimavex.eu\/sk\/?s={search_term_string}"},"query-input":{"@type":"PropertyValueSpecification","valueRequired":true,"valueName":"search_term_string"}}],"inLanguage":"sk-SK"},{"@type":"Organization","@id":"https:\/\/klimavex.eu\/sk\/#organization","name":"KLIMAVEX GROUP","alternateName":"KLIMAVEX a.s.","url":"https:\/\/klimavex.eu\/sk\/","logo":{"@type":"ImageObject","inLanguage":"sk-SK","@id":"https:\/\/klimavex.eu\/sk\/#\/schema\/logo\/image\/","url":"https:\/\/klimavex.eu\/sk\/wp-content\/uploads\/2024\/04\/Klimavex-Group-logo.png","contentUrl":"https:\/\/klimavex.eu\/sk\/wp-content\/uploads\/2024\/04\/Klimavex-Group-logo.png","width":1681,"height":472,"caption":"KLIMAVEX GROUP"},"image":{"@id":"https:\/\/klimavex.eu\/sk\/#\/schema\/logo\/image\/"},"sameAs":["https:\/\/www.facebook.com\/klimavex","https:\/\/www.instagram.com\/klimavex_sk\/"]}]}},"_links":{"self":[{"href":"https:\/\/klimavex.eu\/sk\/wp-json\/wp\/v2\/product\/476270","targetHints":{"allow":["GET"]}}],"collection":[{"href":"https:\/\/klimavex.eu\/sk\/wp-json\/wp\/v2\/product"}],"about":[{"href":"https:\/\/klimavex.eu\/sk\/wp-json\/wp\/v2\/types\/product"}],"version-history":[{"count":0,"href":"https:\/\/klimavex.eu\/sk\/wp-json\/wp\/v2\/product\/476270\/revisions"}],"wp:featuredmedia":[{"embeddable":true,"href":"https:\/\/klimavex.eu\/sk\/wp-json\/wp\/v2\/media\/480840"}],"wp:attachment":[{"href":"https:\/\/klimavex.eu\/sk\/wp-json\/wp\/v2\/media?parent=476270"}],"wp:term":[{"taxonomy":"product_cat","embeddable":true,"href":"https:\/\/klimavex.eu\/sk\/wp-json\/wp\/v2\/product_cat?post=476270"},{"taxonomy":"product_tag","embeddable":true,"href":"https:\/\/klimavex.eu\/sk\/wp-json\/wp\/v2\/product_tag?post=476270"}],"curies":[{"name":"wp","href":"https:\/\/api.w.org\/{rel}","templated":true}]}}