{"id":476272,"date":"2026-04-23T22:51:52","date_gmt":"2026-04-23T20:51:52","guid":{"rendered":"https:\/\/klimavex.eu\/sk\/katalog\/hyundai-kazetova-klimatizacia-compact-hcc-18\/"},"modified":"2026-04-23T22:52:02","modified_gmt":"2026-04-23T20:52:02","slug":"klimatizacia-hyundai-split-kazetova-compact-hcc-18-r32-230v-5kw","status":"publish","type":"product","link":"https:\/\/klimavex.eu\/sk\/katalog\/klimatizacia-hyundai-split-kazetova-compact-hcc-18-r32-230v-5kw\/","title":{"rendered":"Klimatiz\u00e1cia Hyundai split kazetov\u00e1 COMPACT HCC 18 R32 230V 5kW"},"content":{"rendered":"<p style=\"text-align: justify;\"><strong>K\u013e&uacute;\u010dov&eacute; vlastnosti<\/strong><\/p>\n<ul>\n<li style=\"text-align: justify;\">360&deg; distrib&uacute;cia vzduchu<\/li>\n<li style=\"text-align: justify;\">Motorizovan&eacute; lamely<\/li>\n<li style=\"text-align: justify;\">Infraovl&aacute;da\u010d (&scaron;tandard), WiFi modul (&scaron;tandard)<\/li>\n<li style=\"text-align: justify;\">Zabudovan&eacute; \u010derpadlo kondenz&aacute;tu (750 mm)<\/li>\n<li style=\"text-align: justify;\">UV-C dezinfekcia v&yacute;menn&iacute;ka<\/li>\n<li style=\"text-align: justify;\">Kompaktn&eacute; rozmery vn&uacute;tornej jednotky &Scaron;xVxH 570 mm x 245 mm x 570 mm<\/li>\n<li style=\"text-align: justify;\">Energetick&aacute; trieda A++<\/li>\n<li style=\"text-align: justify;\">Vykurovanie -25&deg;C a\u017e +24&deg;C vonkaj&scaron;ej teploty<\/li>\n<li style=\"text-align: justify;\">Chladenie -15&deg;C a\u017e +50&deg;C vonkaj&scaron;ej teploty<\/li>\n<li style=\"text-align: justify;\">Zabudovan&yacute; ohrev kompresora a vane vonkaj&scaron;ej jednotky<\/li>\n<li style=\"text-align: justify;\">Kompatibiln&eacute; s MULTI<\/li>\n<\/ul>\n","protected":false},"excerpt":{"rendered":"<p style=\"text-align: justify;\">Kazetov&aacute; klimatiz&aacute;cia <strong>Hyundai COMPACT HCC<\/strong> je ide&aacute;lna pre men&scaron;ie priestory s <strong>kazetov&yacute;m rastrom 600&#215;600 mm<\/strong>. V\u010faka kompaktn&yacute;m rozmerom a n&iacute;zkej in&scaron;tala\u010dnej v&yacute;&scaron;ke (245 mm) sa jednoducho in&scaron;taluje aj do stiesnen&yacute;ch priestorov. Pon&uacute;ka <strong>360&deg; distrib&uacute;ciu vzduchu<\/strong> s motorizovan&yacute;mi lamelami<strong>, UV-C dezinfekciu<\/strong> a WiFi modulom. <strong>Je kompatibiln&aacute; s MULTI splitov&yacute;m zapojen&iacute;m<\/strong> a umo\u017e\u0148uje <strong>vykurovanie a\u017e do -25 &deg;C a chladenie a\u017e do +50 &deg;C vonkaj&scaron;ej teploty<\/strong>.<\/p>\n","protected":false},"featured_media":480849,"template":"","meta":[],"product_cat":[196,526,198,299,195,5952],"product_tag":[],"class_list":{"0":"post-476272","1":"product","2":"type-product","3":"status-publish","4":"has-post-thumbnail","6":"product_cat-podla-znacky","7":"product_cat-hyundai-podla-znacky","8":"product_cat-podla-typu","9":"product_cat-kazetove","10":"product_cat-klimatizacie","11":"product_cat-kazetove-hcc","12":"pa_chlad-do-von-tep-c-15c","13":"pa_chladiaci-vykon-3351","14":"pa_energeticka-trieda-scop-41-a","15":"pa_energeticka-trieda-seer-65-a","16":"pa_extra-funkcia-cerpadlo-kondenzatu","17":"pa_farba-vnutornej-jednotky-biela","18":"pa_filtracia-vzduchu-standard","19":"pa_hlucnost-vnutornej-jednotky-3694","20":"pa_napajanie-1f-230v","21":"pa_prevedenie-kazetovy-split","22":"pa_prikon-chladenie-3354","23":"pa_prikon-vykurovanie-4007","24":"pa_typ-chladiva-r32","25":"pa_vyk-do-von-tepl-c-25c","26":"pa_vykonovy-model-3349","27":"pa_vykurovaci-vykon-3352","28":"pa_wifi-ovladanie-zabudovane","29":"pa_znacka-hyundai","31":"first","32":"instock","33":"taxable","34":"shipping-taxable","35":"purchasable","36":"product-type-simple"},"yoast_head":"<!-- This site is optimized with the Yoast SEO plugin v23.9 - https:\/\/yoast.com\/wordpress\/plugins\/seo\/ -->\n<title>Klimatiz\u00e1cia Hyundai split kazetov\u00e1 COMPACT HCC 18 R32 230V 5kW - KLIMAVEX GROUP - Slovensko<\/title>\n<meta name=\"robots\" content=\"index, follow, max-snippet:-1, max-image-preview:large, max-video-preview:-1\" \/>\n<link rel=\"canonical\" href=\"https:\/\/klimavex.eu\/sk\/katalog\/hyundai-kazetova-klimatizacia-compact-hcc-18\/\" \/>\n<meta property=\"og:locale\" content=\"sk_SK\" \/>\n<meta property=\"og:type\" content=\"article\" \/>\n<meta property=\"og:title\" content=\"Klimatiz\u00e1cia Hyundai split kazetov\u00e1 COMPACT HCC 18 R32 230V 5kW - KLIMAVEX GROUP - Slovensko\" \/>\n<meta property=\"og:description\" content=\"Kazetov&aacute; klimatiz&aacute;cia Hyundai COMPACT HCC je ide&aacute;lna pre men&scaron;ie priestory s kazetov&yacute;m rastrom 600x600 mm. V\u010faka kompaktn&yacute;m rozmerom a n&iacute;zkej in&scaron;tala\u010dnej v&yacute;&scaron;ke (245 mm) sa jednoducho in&scaron;taluje aj do stiesnen&yacute;ch priestorov. Pon&uacute;ka 360&deg; distrib&uacute;ciu vzduchu s motorizovan&yacute;mi lamelami, UV-C dezinfekciu a WiFi modulom. Je kompatibiln&aacute; s MULTI splitov&yacute;m zapojen&iacute;m a umo\u017e\u0148uje vykurovanie a\u017e do -25 &deg;C a chladenie a\u017e do +50 &deg;C vonkaj&scaron;ej teploty.\" \/>\n<meta property=\"og:url\" content=\"https:\/\/klimavex.eu\/sk\/katalog\/hyundai-kazetova-klimatizacia-compact-hcc-18\/\" \/>\n<meta property=\"og:site_name\" content=\"KLIMAVEX GROUP - Slovensko\" \/>\n<meta property=\"article:publisher\" content=\"https:\/\/www.facebook.com\/klimavex\" \/>\n<meta property=\"article:modified_time\" content=\"2026-04-23T20:52:02+00:00\" \/>\n<meta property=\"og:image\" content=\"https:\/\/klimavex.eu\/sk\/wp-content\/uploads\/2025\/09\/5bf3cDVg77sbVGZZB6pK5DlNGP3T4uLdrNklRhoHw0A-1.png\" \/>\n\t<meta property=\"og:image:width\" content=\"512\" \/>\n\t<meta property=\"og:image:height\" content=\"512\" \/>\n\t<meta property=\"og:image:type\" content=\"image\/png\" \/>\n<meta name=\"twitter:card\" content=\"summary_large_image\" \/>\n<script type=\"application\/ld+json\" class=\"yoast-schema-graph\">{\"@context\":\"https:\/\/schema.org\",\"@graph\":[{\"@type\":\"WebPage\",\"@id\":\"https:\/\/klimavex.eu\/sk\/katalog\/hyundai-kazetova-klimatizacia-compact-hcc-18\/\",\"url\":\"https:\/\/klimavex.eu\/sk\/katalog\/hyundai-kazetova-klimatizacia-compact-hcc-18\/\",\"name\":\"Klimatiz\u00e1cia Hyundai split kazetov\u00e1 COMPACT HCC 18 R32 230V 5kW - KLIMAVEX GROUP - Slovensko\",\"isPartOf\":{\"@id\":\"https:\/\/klimavex.eu\/sk\/#website\"},\"primaryImageOfPage\":{\"@id\":\"https:\/\/klimavex.eu\/sk\/katalog\/hyundai-kazetova-klimatizacia-compact-hcc-18\/#primaryimage\"},\"image\":{\"@id\":\"https:\/\/klimavex.eu\/sk\/katalog\/hyundai-kazetova-klimatizacia-compact-hcc-18\/#primaryimage\"},\"thumbnailUrl\":\"https:\/\/klimavex.eu\/sk\/wp-content\/uploads\/2025\/09\/5bf3cDVg77sbVGZZB6pK5DlNGP3T4uLdrNklRhoHw0A-1.png\",\"datePublished\":\"2026-04-23T20:51:52+00:00\",\"dateModified\":\"2026-04-23T20:52:02+00:00\",\"breadcrumb\":{\"@id\":\"https:\/\/klimavex.eu\/sk\/katalog\/hyundai-kazetova-klimatizacia-compact-hcc-18\/#breadcrumb\"},\"inLanguage\":\"sk-SK\",\"potentialAction\":[{\"@type\":\"ReadAction\",\"target\":[\"https:\/\/klimavex.eu\/sk\/katalog\/hyundai-kazetova-klimatizacia-compact-hcc-18\/\"]}]},{\"@type\":\"ImageObject\",\"inLanguage\":\"sk-SK\",\"@id\":\"https:\/\/klimavex.eu\/sk\/katalog\/hyundai-kazetova-klimatizacia-compact-hcc-18\/#primaryimage\",\"url\":\"https:\/\/klimavex.eu\/sk\/wp-content\/uploads\/2025\/09\/5bf3cDVg77sbVGZZB6pK5DlNGP3T4uLdrNklRhoHw0A-1.png\",\"contentUrl\":\"https:\/\/klimavex.eu\/sk\/wp-content\/uploads\/2025\/09\/5bf3cDVg77sbVGZZB6pK5DlNGP3T4uLdrNklRhoHw0A-1.png\",\"width\":512,\"height\":512},{\"@type\":\"BreadcrumbList\",\"@id\":\"https:\/\/klimavex.eu\/sk\/katalog\/hyundai-kazetova-klimatizacia-compact-hcc-18\/#breadcrumb\",\"itemListElement\":[{\"@type\":\"ListItem\",\"position\":1,\"name\":\"Domovsk\u00e1 str\u00e1nka\",\"item\":\"https:\/\/klimavex.eu\/sk\/\"},{\"@type\":\"ListItem\",\"position\":2,\"name\":\"Eshop\",\"item\":\"https:\/\/klimavex.eu\/sk\/eshop\/\"},{\"@type\":\"ListItem\",\"position\":3,\"name\":\"Hyundai kazetov\u00e1 klimatiz\u00e1cia COMPACT HCC 18\"}]},{\"@type\":\"WebSite\",\"@id\":\"https:\/\/klimavex.eu\/sk\/#website\",\"url\":\"https:\/\/klimavex.eu\/sk\/\",\"name\":\"KLIMAVEX GROUP - Slovensko\",\"description\":\"\",\"publisher\":{\"@id\":\"https:\/\/klimavex.eu\/sk\/#organization\"},\"alternateName\":\"KLIMAVEX a.s.\",\"potentialAction\":[{\"@type\":\"SearchAction\",\"target\":{\"@type\":\"EntryPoint\",\"urlTemplate\":\"https:\/\/klimavex.eu\/sk\/?s={search_term_string}\"},\"query-input\":{\"@type\":\"PropertyValueSpecification\",\"valueRequired\":true,\"valueName\":\"search_term_string\"}}],\"inLanguage\":\"sk-SK\"},{\"@type\":\"Organization\",\"@id\":\"https:\/\/klimavex.eu\/sk\/#organization\",\"name\":\"KLIMAVEX GROUP\",\"alternateName\":\"KLIMAVEX a.s.\",\"url\":\"https:\/\/klimavex.eu\/sk\/\",\"logo\":{\"@type\":\"ImageObject\",\"inLanguage\":\"sk-SK\",\"@id\":\"https:\/\/klimavex.eu\/sk\/#\/schema\/logo\/image\/\",\"url\":\"https:\/\/klimavex.eu\/sk\/wp-content\/uploads\/2024\/04\/Klimavex-Group-logo.png\",\"contentUrl\":\"https:\/\/klimavex.eu\/sk\/wp-content\/uploads\/2024\/04\/Klimavex-Group-logo.png\",\"width\":1681,\"height\":472,\"caption\":\"KLIMAVEX GROUP\"},\"image\":{\"@id\":\"https:\/\/klimavex.eu\/sk\/#\/schema\/logo\/image\/\"},\"sameAs\":[\"https:\/\/www.facebook.com\/klimavex\",\"https:\/\/www.instagram.com\/klimavex_sk\/\"]}]}<\/script>\n<!-- \/ Yoast SEO plugin. -->","yoast_head_json":{"title":"Klimatiz\u00e1cia Hyundai split kazetov\u00e1 COMPACT HCC 18 R32 230V 5kW - KLIMAVEX GROUP - Slovensko","robots":{"index":"index","follow":"follow","max-snippet":"max-snippet:-1","max-image-preview":"max-image-preview:large","max-video-preview":"max-video-preview:-1"},"canonical":"https:\/\/klimavex.eu\/sk\/katalog\/hyundai-kazetova-klimatizacia-compact-hcc-18\/","og_locale":"sk_SK","og_type":"article","og_title":"Klimatiz\u00e1cia Hyundai split kazetov\u00e1 COMPACT HCC 18 R32 230V 5kW - KLIMAVEX GROUP - Slovensko","og_description":"Kazetov&aacute; klimatiz&aacute;cia Hyundai COMPACT HCC je ide&aacute;lna pre men&scaron;ie priestory s kazetov&yacute;m rastrom 600x600 mm. V\u010faka kompaktn&yacute;m rozmerom a n&iacute;zkej in&scaron;tala\u010dnej v&yacute;&scaron;ke (245 mm) sa jednoducho in&scaron;taluje aj do stiesnen&yacute;ch priestorov. Pon&uacute;ka 360&deg; distrib&uacute;ciu vzduchu s motorizovan&yacute;mi lamelami, UV-C dezinfekciu a WiFi modulom. Je kompatibiln&aacute; s MULTI splitov&yacute;m zapojen&iacute;m a umo\u017e\u0148uje vykurovanie a\u017e do -25 &deg;C a chladenie a\u017e do +50 &deg;C vonkaj&scaron;ej teploty.","og_url":"https:\/\/klimavex.eu\/sk\/katalog\/hyundai-kazetova-klimatizacia-compact-hcc-18\/","og_site_name":"KLIMAVEX GROUP - Slovensko","article_publisher":"https:\/\/www.facebook.com\/klimavex","article_modified_time":"2026-04-23T20:52:02+00:00","og_image":[{"width":512,"height":512,"url":"https:\/\/klimavex.eu\/sk\/wp-content\/uploads\/2025\/09\/5bf3cDVg77sbVGZZB6pK5DlNGP3T4uLdrNklRhoHw0A-1.png","type":"image\/png"}],"twitter_card":"summary_large_image","schema":{"@context":"https:\/\/schema.org","@graph":[{"@type":"WebPage","@id":"https:\/\/klimavex.eu\/sk\/katalog\/hyundai-kazetova-klimatizacia-compact-hcc-18\/","url":"https:\/\/klimavex.eu\/sk\/katalog\/hyundai-kazetova-klimatizacia-compact-hcc-18\/","name":"Klimatiz\u00e1cia Hyundai split kazetov\u00e1 COMPACT HCC 18 R32 230V 5kW - KLIMAVEX GROUP - Slovensko","isPartOf":{"@id":"https:\/\/klimavex.eu\/sk\/#website"},"primaryImageOfPage":{"@id":"https:\/\/klimavex.eu\/sk\/katalog\/hyundai-kazetova-klimatizacia-compact-hcc-18\/#primaryimage"},"image":{"@id":"https:\/\/klimavex.eu\/sk\/katalog\/hyundai-kazetova-klimatizacia-compact-hcc-18\/#primaryimage"},"thumbnailUrl":"https:\/\/klimavex.eu\/sk\/wp-content\/uploads\/2025\/09\/5bf3cDVg77sbVGZZB6pK5DlNGP3T4uLdrNklRhoHw0A-1.png","datePublished":"2026-04-23T20:51:52+00:00","dateModified":"2026-04-23T20:52:02+00:00","breadcrumb":{"@id":"https:\/\/klimavex.eu\/sk\/katalog\/hyundai-kazetova-klimatizacia-compact-hcc-18\/#breadcrumb"},"inLanguage":"sk-SK","potentialAction":[{"@type":"ReadAction","target":["https:\/\/klimavex.eu\/sk\/katalog\/hyundai-kazetova-klimatizacia-compact-hcc-18\/"]}]},{"@type":"ImageObject","inLanguage":"sk-SK","@id":"https:\/\/klimavex.eu\/sk\/katalog\/hyundai-kazetova-klimatizacia-compact-hcc-18\/#primaryimage","url":"https:\/\/klimavex.eu\/sk\/wp-content\/uploads\/2025\/09\/5bf3cDVg77sbVGZZB6pK5DlNGP3T4uLdrNklRhoHw0A-1.png","contentUrl":"https:\/\/klimavex.eu\/sk\/wp-content\/uploads\/2025\/09\/5bf3cDVg77sbVGZZB6pK5DlNGP3T4uLdrNklRhoHw0A-1.png","width":512,"height":512},{"@type":"BreadcrumbList","@id":"https:\/\/klimavex.eu\/sk\/katalog\/hyundai-kazetova-klimatizacia-compact-hcc-18\/#breadcrumb","itemListElement":[{"@type":"ListItem","position":1,"name":"Domovsk\u00e1 str\u00e1nka","item":"https:\/\/klimavex.eu\/sk\/"},{"@type":"ListItem","position":2,"name":"Eshop","item":"https:\/\/klimavex.eu\/sk\/eshop\/"},{"@type":"ListItem","position":3,"name":"Hyundai kazetov\u00e1 klimatiz\u00e1cia COMPACT HCC 18"}]},{"@type":"WebSite","@id":"https:\/\/klimavex.eu\/sk\/#website","url":"https:\/\/klimavex.eu\/sk\/","name":"KLIMAVEX GROUP - Slovensko","description":"","publisher":{"@id":"https:\/\/klimavex.eu\/sk\/#organization"},"alternateName":"KLIMAVEX a.s.","potentialAction":[{"@type":"SearchAction","target":{"@type":"EntryPoint","urlTemplate":"https:\/\/klimavex.eu\/sk\/?s={search_term_string}"},"query-input":{"@type":"PropertyValueSpecification","valueRequired":true,"valueName":"search_term_string"}}],"inLanguage":"sk-SK"},{"@type":"Organization","@id":"https:\/\/klimavex.eu\/sk\/#organization","name":"KLIMAVEX GROUP","alternateName":"KLIMAVEX a.s.","url":"https:\/\/klimavex.eu\/sk\/","logo":{"@type":"ImageObject","inLanguage":"sk-SK","@id":"https:\/\/klimavex.eu\/sk\/#\/schema\/logo\/image\/","url":"https:\/\/klimavex.eu\/sk\/wp-content\/uploads\/2024\/04\/Klimavex-Group-logo.png","contentUrl":"https:\/\/klimavex.eu\/sk\/wp-content\/uploads\/2024\/04\/Klimavex-Group-logo.png","width":1681,"height":472,"caption":"KLIMAVEX GROUP"},"image":{"@id":"https:\/\/klimavex.eu\/sk\/#\/schema\/logo\/image\/"},"sameAs":["https:\/\/www.facebook.com\/klimavex","https:\/\/www.instagram.com\/klimavex_sk\/"]}]}},"_links":{"self":[{"href":"https:\/\/klimavex.eu\/sk\/wp-json\/wp\/v2\/product\/476272","targetHints":{"allow":["GET"]}}],"collection":[{"href":"https:\/\/klimavex.eu\/sk\/wp-json\/wp\/v2\/product"}],"about":[{"href":"https:\/\/klimavex.eu\/sk\/wp-json\/wp\/v2\/types\/product"}],"version-history":[{"count":0,"href":"https:\/\/klimavex.eu\/sk\/wp-json\/wp\/v2\/product\/476272\/revisions"}],"wp:featuredmedia":[{"embeddable":true,"href":"https:\/\/klimavex.eu\/sk\/wp-json\/wp\/v2\/media\/480849"}],"wp:attachment":[{"href":"https:\/\/klimavex.eu\/sk\/wp-json\/wp\/v2\/media?parent=476272"}],"wp:term":[{"taxonomy":"product_cat","embeddable":true,"href":"https:\/\/klimavex.eu\/sk\/wp-json\/wp\/v2\/product_cat?post=476272"},{"taxonomy":"product_tag","embeddable":true,"href":"https:\/\/klimavex.eu\/sk\/wp-json\/wp\/v2\/product_tag?post=476272"}],"curies":[{"name":"wp","href":"https:\/\/api.w.org\/{rel}","templated":true}]}}