{"id":476314,"date":"2026-03-31T18:23:36","date_gmt":"2026-03-31T16:23:36","guid":{"rendered":"https:\/\/klimavex.eu\/sk\/katalog\/panasonic-jet-air-stream-kit-250mc5zh8-smart-trysky-24kw-3f\/"},"modified":"2026-03-31T18:24:09","modified_gmt":"2026-03-31T16:24:09","slug":"klimatizacia-panasonic-paci-nx-elite-split-jet-air-stream-smart-kit-250mc5zh8-r32-400v-2418kw","status":"publish","type":"product","link":"https:\/\/klimavex.eu\/sk\/katalog\/klimatizacia-panasonic-paci-nx-elite-split-jet-air-stream-smart-kit-250mc5zh8-r32-400v-2418kw\/","title":{"rendered":"Klimatiz\u00e1cia Panasonic PACi NX Elite split JET AIR STREAM smart KIT-250MC5ZH8 R32 400V 24,18kW"},"content":{"rendered":"<p style=\"text-align: justify;\"><strong>K\u013e&uacute;\u010dov&eacute; vlastnosti:<\/strong><\/p>\n<ul>\n<li style=\"text-align: justify;\">Vysok&yacute; objem vzduchu do 5000 m&sup3;\/h<\/li>\n<li style=\"text-align: justify;\">Dlh&aacute; maxim&aacute;lna vzdialenos\u0165 pr&iacute;vodu vzduchu 30 m\u200b<\/li>\n<li style=\"text-align: justify;\">Celoro\u010dn&eacute; chladenie a vykurovanie<\/li>\n<li style=\"text-align: justify;\">Smart Jet &ndash; samonav&aacute;dzacie trysky<\/li>\n<li style=\"text-align: justify;\">Presn&aacute; regul&aacute;cia teploty\u200b\u200b<\/li>\n<li style=\"text-align: justify;\">Zabr&aacute;nenie stratifik&aacute;cii a udr\u017eanie ide&aacute;lnej teploty v&yacute;hradne v ob&yacute;vanom priestore\u200b\u200b\u200b\u200b\u200b\u200b\u200b<\/li>\n<\/ul>\n","protected":false},"excerpt":{"rendered":"<p style=\"text-align: justify;\"><strong>Panasonic Jet Air Stream <\/strong>je komer\u010dn&aacute; klimatiz&aacute;cia s <strong>vysok&yacute;m objemom vzduchu <\/strong>(a\u017e 5 000 m<sup>3<\/sup>\/h) a <strong>dlhou vzdialenos\u0165ou pr&uacute;denia vzduchu <\/strong>(a\u017e 30 m). Je ur\u010den&aacute; pre <strong>ve\u013ek&eacute; priestory<\/strong>, ktor&eacute; vy\u017eaduj&uacute; vysok&uacute; distrib&uacute;ciu vzduchu, ako s&uacute; <strong>telocvi\u010dne, v&yacute;robn&eacute; priestory a sklady<\/strong>. Zariadenie je energeticky &uacute;sporn&yacute;m rie&scaron;en&iacute;m pre celoro\u010dn&eacute; <strong>chladenie a vykurovanie<\/strong>. Samonav&aacute;dzacie trysky zabra\u0148uj&uacute; tepeln&yacute;m strat&aacute;m v ob&yacute;vanom priestore a zais\u0165uj&uacute; optim&aacute;lnu regul&aacute;ciu teploty.<\/p>\n","protected":false},"featured_media":480931,"template":"","meta":[],"product_cat":[195,6100],"product_tag":[],"class_list":{"0":"post-476314","1":"product","2":"type-product","3":"status-publish","4":"has-post-thumbnail","6":"product_cat-klimatizacie","7":"product_cat-jet-air-stream","8":"pa_chlad-do-von-tep-c-do-15-c","9":"pa_chladiaci-vykon-6105","10":"pa_hlucnost-vnutornej-jednotky-3412","11":"pa_napajanie-3f-400v","12":"pa_prevedenie-jetairstream","13":"pa_prikon-chladenie-6104","14":"pa_prikon-vykurovanie-6103","15":"pa_typ-chladiva-r32","16":"pa_vyk-do-von-tepl-c-do-20-c","17":"pa_vykonovy-model-6101","18":"pa_vykurovaci-vykon-6106","19":"pa_znacka-panasonic","21":"first","22":"instock","23":"taxable","24":"shipping-taxable","25":"purchasable","26":"product-type-simple"},"yoast_head":"<!-- This site is optimized with the Yoast SEO plugin v23.9 - https:\/\/yoast.com\/wordpress\/plugins\/seo\/ -->\n<title>Klimatiz\u00e1cia Panasonic PACi NX Elite split JET AIR STREAM smart KIT-250MC5ZH8 R32 400V 24,18kW - KLIMAVEX GROUP - Slovensko<\/title>\n<meta name=\"robots\" content=\"index, follow, max-snippet:-1, max-image-preview:large, max-video-preview:-1\" \/>\n<link rel=\"canonical\" href=\"https:\/\/klimavex.eu\/sk\/katalog\/panasonic-jet-air-stream-kit-250mc5zh8-smart-trysky-24kw-3f\/\" \/>\n<meta property=\"og:locale\" content=\"sk_SK\" \/>\n<meta property=\"og:type\" content=\"article\" \/>\n<meta property=\"og:title\" content=\"Klimatiz\u00e1cia Panasonic PACi NX Elite split JET AIR STREAM smart KIT-250MC5ZH8 R32 400V 24,18kW - KLIMAVEX GROUP - Slovensko\" \/>\n<meta property=\"og:description\" content=\"Panasonic Jet Air Stream je komer\u010dn&aacute; klimatiz&aacute;cia s vysok&yacute;m objemom vzduchu (a\u017e 5 000 m3\/h) a dlhou vzdialenos\u0165ou pr&uacute;denia vzduchu (a\u017e 30 m). Je ur\u010den&aacute; pre ve\u013ek&eacute; priestory, ktor&eacute; vy\u017eaduj&uacute; vysok&uacute; distrib&uacute;ciu vzduchu, ako s&uacute; telocvi\u010dne, v&yacute;robn&eacute; priestory a sklady. Zariadenie je energeticky &uacute;sporn&yacute;m rie&scaron;en&iacute;m pre celoro\u010dn&eacute; chladenie a vykurovanie. Samonav&aacute;dzacie trysky zabra\u0148uj&uacute; tepeln&yacute;m strat&aacute;m v ob&yacute;vanom priestore a zais\u0165uj&uacute; optim&aacute;lnu regul&aacute;ciu teploty.\" \/>\n<meta property=\"og:url\" content=\"https:\/\/klimavex.eu\/sk\/katalog\/panasonic-jet-air-stream-kit-250mc5zh8-smart-trysky-24kw-3f\/\" \/>\n<meta property=\"og:site_name\" content=\"KLIMAVEX GROUP - Slovensko\" \/>\n<meta property=\"article:publisher\" content=\"https:\/\/www.facebook.com\/klimavex\" \/>\n<meta property=\"article:modified_time\" content=\"2026-03-31T16:24:09+00:00\" \/>\n<meta property=\"og:image\" content=\"https:\/\/klimavex.eu\/sk\/wp-content\/uploads\/2025\/09\/aCqqXK39_q-bpOXbnh3wzTRKzHzWmgkdAoLpnpozyu4.png\" \/>\n\t<meta property=\"og:image:width\" content=\"500\" \/>\n\t<meta property=\"og:image:height\" content=\"500\" \/>\n\t<meta property=\"og:image:type\" content=\"image\/png\" \/>\n<meta name=\"twitter:card\" content=\"summary_large_image\" \/>\n<script type=\"application\/ld+json\" class=\"yoast-schema-graph\">{\"@context\":\"https:\/\/schema.org\",\"@graph\":[{\"@type\":\"WebPage\",\"@id\":\"https:\/\/klimavex.eu\/sk\/katalog\/panasonic-jet-air-stream-kit-250mc5zh8-smart-trysky-24kw-3f\/\",\"url\":\"https:\/\/klimavex.eu\/sk\/katalog\/panasonic-jet-air-stream-kit-250mc5zh8-smart-trysky-24kw-3f\/\",\"name\":\"Klimatiz\u00e1cia Panasonic PACi NX Elite split JET AIR STREAM smart KIT-250MC5ZH8 R32 400V 24,18kW - KLIMAVEX GROUP - Slovensko\",\"isPartOf\":{\"@id\":\"https:\/\/klimavex.eu\/sk\/#website\"},\"primaryImageOfPage\":{\"@id\":\"https:\/\/klimavex.eu\/sk\/katalog\/panasonic-jet-air-stream-kit-250mc5zh8-smart-trysky-24kw-3f\/#primaryimage\"},\"image\":{\"@id\":\"https:\/\/klimavex.eu\/sk\/katalog\/panasonic-jet-air-stream-kit-250mc5zh8-smart-trysky-24kw-3f\/#primaryimage\"},\"thumbnailUrl\":\"https:\/\/klimavex.eu\/sk\/wp-content\/uploads\/2025\/09\/aCqqXK39_q-bpOXbnh3wzTRKzHzWmgkdAoLpnpozyu4.png\",\"datePublished\":\"2026-03-31T16:23:36+00:00\",\"dateModified\":\"2026-03-31T16:24:09+00:00\",\"breadcrumb\":{\"@id\":\"https:\/\/klimavex.eu\/sk\/katalog\/panasonic-jet-air-stream-kit-250mc5zh8-smart-trysky-24kw-3f\/#breadcrumb\"},\"inLanguage\":\"sk-SK\",\"potentialAction\":[{\"@type\":\"ReadAction\",\"target\":[\"https:\/\/klimavex.eu\/sk\/katalog\/panasonic-jet-air-stream-kit-250mc5zh8-smart-trysky-24kw-3f\/\"]}]},{\"@type\":\"ImageObject\",\"inLanguage\":\"sk-SK\",\"@id\":\"https:\/\/klimavex.eu\/sk\/katalog\/panasonic-jet-air-stream-kit-250mc5zh8-smart-trysky-24kw-3f\/#primaryimage\",\"url\":\"https:\/\/klimavex.eu\/sk\/wp-content\/uploads\/2025\/09\/aCqqXK39_q-bpOXbnh3wzTRKzHzWmgkdAoLpnpozyu4.png\",\"contentUrl\":\"https:\/\/klimavex.eu\/sk\/wp-content\/uploads\/2025\/09\/aCqqXK39_q-bpOXbnh3wzTRKzHzWmgkdAoLpnpozyu4.png\",\"width\":500,\"height\":500},{\"@type\":\"BreadcrumbList\",\"@id\":\"https:\/\/klimavex.eu\/sk\/katalog\/panasonic-jet-air-stream-kit-250mc5zh8-smart-trysky-24kw-3f\/#breadcrumb\",\"itemListElement\":[{\"@type\":\"ListItem\",\"position\":1,\"name\":\"Domovsk\u00e1 str\u00e1nka\",\"item\":\"https:\/\/klimavex.eu\/sk\/\"},{\"@type\":\"ListItem\",\"position\":2,\"name\":\"Eshop\",\"item\":\"https:\/\/klimavex.eu\/sk\/eshop\/\"},{\"@type\":\"ListItem\",\"position\":3,\"name\":\"Panasonic Jet Air Stream KIT-250MC5ZH8 smart trysky (24kW, 3f)\"}]},{\"@type\":\"WebSite\",\"@id\":\"https:\/\/klimavex.eu\/sk\/#website\",\"url\":\"https:\/\/klimavex.eu\/sk\/\",\"name\":\"KLIMAVEX GROUP - Slovensko\",\"description\":\"\",\"publisher\":{\"@id\":\"https:\/\/klimavex.eu\/sk\/#organization\"},\"alternateName\":\"KLIMAVEX a.s.\",\"potentialAction\":[{\"@type\":\"SearchAction\",\"target\":{\"@type\":\"EntryPoint\",\"urlTemplate\":\"https:\/\/klimavex.eu\/sk\/?s={search_term_string}\"},\"query-input\":{\"@type\":\"PropertyValueSpecification\",\"valueRequired\":true,\"valueName\":\"search_term_string\"}}],\"inLanguage\":\"sk-SK\"},{\"@type\":\"Organization\",\"@id\":\"https:\/\/klimavex.eu\/sk\/#organization\",\"name\":\"KLIMAVEX GROUP\",\"alternateName\":\"KLIMAVEX a.s.\",\"url\":\"https:\/\/klimavex.eu\/sk\/\",\"logo\":{\"@type\":\"ImageObject\",\"inLanguage\":\"sk-SK\",\"@id\":\"https:\/\/klimavex.eu\/sk\/#\/schema\/logo\/image\/\",\"url\":\"https:\/\/klimavex.eu\/sk\/wp-content\/uploads\/2024\/04\/Klimavex-Group-logo.png\",\"contentUrl\":\"https:\/\/klimavex.eu\/sk\/wp-content\/uploads\/2024\/04\/Klimavex-Group-logo.png\",\"width\":1681,\"height\":472,\"caption\":\"KLIMAVEX GROUP\"},\"image\":{\"@id\":\"https:\/\/klimavex.eu\/sk\/#\/schema\/logo\/image\/\"},\"sameAs\":[\"https:\/\/www.facebook.com\/klimavex\",\"https:\/\/www.instagram.com\/klimavex_sk\/\"]}]}<\/script>\n<!-- \/ Yoast SEO plugin. -->","yoast_head_json":{"title":"Klimatiz\u00e1cia Panasonic PACi NX Elite split JET AIR STREAM smart KIT-250MC5ZH8 R32 400V 24,18kW - KLIMAVEX GROUP - Slovensko","robots":{"index":"index","follow":"follow","max-snippet":"max-snippet:-1","max-image-preview":"max-image-preview:large","max-video-preview":"max-video-preview:-1"},"canonical":"https:\/\/klimavex.eu\/sk\/katalog\/panasonic-jet-air-stream-kit-250mc5zh8-smart-trysky-24kw-3f\/","og_locale":"sk_SK","og_type":"article","og_title":"Klimatiz\u00e1cia Panasonic PACi NX Elite split JET AIR STREAM smart KIT-250MC5ZH8 R32 400V 24,18kW - KLIMAVEX GROUP - Slovensko","og_description":"Panasonic Jet Air Stream je komer\u010dn&aacute; klimatiz&aacute;cia s vysok&yacute;m objemom vzduchu (a\u017e 5 000 m3\/h) a dlhou vzdialenos\u0165ou pr&uacute;denia vzduchu (a\u017e 30 m). Je ur\u010den&aacute; pre ve\u013ek&eacute; priestory, ktor&eacute; vy\u017eaduj&uacute; vysok&uacute; distrib&uacute;ciu vzduchu, ako s&uacute; telocvi\u010dne, v&yacute;robn&eacute; priestory a sklady. Zariadenie je energeticky &uacute;sporn&yacute;m rie&scaron;en&iacute;m pre celoro\u010dn&eacute; chladenie a vykurovanie. Samonav&aacute;dzacie trysky zabra\u0148uj&uacute; tepeln&yacute;m strat&aacute;m v ob&yacute;vanom priestore a zais\u0165uj&uacute; optim&aacute;lnu regul&aacute;ciu teploty.","og_url":"https:\/\/klimavex.eu\/sk\/katalog\/panasonic-jet-air-stream-kit-250mc5zh8-smart-trysky-24kw-3f\/","og_site_name":"KLIMAVEX GROUP - Slovensko","article_publisher":"https:\/\/www.facebook.com\/klimavex","article_modified_time":"2026-03-31T16:24:09+00:00","og_image":[{"width":500,"height":500,"url":"https:\/\/klimavex.eu\/sk\/wp-content\/uploads\/2025\/09\/aCqqXK39_q-bpOXbnh3wzTRKzHzWmgkdAoLpnpozyu4.png","type":"image\/png"}],"twitter_card":"summary_large_image","schema":{"@context":"https:\/\/schema.org","@graph":[{"@type":"WebPage","@id":"https:\/\/klimavex.eu\/sk\/katalog\/panasonic-jet-air-stream-kit-250mc5zh8-smart-trysky-24kw-3f\/","url":"https:\/\/klimavex.eu\/sk\/katalog\/panasonic-jet-air-stream-kit-250mc5zh8-smart-trysky-24kw-3f\/","name":"Klimatiz\u00e1cia Panasonic PACi NX Elite split JET AIR STREAM smart KIT-250MC5ZH8 R32 400V 24,18kW - KLIMAVEX GROUP - Slovensko","isPartOf":{"@id":"https:\/\/klimavex.eu\/sk\/#website"},"primaryImageOfPage":{"@id":"https:\/\/klimavex.eu\/sk\/katalog\/panasonic-jet-air-stream-kit-250mc5zh8-smart-trysky-24kw-3f\/#primaryimage"},"image":{"@id":"https:\/\/klimavex.eu\/sk\/katalog\/panasonic-jet-air-stream-kit-250mc5zh8-smart-trysky-24kw-3f\/#primaryimage"},"thumbnailUrl":"https:\/\/klimavex.eu\/sk\/wp-content\/uploads\/2025\/09\/aCqqXK39_q-bpOXbnh3wzTRKzHzWmgkdAoLpnpozyu4.png","datePublished":"2026-03-31T16:23:36+00:00","dateModified":"2026-03-31T16:24:09+00:00","breadcrumb":{"@id":"https:\/\/klimavex.eu\/sk\/katalog\/panasonic-jet-air-stream-kit-250mc5zh8-smart-trysky-24kw-3f\/#breadcrumb"},"inLanguage":"sk-SK","potentialAction":[{"@type":"ReadAction","target":["https:\/\/klimavex.eu\/sk\/katalog\/panasonic-jet-air-stream-kit-250mc5zh8-smart-trysky-24kw-3f\/"]}]},{"@type":"ImageObject","inLanguage":"sk-SK","@id":"https:\/\/klimavex.eu\/sk\/katalog\/panasonic-jet-air-stream-kit-250mc5zh8-smart-trysky-24kw-3f\/#primaryimage","url":"https:\/\/klimavex.eu\/sk\/wp-content\/uploads\/2025\/09\/aCqqXK39_q-bpOXbnh3wzTRKzHzWmgkdAoLpnpozyu4.png","contentUrl":"https:\/\/klimavex.eu\/sk\/wp-content\/uploads\/2025\/09\/aCqqXK39_q-bpOXbnh3wzTRKzHzWmgkdAoLpnpozyu4.png","width":500,"height":500},{"@type":"BreadcrumbList","@id":"https:\/\/klimavex.eu\/sk\/katalog\/panasonic-jet-air-stream-kit-250mc5zh8-smart-trysky-24kw-3f\/#breadcrumb","itemListElement":[{"@type":"ListItem","position":1,"name":"Domovsk\u00e1 str\u00e1nka","item":"https:\/\/klimavex.eu\/sk\/"},{"@type":"ListItem","position":2,"name":"Eshop","item":"https:\/\/klimavex.eu\/sk\/eshop\/"},{"@type":"ListItem","position":3,"name":"Panasonic Jet Air Stream KIT-250MC5ZH8 smart trysky (24kW, 3f)"}]},{"@type":"WebSite","@id":"https:\/\/klimavex.eu\/sk\/#website","url":"https:\/\/klimavex.eu\/sk\/","name":"KLIMAVEX GROUP - Slovensko","description":"","publisher":{"@id":"https:\/\/klimavex.eu\/sk\/#organization"},"alternateName":"KLIMAVEX a.s.","potentialAction":[{"@type":"SearchAction","target":{"@type":"EntryPoint","urlTemplate":"https:\/\/klimavex.eu\/sk\/?s={search_term_string}"},"query-input":{"@type":"PropertyValueSpecification","valueRequired":true,"valueName":"search_term_string"}}],"inLanguage":"sk-SK"},{"@type":"Organization","@id":"https:\/\/klimavex.eu\/sk\/#organization","name":"KLIMAVEX GROUP","alternateName":"KLIMAVEX a.s.","url":"https:\/\/klimavex.eu\/sk\/","logo":{"@type":"ImageObject","inLanguage":"sk-SK","@id":"https:\/\/klimavex.eu\/sk\/#\/schema\/logo\/image\/","url":"https:\/\/klimavex.eu\/sk\/wp-content\/uploads\/2024\/04\/Klimavex-Group-logo.png","contentUrl":"https:\/\/klimavex.eu\/sk\/wp-content\/uploads\/2024\/04\/Klimavex-Group-logo.png","width":1681,"height":472,"caption":"KLIMAVEX GROUP"},"image":{"@id":"https:\/\/klimavex.eu\/sk\/#\/schema\/logo\/image\/"},"sameAs":["https:\/\/www.facebook.com\/klimavex","https:\/\/www.instagram.com\/klimavex_sk\/"]}]}},"_links":{"self":[{"href":"https:\/\/klimavex.eu\/sk\/wp-json\/wp\/v2\/product\/476314","targetHints":{"allow":["GET"]}}],"collection":[{"href":"https:\/\/klimavex.eu\/sk\/wp-json\/wp\/v2\/product"}],"about":[{"href":"https:\/\/klimavex.eu\/sk\/wp-json\/wp\/v2\/types\/product"}],"version-history":[{"count":0,"href":"https:\/\/klimavex.eu\/sk\/wp-json\/wp\/v2\/product\/476314\/revisions"}],"wp:featuredmedia":[{"embeddable":true,"href":"https:\/\/klimavex.eu\/sk\/wp-json\/wp\/v2\/media\/480931"}],"wp:attachment":[{"href":"https:\/\/klimavex.eu\/sk\/wp-json\/wp\/v2\/media?parent=476314"}],"wp:term":[{"taxonomy":"product_cat","embeddable":true,"href":"https:\/\/klimavex.eu\/sk\/wp-json\/wp\/v2\/product_cat?post=476314"},{"taxonomy":"product_tag","embeddable":true,"href":"https:\/\/klimavex.eu\/sk\/wp-json\/wp\/v2\/product_tag?post=476314"}],"curies":[{"name":"wp","href":"https:\/\/api.w.org\/{rel}","templated":true}]}}