{"id":476342,"date":"2026-04-05T16:03:05","date_gmt":"2026-04-05T14:03:05","guid":{"rendered":"https:\/\/klimavex.eu\/sk\/katalog\/panasonic-multisplit-cu-3z75abec-power-heat\/"},"modified":"2026-04-05T16:03:43","modified_gmt":"2026-04-05T14:03:43","slug":"klimatizacia-panasonic-multisplit-vonkajsia-power-heat-grafitova-cu-3z75abec-3-vnutorne-r32-230v-75kw","status":"publish","type":"product","link":"https:\/\/klimavex.eu\/sk\/katalog\/klimatizacia-panasonic-multisplit-vonkajsia-power-heat-grafitova-cu-3z75abec-3-vnutorne-r32-230v-75kw\/","title":{"rendered":"Klimatiz\u00e1cia Panasonic multisplit vonkaj\u0161ia POWER HEAT grafitov\u00e1 CU-3Z75ABEC (3 vn\u00fatorn\u00e9) R32 230V 7,5kW"},"content":{"rendered":"<p style=\"text-align: justify;\"><strong>K\u013e&uacute;\u010dov&eacute; vlastnosti<\/strong><\/p>\n<ul>\n<li style=\"text-align: justify;\">3 vn&uacute;torn&eacute; jednotky s jednou vonkaj&scaron;ou jednotkou<\/li>\n<li style=\"text-align: justify;\">Tepeln&yacute; v&yacute;kon pri vonkaj&scaron;ej teplote -25&deg;C : 4,30 kW pre 3 miestnosti<\/li>\n<li style=\"text-align: justify;\">V&yacute;konn&eacute; vykurovanie aj pri n&iacute;zkych vonkaj&scaron;&iacute;ch teplot&aacute;ch, pokro\u010dil&aacute; logika odmrazovania, vyhrievanie vane kondenz&aacute;tu v z&aacute;kladnej v&yacute;bave<\/li>\n<li style=\"text-align: justify;\">Vysok&aacute; &uacute;\u010dinnos\u0165 SCOP 4,6 &ndash; invertorov&aacute; technol&oacute;gia, ktor&aacute; zais\u0165uje vysok&uacute; prev&aacute;dzkov&uacute; &uacute;\u010dinnos\u0165<\/li>\n<li style=\"text-align: justify;\">Tmavo sfarben&aacute; vonkaj&scaron;ia jednotka harmonickej farby, ktor&aacute; sa hod&iacute; k eur&oacute;pskym domom<\/li>\n<li style=\"text-align: justify;\">N&iacute;zka hlu\u010dnos\u0165<\/li>\n<li style=\"text-align: justify;\">Technol&oacute;gia nanoe&trade; X dok&aacute;\u017ee premeni\u0165 cel&yacute; interi&eacute;r na \u010distej&scaron;ie a pr&iacute;jemnej&scaron;ie miesto k \u017eivotu<\/li>\n<li style=\"text-align: justify;\">Vstavan&yacute; Wi-Fi modul sl&uacute;\u017ei na pokro\u010dil&eacute; ovl&aacute;danie cez internet. Je kompatibiln&yacute; s hlasov&yacute;mi asistentmi Google Assistant a Amazon Alexa.<\/li>\n<\/ul>\n","protected":false},"excerpt":{"rendered":"<p style=\"text-align: justify;\">Vonkaj&scaron;ia klimatiza\u010dn&aacute; jednotka <strong>Panasonic Power Heat Multi <\/strong>pre <strong>multisplit zapojenie <\/strong>je dokonal&yacute;m rie&scaron;en&iacute;m pre <strong>vykurovanie <\/strong>obytn&yacute;ch priestorov <strong>v extr&eacute;mnom po\u010das&iacute;<\/strong>. Dok&aacute;\u017ee toti\u017e &uacute;\u010dinne k&uacute;ri\u0165 <strong>a\u017e do -25 &deg;C <\/strong>vonkaj&scaron;ej teploty. Je teda vhodn&aacute; napr. pre chalupy, chaty a penzi&oacute;ny <strong>v horsk&yacute;ch podnebn&yacute;ch podmienkach<\/strong>. Na vonkaj&scaron;iu multisplit jednotku je mo\u017en&eacute; v tomto pr&iacute;pade napoji\u0165 <strong>3 vn&uacute;torn&eacute; jednotky <\/strong>(model Etherea). Jednotka je k dispoz&iacute;cii v pr&iacute;\u0165a\u017elivom \u010diernom preveden&iacute; &#8211; ide&aacute;lna kombin&aacute;cia do zasne\u017eenej krajiny.<\/p>\n","protected":false},"featured_media":481017,"template":"","meta":[],"product_cat":[196,198,403,195,343,734,6043],"product_tag":[],"class_list":{"0":"post-476342","1":"product","2":"type-product","3":"status-publish","4":"has-post-thumbnail","6":"product_cat-podla-znacky","7":"product_cat-podla-typu","8":"product_cat-panasonic-podla-znacky","9":"product_cat-klimatizacie","10":"product_cat-multisplity","11":"product_cat-multisplit-panasonic-podla-znacky","12":"product_cat-multisplit-do-25c-power-heat","13":"pa_chlad-do-von-tep-c-do-10-c","14":"pa_chladiaci-vykon-6044","15":"pa_energeticka-trieda-scop-aplusplus","16":"pa_energeticka-trieda-seer-aplusplus","17":"pa_extra-funkcia-vykurovanie-do-25c","18":"pa_multisplit-vonkajsia-multi-3","19":"pa_napajanie-1f-230v","20":"pa_prevedenie-multisplit-vonkajsia","21":"pa_prikon-chladenie-6047","22":"pa_prikon-vykurovanie-6046","23":"pa_typ-chladiva-r32","24":"pa_vyk-do-von-tepl-c-do-25-c","25":"pa_vykurovaci-vykon-6045","26":"pa_znacka-panasonic","28":"first","29":"instock","30":"taxable","31":"shipping-taxable","32":"purchasable","33":"product-type-simple"},"yoast_head":"<!-- This site is optimized with the Yoast SEO plugin v23.9 - https:\/\/yoast.com\/wordpress\/plugins\/seo\/ -->\n<title>Klimatiz\u00e1cia Panasonic multisplit vonkaj\u0161ia POWER HEAT grafitov\u00e1 CU-3Z75ABEC (3 vn\u00fatorn\u00e9) R32 230V 7,5kW - KLIMAVEX GROUP - Slovensko<\/title>\n<meta name=\"robots\" content=\"index, follow, max-snippet:-1, max-image-preview:large, max-video-preview:-1\" \/>\n<link rel=\"canonical\" href=\"https:\/\/klimavex.eu\/sk\/katalog\/panasonic-multisplit-cu-3z75abec-power-heat\/\" \/>\n<meta property=\"og:locale\" content=\"sk_SK\" \/>\n<meta property=\"og:type\" content=\"article\" \/>\n<meta property=\"og:title\" content=\"Klimatiz\u00e1cia Panasonic multisplit vonkaj\u0161ia POWER HEAT grafitov\u00e1 CU-3Z75ABEC (3 vn\u00fatorn\u00e9) R32 230V 7,5kW - KLIMAVEX GROUP - Slovensko\" \/>\n<meta property=\"og:description\" content=\"Vonkaj&scaron;ia klimatiza\u010dn&aacute; jednotka Panasonic Power Heat Multi pre multisplit zapojenie je dokonal&yacute;m rie&scaron;en&iacute;m pre vykurovanie obytn&yacute;ch priestorov v extr&eacute;mnom po\u010das&iacute;. Dok&aacute;\u017ee toti\u017e &uacute;\u010dinne k&uacute;ri\u0165 a\u017e do -25 &deg;C vonkaj&scaron;ej teploty. Je teda vhodn&aacute; napr. pre chalupy, chaty a penzi&oacute;ny v horsk&yacute;ch podnebn&yacute;ch podmienkach. Na vonkaj&scaron;iu multisplit jednotku je mo\u017en&eacute; v tomto pr&iacute;pade napoji\u0165 3 vn&uacute;torn&eacute; jednotky (model Etherea). Jednotka je k dispoz&iacute;cii v pr&iacute;\u0165a\u017elivom \u010diernom preveden&iacute; - ide&aacute;lna kombin&aacute;cia do zasne\u017eenej krajiny.\" \/>\n<meta property=\"og:url\" content=\"https:\/\/klimavex.eu\/sk\/katalog\/panasonic-multisplit-cu-3z75abec-power-heat\/\" \/>\n<meta property=\"og:site_name\" content=\"KLIMAVEX GROUP - Slovensko\" \/>\n<meta property=\"article:publisher\" content=\"https:\/\/www.facebook.com\/klimavex\" \/>\n<meta property=\"article:modified_time\" content=\"2026-04-05T14:03:43+00:00\" \/>\n<meta property=\"og:image\" content=\"https:\/\/klimavex.eu\/sk\/wp-content\/uploads\/2025\/09\/TDipibIgDJIQilMZuirC88fyLYkn3Tfns-nhlZm9ys-1.jpeg\" \/>\n\t<meta property=\"og:image:width\" content=\"512\" \/>\n\t<meta property=\"og:image:height\" content=\"614\" \/>\n\t<meta property=\"og:image:type\" content=\"image\/jpeg\" \/>\n<meta name=\"twitter:card\" content=\"summary_large_image\" \/>\n<meta name=\"twitter:label1\" content=\"Predpokladan\u00fd \u010das \u010d\u00edtania\" \/>\n\t<meta name=\"twitter:data1\" content=\"1 min\u00fata\" \/>\n<script type=\"application\/ld+json\" class=\"yoast-schema-graph\">{\"@context\":\"https:\/\/schema.org\",\"@graph\":[{\"@type\":\"WebPage\",\"@id\":\"https:\/\/klimavex.eu\/sk\/katalog\/panasonic-multisplit-cu-3z75abec-power-heat\/\",\"url\":\"https:\/\/klimavex.eu\/sk\/katalog\/panasonic-multisplit-cu-3z75abec-power-heat\/\",\"name\":\"Klimatiz\u00e1cia Panasonic multisplit vonkaj\u0161ia POWER HEAT grafitov\u00e1 CU-3Z75ABEC (3 vn\u00fatorn\u00e9) R32 230V 7,5kW - KLIMAVEX GROUP - Slovensko\",\"isPartOf\":{\"@id\":\"https:\/\/klimavex.eu\/sk\/#website\"},\"primaryImageOfPage\":{\"@id\":\"https:\/\/klimavex.eu\/sk\/katalog\/panasonic-multisplit-cu-3z75abec-power-heat\/#primaryimage\"},\"image\":{\"@id\":\"https:\/\/klimavex.eu\/sk\/katalog\/panasonic-multisplit-cu-3z75abec-power-heat\/#primaryimage\"},\"thumbnailUrl\":\"https:\/\/klimavex.eu\/sk\/wp-content\/uploads\/2025\/09\/TDipibIgDJIQilMZuirC88fyLYkn3Tfns-nhlZm9ys-1.jpeg\",\"datePublished\":\"2026-04-05T14:03:05+00:00\",\"dateModified\":\"2026-04-05T14:03:43+00:00\",\"breadcrumb\":{\"@id\":\"https:\/\/klimavex.eu\/sk\/katalog\/panasonic-multisplit-cu-3z75abec-power-heat\/#breadcrumb\"},\"inLanguage\":\"sk-SK\",\"potentialAction\":[{\"@type\":\"ReadAction\",\"target\":[\"https:\/\/klimavex.eu\/sk\/katalog\/panasonic-multisplit-cu-3z75abec-power-heat\/\"]}]},{\"@type\":\"ImageObject\",\"inLanguage\":\"sk-SK\",\"@id\":\"https:\/\/klimavex.eu\/sk\/katalog\/panasonic-multisplit-cu-3z75abec-power-heat\/#primaryimage\",\"url\":\"https:\/\/klimavex.eu\/sk\/wp-content\/uploads\/2025\/09\/TDipibIgDJIQilMZuirC88fyLYkn3Tfns-nhlZm9ys-1.jpeg\",\"contentUrl\":\"https:\/\/klimavex.eu\/sk\/wp-content\/uploads\/2025\/09\/TDipibIgDJIQilMZuirC88fyLYkn3Tfns-nhlZm9ys-1.jpeg\",\"width\":512,\"height\":614},{\"@type\":\"BreadcrumbList\",\"@id\":\"https:\/\/klimavex.eu\/sk\/katalog\/panasonic-multisplit-cu-3z75abec-power-heat\/#breadcrumb\",\"itemListElement\":[{\"@type\":\"ListItem\",\"position\":1,\"name\":\"Domovsk\u00e1 str\u00e1nka\",\"item\":\"https:\/\/klimavex.eu\/sk\/\"},{\"@type\":\"ListItem\",\"position\":2,\"name\":\"Eshop\",\"item\":\"https:\/\/klimavex.eu\/sk\/eshop\/\"},{\"@type\":\"ListItem\",\"position\":3,\"name\":\"Panasonic multisplit CU-3Z75ABEC (power heat)\"}]},{\"@type\":\"WebSite\",\"@id\":\"https:\/\/klimavex.eu\/sk\/#website\",\"url\":\"https:\/\/klimavex.eu\/sk\/\",\"name\":\"KLIMAVEX GROUP - Slovensko\",\"description\":\"\",\"publisher\":{\"@id\":\"https:\/\/klimavex.eu\/sk\/#organization\"},\"alternateName\":\"KLIMAVEX a.s.\",\"potentialAction\":[{\"@type\":\"SearchAction\",\"target\":{\"@type\":\"EntryPoint\",\"urlTemplate\":\"https:\/\/klimavex.eu\/sk\/?s={search_term_string}\"},\"query-input\":{\"@type\":\"PropertyValueSpecification\",\"valueRequired\":true,\"valueName\":\"search_term_string\"}}],\"inLanguage\":\"sk-SK\"},{\"@type\":\"Organization\",\"@id\":\"https:\/\/klimavex.eu\/sk\/#organization\",\"name\":\"KLIMAVEX GROUP\",\"alternateName\":\"KLIMAVEX a.s.\",\"url\":\"https:\/\/klimavex.eu\/sk\/\",\"logo\":{\"@type\":\"ImageObject\",\"inLanguage\":\"sk-SK\",\"@id\":\"https:\/\/klimavex.eu\/sk\/#\/schema\/logo\/image\/\",\"url\":\"https:\/\/klimavex.eu\/sk\/wp-content\/uploads\/2024\/04\/Klimavex-Group-logo.png\",\"contentUrl\":\"https:\/\/klimavex.eu\/sk\/wp-content\/uploads\/2024\/04\/Klimavex-Group-logo.png\",\"width\":1681,\"height\":472,\"caption\":\"KLIMAVEX GROUP\"},\"image\":{\"@id\":\"https:\/\/klimavex.eu\/sk\/#\/schema\/logo\/image\/\"},\"sameAs\":[\"https:\/\/www.facebook.com\/klimavex\",\"https:\/\/www.instagram.com\/klimavex_sk\/\"]}]}<\/script>\n<!-- \/ Yoast SEO plugin. -->","yoast_head_json":{"title":"Klimatiz\u00e1cia Panasonic multisplit vonkaj\u0161ia POWER HEAT grafitov\u00e1 CU-3Z75ABEC (3 vn\u00fatorn\u00e9) R32 230V 7,5kW - KLIMAVEX GROUP - Slovensko","robots":{"index":"index","follow":"follow","max-snippet":"max-snippet:-1","max-image-preview":"max-image-preview:large","max-video-preview":"max-video-preview:-1"},"canonical":"https:\/\/klimavex.eu\/sk\/katalog\/panasonic-multisplit-cu-3z75abec-power-heat\/","og_locale":"sk_SK","og_type":"article","og_title":"Klimatiz\u00e1cia Panasonic multisplit vonkaj\u0161ia POWER HEAT grafitov\u00e1 CU-3Z75ABEC (3 vn\u00fatorn\u00e9) R32 230V 7,5kW - KLIMAVEX GROUP - Slovensko","og_description":"Vonkaj&scaron;ia klimatiza\u010dn&aacute; jednotka Panasonic Power Heat Multi pre multisplit zapojenie je dokonal&yacute;m rie&scaron;en&iacute;m pre vykurovanie obytn&yacute;ch priestorov v extr&eacute;mnom po\u010das&iacute;. Dok&aacute;\u017ee toti\u017e &uacute;\u010dinne k&uacute;ri\u0165 a\u017e do -25 &deg;C vonkaj&scaron;ej teploty. Je teda vhodn&aacute; napr. pre chalupy, chaty a penzi&oacute;ny v horsk&yacute;ch podnebn&yacute;ch podmienkach. Na vonkaj&scaron;iu multisplit jednotku je mo\u017en&eacute; v tomto pr&iacute;pade napoji\u0165 3 vn&uacute;torn&eacute; jednotky (model Etherea). Jednotka je k dispoz&iacute;cii v pr&iacute;\u0165a\u017elivom \u010diernom preveden&iacute; - ide&aacute;lna kombin&aacute;cia do zasne\u017eenej krajiny.","og_url":"https:\/\/klimavex.eu\/sk\/katalog\/panasonic-multisplit-cu-3z75abec-power-heat\/","og_site_name":"KLIMAVEX GROUP - Slovensko","article_publisher":"https:\/\/www.facebook.com\/klimavex","article_modified_time":"2026-04-05T14:03:43+00:00","og_image":[{"width":512,"height":614,"url":"https:\/\/klimavex.eu\/sk\/wp-content\/uploads\/2025\/09\/TDipibIgDJIQilMZuirC88fyLYkn3Tfns-nhlZm9ys-1.jpeg","type":"image\/jpeg"}],"twitter_card":"summary_large_image","twitter_misc":{"Predpokladan\u00fd \u010das \u010d\u00edtania":"1 min\u00fata"},"schema":{"@context":"https:\/\/schema.org","@graph":[{"@type":"WebPage","@id":"https:\/\/klimavex.eu\/sk\/katalog\/panasonic-multisplit-cu-3z75abec-power-heat\/","url":"https:\/\/klimavex.eu\/sk\/katalog\/panasonic-multisplit-cu-3z75abec-power-heat\/","name":"Klimatiz\u00e1cia Panasonic multisplit vonkaj\u0161ia POWER HEAT grafitov\u00e1 CU-3Z75ABEC (3 vn\u00fatorn\u00e9) R32 230V 7,5kW - KLIMAVEX GROUP - Slovensko","isPartOf":{"@id":"https:\/\/klimavex.eu\/sk\/#website"},"primaryImageOfPage":{"@id":"https:\/\/klimavex.eu\/sk\/katalog\/panasonic-multisplit-cu-3z75abec-power-heat\/#primaryimage"},"image":{"@id":"https:\/\/klimavex.eu\/sk\/katalog\/panasonic-multisplit-cu-3z75abec-power-heat\/#primaryimage"},"thumbnailUrl":"https:\/\/klimavex.eu\/sk\/wp-content\/uploads\/2025\/09\/TDipibIgDJIQilMZuirC88fyLYkn3Tfns-nhlZm9ys-1.jpeg","datePublished":"2026-04-05T14:03:05+00:00","dateModified":"2026-04-05T14:03:43+00:00","breadcrumb":{"@id":"https:\/\/klimavex.eu\/sk\/katalog\/panasonic-multisplit-cu-3z75abec-power-heat\/#breadcrumb"},"inLanguage":"sk-SK","potentialAction":[{"@type":"ReadAction","target":["https:\/\/klimavex.eu\/sk\/katalog\/panasonic-multisplit-cu-3z75abec-power-heat\/"]}]},{"@type":"ImageObject","inLanguage":"sk-SK","@id":"https:\/\/klimavex.eu\/sk\/katalog\/panasonic-multisplit-cu-3z75abec-power-heat\/#primaryimage","url":"https:\/\/klimavex.eu\/sk\/wp-content\/uploads\/2025\/09\/TDipibIgDJIQilMZuirC88fyLYkn3Tfns-nhlZm9ys-1.jpeg","contentUrl":"https:\/\/klimavex.eu\/sk\/wp-content\/uploads\/2025\/09\/TDipibIgDJIQilMZuirC88fyLYkn3Tfns-nhlZm9ys-1.jpeg","width":512,"height":614},{"@type":"BreadcrumbList","@id":"https:\/\/klimavex.eu\/sk\/katalog\/panasonic-multisplit-cu-3z75abec-power-heat\/#breadcrumb","itemListElement":[{"@type":"ListItem","position":1,"name":"Domovsk\u00e1 str\u00e1nka","item":"https:\/\/klimavex.eu\/sk\/"},{"@type":"ListItem","position":2,"name":"Eshop","item":"https:\/\/klimavex.eu\/sk\/eshop\/"},{"@type":"ListItem","position":3,"name":"Panasonic multisplit CU-3Z75ABEC (power heat)"}]},{"@type":"WebSite","@id":"https:\/\/klimavex.eu\/sk\/#website","url":"https:\/\/klimavex.eu\/sk\/","name":"KLIMAVEX GROUP - Slovensko","description":"","publisher":{"@id":"https:\/\/klimavex.eu\/sk\/#organization"},"alternateName":"KLIMAVEX a.s.","potentialAction":[{"@type":"SearchAction","target":{"@type":"EntryPoint","urlTemplate":"https:\/\/klimavex.eu\/sk\/?s={search_term_string}"},"query-input":{"@type":"PropertyValueSpecification","valueRequired":true,"valueName":"search_term_string"}}],"inLanguage":"sk-SK"},{"@type":"Organization","@id":"https:\/\/klimavex.eu\/sk\/#organization","name":"KLIMAVEX GROUP","alternateName":"KLIMAVEX a.s.","url":"https:\/\/klimavex.eu\/sk\/","logo":{"@type":"ImageObject","inLanguage":"sk-SK","@id":"https:\/\/klimavex.eu\/sk\/#\/schema\/logo\/image\/","url":"https:\/\/klimavex.eu\/sk\/wp-content\/uploads\/2024\/04\/Klimavex-Group-logo.png","contentUrl":"https:\/\/klimavex.eu\/sk\/wp-content\/uploads\/2024\/04\/Klimavex-Group-logo.png","width":1681,"height":472,"caption":"KLIMAVEX GROUP"},"image":{"@id":"https:\/\/klimavex.eu\/sk\/#\/schema\/logo\/image\/"},"sameAs":["https:\/\/www.facebook.com\/klimavex","https:\/\/www.instagram.com\/klimavex_sk\/"]}]}},"_links":{"self":[{"href":"https:\/\/klimavex.eu\/sk\/wp-json\/wp\/v2\/product\/476342","targetHints":{"allow":["GET"]}}],"collection":[{"href":"https:\/\/klimavex.eu\/sk\/wp-json\/wp\/v2\/product"}],"about":[{"href":"https:\/\/klimavex.eu\/sk\/wp-json\/wp\/v2\/types\/product"}],"version-history":[{"count":0,"href":"https:\/\/klimavex.eu\/sk\/wp-json\/wp\/v2\/product\/476342\/revisions"}],"wp:featuredmedia":[{"embeddable":true,"href":"https:\/\/klimavex.eu\/sk\/wp-json\/wp\/v2\/media\/481017"}],"wp:attachment":[{"href":"https:\/\/klimavex.eu\/sk\/wp-json\/wp\/v2\/media?parent=476342"}],"wp:term":[{"taxonomy":"product_cat","embeddable":true,"href":"https:\/\/klimavex.eu\/sk\/wp-json\/wp\/v2\/product_cat?post=476342"},{"taxonomy":"product_tag","embeddable":true,"href":"https:\/\/klimavex.eu\/sk\/wp-json\/wp\/v2\/product_tag?post=476342"}],"curies":[{"name":"wp","href":"https:\/\/api.w.org\/{rel}","templated":true}]}}