{"id":476372,"date":"2026-04-30T23:34:11","date_gmt":"2026-04-30T21:34:11","guid":{"rendered":"https:\/\/klimavex.eu\/sk\/katalog\/samsung-multisplit-fjm-aj050\/"},"modified":"2026-04-30T23:34:45","modified_gmt":"2026-04-30T21:34:45","slug":"klimatizacia-samsung-multisplit-vonkajsia-fjm-aj050-2-vnutorne-r32-230v-5kw","status":"publish","type":"product","link":"https:\/\/klimavex.eu\/sk\/katalog\/klimatizacia-samsung-multisplit-vonkajsia-fjm-aj050-2-vnutorne-r32-230v-5kw\/","title":{"rendered":"Klimatiz\u00e1cia Samsung multisplit vonkaj\u0161ia FJM AJ050 (2 vn\u00fatorn\u00e9) R32 230V 5kW"},"content":{"rendered":"<p style=\"text-align:justify\"><span style=\"font-size:11pt\"><span style=\"background-color:white\"><span style=\"font-family:Calibri,sans-serif\"><strong>K\u013e&uacute;\u010dov&eacute; vlastnosti<\/strong><\/span><\/span><\/span><\/p>\n<ul>\n<li style=\"text-align:justify\"><span style=\"font-size:11pt\"><span style=\"background-color:white\"><span style=\"font-family:Calibri,sans-serif\">Kompatibiln&yacute; s technol&oacute;giou Digital Inverter Boost<\/span><\/span><\/span><\/li>\n<li style=\"text-align:justify\"><span style=\"font-size:11pt\"><span style=\"background-color:white\"><span style=\"font-family:Calibri,sans-serif\">Chladenie a\u017e do 46&deg;C vonkaj&scaron;ej teploty<\/span><\/span><\/span><\/li>\n<li style=\"text-align:justify\"><span style=\"font-size:11pt\"><span style=\"background-color:white\"><span style=\"font-family:Calibri,sans-serif\"><span style=\"color:black\">Vykurovanie <\/span>a\u017e do -15&deg;C vonkaj&scaron;ej teploty<\/span><\/span><\/span><\/li>\n<li style=\"text-align:justify\"><span style=\"font-size:11pt\"><span style=\"background-color:white\"><span style=\"font-family:Calibri,sans-serif\">Vybaven&eacute; komunika\u010dn&yacute;m protokolom NASA<\/span><\/span><\/span><\/li>\n<li style=\"text-align:justify\"><span style=\"font-size:11pt\"><span style=\"background-color:white\"><span style=\"font-family:Calibri,sans-serif\">Vysok&yacute; v&yacute;kon dvojit&eacute;ho kompresora BLDC<\/span><\/span><\/span><\/li>\n<li style=\"text-align:justify\"><span style=\"font-size:11pt\"><span style=\"background-color:white\"><span style=\"font-family:Calibri,sans-serif\">Vonkaj&scaron;ia jednotka s jedn&yacute;m ventil&aacute;torom<\/span><\/span><\/span><\/li>\n<li style=\"text-align:justify\"><span style=\"font-size:11pt\"><span style=\"background-color:white\"><span style=\"font-family:Calibri,sans-serif\">Pripojovac&iacute; pomer a\u017e 176%<\/span><\/span><\/span><\/li>\n<li style=\"text-align:justify\"><span style=\"font-size:11pt\"><span style=\"background-color:white\"><span style=\"font-family:Calibri,sans-serif\">Chladivo R32 &ndash; chladivo &scaron;etrn&eacute; k \u017eivotn&eacute;mu prostrediu<\/span><\/span><\/span><\/li>\n<li style=\"text-align:justify\"><span style=\"font-size:11pt\"><span style=\"background-color:white\"><span style=\"font-family:Calibri,sans-serif\">Kombin&aacute;cia s n&aacute;stenn&yacute;mi, kazetov&yacute;mi, potrubn&yacute;mi a parapetn&yacute;mi vn&uacute;torn&yacute;mi jednotkami<\/span><\/span><\/span><\/li>\n<\/ul>\n","protected":false},"excerpt":{"rendered":"<p style=\"text-align:justify\"><span style=\"font-size:11pt\"><span style=\"background-color:white\"><span style=\"font-family:Calibri,sans-serif\">Vonkaj&scaron;ia jednotka <strong>Samsung FJM pre multisplit <\/strong>zapojenie pon&uacute;ka &uacute;\u010dinn&eacute; a spo\u013eahliv&eacute; chladenie aj vykurovanie. Dok&aacute;\u017ee v tomto pr&iacute;pade naraz <strong>obsluhova\u0165 2 vn&uacute;torn&eacute; jednotky <\/strong>Samsung r&ocirc;znych typov, s&uacute; mo\u017en&eacute; aj ich kombin&aacute;cie. T&aacute;to mo\u017enos\u0165 je vhodn&aacute; najm&auml; v pr&iacute;padoch, ke\u010f je potrebn&eacute; individu&aacute;lne riadi\u0165 vn&uacute;torn&uacute; kl&iacute;mu v rovnakom re\u017eime pre viac miestnost&iacute;, napr&iacute;klad v rodinn&yacute;ch domoch, v&auml;\u010d&scaron;&iacute;ch bytoch alebo aj mal&yacute;ch kancel&aacute;ri&aacute;ch. V&scaron;etky jednotky tohto radu maj&uacute; triedu <strong>energetickej &uacute;\u010dinnosti minim&aacute;lne A++ v re\u017eime chladenia a A+ v re\u017eime vykurovania.<\/strong><\/span><\/span><\/span><\/p>\n","protected":false},"featured_media":481102,"template":"","meta":[],"product_cat":[196,198,373,195,343,785],"product_tag":[],"class_list":{"0":"post-476372","1":"product","2":"type-product","3":"status-publish","4":"has-post-thumbnail","6":"product_cat-podla-znacky","7":"product_cat-podla-typu","8":"product_cat-samsung-podla-znacky","9":"product_cat-klimatizacie","10":"product_cat-multisplity","11":"product_cat-multisplit-samsung-podla-znacky","12":"pa_chlad-do-von-tep-c-do-5c","13":"pa_chladiaci-vykon-3468","14":"pa_energeticka-trieda-scop-aplusplus","15":"pa_energeticka-trieda-seer-aplusplusplus","16":"pa_multisplit-vonkajsia-multi-2","17":"pa_napajanie-1f-230v","18":"pa_prevedenie-multisplit-vonkajsia","19":"pa_prikon-chladenie-3467","20":"pa_prikon-vykurovanie-3175","21":"pa_typ-chladiva-r32","22":"pa_vyk-do-von-tepl-c-do-15-c","23":"pa_vykurovaci-vykon-3571","24":"pa_znacka-samsung","26":"first","27":"instock","28":"taxable","29":"shipping-taxable","30":"purchasable","31":"product-type-simple"},"yoast_head":"<!-- This site is optimized with the Yoast SEO plugin v23.9 - https:\/\/yoast.com\/wordpress\/plugins\/seo\/ -->\n<title>Klimatiz\u00e1cia Samsung multisplit vonkaj\u0161ia FJM AJ050 (2 vn\u00fatorn\u00e9) R32 230V 5kW - KLIMAVEX GROUP - Slovensko<\/title>\n<meta name=\"robots\" content=\"index, follow, max-snippet:-1, max-image-preview:large, max-video-preview:-1\" \/>\n<link rel=\"canonical\" href=\"https:\/\/klimavex.eu\/sk\/katalog\/samsung-multisplit-fjm-aj050\/\" \/>\n<meta property=\"og:locale\" content=\"sk_SK\" \/>\n<meta property=\"og:type\" content=\"article\" \/>\n<meta property=\"og:title\" content=\"Klimatiz\u00e1cia Samsung multisplit vonkaj\u0161ia FJM AJ050 (2 vn\u00fatorn\u00e9) R32 230V 5kW - KLIMAVEX GROUP - Slovensko\" \/>\n<meta property=\"og:description\" content=\"Vonkaj&scaron;ia jednotka Samsung FJM pre multisplit zapojenie pon&uacute;ka &uacute;\u010dinn&eacute; a spo\u013eahliv&eacute; chladenie aj vykurovanie. Dok&aacute;\u017ee v tomto pr&iacute;pade naraz obsluhova\u0165 2 vn&uacute;torn&eacute; jednotky Samsung r&ocirc;znych typov, s&uacute; mo\u017en&eacute; aj ich kombin&aacute;cie. T&aacute;to mo\u017enos\u0165 je vhodn&aacute; najm&auml; v pr&iacute;padoch, ke\u010f je potrebn&eacute; individu&aacute;lne riadi\u0165 vn&uacute;torn&uacute; kl&iacute;mu v rovnakom re\u017eime pre viac miestnost&iacute;, napr&iacute;klad v rodinn&yacute;ch domoch, v&auml;\u010d&scaron;&iacute;ch bytoch alebo aj mal&yacute;ch kancel&aacute;ri&aacute;ch. V&scaron;etky jednotky tohto radu maj&uacute; triedu energetickej &uacute;\u010dinnosti minim&aacute;lne A++ v re\u017eime chladenia a A+ v re\u017eime vykurovania.\" \/>\n<meta property=\"og:url\" content=\"https:\/\/klimavex.eu\/sk\/katalog\/samsung-multisplit-fjm-aj050\/\" \/>\n<meta property=\"og:site_name\" content=\"KLIMAVEX GROUP - Slovensko\" \/>\n<meta property=\"article:publisher\" content=\"https:\/\/www.facebook.com\/klimavex\" \/>\n<meta property=\"article:modified_time\" content=\"2026-04-30T21:34:45+00:00\" \/>\n<meta property=\"og:image\" content=\"https:\/\/klimavex.eu\/sk\/wp-content\/uploads\/2025\/09\/ce_34FTr1vOpLdnB6l1U8giL_Y_-v0D1zpKhBar3Ve4-2.png\" \/>\n\t<meta property=\"og:image:width\" content=\"522\" \/>\n\t<meta property=\"og:image:height\" content=\"359\" \/>\n\t<meta property=\"og:image:type\" content=\"image\/png\" \/>\n<meta name=\"twitter:card\" content=\"summary_large_image\" \/>\n<meta name=\"twitter:label1\" content=\"Predpokladan\u00fd \u010das \u010d\u00edtania\" \/>\n\t<meta name=\"twitter:data1\" content=\"1 min\u00fata\" \/>\n<script type=\"application\/ld+json\" class=\"yoast-schema-graph\">{\"@context\":\"https:\/\/schema.org\",\"@graph\":[{\"@type\":\"WebPage\",\"@id\":\"https:\/\/klimavex.eu\/sk\/katalog\/samsung-multisplit-fjm-aj050\/\",\"url\":\"https:\/\/klimavex.eu\/sk\/katalog\/samsung-multisplit-fjm-aj050\/\",\"name\":\"Klimatiz\u00e1cia Samsung multisplit vonkaj\u0161ia FJM AJ050 (2 vn\u00fatorn\u00e9) R32 230V 5kW - KLIMAVEX GROUP - Slovensko\",\"isPartOf\":{\"@id\":\"https:\/\/klimavex.eu\/sk\/#website\"},\"primaryImageOfPage\":{\"@id\":\"https:\/\/klimavex.eu\/sk\/katalog\/samsung-multisplit-fjm-aj050\/#primaryimage\"},\"image\":{\"@id\":\"https:\/\/klimavex.eu\/sk\/katalog\/samsung-multisplit-fjm-aj050\/#primaryimage\"},\"thumbnailUrl\":\"https:\/\/klimavex.eu\/sk\/wp-content\/uploads\/2025\/09\/ce_34FTr1vOpLdnB6l1U8giL_Y_-v0D1zpKhBar3Ve4-2.png\",\"datePublished\":\"2026-04-30T21:34:11+00:00\",\"dateModified\":\"2026-04-30T21:34:45+00:00\",\"breadcrumb\":{\"@id\":\"https:\/\/klimavex.eu\/sk\/katalog\/samsung-multisplit-fjm-aj050\/#breadcrumb\"},\"inLanguage\":\"sk-SK\",\"potentialAction\":[{\"@type\":\"ReadAction\",\"target\":[\"https:\/\/klimavex.eu\/sk\/katalog\/samsung-multisplit-fjm-aj050\/\"]}]},{\"@type\":\"ImageObject\",\"inLanguage\":\"sk-SK\",\"@id\":\"https:\/\/klimavex.eu\/sk\/katalog\/samsung-multisplit-fjm-aj050\/#primaryimage\",\"url\":\"https:\/\/klimavex.eu\/sk\/wp-content\/uploads\/2025\/09\/ce_34FTr1vOpLdnB6l1U8giL_Y_-v0D1zpKhBar3Ve4-2.png\",\"contentUrl\":\"https:\/\/klimavex.eu\/sk\/wp-content\/uploads\/2025\/09\/ce_34FTr1vOpLdnB6l1U8giL_Y_-v0D1zpKhBar3Ve4-2.png\",\"width\":522,\"height\":359},{\"@type\":\"BreadcrumbList\",\"@id\":\"https:\/\/klimavex.eu\/sk\/katalog\/samsung-multisplit-fjm-aj050\/#breadcrumb\",\"itemListElement\":[{\"@type\":\"ListItem\",\"position\":1,\"name\":\"Domovsk\u00e1 str\u00e1nka\",\"item\":\"https:\/\/klimavex.eu\/sk\/\"},{\"@type\":\"ListItem\",\"position\":2,\"name\":\"Eshop\",\"item\":\"https:\/\/klimavex.eu\/sk\/eshop\/\"},{\"@type\":\"ListItem\",\"position\":3,\"name\":\"Samsung multisplit FJM AJ050\"}]},{\"@type\":\"WebSite\",\"@id\":\"https:\/\/klimavex.eu\/sk\/#website\",\"url\":\"https:\/\/klimavex.eu\/sk\/\",\"name\":\"KLIMAVEX GROUP - Slovensko\",\"description\":\"\",\"publisher\":{\"@id\":\"https:\/\/klimavex.eu\/sk\/#organization\"},\"alternateName\":\"KLIMAVEX a.s.\",\"potentialAction\":[{\"@type\":\"SearchAction\",\"target\":{\"@type\":\"EntryPoint\",\"urlTemplate\":\"https:\/\/klimavex.eu\/sk\/?s={search_term_string}\"},\"query-input\":{\"@type\":\"PropertyValueSpecification\",\"valueRequired\":true,\"valueName\":\"search_term_string\"}}],\"inLanguage\":\"sk-SK\"},{\"@type\":\"Organization\",\"@id\":\"https:\/\/klimavex.eu\/sk\/#organization\",\"name\":\"KLIMAVEX GROUP\",\"alternateName\":\"KLIMAVEX a.s.\",\"url\":\"https:\/\/klimavex.eu\/sk\/\",\"logo\":{\"@type\":\"ImageObject\",\"inLanguage\":\"sk-SK\",\"@id\":\"https:\/\/klimavex.eu\/sk\/#\/schema\/logo\/image\/\",\"url\":\"https:\/\/klimavex.eu\/sk\/wp-content\/uploads\/2024\/04\/Klimavex-Group-logo.png\",\"contentUrl\":\"https:\/\/klimavex.eu\/sk\/wp-content\/uploads\/2024\/04\/Klimavex-Group-logo.png\",\"width\":1681,\"height\":472,\"caption\":\"KLIMAVEX GROUP\"},\"image\":{\"@id\":\"https:\/\/klimavex.eu\/sk\/#\/schema\/logo\/image\/\"},\"sameAs\":[\"https:\/\/www.facebook.com\/klimavex\",\"https:\/\/www.instagram.com\/klimavex_sk\/\"]}]}<\/script>\n<!-- \/ Yoast SEO plugin. -->","yoast_head_json":{"title":"Klimatiz\u00e1cia Samsung multisplit vonkaj\u0161ia FJM AJ050 (2 vn\u00fatorn\u00e9) R32 230V 5kW - KLIMAVEX GROUP - Slovensko","robots":{"index":"index","follow":"follow","max-snippet":"max-snippet:-1","max-image-preview":"max-image-preview:large","max-video-preview":"max-video-preview:-1"},"canonical":"https:\/\/klimavex.eu\/sk\/katalog\/samsung-multisplit-fjm-aj050\/","og_locale":"sk_SK","og_type":"article","og_title":"Klimatiz\u00e1cia Samsung multisplit vonkaj\u0161ia FJM AJ050 (2 vn\u00fatorn\u00e9) R32 230V 5kW - KLIMAVEX GROUP - Slovensko","og_description":"Vonkaj&scaron;ia jednotka Samsung FJM pre multisplit zapojenie pon&uacute;ka &uacute;\u010dinn&eacute; a spo\u013eahliv&eacute; chladenie aj vykurovanie. Dok&aacute;\u017ee v tomto pr&iacute;pade naraz obsluhova\u0165 2 vn&uacute;torn&eacute; jednotky Samsung r&ocirc;znych typov, s&uacute; mo\u017en&eacute; aj ich kombin&aacute;cie. T&aacute;to mo\u017enos\u0165 je vhodn&aacute; najm&auml; v pr&iacute;padoch, ke\u010f je potrebn&eacute; individu&aacute;lne riadi\u0165 vn&uacute;torn&uacute; kl&iacute;mu v rovnakom re\u017eime pre viac miestnost&iacute;, napr&iacute;klad v rodinn&yacute;ch domoch, v&auml;\u010d&scaron;&iacute;ch bytoch alebo aj mal&yacute;ch kancel&aacute;ri&aacute;ch. V&scaron;etky jednotky tohto radu maj&uacute; triedu energetickej &uacute;\u010dinnosti minim&aacute;lne A++ v re\u017eime chladenia a A+ v re\u017eime vykurovania.","og_url":"https:\/\/klimavex.eu\/sk\/katalog\/samsung-multisplit-fjm-aj050\/","og_site_name":"KLIMAVEX GROUP - Slovensko","article_publisher":"https:\/\/www.facebook.com\/klimavex","article_modified_time":"2026-04-30T21:34:45+00:00","og_image":[{"width":522,"height":359,"url":"https:\/\/klimavex.eu\/sk\/wp-content\/uploads\/2025\/09\/ce_34FTr1vOpLdnB6l1U8giL_Y_-v0D1zpKhBar3Ve4-2.png","type":"image\/png"}],"twitter_card":"summary_large_image","twitter_misc":{"Predpokladan\u00fd \u010das \u010d\u00edtania":"1 min\u00fata"},"schema":{"@context":"https:\/\/schema.org","@graph":[{"@type":"WebPage","@id":"https:\/\/klimavex.eu\/sk\/katalog\/samsung-multisplit-fjm-aj050\/","url":"https:\/\/klimavex.eu\/sk\/katalog\/samsung-multisplit-fjm-aj050\/","name":"Klimatiz\u00e1cia Samsung multisplit vonkaj\u0161ia FJM AJ050 (2 vn\u00fatorn\u00e9) R32 230V 5kW - KLIMAVEX GROUP - Slovensko","isPartOf":{"@id":"https:\/\/klimavex.eu\/sk\/#website"},"primaryImageOfPage":{"@id":"https:\/\/klimavex.eu\/sk\/katalog\/samsung-multisplit-fjm-aj050\/#primaryimage"},"image":{"@id":"https:\/\/klimavex.eu\/sk\/katalog\/samsung-multisplit-fjm-aj050\/#primaryimage"},"thumbnailUrl":"https:\/\/klimavex.eu\/sk\/wp-content\/uploads\/2025\/09\/ce_34FTr1vOpLdnB6l1U8giL_Y_-v0D1zpKhBar3Ve4-2.png","datePublished":"2026-04-30T21:34:11+00:00","dateModified":"2026-04-30T21:34:45+00:00","breadcrumb":{"@id":"https:\/\/klimavex.eu\/sk\/katalog\/samsung-multisplit-fjm-aj050\/#breadcrumb"},"inLanguage":"sk-SK","potentialAction":[{"@type":"ReadAction","target":["https:\/\/klimavex.eu\/sk\/katalog\/samsung-multisplit-fjm-aj050\/"]}]},{"@type":"ImageObject","inLanguage":"sk-SK","@id":"https:\/\/klimavex.eu\/sk\/katalog\/samsung-multisplit-fjm-aj050\/#primaryimage","url":"https:\/\/klimavex.eu\/sk\/wp-content\/uploads\/2025\/09\/ce_34FTr1vOpLdnB6l1U8giL_Y_-v0D1zpKhBar3Ve4-2.png","contentUrl":"https:\/\/klimavex.eu\/sk\/wp-content\/uploads\/2025\/09\/ce_34FTr1vOpLdnB6l1U8giL_Y_-v0D1zpKhBar3Ve4-2.png","width":522,"height":359},{"@type":"BreadcrumbList","@id":"https:\/\/klimavex.eu\/sk\/katalog\/samsung-multisplit-fjm-aj050\/#breadcrumb","itemListElement":[{"@type":"ListItem","position":1,"name":"Domovsk\u00e1 str\u00e1nka","item":"https:\/\/klimavex.eu\/sk\/"},{"@type":"ListItem","position":2,"name":"Eshop","item":"https:\/\/klimavex.eu\/sk\/eshop\/"},{"@type":"ListItem","position":3,"name":"Samsung multisplit FJM AJ050"}]},{"@type":"WebSite","@id":"https:\/\/klimavex.eu\/sk\/#website","url":"https:\/\/klimavex.eu\/sk\/","name":"KLIMAVEX GROUP - Slovensko","description":"","publisher":{"@id":"https:\/\/klimavex.eu\/sk\/#organization"},"alternateName":"KLIMAVEX a.s.","potentialAction":[{"@type":"SearchAction","target":{"@type":"EntryPoint","urlTemplate":"https:\/\/klimavex.eu\/sk\/?s={search_term_string}"},"query-input":{"@type":"PropertyValueSpecification","valueRequired":true,"valueName":"search_term_string"}}],"inLanguage":"sk-SK"},{"@type":"Organization","@id":"https:\/\/klimavex.eu\/sk\/#organization","name":"KLIMAVEX GROUP","alternateName":"KLIMAVEX a.s.","url":"https:\/\/klimavex.eu\/sk\/","logo":{"@type":"ImageObject","inLanguage":"sk-SK","@id":"https:\/\/klimavex.eu\/sk\/#\/schema\/logo\/image\/","url":"https:\/\/klimavex.eu\/sk\/wp-content\/uploads\/2024\/04\/Klimavex-Group-logo.png","contentUrl":"https:\/\/klimavex.eu\/sk\/wp-content\/uploads\/2024\/04\/Klimavex-Group-logo.png","width":1681,"height":472,"caption":"KLIMAVEX GROUP"},"image":{"@id":"https:\/\/klimavex.eu\/sk\/#\/schema\/logo\/image\/"},"sameAs":["https:\/\/www.facebook.com\/klimavex","https:\/\/www.instagram.com\/klimavex_sk\/"]}]}},"_links":{"self":[{"href":"https:\/\/klimavex.eu\/sk\/wp-json\/wp\/v2\/product\/476372","targetHints":{"allow":["GET"]}}],"collection":[{"href":"https:\/\/klimavex.eu\/sk\/wp-json\/wp\/v2\/product"}],"about":[{"href":"https:\/\/klimavex.eu\/sk\/wp-json\/wp\/v2\/types\/product"}],"version-history":[{"count":0,"href":"https:\/\/klimavex.eu\/sk\/wp-json\/wp\/v2\/product\/476372\/revisions"}],"wp:featuredmedia":[{"embeddable":true,"href":"https:\/\/klimavex.eu\/sk\/wp-json\/wp\/v2\/media\/481102"}],"wp:attachment":[{"href":"https:\/\/klimavex.eu\/sk\/wp-json\/wp\/v2\/media?parent=476372"}],"wp:term":[{"taxonomy":"product_cat","embeddable":true,"href":"https:\/\/klimavex.eu\/sk\/wp-json\/wp\/v2\/product_cat?post=476372"},{"taxonomy":"product_tag","embeddable":true,"href":"https:\/\/klimavex.eu\/sk\/wp-json\/wp\/v2\/product_tag?post=476372"}],"curies":[{"name":"wp","href":"https:\/\/api.w.org\/{rel}","templated":true}]}}