{"id":476425,"date":"2026-04-26T22:51:50","date_gmt":"2026-04-26T20:51:50","guid":{"rendered":"https:\/\/klimavex.eu\/sk\/katalog\/hyundai-vnutorna-jednotka-hcd-12-2\/"},"modified":"2026-04-26T22:52:32","modified_gmt":"2026-04-26T20:52:32","slug":"klimatizacia-hyundai-vnutorna-potrubna-hcd-12-35kw","status":"publish","type":"product","link":"https:\/\/klimavex.eu\/sk\/katalog\/klimatizacia-hyundai-vnutorna-potrubna-hcd-12-35kw\/","title":{"rendered":"Klimatiz\u00e1cia Hyundai vn\u00fatorn\u00e1 potrubn\u00e1 HCD 12 3,5kW"},"content":{"rendered":"<p style=\"text-align: justify;\"><strong>K\u013e&uacute;\u010dov&eacute; vlastnosti<\/strong><\/p>\n<ul>\n<li style=\"text-align: justify;\">N&aacute;stenn&yacute; ovl&aacute;da\u010d s&nbsp;WiFi (&scaron;tandard), infraovl&aacute;da\u010d (volite\u013en&yacute;)<\/li>\n<li style=\"text-align: justify;\">Vysok&yacute; tlak vzduchu<\/li>\n<li style=\"text-align: justify;\">Efekt&iacute;vna cirkul&aacute;cia vzduchu<\/li>\n<li style=\"text-align: justify;\">Mo\u017enos\u0165 pr&iacute;vodu \u010derstv&eacute;ho vzduchu<\/li>\n<li style=\"text-align: justify;\">&Uacute;\u010dinn&yacute; a \u013eahko um&yacute;vate\u013en&yacute; vzduchov&yacute; filter<\/li>\n<li style=\"text-align: justify;\">Funkcia: chladenie, k&uacute;renie, vetranie, odvlh\u010dovanie<\/li>\n<li style=\"text-align: justify;\">Funkcia automatick&eacute;ho re&scaron;tartu<\/li>\n<li style=\"text-align: justify;\">24-hodinov&eacute; programovanie On\/Off<\/li>\n<\/ul>\n","protected":false},"excerpt":{"rendered":"<p style=\"text-align: justify;\"><strong>Hyundai HCD <\/strong>je vn&uacute;torn&aacute; potrubn&aacute; jednotka klimatiz&aacute;cie <strong>pre multisplit <\/strong>zapojenie, ktor&aacute; hospod&aacute;rne vyu\u017e&iacute;va <strong>medzistropn&eacute; priestory <\/strong>na chladenie miestnost&iacute;. Vysok&yacute; vonkaj&scaron;&iacute; tlak jednotky umo\u017e\u0148uje <strong>efekt&iacute;vnu distrib&uacute;ciu vzduchu<\/strong>. Z&aacute;kladn&eacute; filtre v kombin&aacute;cii s mo\u017enos\u0165ou pr&iacute;vodu \u010derstv&eacute;ho vzduchu vytv&aacute;raj&uacute; prirodzen&eacute; podmienky pre v&scaron;etk&yacute;ch u\u017e&iacute;vate\u013eov.<\/p>\n","protected":false},"featured_media":481227,"template":"","meta":[],"product_cat":[196,526,198,195,343,581],"product_tag":[],"class_list":{"0":"post-476425","1":"product","2":"type-product","3":"status-publish","4":"has-post-thumbnail","6":"product_cat-podla-znacky","7":"product_cat-hyundai-podla-znacky","8":"product_cat-podla-typu","9":"product_cat-klimatizacie","10":"product_cat-multisplity","11":"product_cat-multisplit","12":"pa_chladiaci-vykon-3464","13":"pa_hlucnost-vnutornej-jednotky-3498","14":"pa_multisplit-vnutorna-potrubna-35","15":"pa_napajanie-1f-230v","16":"pa_prevedenie-multisplit-vnutorna","17":"pa_typ-chladiva-r32","18":"pa_vykurovaci-vykon-3550","19":"pa_wifi-ovladanie-v-ovladaci","20":"pa_znacka-hyundai","22":"first","23":"instock","24":"taxable","25":"shipping-taxable","26":"purchasable","27":"product-type-simple"},"yoast_head":"<!-- This site is optimized with the Yoast SEO plugin v23.9 - https:\/\/yoast.com\/wordpress\/plugins\/seo\/ -->\n<title>Klimatiz\u00e1cia Hyundai vn\u00fatorn\u00e1 potrubn\u00e1 HCD 12 3,5kW - KLIMAVEX GROUP - Slovensko<\/title>\n<meta name=\"robots\" content=\"index, follow, max-snippet:-1, max-image-preview:large, max-video-preview:-1\" \/>\n<link rel=\"canonical\" href=\"https:\/\/klimavex.eu\/sk\/katalog\/hyundai-vnutorna-jednotka-hcd-12-2\/\" \/>\n<meta property=\"og:locale\" content=\"sk_SK\" \/>\n<meta property=\"og:type\" content=\"article\" \/>\n<meta property=\"og:title\" content=\"Klimatiz\u00e1cia Hyundai vn\u00fatorn\u00e1 potrubn\u00e1 HCD 12 3,5kW - KLIMAVEX GROUP - Slovensko\" \/>\n<meta property=\"og:description\" content=\"Hyundai HCD je vn&uacute;torn&aacute; potrubn&aacute; jednotka klimatiz&aacute;cie pre multisplit zapojenie, ktor&aacute; hospod&aacute;rne vyu\u017e&iacute;va medzistropn&eacute; priestory na chladenie miestnost&iacute;. Vysok&yacute; vonkaj&scaron;&iacute; tlak jednotky umo\u017e\u0148uje efekt&iacute;vnu distrib&uacute;ciu vzduchu. Z&aacute;kladn&eacute; filtre v kombin&aacute;cii s mo\u017enos\u0165ou pr&iacute;vodu \u010derstv&eacute;ho vzduchu vytv&aacute;raj&uacute; prirodzen&eacute; podmienky pre v&scaron;etk&yacute;ch u\u017e&iacute;vate\u013eov.\" \/>\n<meta property=\"og:url\" content=\"https:\/\/klimavex.eu\/sk\/katalog\/hyundai-vnutorna-jednotka-hcd-12-2\/\" \/>\n<meta property=\"og:site_name\" content=\"KLIMAVEX GROUP - Slovensko\" \/>\n<meta property=\"article:publisher\" content=\"https:\/\/www.facebook.com\/klimavex\" \/>\n<meta property=\"article:modified_time\" content=\"2026-04-26T20:52:32+00:00\" \/>\n<meta property=\"og:image\" content=\"https:\/\/klimavex.eu\/sk\/wp-content\/uploads\/2025\/09\/6QAZbiOBGnvnObQ-f8S33zJ-5UNnVYlKQ5dV-pFQZw-3.png\" \/>\n\t<meta property=\"og:image:width\" content=\"512\" \/>\n\t<meta property=\"og:image:height\" content=\"512\" \/>\n\t<meta property=\"og:image:type\" content=\"image\/png\" \/>\n<meta name=\"twitter:card\" content=\"summary_large_image\" \/>\n<script type=\"application\/ld+json\" class=\"yoast-schema-graph\">{\"@context\":\"https:\/\/schema.org\",\"@graph\":[{\"@type\":\"WebPage\",\"@id\":\"https:\/\/klimavex.eu\/sk\/katalog\/hyundai-vnutorna-jednotka-hcd-12-2\/\",\"url\":\"https:\/\/klimavex.eu\/sk\/katalog\/hyundai-vnutorna-jednotka-hcd-12-2\/\",\"name\":\"Klimatiz\u00e1cia Hyundai vn\u00fatorn\u00e1 potrubn\u00e1 HCD 12 3,5kW - KLIMAVEX GROUP - Slovensko\",\"isPartOf\":{\"@id\":\"https:\/\/klimavex.eu\/sk\/#website\"},\"primaryImageOfPage\":{\"@id\":\"https:\/\/klimavex.eu\/sk\/katalog\/hyundai-vnutorna-jednotka-hcd-12-2\/#primaryimage\"},\"image\":{\"@id\":\"https:\/\/klimavex.eu\/sk\/katalog\/hyundai-vnutorna-jednotka-hcd-12-2\/#primaryimage\"},\"thumbnailUrl\":\"https:\/\/klimavex.eu\/sk\/wp-content\/uploads\/2025\/09\/6QAZbiOBGnvnObQ-f8S33zJ-5UNnVYlKQ5dV-pFQZw-3.png\",\"datePublished\":\"2026-04-26T20:51:50+00:00\",\"dateModified\":\"2026-04-26T20:52:32+00:00\",\"breadcrumb\":{\"@id\":\"https:\/\/klimavex.eu\/sk\/katalog\/hyundai-vnutorna-jednotka-hcd-12-2\/#breadcrumb\"},\"inLanguage\":\"sk-SK\",\"potentialAction\":[{\"@type\":\"ReadAction\",\"target\":[\"https:\/\/klimavex.eu\/sk\/katalog\/hyundai-vnutorna-jednotka-hcd-12-2\/\"]}]},{\"@type\":\"ImageObject\",\"inLanguage\":\"sk-SK\",\"@id\":\"https:\/\/klimavex.eu\/sk\/katalog\/hyundai-vnutorna-jednotka-hcd-12-2\/#primaryimage\",\"url\":\"https:\/\/klimavex.eu\/sk\/wp-content\/uploads\/2025\/09\/6QAZbiOBGnvnObQ-f8S33zJ-5UNnVYlKQ5dV-pFQZw-3.png\",\"contentUrl\":\"https:\/\/klimavex.eu\/sk\/wp-content\/uploads\/2025\/09\/6QAZbiOBGnvnObQ-f8S33zJ-5UNnVYlKQ5dV-pFQZw-3.png\",\"width\":512,\"height\":512},{\"@type\":\"BreadcrumbList\",\"@id\":\"https:\/\/klimavex.eu\/sk\/katalog\/hyundai-vnutorna-jednotka-hcd-12-2\/#breadcrumb\",\"itemListElement\":[{\"@type\":\"ListItem\",\"position\":1,\"name\":\"Domovsk\u00e1 str\u00e1nka\",\"item\":\"https:\/\/klimavex.eu\/sk\/\"},{\"@type\":\"ListItem\",\"position\":2,\"name\":\"Eshop\",\"item\":\"https:\/\/klimavex.eu\/sk\/eshop\/\"},{\"@type\":\"ListItem\",\"position\":3,\"name\":\"Hyundai vn\u00fatorn\u00e1 jednotka HCD 12\"}]},{\"@type\":\"WebSite\",\"@id\":\"https:\/\/klimavex.eu\/sk\/#website\",\"url\":\"https:\/\/klimavex.eu\/sk\/\",\"name\":\"KLIMAVEX GROUP - Slovensko\",\"description\":\"\",\"publisher\":{\"@id\":\"https:\/\/klimavex.eu\/sk\/#organization\"},\"alternateName\":\"KLIMAVEX a.s.\",\"potentialAction\":[{\"@type\":\"SearchAction\",\"target\":{\"@type\":\"EntryPoint\",\"urlTemplate\":\"https:\/\/klimavex.eu\/sk\/?s={search_term_string}\"},\"query-input\":{\"@type\":\"PropertyValueSpecification\",\"valueRequired\":true,\"valueName\":\"search_term_string\"}}],\"inLanguage\":\"sk-SK\"},{\"@type\":\"Organization\",\"@id\":\"https:\/\/klimavex.eu\/sk\/#organization\",\"name\":\"KLIMAVEX GROUP\",\"alternateName\":\"KLIMAVEX a.s.\",\"url\":\"https:\/\/klimavex.eu\/sk\/\",\"logo\":{\"@type\":\"ImageObject\",\"inLanguage\":\"sk-SK\",\"@id\":\"https:\/\/klimavex.eu\/sk\/#\/schema\/logo\/image\/\",\"url\":\"https:\/\/klimavex.eu\/sk\/wp-content\/uploads\/2024\/04\/Klimavex-Group-logo.png\",\"contentUrl\":\"https:\/\/klimavex.eu\/sk\/wp-content\/uploads\/2024\/04\/Klimavex-Group-logo.png\",\"width\":1681,\"height\":472,\"caption\":\"KLIMAVEX GROUP\"},\"image\":{\"@id\":\"https:\/\/klimavex.eu\/sk\/#\/schema\/logo\/image\/\"},\"sameAs\":[\"https:\/\/www.facebook.com\/klimavex\",\"https:\/\/www.instagram.com\/klimavex_sk\/\"]}]}<\/script>\n<!-- \/ Yoast SEO plugin. -->","yoast_head_json":{"title":"Klimatiz\u00e1cia Hyundai vn\u00fatorn\u00e1 potrubn\u00e1 HCD 12 3,5kW - KLIMAVEX GROUP - Slovensko","robots":{"index":"index","follow":"follow","max-snippet":"max-snippet:-1","max-image-preview":"max-image-preview:large","max-video-preview":"max-video-preview:-1"},"canonical":"https:\/\/klimavex.eu\/sk\/katalog\/hyundai-vnutorna-jednotka-hcd-12-2\/","og_locale":"sk_SK","og_type":"article","og_title":"Klimatiz\u00e1cia Hyundai vn\u00fatorn\u00e1 potrubn\u00e1 HCD 12 3,5kW - KLIMAVEX GROUP - Slovensko","og_description":"Hyundai HCD je vn&uacute;torn&aacute; potrubn&aacute; jednotka klimatiz&aacute;cie pre multisplit zapojenie, ktor&aacute; hospod&aacute;rne vyu\u017e&iacute;va medzistropn&eacute; priestory na chladenie miestnost&iacute;. Vysok&yacute; vonkaj&scaron;&iacute; tlak jednotky umo\u017e\u0148uje efekt&iacute;vnu distrib&uacute;ciu vzduchu. Z&aacute;kladn&eacute; filtre v kombin&aacute;cii s mo\u017enos\u0165ou pr&iacute;vodu \u010derstv&eacute;ho vzduchu vytv&aacute;raj&uacute; prirodzen&eacute; podmienky pre v&scaron;etk&yacute;ch u\u017e&iacute;vate\u013eov.","og_url":"https:\/\/klimavex.eu\/sk\/katalog\/hyundai-vnutorna-jednotka-hcd-12-2\/","og_site_name":"KLIMAVEX GROUP - Slovensko","article_publisher":"https:\/\/www.facebook.com\/klimavex","article_modified_time":"2026-04-26T20:52:32+00:00","og_image":[{"width":512,"height":512,"url":"https:\/\/klimavex.eu\/sk\/wp-content\/uploads\/2025\/09\/6QAZbiOBGnvnObQ-f8S33zJ-5UNnVYlKQ5dV-pFQZw-3.png","type":"image\/png"}],"twitter_card":"summary_large_image","schema":{"@context":"https:\/\/schema.org","@graph":[{"@type":"WebPage","@id":"https:\/\/klimavex.eu\/sk\/katalog\/hyundai-vnutorna-jednotka-hcd-12-2\/","url":"https:\/\/klimavex.eu\/sk\/katalog\/hyundai-vnutorna-jednotka-hcd-12-2\/","name":"Klimatiz\u00e1cia Hyundai vn\u00fatorn\u00e1 potrubn\u00e1 HCD 12 3,5kW - KLIMAVEX GROUP - Slovensko","isPartOf":{"@id":"https:\/\/klimavex.eu\/sk\/#website"},"primaryImageOfPage":{"@id":"https:\/\/klimavex.eu\/sk\/katalog\/hyundai-vnutorna-jednotka-hcd-12-2\/#primaryimage"},"image":{"@id":"https:\/\/klimavex.eu\/sk\/katalog\/hyundai-vnutorna-jednotka-hcd-12-2\/#primaryimage"},"thumbnailUrl":"https:\/\/klimavex.eu\/sk\/wp-content\/uploads\/2025\/09\/6QAZbiOBGnvnObQ-f8S33zJ-5UNnVYlKQ5dV-pFQZw-3.png","datePublished":"2026-04-26T20:51:50+00:00","dateModified":"2026-04-26T20:52:32+00:00","breadcrumb":{"@id":"https:\/\/klimavex.eu\/sk\/katalog\/hyundai-vnutorna-jednotka-hcd-12-2\/#breadcrumb"},"inLanguage":"sk-SK","potentialAction":[{"@type":"ReadAction","target":["https:\/\/klimavex.eu\/sk\/katalog\/hyundai-vnutorna-jednotka-hcd-12-2\/"]}]},{"@type":"ImageObject","inLanguage":"sk-SK","@id":"https:\/\/klimavex.eu\/sk\/katalog\/hyundai-vnutorna-jednotka-hcd-12-2\/#primaryimage","url":"https:\/\/klimavex.eu\/sk\/wp-content\/uploads\/2025\/09\/6QAZbiOBGnvnObQ-f8S33zJ-5UNnVYlKQ5dV-pFQZw-3.png","contentUrl":"https:\/\/klimavex.eu\/sk\/wp-content\/uploads\/2025\/09\/6QAZbiOBGnvnObQ-f8S33zJ-5UNnVYlKQ5dV-pFQZw-3.png","width":512,"height":512},{"@type":"BreadcrumbList","@id":"https:\/\/klimavex.eu\/sk\/katalog\/hyundai-vnutorna-jednotka-hcd-12-2\/#breadcrumb","itemListElement":[{"@type":"ListItem","position":1,"name":"Domovsk\u00e1 str\u00e1nka","item":"https:\/\/klimavex.eu\/sk\/"},{"@type":"ListItem","position":2,"name":"Eshop","item":"https:\/\/klimavex.eu\/sk\/eshop\/"},{"@type":"ListItem","position":3,"name":"Hyundai vn\u00fatorn\u00e1 jednotka HCD 12"}]},{"@type":"WebSite","@id":"https:\/\/klimavex.eu\/sk\/#website","url":"https:\/\/klimavex.eu\/sk\/","name":"KLIMAVEX GROUP - Slovensko","description":"","publisher":{"@id":"https:\/\/klimavex.eu\/sk\/#organization"},"alternateName":"KLIMAVEX a.s.","potentialAction":[{"@type":"SearchAction","target":{"@type":"EntryPoint","urlTemplate":"https:\/\/klimavex.eu\/sk\/?s={search_term_string}"},"query-input":{"@type":"PropertyValueSpecification","valueRequired":true,"valueName":"search_term_string"}}],"inLanguage":"sk-SK"},{"@type":"Organization","@id":"https:\/\/klimavex.eu\/sk\/#organization","name":"KLIMAVEX GROUP","alternateName":"KLIMAVEX a.s.","url":"https:\/\/klimavex.eu\/sk\/","logo":{"@type":"ImageObject","inLanguage":"sk-SK","@id":"https:\/\/klimavex.eu\/sk\/#\/schema\/logo\/image\/","url":"https:\/\/klimavex.eu\/sk\/wp-content\/uploads\/2024\/04\/Klimavex-Group-logo.png","contentUrl":"https:\/\/klimavex.eu\/sk\/wp-content\/uploads\/2024\/04\/Klimavex-Group-logo.png","width":1681,"height":472,"caption":"KLIMAVEX GROUP"},"image":{"@id":"https:\/\/klimavex.eu\/sk\/#\/schema\/logo\/image\/"},"sameAs":["https:\/\/www.facebook.com\/klimavex","https:\/\/www.instagram.com\/klimavex_sk\/"]}]}},"_links":{"self":[{"href":"https:\/\/klimavex.eu\/sk\/wp-json\/wp\/v2\/product\/476425","targetHints":{"allow":["GET"]}}],"collection":[{"href":"https:\/\/klimavex.eu\/sk\/wp-json\/wp\/v2\/product"}],"about":[{"href":"https:\/\/klimavex.eu\/sk\/wp-json\/wp\/v2\/types\/product"}],"version-history":[{"count":0,"href":"https:\/\/klimavex.eu\/sk\/wp-json\/wp\/v2\/product\/476425\/revisions"}],"wp:featuredmedia":[{"embeddable":true,"href":"https:\/\/klimavex.eu\/sk\/wp-json\/wp\/v2\/media\/481227"}],"wp:attachment":[{"href":"https:\/\/klimavex.eu\/sk\/wp-json\/wp\/v2\/media?parent=476425"}],"wp:term":[{"taxonomy":"product_cat","embeddable":true,"href":"https:\/\/klimavex.eu\/sk\/wp-json\/wp\/v2\/product_cat?post=476425"},{"taxonomy":"product_tag","embeddable":true,"href":"https:\/\/klimavex.eu\/sk\/wp-json\/wp\/v2\/product_tag?post=476425"}],"curies":[{"name":"wp","href":"https:\/\/api.w.org\/{rel}","templated":true}]}}