{"id":476442,"date":"2026-04-23T22:51:52","date_gmt":"2026-04-23T20:51:52","guid":{"rendered":"https:\/\/klimavex.eu\/sk\/katalog\/airwell-nastenna-klimatizacia-hdla-035\/"},"modified":"2026-04-23T22:52:46","modified_gmt":"2026-04-23T20:52:46","slug":"klimatizacia-airwell-split-nastenna-hdla-035-r32-230v-35kw","status":"publish","type":"product","link":"https:\/\/klimavex.eu\/sk\/katalog\/klimatizacia-airwell-split-nastenna-hdla-035-r32-230v-35kw\/","title":{"rendered":"Klimatiz\u00e1cia Airwell split n\u00e1stenn\u00e1 HDLA 035 R32 230V 3,5kW"},"content":{"rendered":"<p style=\"text-align:justify\"><span style=\"font-size:11pt\"><span style=\"font-family:Calibri,sans-serif\"><strong>K\u013e&uacute;\u010dov&eacute; vlastnosti<\/strong><\/span><\/span><\/p>\n<ul>\n<li style=\"text-align:justify\"><span style=\"font-size:11pt\"><span style=\"font-family:Calibri,sans-serif\">Infraovl&aacute;danie RC19<\/span><\/span><\/li>\n<li style=\"text-align:justify\"><span style=\"font-size:11pt\"><span style=\"font-family:Calibri,sans-serif\">Modern&yacute; dizajn<\/span><\/span><\/li>\n<li style=\"text-align:justify\"><span style=\"font-size:11pt\"><span style=\"font-family:Calibri,sans-serif\">Tich&aacute; prev&aacute;dzka<\/span><\/span><\/li>\n<li style=\"text-align:justify\"><span style=\"font-size:11pt\"><span style=\"font-family:Calibri,sans-serif\">Kompatibiln&eacute; pre split aj multisplit aplik&aacute;cie<\/span><\/span><\/li>\n<li style=\"text-align:justify\"><span style=\"font-size:11pt\"><span style=\"font-family:Calibri,sans-serif\">Golden Fin &ndash; pozl&aacute;ten&eacute; lamely v&yacute;menn&iacute;kov vn&uacute;tornej i vonkaj&scaron;ej jednotky pre zv&yacute;&scaron;en&uacute; odolnos\u0165 vo\u010di kor&oacute;zii a dlh&scaron;iu \u017eivotnos\u0165<\/span><\/span><\/li>\n<li style=\"text-align:justify\"><span style=\"font-size:11pt\"><span style=\"font-family:Calibri,sans-serif\">I FEEL &ndash; prec&iacute;zna regul&aacute;cia teploty pod\u013ea sn&iacute;ma\u010da umiestnen&eacute;ho v dia\u013ekovom ovl&aacute;da\u010di<\/span><\/span><\/li>\n<li style=\"text-align:justify\"><span style=\"font-size:11pt\"><span style=\"font-family:Calibri,sans-serif\">Vysok&aacute; energetick&aacute; &uacute;\u010dinnos\u0165 (A++ v chladen&iacute; a A+ vo vykurovan&iacute;)<\/span><\/span><\/li>\n<li style=\"text-align:justify\"><span style=\"font-size:11pt\"><span style=\"font-family:Calibri,sans-serif\">Zabudovan&yacute; Wi-Fi modul<\/span><\/span><\/li>\n<li style=\"text-align:justify\"><span style=\"font-size:11pt\"><span style=\"font-family:Calibri,sans-serif\">Tich&yacute; re\u017eim<\/span><\/span><\/li>\n<li style=\"text-align:justify\"><span style=\"font-size:11pt\"><span style=\"font-family:Calibri,sans-serif\">\u010cistenie vzduchu<\/span><\/span><\/li>\n<li style=\"text-align:justify\"><span style=\"font-size:11pt\"><span style=\"font-family:Calibri,sans-serif\">Servisn&yacute; re\u017eim pre zobrazenie tepl&ocirc;t sn&iacute;ma\u010dov<\/span><\/span><\/li>\n<li style=\"text-align:justify\"><span style=\"font-size:11pt\"><span style=\"font-family:Calibri,sans-serif\">Technick&yacute; re\u017eim pre nastavenie prev&aacute;dzky<\/span><\/span><\/li>\n<li style=\"text-align:justify\"><span style=\"font-size:11pt\"><span style=\"font-family:Calibri,sans-serif\">Odvod kondenz&aacute;tu z pravej alebo \u013eavej strany<\/span><\/span><\/li>\n<\/ul>\n","protected":false},"excerpt":{"rendered":"<p style=\"text-align:justify\"><span style=\"font-size:11pt\"><span style=\"font-family:Calibri,sans-serif\">Klimatiz&aacute;cia <strong>Airwell Aura HDLA <\/strong>zosob\u0148uje v&scaron;etky vlastnosti, ktor&eacute; v klimatiz&aacute;cii potrebujete. V\u010faka <strong>jednoduch&eacute;mu dia\u013ekov&eacute;mu ovl&aacute;daniu <\/strong>cez mobiln&yacute; telef&oacute;n m&ocirc;\u017eete teplotu meni\u0165 kedyko\u013evek a odkia\u013eko\u013evek. <strong>Antibakteri&aacute;lny filter <\/strong>sa postar&aacute; o dokonal&uacute; \u010distotu V&aacute;&scaron;ho dom&aacute;ceho prostredia. A ani v sp&aacute;nku V&aacute;s nebude ru&scaron;i\u0165 &#8211; aktivujte si <strong>tich&yacute; re\u017eim<\/strong>, v pokoji sa vyspite a e&scaron;te pri tom u&scaron;etrite energiu.<\/span><\/span><\/p>\n","protected":false},"featured_media":481258,"template":"","meta":[],"product_cat":[196,198,199,200,197,195],"product_tag":[],"class_list":{"0":"post-476442","1":"product","2":"type-product","3":"status-publish","4":"has-post-thumbnail","6":"product_cat-podla-znacky","7":"product_cat-podla-typu","8":"product_cat-nastenne","9":"product_cat-aura-hdla","10":"product_cat-airwell","11":"product_cat-klimatizacie","12":"pa_chlad-do-von-tep-c-do-15-c","13":"pa_chladiaci-vykon-3345","14":"pa_energeticka-trieda-scop-aplus","15":"pa_energeticka-trieda-seer-aplusplus","16":"pa_extra-funkcia-i-feel","17":"pa_farba-vnutornej-jednotky-biela","18":"pa_filtracia-vzduchu-standard","19":"pa_hlucnost-vnutornej-jednotky-3335","20":"pa_napajanie-1f-230v","21":"pa_prevedenie-nastenny-split","22":"pa_prikon-chladenie-3348","23":"pa_prikon-vykurovanie-3347","24":"pa_typ-chladiva-r32","25":"pa_vyk-do-von-tepl-c-do-15-c","26":"pa_vykonovy-model-3344","27":"pa_vykurovaci-vykon-3346","28":"pa_wifi-ovladanie-volitelne","29":"pa_znacka-airwell","31":"first","32":"instock","33":"taxable","34":"shipping-taxable","35":"purchasable","36":"product-type-simple"},"yoast_head":"<!-- This site is optimized with the Yoast SEO plugin v23.9 - https:\/\/yoast.com\/wordpress\/plugins\/seo\/ -->\n<title>Klimatiz\u00e1cia Airwell split n\u00e1stenn\u00e1 HDLA 035 R32 230V 3,5kW - KLIMAVEX GROUP - Slovensko<\/title>\n<meta name=\"robots\" content=\"index, follow, max-snippet:-1, max-image-preview:large, max-video-preview:-1\" \/>\n<link rel=\"canonical\" href=\"https:\/\/klimavex.eu\/sk\/katalog\/airwell-nastenna-klimatizacia-hdla-035\/\" \/>\n<meta property=\"og:locale\" content=\"sk_SK\" \/>\n<meta property=\"og:type\" content=\"article\" \/>\n<meta property=\"og:title\" content=\"Klimatiz\u00e1cia Airwell split n\u00e1stenn\u00e1 HDLA 035 R32 230V 3,5kW - KLIMAVEX GROUP - Slovensko\" \/>\n<meta property=\"og:description\" content=\"Klimatiz&aacute;cia Airwell Aura HDLA zosob\u0148uje v&scaron;etky vlastnosti, ktor&eacute; v klimatiz&aacute;cii potrebujete. V\u010faka jednoduch&eacute;mu dia\u013ekov&eacute;mu ovl&aacute;daniu cez mobiln&yacute; telef&oacute;n m&ocirc;\u017eete teplotu meni\u0165 kedyko\u013evek a odkia\u013eko\u013evek. Antibakteri&aacute;lny filter sa postar&aacute; o dokonal&uacute; \u010distotu V&aacute;&scaron;ho dom&aacute;ceho prostredia. A ani v sp&aacute;nku V&aacute;s nebude ru&scaron;i\u0165 - aktivujte si tich&yacute; re\u017eim, v pokoji sa vyspite a e&scaron;te pri tom u&scaron;etrite energiu.\" \/>\n<meta property=\"og:url\" content=\"https:\/\/klimavex.eu\/sk\/katalog\/airwell-nastenna-klimatizacia-hdla-035\/\" \/>\n<meta property=\"og:site_name\" content=\"KLIMAVEX GROUP - Slovensko\" \/>\n<meta property=\"article:publisher\" content=\"https:\/\/www.facebook.com\/klimavex\" \/>\n<meta property=\"article:modified_time\" content=\"2026-04-23T20:52:46+00:00\" \/>\n<meta property=\"og:image\" content=\"https:\/\/klimavex.eu\/sk\/wp-content\/uploads\/2025\/09\/4lhyXefhBdRjo7L2BKVTOKceOLQDjg9a5ke6tJgGZvE-2.jpeg\" \/>\n\t<meta property=\"og:image:width\" content=\"500\" \/>\n\t<meta property=\"og:image:height\" content=\"500\" \/>\n\t<meta property=\"og:image:type\" content=\"image\/jpeg\" \/>\n<meta name=\"twitter:card\" content=\"summary_large_image\" \/>\n<meta name=\"twitter:label1\" content=\"Predpokladan\u00fd \u010das \u010d\u00edtania\" \/>\n\t<meta name=\"twitter:data1\" content=\"1 min\u00fata\" \/>\n<script type=\"application\/ld+json\" class=\"yoast-schema-graph\">{\"@context\":\"https:\/\/schema.org\",\"@graph\":[{\"@type\":\"WebPage\",\"@id\":\"https:\/\/klimavex.eu\/sk\/katalog\/airwell-nastenna-klimatizacia-hdla-035\/\",\"url\":\"https:\/\/klimavex.eu\/sk\/katalog\/airwell-nastenna-klimatizacia-hdla-035\/\",\"name\":\"Klimatiz\u00e1cia Airwell split n\u00e1stenn\u00e1 HDLA 035 R32 230V 3,5kW - KLIMAVEX GROUP - Slovensko\",\"isPartOf\":{\"@id\":\"https:\/\/klimavex.eu\/sk\/#website\"},\"primaryImageOfPage\":{\"@id\":\"https:\/\/klimavex.eu\/sk\/katalog\/airwell-nastenna-klimatizacia-hdla-035\/#primaryimage\"},\"image\":{\"@id\":\"https:\/\/klimavex.eu\/sk\/katalog\/airwell-nastenna-klimatizacia-hdla-035\/#primaryimage\"},\"thumbnailUrl\":\"https:\/\/klimavex.eu\/sk\/wp-content\/uploads\/2025\/09\/4lhyXefhBdRjo7L2BKVTOKceOLQDjg9a5ke6tJgGZvE-2.jpeg\",\"datePublished\":\"2026-04-23T20:51:52+00:00\",\"dateModified\":\"2026-04-23T20:52:46+00:00\",\"breadcrumb\":{\"@id\":\"https:\/\/klimavex.eu\/sk\/katalog\/airwell-nastenna-klimatizacia-hdla-035\/#breadcrumb\"},\"inLanguage\":\"sk-SK\",\"potentialAction\":[{\"@type\":\"ReadAction\",\"target\":[\"https:\/\/klimavex.eu\/sk\/katalog\/airwell-nastenna-klimatizacia-hdla-035\/\"]}]},{\"@type\":\"ImageObject\",\"inLanguage\":\"sk-SK\",\"@id\":\"https:\/\/klimavex.eu\/sk\/katalog\/airwell-nastenna-klimatizacia-hdla-035\/#primaryimage\",\"url\":\"https:\/\/klimavex.eu\/sk\/wp-content\/uploads\/2025\/09\/4lhyXefhBdRjo7L2BKVTOKceOLQDjg9a5ke6tJgGZvE-2.jpeg\",\"contentUrl\":\"https:\/\/klimavex.eu\/sk\/wp-content\/uploads\/2025\/09\/4lhyXefhBdRjo7L2BKVTOKceOLQDjg9a5ke6tJgGZvE-2.jpeg\",\"width\":500,\"height\":500},{\"@type\":\"BreadcrumbList\",\"@id\":\"https:\/\/klimavex.eu\/sk\/katalog\/airwell-nastenna-klimatizacia-hdla-035\/#breadcrumb\",\"itemListElement\":[{\"@type\":\"ListItem\",\"position\":1,\"name\":\"Domovsk\u00e1 str\u00e1nka\",\"item\":\"https:\/\/klimavex.eu\/sk\/\"},{\"@type\":\"ListItem\",\"position\":2,\"name\":\"Eshop\",\"item\":\"https:\/\/klimavex.eu\/sk\/eshop\/\"},{\"@type\":\"ListItem\",\"position\":3,\"name\":\"Airwell n\u00e1stenn\u00e1 klimatiz\u00e1cia HDLA 035\"}]},{\"@type\":\"WebSite\",\"@id\":\"https:\/\/klimavex.eu\/sk\/#website\",\"url\":\"https:\/\/klimavex.eu\/sk\/\",\"name\":\"KLIMAVEX GROUP - Slovensko\",\"description\":\"\",\"publisher\":{\"@id\":\"https:\/\/klimavex.eu\/sk\/#organization\"},\"alternateName\":\"KLIMAVEX a.s.\",\"potentialAction\":[{\"@type\":\"SearchAction\",\"target\":{\"@type\":\"EntryPoint\",\"urlTemplate\":\"https:\/\/klimavex.eu\/sk\/?s={search_term_string}\"},\"query-input\":{\"@type\":\"PropertyValueSpecification\",\"valueRequired\":true,\"valueName\":\"search_term_string\"}}],\"inLanguage\":\"sk-SK\"},{\"@type\":\"Organization\",\"@id\":\"https:\/\/klimavex.eu\/sk\/#organization\",\"name\":\"KLIMAVEX GROUP\",\"alternateName\":\"KLIMAVEX a.s.\",\"url\":\"https:\/\/klimavex.eu\/sk\/\",\"logo\":{\"@type\":\"ImageObject\",\"inLanguage\":\"sk-SK\",\"@id\":\"https:\/\/klimavex.eu\/sk\/#\/schema\/logo\/image\/\",\"url\":\"https:\/\/klimavex.eu\/sk\/wp-content\/uploads\/2024\/04\/Klimavex-Group-logo.png\",\"contentUrl\":\"https:\/\/klimavex.eu\/sk\/wp-content\/uploads\/2024\/04\/Klimavex-Group-logo.png\",\"width\":1681,\"height\":472,\"caption\":\"KLIMAVEX GROUP\"},\"image\":{\"@id\":\"https:\/\/klimavex.eu\/sk\/#\/schema\/logo\/image\/\"},\"sameAs\":[\"https:\/\/www.facebook.com\/klimavex\",\"https:\/\/www.instagram.com\/klimavex_sk\/\"]}]}<\/script>\n<!-- \/ Yoast SEO plugin. -->","yoast_head_json":{"title":"Klimatiz\u00e1cia Airwell split n\u00e1stenn\u00e1 HDLA 035 R32 230V 3,5kW - KLIMAVEX GROUP - Slovensko","robots":{"index":"index","follow":"follow","max-snippet":"max-snippet:-1","max-image-preview":"max-image-preview:large","max-video-preview":"max-video-preview:-1"},"canonical":"https:\/\/klimavex.eu\/sk\/katalog\/airwell-nastenna-klimatizacia-hdla-035\/","og_locale":"sk_SK","og_type":"article","og_title":"Klimatiz\u00e1cia Airwell split n\u00e1stenn\u00e1 HDLA 035 R32 230V 3,5kW - KLIMAVEX GROUP - Slovensko","og_description":"Klimatiz&aacute;cia Airwell Aura HDLA zosob\u0148uje v&scaron;etky vlastnosti, ktor&eacute; v klimatiz&aacute;cii potrebujete. V\u010faka jednoduch&eacute;mu dia\u013ekov&eacute;mu ovl&aacute;daniu cez mobiln&yacute; telef&oacute;n m&ocirc;\u017eete teplotu meni\u0165 kedyko\u013evek a odkia\u013eko\u013evek. Antibakteri&aacute;lny filter sa postar&aacute; o dokonal&uacute; \u010distotu V&aacute;&scaron;ho dom&aacute;ceho prostredia. A ani v sp&aacute;nku V&aacute;s nebude ru&scaron;i\u0165 - aktivujte si tich&yacute; re\u017eim, v pokoji sa vyspite a e&scaron;te pri tom u&scaron;etrite energiu.","og_url":"https:\/\/klimavex.eu\/sk\/katalog\/airwell-nastenna-klimatizacia-hdla-035\/","og_site_name":"KLIMAVEX GROUP - Slovensko","article_publisher":"https:\/\/www.facebook.com\/klimavex","article_modified_time":"2026-04-23T20:52:46+00:00","og_image":[{"width":500,"height":500,"url":"https:\/\/klimavex.eu\/sk\/wp-content\/uploads\/2025\/09\/4lhyXefhBdRjo7L2BKVTOKceOLQDjg9a5ke6tJgGZvE-2.jpeg","type":"image\/jpeg"}],"twitter_card":"summary_large_image","twitter_misc":{"Predpokladan\u00fd \u010das \u010d\u00edtania":"1 min\u00fata"},"schema":{"@context":"https:\/\/schema.org","@graph":[{"@type":"WebPage","@id":"https:\/\/klimavex.eu\/sk\/katalog\/airwell-nastenna-klimatizacia-hdla-035\/","url":"https:\/\/klimavex.eu\/sk\/katalog\/airwell-nastenna-klimatizacia-hdla-035\/","name":"Klimatiz\u00e1cia Airwell split n\u00e1stenn\u00e1 HDLA 035 R32 230V 3,5kW - KLIMAVEX GROUP - Slovensko","isPartOf":{"@id":"https:\/\/klimavex.eu\/sk\/#website"},"primaryImageOfPage":{"@id":"https:\/\/klimavex.eu\/sk\/katalog\/airwell-nastenna-klimatizacia-hdla-035\/#primaryimage"},"image":{"@id":"https:\/\/klimavex.eu\/sk\/katalog\/airwell-nastenna-klimatizacia-hdla-035\/#primaryimage"},"thumbnailUrl":"https:\/\/klimavex.eu\/sk\/wp-content\/uploads\/2025\/09\/4lhyXefhBdRjo7L2BKVTOKceOLQDjg9a5ke6tJgGZvE-2.jpeg","datePublished":"2026-04-23T20:51:52+00:00","dateModified":"2026-04-23T20:52:46+00:00","breadcrumb":{"@id":"https:\/\/klimavex.eu\/sk\/katalog\/airwell-nastenna-klimatizacia-hdla-035\/#breadcrumb"},"inLanguage":"sk-SK","potentialAction":[{"@type":"ReadAction","target":["https:\/\/klimavex.eu\/sk\/katalog\/airwell-nastenna-klimatizacia-hdla-035\/"]}]},{"@type":"ImageObject","inLanguage":"sk-SK","@id":"https:\/\/klimavex.eu\/sk\/katalog\/airwell-nastenna-klimatizacia-hdla-035\/#primaryimage","url":"https:\/\/klimavex.eu\/sk\/wp-content\/uploads\/2025\/09\/4lhyXefhBdRjo7L2BKVTOKceOLQDjg9a5ke6tJgGZvE-2.jpeg","contentUrl":"https:\/\/klimavex.eu\/sk\/wp-content\/uploads\/2025\/09\/4lhyXefhBdRjo7L2BKVTOKceOLQDjg9a5ke6tJgGZvE-2.jpeg","width":500,"height":500},{"@type":"BreadcrumbList","@id":"https:\/\/klimavex.eu\/sk\/katalog\/airwell-nastenna-klimatizacia-hdla-035\/#breadcrumb","itemListElement":[{"@type":"ListItem","position":1,"name":"Domovsk\u00e1 str\u00e1nka","item":"https:\/\/klimavex.eu\/sk\/"},{"@type":"ListItem","position":2,"name":"Eshop","item":"https:\/\/klimavex.eu\/sk\/eshop\/"},{"@type":"ListItem","position":3,"name":"Airwell n\u00e1stenn\u00e1 klimatiz\u00e1cia HDLA 035"}]},{"@type":"WebSite","@id":"https:\/\/klimavex.eu\/sk\/#website","url":"https:\/\/klimavex.eu\/sk\/","name":"KLIMAVEX GROUP - Slovensko","description":"","publisher":{"@id":"https:\/\/klimavex.eu\/sk\/#organization"},"alternateName":"KLIMAVEX a.s.","potentialAction":[{"@type":"SearchAction","target":{"@type":"EntryPoint","urlTemplate":"https:\/\/klimavex.eu\/sk\/?s={search_term_string}"},"query-input":{"@type":"PropertyValueSpecification","valueRequired":true,"valueName":"search_term_string"}}],"inLanguage":"sk-SK"},{"@type":"Organization","@id":"https:\/\/klimavex.eu\/sk\/#organization","name":"KLIMAVEX GROUP","alternateName":"KLIMAVEX a.s.","url":"https:\/\/klimavex.eu\/sk\/","logo":{"@type":"ImageObject","inLanguage":"sk-SK","@id":"https:\/\/klimavex.eu\/sk\/#\/schema\/logo\/image\/","url":"https:\/\/klimavex.eu\/sk\/wp-content\/uploads\/2024\/04\/Klimavex-Group-logo.png","contentUrl":"https:\/\/klimavex.eu\/sk\/wp-content\/uploads\/2024\/04\/Klimavex-Group-logo.png","width":1681,"height":472,"caption":"KLIMAVEX GROUP"},"image":{"@id":"https:\/\/klimavex.eu\/sk\/#\/schema\/logo\/image\/"},"sameAs":["https:\/\/www.facebook.com\/klimavex","https:\/\/www.instagram.com\/klimavex_sk\/"]}]}},"_links":{"self":[{"href":"https:\/\/klimavex.eu\/sk\/wp-json\/wp\/v2\/product\/476442","targetHints":{"allow":["GET"]}}],"collection":[{"href":"https:\/\/klimavex.eu\/sk\/wp-json\/wp\/v2\/product"}],"about":[{"href":"https:\/\/klimavex.eu\/sk\/wp-json\/wp\/v2\/types\/product"}],"version-history":[{"count":0,"href":"https:\/\/klimavex.eu\/sk\/wp-json\/wp\/v2\/product\/476442\/revisions"}],"wp:featuredmedia":[{"embeddable":true,"href":"https:\/\/klimavex.eu\/sk\/wp-json\/wp\/v2\/media\/481258"}],"wp:attachment":[{"href":"https:\/\/klimavex.eu\/sk\/wp-json\/wp\/v2\/media?parent=476442"}],"wp:term":[{"taxonomy":"product_cat","embeddable":true,"href":"https:\/\/klimavex.eu\/sk\/wp-json\/wp\/v2\/product_cat?post=476442"},{"taxonomy":"product_tag","embeddable":true,"href":"https:\/\/klimavex.eu\/sk\/wp-json\/wp\/v2\/product_tag?post=476442"}],"curies":[{"name":"wp","href":"https:\/\/api.w.org\/{rel}","templated":true}]}}