{"id":476482,"date":"2026-03-31T18:26:44","date_gmt":"2026-03-31T16:26:44","guid":{"rendered":"https:\/\/klimavex.eu\/sk\/katalog\/ahu-kit-eev-box-pre-vrf-giwee-gchv-ahu-exv22\/"},"modified":"2026-03-31T18:27:42","modified_gmt":"2026-03-31T16:27:42","slug":"prislusenstvo-giwee-ahu-kit-eev-box-pre-vrf-45-615-kw-gchv-ahu-exv22","status":"publish","type":"product","link":"https:\/\/klimavex.eu\/sk\/katalog\/prislusenstvo-giwee-ahu-kit-eev-box-pre-vrf-45-615-kw-gchv-ahu-exv22\/","title":{"rendered":"Pr\u00edslu\u0161enstvo Giwee AHU KIT EEV BOX pre VRF 45-61,5 kW GCHV-AHU-EXV22"},"content":{"rendered":"","protected":false},"excerpt":{"rendered":"<p>Box s expanzn\u00fdm ventilom 45,0kW a\u017e 61,5kW, vy\u017eaduje PCB BOX.<\/p>\n","protected":false},"featured_media":481332,"template":"","meta":[],"product_cat":[5418],"product_tag":[],"class_list":{"0":"post-476482","1":"product","2":"type-product","3":"status-publish","4":"has-post-thumbnail","6":"product_cat-ahu-kity","7":"pa_napajanie-1f-230v","8":"pa_typ-chladiva-r410a","9":"pa_znacka-giwee","11":"first","12":"instock","13":"taxable","14":"shipping-taxable","15":"purchasable","16":"product-type-simple"},"yoast_head":"<!-- This site is optimized with the Yoast SEO plugin v23.9 - https:\/\/yoast.com\/wordpress\/plugins\/seo\/ -->\n<title>Pr\u00edslu\u0161enstvo Giwee AHU KIT EEV BOX pre VRF 45-61,5 kW GCHV-AHU-EXV22 - KLIMAVEX GROUP - Slovensko<\/title>\n<meta name=\"robots\" content=\"index, follow, max-snippet:-1, max-image-preview:large, max-video-preview:-1\" \/>\n<link rel=\"canonical\" href=\"https:\/\/klimavex.eu\/sk\/katalog\/ahu-kit-eev-box-pre-vrf-giwee-gchv-ahu-exv22\/\" \/>\n<meta property=\"og:locale\" content=\"sk_SK\" \/>\n<meta property=\"og:type\" content=\"article\" \/>\n<meta property=\"og:title\" content=\"Pr\u00edslu\u0161enstvo Giwee AHU KIT EEV BOX pre VRF 45-61,5 kW GCHV-AHU-EXV22 - KLIMAVEX GROUP - Slovensko\" \/>\n<meta property=\"og:description\" content=\"Box s expanzn\u00fdm ventilom 45,0kW a\u017e 61,5kW, vy\u017eaduje PCB BOX.\" \/>\n<meta property=\"og:url\" content=\"https:\/\/klimavex.eu\/sk\/katalog\/ahu-kit-eev-box-pre-vrf-giwee-gchv-ahu-exv22\/\" \/>\n<meta property=\"og:site_name\" content=\"KLIMAVEX GROUP - Slovensko\" \/>\n<meta property=\"article:publisher\" content=\"https:\/\/www.facebook.com\/klimavex\" \/>\n<meta property=\"article:modified_time\" content=\"2026-03-31T16:27:42+00:00\" \/>\n<meta property=\"og:image\" content=\"https:\/\/klimavex.eu\/sk\/wp-content\/uploads\/2025\/09\/jut4apr7dljDr9dMEDi1xu-TgQRiqdi1ECwN7I6rgPA-1.png\" \/>\n\t<meta property=\"og:image:width\" content=\"512\" \/>\n\t<meta property=\"og:image:height\" content=\"676\" \/>\n\t<meta property=\"og:image:type\" content=\"image\/png\" \/>\n<meta name=\"twitter:card\" content=\"summary_large_image\" \/>\n<script type=\"application\/ld+json\" class=\"yoast-schema-graph\">{\"@context\":\"https:\/\/schema.org\",\"@graph\":[{\"@type\":\"WebPage\",\"@id\":\"https:\/\/klimavex.eu\/sk\/katalog\/ahu-kit-eev-box-pre-vrf-giwee-gchv-ahu-exv22\/\",\"url\":\"https:\/\/klimavex.eu\/sk\/katalog\/ahu-kit-eev-box-pre-vrf-giwee-gchv-ahu-exv22\/\",\"name\":\"Pr\u00edslu\u0161enstvo Giwee AHU KIT EEV BOX pre VRF 45-61,5 kW GCHV-AHU-EXV22 - KLIMAVEX GROUP - Slovensko\",\"isPartOf\":{\"@id\":\"https:\/\/klimavex.eu\/sk\/#website\"},\"primaryImageOfPage\":{\"@id\":\"https:\/\/klimavex.eu\/sk\/katalog\/ahu-kit-eev-box-pre-vrf-giwee-gchv-ahu-exv22\/#primaryimage\"},\"image\":{\"@id\":\"https:\/\/klimavex.eu\/sk\/katalog\/ahu-kit-eev-box-pre-vrf-giwee-gchv-ahu-exv22\/#primaryimage\"},\"thumbnailUrl\":\"https:\/\/klimavex.eu\/sk\/wp-content\/uploads\/2025\/09\/jut4apr7dljDr9dMEDi1xu-TgQRiqdi1ECwN7I6rgPA-1.png\",\"datePublished\":\"2026-03-31T16:26:44+00:00\",\"dateModified\":\"2026-03-31T16:27:42+00:00\",\"breadcrumb\":{\"@id\":\"https:\/\/klimavex.eu\/sk\/katalog\/ahu-kit-eev-box-pre-vrf-giwee-gchv-ahu-exv22\/#breadcrumb\"},\"inLanguage\":\"sk-SK\",\"potentialAction\":[{\"@type\":\"ReadAction\",\"target\":[\"https:\/\/klimavex.eu\/sk\/katalog\/ahu-kit-eev-box-pre-vrf-giwee-gchv-ahu-exv22\/\"]}]},{\"@type\":\"ImageObject\",\"inLanguage\":\"sk-SK\",\"@id\":\"https:\/\/klimavex.eu\/sk\/katalog\/ahu-kit-eev-box-pre-vrf-giwee-gchv-ahu-exv22\/#primaryimage\",\"url\":\"https:\/\/klimavex.eu\/sk\/wp-content\/uploads\/2025\/09\/jut4apr7dljDr9dMEDi1xu-TgQRiqdi1ECwN7I6rgPA-1.png\",\"contentUrl\":\"https:\/\/klimavex.eu\/sk\/wp-content\/uploads\/2025\/09\/jut4apr7dljDr9dMEDi1xu-TgQRiqdi1ECwN7I6rgPA-1.png\",\"width\":512,\"height\":676},{\"@type\":\"BreadcrumbList\",\"@id\":\"https:\/\/klimavex.eu\/sk\/katalog\/ahu-kit-eev-box-pre-vrf-giwee-gchv-ahu-exv22\/#breadcrumb\",\"itemListElement\":[{\"@type\":\"ListItem\",\"position\":1,\"name\":\"Domovsk\u00e1 str\u00e1nka\",\"item\":\"https:\/\/klimavex.eu\/sk\/\"},{\"@type\":\"ListItem\",\"position\":2,\"name\":\"Eshop\",\"item\":\"https:\/\/klimavex.eu\/sk\/eshop\/\"},{\"@type\":\"ListItem\",\"position\":3,\"name\":\"AHU kit EEV BOX pre VRF &#8211; GIWEE GCHV-AHU-EXV22\"}]},{\"@type\":\"WebSite\",\"@id\":\"https:\/\/klimavex.eu\/sk\/#website\",\"url\":\"https:\/\/klimavex.eu\/sk\/\",\"name\":\"KLIMAVEX GROUP - Slovensko\",\"description\":\"\",\"publisher\":{\"@id\":\"https:\/\/klimavex.eu\/sk\/#organization\"},\"alternateName\":\"KLIMAVEX a.s.\",\"potentialAction\":[{\"@type\":\"SearchAction\",\"target\":{\"@type\":\"EntryPoint\",\"urlTemplate\":\"https:\/\/klimavex.eu\/sk\/?s={search_term_string}\"},\"query-input\":{\"@type\":\"PropertyValueSpecification\",\"valueRequired\":true,\"valueName\":\"search_term_string\"}}],\"inLanguage\":\"sk-SK\"},{\"@type\":\"Organization\",\"@id\":\"https:\/\/klimavex.eu\/sk\/#organization\",\"name\":\"KLIMAVEX GROUP\",\"alternateName\":\"KLIMAVEX a.s.\",\"url\":\"https:\/\/klimavex.eu\/sk\/\",\"logo\":{\"@type\":\"ImageObject\",\"inLanguage\":\"sk-SK\",\"@id\":\"https:\/\/klimavex.eu\/sk\/#\/schema\/logo\/image\/\",\"url\":\"https:\/\/klimavex.eu\/sk\/wp-content\/uploads\/2024\/04\/Klimavex-Group-logo.png\",\"contentUrl\":\"https:\/\/klimavex.eu\/sk\/wp-content\/uploads\/2024\/04\/Klimavex-Group-logo.png\",\"width\":1681,\"height\":472,\"caption\":\"KLIMAVEX GROUP\"},\"image\":{\"@id\":\"https:\/\/klimavex.eu\/sk\/#\/schema\/logo\/image\/\"},\"sameAs\":[\"https:\/\/www.facebook.com\/klimavex\",\"https:\/\/www.instagram.com\/klimavex_sk\/\"]}]}<\/script>\n<!-- \/ Yoast SEO plugin. -->","yoast_head_json":{"title":"Pr\u00edslu\u0161enstvo Giwee AHU KIT EEV BOX pre VRF 45-61,5 kW GCHV-AHU-EXV22 - KLIMAVEX GROUP - Slovensko","robots":{"index":"index","follow":"follow","max-snippet":"max-snippet:-1","max-image-preview":"max-image-preview:large","max-video-preview":"max-video-preview:-1"},"canonical":"https:\/\/klimavex.eu\/sk\/katalog\/ahu-kit-eev-box-pre-vrf-giwee-gchv-ahu-exv22\/","og_locale":"sk_SK","og_type":"article","og_title":"Pr\u00edslu\u0161enstvo Giwee AHU KIT EEV BOX pre VRF 45-61,5 kW GCHV-AHU-EXV22 - KLIMAVEX GROUP - Slovensko","og_description":"Box s expanzn\u00fdm ventilom 45,0kW a\u017e 61,5kW, vy\u017eaduje PCB BOX.","og_url":"https:\/\/klimavex.eu\/sk\/katalog\/ahu-kit-eev-box-pre-vrf-giwee-gchv-ahu-exv22\/","og_site_name":"KLIMAVEX GROUP - Slovensko","article_publisher":"https:\/\/www.facebook.com\/klimavex","article_modified_time":"2026-03-31T16:27:42+00:00","og_image":[{"width":512,"height":676,"url":"https:\/\/klimavex.eu\/sk\/wp-content\/uploads\/2025\/09\/jut4apr7dljDr9dMEDi1xu-TgQRiqdi1ECwN7I6rgPA-1.png","type":"image\/png"}],"twitter_card":"summary_large_image","schema":{"@context":"https:\/\/schema.org","@graph":[{"@type":"WebPage","@id":"https:\/\/klimavex.eu\/sk\/katalog\/ahu-kit-eev-box-pre-vrf-giwee-gchv-ahu-exv22\/","url":"https:\/\/klimavex.eu\/sk\/katalog\/ahu-kit-eev-box-pre-vrf-giwee-gchv-ahu-exv22\/","name":"Pr\u00edslu\u0161enstvo Giwee AHU KIT EEV BOX pre VRF 45-61,5 kW GCHV-AHU-EXV22 - KLIMAVEX GROUP - Slovensko","isPartOf":{"@id":"https:\/\/klimavex.eu\/sk\/#website"},"primaryImageOfPage":{"@id":"https:\/\/klimavex.eu\/sk\/katalog\/ahu-kit-eev-box-pre-vrf-giwee-gchv-ahu-exv22\/#primaryimage"},"image":{"@id":"https:\/\/klimavex.eu\/sk\/katalog\/ahu-kit-eev-box-pre-vrf-giwee-gchv-ahu-exv22\/#primaryimage"},"thumbnailUrl":"https:\/\/klimavex.eu\/sk\/wp-content\/uploads\/2025\/09\/jut4apr7dljDr9dMEDi1xu-TgQRiqdi1ECwN7I6rgPA-1.png","datePublished":"2026-03-31T16:26:44+00:00","dateModified":"2026-03-31T16:27:42+00:00","breadcrumb":{"@id":"https:\/\/klimavex.eu\/sk\/katalog\/ahu-kit-eev-box-pre-vrf-giwee-gchv-ahu-exv22\/#breadcrumb"},"inLanguage":"sk-SK","potentialAction":[{"@type":"ReadAction","target":["https:\/\/klimavex.eu\/sk\/katalog\/ahu-kit-eev-box-pre-vrf-giwee-gchv-ahu-exv22\/"]}]},{"@type":"ImageObject","inLanguage":"sk-SK","@id":"https:\/\/klimavex.eu\/sk\/katalog\/ahu-kit-eev-box-pre-vrf-giwee-gchv-ahu-exv22\/#primaryimage","url":"https:\/\/klimavex.eu\/sk\/wp-content\/uploads\/2025\/09\/jut4apr7dljDr9dMEDi1xu-TgQRiqdi1ECwN7I6rgPA-1.png","contentUrl":"https:\/\/klimavex.eu\/sk\/wp-content\/uploads\/2025\/09\/jut4apr7dljDr9dMEDi1xu-TgQRiqdi1ECwN7I6rgPA-1.png","width":512,"height":676},{"@type":"BreadcrumbList","@id":"https:\/\/klimavex.eu\/sk\/katalog\/ahu-kit-eev-box-pre-vrf-giwee-gchv-ahu-exv22\/#breadcrumb","itemListElement":[{"@type":"ListItem","position":1,"name":"Domovsk\u00e1 str\u00e1nka","item":"https:\/\/klimavex.eu\/sk\/"},{"@type":"ListItem","position":2,"name":"Eshop","item":"https:\/\/klimavex.eu\/sk\/eshop\/"},{"@type":"ListItem","position":3,"name":"AHU kit EEV BOX pre VRF &#8211; GIWEE GCHV-AHU-EXV22"}]},{"@type":"WebSite","@id":"https:\/\/klimavex.eu\/sk\/#website","url":"https:\/\/klimavex.eu\/sk\/","name":"KLIMAVEX GROUP - Slovensko","description":"","publisher":{"@id":"https:\/\/klimavex.eu\/sk\/#organization"},"alternateName":"KLIMAVEX a.s.","potentialAction":[{"@type":"SearchAction","target":{"@type":"EntryPoint","urlTemplate":"https:\/\/klimavex.eu\/sk\/?s={search_term_string}"},"query-input":{"@type":"PropertyValueSpecification","valueRequired":true,"valueName":"search_term_string"}}],"inLanguage":"sk-SK"},{"@type":"Organization","@id":"https:\/\/klimavex.eu\/sk\/#organization","name":"KLIMAVEX GROUP","alternateName":"KLIMAVEX a.s.","url":"https:\/\/klimavex.eu\/sk\/","logo":{"@type":"ImageObject","inLanguage":"sk-SK","@id":"https:\/\/klimavex.eu\/sk\/#\/schema\/logo\/image\/","url":"https:\/\/klimavex.eu\/sk\/wp-content\/uploads\/2024\/04\/Klimavex-Group-logo.png","contentUrl":"https:\/\/klimavex.eu\/sk\/wp-content\/uploads\/2024\/04\/Klimavex-Group-logo.png","width":1681,"height":472,"caption":"KLIMAVEX GROUP"},"image":{"@id":"https:\/\/klimavex.eu\/sk\/#\/schema\/logo\/image\/"},"sameAs":["https:\/\/www.facebook.com\/klimavex","https:\/\/www.instagram.com\/klimavex_sk\/"]}]}},"_links":{"self":[{"href":"https:\/\/klimavex.eu\/sk\/wp-json\/wp\/v2\/product\/476482","targetHints":{"allow":["GET"]}}],"collection":[{"href":"https:\/\/klimavex.eu\/sk\/wp-json\/wp\/v2\/product"}],"about":[{"href":"https:\/\/klimavex.eu\/sk\/wp-json\/wp\/v2\/types\/product"}],"version-history":[{"count":0,"href":"https:\/\/klimavex.eu\/sk\/wp-json\/wp\/v2\/product\/476482\/revisions"}],"wp:featuredmedia":[{"embeddable":true,"href":"https:\/\/klimavex.eu\/sk\/wp-json\/wp\/v2\/media\/481332"}],"wp:attachment":[{"href":"https:\/\/klimavex.eu\/sk\/wp-json\/wp\/v2\/media?parent=476482"}],"wp:term":[{"taxonomy":"product_cat","embeddable":true,"href":"https:\/\/klimavex.eu\/sk\/wp-json\/wp\/v2\/product_cat?post=476482"},{"taxonomy":"product_tag","embeddable":true,"href":"https:\/\/klimavex.eu\/sk\/wp-json\/wp\/v2\/product_tag?post=476482"}],"curies":[{"name":"wp","href":"https:\/\/api.w.org\/{rel}","templated":true}]}}