{"id":476502,"date":"2026-04-07T06:49:43","date_gmt":"2026-04-07T04:49:43","guid":{"rendered":"https:\/\/klimavex.eu\/sk\/katalog\/panasonic-nastenna-klimatizacia-tz-compact-cs-mtz16zke\/"},"modified":"2026-04-07T06:50:18","modified_gmt":"2026-04-07T04:50:18","slug":"klimatizacia-panasonic-multisplit-vnutorna-nastenna-mtz16zke-16kw","status":"publish","type":"product","link":"https:\/\/klimavex.eu\/sk\/katalog\/klimatizacia-panasonic-multisplit-vnutorna-nastenna-mtz16zke-16kw\/","title":{"rendered":"Klimatiz\u00e1cia Panasonic multisplit vn\u00fatorn\u00e1 n\u00e1stenn\u00e1 MTZ16ZKE 1,6kW"},"content":{"rendered":"<p style=\"text-align:justify\"><span style=\"font-size:11pt\"><span style=\"font-family:Calibri,sans-serif\"><strong><span style=\"color:black\">K\u013e&uacute;\u010dov&eacute; vlastnosti<\/span><\/strong><\/span><\/span><\/p>\n<ul>\n<li style=\"text-align:justify\"><span style=\"font-size:11pt\"><span style=\"background-color:white\"><span style=\"font-family:Calibri,sans-serif\">Technol&oacute;gia nanoe&trade; X pre neust&aacute;le zlep&scaron;ovanie ochrany zdravia v interi&eacute;ri, a to v\u010faka gener&aacute;toru nanoe&trade; X Mark 1, ktor&yacute; produkuje a\u017e 4,8 bili&oacute;nov hydroxylov&yacute;ch radik&aacute;lov za sekundu, ktor&eacute; ni\u010dia &scaron;kodliv&eacute; l&aacute;tky<\/span><\/span><\/span><\/li>\n<li><span style=\"font-size:11pt\"><span style=\"font-family:Calibri,sans-serif\"><span style=\"color:black\">Technol&oacute;gia Aerowings sl&uacute;\u017ei na riadenie smeru pr&uacute;denia vzduchu<\/span><\/span><\/span><\/li>\n<li><span style=\"font-size:11pt\"><span style=\"font-family:Calibri,sans-serif\"><span style=\"color:black\">Vstavan&yacute; modul Wi-Fi sl&uacute;\u017ei na pokro\u010dil&eacute; ovl&aacute;danie cez internet<\/span><\/span><\/span><\/li>\n<li><span style=\"font-size:11pt\"><span style=\"font-family:Calibri,sans-serif\"><span style=\"color:black\">Sofistikovan&eacute; ovl&aacute;danie smartf&oacute;nom<\/span><\/span><\/span><\/li>\n<li><span style=\"font-size:11pt\"><span style=\"font-family:Calibri,sans-serif\"><span style=\"color:black\">Kompatibiln&yacute; s hlasov&yacute;mi asistentmi Google Assistant a Amazon Alexa<\/span><\/span><\/span><\/li>\n<li><span style=\"font-size:11pt\"><span style=\"font-family:Calibri,sans-serif\"><span style=\"color:black\">Mimoriadne kompaktn&yacute; dizajn so &scaron;&iacute;rkou iba 779 mm<\/span><\/span><\/span><\/li>\n<li><span style=\"font-size:11pt\"><span style=\"font-family:Calibri,sans-serif\"><span style=\"color:black\">Mimoriadne tich&yacute; chod<\/span><\/span><\/span><\/li>\n<li><span style=\"font-size:11pt\"><span style=\"font-family:Calibri,sans-serif\"><span style=\"color:black\">Ekologick&eacute; chladivo R32<\/span><\/span><\/span><\/li>\n<li><span style=\"font-size:11pt\"><span style=\"font-family:Calibri,sans-serif\"><span style=\"color:black\">Kompatibiln&yacute; s multisplit<\/span><\/span><\/span><\/li>\n<\/ul>\n","protected":false},"excerpt":{"rendered":"<p style=\"text-align:justify\"><span style=\"font-size:11pt\"><span style=\"font-family:Calibri,sans-serif\"><span style=\"color:black\">Vn&uacute;torn&aacute; jednotka <strong>Panasonic TZ <\/strong>je <strong>n&aacute;stenn&aacute; klimatiz&aacute;cia pre multisplit <\/strong>aplik&aacute;ciu, vhodn&aacute; pre in&scaron;tal&aacute;ciu <strong>do bytu alebo domu<\/strong>. Ide o dokonal&uacute; klimatiz&aacute;ciu <strong>pre najmen&scaron;ie priestory <\/strong>dom&aacute;cnost&iacute;. Syst&eacute;m sa m&ocirc;\u017ee pochv&aacute;li\u0165 elegantnou a kompaktnou vn&uacute;tornou jednotkou <strong>o &scaron;&iacute;rke iba 779 mm<\/strong>. Jednotka s bielym dizajnom pon&uacute;ka skvel&uacute; energetick&uacute; &uacute;\u010dinnos\u0165 a\u017e A++ pri chladen&iacute; a vykurovan&iacute;, ale aj <strong>technol&oacute;giu nanoe<\/strong><\/span><strong>&trade;<span style=\"color:black\"> X <\/span><\/strong><span style=\"color:black\">pre boj proti &scaron;kodliv&yacute;m l&aacute;tkam v interi&eacute;ri.<\/span><\/span><\/span><\/p>\n","protected":false},"featured_media":481373,"template":"","meta":[],"product_cat":[196,198,403,195,343,734],"product_tag":[],"class_list":{"0":"post-476502","1":"product","2":"type-product","3":"status-publish","4":"has-post-thumbnail","6":"product_cat-podla-znacky","7":"product_cat-podla-typu","8":"product_cat-panasonic-podla-znacky","9":"product_cat-klimatizacie","10":"product_cat-multisplity","11":"product_cat-multisplit-panasonic-podla-znacky","12":"pa_chladiaci-vykon-3689","13":"pa_farba-vnutornej-jednotky-biela","14":"pa_filtracia-vzduchu-pm-25","15":"pa_hlucnost-vnutornej-jednotky-3369","16":"pa_multisplit-vnutorna-nastenna-15","17":"pa_prevedenie-multisplit-vnutorna","18":"pa_typ-chladiva-r32","19":"pa_vykonovy-model-3686","20":"pa_vykurovaci-vykon-3690","21":"pa_wifi-ovladanie-volitelne","22":"pa_znacka-panasonic","24":"first","25":"instock","26":"taxable","27":"shipping-taxable","28":"purchasable","29":"product-type-simple"},"yoast_head":"<!-- This site is optimized with the Yoast SEO plugin v23.9 - https:\/\/yoast.com\/wordpress\/plugins\/seo\/ -->\n<title>Klimatiz\u00e1cia Panasonic multisplit vn\u00fatorn\u00e1 n\u00e1stenn\u00e1 MTZ16ZKE 1,6kW - KLIMAVEX GROUP - Slovensko<\/title>\n<meta name=\"robots\" content=\"index, follow, max-snippet:-1, max-image-preview:large, max-video-preview:-1\" \/>\n<link rel=\"canonical\" href=\"https:\/\/klimavex.eu\/sk\/katalog\/panasonic-nastenna-klimatizacia-tz-compact-cs-mtz16zke\/\" \/>\n<meta property=\"og:locale\" content=\"sk_SK\" \/>\n<meta property=\"og:type\" content=\"article\" \/>\n<meta property=\"og:title\" content=\"Klimatiz\u00e1cia Panasonic multisplit vn\u00fatorn\u00e1 n\u00e1stenn\u00e1 MTZ16ZKE 1,6kW - KLIMAVEX GROUP - Slovensko\" \/>\n<meta property=\"og:description\" content=\"Vn&uacute;torn&aacute; jednotka Panasonic TZ je n&aacute;stenn&aacute; klimatiz&aacute;cia pre multisplit aplik&aacute;ciu, vhodn&aacute; pre in&scaron;tal&aacute;ciu do bytu alebo domu. Ide o dokonal&uacute; klimatiz&aacute;ciu pre najmen&scaron;ie priestory dom&aacute;cnost&iacute;. Syst&eacute;m sa m&ocirc;\u017ee pochv&aacute;li\u0165 elegantnou a kompaktnou vn&uacute;tornou jednotkou o &scaron;&iacute;rke iba 779 mm. Jednotka s bielym dizajnom pon&uacute;ka skvel&uacute; energetick&uacute; &uacute;\u010dinnos\u0165 a\u017e A++ pri chladen&iacute; a vykurovan&iacute;, ale aj technol&oacute;giu nanoe&trade; X pre boj proti &scaron;kodliv&yacute;m l&aacute;tkam v interi&eacute;ri.\" \/>\n<meta property=\"og:url\" content=\"https:\/\/klimavex.eu\/sk\/katalog\/panasonic-nastenna-klimatizacia-tz-compact-cs-mtz16zke\/\" \/>\n<meta property=\"og:site_name\" content=\"KLIMAVEX GROUP - Slovensko\" \/>\n<meta property=\"article:publisher\" content=\"https:\/\/www.facebook.com\/klimavex\" \/>\n<meta property=\"article:modified_time\" content=\"2026-04-07T04:50:18+00:00\" \/>\n<meta property=\"og:image\" content=\"https:\/\/klimavex.eu\/sk\/wp-content\/uploads\/2025\/09\/btDgemVyVQJuJ-cNTFmlMWyhzJBJL8rvrs6BJSbZJB0-7.jpeg\" \/>\n\t<meta property=\"og:image:width\" content=\"458\" \/>\n\t<meta property=\"og:image:height\" content=\"458\" \/>\n\t<meta property=\"og:image:type\" content=\"image\/jpeg\" \/>\n<meta name=\"twitter:card\" content=\"summary_large_image\" \/>\n<meta name=\"twitter:label1\" content=\"Predpokladan\u00fd \u010das \u010d\u00edtania\" \/>\n\t<meta name=\"twitter:data1\" content=\"1 min\u00fata\" \/>\n<script type=\"application\/ld+json\" class=\"yoast-schema-graph\">{\"@context\":\"https:\/\/schema.org\",\"@graph\":[{\"@type\":\"WebPage\",\"@id\":\"https:\/\/klimavex.eu\/sk\/katalog\/panasonic-nastenna-klimatizacia-tz-compact-cs-mtz16zke\/\",\"url\":\"https:\/\/klimavex.eu\/sk\/katalog\/panasonic-nastenna-klimatizacia-tz-compact-cs-mtz16zke\/\",\"name\":\"Klimatiz\u00e1cia Panasonic multisplit vn\u00fatorn\u00e1 n\u00e1stenn\u00e1 MTZ16ZKE 1,6kW - KLIMAVEX GROUP - Slovensko\",\"isPartOf\":{\"@id\":\"https:\/\/klimavex.eu\/sk\/#website\"},\"primaryImageOfPage\":{\"@id\":\"https:\/\/klimavex.eu\/sk\/katalog\/panasonic-nastenna-klimatizacia-tz-compact-cs-mtz16zke\/#primaryimage\"},\"image\":{\"@id\":\"https:\/\/klimavex.eu\/sk\/katalog\/panasonic-nastenna-klimatizacia-tz-compact-cs-mtz16zke\/#primaryimage\"},\"thumbnailUrl\":\"https:\/\/klimavex.eu\/sk\/wp-content\/uploads\/2025\/09\/btDgemVyVQJuJ-cNTFmlMWyhzJBJL8rvrs6BJSbZJB0-7.jpeg\",\"datePublished\":\"2026-04-07T04:49:43+00:00\",\"dateModified\":\"2026-04-07T04:50:18+00:00\",\"breadcrumb\":{\"@id\":\"https:\/\/klimavex.eu\/sk\/katalog\/panasonic-nastenna-klimatizacia-tz-compact-cs-mtz16zke\/#breadcrumb\"},\"inLanguage\":\"sk-SK\",\"potentialAction\":[{\"@type\":\"ReadAction\",\"target\":[\"https:\/\/klimavex.eu\/sk\/katalog\/panasonic-nastenna-klimatizacia-tz-compact-cs-mtz16zke\/\"]}]},{\"@type\":\"ImageObject\",\"inLanguage\":\"sk-SK\",\"@id\":\"https:\/\/klimavex.eu\/sk\/katalog\/panasonic-nastenna-klimatizacia-tz-compact-cs-mtz16zke\/#primaryimage\",\"url\":\"https:\/\/klimavex.eu\/sk\/wp-content\/uploads\/2025\/09\/btDgemVyVQJuJ-cNTFmlMWyhzJBJL8rvrs6BJSbZJB0-7.jpeg\",\"contentUrl\":\"https:\/\/klimavex.eu\/sk\/wp-content\/uploads\/2025\/09\/btDgemVyVQJuJ-cNTFmlMWyhzJBJL8rvrs6BJSbZJB0-7.jpeg\",\"width\":458,\"height\":458},{\"@type\":\"BreadcrumbList\",\"@id\":\"https:\/\/klimavex.eu\/sk\/katalog\/panasonic-nastenna-klimatizacia-tz-compact-cs-mtz16zke\/#breadcrumb\",\"itemListElement\":[{\"@type\":\"ListItem\",\"position\":1,\"name\":\"Domovsk\u00e1 str\u00e1nka\",\"item\":\"https:\/\/klimavex.eu\/sk\/\"},{\"@type\":\"ListItem\",\"position\":2,\"name\":\"Eshop\",\"item\":\"https:\/\/klimavex.eu\/sk\/eshop\/\"},{\"@type\":\"ListItem\",\"position\":3,\"name\":\"Panasonic n\u00e1stenn\u00e1 klimatiz\u00e1cia TZ Compact CS-MTZ16ZKE\"}]},{\"@type\":\"WebSite\",\"@id\":\"https:\/\/klimavex.eu\/sk\/#website\",\"url\":\"https:\/\/klimavex.eu\/sk\/\",\"name\":\"KLIMAVEX GROUP - Slovensko\",\"description\":\"\",\"publisher\":{\"@id\":\"https:\/\/klimavex.eu\/sk\/#organization\"},\"alternateName\":\"KLIMAVEX a.s.\",\"potentialAction\":[{\"@type\":\"SearchAction\",\"target\":{\"@type\":\"EntryPoint\",\"urlTemplate\":\"https:\/\/klimavex.eu\/sk\/?s={search_term_string}\"},\"query-input\":{\"@type\":\"PropertyValueSpecification\",\"valueRequired\":true,\"valueName\":\"search_term_string\"}}],\"inLanguage\":\"sk-SK\"},{\"@type\":\"Organization\",\"@id\":\"https:\/\/klimavex.eu\/sk\/#organization\",\"name\":\"KLIMAVEX GROUP\",\"alternateName\":\"KLIMAVEX a.s.\",\"url\":\"https:\/\/klimavex.eu\/sk\/\",\"logo\":{\"@type\":\"ImageObject\",\"inLanguage\":\"sk-SK\",\"@id\":\"https:\/\/klimavex.eu\/sk\/#\/schema\/logo\/image\/\",\"url\":\"https:\/\/klimavex.eu\/sk\/wp-content\/uploads\/2024\/04\/Klimavex-Group-logo.png\",\"contentUrl\":\"https:\/\/klimavex.eu\/sk\/wp-content\/uploads\/2024\/04\/Klimavex-Group-logo.png\",\"width\":1681,\"height\":472,\"caption\":\"KLIMAVEX GROUP\"},\"image\":{\"@id\":\"https:\/\/klimavex.eu\/sk\/#\/schema\/logo\/image\/\"},\"sameAs\":[\"https:\/\/www.facebook.com\/klimavex\",\"https:\/\/www.instagram.com\/klimavex_sk\/\"]}]}<\/script>\n<!-- \/ Yoast SEO plugin. -->","yoast_head_json":{"title":"Klimatiz\u00e1cia Panasonic multisplit vn\u00fatorn\u00e1 n\u00e1stenn\u00e1 MTZ16ZKE 1,6kW - KLIMAVEX GROUP - Slovensko","robots":{"index":"index","follow":"follow","max-snippet":"max-snippet:-1","max-image-preview":"max-image-preview:large","max-video-preview":"max-video-preview:-1"},"canonical":"https:\/\/klimavex.eu\/sk\/katalog\/panasonic-nastenna-klimatizacia-tz-compact-cs-mtz16zke\/","og_locale":"sk_SK","og_type":"article","og_title":"Klimatiz\u00e1cia Panasonic multisplit vn\u00fatorn\u00e1 n\u00e1stenn\u00e1 MTZ16ZKE 1,6kW - KLIMAVEX GROUP - Slovensko","og_description":"Vn&uacute;torn&aacute; jednotka Panasonic TZ je n&aacute;stenn&aacute; klimatiz&aacute;cia pre multisplit aplik&aacute;ciu, vhodn&aacute; pre in&scaron;tal&aacute;ciu do bytu alebo domu. Ide o dokonal&uacute; klimatiz&aacute;ciu pre najmen&scaron;ie priestory dom&aacute;cnost&iacute;. Syst&eacute;m sa m&ocirc;\u017ee pochv&aacute;li\u0165 elegantnou a kompaktnou vn&uacute;tornou jednotkou o &scaron;&iacute;rke iba 779 mm. Jednotka s bielym dizajnom pon&uacute;ka skvel&uacute; energetick&uacute; &uacute;\u010dinnos\u0165 a\u017e A++ pri chladen&iacute; a vykurovan&iacute;, ale aj technol&oacute;giu nanoe&trade; X pre boj proti &scaron;kodliv&yacute;m l&aacute;tkam v interi&eacute;ri.","og_url":"https:\/\/klimavex.eu\/sk\/katalog\/panasonic-nastenna-klimatizacia-tz-compact-cs-mtz16zke\/","og_site_name":"KLIMAVEX GROUP - Slovensko","article_publisher":"https:\/\/www.facebook.com\/klimavex","article_modified_time":"2026-04-07T04:50:18+00:00","og_image":[{"width":458,"height":458,"url":"https:\/\/klimavex.eu\/sk\/wp-content\/uploads\/2025\/09\/btDgemVyVQJuJ-cNTFmlMWyhzJBJL8rvrs6BJSbZJB0-7.jpeg","type":"image\/jpeg"}],"twitter_card":"summary_large_image","twitter_misc":{"Predpokladan\u00fd \u010das \u010d\u00edtania":"1 min\u00fata"},"schema":{"@context":"https:\/\/schema.org","@graph":[{"@type":"WebPage","@id":"https:\/\/klimavex.eu\/sk\/katalog\/panasonic-nastenna-klimatizacia-tz-compact-cs-mtz16zke\/","url":"https:\/\/klimavex.eu\/sk\/katalog\/panasonic-nastenna-klimatizacia-tz-compact-cs-mtz16zke\/","name":"Klimatiz\u00e1cia Panasonic multisplit vn\u00fatorn\u00e1 n\u00e1stenn\u00e1 MTZ16ZKE 1,6kW - KLIMAVEX GROUP - Slovensko","isPartOf":{"@id":"https:\/\/klimavex.eu\/sk\/#website"},"primaryImageOfPage":{"@id":"https:\/\/klimavex.eu\/sk\/katalog\/panasonic-nastenna-klimatizacia-tz-compact-cs-mtz16zke\/#primaryimage"},"image":{"@id":"https:\/\/klimavex.eu\/sk\/katalog\/panasonic-nastenna-klimatizacia-tz-compact-cs-mtz16zke\/#primaryimage"},"thumbnailUrl":"https:\/\/klimavex.eu\/sk\/wp-content\/uploads\/2025\/09\/btDgemVyVQJuJ-cNTFmlMWyhzJBJL8rvrs6BJSbZJB0-7.jpeg","datePublished":"2026-04-07T04:49:43+00:00","dateModified":"2026-04-07T04:50:18+00:00","breadcrumb":{"@id":"https:\/\/klimavex.eu\/sk\/katalog\/panasonic-nastenna-klimatizacia-tz-compact-cs-mtz16zke\/#breadcrumb"},"inLanguage":"sk-SK","potentialAction":[{"@type":"ReadAction","target":["https:\/\/klimavex.eu\/sk\/katalog\/panasonic-nastenna-klimatizacia-tz-compact-cs-mtz16zke\/"]}]},{"@type":"ImageObject","inLanguage":"sk-SK","@id":"https:\/\/klimavex.eu\/sk\/katalog\/panasonic-nastenna-klimatizacia-tz-compact-cs-mtz16zke\/#primaryimage","url":"https:\/\/klimavex.eu\/sk\/wp-content\/uploads\/2025\/09\/btDgemVyVQJuJ-cNTFmlMWyhzJBJL8rvrs6BJSbZJB0-7.jpeg","contentUrl":"https:\/\/klimavex.eu\/sk\/wp-content\/uploads\/2025\/09\/btDgemVyVQJuJ-cNTFmlMWyhzJBJL8rvrs6BJSbZJB0-7.jpeg","width":458,"height":458},{"@type":"BreadcrumbList","@id":"https:\/\/klimavex.eu\/sk\/katalog\/panasonic-nastenna-klimatizacia-tz-compact-cs-mtz16zke\/#breadcrumb","itemListElement":[{"@type":"ListItem","position":1,"name":"Domovsk\u00e1 str\u00e1nka","item":"https:\/\/klimavex.eu\/sk\/"},{"@type":"ListItem","position":2,"name":"Eshop","item":"https:\/\/klimavex.eu\/sk\/eshop\/"},{"@type":"ListItem","position":3,"name":"Panasonic n\u00e1stenn\u00e1 klimatiz\u00e1cia TZ Compact CS-MTZ16ZKE"}]},{"@type":"WebSite","@id":"https:\/\/klimavex.eu\/sk\/#website","url":"https:\/\/klimavex.eu\/sk\/","name":"KLIMAVEX GROUP - Slovensko","description":"","publisher":{"@id":"https:\/\/klimavex.eu\/sk\/#organization"},"alternateName":"KLIMAVEX a.s.","potentialAction":[{"@type":"SearchAction","target":{"@type":"EntryPoint","urlTemplate":"https:\/\/klimavex.eu\/sk\/?s={search_term_string}"},"query-input":{"@type":"PropertyValueSpecification","valueRequired":true,"valueName":"search_term_string"}}],"inLanguage":"sk-SK"},{"@type":"Organization","@id":"https:\/\/klimavex.eu\/sk\/#organization","name":"KLIMAVEX GROUP","alternateName":"KLIMAVEX a.s.","url":"https:\/\/klimavex.eu\/sk\/","logo":{"@type":"ImageObject","inLanguage":"sk-SK","@id":"https:\/\/klimavex.eu\/sk\/#\/schema\/logo\/image\/","url":"https:\/\/klimavex.eu\/sk\/wp-content\/uploads\/2024\/04\/Klimavex-Group-logo.png","contentUrl":"https:\/\/klimavex.eu\/sk\/wp-content\/uploads\/2024\/04\/Klimavex-Group-logo.png","width":1681,"height":472,"caption":"KLIMAVEX GROUP"},"image":{"@id":"https:\/\/klimavex.eu\/sk\/#\/schema\/logo\/image\/"},"sameAs":["https:\/\/www.facebook.com\/klimavex","https:\/\/www.instagram.com\/klimavex_sk\/"]}]}},"_links":{"self":[{"href":"https:\/\/klimavex.eu\/sk\/wp-json\/wp\/v2\/product\/476502","targetHints":{"allow":["GET"]}}],"collection":[{"href":"https:\/\/klimavex.eu\/sk\/wp-json\/wp\/v2\/product"}],"about":[{"href":"https:\/\/klimavex.eu\/sk\/wp-json\/wp\/v2\/types\/product"}],"version-history":[{"count":0,"href":"https:\/\/klimavex.eu\/sk\/wp-json\/wp\/v2\/product\/476502\/revisions"}],"wp:featuredmedia":[{"embeddable":true,"href":"https:\/\/klimavex.eu\/sk\/wp-json\/wp\/v2\/media\/481373"}],"wp:attachment":[{"href":"https:\/\/klimavex.eu\/sk\/wp-json\/wp\/v2\/media?parent=476502"}],"wp:term":[{"taxonomy":"product_cat","embeddable":true,"href":"https:\/\/klimavex.eu\/sk\/wp-json\/wp\/v2\/product_cat?post=476502"},{"taxonomy":"product_tag","embeddable":true,"href":"https:\/\/klimavex.eu\/sk\/wp-json\/wp\/v2\/product_tag?post=476502"}],"curies":[{"name":"wp","href":"https:\/\/api.w.org\/{rel}","templated":true}]}}