{"id":476518,"date":"2026-04-23T22:52:55","date_gmt":"2026-04-23T20:52:55","guid":{"rendered":"https:\/\/klimavex.eu\/sk\/katalog\/airwell-nastenna-klimatizacia-hdmb-025\/"},"modified":"2026-04-23T22:53:12","modified_gmt":"2026-04-23T20:53:12","slug":"klimatizacia-airwell-split-nastenna-hdmb-025-r32-230v-25kw","status":"publish","type":"product","link":"https:\/\/klimavex.eu\/sk\/katalog\/klimatizacia-airwell-split-nastenna-hdmb-025-r32-230v-25kw\/","title":{"rendered":"Klimatiz\u00e1cia Airwell split n\u00e1stenn\u00e1 HDMB 025 R32 230V 2,5kW"},"content":{"rendered":"<p style=\"text-align:justify\"><span style=\"font-size:11pt\"><span style=\"font-family:Calibri,sans-serif\"><strong>K\u013e&uacute;\u010dov&eacute; vlastnosti<\/strong><\/span><\/span><\/p>\n<ul>\n<li style=\"text-align:justify\"><span style=\"font-size:11pt\"><span style=\"font-family:Calibri,sans-serif\">Infraovl&aacute;danie RC19<\/span><\/span><\/li>\n<li style=\"text-align:justify\"><span style=\"font-size:11pt\"><span style=\"font-family:Calibri,sans-serif\">Pr&eacute;miov&yacute; dizajn<\/span><\/span><\/li>\n<li style=\"text-align:justify\"><span style=\"font-size:11pt\"><span style=\"font-family:Calibri,sans-serif\">Vysoko &uacute;\u010dinn&aacute; filtr&aacute;cia a ioniz&aacute;tor<\/span><\/span><\/li>\n<li style=\"text-align:justify\"><span style=\"font-size:11pt\"><span style=\"font-family:Calibri,sans-serif\">Tich&aacute; prev&aacute;dzka<\/span><\/span><\/li>\n<li style=\"text-align:justify\"><span style=\"font-size:11pt\"><span style=\"font-family:Calibri,sans-serif\">Kompatibiln&eacute; pre split aj multisplit aplik&aacute;cie<\/span><\/span><\/li>\n<li style=\"text-align:justify\"><span style=\"font-size:11pt\"><span style=\"font-family:Calibri,sans-serif\">Golden Fin &ndash; pozl&aacute;ten&eacute; lamely v&yacute;menn&iacute;kov vn&uacute;tornej i vonkaj&scaron;ej jednotky pre zv&yacute;&scaron;en&uacute; odolnos\u0165 vo\u010di kor&oacute;zii a dlh&scaron;iu \u017eivotnos\u0165<\/span><\/span><\/li>\n<li style=\"text-align:justify\"><span style=\"font-size:11pt\"><span style=\"font-family:Calibri,sans-serif\">I FEEL &ndash; prec&iacute;zna regul&aacute;cia teploty pod\u013ea sn&iacute;ma\u010da umiestnen&eacute;ho v dia\u013ekovom ovl&aacute;da\u010di<\/span><\/span><\/li>\n<li style=\"text-align:justify\"><span style=\"font-size:11pt\"><span style=\"font-family:Calibri,sans-serif\">Vysok&aacute; energetick&aacute; &uacute;\u010dinnos\u0165 (A+++ a A++)<\/span><\/span><\/li>\n<li style=\"text-align:justify\"><span style=\"font-size:11pt\"><span style=\"font-family:Calibri,sans-serif\">Zabudovan&yacute; Wi-Fi modul<\/span><\/span><\/li>\n<li style=\"text-align:justify\"><span style=\"font-size:11pt\"><span style=\"font-family:Calibri,sans-serif\">Ovl&aacute;danie pomocou mobilnej aplik&aacute;cie<\/span><\/span><\/li>\n<li style=\"text-align:justify\"><span style=\"font-size:11pt\"><span style=\"font-family:Calibri,sans-serif\">Tich&yacute; re\u017eim<\/span><\/span><\/li>\n<li style=\"text-align:justify\"><span style=\"font-size:11pt\"><span style=\"font-family:Calibri,sans-serif\">\u010cistenie vzduchu<\/span><\/span><\/li>\n<li style=\"text-align:justify\"><span style=\"font-size:11pt\"><span style=\"font-family:Calibri,sans-serif\">Servisn&yacute; re\u017eim pre zobrazenie tepl&ocirc;t sn&iacute;ma\u010dov<\/span><\/span><\/li>\n<li style=\"text-align:justify\"><span style=\"font-size:11pt\"><span style=\"font-family:Calibri,sans-serif\">Technick&yacute; re\u017eim pre nastavenie prev&aacute;dzky<\/span><\/span><\/li>\n<li style=\"text-align:justify\"><span style=\"font-size:11pt\"><span style=\"font-family:Calibri,sans-serif\">Odvod kondenz&aacute;tu z pravej alebo \u013eavej strany<\/span><\/span><\/li>\n<\/ul>\n","protected":false},"excerpt":{"rendered":"<p style=\"text-align:justify\"><span style=\"font-size:11pt\"><span style=\"font-family:Calibri,sans-serif\">Jednotky <strong>Airwell Harmonia HDMB <\/strong>s&uacute; spo\u013eahliv&eacute; n&aacute;stenn&eacute; klimatiza\u010dn&eacute; jednotky, ktor&eacute; sa vyzna\u010duj&uacute; technol&oacute;giami <strong>Golden Fin <\/strong>a <strong>I FEEL<\/strong>. Z&aacute;rove\u0148 tie\u017e v&yacute;borne \u010dist&iacute; vzduch cez <strong>nieko\u013eko <\/strong>typov <strong>filtrov<\/strong>. Jednotky s&uacute; energeticky <strong>ve\u013emi &uacute;\u010dinn&eacute; <\/strong>(A+++ v re\u017eime chladenia a A++ v re\u017eime vykurovania) a dok&aacute;\u017eu <strong>vykurova\u0165 a\u017e do -15&deg;C<\/strong>.<\/span><\/span><\/p>\n","protected":false},"featured_media":481415,"template":"","meta":[],"product_cat":[196,230,198,199,197,195],"product_tag":[],"class_list":{"0":"post-476518","1":"product","2":"type-product","3":"status-publish","4":"has-post-thumbnail","6":"product_cat-podla-znacky","7":"product_cat-harmonia-hdmb","8":"product_cat-podla-typu","9":"product_cat-nastenne","10":"product_cat-airwell","11":"product_cat-klimatizacie","12":"pa_chlad-do-von-tep-c-do-15-c","13":"pa_chladiaci-vykon-3336","14":"pa_energeticka-trieda-scop-aplusplus","15":"pa_energeticka-trieda-seer-aplusplusplus","16":"pa_extra-funkcia-ionizer","17":"pa_farba-vnutornej-jednotky-biela","18":"pa_filtracia-vzduchu-vysokoucinna","19":"pa_hlucnost-vnutornej-jednotky-3350","20":"pa_napajanie-1f-230v","21":"pa_prevedenie-nastenny-split","22":"pa_prikon-chladenie-3365","23":"pa_prikon-vykurovanie-3364","24":"pa_typ-chladiva-r32","25":"pa_vyk-do-von-tepl-c-do-15-c","26":"pa_vykonovy-model-3331","27":"pa_vykurovaci-vykon-3363","28":"pa_wifi-ovladanie-zabudovane","29":"pa_znacka-airwell","31":"first","32":"instock","33":"taxable","34":"shipping-taxable","35":"purchasable","36":"product-type-simple"},"yoast_head":"<!-- This site is optimized with the Yoast SEO plugin v23.9 - https:\/\/yoast.com\/wordpress\/plugins\/seo\/ -->\n<title>Klimatiz\u00e1cia Airwell split n\u00e1stenn\u00e1 HDMB 025 R32 230V 2,5kW - KLIMAVEX GROUP - Slovensko<\/title>\n<meta name=\"robots\" content=\"index, follow, max-snippet:-1, max-image-preview:large, max-video-preview:-1\" \/>\n<link rel=\"canonical\" href=\"https:\/\/klimavex.eu\/sk\/katalog\/airwell-nastenna-klimatizacia-hdmb-025\/\" \/>\n<meta property=\"og:locale\" content=\"sk_SK\" \/>\n<meta property=\"og:type\" content=\"article\" \/>\n<meta property=\"og:title\" content=\"Klimatiz\u00e1cia Airwell split n\u00e1stenn\u00e1 HDMB 025 R32 230V 2,5kW - KLIMAVEX GROUP - Slovensko\" \/>\n<meta property=\"og:description\" content=\"Jednotky Airwell Harmonia HDMB s&uacute; spo\u013eahliv&eacute; n&aacute;stenn&eacute; klimatiza\u010dn&eacute; jednotky, ktor&eacute; sa vyzna\u010duj&uacute; technol&oacute;giami Golden Fin a I FEEL. Z&aacute;rove\u0148 tie\u017e v&yacute;borne \u010dist&iacute; vzduch cez nieko\u013eko typov filtrov. Jednotky s&uacute; energeticky ve\u013emi &uacute;\u010dinn&eacute; (A+++ v re\u017eime chladenia a A++ v re\u017eime vykurovania) a dok&aacute;\u017eu vykurova\u0165 a\u017e do -15&deg;C.\" \/>\n<meta property=\"og:url\" content=\"https:\/\/klimavex.eu\/sk\/katalog\/airwell-nastenna-klimatizacia-hdmb-025\/\" \/>\n<meta property=\"og:site_name\" content=\"KLIMAVEX GROUP - Slovensko\" \/>\n<meta property=\"article:publisher\" content=\"https:\/\/www.facebook.com\/klimavex\" \/>\n<meta property=\"article:modified_time\" content=\"2026-04-23T20:53:12+00:00\" \/>\n<meta property=\"og:image\" content=\"https:\/\/klimavex.eu\/sk\/wp-content\/uploads\/2025\/09\/Ii5kbKGoryE4I8DFsaUyzzOBh4vgJPW52ZmvBpTdP0U-3.png\" \/>\n\t<meta property=\"og:image:width\" content=\"550\" \/>\n\t<meta property=\"og:image:height\" content=\"512\" \/>\n\t<meta property=\"og:image:type\" content=\"image\/png\" \/>\n<meta name=\"twitter:card\" content=\"summary_large_image\" \/>\n<meta name=\"twitter:label1\" content=\"Predpokladan\u00fd \u010das \u010d\u00edtania\" \/>\n\t<meta name=\"twitter:data1\" content=\"1 min\u00fata\" \/>\n<script type=\"application\/ld+json\" class=\"yoast-schema-graph\">{\"@context\":\"https:\/\/schema.org\",\"@graph\":[{\"@type\":\"WebPage\",\"@id\":\"https:\/\/klimavex.eu\/sk\/katalog\/airwell-nastenna-klimatizacia-hdmb-025\/\",\"url\":\"https:\/\/klimavex.eu\/sk\/katalog\/airwell-nastenna-klimatizacia-hdmb-025\/\",\"name\":\"Klimatiz\u00e1cia Airwell split n\u00e1stenn\u00e1 HDMB 025 R32 230V 2,5kW - KLIMAVEX GROUP - Slovensko\",\"isPartOf\":{\"@id\":\"https:\/\/klimavex.eu\/sk\/#website\"},\"primaryImageOfPage\":{\"@id\":\"https:\/\/klimavex.eu\/sk\/katalog\/airwell-nastenna-klimatizacia-hdmb-025\/#primaryimage\"},\"image\":{\"@id\":\"https:\/\/klimavex.eu\/sk\/katalog\/airwell-nastenna-klimatizacia-hdmb-025\/#primaryimage\"},\"thumbnailUrl\":\"https:\/\/klimavex.eu\/sk\/wp-content\/uploads\/2025\/09\/Ii5kbKGoryE4I8DFsaUyzzOBh4vgJPW52ZmvBpTdP0U-3.png\",\"datePublished\":\"2026-04-23T20:52:55+00:00\",\"dateModified\":\"2026-04-23T20:53:12+00:00\",\"breadcrumb\":{\"@id\":\"https:\/\/klimavex.eu\/sk\/katalog\/airwell-nastenna-klimatizacia-hdmb-025\/#breadcrumb\"},\"inLanguage\":\"sk-SK\",\"potentialAction\":[{\"@type\":\"ReadAction\",\"target\":[\"https:\/\/klimavex.eu\/sk\/katalog\/airwell-nastenna-klimatizacia-hdmb-025\/\"]}]},{\"@type\":\"ImageObject\",\"inLanguage\":\"sk-SK\",\"@id\":\"https:\/\/klimavex.eu\/sk\/katalog\/airwell-nastenna-klimatizacia-hdmb-025\/#primaryimage\",\"url\":\"https:\/\/klimavex.eu\/sk\/wp-content\/uploads\/2025\/09\/Ii5kbKGoryE4I8DFsaUyzzOBh4vgJPW52ZmvBpTdP0U-3.png\",\"contentUrl\":\"https:\/\/klimavex.eu\/sk\/wp-content\/uploads\/2025\/09\/Ii5kbKGoryE4I8DFsaUyzzOBh4vgJPW52ZmvBpTdP0U-3.png\",\"width\":550,\"height\":512},{\"@type\":\"BreadcrumbList\",\"@id\":\"https:\/\/klimavex.eu\/sk\/katalog\/airwell-nastenna-klimatizacia-hdmb-025\/#breadcrumb\",\"itemListElement\":[{\"@type\":\"ListItem\",\"position\":1,\"name\":\"Domovsk\u00e1 str\u00e1nka\",\"item\":\"https:\/\/klimavex.eu\/sk\/\"},{\"@type\":\"ListItem\",\"position\":2,\"name\":\"Eshop\",\"item\":\"https:\/\/klimavex.eu\/sk\/eshop\/\"},{\"@type\":\"ListItem\",\"position\":3,\"name\":\"Airwell n\u00e1stenn\u00e1 klimatiz\u00e1cia HDMB 025\"}]},{\"@type\":\"WebSite\",\"@id\":\"https:\/\/klimavex.eu\/sk\/#website\",\"url\":\"https:\/\/klimavex.eu\/sk\/\",\"name\":\"KLIMAVEX GROUP - Slovensko\",\"description\":\"\",\"publisher\":{\"@id\":\"https:\/\/klimavex.eu\/sk\/#organization\"},\"alternateName\":\"KLIMAVEX a.s.\",\"potentialAction\":[{\"@type\":\"SearchAction\",\"target\":{\"@type\":\"EntryPoint\",\"urlTemplate\":\"https:\/\/klimavex.eu\/sk\/?s={search_term_string}\"},\"query-input\":{\"@type\":\"PropertyValueSpecification\",\"valueRequired\":true,\"valueName\":\"search_term_string\"}}],\"inLanguage\":\"sk-SK\"},{\"@type\":\"Organization\",\"@id\":\"https:\/\/klimavex.eu\/sk\/#organization\",\"name\":\"KLIMAVEX GROUP\",\"alternateName\":\"KLIMAVEX a.s.\",\"url\":\"https:\/\/klimavex.eu\/sk\/\",\"logo\":{\"@type\":\"ImageObject\",\"inLanguage\":\"sk-SK\",\"@id\":\"https:\/\/klimavex.eu\/sk\/#\/schema\/logo\/image\/\",\"url\":\"https:\/\/klimavex.eu\/sk\/wp-content\/uploads\/2024\/04\/Klimavex-Group-logo.png\",\"contentUrl\":\"https:\/\/klimavex.eu\/sk\/wp-content\/uploads\/2024\/04\/Klimavex-Group-logo.png\",\"width\":1681,\"height\":472,\"caption\":\"KLIMAVEX GROUP\"},\"image\":{\"@id\":\"https:\/\/klimavex.eu\/sk\/#\/schema\/logo\/image\/\"},\"sameAs\":[\"https:\/\/www.facebook.com\/klimavex\",\"https:\/\/www.instagram.com\/klimavex_sk\/\"]}]}<\/script>\n<!-- \/ Yoast SEO plugin. -->","yoast_head_json":{"title":"Klimatiz\u00e1cia Airwell split n\u00e1stenn\u00e1 HDMB 025 R32 230V 2,5kW - KLIMAVEX GROUP - Slovensko","robots":{"index":"index","follow":"follow","max-snippet":"max-snippet:-1","max-image-preview":"max-image-preview:large","max-video-preview":"max-video-preview:-1"},"canonical":"https:\/\/klimavex.eu\/sk\/katalog\/airwell-nastenna-klimatizacia-hdmb-025\/","og_locale":"sk_SK","og_type":"article","og_title":"Klimatiz\u00e1cia Airwell split n\u00e1stenn\u00e1 HDMB 025 R32 230V 2,5kW - KLIMAVEX GROUP - Slovensko","og_description":"Jednotky Airwell Harmonia HDMB s&uacute; spo\u013eahliv&eacute; n&aacute;stenn&eacute; klimatiza\u010dn&eacute; jednotky, ktor&eacute; sa vyzna\u010duj&uacute; technol&oacute;giami Golden Fin a I FEEL. Z&aacute;rove\u0148 tie\u017e v&yacute;borne \u010dist&iacute; vzduch cez nieko\u013eko typov filtrov. Jednotky s&uacute; energeticky ve\u013emi &uacute;\u010dinn&eacute; (A+++ v re\u017eime chladenia a A++ v re\u017eime vykurovania) a dok&aacute;\u017eu vykurova\u0165 a\u017e do -15&deg;C.","og_url":"https:\/\/klimavex.eu\/sk\/katalog\/airwell-nastenna-klimatizacia-hdmb-025\/","og_site_name":"KLIMAVEX GROUP - Slovensko","article_publisher":"https:\/\/www.facebook.com\/klimavex","article_modified_time":"2026-04-23T20:53:12+00:00","og_image":[{"width":550,"height":512,"url":"https:\/\/klimavex.eu\/sk\/wp-content\/uploads\/2025\/09\/Ii5kbKGoryE4I8DFsaUyzzOBh4vgJPW52ZmvBpTdP0U-3.png","type":"image\/png"}],"twitter_card":"summary_large_image","twitter_misc":{"Predpokladan\u00fd \u010das \u010d\u00edtania":"1 min\u00fata"},"schema":{"@context":"https:\/\/schema.org","@graph":[{"@type":"WebPage","@id":"https:\/\/klimavex.eu\/sk\/katalog\/airwell-nastenna-klimatizacia-hdmb-025\/","url":"https:\/\/klimavex.eu\/sk\/katalog\/airwell-nastenna-klimatizacia-hdmb-025\/","name":"Klimatiz\u00e1cia Airwell split n\u00e1stenn\u00e1 HDMB 025 R32 230V 2,5kW - KLIMAVEX GROUP - Slovensko","isPartOf":{"@id":"https:\/\/klimavex.eu\/sk\/#website"},"primaryImageOfPage":{"@id":"https:\/\/klimavex.eu\/sk\/katalog\/airwell-nastenna-klimatizacia-hdmb-025\/#primaryimage"},"image":{"@id":"https:\/\/klimavex.eu\/sk\/katalog\/airwell-nastenna-klimatizacia-hdmb-025\/#primaryimage"},"thumbnailUrl":"https:\/\/klimavex.eu\/sk\/wp-content\/uploads\/2025\/09\/Ii5kbKGoryE4I8DFsaUyzzOBh4vgJPW52ZmvBpTdP0U-3.png","datePublished":"2026-04-23T20:52:55+00:00","dateModified":"2026-04-23T20:53:12+00:00","breadcrumb":{"@id":"https:\/\/klimavex.eu\/sk\/katalog\/airwell-nastenna-klimatizacia-hdmb-025\/#breadcrumb"},"inLanguage":"sk-SK","potentialAction":[{"@type":"ReadAction","target":["https:\/\/klimavex.eu\/sk\/katalog\/airwell-nastenna-klimatizacia-hdmb-025\/"]}]},{"@type":"ImageObject","inLanguage":"sk-SK","@id":"https:\/\/klimavex.eu\/sk\/katalog\/airwell-nastenna-klimatizacia-hdmb-025\/#primaryimage","url":"https:\/\/klimavex.eu\/sk\/wp-content\/uploads\/2025\/09\/Ii5kbKGoryE4I8DFsaUyzzOBh4vgJPW52ZmvBpTdP0U-3.png","contentUrl":"https:\/\/klimavex.eu\/sk\/wp-content\/uploads\/2025\/09\/Ii5kbKGoryE4I8DFsaUyzzOBh4vgJPW52ZmvBpTdP0U-3.png","width":550,"height":512},{"@type":"BreadcrumbList","@id":"https:\/\/klimavex.eu\/sk\/katalog\/airwell-nastenna-klimatizacia-hdmb-025\/#breadcrumb","itemListElement":[{"@type":"ListItem","position":1,"name":"Domovsk\u00e1 str\u00e1nka","item":"https:\/\/klimavex.eu\/sk\/"},{"@type":"ListItem","position":2,"name":"Eshop","item":"https:\/\/klimavex.eu\/sk\/eshop\/"},{"@type":"ListItem","position":3,"name":"Airwell n\u00e1stenn\u00e1 klimatiz\u00e1cia HDMB 025"}]},{"@type":"WebSite","@id":"https:\/\/klimavex.eu\/sk\/#website","url":"https:\/\/klimavex.eu\/sk\/","name":"KLIMAVEX GROUP - Slovensko","description":"","publisher":{"@id":"https:\/\/klimavex.eu\/sk\/#organization"},"alternateName":"KLIMAVEX a.s.","potentialAction":[{"@type":"SearchAction","target":{"@type":"EntryPoint","urlTemplate":"https:\/\/klimavex.eu\/sk\/?s={search_term_string}"},"query-input":{"@type":"PropertyValueSpecification","valueRequired":true,"valueName":"search_term_string"}}],"inLanguage":"sk-SK"},{"@type":"Organization","@id":"https:\/\/klimavex.eu\/sk\/#organization","name":"KLIMAVEX GROUP","alternateName":"KLIMAVEX a.s.","url":"https:\/\/klimavex.eu\/sk\/","logo":{"@type":"ImageObject","inLanguage":"sk-SK","@id":"https:\/\/klimavex.eu\/sk\/#\/schema\/logo\/image\/","url":"https:\/\/klimavex.eu\/sk\/wp-content\/uploads\/2024\/04\/Klimavex-Group-logo.png","contentUrl":"https:\/\/klimavex.eu\/sk\/wp-content\/uploads\/2024\/04\/Klimavex-Group-logo.png","width":1681,"height":472,"caption":"KLIMAVEX GROUP"},"image":{"@id":"https:\/\/klimavex.eu\/sk\/#\/schema\/logo\/image\/"},"sameAs":["https:\/\/www.facebook.com\/klimavex","https:\/\/www.instagram.com\/klimavex_sk\/"]}]}},"_links":{"self":[{"href":"https:\/\/klimavex.eu\/sk\/wp-json\/wp\/v2\/product\/476518","targetHints":{"allow":["GET"]}}],"collection":[{"href":"https:\/\/klimavex.eu\/sk\/wp-json\/wp\/v2\/product"}],"about":[{"href":"https:\/\/klimavex.eu\/sk\/wp-json\/wp\/v2\/types\/product"}],"version-history":[{"count":0,"href":"https:\/\/klimavex.eu\/sk\/wp-json\/wp\/v2\/product\/476518\/revisions"}],"wp:featuredmedia":[{"embeddable":true,"href":"https:\/\/klimavex.eu\/sk\/wp-json\/wp\/v2\/media\/481415"}],"wp:attachment":[{"href":"https:\/\/klimavex.eu\/sk\/wp-json\/wp\/v2\/media?parent=476518"}],"wp:term":[{"taxonomy":"product_cat","embeddable":true,"href":"https:\/\/klimavex.eu\/sk\/wp-json\/wp\/v2\/product_cat?post=476518"},{"taxonomy":"product_tag","embeddable":true,"href":"https:\/\/klimavex.eu\/sk\/wp-json\/wp\/v2\/product_tag?post=476518"}],"curies":[{"name":"wp","href":"https:\/\/api.w.org\/{rel}","templated":true}]}}