{"id":476582,"date":"2026-03-31T18:29:47","date_gmt":"2026-03-31T16:29:47","guid":{"rendered":"https:\/\/klimavex.eu\/sk\/katalog\/giwee-vonkajsia-jednotka-vrf-pro-gchv-e335w-zr1\/"},"modified":"2026-03-31T18:29:57","modified_gmt":"2026-03-31T16:29:57","slug":"klimatizacia-giwee-vrf-vonkajsia-pro-e335w-r410a-400v-335kw","status":"publish","type":"product","link":"https:\/\/klimavex.eu\/sk\/katalog\/klimatizacia-giwee-vrf-vonkajsia-pro-e335w-r410a-400v-335kw\/","title":{"rendered":"Klimatiz\u00e1cia Giwee VRF vonkaj\u0161ia PRO E335W R410A 400V 33,5kW"},"content":{"rendered":"","protected":false},"excerpt":{"rendered":"<p>Qch=33,5kW, Qv=37,5kW, 3f\/400V\/50Hz, R410A, 2-r\u00farkov\u00e1, vertik\u00e1lny v\u00fdfuk, 12HP, 1 modul.<\/p>\n","protected":false},"featured_media":481559,"template":"","meta":[],"product_cat":[5375,5384],"product_tag":[],"class_list":{"0":"post-476582","1":"product","2":"type-product","3":"status-publish","4":"has-post-thumbnail","6":"product_cat-giwee","7":"product_cat-vonkajsie-jednotky-giwee","8":"pa_napajanie-3f-400v","9":"pa_prevedenie-vrf-vonkajsia","10":"pa_typ-chladiva-r410a","11":"pa_znacka-giwee","13":"first","14":"instock","15":"taxable","16":"shipping-taxable","17":"purchasable","18":"product-type-simple"},"yoast_head":"<!-- This site is optimized with the Yoast SEO plugin v23.9 - https:\/\/yoast.com\/wordpress\/plugins\/seo\/ -->\n<title>Klimatiz\u00e1cia Giwee VRF vonkaj\u0161ia PRO E335W R410A 400V 33,5kW - KLIMAVEX GROUP - Slovensko<\/title>\n<meta name=\"robots\" content=\"index, follow, max-snippet:-1, max-image-preview:large, max-video-preview:-1\" \/>\n<link rel=\"canonical\" href=\"https:\/\/klimavex.eu\/sk\/katalog\/giwee-vonkajsia-jednotka-vrf-pro-gchv-e335w-zr1\/\" \/>\n<meta property=\"og:locale\" content=\"sk_SK\" \/>\n<meta property=\"og:type\" content=\"article\" \/>\n<meta property=\"og:title\" content=\"Klimatiz\u00e1cia Giwee VRF vonkaj\u0161ia PRO E335W R410A 400V 33,5kW - KLIMAVEX GROUP - Slovensko\" \/>\n<meta property=\"og:description\" content=\"Qch=33,5kW, Qv=37,5kW, 3f\/400V\/50Hz, R410A, 2-r\u00farkov\u00e1, vertik\u00e1lny v\u00fdfuk, 12HP, 1 modul.\" \/>\n<meta property=\"og:url\" content=\"https:\/\/klimavex.eu\/sk\/katalog\/giwee-vonkajsia-jednotka-vrf-pro-gchv-e335w-zr1\/\" \/>\n<meta property=\"og:site_name\" content=\"KLIMAVEX GROUP - Slovensko\" \/>\n<meta property=\"article:publisher\" content=\"https:\/\/www.facebook.com\/klimavex\" \/>\n<meta property=\"article:modified_time\" content=\"2026-03-31T16:29:57+00:00\" \/>\n<meta property=\"og:image\" content=\"https:\/\/klimavex.eu\/sk\/wp-content\/uploads\/2025\/09\/jkXCxGHYx8XAIXT3uufaMgjUDt2neA2P5pHAbYmaFBI-2.jpeg\" \/>\n\t<meta property=\"og:image:width\" content=\"512\" \/>\n\t<meta property=\"og:image:height\" content=\"768\" \/>\n\t<meta property=\"og:image:type\" content=\"image\/jpeg\" \/>\n<meta name=\"twitter:card\" content=\"summary_large_image\" \/>\n<script type=\"application\/ld+json\" class=\"yoast-schema-graph\">{\"@context\":\"https:\/\/schema.org\",\"@graph\":[{\"@type\":\"WebPage\",\"@id\":\"https:\/\/klimavex.eu\/sk\/katalog\/giwee-vonkajsia-jednotka-vrf-pro-gchv-e335w-zr1\/\",\"url\":\"https:\/\/klimavex.eu\/sk\/katalog\/giwee-vonkajsia-jednotka-vrf-pro-gchv-e335w-zr1\/\",\"name\":\"Klimatiz\u00e1cia Giwee VRF vonkaj\u0161ia PRO E335W R410A 400V 33,5kW - KLIMAVEX GROUP - Slovensko\",\"isPartOf\":{\"@id\":\"https:\/\/klimavex.eu\/sk\/#website\"},\"primaryImageOfPage\":{\"@id\":\"https:\/\/klimavex.eu\/sk\/katalog\/giwee-vonkajsia-jednotka-vrf-pro-gchv-e335w-zr1\/#primaryimage\"},\"image\":{\"@id\":\"https:\/\/klimavex.eu\/sk\/katalog\/giwee-vonkajsia-jednotka-vrf-pro-gchv-e335w-zr1\/#primaryimage\"},\"thumbnailUrl\":\"https:\/\/klimavex.eu\/sk\/wp-content\/uploads\/2025\/09\/jkXCxGHYx8XAIXT3uufaMgjUDt2neA2P5pHAbYmaFBI-2.jpeg\",\"datePublished\":\"2026-03-31T16:29:47+00:00\",\"dateModified\":\"2026-03-31T16:29:57+00:00\",\"breadcrumb\":{\"@id\":\"https:\/\/klimavex.eu\/sk\/katalog\/giwee-vonkajsia-jednotka-vrf-pro-gchv-e335w-zr1\/#breadcrumb\"},\"inLanguage\":\"sk-SK\",\"potentialAction\":[{\"@type\":\"ReadAction\",\"target\":[\"https:\/\/klimavex.eu\/sk\/katalog\/giwee-vonkajsia-jednotka-vrf-pro-gchv-e335w-zr1\/\"]}]},{\"@type\":\"ImageObject\",\"inLanguage\":\"sk-SK\",\"@id\":\"https:\/\/klimavex.eu\/sk\/katalog\/giwee-vonkajsia-jednotka-vrf-pro-gchv-e335w-zr1\/#primaryimage\",\"url\":\"https:\/\/klimavex.eu\/sk\/wp-content\/uploads\/2025\/09\/jkXCxGHYx8XAIXT3uufaMgjUDt2neA2P5pHAbYmaFBI-2.jpeg\",\"contentUrl\":\"https:\/\/klimavex.eu\/sk\/wp-content\/uploads\/2025\/09\/jkXCxGHYx8XAIXT3uufaMgjUDt2neA2P5pHAbYmaFBI-2.jpeg\",\"width\":512,\"height\":768},{\"@type\":\"BreadcrumbList\",\"@id\":\"https:\/\/klimavex.eu\/sk\/katalog\/giwee-vonkajsia-jednotka-vrf-pro-gchv-e335w-zr1\/#breadcrumb\",\"itemListElement\":[{\"@type\":\"ListItem\",\"position\":1,\"name\":\"Domovsk\u00e1 str\u00e1nka\",\"item\":\"https:\/\/klimavex.eu\/sk\/\"},{\"@type\":\"ListItem\",\"position\":2,\"name\":\"Eshop\",\"item\":\"https:\/\/klimavex.eu\/sk\/eshop\/\"},{\"@type\":\"ListItem\",\"position\":3,\"name\":\"GIWEE Vonkaj\u0161ia jednotka VRF PRO GCHV-E335W\/*ZR1\"}]},{\"@type\":\"WebSite\",\"@id\":\"https:\/\/klimavex.eu\/sk\/#website\",\"url\":\"https:\/\/klimavex.eu\/sk\/\",\"name\":\"KLIMAVEX GROUP - Slovensko\",\"description\":\"\",\"publisher\":{\"@id\":\"https:\/\/klimavex.eu\/sk\/#organization\"},\"alternateName\":\"KLIMAVEX a.s.\",\"potentialAction\":[{\"@type\":\"SearchAction\",\"target\":{\"@type\":\"EntryPoint\",\"urlTemplate\":\"https:\/\/klimavex.eu\/sk\/?s={search_term_string}\"},\"query-input\":{\"@type\":\"PropertyValueSpecification\",\"valueRequired\":true,\"valueName\":\"search_term_string\"}}],\"inLanguage\":\"sk-SK\"},{\"@type\":\"Organization\",\"@id\":\"https:\/\/klimavex.eu\/sk\/#organization\",\"name\":\"KLIMAVEX GROUP\",\"alternateName\":\"KLIMAVEX a.s.\",\"url\":\"https:\/\/klimavex.eu\/sk\/\",\"logo\":{\"@type\":\"ImageObject\",\"inLanguage\":\"sk-SK\",\"@id\":\"https:\/\/klimavex.eu\/sk\/#\/schema\/logo\/image\/\",\"url\":\"https:\/\/klimavex.eu\/sk\/wp-content\/uploads\/2024\/04\/Klimavex-Group-logo.png\",\"contentUrl\":\"https:\/\/klimavex.eu\/sk\/wp-content\/uploads\/2024\/04\/Klimavex-Group-logo.png\",\"width\":1681,\"height\":472,\"caption\":\"KLIMAVEX GROUP\"},\"image\":{\"@id\":\"https:\/\/klimavex.eu\/sk\/#\/schema\/logo\/image\/\"},\"sameAs\":[\"https:\/\/www.facebook.com\/klimavex\",\"https:\/\/www.instagram.com\/klimavex_sk\/\"]}]}<\/script>\n<!-- \/ Yoast SEO plugin. -->","yoast_head_json":{"title":"Klimatiz\u00e1cia Giwee VRF vonkaj\u0161ia PRO E335W R410A 400V 33,5kW - KLIMAVEX GROUP - Slovensko","robots":{"index":"index","follow":"follow","max-snippet":"max-snippet:-1","max-image-preview":"max-image-preview:large","max-video-preview":"max-video-preview:-1"},"canonical":"https:\/\/klimavex.eu\/sk\/katalog\/giwee-vonkajsia-jednotka-vrf-pro-gchv-e335w-zr1\/","og_locale":"sk_SK","og_type":"article","og_title":"Klimatiz\u00e1cia Giwee VRF vonkaj\u0161ia PRO E335W R410A 400V 33,5kW - KLIMAVEX GROUP - Slovensko","og_description":"Qch=33,5kW, Qv=37,5kW, 3f\/400V\/50Hz, R410A, 2-r\u00farkov\u00e1, vertik\u00e1lny v\u00fdfuk, 12HP, 1 modul.","og_url":"https:\/\/klimavex.eu\/sk\/katalog\/giwee-vonkajsia-jednotka-vrf-pro-gchv-e335w-zr1\/","og_site_name":"KLIMAVEX GROUP - Slovensko","article_publisher":"https:\/\/www.facebook.com\/klimavex","article_modified_time":"2026-03-31T16:29:57+00:00","og_image":[{"width":512,"height":768,"url":"https:\/\/klimavex.eu\/sk\/wp-content\/uploads\/2025\/09\/jkXCxGHYx8XAIXT3uufaMgjUDt2neA2P5pHAbYmaFBI-2.jpeg","type":"image\/jpeg"}],"twitter_card":"summary_large_image","schema":{"@context":"https:\/\/schema.org","@graph":[{"@type":"WebPage","@id":"https:\/\/klimavex.eu\/sk\/katalog\/giwee-vonkajsia-jednotka-vrf-pro-gchv-e335w-zr1\/","url":"https:\/\/klimavex.eu\/sk\/katalog\/giwee-vonkajsia-jednotka-vrf-pro-gchv-e335w-zr1\/","name":"Klimatiz\u00e1cia Giwee VRF vonkaj\u0161ia PRO E335W R410A 400V 33,5kW - KLIMAVEX GROUP - Slovensko","isPartOf":{"@id":"https:\/\/klimavex.eu\/sk\/#website"},"primaryImageOfPage":{"@id":"https:\/\/klimavex.eu\/sk\/katalog\/giwee-vonkajsia-jednotka-vrf-pro-gchv-e335w-zr1\/#primaryimage"},"image":{"@id":"https:\/\/klimavex.eu\/sk\/katalog\/giwee-vonkajsia-jednotka-vrf-pro-gchv-e335w-zr1\/#primaryimage"},"thumbnailUrl":"https:\/\/klimavex.eu\/sk\/wp-content\/uploads\/2025\/09\/jkXCxGHYx8XAIXT3uufaMgjUDt2neA2P5pHAbYmaFBI-2.jpeg","datePublished":"2026-03-31T16:29:47+00:00","dateModified":"2026-03-31T16:29:57+00:00","breadcrumb":{"@id":"https:\/\/klimavex.eu\/sk\/katalog\/giwee-vonkajsia-jednotka-vrf-pro-gchv-e335w-zr1\/#breadcrumb"},"inLanguage":"sk-SK","potentialAction":[{"@type":"ReadAction","target":["https:\/\/klimavex.eu\/sk\/katalog\/giwee-vonkajsia-jednotka-vrf-pro-gchv-e335w-zr1\/"]}]},{"@type":"ImageObject","inLanguage":"sk-SK","@id":"https:\/\/klimavex.eu\/sk\/katalog\/giwee-vonkajsia-jednotka-vrf-pro-gchv-e335w-zr1\/#primaryimage","url":"https:\/\/klimavex.eu\/sk\/wp-content\/uploads\/2025\/09\/jkXCxGHYx8XAIXT3uufaMgjUDt2neA2P5pHAbYmaFBI-2.jpeg","contentUrl":"https:\/\/klimavex.eu\/sk\/wp-content\/uploads\/2025\/09\/jkXCxGHYx8XAIXT3uufaMgjUDt2neA2P5pHAbYmaFBI-2.jpeg","width":512,"height":768},{"@type":"BreadcrumbList","@id":"https:\/\/klimavex.eu\/sk\/katalog\/giwee-vonkajsia-jednotka-vrf-pro-gchv-e335w-zr1\/#breadcrumb","itemListElement":[{"@type":"ListItem","position":1,"name":"Domovsk\u00e1 str\u00e1nka","item":"https:\/\/klimavex.eu\/sk\/"},{"@type":"ListItem","position":2,"name":"Eshop","item":"https:\/\/klimavex.eu\/sk\/eshop\/"},{"@type":"ListItem","position":3,"name":"GIWEE Vonkaj\u0161ia jednotka VRF PRO GCHV-E335W\/*ZR1"}]},{"@type":"WebSite","@id":"https:\/\/klimavex.eu\/sk\/#website","url":"https:\/\/klimavex.eu\/sk\/","name":"KLIMAVEX GROUP - Slovensko","description":"","publisher":{"@id":"https:\/\/klimavex.eu\/sk\/#organization"},"alternateName":"KLIMAVEX a.s.","potentialAction":[{"@type":"SearchAction","target":{"@type":"EntryPoint","urlTemplate":"https:\/\/klimavex.eu\/sk\/?s={search_term_string}"},"query-input":{"@type":"PropertyValueSpecification","valueRequired":true,"valueName":"search_term_string"}}],"inLanguage":"sk-SK"},{"@type":"Organization","@id":"https:\/\/klimavex.eu\/sk\/#organization","name":"KLIMAVEX GROUP","alternateName":"KLIMAVEX a.s.","url":"https:\/\/klimavex.eu\/sk\/","logo":{"@type":"ImageObject","inLanguage":"sk-SK","@id":"https:\/\/klimavex.eu\/sk\/#\/schema\/logo\/image\/","url":"https:\/\/klimavex.eu\/sk\/wp-content\/uploads\/2024\/04\/Klimavex-Group-logo.png","contentUrl":"https:\/\/klimavex.eu\/sk\/wp-content\/uploads\/2024\/04\/Klimavex-Group-logo.png","width":1681,"height":472,"caption":"KLIMAVEX GROUP"},"image":{"@id":"https:\/\/klimavex.eu\/sk\/#\/schema\/logo\/image\/"},"sameAs":["https:\/\/www.facebook.com\/klimavex","https:\/\/www.instagram.com\/klimavex_sk\/"]}]}},"_links":{"self":[{"href":"https:\/\/klimavex.eu\/sk\/wp-json\/wp\/v2\/product\/476582","targetHints":{"allow":["GET"]}}],"collection":[{"href":"https:\/\/klimavex.eu\/sk\/wp-json\/wp\/v2\/product"}],"about":[{"href":"https:\/\/klimavex.eu\/sk\/wp-json\/wp\/v2\/types\/product"}],"version-history":[{"count":0,"href":"https:\/\/klimavex.eu\/sk\/wp-json\/wp\/v2\/product\/476582\/revisions"}],"wp:featuredmedia":[{"embeddable":true,"href":"https:\/\/klimavex.eu\/sk\/wp-json\/wp\/v2\/media\/481559"}],"wp:attachment":[{"href":"https:\/\/klimavex.eu\/sk\/wp-json\/wp\/v2\/media?parent=476582"}],"wp:term":[{"taxonomy":"product_cat","embeddable":true,"href":"https:\/\/klimavex.eu\/sk\/wp-json\/wp\/v2\/product_cat?post=476582"},{"taxonomy":"product_tag","embeddable":true,"href":"https:\/\/klimavex.eu\/sk\/wp-json\/wp\/v2\/product_tag?post=476582"}],"curies":[{"name":"wp","href":"https:\/\/api.w.org\/{rel}","templated":true}]}}