{"id":476583,"date":"2026-05-04T00:00:52","date_gmt":"2026-05-03T22:00:52","guid":{"rendered":"https:\/\/klimavex.eu\/sk\/katalog\/airwell-parapetna-klimatizacia-xdmx-050\/"},"modified":"2026-05-04T00:05:08","modified_gmt":"2026-05-03T22:05:08","slug":"klimatizacia-airwell-split-parapetna-xdmx-050-r32-230v-5kw","status":"publish","type":"product","link":"https:\/\/klimavex.eu\/sk\/katalog\/klimatizacia-airwell-split-parapetna-xdmx-050-r32-230v-5kw\/","title":{"rendered":"Klimatiz\u00e1cia Airwell split parapetn\u00e1 XDMX 050 R32 230V 5kW"},"content":{"rendered":"<p style=\"text-align:justify\"><span style=\"font-size:11pt\"><span style=\"font-family:Calibri,sans-serif\"><strong>K\u013e&uacute;\u010dov&eacute; vlastnosti<\/strong><\/span><\/span><\/p>\n<ul>\n<li style=\"text-align:justify\"><span style=\"font-size:11pt\"><span style=\"font-family:Calibri,sans-serif\">Infraovl&aacute;danie RC19<\/span><\/span><\/li>\n<li style=\"text-align:justify\"><span style=\"font-size:11pt\"><span style=\"font-family:Calibri,sans-serif\">Modern&yacute; kompaktn&yacute; dizajn<\/span><\/span><\/li>\n<li style=\"text-align:justify\"><span style=\"font-size:11pt\"><span style=\"font-family:Calibri,sans-serif\">Kompatibiln&eacute; pre split aj multisplit aplik&aacute;cie<\/span><\/span><\/li>\n<li style=\"text-align:justify\"><span style=\"font-size:11pt\"><span style=\"font-family:Calibri,sans-serif\">Golden Fin &ndash; pozl&aacute;ten&eacute; lamely v&yacute;menn&iacute;kov vn&uacute;tornej i vonkaj&scaron;ej jednotky pre zv&yacute;&scaron;en&uacute; odolnos\u0165 vo\u010di kor&oacute;zii a dlh&scaron;iu \u017eivotnos\u0165<\/span><\/span><\/li>\n<li style=\"text-align:justify\"><span style=\"font-size:11pt\"><span style=\"font-family:Calibri,sans-serif\">I FEEL &ndash; prec&iacute;zna regul&aacute;cia teploty pod\u013ea sn&iacute;ma\u010da umiestnen&eacute;ho v dia\u013ekovom ovl&aacute;da\u010di<\/span><\/span><\/li>\n<li style=\"text-align:justify\"><span style=\"font-size:11pt\"><span style=\"font-family:Calibri,sans-serif\">Vysok&aacute; energetick&aacute; &uacute;\u010dinnos\u0165 (A++ v chladen&iacute; a A+ vo vykurovan&iacute;)<\/span><\/span><\/li>\n<li style=\"text-align:justify\"><span style=\"font-size:11pt\"><span style=\"font-family:Calibri,sans-serif\">Zabudovan&yacute; Wi-Fi modul<\/span><\/span><\/li>\n<li style=\"text-align:justify\"><span style=\"font-size:11pt\"><span style=\"font-family:Calibri,sans-serif\">Filtr&aacute;cia vzduchu<\/span><\/span><\/li>\n<li style=\"text-align:justify\"><span style=\"font-size:11pt\"><span style=\"font-family:Calibri,sans-serif\">Servisn&yacute; re\u017eim pre zobrazenie tepl&ocirc;t sn&iacute;ma\u010dov<\/span><\/span><\/li>\n<li style=\"text-align:justify\"><span style=\"font-size:11pt\"><span style=\"font-family:Calibri,sans-serif\">Technick&yacute; re\u017eim pre nastavenie prev&aacute;dzky<\/span><\/span><\/li>\n<\/ul>\n","protected":false},"excerpt":{"rendered":"<p style=\"text-align:justify\"><span style=\"font-size:11pt\"><span style=\"font-family:Calibri,sans-serif\">Jednotky <strong>Airwell XDMX <\/strong>s&uacute; parapetn&eacute; klimatiz&aacute;cie. Tieto produkty s&uacute; ve\u013emi kompaktn&eacute;, tak\u017ee sa jedn&aacute; o skvel&uacute; alternat&iacute;vu napr&iacute;klad <strong>pre podkrovn&eacute; izby<\/strong>. Parapetn&eacute; jednotky sa spravidla montuj&uacute; <strong>pod okenn&yacute; parapet<\/strong>. Svoj&iacute;m vzh\u013eadom pripom&iacute;naj&uacute; radi&aacute;tor a jeho funkciu m&ocirc;\u017eu tie\u017e plni\u0165, preto\u017ee s&uacute; schopn&eacute; <strong>vykurova\u0165 a\u017e do -15 &deg;C<\/strong>.<strong> <\/strong><\/span><\/span><\/p>\n","protected":false},"featured_media":481560,"template":"","meta":[],"product_cat":[196,198,251,824,197,195],"product_tag":[],"class_list":{"0":"post-476583","1":"product","2":"type-product","3":"status-publish","4":"has-post-thumbnail","6":"product_cat-podla-znacky","7":"product_cat-podla-typu","8":"product_cat-podstropne-parapetne","9":"product_cat-xdmx","10":"product_cat-airwell","11":"product_cat-klimatizacie","12":"pa_chladiaci-vykon-3516","13":"pa_energeticka-trieda-scop-aplus","14":"pa_energeticka-trieda-seer-aplusplus","15":"pa_farba-vnutornej-jednotky-biela","16":"pa_napajanie-1f-230v","17":"pa_prevedenie-parapetny-split","18":"pa_prikon-chladenie-3720","19":"pa_prikon-vykurovanie-3496","20":"pa_typ-chladiva-r32","21":"pa_vykonovy-model-3349","22":"pa_vykurovaci-vykon-3517","23":"pa_wifi-ovladanie-zabudovane","24":"pa_znacka-airwell","26":"first","27":"instock","28":"taxable","29":"shipping-taxable","30":"purchasable","31":"product-type-simple"},"yoast_head":"<!-- This site is optimized with the Yoast SEO plugin v23.9 - https:\/\/yoast.com\/wordpress\/plugins\/seo\/ -->\n<title>Klimatiz\u00e1cia Airwell split parapetn\u00e1 XDMX 050 R32 230V 5kW - KLIMAVEX GROUP - Slovensko<\/title>\n<meta name=\"robots\" content=\"index, follow, max-snippet:-1, max-image-preview:large, max-video-preview:-1\" \/>\n<link rel=\"canonical\" href=\"https:\/\/klimavex.eu\/sk\/katalog\/airwell-parapetna-klimatizacia-xdmx-050\/\" \/>\n<meta property=\"og:locale\" content=\"sk_SK\" \/>\n<meta property=\"og:type\" content=\"article\" \/>\n<meta property=\"og:title\" content=\"Klimatiz\u00e1cia Airwell split parapetn\u00e1 XDMX 050 R32 230V 5kW - KLIMAVEX GROUP - Slovensko\" \/>\n<meta property=\"og:description\" content=\"Jednotky Airwell XDMX s&uacute; parapetn&eacute; klimatiz&aacute;cie. Tieto produkty s&uacute; ve\u013emi kompaktn&eacute;, tak\u017ee sa jedn&aacute; o skvel&uacute; alternat&iacute;vu napr&iacute;klad pre podkrovn&eacute; izby. Parapetn&eacute; jednotky sa spravidla montuj&uacute; pod okenn&yacute; parapet. Svoj&iacute;m vzh\u013eadom pripom&iacute;naj&uacute; radi&aacute;tor a jeho funkciu m&ocirc;\u017eu tie\u017e plni\u0165, preto\u017ee s&uacute; schopn&eacute; vykurova\u0165 a\u017e do -15 &deg;C.\" \/>\n<meta property=\"og:url\" content=\"https:\/\/klimavex.eu\/sk\/katalog\/airwell-parapetna-klimatizacia-xdmx-050\/\" \/>\n<meta property=\"og:site_name\" content=\"KLIMAVEX GROUP - Slovensko\" \/>\n<meta property=\"article:publisher\" content=\"https:\/\/www.facebook.com\/klimavex\" \/>\n<meta property=\"article:modified_time\" content=\"2026-05-03T22:05:08+00:00\" \/>\n<meta property=\"og:image\" content=\"https:\/\/klimavex.eu\/sk\/wp-content\/uploads\/2025\/09\/nhvb4OPc3XPzVtXpYVSbORKOkBDMqHQ3mBCfzfdvNtU-1.png\" \/>\n\t<meta property=\"og:image:width\" content=\"450\" \/>\n\t<meta property=\"og:image:height\" content=\"429\" \/>\n\t<meta property=\"og:image:type\" content=\"image\/png\" \/>\n<meta name=\"twitter:card\" content=\"summary_large_image\" \/>\n<meta name=\"twitter:label1\" content=\"Predpokladan\u00fd \u010das \u010d\u00edtania\" \/>\n\t<meta name=\"twitter:data1\" content=\"1 min\u00fata\" \/>\n<script type=\"application\/ld+json\" class=\"yoast-schema-graph\">{\"@context\":\"https:\/\/schema.org\",\"@graph\":[{\"@type\":\"WebPage\",\"@id\":\"https:\/\/klimavex.eu\/sk\/katalog\/airwell-parapetna-klimatizacia-xdmx-050\/\",\"url\":\"https:\/\/klimavex.eu\/sk\/katalog\/airwell-parapetna-klimatizacia-xdmx-050\/\",\"name\":\"Klimatiz\u00e1cia Airwell split parapetn\u00e1 XDMX 050 R32 230V 5kW - KLIMAVEX GROUP - Slovensko\",\"isPartOf\":{\"@id\":\"https:\/\/klimavex.eu\/sk\/#website\"},\"primaryImageOfPage\":{\"@id\":\"https:\/\/klimavex.eu\/sk\/katalog\/airwell-parapetna-klimatizacia-xdmx-050\/#primaryimage\"},\"image\":{\"@id\":\"https:\/\/klimavex.eu\/sk\/katalog\/airwell-parapetna-klimatizacia-xdmx-050\/#primaryimage\"},\"thumbnailUrl\":\"https:\/\/klimavex.eu\/sk\/wp-content\/uploads\/2025\/09\/nhvb4OPc3XPzVtXpYVSbORKOkBDMqHQ3mBCfzfdvNtU-1.png\",\"datePublished\":\"2026-05-03T22:00:52+00:00\",\"dateModified\":\"2026-05-03T22:05:08+00:00\",\"breadcrumb\":{\"@id\":\"https:\/\/klimavex.eu\/sk\/katalog\/airwell-parapetna-klimatizacia-xdmx-050\/#breadcrumb\"},\"inLanguage\":\"sk-SK\",\"potentialAction\":[{\"@type\":\"ReadAction\",\"target\":[\"https:\/\/klimavex.eu\/sk\/katalog\/airwell-parapetna-klimatizacia-xdmx-050\/\"]}]},{\"@type\":\"ImageObject\",\"inLanguage\":\"sk-SK\",\"@id\":\"https:\/\/klimavex.eu\/sk\/katalog\/airwell-parapetna-klimatizacia-xdmx-050\/#primaryimage\",\"url\":\"https:\/\/klimavex.eu\/sk\/wp-content\/uploads\/2025\/09\/nhvb4OPc3XPzVtXpYVSbORKOkBDMqHQ3mBCfzfdvNtU-1.png\",\"contentUrl\":\"https:\/\/klimavex.eu\/sk\/wp-content\/uploads\/2025\/09\/nhvb4OPc3XPzVtXpYVSbORKOkBDMqHQ3mBCfzfdvNtU-1.png\",\"width\":450,\"height\":429},{\"@type\":\"BreadcrumbList\",\"@id\":\"https:\/\/klimavex.eu\/sk\/katalog\/airwell-parapetna-klimatizacia-xdmx-050\/#breadcrumb\",\"itemListElement\":[{\"@type\":\"ListItem\",\"position\":1,\"name\":\"Domovsk\u00e1 str\u00e1nka\",\"item\":\"https:\/\/klimavex.eu\/sk\/\"},{\"@type\":\"ListItem\",\"position\":2,\"name\":\"Eshop\",\"item\":\"https:\/\/klimavex.eu\/sk\/eshop\/\"},{\"@type\":\"ListItem\",\"position\":3,\"name\":\"Airwell parapetn\u00e1 klimatiz\u00e1cia XDMX 050\"}]},{\"@type\":\"WebSite\",\"@id\":\"https:\/\/klimavex.eu\/sk\/#website\",\"url\":\"https:\/\/klimavex.eu\/sk\/\",\"name\":\"KLIMAVEX GROUP - Slovensko\",\"description\":\"\",\"publisher\":{\"@id\":\"https:\/\/klimavex.eu\/sk\/#organization\"},\"alternateName\":\"KLIMAVEX a.s.\",\"potentialAction\":[{\"@type\":\"SearchAction\",\"target\":{\"@type\":\"EntryPoint\",\"urlTemplate\":\"https:\/\/klimavex.eu\/sk\/?s={search_term_string}\"},\"query-input\":{\"@type\":\"PropertyValueSpecification\",\"valueRequired\":true,\"valueName\":\"search_term_string\"}}],\"inLanguage\":\"sk-SK\"},{\"@type\":\"Organization\",\"@id\":\"https:\/\/klimavex.eu\/sk\/#organization\",\"name\":\"KLIMAVEX GROUP\",\"alternateName\":\"KLIMAVEX a.s.\",\"url\":\"https:\/\/klimavex.eu\/sk\/\",\"logo\":{\"@type\":\"ImageObject\",\"inLanguage\":\"sk-SK\",\"@id\":\"https:\/\/klimavex.eu\/sk\/#\/schema\/logo\/image\/\",\"url\":\"https:\/\/klimavex.eu\/sk\/wp-content\/uploads\/2024\/04\/Klimavex-Group-logo.png\",\"contentUrl\":\"https:\/\/klimavex.eu\/sk\/wp-content\/uploads\/2024\/04\/Klimavex-Group-logo.png\",\"width\":1681,\"height\":472,\"caption\":\"KLIMAVEX GROUP\"},\"image\":{\"@id\":\"https:\/\/klimavex.eu\/sk\/#\/schema\/logo\/image\/\"},\"sameAs\":[\"https:\/\/www.facebook.com\/klimavex\",\"https:\/\/www.instagram.com\/klimavex_sk\/\"]}]}<\/script>\n<!-- \/ Yoast SEO plugin. -->","yoast_head_json":{"title":"Klimatiz\u00e1cia Airwell split parapetn\u00e1 XDMX 050 R32 230V 5kW - KLIMAVEX GROUP - Slovensko","robots":{"index":"index","follow":"follow","max-snippet":"max-snippet:-1","max-image-preview":"max-image-preview:large","max-video-preview":"max-video-preview:-1"},"canonical":"https:\/\/klimavex.eu\/sk\/katalog\/airwell-parapetna-klimatizacia-xdmx-050\/","og_locale":"sk_SK","og_type":"article","og_title":"Klimatiz\u00e1cia Airwell split parapetn\u00e1 XDMX 050 R32 230V 5kW - KLIMAVEX GROUP - Slovensko","og_description":"Jednotky Airwell XDMX s&uacute; parapetn&eacute; klimatiz&aacute;cie. Tieto produkty s&uacute; ve\u013emi kompaktn&eacute;, tak\u017ee sa jedn&aacute; o skvel&uacute; alternat&iacute;vu napr&iacute;klad pre podkrovn&eacute; izby. Parapetn&eacute; jednotky sa spravidla montuj&uacute; pod okenn&yacute; parapet. Svoj&iacute;m vzh\u013eadom pripom&iacute;naj&uacute; radi&aacute;tor a jeho funkciu m&ocirc;\u017eu tie\u017e plni\u0165, preto\u017ee s&uacute; schopn&eacute; vykurova\u0165 a\u017e do -15 &deg;C.","og_url":"https:\/\/klimavex.eu\/sk\/katalog\/airwell-parapetna-klimatizacia-xdmx-050\/","og_site_name":"KLIMAVEX GROUP - Slovensko","article_publisher":"https:\/\/www.facebook.com\/klimavex","article_modified_time":"2026-05-03T22:05:08+00:00","og_image":[{"width":450,"height":429,"url":"https:\/\/klimavex.eu\/sk\/wp-content\/uploads\/2025\/09\/nhvb4OPc3XPzVtXpYVSbORKOkBDMqHQ3mBCfzfdvNtU-1.png","type":"image\/png"}],"twitter_card":"summary_large_image","twitter_misc":{"Predpokladan\u00fd \u010das \u010d\u00edtania":"1 min\u00fata"},"schema":{"@context":"https:\/\/schema.org","@graph":[{"@type":"WebPage","@id":"https:\/\/klimavex.eu\/sk\/katalog\/airwell-parapetna-klimatizacia-xdmx-050\/","url":"https:\/\/klimavex.eu\/sk\/katalog\/airwell-parapetna-klimatizacia-xdmx-050\/","name":"Klimatiz\u00e1cia Airwell split parapetn\u00e1 XDMX 050 R32 230V 5kW - KLIMAVEX GROUP - Slovensko","isPartOf":{"@id":"https:\/\/klimavex.eu\/sk\/#website"},"primaryImageOfPage":{"@id":"https:\/\/klimavex.eu\/sk\/katalog\/airwell-parapetna-klimatizacia-xdmx-050\/#primaryimage"},"image":{"@id":"https:\/\/klimavex.eu\/sk\/katalog\/airwell-parapetna-klimatizacia-xdmx-050\/#primaryimage"},"thumbnailUrl":"https:\/\/klimavex.eu\/sk\/wp-content\/uploads\/2025\/09\/nhvb4OPc3XPzVtXpYVSbORKOkBDMqHQ3mBCfzfdvNtU-1.png","datePublished":"2026-05-03T22:00:52+00:00","dateModified":"2026-05-03T22:05:08+00:00","breadcrumb":{"@id":"https:\/\/klimavex.eu\/sk\/katalog\/airwell-parapetna-klimatizacia-xdmx-050\/#breadcrumb"},"inLanguage":"sk-SK","potentialAction":[{"@type":"ReadAction","target":["https:\/\/klimavex.eu\/sk\/katalog\/airwell-parapetna-klimatizacia-xdmx-050\/"]}]},{"@type":"ImageObject","inLanguage":"sk-SK","@id":"https:\/\/klimavex.eu\/sk\/katalog\/airwell-parapetna-klimatizacia-xdmx-050\/#primaryimage","url":"https:\/\/klimavex.eu\/sk\/wp-content\/uploads\/2025\/09\/nhvb4OPc3XPzVtXpYVSbORKOkBDMqHQ3mBCfzfdvNtU-1.png","contentUrl":"https:\/\/klimavex.eu\/sk\/wp-content\/uploads\/2025\/09\/nhvb4OPc3XPzVtXpYVSbORKOkBDMqHQ3mBCfzfdvNtU-1.png","width":450,"height":429},{"@type":"BreadcrumbList","@id":"https:\/\/klimavex.eu\/sk\/katalog\/airwell-parapetna-klimatizacia-xdmx-050\/#breadcrumb","itemListElement":[{"@type":"ListItem","position":1,"name":"Domovsk\u00e1 str\u00e1nka","item":"https:\/\/klimavex.eu\/sk\/"},{"@type":"ListItem","position":2,"name":"Eshop","item":"https:\/\/klimavex.eu\/sk\/eshop\/"},{"@type":"ListItem","position":3,"name":"Airwell parapetn\u00e1 klimatiz\u00e1cia XDMX 050"}]},{"@type":"WebSite","@id":"https:\/\/klimavex.eu\/sk\/#website","url":"https:\/\/klimavex.eu\/sk\/","name":"KLIMAVEX GROUP - Slovensko","description":"","publisher":{"@id":"https:\/\/klimavex.eu\/sk\/#organization"},"alternateName":"KLIMAVEX a.s.","potentialAction":[{"@type":"SearchAction","target":{"@type":"EntryPoint","urlTemplate":"https:\/\/klimavex.eu\/sk\/?s={search_term_string}"},"query-input":{"@type":"PropertyValueSpecification","valueRequired":true,"valueName":"search_term_string"}}],"inLanguage":"sk-SK"},{"@type":"Organization","@id":"https:\/\/klimavex.eu\/sk\/#organization","name":"KLIMAVEX GROUP","alternateName":"KLIMAVEX a.s.","url":"https:\/\/klimavex.eu\/sk\/","logo":{"@type":"ImageObject","inLanguage":"sk-SK","@id":"https:\/\/klimavex.eu\/sk\/#\/schema\/logo\/image\/","url":"https:\/\/klimavex.eu\/sk\/wp-content\/uploads\/2024\/04\/Klimavex-Group-logo.png","contentUrl":"https:\/\/klimavex.eu\/sk\/wp-content\/uploads\/2024\/04\/Klimavex-Group-logo.png","width":1681,"height":472,"caption":"KLIMAVEX GROUP"},"image":{"@id":"https:\/\/klimavex.eu\/sk\/#\/schema\/logo\/image\/"},"sameAs":["https:\/\/www.facebook.com\/klimavex","https:\/\/www.instagram.com\/klimavex_sk\/"]}]}},"_links":{"self":[{"href":"https:\/\/klimavex.eu\/sk\/wp-json\/wp\/v2\/product\/476583","targetHints":{"allow":["GET"]}}],"collection":[{"href":"https:\/\/klimavex.eu\/sk\/wp-json\/wp\/v2\/product"}],"about":[{"href":"https:\/\/klimavex.eu\/sk\/wp-json\/wp\/v2\/types\/product"}],"version-history":[{"count":0,"href":"https:\/\/klimavex.eu\/sk\/wp-json\/wp\/v2\/product\/476583\/revisions"}],"wp:featuredmedia":[{"embeddable":true,"href":"https:\/\/klimavex.eu\/sk\/wp-json\/wp\/v2\/media\/481560"}],"wp:attachment":[{"href":"https:\/\/klimavex.eu\/sk\/wp-json\/wp\/v2\/media?parent=476583"}],"wp:term":[{"taxonomy":"product_cat","embeddable":true,"href":"https:\/\/klimavex.eu\/sk\/wp-json\/wp\/v2\/product_cat?post=476583"},{"taxonomy":"product_tag","embeddable":true,"href":"https:\/\/klimavex.eu\/sk\/wp-json\/wp\/v2\/product_tag?post=476583"}],"curies":[{"name":"wp","href":"https:\/\/api.w.org\/{rel}","templated":true}]}}