{"id":476601,"date":"2026-03-31T18:29:47","date_gmt":"2026-03-31T16:29:47","guid":{"rendered":"https:\/\/klimavex.eu\/sk\/katalog\/hyundai-vrf-potrubna-nizkotlakova-jednotka-hvsi-90t3arc\/"},"modified":"2026-03-31T18:30:24","modified_gmt":"2026-03-31T16:30:24","slug":"klimatizacia-hyundai-vrf-vnutorna-potrubna-nizkotlakova-90t3arc-9kw","status":"publish","type":"product","link":"https:\/\/klimavex.eu\/sk\/katalog\/klimatizacia-hyundai-vrf-vnutorna-potrubna-nizkotlakova-90t3arc-9kw\/","title":{"rendered":"Klimatiz\u00e1cia Hyundai VRF vn\u00fatorn\u00e1 potrubn\u00e1 n\u00edzkotlakov\u00e1 90T3ARC 9kW"},"content":{"rendered":"<p style=\"text-align: justify;\"><strong>K\u013e&uacute;\u010dov&eacute; vlastnosti<\/strong><\/p>\n<ul>\n<li style=\"text-align: justify;\">DC motory<\/li>\n<li style=\"text-align: justify;\">Kompatibiln&aacute; s chladivom R410A a R32<\/li>\n<li style=\"text-align: justify;\">Integrovan&yacute; expanzn&yacute; ventil (EVV)<\/li>\n<li style=\"text-align: justify;\">4 sn&iacute;ma\u010de teploty<\/li>\n<li style=\"text-align: justify;\">Vzduchov&yacute; filter<\/li>\n<li style=\"text-align: justify;\">Jednoduch&aacute; in&scaron;tal&aacute;cia<\/li>\n<li style=\"text-align: justify;\">Zabudovan&eacute; \u010derpadlo kondenz&aacute;tu<\/li>\n<li style=\"text-align: justify;\">Kontakt pre gener&aacute;lny alarm<\/li>\n<li style=\"text-align: justify;\">Kontakt pre dia\u013ekov&eacute; zap&iacute;nanie a vyp&iacute;nanie<\/li>\n<li style=\"text-align: justify;\">Tich&aacute; prev&aacute;dzka od 22 dB(A)<\/li>\n<li style=\"text-align: justify;\">Z&aacute;ruka 3 roky<\/li>\n<\/ul>\n","protected":false},"excerpt":{"rendered":"<p style=\"text-align: justify;\">Model <strong>VRF Hyundai ARC <\/strong>je VRF vn&uacute;torn&aacute; <strong>potrubn&aacute; n&iacute;zkotlakov&aacute; <\/strong>jednotka, ktor&aacute; je vhodn&aacute; pre <strong>skryt&uacute; in&scaron;tal&aacute;ciu do falo&scaron;n&eacute;ho stropu<\/strong>. Pon&uacute;ka <strong>tich&uacute; prev&aacute;dzku <\/strong>od 22 dB(A), <strong>jednoduch&uacute; in&scaron;tal&aacute;ciu<\/strong>, &scaron;irok&uacute; &scaron;k&aacute;lu jednotiek s r&ocirc;znym v&yacute;konom, nomin&aacute;lny extern&yacute; statick&yacute; <strong>tlak 10 Pa a\u017e 20 Pa <\/strong>a <strong>zabudovan&eacute; \u010derpadlo kondenz&aacute;tu<\/strong>. Aplik&aacute;cia je v z&aacute;vislosti od zvolenej vonkaj&scaron;ej jednotky mo\u017en&aacute; do <strong>bytov&yacute;ch domov, kancel&aacute;ri&iacute;, v&auml;\u010d&scaron;&iacute;ch komer\u010dn&yacute;ch budov \u010di priemyseln&yacute;ch h&aacute;l<\/strong>.<\/p>\n","protected":false},"featured_media":481607,"template":"","meta":[],"product_cat":[6291,6340,6339,6729,6730,6289],"product_tag":[],"class_list":{"0":"post-476601","1":"product","2":"type-product","3":"status-publish","4":"has-post-thumbnail","6":"product_cat-hyundai-vrf-systemy","7":"product_cat-vnutorne-jednotky-hyundai-vrf-systemy","8":"product_cat-vnutorne-jednotky-vrf","9":"product_cat-potrubne-nizkotlakove-arc","10":"product_cat-potrubne-nizkotlakove-arc-vnutorne-jednotky-hyundai-vrf-systemy","11":"product_cat-vrf","12":"pa_chladiaci-vykon-3684","13":"pa_hlucnost-vnutornej-jednotky-6512","14":"pa_napajanie-1f-230v","15":"pa_prevedenie-vrf-potrubna-nizkotlakova","16":"pa_vykonovy-model-5451","17":"pa_vykurovaci-vykon-3743","18":"pa_znacka-hyundai","20":"first","21":"instock","22":"taxable","23":"shipping-taxable","24":"purchasable","25":"product-type-simple"},"yoast_head":"<!-- This site is optimized with the Yoast SEO plugin v23.9 - https:\/\/yoast.com\/wordpress\/plugins\/seo\/ -->\n<title>Klimatiz\u00e1cia Hyundai VRF vn\u00fatorn\u00e1 potrubn\u00e1 n\u00edzkotlakov\u00e1 90T3ARC 9kW - KLIMAVEX GROUP - Slovensko<\/title>\n<meta name=\"robots\" content=\"index, follow, max-snippet:-1, max-image-preview:large, max-video-preview:-1\" \/>\n<link rel=\"canonical\" href=\"https:\/\/klimavex.eu\/sk\/katalog\/hyundai-vrf-potrubna-nizkotlakova-jednotka-hvsi-90t3arc\/\" \/>\n<meta property=\"og:locale\" content=\"sk_SK\" \/>\n<meta property=\"og:type\" content=\"article\" \/>\n<meta property=\"og:title\" content=\"Klimatiz\u00e1cia Hyundai VRF vn\u00fatorn\u00e1 potrubn\u00e1 n\u00edzkotlakov\u00e1 90T3ARC 9kW - KLIMAVEX GROUP - Slovensko\" \/>\n<meta property=\"og:description\" content=\"Model VRF Hyundai ARC je VRF vn&uacute;torn&aacute; potrubn&aacute; n&iacute;zkotlakov&aacute; jednotka, ktor&aacute; je vhodn&aacute; pre skryt&uacute; in&scaron;tal&aacute;ciu do falo&scaron;n&eacute;ho stropu. Pon&uacute;ka tich&uacute; prev&aacute;dzku od 22 dB(A), jednoduch&uacute; in&scaron;tal&aacute;ciu, &scaron;irok&uacute; &scaron;k&aacute;lu jednotiek s r&ocirc;znym v&yacute;konom, nomin&aacute;lny extern&yacute; statick&yacute; tlak 10 Pa a\u017e 20 Pa a zabudovan&eacute; \u010derpadlo kondenz&aacute;tu. Aplik&aacute;cia je v z&aacute;vislosti od zvolenej vonkaj&scaron;ej jednotky mo\u017en&aacute; do bytov&yacute;ch domov, kancel&aacute;ri&iacute;, v&auml;\u010d&scaron;&iacute;ch komer\u010dn&yacute;ch budov \u010di priemyseln&yacute;ch h&aacute;l.\" \/>\n<meta property=\"og:url\" content=\"https:\/\/klimavex.eu\/sk\/katalog\/hyundai-vrf-potrubna-nizkotlakova-jednotka-hvsi-90t3arc\/\" \/>\n<meta property=\"og:site_name\" content=\"KLIMAVEX GROUP - Slovensko\" \/>\n<meta property=\"article:publisher\" content=\"https:\/\/www.facebook.com\/klimavex\" \/>\n<meta property=\"article:modified_time\" content=\"2026-03-31T16:30:24+00:00\" \/>\n<meta property=\"og:image\" content=\"https:\/\/klimavex.eu\/sk\/wp-content\/uploads\/2025\/09\/TEgcm2rjhpogEUyZFIT9miZY-RFe7waTVRmKTvRAXQY-9.jpeg\" \/>\n\t<meta property=\"og:image:width\" content=\"908\" \/>\n\t<meta property=\"og:image:height\" content=\"470\" \/>\n\t<meta property=\"og:image:type\" content=\"image\/jpeg\" \/>\n<meta name=\"twitter:card\" content=\"summary_large_image\" \/>\n<script type=\"application\/ld+json\" class=\"yoast-schema-graph\">{\"@context\":\"https:\/\/schema.org\",\"@graph\":[{\"@type\":\"WebPage\",\"@id\":\"https:\/\/klimavex.eu\/sk\/katalog\/hyundai-vrf-potrubna-nizkotlakova-jednotka-hvsi-90t3arc\/\",\"url\":\"https:\/\/klimavex.eu\/sk\/katalog\/hyundai-vrf-potrubna-nizkotlakova-jednotka-hvsi-90t3arc\/\",\"name\":\"Klimatiz\u00e1cia Hyundai VRF vn\u00fatorn\u00e1 potrubn\u00e1 n\u00edzkotlakov\u00e1 90T3ARC 9kW - KLIMAVEX GROUP - Slovensko\",\"isPartOf\":{\"@id\":\"https:\/\/klimavex.eu\/sk\/#website\"},\"primaryImageOfPage\":{\"@id\":\"https:\/\/klimavex.eu\/sk\/katalog\/hyundai-vrf-potrubna-nizkotlakova-jednotka-hvsi-90t3arc\/#primaryimage\"},\"image\":{\"@id\":\"https:\/\/klimavex.eu\/sk\/katalog\/hyundai-vrf-potrubna-nizkotlakova-jednotka-hvsi-90t3arc\/#primaryimage\"},\"thumbnailUrl\":\"https:\/\/klimavex.eu\/sk\/wp-content\/uploads\/2025\/09\/TEgcm2rjhpogEUyZFIT9miZY-RFe7waTVRmKTvRAXQY-9.jpeg\",\"datePublished\":\"2026-03-31T16:29:47+00:00\",\"dateModified\":\"2026-03-31T16:30:24+00:00\",\"breadcrumb\":{\"@id\":\"https:\/\/klimavex.eu\/sk\/katalog\/hyundai-vrf-potrubna-nizkotlakova-jednotka-hvsi-90t3arc\/#breadcrumb\"},\"inLanguage\":\"sk-SK\",\"potentialAction\":[{\"@type\":\"ReadAction\",\"target\":[\"https:\/\/klimavex.eu\/sk\/katalog\/hyundai-vrf-potrubna-nizkotlakova-jednotka-hvsi-90t3arc\/\"]}]},{\"@type\":\"ImageObject\",\"inLanguage\":\"sk-SK\",\"@id\":\"https:\/\/klimavex.eu\/sk\/katalog\/hyundai-vrf-potrubna-nizkotlakova-jednotka-hvsi-90t3arc\/#primaryimage\",\"url\":\"https:\/\/klimavex.eu\/sk\/wp-content\/uploads\/2025\/09\/TEgcm2rjhpogEUyZFIT9miZY-RFe7waTVRmKTvRAXQY-9.jpeg\",\"contentUrl\":\"https:\/\/klimavex.eu\/sk\/wp-content\/uploads\/2025\/09\/TEgcm2rjhpogEUyZFIT9miZY-RFe7waTVRmKTvRAXQY-9.jpeg\",\"width\":908,\"height\":470},{\"@type\":\"BreadcrumbList\",\"@id\":\"https:\/\/klimavex.eu\/sk\/katalog\/hyundai-vrf-potrubna-nizkotlakova-jednotka-hvsi-90t3arc\/#breadcrumb\",\"itemListElement\":[{\"@type\":\"ListItem\",\"position\":1,\"name\":\"Domovsk\u00e1 str\u00e1nka\",\"item\":\"https:\/\/klimavex.eu\/sk\/\"},{\"@type\":\"ListItem\",\"position\":2,\"name\":\"Eshop\",\"item\":\"https:\/\/klimavex.eu\/sk\/eshop\/\"},{\"@type\":\"ListItem\",\"position\":3,\"name\":\"Hyundai VRF potrubn\u00e1 n\u00edzkotlakov\u00e1 jednotka HVSI-90T3ARC\"}]},{\"@type\":\"WebSite\",\"@id\":\"https:\/\/klimavex.eu\/sk\/#website\",\"url\":\"https:\/\/klimavex.eu\/sk\/\",\"name\":\"KLIMAVEX GROUP - Slovensko\",\"description\":\"\",\"publisher\":{\"@id\":\"https:\/\/klimavex.eu\/sk\/#organization\"},\"alternateName\":\"KLIMAVEX a.s.\",\"potentialAction\":[{\"@type\":\"SearchAction\",\"target\":{\"@type\":\"EntryPoint\",\"urlTemplate\":\"https:\/\/klimavex.eu\/sk\/?s={search_term_string}\"},\"query-input\":{\"@type\":\"PropertyValueSpecification\",\"valueRequired\":true,\"valueName\":\"search_term_string\"}}],\"inLanguage\":\"sk-SK\"},{\"@type\":\"Organization\",\"@id\":\"https:\/\/klimavex.eu\/sk\/#organization\",\"name\":\"KLIMAVEX GROUP\",\"alternateName\":\"KLIMAVEX a.s.\",\"url\":\"https:\/\/klimavex.eu\/sk\/\",\"logo\":{\"@type\":\"ImageObject\",\"inLanguage\":\"sk-SK\",\"@id\":\"https:\/\/klimavex.eu\/sk\/#\/schema\/logo\/image\/\",\"url\":\"https:\/\/klimavex.eu\/sk\/wp-content\/uploads\/2024\/04\/Klimavex-Group-logo.png\",\"contentUrl\":\"https:\/\/klimavex.eu\/sk\/wp-content\/uploads\/2024\/04\/Klimavex-Group-logo.png\",\"width\":1681,\"height\":472,\"caption\":\"KLIMAVEX GROUP\"},\"image\":{\"@id\":\"https:\/\/klimavex.eu\/sk\/#\/schema\/logo\/image\/\"},\"sameAs\":[\"https:\/\/www.facebook.com\/klimavex\",\"https:\/\/www.instagram.com\/klimavex_sk\/\"]}]}<\/script>\n<!-- \/ Yoast SEO plugin. -->","yoast_head_json":{"title":"Klimatiz\u00e1cia Hyundai VRF vn\u00fatorn\u00e1 potrubn\u00e1 n\u00edzkotlakov\u00e1 90T3ARC 9kW - KLIMAVEX GROUP - Slovensko","robots":{"index":"index","follow":"follow","max-snippet":"max-snippet:-1","max-image-preview":"max-image-preview:large","max-video-preview":"max-video-preview:-1"},"canonical":"https:\/\/klimavex.eu\/sk\/katalog\/hyundai-vrf-potrubna-nizkotlakova-jednotka-hvsi-90t3arc\/","og_locale":"sk_SK","og_type":"article","og_title":"Klimatiz\u00e1cia Hyundai VRF vn\u00fatorn\u00e1 potrubn\u00e1 n\u00edzkotlakov\u00e1 90T3ARC 9kW - KLIMAVEX GROUP - Slovensko","og_description":"Model VRF Hyundai ARC je VRF vn&uacute;torn&aacute; potrubn&aacute; n&iacute;zkotlakov&aacute; jednotka, ktor&aacute; je vhodn&aacute; pre skryt&uacute; in&scaron;tal&aacute;ciu do falo&scaron;n&eacute;ho stropu. Pon&uacute;ka tich&uacute; prev&aacute;dzku od 22 dB(A), jednoduch&uacute; in&scaron;tal&aacute;ciu, &scaron;irok&uacute; &scaron;k&aacute;lu jednotiek s r&ocirc;znym v&yacute;konom, nomin&aacute;lny extern&yacute; statick&yacute; tlak 10 Pa a\u017e 20 Pa a zabudovan&eacute; \u010derpadlo kondenz&aacute;tu. Aplik&aacute;cia je v z&aacute;vislosti od zvolenej vonkaj&scaron;ej jednotky mo\u017en&aacute; do bytov&yacute;ch domov, kancel&aacute;ri&iacute;, v&auml;\u010d&scaron;&iacute;ch komer\u010dn&yacute;ch budov \u010di priemyseln&yacute;ch h&aacute;l.","og_url":"https:\/\/klimavex.eu\/sk\/katalog\/hyundai-vrf-potrubna-nizkotlakova-jednotka-hvsi-90t3arc\/","og_site_name":"KLIMAVEX GROUP - Slovensko","article_publisher":"https:\/\/www.facebook.com\/klimavex","article_modified_time":"2026-03-31T16:30:24+00:00","og_image":[{"width":908,"height":470,"url":"https:\/\/klimavex.eu\/sk\/wp-content\/uploads\/2025\/09\/TEgcm2rjhpogEUyZFIT9miZY-RFe7waTVRmKTvRAXQY-9.jpeg","type":"image\/jpeg"}],"twitter_card":"summary_large_image","schema":{"@context":"https:\/\/schema.org","@graph":[{"@type":"WebPage","@id":"https:\/\/klimavex.eu\/sk\/katalog\/hyundai-vrf-potrubna-nizkotlakova-jednotka-hvsi-90t3arc\/","url":"https:\/\/klimavex.eu\/sk\/katalog\/hyundai-vrf-potrubna-nizkotlakova-jednotka-hvsi-90t3arc\/","name":"Klimatiz\u00e1cia Hyundai VRF vn\u00fatorn\u00e1 potrubn\u00e1 n\u00edzkotlakov\u00e1 90T3ARC 9kW - KLIMAVEX GROUP - Slovensko","isPartOf":{"@id":"https:\/\/klimavex.eu\/sk\/#website"},"primaryImageOfPage":{"@id":"https:\/\/klimavex.eu\/sk\/katalog\/hyundai-vrf-potrubna-nizkotlakova-jednotka-hvsi-90t3arc\/#primaryimage"},"image":{"@id":"https:\/\/klimavex.eu\/sk\/katalog\/hyundai-vrf-potrubna-nizkotlakova-jednotka-hvsi-90t3arc\/#primaryimage"},"thumbnailUrl":"https:\/\/klimavex.eu\/sk\/wp-content\/uploads\/2025\/09\/TEgcm2rjhpogEUyZFIT9miZY-RFe7waTVRmKTvRAXQY-9.jpeg","datePublished":"2026-03-31T16:29:47+00:00","dateModified":"2026-03-31T16:30:24+00:00","breadcrumb":{"@id":"https:\/\/klimavex.eu\/sk\/katalog\/hyundai-vrf-potrubna-nizkotlakova-jednotka-hvsi-90t3arc\/#breadcrumb"},"inLanguage":"sk-SK","potentialAction":[{"@type":"ReadAction","target":["https:\/\/klimavex.eu\/sk\/katalog\/hyundai-vrf-potrubna-nizkotlakova-jednotka-hvsi-90t3arc\/"]}]},{"@type":"ImageObject","inLanguage":"sk-SK","@id":"https:\/\/klimavex.eu\/sk\/katalog\/hyundai-vrf-potrubna-nizkotlakova-jednotka-hvsi-90t3arc\/#primaryimage","url":"https:\/\/klimavex.eu\/sk\/wp-content\/uploads\/2025\/09\/TEgcm2rjhpogEUyZFIT9miZY-RFe7waTVRmKTvRAXQY-9.jpeg","contentUrl":"https:\/\/klimavex.eu\/sk\/wp-content\/uploads\/2025\/09\/TEgcm2rjhpogEUyZFIT9miZY-RFe7waTVRmKTvRAXQY-9.jpeg","width":908,"height":470},{"@type":"BreadcrumbList","@id":"https:\/\/klimavex.eu\/sk\/katalog\/hyundai-vrf-potrubna-nizkotlakova-jednotka-hvsi-90t3arc\/#breadcrumb","itemListElement":[{"@type":"ListItem","position":1,"name":"Domovsk\u00e1 str\u00e1nka","item":"https:\/\/klimavex.eu\/sk\/"},{"@type":"ListItem","position":2,"name":"Eshop","item":"https:\/\/klimavex.eu\/sk\/eshop\/"},{"@type":"ListItem","position":3,"name":"Hyundai VRF potrubn\u00e1 n\u00edzkotlakov\u00e1 jednotka HVSI-90T3ARC"}]},{"@type":"WebSite","@id":"https:\/\/klimavex.eu\/sk\/#website","url":"https:\/\/klimavex.eu\/sk\/","name":"KLIMAVEX GROUP - Slovensko","description":"","publisher":{"@id":"https:\/\/klimavex.eu\/sk\/#organization"},"alternateName":"KLIMAVEX a.s.","potentialAction":[{"@type":"SearchAction","target":{"@type":"EntryPoint","urlTemplate":"https:\/\/klimavex.eu\/sk\/?s={search_term_string}"},"query-input":{"@type":"PropertyValueSpecification","valueRequired":true,"valueName":"search_term_string"}}],"inLanguage":"sk-SK"},{"@type":"Organization","@id":"https:\/\/klimavex.eu\/sk\/#organization","name":"KLIMAVEX GROUP","alternateName":"KLIMAVEX a.s.","url":"https:\/\/klimavex.eu\/sk\/","logo":{"@type":"ImageObject","inLanguage":"sk-SK","@id":"https:\/\/klimavex.eu\/sk\/#\/schema\/logo\/image\/","url":"https:\/\/klimavex.eu\/sk\/wp-content\/uploads\/2024\/04\/Klimavex-Group-logo.png","contentUrl":"https:\/\/klimavex.eu\/sk\/wp-content\/uploads\/2024\/04\/Klimavex-Group-logo.png","width":1681,"height":472,"caption":"KLIMAVEX GROUP"},"image":{"@id":"https:\/\/klimavex.eu\/sk\/#\/schema\/logo\/image\/"},"sameAs":["https:\/\/www.facebook.com\/klimavex","https:\/\/www.instagram.com\/klimavex_sk\/"]}]}},"_links":{"self":[{"href":"https:\/\/klimavex.eu\/sk\/wp-json\/wp\/v2\/product\/476601","targetHints":{"allow":["GET"]}}],"collection":[{"href":"https:\/\/klimavex.eu\/sk\/wp-json\/wp\/v2\/product"}],"about":[{"href":"https:\/\/klimavex.eu\/sk\/wp-json\/wp\/v2\/types\/product"}],"version-history":[{"count":0,"href":"https:\/\/klimavex.eu\/sk\/wp-json\/wp\/v2\/product\/476601\/revisions"}],"wp:featuredmedia":[{"embeddable":true,"href":"https:\/\/klimavex.eu\/sk\/wp-json\/wp\/v2\/media\/481607"}],"wp:attachment":[{"href":"https:\/\/klimavex.eu\/sk\/wp-json\/wp\/v2\/media?parent=476601"}],"wp:term":[{"taxonomy":"product_cat","embeddable":true,"href":"https:\/\/klimavex.eu\/sk\/wp-json\/wp\/v2\/product_cat?post=476601"},{"taxonomy":"product_tag","embeddable":true,"href":"https:\/\/klimavex.eu\/sk\/wp-json\/wp\/v2\/product_tag?post=476601"}],"curies":[{"name":"wp","href":"https:\/\/api.w.org\/{rel}","templated":true}]}}