{"id":476610,"date":"2026-04-27T22:52:49","date_gmt":"2026-04-27T20:52:49","guid":{"rendered":"https:\/\/klimavex.eu\/sk\/katalog\/panasonic-cz-rws3-cz-rwru3w-infracerveny-dialkovy-ovladac-a-prijimac-pre-4-cestnu-kazetu-90x90\/"},"modified":"2026-04-27T22:53:33","modified_gmt":"2026-04-27T20:53:33","slug":"prislusenstvo-panasonic-infraovladac-a-prijimac-pre-4-cestne-kazety-90x90-paci-nx-vrf-rwru3w","status":"publish","type":"product","link":"https:\/\/klimavex.eu\/sk\/katalog\/prislusenstvo-panasonic-infraovladac-a-prijimac-pre-4-cestne-kazety-90x90-paci-nx-vrf-rwru3w\/","title":{"rendered":"Pr\u00edslu\u0161enstvo Panasonic infraovl\u00e1da\u010d a prij\u00edma\u010d pre 4-cestn\u00e9 kazety 90&#215;90 (PACi NX, VRF) RWRU3W"},"content":{"rendered":"","protected":false},"excerpt":{"rendered":"<p>Infra\u010derven\u00fd dia\u013ekov\u00fd ovl\u00e1da\u010d a prij\u00edma\u010d pre 4-cestn\u00fa kazetov\u00fa jednotku 90 \u00d7 90.<\/p>\n","protected":false},"featured_media":481692,"template":"","meta":[],"product_cat":[6069,6070,6056],"product_tag":[],"class_list":{"0":"post-476610","1":"product","2":"type-product","3":"status-publish","4":"has-post-thumbnail","6":"product_cat-klimatizacie-archivovane-produkty","7":"product_cat-archivovane-produkty-klimatizacie","8":"product_cat-archivovane-produkty","9":"pa_znacka-panasonic","11":"first","12":"outofstock","13":"taxable","14":"shipping-taxable","15":"purchasable","16":"product-type-simple"},"yoast_head":"<!-- This site is optimized with the Yoast SEO plugin v23.9 - https:\/\/yoast.com\/wordpress\/plugins\/seo\/ -->\n<title>Pr\u00edslu\u0161enstvo Panasonic infraovl\u00e1da\u010d a prij\u00edma\u010d pre 4-cestn\u00e9 kazety 90x90 (PACi NX, VRF) RWRU3W - KLIMAVEX GROUP - Slovensko<\/title>\n<meta name=\"robots\" content=\"index, follow, max-snippet:-1, max-image-preview:large, max-video-preview:-1\" \/>\n<link rel=\"canonical\" href=\"https:\/\/klimavex.eu\/sk\/katalog\/panasonic-cz-rws3-cz-rwru3w-infracerveny-dialkovy-ovladac-a-prijimac-pre-4-cestnu-kazetu-90x90\/\" \/>\n<meta property=\"og:locale\" content=\"sk_SK\" \/>\n<meta property=\"og:type\" content=\"article\" \/>\n<meta property=\"og:title\" content=\"Pr\u00edslu\u0161enstvo Panasonic infraovl\u00e1da\u010d a prij\u00edma\u010d pre 4-cestn\u00e9 kazety 90x90 (PACi NX, VRF) RWRU3W - KLIMAVEX GROUP - Slovensko\" \/>\n<meta property=\"og:description\" content=\"Infra\u010derven\u00fd dia\u013ekov\u00fd ovl\u00e1da\u010d a prij\u00edma\u010d pre 4-cestn\u00fa kazetov\u00fa jednotku 90 \u00d7 90.\" \/>\n<meta property=\"og:url\" content=\"https:\/\/klimavex.eu\/sk\/katalog\/panasonic-cz-rws3-cz-rwru3w-infracerveny-dialkovy-ovladac-a-prijimac-pre-4-cestnu-kazetu-90x90\/\" \/>\n<meta property=\"og:site_name\" content=\"KLIMAVEX GROUP - Slovensko\" \/>\n<meta property=\"article:publisher\" content=\"https:\/\/www.facebook.com\/klimavex\" \/>\n<meta property=\"article:modified_time\" content=\"2026-04-27T20:53:33+00:00\" \/>\n<meta property=\"og:image\" content=\"https:\/\/klimavex.eu\/sk\/wp-content\/uploads\/2025\/09\/AAcaJJcZO3H7RipZ0pW0xkZm9EigOkJHCNCF5J0UQTU-1.png\" \/>\n\t<meta property=\"og:image:width\" content=\"512\" \/>\n\t<meta property=\"og:image:height\" content=\"1318\" \/>\n\t<meta property=\"og:image:type\" content=\"image\/png\" \/>\n<meta name=\"twitter:card\" content=\"summary_large_image\" \/>\n<script type=\"application\/ld+json\" class=\"yoast-schema-graph\">{\"@context\":\"https:\/\/schema.org\",\"@graph\":[{\"@type\":\"WebPage\",\"@id\":\"https:\/\/klimavex.eu\/sk\/katalog\/panasonic-cz-rws3-cz-rwru3w-infracerveny-dialkovy-ovladac-a-prijimac-pre-4-cestnu-kazetu-90x90\/\",\"url\":\"https:\/\/klimavex.eu\/sk\/katalog\/panasonic-cz-rws3-cz-rwru3w-infracerveny-dialkovy-ovladac-a-prijimac-pre-4-cestnu-kazetu-90x90\/\",\"name\":\"Pr\u00edslu\u0161enstvo Panasonic infraovl\u00e1da\u010d a prij\u00edma\u010d pre 4-cestn\u00e9 kazety 90x90 (PACi NX, VRF) RWRU3W - KLIMAVEX GROUP - Slovensko\",\"isPartOf\":{\"@id\":\"https:\/\/klimavex.eu\/sk\/#website\"},\"primaryImageOfPage\":{\"@id\":\"https:\/\/klimavex.eu\/sk\/katalog\/panasonic-cz-rws3-cz-rwru3w-infracerveny-dialkovy-ovladac-a-prijimac-pre-4-cestnu-kazetu-90x90\/#primaryimage\"},\"image\":{\"@id\":\"https:\/\/klimavex.eu\/sk\/katalog\/panasonic-cz-rws3-cz-rwru3w-infracerveny-dialkovy-ovladac-a-prijimac-pre-4-cestnu-kazetu-90x90\/#primaryimage\"},\"thumbnailUrl\":\"https:\/\/klimavex.eu\/sk\/wp-content\/uploads\/2025\/09\/AAcaJJcZO3H7RipZ0pW0xkZm9EigOkJHCNCF5J0UQTU-1.png\",\"datePublished\":\"2026-04-27T20:52:49+00:00\",\"dateModified\":\"2026-04-27T20:53:33+00:00\",\"breadcrumb\":{\"@id\":\"https:\/\/klimavex.eu\/sk\/katalog\/panasonic-cz-rws3-cz-rwru3w-infracerveny-dialkovy-ovladac-a-prijimac-pre-4-cestnu-kazetu-90x90\/#breadcrumb\"},\"inLanguage\":\"sk-SK\",\"potentialAction\":[{\"@type\":\"ReadAction\",\"target\":[\"https:\/\/klimavex.eu\/sk\/katalog\/panasonic-cz-rws3-cz-rwru3w-infracerveny-dialkovy-ovladac-a-prijimac-pre-4-cestnu-kazetu-90x90\/\"]}]},{\"@type\":\"ImageObject\",\"inLanguage\":\"sk-SK\",\"@id\":\"https:\/\/klimavex.eu\/sk\/katalog\/panasonic-cz-rws3-cz-rwru3w-infracerveny-dialkovy-ovladac-a-prijimac-pre-4-cestnu-kazetu-90x90\/#primaryimage\",\"url\":\"https:\/\/klimavex.eu\/sk\/wp-content\/uploads\/2025\/09\/AAcaJJcZO3H7RipZ0pW0xkZm9EigOkJHCNCF5J0UQTU-1.png\",\"contentUrl\":\"https:\/\/klimavex.eu\/sk\/wp-content\/uploads\/2025\/09\/AAcaJJcZO3H7RipZ0pW0xkZm9EigOkJHCNCF5J0UQTU-1.png\",\"width\":512,\"height\":1318},{\"@type\":\"BreadcrumbList\",\"@id\":\"https:\/\/klimavex.eu\/sk\/katalog\/panasonic-cz-rws3-cz-rwru3w-infracerveny-dialkovy-ovladac-a-prijimac-pre-4-cestnu-kazetu-90x90\/#breadcrumb\",\"itemListElement\":[{\"@type\":\"ListItem\",\"position\":1,\"name\":\"Domovsk\u00e1 str\u00e1nka\",\"item\":\"https:\/\/klimavex.eu\/sk\/\"},{\"@type\":\"ListItem\",\"position\":2,\"name\":\"Eshop\",\"item\":\"https:\/\/klimavex.eu\/sk\/eshop\/\"},{\"@type\":\"ListItem\",\"position\":3,\"name\":\"Panasonic CZ-RWS3 + CZ-RWRU3W Infra\u010derven\u00fd dia\u013ekov\u00fd ovl\u00e1da\u010d a prij\u00edma\u010d pre 4-cestn\u00fa kazetu 90&#215;90\"}]},{\"@type\":\"WebSite\",\"@id\":\"https:\/\/klimavex.eu\/sk\/#website\",\"url\":\"https:\/\/klimavex.eu\/sk\/\",\"name\":\"KLIMAVEX GROUP - Slovensko\",\"description\":\"\",\"publisher\":{\"@id\":\"https:\/\/klimavex.eu\/sk\/#organization\"},\"alternateName\":\"KLIMAVEX a.s.\",\"potentialAction\":[{\"@type\":\"SearchAction\",\"target\":{\"@type\":\"EntryPoint\",\"urlTemplate\":\"https:\/\/klimavex.eu\/sk\/?s={search_term_string}\"},\"query-input\":{\"@type\":\"PropertyValueSpecification\",\"valueRequired\":true,\"valueName\":\"search_term_string\"}}],\"inLanguage\":\"sk-SK\"},{\"@type\":\"Organization\",\"@id\":\"https:\/\/klimavex.eu\/sk\/#organization\",\"name\":\"KLIMAVEX GROUP\",\"alternateName\":\"KLIMAVEX a.s.\",\"url\":\"https:\/\/klimavex.eu\/sk\/\",\"logo\":{\"@type\":\"ImageObject\",\"inLanguage\":\"sk-SK\",\"@id\":\"https:\/\/klimavex.eu\/sk\/#\/schema\/logo\/image\/\",\"url\":\"https:\/\/klimavex.eu\/sk\/wp-content\/uploads\/2024\/04\/Klimavex-Group-logo.png\",\"contentUrl\":\"https:\/\/klimavex.eu\/sk\/wp-content\/uploads\/2024\/04\/Klimavex-Group-logo.png\",\"width\":1681,\"height\":472,\"caption\":\"KLIMAVEX GROUP\"},\"image\":{\"@id\":\"https:\/\/klimavex.eu\/sk\/#\/schema\/logo\/image\/\"},\"sameAs\":[\"https:\/\/www.facebook.com\/klimavex\",\"https:\/\/www.instagram.com\/klimavex_sk\/\"]}]}<\/script>\n<!-- \/ Yoast SEO plugin. -->","yoast_head_json":{"title":"Pr\u00edslu\u0161enstvo Panasonic infraovl\u00e1da\u010d a prij\u00edma\u010d pre 4-cestn\u00e9 kazety 90x90 (PACi NX, VRF) RWRU3W - KLIMAVEX GROUP - Slovensko","robots":{"index":"index","follow":"follow","max-snippet":"max-snippet:-1","max-image-preview":"max-image-preview:large","max-video-preview":"max-video-preview:-1"},"canonical":"https:\/\/klimavex.eu\/sk\/katalog\/panasonic-cz-rws3-cz-rwru3w-infracerveny-dialkovy-ovladac-a-prijimac-pre-4-cestnu-kazetu-90x90\/","og_locale":"sk_SK","og_type":"article","og_title":"Pr\u00edslu\u0161enstvo Panasonic infraovl\u00e1da\u010d a prij\u00edma\u010d pre 4-cestn\u00e9 kazety 90x90 (PACi NX, VRF) RWRU3W - KLIMAVEX GROUP - Slovensko","og_description":"Infra\u010derven\u00fd dia\u013ekov\u00fd ovl\u00e1da\u010d a prij\u00edma\u010d pre 4-cestn\u00fa kazetov\u00fa jednotku 90 \u00d7 90.","og_url":"https:\/\/klimavex.eu\/sk\/katalog\/panasonic-cz-rws3-cz-rwru3w-infracerveny-dialkovy-ovladac-a-prijimac-pre-4-cestnu-kazetu-90x90\/","og_site_name":"KLIMAVEX GROUP - Slovensko","article_publisher":"https:\/\/www.facebook.com\/klimavex","article_modified_time":"2026-04-27T20:53:33+00:00","og_image":[{"width":512,"height":1318,"url":"https:\/\/klimavex.eu\/sk\/wp-content\/uploads\/2025\/09\/AAcaJJcZO3H7RipZ0pW0xkZm9EigOkJHCNCF5J0UQTU-1.png","type":"image\/png"}],"twitter_card":"summary_large_image","schema":{"@context":"https:\/\/schema.org","@graph":[{"@type":"WebPage","@id":"https:\/\/klimavex.eu\/sk\/katalog\/panasonic-cz-rws3-cz-rwru3w-infracerveny-dialkovy-ovladac-a-prijimac-pre-4-cestnu-kazetu-90x90\/","url":"https:\/\/klimavex.eu\/sk\/katalog\/panasonic-cz-rws3-cz-rwru3w-infracerveny-dialkovy-ovladac-a-prijimac-pre-4-cestnu-kazetu-90x90\/","name":"Pr\u00edslu\u0161enstvo Panasonic infraovl\u00e1da\u010d a prij\u00edma\u010d pre 4-cestn\u00e9 kazety 90x90 (PACi NX, VRF) RWRU3W - KLIMAVEX GROUP - Slovensko","isPartOf":{"@id":"https:\/\/klimavex.eu\/sk\/#website"},"primaryImageOfPage":{"@id":"https:\/\/klimavex.eu\/sk\/katalog\/panasonic-cz-rws3-cz-rwru3w-infracerveny-dialkovy-ovladac-a-prijimac-pre-4-cestnu-kazetu-90x90\/#primaryimage"},"image":{"@id":"https:\/\/klimavex.eu\/sk\/katalog\/panasonic-cz-rws3-cz-rwru3w-infracerveny-dialkovy-ovladac-a-prijimac-pre-4-cestnu-kazetu-90x90\/#primaryimage"},"thumbnailUrl":"https:\/\/klimavex.eu\/sk\/wp-content\/uploads\/2025\/09\/AAcaJJcZO3H7RipZ0pW0xkZm9EigOkJHCNCF5J0UQTU-1.png","datePublished":"2026-04-27T20:52:49+00:00","dateModified":"2026-04-27T20:53:33+00:00","breadcrumb":{"@id":"https:\/\/klimavex.eu\/sk\/katalog\/panasonic-cz-rws3-cz-rwru3w-infracerveny-dialkovy-ovladac-a-prijimac-pre-4-cestnu-kazetu-90x90\/#breadcrumb"},"inLanguage":"sk-SK","potentialAction":[{"@type":"ReadAction","target":["https:\/\/klimavex.eu\/sk\/katalog\/panasonic-cz-rws3-cz-rwru3w-infracerveny-dialkovy-ovladac-a-prijimac-pre-4-cestnu-kazetu-90x90\/"]}]},{"@type":"ImageObject","inLanguage":"sk-SK","@id":"https:\/\/klimavex.eu\/sk\/katalog\/panasonic-cz-rws3-cz-rwru3w-infracerveny-dialkovy-ovladac-a-prijimac-pre-4-cestnu-kazetu-90x90\/#primaryimage","url":"https:\/\/klimavex.eu\/sk\/wp-content\/uploads\/2025\/09\/AAcaJJcZO3H7RipZ0pW0xkZm9EigOkJHCNCF5J0UQTU-1.png","contentUrl":"https:\/\/klimavex.eu\/sk\/wp-content\/uploads\/2025\/09\/AAcaJJcZO3H7RipZ0pW0xkZm9EigOkJHCNCF5J0UQTU-1.png","width":512,"height":1318},{"@type":"BreadcrumbList","@id":"https:\/\/klimavex.eu\/sk\/katalog\/panasonic-cz-rws3-cz-rwru3w-infracerveny-dialkovy-ovladac-a-prijimac-pre-4-cestnu-kazetu-90x90\/#breadcrumb","itemListElement":[{"@type":"ListItem","position":1,"name":"Domovsk\u00e1 str\u00e1nka","item":"https:\/\/klimavex.eu\/sk\/"},{"@type":"ListItem","position":2,"name":"Eshop","item":"https:\/\/klimavex.eu\/sk\/eshop\/"},{"@type":"ListItem","position":3,"name":"Panasonic CZ-RWS3 + CZ-RWRU3W Infra\u010derven\u00fd dia\u013ekov\u00fd ovl\u00e1da\u010d a prij\u00edma\u010d pre 4-cestn\u00fa kazetu 90&#215;90"}]},{"@type":"WebSite","@id":"https:\/\/klimavex.eu\/sk\/#website","url":"https:\/\/klimavex.eu\/sk\/","name":"KLIMAVEX GROUP - Slovensko","description":"","publisher":{"@id":"https:\/\/klimavex.eu\/sk\/#organization"},"alternateName":"KLIMAVEX a.s.","potentialAction":[{"@type":"SearchAction","target":{"@type":"EntryPoint","urlTemplate":"https:\/\/klimavex.eu\/sk\/?s={search_term_string}"},"query-input":{"@type":"PropertyValueSpecification","valueRequired":true,"valueName":"search_term_string"}}],"inLanguage":"sk-SK"},{"@type":"Organization","@id":"https:\/\/klimavex.eu\/sk\/#organization","name":"KLIMAVEX GROUP","alternateName":"KLIMAVEX a.s.","url":"https:\/\/klimavex.eu\/sk\/","logo":{"@type":"ImageObject","inLanguage":"sk-SK","@id":"https:\/\/klimavex.eu\/sk\/#\/schema\/logo\/image\/","url":"https:\/\/klimavex.eu\/sk\/wp-content\/uploads\/2024\/04\/Klimavex-Group-logo.png","contentUrl":"https:\/\/klimavex.eu\/sk\/wp-content\/uploads\/2024\/04\/Klimavex-Group-logo.png","width":1681,"height":472,"caption":"KLIMAVEX GROUP"},"image":{"@id":"https:\/\/klimavex.eu\/sk\/#\/schema\/logo\/image\/"},"sameAs":["https:\/\/www.facebook.com\/klimavex","https:\/\/www.instagram.com\/klimavex_sk\/"]}]}},"_links":{"self":[{"href":"https:\/\/klimavex.eu\/sk\/wp-json\/wp\/v2\/product\/476610","targetHints":{"allow":["GET"]}}],"collection":[{"href":"https:\/\/klimavex.eu\/sk\/wp-json\/wp\/v2\/product"}],"about":[{"href":"https:\/\/klimavex.eu\/sk\/wp-json\/wp\/v2\/types\/product"}],"version-history":[{"count":0,"href":"https:\/\/klimavex.eu\/sk\/wp-json\/wp\/v2\/product\/476610\/revisions"}],"wp:featuredmedia":[{"embeddable":true,"href":"https:\/\/klimavex.eu\/sk\/wp-json\/wp\/v2\/media\/481692"}],"wp:attachment":[{"href":"https:\/\/klimavex.eu\/sk\/wp-json\/wp\/v2\/media?parent=476610"}],"wp:term":[{"taxonomy":"product_cat","embeddable":true,"href":"https:\/\/klimavex.eu\/sk\/wp-json\/wp\/v2\/product_cat?post=476610"},{"taxonomy":"product_tag","embeddable":true,"href":"https:\/\/klimavex.eu\/sk\/wp-json\/wp\/v2\/product_tag?post=476610"}],"curies":[{"name":"wp","href":"https:\/\/api.w.org\/{rel}","templated":true}]}}